{"id":304,"date":"2024-10-21T14:21:00","date_gmt":"2024-10-21T14:21:00","guid":{"rendered":"https:\/\/www.eoimoratalaz.disercom.es\/?page_id=304"},"modified":"2026-04-07T18:11:16","modified_gmt":"2026-04-07T16:11:16","slug":"quienes-somos","status":"publish","type":"page","link":"https:\/\/site.educa.madrid.org\/eoi.extmoratalaz-ptevallecas.madrid\/index.php\/quienes-somos\/","title":{"rendered":"Qui\u00e9nes somos"},"content":{"rendered":"\n<div style=\"height:63px\" aria-hidden=\"true\" class=\"wp-block-spacer\"><\/div>\n\n\n\n<div class=\"wp-block-media-text has-media-on-the-right is-stacked-on-mobile\" style=\"grid-template-columns:auto 37%\"><div class=\"wp-block-media-text__content\">\n<p>La Extensi\u00f3n en Puente de Vallecas de la EOI Moratalaz comenz\u00f3 su a impartir clases en 2006. Ense\u00f1amos ingl\u00e9s y franc\u00e9s. <\/p>\n\n\n\n<p>Estamos a punto de cumplir ya 20 a\u00f1os. Llevamos en Ronda Sur 229  casi desde el principio, en 2009.  En esta sede se rodaron varias de las secuencias de la popular pel\u00edcula \u00abCampeones\u00bb.<\/p>\n\n\n\n<p>Todas nuestras clases se imparten en horario de tarde.<\/p>\n\n\n\n<p>La mayor\u00eda de nuestros grupos son anuales, presenciales y en d\u00edas alternos&nbsp;(lunes-mi\u00e9rcoles, martes-jueves)&nbsp; de 16:30 a 19:00, de 18:00 a 20:30 y de 19:00 a 21:30 horas.<\/p>\n\n\n\n<p>Compartimos edificio con el Colegio concertado <a href=\"https:\/\/www.asociacionsipuedo.com\/\">Los \u00c1lamos<\/a>. <\/p>\n\n\n\n<p>Nuestro claustro y consejo escolar es tambi\u00e9n el de nuestra escuela \u00abmadre\u00bb la<a href=\"https:\/\/site.educa.madrid.org\/eoi.moratalaz.madrid\/\"> EOI Madrid Moratalaz<\/a><\/p>\n<\/div><figure class=\"wp-block-media-text__media\"><img loading=\"lazy\" decoding=\"async\" width=\"768\" height=\"1024\" src=\"https:\/\/site.educa.madrid.org\/eoi.extmoratalaz-ptevallecas.madrid\/\/wp-content\/uploads\/eoi.extmoratalaz-ptevallecas.madrid\/2024\/11\/20170427_182615-768x1024.jpg\" alt=\"\" class=\"wp-image-2220 size-full\" srcset=\"https:\/\/site.educa.madrid.org\/eoi.extmoratalaz-ptevallecas.madrid\/\/wp-content\/uploads\/eoi.extmoratalaz-ptevallecas.madrid\/2024\/11\/20170427_182615-768x1024.jpg 768w, https:\/\/site.educa.madrid.org\/eoi.extmoratalaz-ptevallecas.madrid\/\/wp-content\/uploads\/eoi.extmoratalaz-ptevallecas.madrid\/2024\/11\/20170427_182615-225x300.jpg 225w, https:\/\/site.educa.madrid.org\/eoi.extmoratalaz-ptevallecas.madrid\/\/wp-content\/uploads\/eoi.extmoratalaz-ptevallecas.madrid\/2024\/11\/20170427_182615-300x400.jpg 300w, https:\/\/site.educa.madrid.org\/eoi.extmoratalaz-ptevallecas.madrid\/\/wp-content\/uploads\/eoi.extmoratalaz-ptevallecas.madrid\/2024\/11\/20170427_182615-1152x1536.jpg 1152w, https:\/\/site.educa.madrid.org\/eoi.extmoratalaz-ptevallecas.madrid\/\/wp-content\/uploads\/eoi.extmoratalaz-ptevallecas.madrid\/2024\/11\/20170427_182615-1536x2048.jpg 1536w, https:\/\/site.educa.madrid.org\/eoi.extmoratalaz-ptevallecas.madrid\/\/wp-content\/uploads\/eoi.extmoratalaz-ptevallecas.madrid\/2024\/11\/20170427_182615-scaled.jpg 1920w\" sizes=\"auto, (max-width: 768px) 100vw, 768px\" \/><\/figure><\/div>\n\n\n\n<div style=\"height:13px\" aria-hidden=\"true\" class=\"wp-block-spacer\"><\/div>\n\n\n\n<blockquote class=\"wp-block-quote is-layout-flow wp-block-quote-is-layout-flow\">\n<p><\/p>\n\n\n<div id=\"pl-gb304-6a039a6fc784c\"  class=\"panel-layout panel-layout\" ><div id=\"pg-gb304-6a039a6fc784c-0\"  class=\"panel-grid panel-no-style\"  data-style=\"{&quot;background_image_attachment&quot;:false,&quot;background_display&quot;:&quot;tile&quot;,&quot;background_image_size&quot;:&quot;full&quot;,&quot;background_image_opacity&quot;:&quot;100&quot;,&quot;border_thickness&quot;:&quot;1px&quot;,&quot;full_height&quot;:&quot;&quot;,&quot;cell_alignment&quot;:&quot;flex-start&quot;,&quot;link_overlay_new_window&quot;:&quot;&quot;}\" ><div id=\"pgc-gb304-6a039a6fc784c-0-0\"  class=\"panel-grid-cell\"  data-weight=\"0.33333333333333\" ><div id=\"panel-gb304-6a039a6fc784c-0-0-0\" class=\"so-panel widget widget_sow-button panel-first-child panel-last-child\" data-index=\"0\" data-style=\"{&quot;background_image_attachment&quot;:false,&quot;background_display&quot;:&quot;tile&quot;,&quot;background_image_size&quot;:&quot;full&quot;,&quot;background_image_opacity&quot;:&quot;100&quot;,&quot;border_thickness&quot;:&quot;1px&quot;,&quot;link_overlay_new_window&quot;:&quot;&quot;}\" ><div\n\t\t\t\n\t\t\tclass=\"so-widget-sow-button so-widget-sow-button-flat-c4c2fadb638d\"\n\t\t\t\n\t\t><div class=\"ow-button-base ow-button-align-center\">\n\t<a\n\thref=\"https:\/\/site.educa.madrid.org\/eoi.extmoratalaz-ptevallecas.madrid\/index.php\/personal-del-centro\/\"\n\t\tclass=\"ow-icon-placement-left ow-button-hover\" \t>\n\t\t<span>\n\t\t\t\n\t\t\tPersonal\t\t<\/span>\n\t<\/a>\n<\/div>\n<\/div><\/div><\/div><div id=\"pgc-gb304-6a039a6fc784c-0-1\"  class=\"panel-grid-cell\"  data-weight=\"0.33333333333333\" ><div id=\"panel-gb304-6a039a6fc784c-0-1-0\" class=\"so-panel widget widget_sow-button panel-first-child panel-last-child\" data-index=\"1\" data-style=\"{&quot;background_image_attachment&quot;:false,&quot;background_display&quot;:&quot;tile&quot;,&quot;background_image_size&quot;:&quot;full&quot;,&quot;background_image_opacity&quot;:&quot;100&quot;,&quot;border_thickness&quot;:&quot;1px&quot;,&quot;link_overlay_new_window&quot;:&quot;&quot;}\" ><div\n\t\t\t\n\t\t\tclass=\"so-widget-sow-button so-widget-sow-button-flat-c4c2fadb638d\"\n\t\t\t\n\t\t><div class=\"ow-button-base ow-button-align-center\">\n\t<a\n\thref=\"https:\/\/site.educa.madrid.org\/eoi.moratalaz.madrid\/index.php\/2025\/10\/14\/renovacion-consejo-escolar\/\"\n\t\tclass=\"ow-icon-placement-left ow-button-hover\" target=\"_blank\" rel=\"noopener noreferrer\" \t>\n\t\t<span>\n\t\t\t\n\t\t\tConsejo Escolar\t\t<\/span>\n\t<\/a>\n<\/div>\n<\/div><\/div><\/div><div id=\"pgc-gb304-6a039a6fc784c-0-2\"  class=\"panel-grid-cell\"  data-weight=\"0.33333333333333\" ><div id=\"panel-gb304-6a039a6fc784c-0-2-0\" class=\"so-panel widget widget_sow-button panel-first-child panel-last-child\" data-index=\"2\" data-style=\"{&quot;background_image_attachment&quot;:false,&quot;background_display&quot;:&quot;tile&quot;,&quot;background_image_size&quot;:&quot;full&quot;,&quot;background_image_opacity&quot;:&quot;100&quot;,&quot;border_thickness&quot;:&quot;1px&quot;,&quot;link_overlay_new_window&quot;:&quot;&quot;}\" ><div\n\t\t\t\n\t\t\tclass=\"so-widget-sow-button so-widget-sow-button-flat-c4c2fadb638d\"\n\t\t\t\n\t\t><div class=\"ow-button-base ow-button-align-center\">\n\t<a\n\thref=\"https:\/\/site.educa.madrid.org\/eoi.extmoratalaz-ptevallecas.madrid\/index.php\/2024\/11\/10\/equipo-directivo\/\"\n\t\tclass=\"ow-icon-placement-left ow-button-hover\" target=\"_blank\" rel=\"noopener noreferrer\" \t>\n\t\t<span>\n\t\t\t\n\t\t\tEquipo directivo\t\t<\/span>\n\t<\/a>\n<\/div>\n<\/div><\/div><\/div><\/div><\/div><\/blockquote>\n\n\n\n<div style=\"height:13px\" aria-hidden=\"true\" class=\"wp-block-spacer\"><\/div>\n\n\n<!--Smart Slider #2 does NOT EXIST or has NO SLIDES!WordPress Shortcode-->","protected":false},"excerpt":{"rendered":"<p>La Extensi\u00f3n en Puente de Vallecas de la EOI Moratalaz comenz\u00f3 su a impartir clases en 2006. Ense\u00f1amos ingl\u00e9s y franc\u00e9s. Estamos a punto de cumplir ya 20 a\u00f1os. Llevamos &#8230;<\/p>\n","protected":false},"author":2,"featured_media":0,"parent":0,"menu_order":0,"comment_status":"closed","ping_status":"closed","template":"","meta":{"footnotes":""},"folder":[],"class_list":["post-304","page","type-page","status-publish","hentry"],"rttpg_featured_image_url":null,"rttpg_author":{"display_name":"tic.eoi.extmoratalaz-ptevallecas.madrid","author_link":"https:\/\/site.educa.madrid.org\/eoi.extmoratalaz-ptevallecas.madrid\/index.php\/author\/cuenta_tic-eoi-extmoratalaz-ptevallecas-madrid\/"},"rttpg_comment":0,"rttpg_category":false,"rttpg_excerpt":"La Extensi\u00f3n en Puente de Vallecas de la EOI Moratalaz comenz\u00f3 su a impartir clases en 2006. Ense\u00f1amos ingl\u00e9s y franc\u00e9s. Estamos a punto de cumplir ya 20 a\u00f1os. Llevamos ...","post_mailing_queue_ids":[],"_links":{"self":[{"href":"https:\/\/site.educa.madrid.org\/eoi.extmoratalaz-ptevallecas.madrid\/index.php\/wp-json\/wp\/v2\/pages\/304","targetHints":{"allow":["GET"]}}],"collection":[{"href":"https:\/\/site.educa.madrid.org\/eoi.extmoratalaz-ptevallecas.madrid\/index.php\/wp-json\/wp\/v2\/pages"}],"about":[{"href":"https:\/\/site.educa.madrid.org\/eoi.extmoratalaz-ptevallecas.madrid\/index.php\/wp-json\/wp\/v2\/types\/page"}],"author":[{"embeddable":true,"href":"https:\/\/site.educa.madrid.org\/eoi.extmoratalaz-ptevallecas.madrid\/index.php\/wp-json\/wp\/v2\/users\/2"}],"replies":[{"embeddable":true,"href":"https:\/\/site.educa.madrid.org\/eoi.extmoratalaz-ptevallecas.madrid\/index.php\/wp-json\/wp\/v2\/comments?post=304"}],"version-history":[{"count":12,"href":"https:\/\/site.educa.madrid.org\/eoi.extmoratalaz-ptevallecas.madrid\/index.php\/wp-json\/wp\/v2\/pages\/304\/revisions"}],"predecessor-version":[{"id":3044,"href":"https:\/\/site.educa.madrid.org\/eoi.extmoratalaz-ptevallecas.madrid\/index.php\/wp-json\/wp\/v2\/pages\/304\/revisions\/3044"}],"wp:attachment":[{"href":"https:\/\/site.educa.madrid.org\/eoi.extmoratalaz-ptevallecas.madrid\/index.php\/wp-json\/wp\/v2\/media?parent=304"}],"wp:term":[{"taxonomy":"folder","embeddable":true,"href":"https:\/\/site.educa.madrid.org\/eoi.extmoratalaz-ptevallecas.madrid\/index.php\/wp-json\/wp\/v2\/folder?post=304"}],"curies":[{"name":"wp","href":"https:\/\/api.w.org\/{rel}","templated":true}]}}