{"id":3074,"date":"2026-05-01T10:12:27","date_gmt":"2026-05-01T08:12:27","guid":{"rendered":"https:\/\/site.educa.madrid.org\/eoi.extmoratalaz-ptevallecas.madrid\/?page_id=3074"},"modified":"2026-05-01T12:55:01","modified_gmt":"2026-05-01T10:55:01","slug":"admision-y-matricula-nuevos-alumnos-curso-2026-2027","status":"publish","type":"page","link":"https:\/\/site.educa.madrid.org\/eoi.extmoratalaz-ptevallecas.madrid\/index.php\/admision-y-matricula-nuevos-alumnos-curso-2026-2027\/","title":{"rendered":"Admisi\u00f3n y matr\u00edcula nuevos alumnos &#8211; curso 2026-2027"},"content":{"rendered":"\n<p>Publicado 28 Abril 2026<\/p>\n\n\n\n<h2 class=\"wp-block-heading\"><a href=\"https:\/\/site.educa.madrid.org\/eoi.moratalaz.madrid\/index.php\/2025\/04\/02\/resumen-proceso-admision-2526\/\"><\/a><\/h2>\n\n\n\n<div class=\"wp-block-columns is-layout-flex wp-container-core-columns-is-layout-9d6595d7 wp-block-columns-is-layout-flex\">\n<div class=\"wp-block-column is-layout-flow wp-block-column-is-layout-flow\" style=\"flex-basis:33.33%\">\n<div style=\"width: 100%;\"><div style=\"position: relative; padding-bottom: 200%; padding-top: 0; height: 0;\"><iframe loading=\"lazy\" title=\"EOI VALLECAS - Admisi\u00f3n 26-27\" frameborder=\"0\" width=\"400\" height=\"80px\" style=\"position: absolute; top: 0; left: 0; width: 100%; height: 100%;\" src=\"https:\/\/view.genially.com\/69d7d1d4618f3eb38bf3d379\" type=\"text\/html\" allowscriptaccess=\"always\" allowfullscreen=\"true\" scrolling=\"yes\" allownetworking=\"all\"><\/iframe> <\/div> <\/div>\n<\/div>\n\n\n\n<div class=\"wp-block-column is-layout-flow wp-block-column-is-layout-flow\" style=\"flex-basis:66.66%\">\n<p class=\"has-text-align-right\">Actualizado <\/p>\n\n\n\n<p class=\"has-text-align-center has-medium-font-size\"><a href=\"https:\/\/www.bocm.es\/boletin\/CM_Orden_BOCM\/2026\/04\/08\/BOCM-20260408-16.PDF\" target=\"_blank\" rel=\"noreferrer noopener\">RESOLUCI\u00d3N de 19 de marzo de 2026 de la Direcci\u00f3n General de Educaci\u00f3n&nbsp;Secundaria, Formaci\u00f3n Profesional y R\u00e9gimen Especial, por la que se determinan los plazos de acceso, admisi\u00f3n y matr\u00edcula de alumnos de nuevo ingreso para el curso 2026-2027 en las Escuelas Oficiales de Idiomas de la Comunidad de Madrid.<\/a><\/p>\n\n\n\n<figure class=\"wp-block-table is-style-stripes\"><table class=\"has-fixed-layout\"><tbody><tr><td>5 mayo \u2013 9 junio 2026<\/td><td><strong>Plazo&nbsp;de presentaci\u00f3n de solicitudes para la&nbsp;prueba de clasificaci\u00f3n<\/strong><\/td><\/tr><tr><td>4 al 22 junio 2026<\/td><td><strong>Plazo de presentaci\u00f3n de solicitudes para la admisi\u00f3n\u00a0a las ense\u00f1anzas<\/strong> <a href=\"https:\/\/raices.madrid.org\/secretariavirtual\/\" target=\"_blank\" rel=\"noreferrer noopener\">Secretar\u00eda Virtual de Ra\u00edces<\/a><br>Denominaci\u00f3n de centro: <strong>Extensi\u00f3n Puente de Vallecas de la EOI Madrid Moratalaz\u00a0<\/strong> <br>C\u00f3digo de centro <strong>28067197<\/strong><\/td><\/tr><tr><td>25 junio 2026<\/td><td><strong>Publicaci\u00f3n lista provisional de solicitantes&nbsp;<\/strong> (listado de aquellas personas que han enviado su solicitud. No es un listado de admitidos en la escuela)&nbsp; La publicaci\u00f3n a la que se refiere este momento del proceso refleja las solicitudes recibidas y el estado en que dichas solicitudes se encuentran.<br>\u00abEn tr\u00e1mite 3A\u00bb o \u00abPresentado\u00bb significa que la solicitud ha sido correctamente registrada a la espera de que se resuelva la admisi\u00f3n en funci\u00f3n de las vacantes disponibles.<br><br>Compruebe a trav\u00e9s de la <a href=\"https:\/\/raices.madrid.org\/secretariavirtual\/\" target=\"_blank\" rel=\"noreferrer noopener\">Secretar\u00eda Virtual<\/a> que los datos son correctos, en caso contrario reclame en plazo a trav\u00e9s de la <a href=\"https:\/\/raices.madrid.org\/secretariavirtual\/\" target=\"_blank\" rel=\"noreferrer noopener\">Secretar\u00eda Virtual<\/a>. El listado puede consultarse presencialmente en la secretar\u00eda del centro en su horario de atenci\u00f3n.<\/td><\/tr><tr><td>26 &#8211; 30 junio 2026<\/td><td><strong>Reclamaci\u00f3n a la lista provisional de solicitantes&nbsp;<\/strong> <a href=\"https:\/\/raices.madrid.org\/secretariavirtual\/\" target=\"_blank\" rel=\"noreferrer noopener\">Secretar\u00eda Virtual de Ra\u00edces<\/a> Compruebe a trav\u00e9s de la Secretar\u00eda Virtual que los datos son correctos, en caso contrario reclame en plazo a trav\u00e9s de la Secretar\u00eda Virtual.&nbsp;<\/td><\/tr><tr><td>8 julio&nbsp;2026<\/td><td><strong>Publicaci\u00f3n lista definitiva de admitidos y escuela asignada<\/strong><\/td><\/tr><tr><td><strong>9-22 julio&nbsp;<\/strong>2026<\/td><td><strong>Matriculaci\u00f3n de admitidos<\/strong> Elecci\u00f3n de grupo y horario en\u00a0<a href=\"https:\/\/raices.madrid.org\/secretariavirtual\/\" target=\"_blank\" rel=\"noreferrer noopener\">secretar\u00eda virtual<\/a><br>Plazo de 3 d\u00edas para presentaci\u00f3n de documentaci\u00f3n y pago de tasas.\u00a0 No formalizar la matr\u00edcula en este plazo de 3 d\u00edas supone perder el derecho a la plaza obtenida.\u00a0(Instrucciones para la matr\u00edcula de los nuevos alumnos)<\/td><\/tr><tr><td>24 julio&nbsp;2026<\/td><td><strong>Lista de adjudicaci\u00f3n de vacantes no cubiertas entre los solicitantes no admitidos<\/strong><\/td><\/tr><tr><td>27 &#8211; 29 julio&nbsp;2026<\/td><td><strong>Matriculaci\u00f3n de segunda adjudicaci\u00f3n<\/strong> Elecci\u00f3n de grupo y horario en&nbsp;<a href=\"https:\/\/raices.madrid.org\/secretariavirtual\/\" target=\"_blank\" rel=\"noreferrer noopener\">Secretar\u00eda virtual<\/a> Plazo de 3 d\u00edas para presentaci\u00f3n de documentaci\u00f3n y pago de tasas.&nbsp; &nbsp;<\/td><\/tr><\/tbody><\/table><\/figure>\n\n\n\n<h2 class=\"wp-block-heading\"><a href=\"https:\/\/site.educa.madrid.org\/eoi.moratalaz.madrid\/index.php\/2025\/04\/02\/resumen-proceso-admision-2526\/\"><\/a><\/h2>\n<\/div>\n<\/div>\n\n\n\n<div class=\"wp-block-columns is-layout-flex wp-container-core-columns-is-layout-9d6595d7 wp-block-columns-is-layout-flex\">\n<div class=\"wp-block-column is-layout-flow wp-block-column-is-layout-flow\">\n<div class=\"wp-block-buttons is-content-justification-center is-layout-flex wp-container-core-buttons-is-layout-16018d1d wp-block-buttons-is-layout-flex\">\n<div class=\"wp-block-button\"><a class=\"wp-block-button__link has-white-color has-text-color has-background has-link-color wp-element-button\" href=\"https:\/\/site.educa.madrid.org\/eoi.extmoratalaz-ptevallecas.madrid\/index.php\/admision-nuevos-alumnos-preguntas-frecuentes\/\" style=\"background-color:#880000\" target=\"_blank\" rel=\"noreferrer noopener\"><strong>PREGUNTAS FRECUENTES DE ADMISI\u00d3N<\/strong><\/a><\/div>\n<\/div>\n<\/div>\n\n\n\n<div class=\"wp-block-column is-layout-flow wp-block-column-is-layout-flow\">\n<div class=\"wp-block-buttons is-content-justification-center is-layout-flex wp-container-core-buttons-is-layout-16018d1d wp-block-buttons-is-layout-flex\">\n<div class=\"wp-block-button\"><a class=\"wp-block-button__link has-black-color has-luminous-vivid-amber-background-color has-text-color has-background has-link-color wp-element-button\" href=\"https:\/\/site.educa.madrid.org\/eoi.extmoratalaz-ptevallecas.madrid\/index.php\/prueba-de-clasificacion-2026-2027\/\" target=\"_blank\" rel=\"noreferrer noopener\"><strong>PRUEBA DE CLASIFICACI\u00d3N<\/strong><\/a><\/div>\n<\/div>\n<\/div>\n<\/div>\n\n\n\n<p><\/p>\n","protected":false},"excerpt":{"rendered":"<p>Publicado 28 Abril 2026 Actualizado RESOLUCI\u00d3N de 19 de marzo de 2026 de la Direcci\u00f3n General de Educaci\u00f3n&nbsp;Secundaria, Formaci\u00f3n Profesional y R\u00e9gimen Especial, por la que se determinan los plazos &#8230;<\/p>\n","protected":false},"author":3,"featured_media":0,"parent":0,"menu_order":0,"comment_status":"closed","ping_status":"closed","template":"template-fullwidth.php","meta":{"footnotes":""},"folder":[47],"class_list":["post-3074","page","type-page","status-publish","hentry"],"rttpg_featured_image_url":null,"rttpg_author":{"display_name":"eoi.extmoratalaz-ptevallecas.madrid","author_link":"https:\/\/site.educa.madrid.org\/eoi.extmoratalaz-ptevallecas.madrid\/index.php\/author\/cuenta_eoi-extmoratalaz-ptevallecas-madrid\/"},"rttpg_comment":0,"rttpg_category":" <a href=\"https:\/\/site.educa.madrid.org\/eoi.extmoratalaz-ptevallecas.madrid\/?taxonomy=folder&#038;term=admision-26-27-1777564970-7\" rel=\"tag\">ADMISI\u00d3N 26 27<\/a>","rttpg_excerpt":"Publicado 28 Abril 2026 Actualizado RESOLUCI\u00d3N de 19 de marzo de 2026 de la Direcci\u00f3n General de Educaci\u00f3n&nbsp;Secundaria, Formaci\u00f3n Profesional y R\u00e9gimen Especial, por la que se determinan los plazos ...","post_mailing_queue_ids":[],"_links":{"self":[{"href":"https:\/\/site.educa.madrid.org\/eoi.extmoratalaz-ptevallecas.madrid\/index.php\/wp-json\/wp\/v2\/pages\/3074","targetHints":{"allow":["GET"]}}],"collection":[{"href":"https:\/\/site.educa.madrid.org\/eoi.extmoratalaz-ptevallecas.madrid\/index.php\/wp-json\/wp\/v2\/pages"}],"about":[{"href":"https:\/\/site.educa.madrid.org\/eoi.extmoratalaz-ptevallecas.madrid\/index.php\/wp-json\/wp\/v2\/types\/page"}],"author":[{"embeddable":true,"href":"https:\/\/site.educa.madrid.org\/eoi.extmoratalaz-ptevallecas.madrid\/index.php\/wp-json\/wp\/v2\/users\/3"}],"replies":[{"embeddable":true,"href":"https:\/\/site.educa.madrid.org\/eoi.extmoratalaz-ptevallecas.madrid\/index.php\/wp-json\/wp\/v2\/comments?post=3074"}],"version-history":[{"count":12,"href":"https:\/\/site.educa.madrid.org\/eoi.extmoratalaz-ptevallecas.madrid\/index.php\/wp-json\/wp\/v2\/pages\/3074\/revisions"}],"predecessor-version":[{"id":3153,"href":"https:\/\/site.educa.madrid.org\/eoi.extmoratalaz-ptevallecas.madrid\/index.php\/wp-json\/wp\/v2\/pages\/3074\/revisions\/3153"}],"wp:attachment":[{"href":"https:\/\/site.educa.madrid.org\/eoi.extmoratalaz-ptevallecas.madrid\/index.php\/wp-json\/wp\/v2\/media?parent=3074"}],"wp:term":[{"taxonomy":"folder","embeddable":true,"href":"https:\/\/site.educa.madrid.org\/eoi.extmoratalaz-ptevallecas.madrid\/index.php\/wp-json\/wp\/v2\/folder?post=3074"}],"curies":[{"name":"wp","href":"https:\/\/api.w.org\/{rel}","templated":true}]}}