{"id":430,"date":"2024-10-28T15:06:48","date_gmt":"2024-10-28T15:06:48","guid":{"rendered":"https:\/\/www.eoimoratalaz.disercom.es\/?page_id=430"},"modified":"2024-11-12T09:19:42","modified_gmt":"2024-11-12T08:19:42","slug":"donde-estamos-2","status":"publish","type":"page","link":"https:\/\/site.educa.madrid.org\/eoi.extmoratalaz-ptevallecas.madrid\/index.php\/donde-estamos-2\/","title":{"rendered":"D\u00f3nde estamos"},"content":{"rendered":"\n<div style=\"height:100px\" aria-hidden=\"true\" class=\"wp-block-spacer\"><\/div>\n\n\n\n<div class=\"wp-block-columns is-layout-flex wp-container-core-columns-is-layout-9d6595d7 wp-block-columns-is-layout-flex\">\n<div class=\"wp-block-column is-layout-flow wp-block-column-is-layout-flow\">\n<iframe src=\"https:\/\/www.google.com\/maps\/embed?pb=!1m18!1m12!1m3!1d6079.18242690839!2d-3.668146923658277!3d40.373587658263574!2m3!1f0!2f0!3f0!3m2!1i1024!2i768!4f13.1!3m3!1m2!1s0xd42267e28b42f09%3A0x8a21aa4e438e295!2sRda.%20del%20Sur%2C%20229%2C%20Puente%20de%20Vallecas%2C%2028053%20Madrid!5e0!3m2!1ses!2ses!4v1731399711958!5m2!1ses!2ses\" width=\"300\" height=\"450\" style=\"border:0;\" allowfullscreen=\"\" loading=\"lazy\" referrerpolicy=\"no-referrer-when-downgrade\"><\/iframe>\n<\/div>\n\n\n\n<div class=\"wp-block-column is-layout-flow wp-block-column-is-layout-flow\">\n<p><strong>C\/ Ronda del Sur, 229 &#8211; 28053 Madrid<\/strong><\/p>\n\n\n\n<p><strong>Tel\u00e9fono: 91 786 31 95<\/strong><\/p>\n\n\n\n<p><strong>Fax: 91 786 39 29<\/strong><\/p>\n\n\n\n<p><strong>Correo electr\u00f3nico:&nbsp;&nbsp;<\/strong><\/p>\n\n\n\n<p><strong>secretaria.eoi.extmoratalaz-ptevallecas.madrid@educa.madrid.org<\/strong><\/p>\n\n\n\n<p><strong>Estaci\u00f3n El Pozo (L\u00edneas C2 y C7)<\/strong><\/p>\n\n\n\n<p style=\"font-size:19px\"><strong>Autobuses<\/strong><\/p>\n\n\n\n<p><strong>102 desde Atocha<\/strong><\/p>\n\n\n\n<p><strong>102 desde M\u00e9ndez \u00c1lvaro (frente a Estaci\u00f3n Sur de Autobuses\/ metro M\u00e9ndez \u00c1lvaro l\u00ednea 6)<\/strong><\/p>\n\n\n\n<p><strong>111 desde Puente de Vallecas<\/strong><\/p>\n\n\n\n<p><strong>103 desde Ecobulevar<\/strong><\/p>\n<\/div>\n<\/div>\n","protected":false},"excerpt":{"rendered":"<p>C\/ Ronda del Sur, 229 &#8211; 28053 Madrid Tel\u00e9fono: 91 786 31 95 Fax: 91 786 39 29 Correo electr\u00f3nico:&nbsp;&nbsp; secretaria.eoi.extmoratalaz-ptevallecas.madrid@educa.madrid.org Estaci\u00f3n El Pozo (L\u00edneas C2 y C7) Autobuses 102 &#8230;<\/p>\n","protected":false},"author":2,"featured_media":0,"parent":0,"menu_order":0,"comment_status":"closed","ping_status":"closed","template":"","meta":{"footnotes":""},"folder":[],"class_list":["post-430","page","type-page","status-publish","hentry"],"rttpg_featured_image_url":null,"rttpg_author":{"display_name":"tic.eoi.extmoratalaz-ptevallecas.madrid","author_link":"https:\/\/site.educa.madrid.org\/eoi.extmoratalaz-ptevallecas.madrid\/index.php\/author\/cuenta_tic-eoi-extmoratalaz-ptevallecas-madrid\/"},"rttpg_comment":0,"rttpg_category":false,"rttpg_excerpt":"C\/ Ronda del Sur, 229 &#8211; 28053 Madrid Tel\u00e9fono: 91 786 31 95 Fax: 91 786 39 29 Correo electr\u00f3nico:&nbsp;&nbsp; secretaria.eoi.extmoratalaz-ptevallecas.madrid@educa.madrid.org Estaci\u00f3n El Pozo (L\u00edneas C2 y C7) Autobuses 102 ...","post_mailing_queue_ids":[],"_links":{"self":[{"href":"https:\/\/site.educa.madrid.org\/eoi.extmoratalaz-ptevallecas.madrid\/index.php\/wp-json\/wp\/v2\/pages\/430","targetHints":{"allow":["GET"]}}],"collection":[{"href":"https:\/\/site.educa.madrid.org\/eoi.extmoratalaz-ptevallecas.madrid\/index.php\/wp-json\/wp\/v2\/pages"}],"about":[{"href":"https:\/\/site.educa.madrid.org\/eoi.extmoratalaz-ptevallecas.madrid\/index.php\/wp-json\/wp\/v2\/types\/page"}],"author":[{"embeddable":true,"href":"https:\/\/site.educa.madrid.org\/eoi.extmoratalaz-ptevallecas.madrid\/index.php\/wp-json\/wp\/v2\/users\/2"}],"replies":[{"embeddable":true,"href":"https:\/\/site.educa.madrid.org\/eoi.extmoratalaz-ptevallecas.madrid\/index.php\/wp-json\/wp\/v2\/comments?post=430"}],"version-history":[{"count":2,"href":"https:\/\/site.educa.madrid.org\/eoi.extmoratalaz-ptevallecas.madrid\/index.php\/wp-json\/wp\/v2\/pages\/430\/revisions"}],"predecessor-version":[{"id":2129,"href":"https:\/\/site.educa.madrid.org\/eoi.extmoratalaz-ptevallecas.madrid\/index.php\/wp-json\/wp\/v2\/pages\/430\/revisions\/2129"}],"wp:attachment":[{"href":"https:\/\/site.educa.madrid.org\/eoi.extmoratalaz-ptevallecas.madrid\/index.php\/wp-json\/wp\/v2\/media?parent=430"}],"wp:term":[{"taxonomy":"folder","embeddable":true,"href":"https:\/\/site.educa.madrid.org\/eoi.extmoratalaz-ptevallecas.madrid\/index.php\/wp-json\/wp\/v2\/folder?post=430"}],"curies":[{"name":"wp","href":"https:\/\/api.w.org\/{rel}","templated":true}]}}