{"id":2623,"date":"2022-05-26T08:51:49","date_gmt":"2022-05-26T06:51:49","guid":{"rendered":"https:\/\/site.educa.madrid.org\/eoi.jesusmaestro.madrid\/?page_id=2623"},"modified":"2026-03-11T18:46:58","modified_gmt":"2026-03-11T17:46:58","slug":"equipo","status":"publish","type":"page","link":"https:\/\/site.educa.madrid.org\/eoi.jesusmaestro.madrid\/index.php\/equipo\/","title":{"rendered":"Equipo humano"},"content":{"rendered":"<div id=\"pl-2623\"  class=\"panel-layout\" ><div id=\"pg-2623-0\"  class=\"panel-grid panel-no-style\" ><div id=\"pgc-2623-0-0\"  class=\"panel-grid-cell\" ><div id=\"panel-2623-0-0-0\" class=\"so-panel widget widget_sow-headline panel-first-child panel-last-child\" data-index=\"0\" ><div class=\"panel-widget-style panel-widget-style-for-2623-0-0-0\" ><div\n\t\t\t\n\t\t\tclass=\"so-widget-sow-headline so-widget-sow-headline-default-3409114acc5d-2623\"\n\t\t\t\n\t\t><div class=\"sow-headline-container \">\n\t\t\t\t\t\t\t<h2 class=\"sow-headline\">\n\t\t\t\t\t\tEquipo humano\t\t\t\t\t\t<\/h2>\n\t\t\t\t\t\t\t\t\t\t\t<div class=\"decoration\">\n\t\t\t\t\t\t<div class=\"decoration-inside\"><\/div>\n\t\t\t\t\t<\/div>\n\t\t\t\t\t<\/div>\n<\/div><\/div><\/div><\/div><\/div><div id=\"pg-2623-1\"  class=\"panel-grid panel-has-style\" ><div class=\"siteorigin-panels-stretch panel-row-style panel-row-style-for-2623-1\" data-stretch-type=\"full\" ><div id=\"pgc-2623-1-0\"  class=\"panel-grid-cell\" ><div id=\"panel-2623-1-0-0\" class=\"so-panel widget widget_media_image panel-first-child panel-last-child\" data-index=\"1\" ><div class=\"panel-widget-style panel-widget-style-for-2623-1-0-0\" ><img loading=\"lazy\" decoding=\"async\" width=\"1167\" height=\"876\" src=\"https:\/\/site.educa.madrid.org\/eoi.jesusmaestro.madrid\/\/wp-content\/uploads\/eoi.jesusmaestro.madrid\/2022\/05\/EOI-JM-Madrid-10.jpg\" class=\"image wp-image-2700  attachment-full size-full\" alt=\"EOI JM Equipo directivo\" style=\"max-width: 100%; height: auto;\" srcset=\"https:\/\/site.educa.madrid.org\/eoi.jesusmaestro.madrid\/\/wp-content\/uploads\/eoi.jesusmaestro.madrid\/2022\/05\/EOI-JM-Madrid-10.jpg 1167w, https:\/\/site.educa.madrid.org\/eoi.jesusmaestro.madrid\/\/wp-content\/uploads\/eoi.jesusmaestro.madrid\/2022\/05\/EOI-JM-Madrid-10-300x225.jpg 300w, https:\/\/site.educa.madrid.org\/eoi.jesusmaestro.madrid\/\/wp-content\/uploads\/eoi.jesusmaestro.madrid\/2022\/05\/EOI-JM-Madrid-10-1024x769.jpg 1024w, https:\/\/site.educa.madrid.org\/eoi.jesusmaestro.madrid\/\/wp-content\/uploads\/eoi.jesusmaestro.madrid\/2022\/05\/EOI-JM-Madrid-10-768x576.jpg 768w, https:\/\/site.educa.madrid.org\/eoi.jesusmaestro.madrid\/\/wp-content\/uploads\/eoi.jesusmaestro.madrid\/2022\/05\/EOI-JM-Madrid-10-700x525.jpg 700w, https:\/\/site.educa.madrid.org\/eoi.jesusmaestro.madrid\/\/wp-content\/uploads\/eoi.jesusmaestro.madrid\/2022\/05\/EOI-JM-Madrid-10-520x390.jpg 520w, https:\/\/site.educa.madrid.org\/eoi.jesusmaestro.madrid\/\/wp-content\/uploads\/eoi.jesusmaestro.madrid\/2022\/05\/EOI-JM-Madrid-10-360x270.jpg 360w, https:\/\/site.educa.madrid.org\/eoi.jesusmaestro.madrid\/\/wp-content\/uploads\/eoi.jesusmaestro.madrid\/2022\/05\/EOI-JM-Madrid-10-250x188.jpg 250w, https:\/\/site.educa.madrid.org\/eoi.jesusmaestro.madrid\/\/wp-content\/uploads\/eoi.jesusmaestro.madrid\/2022\/05\/EOI-JM-Madrid-10-100x75.jpg 100w\" sizes=\"auto, 100vw\" \/><\/div><\/div><\/div><\/div><\/div><div id=\"pg-2623-2\"  class=\"panel-grid panel-has-style\" ><div class=\"panel-row-style panel-row-style-for-2623-2\" ><div id=\"pgc-2623-2-0\"  class=\"panel-grid-cell panel-grid-cell-empty\" ><\/div><div id=\"pgc-2623-2-1\"  class=\"panel-grid-cell\" ><div id=\"panel-2623-2-1-0\" class=\"so-panel widget widget_sow-button panel-first-child panel-last-child\" data-index=\"2\" ><div\n\t\t\t\n\t\t\tclass=\"so-widget-sow-button so-widget-sow-button-atom-cd75e373f82a-2623\"\n\t\t\t\n\t\t><div class=\"ow-button-base ow-button-align-justify\">\n\t<a\n\thref=\"#equipodirectivo\"\n\t\tclass=\"ow-icon-placement-left ow-button-hover\" \t>\n\t\t<span>\n\t\t\t\n\t\t\tEquipo directivo\t\t<\/span>\n\t<\/a>\n<\/div>\n<\/div><\/div><\/div><div id=\"pgc-2623-2-2\"  class=\"panel-grid-cell\" ><div id=\"panel-2623-2-2-0\" class=\"so-panel widget widget_sow-button panel-first-child panel-last-child\" data-index=\"3\" ><div\n\t\t\t\n\t\t\tclass=\"so-widget-sow-button so-widget-sow-button-atom-a68c7611122f-2623\"\n\t\t\t\n\t\t><div class=\"ow-button-base ow-button-align-justify\">\n\t<a\n\thref=\"#claustrodeprofesores\"\n\t\tclass=\"ow-icon-placement-left ow-button-hover\" \t>\n\t\t<span>\n\t\t\t\n\t\t\tClaustro de profesores\t\t<\/span>\n\t<\/a>\n<\/div>\n<\/div><\/div><\/div><div id=\"pgc-2623-2-3\"  class=\"panel-grid-cell\" ><div id=\"panel-2623-2-3-0\" class=\"so-panel widget widget_sow-button panel-first-child panel-last-child\" data-index=\"4\" ><div\n\t\t\t\n\t\t\tclass=\"so-widget-sow-button so-widget-sow-button-atom-cd75e373f82a-2623\"\n\t\t\t\n\t\t><div class=\"ow-button-base ow-button-align-justify\">\n\t<a\n\thref=\"#consejoescolar\"\n\t\tclass=\"ow-icon-placement-left ow-button-hover\" \t>\n\t\t<span>\n\t\t\t\n\t\t\tConsejo escolar\t\t<\/span>\n\t<\/a>\n<\/div>\n<\/div><\/div><\/div><div id=\"pgc-2623-2-4\"  class=\"panel-grid-cell panel-grid-cell-mobile-last\" ><div id=\"panel-2623-2-4-0\" class=\"so-panel widget widget_sow-button panel-first-child panel-last-child\" data-index=\"5\" ><div\n\t\t\t\n\t\t\tclass=\"so-widget-sow-button so-widget-sow-button-atom-a68c7611122f-2623\"\n\t\t\t\n\t\t><div class=\"ow-button-base ow-button-align-justify\">\n\t<a\n\thref=\"#personalnodocente\"\n\t\tclass=\"ow-icon-placement-left ow-button-hover\" \t>\n\t\t<span>\n\t\t\t\n\t\t\tPersonal no docente\t\t<\/span>\n\t<\/a>\n<\/div>\n<\/div><\/div><\/div><div id=\"pgc-2623-2-5\"  class=\"panel-grid-cell panel-grid-cell-empty\" ><\/div><\/div><\/div><div id=\"pg-2623-3\"  class=\"panel-grid panel-has-style\" ><div class=\"siteorigin-panels-stretch panel-row-style panel-row-style-for-2623-3\" data-stretch-type=\"full\" ><div id=\"pgc-2623-3-0\"  class=\"panel-grid-cell panel-grid-cell-empty\" ><\/div><div id=\"pgc-2623-3-1\"  class=\"panel-grid-cell panel-grid-cell-mobile-last\" ><div id=\"panel-2623-3-1-0\" class=\"so-panel widget widget_sow-headline panel-first-child\" data-index=\"6\" ><div class=\"panel-widget-style panel-widget-style-for-2623-3-1-0\" ><div\n\t\t\t\n\t\t\tclass=\"so-widget-sow-headline so-widget-sow-headline-default-91124f5cb699-2623\"\n\t\t\t\n\t\t><div class=\"sow-headline-container \">\n\t\t\t\t\t\t\t<h2 class=\"sow-headline\">\n\t\t\t\t\t\t<a id=\"equipodirectivo\"><\/a>\t\t\t\t\t\t<\/h2>\n\t\t\t\t\t\t\t\t\t\t\t<div class=\"decoration\">\n\t\t\t\t\t\t<div class=\"decoration-inside\"><\/div>\n\t\t\t\t\t<\/div>\n\t\t\t\t\t<\/div>\n<\/div><\/div><\/div><div id=\"panel-2623-3-1-1\" class=\"so-panel widget widget_sow-headline\" data-index=\"7\" ><div\n\t\t\t\n\t\t\tclass=\"so-widget-sow-headline so-widget-sow-headline-default-861ae9820465-2623\"\n\t\t\t\n\t\t><div class=\"sow-headline-container \">\n\t\t\t\t\t\t\t<h2 class=\"sow-headline\">\n\t\t\t\t\t\tEquipo directivo\t\t\t\t\t\t<\/h2>\n\t\t\t\t\t\t\t\t\t\t\t<div class=\"decoration\">\n\t\t\t\t\t\t<div class=\"decoration-inside\"><\/div>\n\t\t\t\t\t<\/div>\n\t\t\t\t\t<\/div>\n<\/div><\/div><div id=\"panel-2623-3-1-2\" class=\"so-panel widget widget_text panel-last-child\" data-index=\"8\" ><div class=\"panel-widget-style panel-widget-style-for-2623-3-1-2\" >\t\t\t<div class=\"textwidget\"><p><strong>Direcci\u00f3n\u00a0<\/strong>M\u00aa Loreto Flori\u00e1n Reyes100<\/p>\n<p><strong>Administraci\u00f3n <\/strong>\u00c1lvaro de Miguel<\/p>\n<p><strong>Jefatura de estudios<\/strong><\/p>\n<ul>\n<li style=\"list-style-type: none;\">\n<ul>\n<li>Rosa Dorrego Sierra<\/li>\n<li>Fernando B\u00e9jar Hern\u00e1n<\/li>\n<li>Mariano Villegas Hern\u00e1ndez<\/li>\n<\/ul>\n<\/li>\n<\/ul>\n<p><strong>Vicedirecci\u00f3n\u00a0<\/strong>Elena Su\u00e1rez Prieto<\/p>\n<p><strong>Vicesecretar\u00eda <\/strong>Mar\u00eda Rodiles Palomo<\/p>\n<p>&nbsp;<\/p>\n<\/div>\n\t\t<\/div><\/div><\/div><div id=\"pgc-2623-3-2\"  class=\"panel-grid-cell panel-grid-cell-empty\" ><\/div><\/div><\/div><div id=\"pg-2623-4\"  class=\"panel-grid panel-has-style\" ><div class=\"panel-row-style panel-row-style-for-2623-4\" ><div id=\"pgc-2623-4-0\"  class=\"panel-grid-cell panel-grid-cell-empty\" ><\/div><div id=\"pgc-2623-4-1\"  class=\"panel-grid-cell panel-grid-cell-mobile-last\" ><div id=\"panel-2623-4-1-0\" class=\"so-panel widget widget_sow-headline panel-first-child\" data-index=\"9\" ><div\n\t\t\t\n\t\t\tclass=\"so-widget-sow-headline so-widget-sow-headline-default-1a22865ebc25-2623\"\n\t\t\t\n\t\t><div class=\"sow-headline-container \">\n\t\t\t\t\t\t\t<h2 class=\"sow-headline\">\n\t\t\t\t\t\t<a id=\"consejoescolar\"><\/a>\t\t\t\t\t\t<\/h2>\n\t\t\t\t\t\t\t\t\t\t\t<div class=\"decoration\">\n\t\t\t\t\t\t<div class=\"decoration-inside\"><\/div>\n\t\t\t\t\t<\/div>\n\t\t\t\t\t<\/div>\n<\/div><\/div><div id=\"panel-2623-4-1-1\" class=\"so-panel widget widget_sow-headline panel-last-child\" data-index=\"10\" ><div class=\"panel-widget-style panel-widget-style-for-2623-4-1-1\" ><div\n\t\t\t\n\t\t\tclass=\"so-widget-sow-headline so-widget-sow-headline-default-ecb31572db19-2623\"\n\t\t\t\n\t\t><div class=\"sow-headline-container \">\n\t\t\t\t\t\t\t<h2 class=\"sow-headline\">\n\t\t\t\t\t\tConsejo escolar\t\t\t\t\t\t<\/h2>\n\t\t\t\t\t\t\t\t\t\t\t<div class=\"decoration\">\n\t\t\t\t\t\t<div class=\"decoration-inside\"><\/div>\n\t\t\t\t\t<\/div>\n\t\t\t\t\t<\/div>\n<\/div><\/div><\/div><\/div><div id=\"pgc-2623-4-2\"  class=\"panel-grid-cell panel-grid-cell-empty\" ><\/div><\/div><\/div><div id=\"pg-2623-5\"  class=\"panel-grid panel-has-style\" ><div class=\"panel-row-style panel-row-style-for-2623-5\" ><div id=\"pgc-2623-5-0\"  class=\"panel-grid-cell panel-grid-cell-empty\" ><\/div><div id=\"pgc-2623-5-1\"  class=\"panel-grid-cell panel-grid-cell-mobile-last\" ><div id=\"panel-2623-5-1-0\" class=\"so-panel widget widget_text panel-first-child panel-last-child\" data-index=\"11\" ><div class=\"panel-widget-style panel-widget-style-for-2623-5-1-0\" >\t\t\t<div class=\"textwidget\"><p><strong>Funciones del Consejo Escolar<\/strong><\/p>\n<p>El Consejo Escolar es el \u00f3rgano de representaci\u00f3n de los diferentes sectores de la comunidad educativa. Su organizaci\u00f3n y funcionamiento se basa en una concepci\u00f3n participativa de la vida escolar, atendiendo a los principios de convivencia democr\u00e1tica.<\/p>\n<p>Su composici\u00f3n, elecci\u00f3n de componentes, nombramiento y competencias, est\u00e1n regulados por el\u00a0<em>Real Decreto 959\/1988, de 2 de septiembre, sobre \u00d3rganos de Gobierno de las Escuelas Oficiales de Idiomas<\/em>, de aplicaci\u00f3n supletoria en la Comunidad de Madrid en virtud del art\u00edculo 149.3 de la CE.<\/p>\n<p><strong>Miembros\u00a0<\/strong><\/p>\n<ul>\n<li>La directora del centro, que es su presidenta.<\/li>\n<li>Uno de los tres jefes de estudios.<\/li>\n<li>Ocho profesores elegidos por el claustro.<\/li>\n<li>Ocho representantes de los alumnos.<\/li>\n<li>Tres representante del personal de administraci\u00f3n y servicios del centro.<\/li>\n<li>Un concejal o representante del Ayuntamiento del municipio.<\/li>\n<li>El administrador del centro, que act\u00faa como secretario del consejo escolar, con voz pero sin voto.<\/li>\n<\/ul>\n<\/div>\n\t\t<\/div><\/div><\/div><div id=\"pgc-2623-5-2\"  class=\"panel-grid-cell panel-grid-cell-empty\" ><\/div><\/div><\/div><div id=\"pg-2623-6\"  class=\"panel-grid panel-has-style\" ><div class=\"siteorigin-panels-stretch panel-row-style panel-row-style-for-2623-6\" data-stretch-type=\"full\" ><div id=\"pgc-2623-6-0\"  class=\"panel-grid-cell panel-grid-cell-empty\" ><\/div><div id=\"pgc-2623-6-1\"  class=\"panel-grid-cell panel-grid-cell-mobile-last\" ><div id=\"panel-2623-6-1-0\" class=\"so-panel widget widget_sow-headline panel-first-child panel-last-child\" data-index=\"12\" ><div\n\t\t\t\n\t\t\tclass=\"so-widget-sow-headline so-widget-sow-headline-default-91124f5cb699-2623\"\n\t\t\t\n\t\t><div class=\"sow-headline-container \">\n\t\t\t\t\t\t\t<h2 class=\"sow-headline\">\n\t\t\t\t\t\t<a id=\"claustrodeprofesores\"><\/a>\t\t\t\t\t\t<\/h2>\n\t\t\t\t\t\t\t\t\t\t\t<div class=\"decoration\">\n\t\t\t\t\t\t<div class=\"decoration-inside\"><\/div>\n\t\t\t\t\t<\/div>\n\t\t\t\t\t<\/div>\n<\/div><\/div><\/div><div id=\"pgc-2623-6-2\"  class=\"panel-grid-cell panel-grid-cell-empty\" ><\/div><\/div><\/div><div id=\"pg-2623-7\"  class=\"panel-grid panel-has-style\" ><div class=\"panel-row-style panel-row-style-for-2623-7\" ><div id=\"pgc-2623-7-0\"  class=\"panel-grid-cell panel-grid-cell-empty\" ><\/div><div id=\"pgc-2623-7-1\"  class=\"panel-grid-cell panel-grid-cell-mobile-last\" ><div id=\"panel-2623-7-1-0\" class=\"so-panel widget widget_sow-headline panel-first-child\" data-index=\"13\" ><div\n\t\t\t\n\t\t\tclass=\"so-widget-sow-headline so-widget-sow-headline-default-91124f5cb699-2623\"\n\t\t\t\n\t\t><div class=\"sow-headline-container \">\n\t\t\t\t\t\t\t<h2 class=\"sow-headline\">\n\t\t\t\t\t\t<a id=\"claustrodeprofesores\"><\/a>\t\t\t\t\t\t<\/h2>\n\t\t\t\t\t\t\t\t\t\t\t<div class=\"decoration\">\n\t\t\t\t\t\t<div class=\"decoration-inside\"><\/div>\n\t\t\t\t\t<\/div>\n\t\t\t\t\t<\/div>\n<\/div><\/div><div id=\"panel-2623-7-1-1\" class=\"so-panel widget widget_sow-headline\" data-index=\"14\" ><div\n\t\t\t\n\t\t\tclass=\"so-widget-sow-headline so-widget-sow-headline-default-636d86eabcc6-2623\"\n\t\t\t\n\t\t><div class=\"sow-headline-container \">\n\t\t\t\t\t\t\t<h2 class=\"sow-headline\">\n\t\t\t\t\t\tClaustro de profesores\t\t\t\t\t\t<\/h2>\n\t\t\t\t\t\t\t\t\t\t\t<div class=\"decoration\">\n\t\t\t\t\t\t<div class=\"decoration-inside\"><\/div>\n\t\t\t\t\t<\/div>\n\t\t\t\t\t<\/div>\n<\/div><\/div><div id=\"panel-2623-7-1-2\" class=\"so-panel widget widget_sow-editor panel-last-child\" data-index=\"15\" ><div\n\t\t\t\n\t\t\tclass=\"so-widget-sow-editor so-widget-sow-editor-base\"\n\t\t\t\n\t\t>\n<div class=\"siteorigin-widget-tinymce textwidget\">\n\t<p><img loading=\"lazy\" decoding=\"async\" class=\"size-medium wp-image-2701 alignleft\" src=\"https:\/\/site.educa.madrid.org\/eoi.jesusmaestro.madrid\/\/wp-content\/uploads\/eoi.jesusmaestro.madrid\/2022\/05\/EOI-JM-Madrid-11-300x225.jpg\" alt=\"EOI JM Intercambios\" width=\"300\" height=\"225\" srcset=\"https:\/\/site.educa.madrid.org\/eoi.jesusmaestro.madrid\/\/wp-content\/uploads\/eoi.jesusmaestro.madrid\/2022\/05\/EOI-JM-Madrid-11-300x225.jpg 300w, https:\/\/site.educa.madrid.org\/eoi.jesusmaestro.madrid\/\/wp-content\/uploads\/eoi.jesusmaestro.madrid\/2022\/05\/EOI-JM-Madrid-11-1024x769.jpg 1024w, https:\/\/site.educa.madrid.org\/eoi.jesusmaestro.madrid\/\/wp-content\/uploads\/eoi.jesusmaestro.madrid\/2022\/05\/EOI-JM-Madrid-11-768x576.jpg 768w, https:\/\/site.educa.madrid.org\/eoi.jesusmaestro.madrid\/\/wp-content\/uploads\/eoi.jesusmaestro.madrid\/2022\/05\/EOI-JM-Madrid-11-700x525.jpg 700w, https:\/\/site.educa.madrid.org\/eoi.jesusmaestro.madrid\/\/wp-content\/uploads\/eoi.jesusmaestro.madrid\/2022\/05\/EOI-JM-Madrid-11-520x390.jpg 520w, https:\/\/site.educa.madrid.org\/eoi.jesusmaestro.madrid\/\/wp-content\/uploads\/eoi.jesusmaestro.madrid\/2022\/05\/EOI-JM-Madrid-11-360x270.jpg 360w, https:\/\/site.educa.madrid.org\/eoi.jesusmaestro.madrid\/\/wp-content\/uploads\/eoi.jesusmaestro.madrid\/2022\/05\/EOI-JM-Madrid-11-250x188.jpg 250w, https:\/\/site.educa.madrid.org\/eoi.jesusmaestro.madrid\/\/wp-content\/uploads\/eoi.jesusmaestro.madrid\/2022\/05\/EOI-JM-Madrid-11-100x75.jpg 100w, https:\/\/site.educa.madrid.org\/eoi.jesusmaestro.madrid\/\/wp-content\/uploads\/eoi.jesusmaestro.madrid\/2022\/05\/EOI-JM-Madrid-11.jpg 1167w\" sizes=\"auto, (max-width: 300px) 100vw, 300px\" \/><\/p>\n<p>Nuestro claustro est\u00e1 integrado por alrededor de 110 profesores, especialistas en las lenguas y culturas de los pa\u00edses de referencia, con una s\u00f3lida formaci\u00f3n ling\u00fc\u00edstica, filol\u00f3gica, did\u00e1ctica, etc. y seleccionados por la Consejer\u00eda de Educaci\u00f3n de la Comunidad de Madrid mediante concurso-oposici\u00f3n.<\/p>\n<p>Esta especializaci\u00f3n com\u00fan en la ense\u00f1anza de lenguas extranjeras no impide que tengamos un claustro heterog\u00e9neo y plural. El profesorado de la EOI Jes\u00fas Maestro suma m\u00e1s de 15 nacionalidades diferentes y cuenta con trayectorias profesionales muy diversas y, como no podr\u00eda ser de otra manera, existe un amplio abanico de intereses, especializaciones y enfoques metodol\u00f3gicos.<\/p>\n<p>Los miembros del claustro participan regularmente en actividades de formaci\u00f3n y actualizaci\u00f3n profesional, como asistentes y como ponentes o formadores. Muchos de ellos colaboran tambi\u00e9n con otras instituciones acad\u00e9micas o culturales.<\/p>\n<\/div>\n<\/div><\/div><\/div><div id=\"pgc-2623-7-2\"  class=\"panel-grid-cell panel-grid-cell-empty\" ><\/div><\/div><\/div><div id=\"pg-2623-8\"  class=\"panel-grid panel-has-style\" ><div class=\"panel-row-style panel-row-style-for-2623-8\" ><div id=\"pgc-2623-8-0\"  class=\"panel-grid-cell panel-grid-cell-empty\" ><\/div><div id=\"pgc-2623-8-1\"  class=\"panel-grid-cell\" ><div id=\"panel-2623-8-1-0\" class=\"so-panel widget widget_sow-headline panel-first-child\" data-index=\"16\" ><div\n\t\t\t\n\t\t\tclass=\"so-widget-sow-headline so-widget-sow-headline-default-91124f5cb699-2623\"\n\t\t\t\n\t\t><div class=\"sow-headline-container \">\n\t\t\t\t\t\t\t<h2 class=\"sow-headline\">\n\t\t\t\t\t\t<a id=\"personalnodocente\"><\/a>\t\t\t\t\t\t<\/h2>\n\t\t\t\t\t\t\t\t\t\t\t<div class=\"decoration\">\n\t\t\t\t\t\t<div class=\"decoration-inside\"><\/div>\n\t\t\t\t\t<\/div>\n\t\t\t\t\t<\/div>\n<\/div><\/div><div id=\"panel-2623-8-1-1\" class=\"so-panel widget widget_sow-headline\" data-index=\"17\" ><div class=\"panel-widget-style panel-widget-style-for-2623-8-1-1\" ><div\n\t\t\t\n\t\t\tclass=\"so-widget-sow-headline so-widget-sow-headline-default-d54123ea032f-2623\"\n\t\t\t\n\t\t><div class=\"sow-headline-container \">\n\t\t\t\t\t\t\t<h2 class=\"sow-headline\">\n\t\t\t\t\t\tPersonal no docente\t\t\t\t\t\t<\/h2>\n\t\t\t\t\t\t<\/div>\n<\/div><\/div><\/div><div id=\"panel-2623-8-1-2\" class=\"so-panel widget widget_text panel-last-child\" data-index=\"18\" ><div class=\"panel-widget-style panel-widget-style-for-2623-8-1-2\" >\t\t\t<div class=\"textwidget\"><p>El personal de administraci\u00f3n y servicios est\u00e1 compuesto por: un administrador, un jefe de secretar\u00eda, siete auxiliares de secretar\u00eda (de los cuales uno se ha especializado como t\u00e9cnico de proceso de datos), una bibliotecaria, un encargado de mantenimiento y ocho auxiliares de control, tres de cuales se han especializado en la informaci\u00f3n por correo electr\u00f3nico y por tel\u00e9fono.<\/p>\n<p>El servicio de limpieza est\u00e1 externalizado, al igual que el servicio de inform\u00e1tica, que tiene un t\u00e9cnico cuatro veces por semana dos horas diarias en el turno de tarde.<\/p>\n<\/div>\n\t\t<\/div><\/div><\/div><div id=\"pgc-2623-8-2\"  class=\"panel-grid-cell panel-grid-cell-mobile-last\" ><div id=\"panel-2623-8-2-0\" class=\"so-panel widget widget_text panel-first-child\" data-index=\"19\" >\t\t\t<div class=\"textwidget\"><\/div>\n\t\t<\/div><div id=\"panel-2623-8-2-1\" class=\"so-panel widget widget_text\" data-index=\"20\" >\t\t\t<div class=\"textwidget\"><\/div>\n\t\t<\/div><div id=\"panel-2623-8-2-2\" class=\"so-panel widget widget_sow-image panel-last-child\" data-index=\"21\" ><div\n\t\t\t\n\t\t\tclass=\"so-widget-sow-image so-widget-sow-image-default-c67d20f9f743-2623\"\n\t\t\t\n\t\t>\n\n<div class=\"sow-image-container\">\n\t\t<img loading=\"lazy\" decoding=\"async\" src=\"https:\/\/site.educa.madrid.org\/eoi.jesusmaestro.madrid\/\/wp-content\/uploads\/eoi.jesusmaestro.madrid\/2022\/05\/EOI-JM-Madrid-04-300x225.jpg\" width=\"300\" height=\"225\" srcset=\"https:\/\/site.educa.madrid.org\/eoi.jesusmaestro.madrid\/\/wp-content\/uploads\/eoi.jesusmaestro.madrid\/2022\/05\/EOI-JM-Madrid-04-300x225.jpg 300w, https:\/\/site.educa.madrid.org\/eoi.jesusmaestro.madrid\/\/wp-content\/uploads\/eoi.jesusmaestro.madrid\/2022\/05\/EOI-JM-Madrid-04-1024x769.jpg 1024w, https:\/\/site.educa.madrid.org\/eoi.jesusmaestro.madrid\/\/wp-content\/uploads\/eoi.jesusmaestro.madrid\/2022\/05\/EOI-JM-Madrid-04-768x576.jpg 768w, https:\/\/site.educa.madrid.org\/eoi.jesusmaestro.madrid\/\/wp-content\/uploads\/eoi.jesusmaestro.madrid\/2022\/05\/EOI-JM-Madrid-04-700x525.jpg 700w, https:\/\/site.educa.madrid.org\/eoi.jesusmaestro.madrid\/\/wp-content\/uploads\/eoi.jesusmaestro.madrid\/2022\/05\/EOI-JM-Madrid-04-520x390.jpg 520w, https:\/\/site.educa.madrid.org\/eoi.jesusmaestro.madrid\/\/wp-content\/uploads\/eoi.jesusmaestro.madrid\/2022\/05\/EOI-JM-Madrid-04-360x270.jpg 360w, https:\/\/site.educa.madrid.org\/eoi.jesusmaestro.madrid\/\/wp-content\/uploads\/eoi.jesusmaestro.madrid\/2022\/05\/EOI-JM-Madrid-04-250x188.jpg 250w, https:\/\/site.educa.madrid.org\/eoi.jesusmaestro.madrid\/\/wp-content\/uploads\/eoi.jesusmaestro.madrid\/2022\/05\/EOI-JM-Madrid-04-100x75.jpg 100w, https:\/\/site.educa.madrid.org\/eoi.jesusmaestro.madrid\/\/wp-content\/uploads\/eoi.jesusmaestro.madrid\/2022\/05\/EOI-JM-Madrid-04.jpg 1167w\" sizes=\"auto, (max-width: 300px) 100vw, 300px\" alt=\"EOI JM Equipo de Administraci\u00f3n\" \t\tclass=\"so-widget-image\"\/>\n\t<\/div>\n\n<\/div><\/div><\/div><div id=\"pgc-2623-8-3\"  class=\"panel-grid-cell panel-grid-cell-empty\" ><\/div><\/div><\/div><div id=\"pg-2623-9\"  class=\"panel-grid panel-has-style\" ><div class=\"siteorigin-panels-stretch panel-row-style panel-row-style-for-2623-9\" data-stretch-type=\"full-width-stretch\" ><div id=\"pgc-2623-9-0\"  class=\"panel-grid-cell panel-grid-cell-empty\" ><\/div><\/div><\/div><\/div>","protected":false},"excerpt":{"rendered":"<p>Equipo humano Equipo directivo Claustro de profesores Consejo escolar Personal no docente Equipo directivo Direcci\u00f3n\u00a0M\u00aa Loreto Flori\u00e1n Reyes100 Administraci\u00f3n \u00c1lvaro de Miguel Jefatura de estudios Rosa Dorrego Sierra Fernando B\u00e9jar Hern\u00e1n Mariano Villegas Hern\u00e1ndez Vicedirecci\u00f3n\u00a0Elena Su\u00e1rez Prieto Vicesecretar\u00eda Mar\u00eda Rodiles Palomo &nbsp; Consejo escolar Funciones del Consejo Escolar El Consejo Escolar es el \u00f3rgano de &hellip; <\/p>\n<p class=\"link-more\"><a href=\"https:\/\/site.educa.madrid.org\/eoi.jesusmaestro.madrid\/index.php\/equipo\/\" class=\"more-link\">Continuar leyendo<span class=\"screen-reader-text\"> \u00abEquipo humano\u00bb<\/span><\/a><\/p>\n","protected":false},"author":7,"featured_media":0,"parent":0,"menu_order":0,"comment_status":"closed","ping_status":"closed","template":"rttpg_full_width","meta":{"footnotes":""},"folder":[],"class_list":["post-2623","page","type-page","status-publish","hentry"],"rttpg_featured_image_url":null,"rttpg_author":{"display_name":"Javier Mu\u00f1oz","author_link":"https:\/\/site.educa.madrid.org\/eoi.jesusmaestro.madrid\/index.php\/author\/javier_muoz\/"},"rttpg_comment":0,"rttpg_category":false,"rttpg_excerpt":"Equipo humano Equipo directivo Claustro de profesores Consejo escolar Personal no docente Equipo directivo Direcci\u00f3n\u00a0M\u00aa Loreto Flori\u00e1n Reyes100 Administraci\u00f3n \u00c1lvaro de Miguel Jefatura de estudios Rosa Dorrego Sierra Fernando B\u00e9jar Hern\u00e1n Mariano Villegas Hern\u00e1ndez Vicedirecci\u00f3n\u00a0Elena Su\u00e1rez Prieto Vicesecretar\u00eda Mar\u00eda Rodiles Palomo &nbsp; Consejo escolar Funciones del Consejo Escolar El Consejo Escolar es el \u00f3rgano de&hellip;","post_mailing_queue_ids":[],"_links":{"self":[{"href":"https:\/\/site.educa.madrid.org\/eoi.jesusmaestro.madrid\/index.php\/wp-json\/wp\/v2\/pages\/2623","targetHints":{"allow":["GET"]}}],"collection":[{"href":"https:\/\/site.educa.madrid.org\/eoi.jesusmaestro.madrid\/index.php\/wp-json\/wp\/v2\/pages"}],"about":[{"href":"https:\/\/site.educa.madrid.org\/eoi.jesusmaestro.madrid\/index.php\/wp-json\/wp\/v2\/types\/page"}],"author":[{"embeddable":true,"href":"https:\/\/site.educa.madrid.org\/eoi.jesusmaestro.madrid\/index.php\/wp-json\/wp\/v2\/users\/7"}],"replies":[{"embeddable":true,"href":"https:\/\/site.educa.madrid.org\/eoi.jesusmaestro.madrid\/index.php\/wp-json\/wp\/v2\/comments?post=2623"}],"version-history":[{"count":52,"href":"https:\/\/site.educa.madrid.org\/eoi.jesusmaestro.madrid\/index.php\/wp-json\/wp\/v2\/pages\/2623\/revisions"}],"predecessor-version":[{"id":13106,"href":"https:\/\/site.educa.madrid.org\/eoi.jesusmaestro.madrid\/index.php\/wp-json\/wp\/v2\/pages\/2623\/revisions\/13106"}],"wp:attachment":[{"href":"https:\/\/site.educa.madrid.org\/eoi.jesusmaestro.madrid\/index.php\/wp-json\/wp\/v2\/media?parent=2623"}],"wp:term":[{"taxonomy":"folder","embeddable":true,"href":"https:\/\/site.educa.madrid.org\/eoi.jesusmaestro.madrid\/index.php\/wp-json\/wp\/v2\/folder?post=2623"}],"curies":[{"name":"wp","href":"https:\/\/api.w.org\/{rel}","templated":true}]}}