{"id":2963,"date":"2022-05-31T11:50:47","date_gmt":"2022-05-31T09:50:47","guid":{"rendered":"https:\/\/site.educa.madrid.org\/eoi.jesusmaestro.madrid\/?page_id=2963"},"modified":"2026-03-11T13:06:17","modified_gmt":"2026-03-11T12:06:17","slug":"donde-estamos","status":"publish","type":"page","link":"https:\/\/site.educa.madrid.org\/eoi.jesusmaestro.madrid\/index.php\/donde-estamos\/","title":{"rendered":"CONTACTO"},"content":{"rendered":"<div id=\"pl-2963\"  class=\"panel-layout\" ><div id=\"pg-2963-0\"  class=\"panel-grid panel-has-style\" ><div class=\"siteorigin-panels-stretch panel-row-style panel-row-style-for-2963-0\" data-stretch-type=\"full\" ><div id=\"pgc-2963-0-0\"  class=\"panel-grid-cell panel-grid-cell-empty\" ><\/div><div id=\"pgc-2963-0-1\"  class=\"panel-grid-cell\" ><div id=\"panel-2963-0-1-0\" class=\"so-panel widget widget_sow-headline panel-first-child panel-last-child\" data-index=\"0\" ><div\n\t\t\t\n\t\t\tclass=\"so-widget-sow-headline so-widget-sow-headline-default-2cdd6b2d5056-2963\"\n\t\t\t\n\t\t><div class=\"sow-headline-container \">\n\t\t\t\t\t\t\t<h2 class=\"sow-headline\">\n\t\t\t\t\t\tEscuela Oficial de Idiomas Madrid-Jes\u00fas Maestro\t\t\t\t\t\t<\/h2>\n\t\t\t\t\t\t\t\t\t\t\t<div class=\"decoration\">\n\t\t\t\t\t\t<div class=\"decoration-inside\"><\/div>\n\t\t\t\t\t<\/div>\n\t\t\t\t\t\t\t\t\t\t\t<h3 class=\"sow-sub-headline\">\n\t\t\t\t\t\tC\/ Jes\u00fas Maestro, 5 28003 Madrid\t\t\t\t\t\t<\/h3>\n\t\t\t\t\t\t<\/div>\n<\/div><\/div><\/div><\/div><\/div><div id=\"pg-2963-1\"  class=\"panel-grid panel-has-style\" ><div class=\"siteorigin-panels-stretch panel-row-style panel-row-style-for-2963-1\" data-stretch-type=\"full\" ><div id=\"pgc-2963-1-0\"  class=\"panel-grid-cell panel-grid-cell-empty\" ><\/div><div id=\"pgc-2963-1-1\"  class=\"panel-grid-cell\" ><div id=\"panel-2963-1-1-0\" class=\"so-panel widget widget_text panel-first-child panel-last-child\" data-index=\"1\" ><div class=\"panel-widget-style panel-widget-style-for-2963-1-1-0\" >\t\t\t<div class=\"textwidget\"><p class=\"CDt4Ke zfr3Q\" dir=\"ltr\"><strong>Informaci\u00f3n<\/strong><\/p>\n<p class=\"CDt4Ke zfr3Q\" dir=\"ltr\"><a href=\"https:\/\/site.educa.madrid.org\/eoi.jesusmaestro.madrid\/index.php\/preguntas-frecuentes\/\" target=\"_blank\" rel=\"noopener\">Preguntas frecuentes<\/a><\/p>\n<p class=\"CDt4Ke zfr3Q\" dir=\"ltr\"><em>Por favor, consulta nuestras preguntas frecuentes antes de solicitar informaci\u00f3n<\/em><\/p>\n<p class=\"CDt4Ke zfr3Q\" dir=\"ltr\"><span class=\" aw5Odc\"><a class=\"XqQF9c\" href=\"mailto:info.eoi.jesusmaestro@madrid.org\" target=\"_blank\" rel=\"noopener\"><strong>info.eoi.jesusmaestro@madrid.org<\/strong><\/a><\/span><\/p>\n<p class=\"CDt4Ke zfr3Q\" dir=\"ltr\"><i data-olk-copy-source=\"MessageBody\">Se recuerda que esta es la \u00fanica direcci\u00f3n que debe usarse para solicitar informaci\u00f3n general sobre la escuela (admisi\u00f3n, oferta horaria, vacantes, Erasmus&#8230;.<\/i>).\u00a0<em>Las consultas recibidas en otras direcciones pueden no ser respondidas. Gracias por la comprensi\u00f3n.\u00a0<\/em><\/p>\n<p><strong>TODO CORREO ELECTR\u00d3NICO QUE SE ENV\u00cdE DEBE INDICAR CLARAMENTE LA SIGUIENTE INFORMACI\u00d3N:\u00a0<\/strong><\/p>\n<ul>\n<li><strong>ASUNTO.<\/strong><\/li>\n<li><strong>DATOS DE IDENTIFICACI\u00d3N:<\/strong>\u00a0nombre, apellidos, n\u00famero del documento de identidad y, si procede, idioma, nivel y grupo\/horario.<\/li>\n<li><strong>CAPTURA DE PANTALLA<\/strong>, si es posible, del problema que se reporte.<\/li>\n<\/ul>\n<p class=\"CDt4Ke zfr3Q\" dir=\"ltr\"><strong>Tel (de 9:00 a 20:00): <\/strong>91 533 58 02 (extensiones: 516153, 516154, 516155)<\/p>\n<p class=\"CDt4Ke zfr3Q\" dir=\"ltr\"><em>Debido a la gran cantidad de llamadas que recibimos, se recomienda el uso preferente del correo electr\u00f3nico.<\/em><\/p>\n<div class=\"oKdM2c ZZyype Kzv0Me\">\n<div id=\"h.ba134786f2af6c_10\" class=\"hJDwNd-AhqUyc-qWD73c Ft7HRd-AhqUyc-qWD73c jXK9ad D2fZ2 zu5uec OjCsFc dmUFtb JYTMs\">\n<div class=\"jXK9ad-SmKAyb\">\n<div class=\"tyJCtd mGzaTb Depvyb baZpAe\">\n<p class=\"CDt4Ke zfr3Q\" dir=\"ltr\"><span class=\" puwcIf\"><strong>Secretar\u00eda<\/strong><\/span><\/p>\n<p class=\"CDt4Ke zfr3Q\" dir=\"ltr\"><a href=\"https:\/\/site.educa.madrid.org\/eoi.jesusmaestro.madrid\/index.php\/secretaria\/\" target=\"_blank\" rel=\"noopener\"><span class=\" aw5Odc\">Acceso a la p\u00e1gina de la secretar\u00eda<\/span><\/a><\/p>\n<\/div>\n<\/div>\n<\/div>\n<\/div>\n<div class=\"oKdM2c ZZyype\">\n<div id=\"h.ba134786f2af6c_14\" class=\"hJDwNd-AhqUyc-qWD73c Ft7HRd-AhqUyc-qWD73c jXK9ad D2fZ2 zu5uec JYTMs\">\n<div class=\"jXK9ad-SmKAyb\">\n<div class=\"tyJCtd mGzaTb Depvyb baZpAe\">\n<p class=\"CDt4Ke zfr3Q\" dir=\"ltr\"><span class=\" puwcIf\"><strong>Biblioteca<\/strong><\/span><\/p>\n<p class=\"CDt4Ke zfr3Q\" dir=\"ltr\"><span class=\" aw5Odc\"><a class=\"XqQF9c\" href=\"https:\/\/site.educa.madrid.org\/eoi.jesusmaestro.madrid\/index.php\/biblioteca-multilingue\/\" target=\"_blank\" rel=\"noopener\">Acceso a la p\u00e1gina de biblioteca<\/a><\/span><\/p>\n<\/div>\n<\/div>\n<\/div>\n<\/div>\n<div class=\"oKdM2c ZZyype\">\n<div id=\"h.ba134786f2af6c_19\" class=\"hJDwNd-AhqUyc-qWD73c Ft7HRd-AhqUyc-qWD73c jXK9ad D2fZ2 zu5uec wHaque g5GTcb JYTMs\">\n<div class=\"jXK9ad-SmKAyb\">\n<div class=\"tyJCtd mGzaTb Depvyb baZpAe\">\n<p class=\"CDt4Ke zfr3Q\" dir=\"ltr\"><span class=\" puwcIf\"><strong>Departamentos (Idiomas)<\/strong><\/span><\/p>\n<p class=\"CDt4Ke zfr3Q\" dir=\"ltr\"><span class=\" aw5Odc\"><a class=\"XqQF9c\" href=\"https:\/\/site.educa.madrid.org\/eoi.jesusmaestro.madrid\/index.php\/idiomas\/\" target=\"_blank\" rel=\"noopener\">Acceso a la p\u00e1gina de departamentos<\/a><\/span><\/p>\n<p class=\"CDt4Ke zfr3Q\" dir=\"ltr\">\n<\/div>\n<\/div>\n<\/div>\n<\/div>\n<\/div>\n\t\t<\/div><\/div><\/div><div id=\"pgc-2963-1-2\"  class=\"panel-grid-cell\" ><div id=\"panel-2963-1-2-0\" class=\"widget_text so-panel widget widget_custom_html panel-first-child panel-last-child\" data-index=\"2\" ><div class=\"widget_text panel-widget-style panel-widget-style-for-2963-1-2-0\" ><div class=\"textwidget custom-html-widget\"><iframe src=\"https:\/\/www.google.com\/maps\/embed?pb=!1m14!1m8!1m3!1d6073.1342634666225!2d-3.7113!3d40.440583!3m2!1i1024!2i768!4f13.1!3m3!1m2!1s0xd42285b1df1c7e3%3A0x326a80a1aec4c5b7!2sC.%20Jes%C3%BAs%20Maestro%2C%205%2C%2028003%20Madrid%2C%20Espa%C3%B1a!5e0!3m2!1ses!2sus!4v1653994460321!5m2!1ses!2sus\" width=\"600\" height=\"450\" style=\"border:0;\" allowfullscreen=\"\" loading=\"lazy\" referrerpolicy=\"no-referrer-when-downgrade\"><\/iframe><\/div><\/div><\/div><\/div><div id=\"pgc-2963-1-3\"  class=\"panel-grid-cell\" ><div id=\"panel-2963-1-3-0\" class=\"so-panel widget widget_sow-social-media-buttons panel-first-child panel-last-child\" data-index=\"3\" ><div\n\t\t\t\n\t\t\tclass=\"so-widget-sow-social-media-buttons so-widget-sow-social-media-buttons-atom-78117bea0874-2963\"\n\t\t\t\n\t\t>\n\n<div class=\"social-media-button-container\">\n\t\n\t\t<a class=\"ow-button-hover sow-social-media-button-x-twitter-0 sow-social-media-button\" title=\" en X Twitter\" aria-label=\" en X Twitter\" target=\"_blank\" rel=\"noopener noreferrer\" href=\"https:\/\/twitter.com\/EOIjesusmaestro\" >\n\t\t\t<span>\n\t\t\t\t\t\t\t\t<span class=\"sow-icon-fontawesome sow-fab\" data-sow-icon=\"&#xe61b;\"\n\t\t \n\t\taria-hidden=\"true\"><\/span>\t\t\t\t\t\t\t<\/span>\n\t\t<\/a>\n\t\n\t\t<a class=\"ow-button-hover sow-social-media-button-instagram-0 sow-social-media-button\" title=\" en Instagram\" aria-label=\" en Instagram\" target=\"_blank\" rel=\"noopener noreferrer\" href=\"https:\/\/instagram.com\/jesusmaestroeoi\" >\n\t\t\t<span>\n\t\t\t\t\t\t\t\t<span class=\"sow-icon-fontawesome sow-fab\" data-sow-icon=\"&#xf16d;\"\n\t\t \n\t\taria-hidden=\"true\"><\/span>\t\t\t\t\t\t\t<\/span>\n\t\t<\/a>\n\t<\/div>\n<\/div><\/div><\/div><\/div><\/div><div id=\"pg-2963-2\"  class=\"panel-grid panel-has-style\" ><div class=\"panel-row-style panel-row-style-for-2963-2\" ><div id=\"pgc-2963-2-0\"  class=\"panel-grid-cell\" ><div id=\"panel-2963-2-0-0\" class=\"so-panel widget widget_sow-image panel-first-child panel-last-child\" data-index=\"4\" ><div\n\t\t\t\n\t\t\tclass=\"so-widget-sow-image so-widget-sow-image-default-113ccd71f3e6-2963\"\n\t\t\t\n\t\t>\n\n<div class=\"sow-image-container\">\n\t\t\t<a href=\"http:\/\/www.erasmusplus.gob.es\/\"\n\t\t\ttarget=\"_blank\" rel=\"noopener noreferrer\" \t\t>\n\t\t\t<img loading=\"lazy\" decoding=\"async\" src=\"https:\/\/site.educa.madrid.org\/eoi.jesusmaestro.madrid\/\/wp-content\/uploads\/eoi.jesusmaestro.madrid\/2022\/04\/Log-Erasmus.jpg\" width=\"167\" height=\"32\" srcset=\"https:\/\/site.educa.madrid.org\/eoi.jesusmaestro.madrid\/\/wp-content\/uploads\/eoi.jesusmaestro.madrid\/2022\/04\/Log-Erasmus.jpg 167w, https:\/\/site.educa.madrid.org\/eoi.jesusmaestro.madrid\/\/wp-content\/uploads\/eoi.jesusmaestro.madrid\/2022\/04\/Log-Erasmus-100x19.jpg 100w\" sizes=\"auto, (max-width: 167px) 100vw, 167px\" alt=\"Logotipo Erasmus\" \t\tclass=\"so-widget-image\"\/>\n\t<\/a><\/div>\n\n<\/div><\/div><\/div><div id=\"pgc-2963-2-1\"  class=\"panel-grid-cell\" ><div id=\"panel-2963-2-1-0\" class=\"so-panel widget widget_sow-image panel-first-child panel-last-child\" data-index=\"5\" ><div\n\t\t\t\n\t\t\tclass=\"so-widget-sow-image so-widget-sow-image-default-113ccd71f3e6-2963\"\n\t\t\t\n\t\t>\n\n<div class=\"sow-image-container\">\n\t\t\t<a href=\"https:\/\/www.educa2.madrid.org\/educamadrid\/\"\n\t\t\ttarget=\"_blank\" rel=\"noopener noreferrer\" \t\t>\n\t\t\t<img loading=\"lazy\" decoding=\"async\" src=\"https:\/\/site.educa.madrid.org\/eoi.jesusmaestro.madrid\/\/wp-content\/uploads\/eoi.jesusmaestro.madrid\/2022\/04\/Log-Educa-Madrid.jpg\" width=\"244\" height=\"39\" srcset=\"https:\/\/site.educa.madrid.org\/eoi.jesusmaestro.madrid\/\/wp-content\/uploads\/eoi.jesusmaestro.madrid\/2022\/04\/Log-Educa-Madrid.jpg 244w, https:\/\/site.educa.madrid.org\/eoi.jesusmaestro.madrid\/\/wp-content\/uploads\/eoi.jesusmaestro.madrid\/2022\/04\/Log-Educa-Madrid-100x16.jpg 100w\" sizes=\"auto, (max-width: 244px) 100vw, 244px\" alt=\"Logotipo Educa Madrid\" \t\tclass=\"so-widget-image\"\/>\n\t<\/a><\/div>\n\n<\/div><\/div><\/div><div id=\"pgc-2963-2-2\"  class=\"panel-grid-cell\" ><div id=\"panel-2963-2-2-0\" class=\"so-panel widget widget_sow-image panel-first-child panel-last-child\" data-index=\"6\" ><div\n\t\t\t\n\t\t\tclass=\"so-widget-sow-image so-widget-sow-image-default-113ccd71f3e6-2963\"\n\t\t\t\n\t\t>\n\n<div class=\"sow-image-container\">\n\t\t\t<a href=\"https:\/\/www.comunidad.madrid\/\"\n\t\t\ttarget=\"_blank\" rel=\"noopener noreferrer\" \t\t>\n\t\t\t<img loading=\"lazy\" decoding=\"async\" src=\"https:\/\/site.educa.madrid.org\/eoi.jesusmaestro.madrid\/\/wp-content\/uploads\/eoi.jesusmaestro.madrid\/2023\/11\/2023-07-Membrete.jpg\" width=\"150\" height=\"52\" srcset=\"https:\/\/site.educa.madrid.org\/eoi.jesusmaestro.madrid\/\/wp-content\/uploads\/eoi.jesusmaestro.madrid\/2023\/11\/2023-07-Membrete.jpg 1090w, https:\/\/site.educa.madrid.org\/eoi.jesusmaestro.madrid\/\/wp-content\/uploads\/eoi.jesusmaestro.madrid\/2023\/11\/2023-07-Membrete-300x103.jpg 300w, https:\/\/site.educa.madrid.org\/eoi.jesusmaestro.madrid\/\/wp-content\/uploads\/eoi.jesusmaestro.madrid\/2023\/11\/2023-07-Membrete-1024x353.jpg 1024w, https:\/\/site.educa.madrid.org\/eoi.jesusmaestro.madrid\/\/wp-content\/uploads\/eoi.jesusmaestro.madrid\/2023\/11\/2023-07-Membrete-768x265.jpg 768w\" sizes=\"auto, (max-width: 150px) 100vw, 150px\" title=\"2023 07 Membrete\" alt=\"\" \t\tclass=\"so-widget-image\"\/>\n\t<\/a><\/div>\n\n<\/div><\/div><\/div><\/div><\/div><\/div>","protected":false},"excerpt":{"rendered":"<p>Informaci\u00f3n Preguntas frecuentes Por favor, consulta nuestras preguntas frecuentes antes de solicitar informaci\u00f3n info.eoi.jesusmaestro@madrid.org Se recuerda que esta es la \u00fanica direcci\u00f3n que debe usarse para solicitar informaci\u00f3n general sobre la escuela (admisi\u00f3n, oferta horaria, vacantes, Erasmus&#8230;.).\u00a0Las consultas recibidas en otras direcciones pueden no ser respondidas. Gracias por la comprensi\u00f3n.\u00a0 TODO CORREO ELECTR\u00d3NICO QUE SE &hellip; <\/p>\n<p class=\"link-more\"><a href=\"https:\/\/site.educa.madrid.org\/eoi.jesusmaestro.madrid\/index.php\/donde-estamos\/\" class=\"more-link\">Continuar leyendo<span class=\"screen-reader-text\"> \u00abCONTACTO\u00bb<\/span><\/a><\/p>\n","protected":false},"author":7,"featured_media":0,"parent":0,"menu_order":0,"comment_status":"closed","ping_status":"closed","template":"rttpg_full_width","meta":{"footnotes":""},"folder":[],"class_list":["post-2963","page","type-page","status-publish","hentry"],"rttpg_featured_image_url":null,"rttpg_author":{"display_name":"Javier Mu\u00f1oz","author_link":"https:\/\/site.educa.madrid.org\/eoi.jesusmaestro.madrid\/index.php\/author\/javier_muoz\/"},"rttpg_comment":0,"rttpg_category":false,"rttpg_excerpt":"Informaci\u00f3n Preguntas frecuentes Por favor, consulta nuestras preguntas frecuentes antes de solicitar informaci\u00f3n info.eoi.jesusmaestro@madrid.org Se recuerda que esta es la \u00fanica direcci\u00f3n que debe usarse para solicitar informaci\u00f3n general sobre la escuela (admisi\u00f3n, oferta horaria, vacantes, Erasmus....).\u00a0Las consultas recibidas en otras direcciones pueden no ser respondidas. Gracias por la comprensi\u00f3n.\u00a0 TODO CORREO ELECTR\u00d3NICO QUE SE&hellip;","post_mailing_queue_ids":[],"_links":{"self":[{"href":"https:\/\/site.educa.madrid.org\/eoi.jesusmaestro.madrid\/index.php\/wp-json\/wp\/v2\/pages\/2963","targetHints":{"allow":["GET"]}}],"collection":[{"href":"https:\/\/site.educa.madrid.org\/eoi.jesusmaestro.madrid\/index.php\/wp-json\/wp\/v2\/pages"}],"about":[{"href":"https:\/\/site.educa.madrid.org\/eoi.jesusmaestro.madrid\/index.php\/wp-json\/wp\/v2\/types\/page"}],"author":[{"embeddable":true,"href":"https:\/\/site.educa.madrid.org\/eoi.jesusmaestro.madrid\/index.php\/wp-json\/wp\/v2\/users\/7"}],"replies":[{"embeddable":true,"href":"https:\/\/site.educa.madrid.org\/eoi.jesusmaestro.madrid\/index.php\/wp-json\/wp\/v2\/comments?post=2963"}],"version-history":[{"count":51,"href":"https:\/\/site.educa.madrid.org\/eoi.jesusmaestro.madrid\/index.php\/wp-json\/wp\/v2\/pages\/2963\/revisions"}],"predecessor-version":[{"id":13092,"href":"https:\/\/site.educa.madrid.org\/eoi.jesusmaestro.madrid\/index.php\/wp-json\/wp\/v2\/pages\/2963\/revisions\/13092"}],"wp:attachment":[{"href":"https:\/\/site.educa.madrid.org\/eoi.jesusmaestro.madrid\/index.php\/wp-json\/wp\/v2\/media?parent=2963"}],"wp:term":[{"taxonomy":"folder","embeddable":true,"href":"https:\/\/site.educa.madrid.org\/eoi.jesusmaestro.madrid\/index.php\/wp-json\/wp\/v2\/folder?post=2963"}],"curies":[{"name":"wp","href":"https:\/\/api.w.org\/{rel}","templated":true}]}}