{"id":2998,"date":"2022-05-31T12:10:01","date_gmt":"2022-05-31T10:10:01","guid":{"rendered":"https:\/\/site.educa.madrid.org\/eoi.jesusmaestro.madrid\/?page_id=2998"},"modified":"2026-03-04T11:58:04","modified_gmt":"2026-03-04T10:58:04","slug":"alumnado","status":"publish","type":"page","link":"https:\/\/site.educa.madrid.org\/eoi.jesusmaestro.madrid\/index.php\/alumnado\/","title":{"rendered":"ALUMNADO"},"content":{"rendered":"<div id=\"pl-2998\"  class=\"panel-layout\" ><div id=\"pg-2998-0\"  class=\"panel-grid panel-has-style\" ><div class=\"siteorigin-panels-stretch panel-row-style panel-row-style-for-2998-0\" data-stretch-type=\"full\" ><div id=\"pgc-2998-0-0\"  class=\"panel-grid-cell panel-grid-cell-empty\" ><\/div><div id=\"pgc-2998-0-1\"  class=\"panel-grid-cell\" ><div id=\"panel-2998-0-1-0\" class=\"so-panel widget widget_sow-headline panel-first-child panel-last-child\" data-index=\"0\" ><div\n\t\t\t\n\t\t\tclass=\"so-widget-sow-headline so-widget-sow-headline-default-2cdd6b2d5056-2998\"\n\t\t\t\n\t\t><div class=\"sow-headline-container \">\n\t\t\t\t\t\t\t<h2 class=\"sow-headline\">\n\t\t\t\t\t\tAlumnado de la escuela\t\t\t\t\t\t<\/h2>\n\t\t\t\t\t\t\t\t\t\t\t<div class=\"decoration\">\n\t\t\t\t\t\t<div class=\"decoration-inside\"><\/div>\n\t\t\t\t\t<\/div>\n\t\t\t\t\t\t\t\t\t\t\t<h3 class=\"sow-sub-headline\">\n\t\t\t\t\t\tEn esta secci\u00f3n encontrar\u00e1s la informaci\u00f3n que necesitas como alumno de la EOI Jes\u00fas Maestro\t\t\t\t\t\t<\/h3>\n\t\t\t\t\t\t<\/div>\n<\/div><\/div><\/div><\/div><\/div><div id=\"pg-2998-1\"  class=\"panel-grid panel-has-style\" ><div class=\"siteorigin-panels-stretch panel-row-style panel-row-style-for-2998-1\" data-stretch-type=\"full-width-stretch\" ><div id=\"pgc-2998-1-0\"  class=\"panel-grid-cell panel-grid-cell-empty\" ><\/div><\/div><\/div><div id=\"pg-2998-2\"  class=\"panel-grid panel-has-style\" ><div class=\"panel-row-style panel-row-style-for-2998-2\" ><div id=\"pgc-2998-2-0\"  class=\"panel-grid-cell panel-grid-cell-empty\" ><\/div><div id=\"pgc-2998-2-1\"  class=\"panel-grid-cell\" ><div id=\"panel-2998-2-1-0\" class=\"so-panel widget widget_sow-button panel-first-child panel-last-child\" data-index=\"1\" ><div\n\t\t\t\n\t\t\tclass=\"so-widget-sow-button so-widget-sow-button-atom-a68c7611122f-2998\"\n\t\t\t\n\t\t><div class=\"ow-button-base ow-button-align-justify\">\n\t<a\n\thref=\"https:\/\/site.educa.madrid.org\/eoi.jesusmaestro.madrid\/index.php\/curso2025_2026\/\"\n\t\tclass=\"ow-icon-placement-right ow-button-hover\" \t>\n\t\t<span>\n\t\t\t\n\t\t\tCURSO 2025-26\t\t<\/span>\n\t<\/a>\n<\/div>\n<\/div><\/div><\/div><div id=\"pgc-2998-2-2\"  class=\"panel-grid-cell\" ><div id=\"panel-2998-2-2-0\" class=\"so-panel widget widget_sow-button panel-first-child panel-last-child\" data-index=\"2\" ><div\n\t\t\t\n\t\t\tclass=\"so-widget-sow-button so-widget-sow-button-atom-cd75e373f82a-2998\"\n\t\t\t\n\t\t><div class=\"ow-button-base ow-button-align-justify\">\n\t<a\n\thref=\"https:\/\/site.educa.madrid.org\/eoi.jesusmaestro.madrid\/index.php\/preguntas-frecuentes\/\"\n\t\tclass=\"ow-icon-placement-right ow-button-hover\" target=\"_blank\" rel=\"noopener noreferrer\" \t>\n\t\t<span>\n\t\t\t\n\t\t\tPreguntas frecuentes\t\t<\/span>\n\t<\/a>\n<\/div>\n<\/div><\/div><\/div><div id=\"pgc-2998-2-3\"  class=\"panel-grid-cell panel-grid-cell-mobile-last\" ><div id=\"panel-2998-2-3-0\" class=\"so-panel widget widget_sow-button panel-first-child panel-last-child\" data-index=\"3\" ><div\n\t\t\t\n\t\t\tclass=\"so-widget-sow-button so-widget-sow-button-atom-a68c7611122f-2998\"\n\t\t\t\n\t\t><div class=\"ow-button-base ow-button-align-justify\">\n\t<a\n\thref=\"https:\/\/site.educa.madrid.org\/eoi.jesusmaestro.madrid\/index.php\/oferta-educativa_\/\"\n\t\tclass=\"ow-icon-placement-right ow-button-hover\" target=\"_blank\" rel=\"noopener noreferrer\" \t>\n\t\t<span>\n\t\t\t\n\t\t\tOferta educativa\t\t<\/span>\n\t<\/a>\n<\/div>\n<\/div><\/div><\/div><div id=\"pgc-2998-2-4\"  class=\"panel-grid-cell panel-grid-cell-empty\" ><\/div><\/div><\/div><div id=\"pg-2998-3\"  class=\"panel-grid panel-has-style\" ><div class=\"panel-row-style panel-row-style-for-2998-3\" ><div id=\"pgc-2998-3-0\"  class=\"panel-grid-cell\" ><div id=\"panel-2998-3-0-0\" class=\"so-panel widget widget_sow-button panel-first-child panel-last-child\" data-index=\"4\" ><div\n\t\t\t\n\t\t\tclass=\"so-widget-sow-button so-widget-sow-button-atom-cd75e373f82a-2998\"\n\t\t\t\n\t\t><div class=\"ow-button-base ow-button-align-justify\">\n\t<a\n\thref=\"https:\/\/site.educa.madrid.org\/eoi.jesusmaestro.madrid\/index.php\/evaluacion\/\"\n\t\tclass=\"ow-icon-placement-right ow-button-hover\" \t>\n\t\t<span>\n\t\t\t\n\t\t\tEvaluaci\u00f3n y ex\u00e1menes libres\t\t<\/span>\n\t<\/a>\n<\/div>\n<\/div><\/div><\/div><div id=\"pgc-2998-3-1\"  class=\"panel-grid-cell\" ><div id=\"panel-2998-3-1-0\" class=\"so-panel widget widget_sow-button panel-first-child panel-last-child\" data-index=\"5\" ><div\n\t\t\t\n\t\t\tclass=\"so-widget-sow-button so-widget-sow-button-atom-cd75e373f82a-2998\"\n\t\t\t\n\t\t><div class=\"ow-button-base ow-button-align-justify\">\n\t<a\n\thref=\"https:\/\/site.educa.madrid.org\/eoi.jesusmaestro.madrid\/index.php\/raices\/\"\n\t\tclass=\"ow-icon-placement-right ow-button-hover\" \t>\n\t\t<span>\n\t\t\t\n\t\t\tPerfil digital\t\t<\/span>\n\t<\/a>\n<\/div>\n<\/div><\/div><\/div><div id=\"pgc-2998-3-2\"  class=\"panel-grid-cell\" ><div id=\"panel-2998-3-2-0\" class=\"so-panel widget widget_sow-button panel-first-child panel-last-child\" data-index=\"6\" ><div\n\t\t\t\n\t\t\tclass=\"so-widget-sow-button so-widget-sow-button-atom-cd75e373f82a-2998\"\n\t\t\t\n\t\t><div class=\"ow-button-base ow-button-align-justify\">\n\t<a\n\thref=\"https:\/\/site.educa.madrid.org\/eoi.jesusmaestro.madrid\/index.php\/participacion-del-alumnado\/\"\n\t\tclass=\"ow-icon-placement-right ow-button-hover\" \t>\n\t\t<span>\n\t\t\t\n\t\t\tParticipaci\u00f3n, derechos y deberes\t\t<\/span>\n\t<\/a>\n<\/div>\n<\/div><\/div><\/div><div id=\"pgc-2998-3-3\"  class=\"panel-grid-cell\" ><div id=\"panel-2998-3-3-0\" class=\"so-panel widget widget_sow-button panel-first-child panel-last-child\" data-index=\"7\" ><div\n\t\t\t\n\t\t\tclass=\"so-widget-sow-button so-widget-sow-button-atom-cd75e373f82a-2998\"\n\t\t\t\n\t\t><div class=\"ow-button-base ow-button-align-justify\">\n\t<a\n\thref=\"https:\/\/site.educa.madrid.org\/eoi.jesusmaestro.madrid\/index.php\/intercambios\/\"\n\t\tclass=\"ow-icon-placement-right ow-button-hover\" target=\"_blank\" rel=\"noopener noreferrer\" \t>\n\t\t<span>\n\t\t\t\n\t\t\tIntercambios\t\t<\/span>\n\t<\/a>\n<\/div>\n<\/div><\/div><\/div><\/div><\/div><\/div>","protected":false},"excerpt":{"rendered":"<p>Alumnado de la escuela En esta secci\u00f3n encontrar\u00e1s la informaci\u00f3n que necesitas como alumno de la EOI Jes\u00fas Maestro CURSO 2025-26 Preguntas frecuentes Oferta educativa Evaluaci\u00f3n y ex\u00e1menes libres Perfil digital Participaci\u00f3n, derechos y deberes Intercambios<\/p>\n","protected":false},"author":7,"featured_media":0,"parent":0,"menu_order":0,"comment_status":"closed","ping_status":"closed","template":"rttpg_full_width","meta":{"footnotes":""},"folder":[],"class_list":["post-2998","page","type-page","status-publish","hentry"],"rttpg_featured_image_url":null,"rttpg_author":{"display_name":"Javier Mu\u00f1oz","author_link":"https:\/\/site.educa.madrid.org\/eoi.jesusmaestro.madrid\/index.php\/author\/javier_muoz\/"},"rttpg_comment":0,"rttpg_category":false,"rttpg_excerpt":"Alumnado de la escuela En esta secci\u00f3n encontrar\u00e1s la informaci\u00f3n que necesitas como alumno de la EOI Jes\u00fas Maestro CURSO 2025-26 Preguntas frecuentes Oferta educativa Evaluaci\u00f3n y ex\u00e1menes libres Perfil digital Participaci\u00f3n, derechos y deberes Intercambios","post_mailing_queue_ids":[],"_links":{"self":[{"href":"https:\/\/site.educa.madrid.org\/eoi.jesusmaestro.madrid\/index.php\/wp-json\/wp\/v2\/pages\/2998","targetHints":{"allow":["GET"]}}],"collection":[{"href":"https:\/\/site.educa.madrid.org\/eoi.jesusmaestro.madrid\/index.php\/wp-json\/wp\/v2\/pages"}],"about":[{"href":"https:\/\/site.educa.madrid.org\/eoi.jesusmaestro.madrid\/index.php\/wp-json\/wp\/v2\/types\/page"}],"author":[{"embeddable":true,"href":"https:\/\/site.educa.madrid.org\/eoi.jesusmaestro.madrid\/index.php\/wp-json\/wp\/v2\/users\/7"}],"replies":[{"embeddable":true,"href":"https:\/\/site.educa.madrid.org\/eoi.jesusmaestro.madrid\/index.php\/wp-json\/wp\/v2\/comments?post=2998"}],"version-history":[{"count":50,"href":"https:\/\/site.educa.madrid.org\/eoi.jesusmaestro.madrid\/index.php\/wp-json\/wp\/v2\/pages\/2998\/revisions"}],"predecessor-version":[{"id":12967,"href":"https:\/\/site.educa.madrid.org\/eoi.jesusmaestro.madrid\/index.php\/wp-json\/wp\/v2\/pages\/2998\/revisions\/12967"}],"wp:attachment":[{"href":"https:\/\/site.educa.madrid.org\/eoi.jesusmaestro.madrid\/index.php\/wp-json\/wp\/v2\/media?parent=2998"}],"wp:term":[{"taxonomy":"folder","embeddable":true,"href":"https:\/\/site.educa.madrid.org\/eoi.jesusmaestro.madrid\/index.php\/wp-json\/wp\/v2\/folder?post=2998"}],"curies":[{"name":"wp","href":"https:\/\/api.w.org\/{rel}","templated":true}]}}