{"id":3593,"date":"2022-06-08T18:46:12","date_gmt":"2022-06-08T16:46:12","guid":{"rendered":"https:\/\/site.educa.madrid.org\/eoi.jesusmaestro.madrid\/?page_id=3593"},"modified":"2026-02-16T15:45:24","modified_gmt":"2026-02-16T14:45:24","slug":"quienes-somos-ok","status":"publish","type":"page","link":"https:\/\/site.educa.madrid.org\/eoi.jesusmaestro.madrid\/index.php\/quienes-somos-ok\/","title":{"rendered":"A FONDO"},"content":{"rendered":"<div id=\"pl-3593\"  class=\"panel-layout\" ><div id=\"pg-3593-0\"  class=\"panel-grid panel-has-style\" ><div class=\"siteorigin-panels-stretch panel-row-style panel-row-style-for-3593-0\" data-stretch-type=\"full\" ><div id=\"pgc-3593-0-0\"  class=\"panel-grid-cell panel-grid-cell-empty\" ><\/div><div id=\"pgc-3593-0-1\"  class=\"panel-grid-cell\" ><div id=\"panel-3593-0-1-0\" class=\"so-panel widget widget_sow-headline panel-first-child panel-last-child\" data-index=\"0\" ><div\n\t\t\t\n\t\t\tclass=\"so-widget-sow-headline so-widget-sow-headline-default-2cdd6b2d5056-3593\"\n\t\t\t\n\t\t><div class=\"sow-headline-container \">\n\t\t\t\t\t\t\t<h2 class=\"sow-headline\">\n\t\t\t\t\t\tLas EOI, a fondo\t\t\t\t\t\t<\/h2>\n\t\t\t\t\t\t\t\t\t\t\t<div class=\"decoration\">\n\t\t\t\t\t\t<div class=\"decoration-inside\"><\/div>\n\t\t\t\t\t<\/div>\n\t\t\t\t\t\t\t\t\t\t\t<h3 class=\"sow-sub-headline\">\n\t\t\t\t\t\tConoce a fondo la EOI Jes\u00fas Maestro y, en general, la Escuela Oficial de Idiomas, una instituci\u00f3n que ha contribuido de manera decisiva a la formaci\u00f3n ling\u00fc\u00edstica de generaciones y generaciones de ciudadanos\t\t\t\t\t\t<\/h3>\n\t\t\t\t\t\t<\/div>\n<\/div><\/div><\/div><\/div><\/div><div id=\"pg-3593-1\"  class=\"panel-grid panel-has-style\" ><div class=\"siteorigin-panels-stretch panel-row-style panel-row-style-for-3593-1\" data-stretch-type=\"full-width-stretch\" ><div id=\"pgc-3593-1-0\"  class=\"panel-grid-cell panel-grid-cell-empty\" ><\/div><\/div><\/div><div id=\"pg-3593-2\"  class=\"panel-grid panel-has-style\" ><div class=\"siteorigin-panels-stretch panel-row-style panel-row-style-for-3593-2\" data-stretch-type=\"full-width-stretch\" ><div id=\"pgc-3593-2-0\"  class=\"panel-grid-cell panel-grid-cell-empty\" ><\/div><div id=\"pgc-3593-2-1\"  class=\"panel-grid-cell panel-grid-cell-mobile-last\" ><div class=\"panel-cell-style panel-cell-style-for-3593-2-1\" ><div id=\"panel-3593-2-1-0\" class=\"so-panel widget widget_sow-headline panel-first-child\" data-index=\"1\" ><div\n\t\t\t\n\t\t\tclass=\"so-widget-sow-headline so-widget-sow-headline-default-4ea82038e37f-3593\"\n\t\t\t\n\t\t><div class=\"sow-headline-container \">\n\t\t\t\t\t\t\t<h2 class=\"sow-headline\">\n\t\t\t\t\t\tEnse\u00f1anza oficial y certificaci\u00f3n\t\t\t\t\t\t<\/h2>\n\t\t\t\t\t\t\t\t\t\t\t\t<h4 class=\"sow-sub-headline\">\n\t\t\t\t\t\t\t\t\t\t\t\t\t<a href=\"https:\/\/site.educa.madrid.org\/eoi.jesusmaestro.madrid\/index.php\/ensenanza-oficial-y-certificacion\/\" >\n\t\t\t\t\t\t\t\tAccede a toda la informaci\u00f3n<\/a>\t\t\t\t\t\t<\/h4>\n\t\t\t\t\t\t\t\t\t\t\t<div class=\"decoration\">\n\t\t\t\t\t\t<div class=\"decoration-inside\"><\/div>\n\t\t\t\t\t<\/div>\n\t\t\t\t\t<\/div>\n<\/div><\/div><div id=\"panel-3593-2-1-1\" class=\"so-panel widget widget_sow-headline\" data-index=\"2\" ><div\n\t\t\t\n\t\t\tclass=\"so-widget-sow-headline so-widget-sow-headline-default-4ea82038e37f-3593\"\n\t\t\t\n\t\t><div class=\"sow-headline-container \">\n\t\t\t\t\t\t\t<h2 class=\"sow-headline\">\n\t\t\t\t\t\tComunidad educativa extensa y plural\t\t\t\t\t\t<\/h2>\n\t\t\t\t\t\t\t\t\t\t\t\t<h4 class=\"sow-sub-headline\">\n\t\t\t\t\t\t\t\t\t\t\t\t\t<a href=\"https:\/\/site.educa.madrid.org\/eoi.jesusmaestro.madrid\/index.php\/comunidad-educativa-extensa-y-plural\/\" >\n\t\t\t\t\t\t\t\tAccede a toda la informaci\u00f3n<\/a>\t\t\t\t\t\t<\/h4>\n\t\t\t\t\t\t\t\t\t\t\t<div class=\"decoration\">\n\t\t\t\t\t\t<div class=\"decoration-inside\"><\/div>\n\t\t\t\t\t<\/div>\n\t\t\t\t\t<\/div>\n<\/div><\/div><div id=\"panel-3593-2-1-2\" class=\"so-panel widget widget_sow-headline\" data-index=\"3\" ><div\n\t\t\t\n\t\t\tclass=\"so-widget-sow-headline so-widget-sow-headline-default-4ea82038e37f-3593\"\n\t\t\t\n\t\t><div class=\"sow-headline-container \">\n\t\t\t\t\t\t\t<h2 class=\"sow-headline\">\n\t\t\t\t\t\tProyectos y colaboraci\u00f3n institucional\t\t\t\t\t\t<\/h2>\n\t\t\t\t\t\t\t\t\t\t\t\t<h4 class=\"sow-sub-headline\">\n\t\t\t\t\t\t\t\t\t\t\t\t\t<a href=\"https:\/\/site.educa.madrid.org\/eoi.jesusmaestro.madrid\/index.php\/colaboracion-y-proyectos\/\" >\n\t\t\t\t\t\t\t\tAccede a toda la informaci\u00f3n<\/a>\t\t\t\t\t\t<\/h4>\n\t\t\t\t\t\t\t\t\t\t\t<div class=\"decoration\">\n\t\t\t\t\t\t<div class=\"decoration-inside\"><\/div>\n\t\t\t\t\t<\/div>\n\t\t\t\t\t<\/div>\n<\/div><\/div><div id=\"panel-3593-2-1-3\" class=\"so-panel widget widget_sow-headline\" data-index=\"4\" ><div\n\t\t\t\n\t\t\tclass=\"so-widget-sow-headline so-widget-sow-headline-default-4ea82038e37f-3593\"\n\t\t\t\n\t\t><div class=\"sow-headline-container \">\n\t\t\t\t\t\t\t<h2 class=\"sow-headline\">\n\t\t\t\t\t\tActividad cultural\t\t\t\t\t\t<\/h2>\n\t\t\t\t\t\t\t\t\t\t\t\t<h4 class=\"sow-sub-headline\">\n\t\t\t\t\t\t\t\t\t\t\t\t\t<a href=\"https:\/\/site.educa.madrid.org\/eoi.jesusmaestro.madrid\/index.php\/05-actividad-cultural\/\" >\n\t\t\t\t\t\t\t\tAccede a toda la informaci\u00f3n<\/a>\t\t\t\t\t\t<\/h4>\n\t\t\t\t\t\t\t\t\t\t\t<div class=\"decoration\">\n\t\t\t\t\t\t<div class=\"decoration-inside\"><\/div>\n\t\t\t\t\t<\/div>\n\t\t\t\t\t<\/div>\n<\/div><\/div><div id=\"panel-3593-2-1-4\" class=\"so-panel widget widget_sow-headline panel-last-child\" data-index=\"5\" ><div\n\t\t\t\n\t\t\tclass=\"so-widget-sow-headline so-widget-sow-headline-default-4ea82038e37f-3593\"\n\t\t\t\n\t\t><div class=\"sow-headline-container \">\n\t\t\t\t\t\t\t<h2 class=\"sow-headline\">\n\t\t\t\t\t\tMemoria de una instituci\u00f3n centenaria\t\t\t\t\t\t<\/h2>\n\t\t\t\t\t\t\t\t\t\t\t\t<h4 class=\"sow-sub-headline\">\n\t\t\t\t\t\t\t\t\t\t\t\t\t<a href=\"https:\/\/site.educa.madrid.org\/eoi.jesusmaestro.madrid\/index.php\/memoria-de-una-institucion-centenaria\/\" >\n\t\t\t\t\t\t\t\tAccede a toda la informaci\u00f3n<\/a>\t\t\t\t\t\t<\/h4>\n\t\t\t\t\t\t\t\t\t\t\t<div class=\"decoration\">\n\t\t\t\t\t\t<div class=\"decoration-inside\"><\/div>\n\t\t\t\t\t<\/div>\n\t\t\t\t\t<\/div>\n<\/div><\/div><\/div><\/div><div id=\"pgc-3593-2-2\"  class=\"panel-grid-cell panel-grid-cell-empty\" ><\/div><\/div><\/div><\/div>","protected":false},"excerpt":{"rendered":"<p>Las EOI, a fondo Conoce a fondo la EOI Jes\u00fas Maestro y, en general, la Escuela Oficial de Idiomas, una instituci\u00f3n que ha contribuido de manera decisiva a la formaci\u00f3n ling\u00fc\u00edstica de generaciones y generaciones de ciudadanos Ense\u00f1anza oficial y certificaci\u00f3n Accede a toda la informaci\u00f3n Comunidad educativa extensa y plural Accede a toda la &hellip; <\/p>\n<p class=\"link-more\"><a href=\"https:\/\/site.educa.madrid.org\/eoi.jesusmaestro.madrid\/index.php\/quienes-somos-ok\/\" class=\"more-link\">Continuar leyendo<span class=\"screen-reader-text\"> \u00abA FONDO\u00bb<\/span><\/a><\/p>\n","protected":false},"author":7,"featured_media":0,"parent":0,"menu_order":0,"comment_status":"closed","ping_status":"closed","template":"rttpg_full_width","meta":{"footnotes":""},"folder":[],"class_list":["post-3593","page","type-page","status-publish","hentry"],"rttpg_featured_image_url":null,"rttpg_author":{"display_name":"Javier Mu\u00f1oz","author_link":"https:\/\/site.educa.madrid.org\/eoi.jesusmaestro.madrid\/index.php\/author\/javier_muoz\/"},"rttpg_comment":0,"rttpg_category":false,"rttpg_excerpt":"Las EOI, a fondo Conoce a fondo la EOI Jes\u00fas Maestro y, en general, la Escuela Oficial de Idiomas, una instituci\u00f3n que ha contribuido de manera decisiva a la formaci\u00f3n ling\u00fc\u00edstica de generaciones y generaciones de ciudadanos Ense\u00f1anza oficial y certificaci\u00f3n Accede a toda la informaci\u00f3n Comunidad educativa extensa y plural Accede a toda la&hellip;","post_mailing_queue_ids":[],"_links":{"self":[{"href":"https:\/\/site.educa.madrid.org\/eoi.jesusmaestro.madrid\/index.php\/wp-json\/wp\/v2\/pages\/3593","targetHints":{"allow":["GET"]}}],"collection":[{"href":"https:\/\/site.educa.madrid.org\/eoi.jesusmaestro.madrid\/index.php\/wp-json\/wp\/v2\/pages"}],"about":[{"href":"https:\/\/site.educa.madrid.org\/eoi.jesusmaestro.madrid\/index.php\/wp-json\/wp\/v2\/types\/page"}],"author":[{"embeddable":true,"href":"https:\/\/site.educa.madrid.org\/eoi.jesusmaestro.madrid\/index.php\/wp-json\/wp\/v2\/users\/7"}],"replies":[{"embeddable":true,"href":"https:\/\/site.educa.madrid.org\/eoi.jesusmaestro.madrid\/index.php\/wp-json\/wp\/v2\/comments?post=3593"}],"version-history":[{"count":50,"href":"https:\/\/site.educa.madrid.org\/eoi.jesusmaestro.madrid\/index.php\/wp-json\/wp\/v2\/pages\/3593\/revisions"}],"predecessor-version":[{"id":12423,"href":"https:\/\/site.educa.madrid.org\/eoi.jesusmaestro.madrid\/index.php\/wp-json\/wp\/v2\/pages\/3593\/revisions\/12423"}],"wp:attachment":[{"href":"https:\/\/site.educa.madrid.org\/eoi.jesusmaestro.madrid\/index.php\/wp-json\/wp\/v2\/media?parent=3593"}],"wp:term":[{"taxonomy":"folder","embeddable":true,"href":"https:\/\/site.educa.madrid.org\/eoi.jesusmaestro.madrid\/index.php\/wp-json\/wp\/v2\/folder?post=3593"}],"curies":[{"name":"wp","href":"https:\/\/api.w.org\/{rel}","templated":true}]}}