{"id":3712,"date":"2022-06-14T16:27:39","date_gmt":"2022-06-14T14:27:39","guid":{"rendered":"https:\/\/site.educa.madrid.org\/eoi.jesusmaestro.madrid\/?page_id=3712"},"modified":"2026-02-18T22:18:28","modified_gmt":"2026-02-18T21:18:28","slug":"01-mas-de-100-anos-de-escuelas-oficiales-de-idiomas","status":"publish","type":"page","link":"https:\/\/site.educa.madrid.org\/eoi.jesusmaestro.madrid\/index.php\/01-mas-de-100-anos-de-escuelas-oficiales-de-idiomas\/","title":{"rendered":"01. M\u00e1s de 100 a\u00f1os de Escuelas Oficiales de Idiomas"},"content":{"rendered":"<div id=\"pl-3712\"  class=\"panel-layout\" ><div id=\"pg-3712-0\"  class=\"panel-grid panel-has-style\" ><div class=\"siteorigin-panels-stretch panel-row-style panel-row-style-for-3712-0\" data-stretch-type=\"full-width-stretch\" ><div id=\"pgc-3712-0-0\"  class=\"panel-grid-cell panel-grid-cell-empty\" ><\/div><\/div><\/div><div id=\"pg-3712-1\"  class=\"panel-grid panel-has-style\" ><div class=\"panel-row-style panel-row-style-for-3712-1\" ><div id=\"pgc-3712-1-0\"  class=\"panel-grid-cell\" ><div id=\"panel-3712-1-0-0\" class=\"so-panel widget widget_text panel-first-child\" data-index=\"0\" >\t\t\t<div class=\"textwidget\"><\/div>\n\t\t<\/div><div id=\"panel-3712-1-0-1\" class=\"so-panel widget widget_text panel-last-child\" data-index=\"1\" >\t\t\t<div class=\"textwidget\"><p>La Escuela Central de Idiomas de Madrid fue creada por Real Orden de 2 de enero de 1911, siendo Presidente del gobierno el liberal Jos\u00e9 Canalejas. Aunque la ense\u00f1anza de idiomas modernos ya contaba con antecedentes en la primera mitad del siglo XIX, la creaci\u00f3n de un centro p\u00fablico que tuviera una finalidad tan espec\u00edfica no fue posible hasta que el pa\u00eds logr\u00f3 cierta estabilidad pol\u00edtica.<\/p>\n<\/div>\n\t\t<\/div><\/div><\/div><\/div><div id=\"pg-3712-2\"  class=\"panel-grid panel-has-style\" ><div class=\"panel-row-style panel-row-style-for-3712-2\" ><div id=\"pgc-3712-2-0\"  class=\"panel-grid-cell\" ><div id=\"panel-3712-2-0-0\" class=\"so-panel widget widget_text panel-first-child panel-last-child\" data-index=\"2\" ><div class=\"panel-widget-style panel-widget-style-for-3712-2-0-0\" >\t\t\t<div class=\"textwidget\"><p><strong><em>\u00abFue en esos momentos de cierta estabilidad pol\u00edtica, bajo la monarqu\u00eda parlamentaria dise\u00f1ada por Canovas del Castillo, cuando se consider\u00f3 necesario proporcionar a la juventud instrumentos de trabajo adecuados para practicar actividades de \u00edndole mercantil e industrial, cuyo ejercicio hac\u00eda indispensable el conocimiento de lenguas modernas. Asimismo, el cambio de siglo fue testigo de la creaci\u00f3n en 1900 de un ministerio independiente de Instrucci\u00f3n P\u00fablica, que aport\u00f3 un anhelo de europeizaci\u00f3n muy vivo en la juventud del momento y que, por lo tanto, acrecent\u00f3 su deseo de aprender otros idiomas. Por todos estos motivos, el d\u00eda 1 de enero de 1911 se public\u00f3 la Real Orden que regulaba el funcionamiento de la Escuela Central de Idiomas, y establec\u00eda la ense\u00f1anza de los idiomas alem\u00e1n, franc\u00e9s e ingl\u00e9s.\u00bb<\/em><\/strong><\/p>\n<p><em>Ministerio de Educaci\u00f3n, Cultura y Deporte: La ense\u00f1anza de las lenguas extranjeras en Espa\u00f1a.<\/em><\/p>\n<p>&nbsp;<\/p>\n<\/div>\n\t\t<\/div><\/div><\/div><\/div><\/div><div id=\"pg-3712-3\"  class=\"panel-grid panel-has-style\" ><div class=\"panel-row-style panel-row-style-for-3712-3\" ><div id=\"pgc-3712-3-0\"  class=\"panel-grid-cell\" ><div id=\"panel-3712-3-0-0\" class=\"so-panel widget widget_text panel-first-child panel-last-child\" data-index=\"3\" >\t\t\t<div class=\"textwidget\"><p>El ideario de la Instituci\u00f3n Libre de Ense\u00f1anza (ILE), creada en 1876, hab\u00eda influido considerablemente en los pol\u00edticos de la \u00e9poca. As\u00ed, en el periodo de 1910 a 1914, se crearon varias instituciones relacionadas con la ILE\u00a0 (Residencia de Estudiantes, Centro de Estudios Hist\u00f3ricos, Residencia de Se\u00f1oritas, etc.) y otras que, sin estar directamente vinculadas a ella, representaban el mismo esp\u00edritu de apertura al exterior a la vez que intentaban elevar el nivel cultural del pa\u00eds y satisfacer la demanda de una sociedad activa que requer\u00eda m\u00e1s y mejores instituciones educativas. Uno de estos centros fue la <strong>Escuela Central de Idiomas<\/strong>, que comenz\u00f3 siendo un ensayo entusiasta y acab\u00f3 convirti\u00e9ndose en un centro de referencia en la ense\u00f1anza de lenguas modernas.<\/p>\n<p>El Ministerio de Instrucci\u00f3n P\u00fablica encarg\u00f3 la organizaci\u00f3n y direcci\u00f3n de la escuela a <strong>Jos\u00e9 Gonz\u00e1lez \u2013 Olivares y Molina<\/strong>, catedr\u00e1tico de lengua alemana de la Escuela Elemental de Santander desde 1900. Mantuvo el cargo durante los primeros cinco a\u00f1os, hasta que finaliz\u00f3 la etapa de organizaci\u00f3n. Fue entonces cuando el ministerio consider\u00f3 conveniente nombrar director a uno de los profesores del claustro, <strong>\u00c1ngel de Luque y Calvo<\/strong>, anterior secretario, profesor de ingl\u00e9s y conocido periodista, que estuvo en el cargo hasta 1920.<\/p>\n<p>En un primer momento, se establecieron las ense\u00f1anzas de alem\u00e1n, franc\u00e9s e ingl\u00e9s, pero en solo seis meses hubo que ampliar a espa\u00f1ol para extranjeros (entonces llamado Lengua y Literatura castellana) y \u00e1rabe vulgar para conseguir de manera efectiva la expansi\u00f3n comercial en Marruecos. Poco despu\u00e9s se comenz\u00f3 a impartir tambi\u00e9n italiano y portugu\u00e9s e incluso se dieron clases gratuitas de esperanto.<\/p>\n<p>Los profesores contratados a 1 de enero de 1911 eran profesionales de reconocido prestigio que compaginaban su trabajo en la escuela con otras obligaciones, ya que solo cobraban 2.000 pesetas al a\u00f1o. Algunos eran docentes de otras instituciones, otros ejerc\u00edan su profesi\u00f3n como ingenieros, abogados, periodistas, etc.<\/p>\n<p>Hubo tambi\u00e9n desde el principio profesores extranjeros\u00a0 con contratos que se prorrogaban cada seis meses y por los que cobraban 1.000 pesetas.<\/p>\n<p>El inter\u00e9s de la poblaci\u00f3n por las ense\u00f1anzas de la escuela fue evidente: en una ciudad como Madrid, que apenas superaba los 600.000 habitantes, se matricularon el primer a\u00f1o 431 estudiantes y en poco m\u00e1s de cinco cursos el n\u00famero de alumnos superaba el millar.<\/p>\n<\/div>\n\t\t<\/div><\/div><div id=\"pgc-3712-3-1\"  class=\"panel-grid-cell\" ><div id=\"panel-3712-3-1-0\" class=\"so-panel widget widget_sow-image panel-first-child\" data-index=\"4\" ><div class=\"panel-widget-style panel-widget-style-for-3712-3-1-0\" ><div\n\t\t\t\n\t\t\tclass=\"so-widget-sow-image so-widget-sow-image-default-c67d20f9f743-3712\"\n\t\t\t\n\t\t>\n\n<div class=\"sow-image-container\">\n\t\t<img loading=\"lazy\" decoding=\"async\" src=\"https:\/\/site.educa.madrid.org\/eoi.jesusmaestro.madrid\/\/wp-content\/uploads\/eoi.jesusmaestro.madrid\/2022\/06\/EOI-Fachada-antigua.jpg\" width=\"457\" height=\"636\" srcset=\"https:\/\/site.educa.madrid.org\/eoi.jesusmaestro.madrid\/\/wp-content\/uploads\/eoi.jesusmaestro.madrid\/2022\/06\/EOI-Fachada-antigua.jpg 457w, https:\/\/site.educa.madrid.org\/eoi.jesusmaestro.madrid\/\/wp-content\/uploads\/eoi.jesusmaestro.madrid\/2022\/06\/EOI-Fachada-antigua-216x300.jpg 216w, https:\/\/site.educa.madrid.org\/eoi.jesusmaestro.madrid\/\/wp-content\/uploads\/eoi.jesusmaestro.madrid\/2022\/06\/EOI-Fachada-antigua-360x501.jpg 360w, https:\/\/site.educa.madrid.org\/eoi.jesusmaestro.madrid\/\/wp-content\/uploads\/eoi.jesusmaestro.madrid\/2022\/06\/EOI-Fachada-antigua-250x348.jpg 250w, https:\/\/site.educa.madrid.org\/eoi.jesusmaestro.madrid\/\/wp-content\/uploads\/eoi.jesusmaestro.madrid\/2022\/06\/EOI-Fachada-antigua-100x139.jpg 100w\" sizes=\"auto, (max-width: 457px) 100vw, 457px\" alt=\"\" \t\tclass=\"so-widget-image\"\/>\n\t<\/div>\n\n<\/div><\/div><\/div><div id=\"panel-3712-3-1-1\" class=\"so-panel widget widget_sow-image panel-last-child\" data-index=\"5\" ><div class=\"panel-widget-style panel-widget-style-for-3712-3-1-1\" ><div\n\t\t\t\n\t\t\tclass=\"so-widget-sow-image so-widget-sow-image-default-c67d20f9f743-3712\"\n\t\t\t\n\t\t>\n\n<div class=\"sow-image-container\">\n\t\t<img loading=\"lazy\" decoding=\"async\" src=\"https:\/\/site.educa.madrid.org\/eoi.jesusmaestro.madrid\/\/wp-content\/uploads\/eoi.jesusmaestro.madrid\/2022\/06\/EOI-Orden-de-Creacion.jpg\" width=\"457\" height=\"636\" srcset=\"https:\/\/site.educa.madrid.org\/eoi.jesusmaestro.madrid\/\/wp-content\/uploads\/eoi.jesusmaestro.madrid\/2022\/06\/EOI-Orden-de-Creacion.jpg 457w, https:\/\/site.educa.madrid.org\/eoi.jesusmaestro.madrid\/\/wp-content\/uploads\/eoi.jesusmaestro.madrid\/2022\/06\/EOI-Orden-de-Creacion-216x300.jpg 216w, https:\/\/site.educa.madrid.org\/eoi.jesusmaestro.madrid\/\/wp-content\/uploads\/eoi.jesusmaestro.madrid\/2022\/06\/EOI-Orden-de-Creacion-360x501.jpg 360w, https:\/\/site.educa.madrid.org\/eoi.jesusmaestro.madrid\/\/wp-content\/uploads\/eoi.jesusmaestro.madrid\/2022\/06\/EOI-Orden-de-Creacion-250x348.jpg 250w, https:\/\/site.educa.madrid.org\/eoi.jesusmaestro.madrid\/\/wp-content\/uploads\/eoi.jesusmaestro.madrid\/2022\/06\/EOI-Orden-de-Creacion-100x139.jpg 100w\" sizes=\"auto, (max-width: 457px) 100vw, 457px\" title=\"EOI-Orden-de Creaci\u00f3n\" alt=\"\" \t\tclass=\"so-widget-image\"\/>\n\t<\/div>\n\n<\/div><\/div><\/div><\/div><\/div><\/div><div id=\"pg-3712-4\"  class=\"panel-grid panel-has-style\" ><div class=\"panel-row-style panel-row-style-for-3712-4\" ><div id=\"pgc-3712-4-0\"  class=\"panel-grid-cell\" ><div id=\"panel-3712-4-0-0\" class=\"so-panel widget widget_text panel-first-child panel-last-child\" data-index=\"6\" ><div class=\"panel-widget-style panel-widget-style-for-3712-4-0-0\" >\t\t\t<div class=\"textwidget\"><p><strong><em>\u00abEn 1911 era ya una realidad la necesidad de que en Espa\u00f1a se formara una poblaci\u00f3n con conocimientos de idiomas\u00a0 necesarios para el imperioso desarrollo cultural de la \u00e9poca. Fue entonces cuando D. Julio Burell, Ministro de Instrucci\u00f3n P\u00fablica y Bellas Artes, decidi\u00f3 crear la Escuela Central de idiomas, instituci\u00f3n de car\u00e1cter especial, con desenvolvimiento econ\u00f3mico y con una forma de planteamiento que no acotaba las ense\u00f1anzas a determinados y m\u00e1s favorecidos estratos sociales, sino que se abr\u00eda a todos cuantos buscaban aprender un idioma como instrumento para la vida social y laboral.\u00bb<\/em><\/strong><\/p>\n<p><em>Documental Homenaje a los Directores (ACDI)<\/em><\/p>\n<p>&nbsp;<\/p>\n<\/div>\n\t\t<\/div><\/div><\/div><\/div><\/div><div id=\"pg-3712-5\"  class=\"panel-grid panel-has-style\" ><div class=\"panel-row-style panel-row-style-for-3712-5\" ><div id=\"pgc-3712-5-0\"  class=\"panel-grid-cell\" ><div id=\"panel-3712-5-0-0\" class=\"so-panel widget widget_text panel-first-child panel-last-child\" data-index=\"7\" >\t\t\t<div class=\"textwidget\"><p>La consolidaci\u00f3n de la instituci\u00f3n comenz\u00f3 a principios de los a\u00f1os 20 con el nombramiento de uno de sus directores m\u00e1s destacados: <strong>Rodolfo Gil Fern\u00e1ndez<\/strong>, pol\u00edtico, periodista y profesor de italiano desde 1915.<\/p>\n<p>Durante estos a\u00f1os el Ministerio de Instrucci\u00f3n P\u00fablica decidi\u00f3 adscribir la Escuela a la Universidad Central con el fin de suministrar profesorado adecuado para impartir las asignaturas de los reci\u00e9n creados Institutos de Idiomas. Unos a\u00f1os antes, en\u00a0 1924, el Directorio Militar de Primo de Rivera hab\u00eda reconocido ya la labor que prestaba la escuela a la sociedad espa\u00f1ola y decidi\u00f3 eximirla del r\u00e9gimen de amortizaci\u00f3n de personal que estaba vigente para todos los centros docentes. Lleg\u00f3 incluso a permitir una ampliaci\u00f3n de plantilla al crear un nueva c\u00e1tedra de Castellano.<\/p>\n<\/div>\n\t\t<\/div><\/div><\/div><\/div><div id=\"pg-3712-6\"  class=\"panel-grid panel-has-style\" ><div class=\"panel-row-style panel-row-style-for-3712-6\" ><div id=\"pgc-3712-6-0\"  class=\"panel-grid-cell\" ><div id=\"panel-3712-6-0-0\" class=\"so-panel widget widget_sow-headline panel-first-child panel-last-child\" data-index=\"8\" ><div class=\"panel-widget-style panel-widget-style-for-3712-6-0-0\" ><div\n\t\t\t\n\t\t\tclass=\"so-widget-sow-headline so-widget-sow-headline-default-7b971fb35e2c-3712\"\n\t\t\t\n\t\t><div class=\"sow-headline-container \">\n\t\t\t\t\t\t\t<h3 class=\"sow-headline\">\n\t\t\t\t\t\t\t\t\t\t\t\t\t<a href=\"https:\/\/site.educa.madrid.org\/eoi.jesusmaestro.madrid\/index.php\/memoria-de-una-institucion-centenaria\/\" >\n\t\t\t\t\t\t\t\tMemoria de una Instituci\u00f3n Centenaria<\/a>\t\t\t\t\t\t<\/h3>\n\t\t\t\t\t\t\t\t\t\t\t<div class=\"decoration\">\n\t\t\t\t\t\t<div class=\"decoration-inside\"><\/div>\n\t\t\t\t\t<\/div>\n\t\t\t\t\t<\/div>\n<\/div><\/div><\/div><\/div><\/div><\/div><div id=\"pg-3712-7\"  class=\"panel-grid panel-has-style\" ><div class=\"siteorigin-panels-stretch panel-row-style panel-row-style-for-3712-7\" data-stretch-type=\"full-width-stretch\" ><div id=\"pgc-3712-7-0\"  class=\"panel-grid-cell panel-grid-cell-empty\" ><\/div><div id=\"pgc-3712-7-1\"  class=\"panel-grid-cell\" ><div id=\"panel-3712-7-1-0\" class=\"so-panel widget widget_sow-button panel-first-child\" data-index=\"9\" ><div\n\t\t\t\n\t\t\tclass=\"so-widget-sow-button so-widget-sow-button-atom-ac876c72fde1-3712\"\n\t\t\t\n\t\t><div class=\"ow-button-base ow-button-align-justify\">\n\t<a\n\thref=\"https:\/\/site.educa.madrid.org\/eoi.jesusmaestro.madrid\/index.php\/01-mas-de-100-anos-de-escuelas-oficiales-de-idiomas\/\"\n\t\tclass=\"ow-icon-placement-left ow-button-hover\" \t>\n\t\t<span>\n\t\t\t\n\t\t\t01. M\u00e1s de 100 a\u00f1os de Escuelas Oficiales de Idiomas\t\t<\/span>\n\t<\/a>\n<\/div>\n<\/div><\/div><div id=\"panel-3712-7-1-1\" class=\"so-panel widget widget_sow-button\" data-index=\"10\" ><div\n\t\t\t\n\t\t\tclass=\"so-widget-sow-button so-widget-sow-button-atom-ac876c72fde1-3712\"\n\t\t\t\n\t\t><div class=\"ow-button-base ow-button-align-justify\">\n\t<a\n\thref=\"https:\/\/site.educa.madrid.org\/eoi.jesusmaestro.madrid\/index.php\/una-institucion-pionera\/\"\n\t\tclass=\"ow-icon-placement-left ow-button-hover\" \t>\n\t\t<span>\n\t\t\t\n\t\t\t02. Una instituci\u00f3n pionera\t\t<\/span>\n\t<\/a>\n<\/div>\n<\/div><\/div><div id=\"panel-3712-7-1-2\" class=\"so-panel widget widget_sow-button\" data-index=\"11\" ><div\n\t\t\t\n\t\t\tclass=\"so-widget-sow-button so-widget-sow-button-atom-ac876c72fde1-3712\"\n\t\t\t\n\t\t><div class=\"ow-button-base ow-button-align-justify\">\n\t<a\n\thref=\"https:\/\/site.educa.madrid.org\/eoi.jesusmaestro.madrid\/index.php\/03-figuras-destacadas\/\"\n\t\tclass=\"ow-icon-placement-left ow-button-hover\" \t>\n\t\t<span>\n\t\t\t\n\t\t\t03. Figuras destacadas\t\t<\/span>\n\t<\/a>\n<\/div>\n<\/div><\/div><div id=\"panel-3712-7-1-3\" class=\"so-panel widget widget_sow-button panel-last-child\" data-index=\"12\" ><div\n\t\t\t\n\t\t\tclass=\"so-widget-sow-button so-widget-sow-button-atom-ac876c72fde1-3712\"\n\t\t\t\n\t\t><div class=\"ow-button-base ow-button-align-justify\">\n\t<a\n\thref=\"https:\/\/site.educa.madrid.org\/eoi.jesusmaestro.madrid\/index.php\/04-idiomas\/\"\n\t\tclass=\"ow-icon-placement-left ow-button-hover\" \t>\n\t\t<span>\n\t\t\t\n\t\t\t04. Idiomas\t\t<\/span>\n\t<\/a>\n<\/div>\n<\/div><\/div><\/div><div id=\"pgc-3712-7-2\"  class=\"panel-grid-cell panel-grid-cell-mobile-last\" ><div id=\"panel-3712-7-2-0\" class=\"so-panel widget widget_sow-button panel-first-child\" data-index=\"13\" ><div\n\t\t\t\n\t\t\tclass=\"so-widget-sow-button so-widget-sow-button-atom-ac876c72fde1-3712\"\n\t\t\t\n\t\t><div class=\"ow-button-base ow-button-align-justify\">\n\t<a\n\thref=\"https:\/\/site.educa.madrid.org\/eoi.jesusmaestro.madrid\/index.php\/05-actividad-cultural\/\"\n\t\tclass=\"ow-icon-placement-left ow-button-hover\" \t>\n\t\t<span>\n\t\t\t\n\t\t\t05. Actividad cultural\t\t<\/span>\n\t<\/a>\n<\/div>\n<\/div><\/div><div id=\"panel-3712-7-2-1\" class=\"so-panel widget widget_sow-button\" data-index=\"14\" ><div\n\t\t\t\n\t\t\tclass=\"so-widget-sow-button so-widget-sow-button-atom-ac876c72fde1-3712\"\n\t\t\t\n\t\t><div class=\"ow-button-base ow-button-align-justify\">\n\t<a\n\thref=\"https:\/\/site.educa.madrid.org\/eoi.jesusmaestro.madrid\/index.php\/06-una-red-de-centros-especializados\/\"\n\t\tclass=\"ow-icon-placement-left ow-button-hover\" \t>\n\t\t<span>\n\t\t\t\n\t\t\t06. Una red de centros especializados\t\t<\/span>\n\t<\/a>\n<\/div>\n<\/div><\/div><div id=\"panel-3712-7-2-2\" class=\"so-panel widget widget_sow-button panel-last-child\" data-index=\"15\" ><div\n\t\t\t\n\t\t\tclass=\"so-widget-sow-button so-widget-sow-button-atom-ac876c72fde1-3712\"\n\t\t\t\n\t\t><div class=\"ow-button-base ow-button-align-justify\">\n\t<a\n\thref=\"https:\/\/site.educa.madrid.org\/eoi.jesusmaestro.madrid\/index.php\/07-retos-presentes-y-futuros\/\"\n\t\tclass=\"ow-icon-placement-left ow-button-hover\" \t>\n\t\t<span>\n\t\t\t\n\t\t\t07. Retos presentes y futuros\t\t<\/span>\n\t<\/a>\n<\/div>\n<\/div><\/div><\/div><div id=\"pgc-3712-7-3\"  class=\"panel-grid-cell panel-grid-cell-empty\" ><\/div><\/div><\/div><\/div>","protected":false},"excerpt":{"rendered":"<p>La Escuela Central de Idiomas de Madrid fue creada por Real Orden de 2 de enero de 1911, siendo Presidente del gobierno el liberal Jos\u00e9 Canalejas. Aunque la ense\u00f1anza de idiomas modernos ya contaba con antecedentes en la primera mitad del siglo XIX, la creaci\u00f3n de un centro p\u00fablico que tuviera una finalidad tan espec\u00edfica &hellip; <\/p>\n<p class=\"link-more\"><a href=\"https:\/\/site.educa.madrid.org\/eoi.jesusmaestro.madrid\/index.php\/01-mas-de-100-anos-de-escuelas-oficiales-de-idiomas\/\" class=\"more-link\">Continuar leyendo<span class=\"screen-reader-text\"> \u00ab01. M\u00e1s de 100 a\u00f1os de Escuelas Oficiales de Idiomas\u00bb<\/span><\/a><\/p>\n","protected":false},"author":7,"featured_media":0,"parent":0,"menu_order":0,"comment_status":"closed","ping_status":"closed","template":"rttpg_full_width","meta":{"footnotes":""},"folder":[],"class_list":["post-3712","page","type-page","status-publish","hentry"],"rttpg_featured_image_url":null,"rttpg_author":{"display_name":"Javier Mu\u00f1oz","author_link":"https:\/\/site.educa.madrid.org\/eoi.jesusmaestro.madrid\/index.php\/author\/javier_muoz\/"},"rttpg_comment":0,"rttpg_category":false,"rttpg_excerpt":"La Escuela Central de Idiomas de Madrid fue creada por Real Orden de 2 de enero de 1911, siendo Presidente del gobierno el liberal Jos\u00e9 Canalejas. Aunque la ense\u00f1anza de idiomas modernos ya contaba con antecedentes en la primera mitad del siglo XIX, la creaci\u00f3n de un centro p\u00fablico que tuviera una finalidad tan espec\u00edfica&hellip;","post_mailing_queue_ids":[],"_links":{"self":[{"href":"https:\/\/site.educa.madrid.org\/eoi.jesusmaestro.madrid\/index.php\/wp-json\/wp\/v2\/pages\/3712","targetHints":{"allow":["GET"]}}],"collection":[{"href":"https:\/\/site.educa.madrid.org\/eoi.jesusmaestro.madrid\/index.php\/wp-json\/wp\/v2\/pages"}],"about":[{"href":"https:\/\/site.educa.madrid.org\/eoi.jesusmaestro.madrid\/index.php\/wp-json\/wp\/v2\/types\/page"}],"author":[{"embeddable":true,"href":"https:\/\/site.educa.madrid.org\/eoi.jesusmaestro.madrid\/index.php\/wp-json\/wp\/v2\/users\/7"}],"replies":[{"embeddable":true,"href":"https:\/\/site.educa.madrid.org\/eoi.jesusmaestro.madrid\/index.php\/wp-json\/wp\/v2\/comments?post=3712"}],"version-history":[{"count":50,"href":"https:\/\/site.educa.madrid.org\/eoi.jesusmaestro.madrid\/index.php\/wp-json\/wp\/v2\/pages\/3712\/revisions"}],"predecessor-version":[{"id":12638,"href":"https:\/\/site.educa.madrid.org\/eoi.jesusmaestro.madrid\/index.php\/wp-json\/wp\/v2\/pages\/3712\/revisions\/12638"}],"wp:attachment":[{"href":"https:\/\/site.educa.madrid.org\/eoi.jesusmaestro.madrid\/index.php\/wp-json\/wp\/v2\/media?parent=3712"}],"wp:term":[{"taxonomy":"folder","embeddable":true,"href":"https:\/\/site.educa.madrid.org\/eoi.jesusmaestro.madrid\/index.php\/wp-json\/wp\/v2\/folder?post=3712"}],"curies":[{"name":"wp","href":"https:\/\/api.w.org\/{rel}","templated":true}]}}