{"id":3773,"date":"2022-06-14T17:12:08","date_gmt":"2022-06-14T15:12:08","guid":{"rendered":"https:\/\/site.educa.madrid.org\/eoi.jesusmaestro.madrid\/?page_id=3773"},"modified":"2026-02-18T20:59:47","modified_gmt":"2026-02-18T19:59:47","slug":"una-institucion-pionera","status":"publish","type":"page","link":"https:\/\/site.educa.madrid.org\/eoi.jesusmaestro.madrid\/index.php\/una-institucion-pionera\/","title":{"rendered":"02. Una instituci\u00f3n pionera"},"content":{"rendered":"<div id=\"pl-3773\"  class=\"panel-layout\" ><div id=\"pg-3773-0\"  class=\"panel-grid panel-has-style\" ><div class=\"siteorigin-panels-stretch panel-row-style panel-row-style-for-3773-0\" data-stretch-type=\"full-width-stretch\" ><div id=\"pgc-3773-0-0\"  class=\"panel-grid-cell panel-grid-cell-empty\" ><\/div><\/div><\/div><div id=\"pg-3773-1\"  class=\"panel-grid panel-has-style\" ><div class=\"siteorigin-panels-stretch panel-row-style panel-row-style-for-3773-1\" data-stretch-type=\"full-width-stretch\" ><div id=\"pgc-3773-1-0\"  class=\"panel-grid-cell panel-grid-cell-empty\" ><\/div><div id=\"pgc-3773-1-1\"  class=\"panel-grid-cell panel-grid-cell-mobile-last\" ><div id=\"panel-3773-1-1-0\" class=\"so-panel widget widget_text panel-first-child panel-last-child\" data-index=\"0\" ><div class=\"panel-widget-style panel-widget-style-for-3773-1-1-0\" >\t\t\t<div class=\"textwidget\"><p>El ideario b\u00e1sico de la escuela en sus or\u00edgenes estaba basado en cuatro aspectos fundamentales:<\/p>\n<ul>\n<li>Una instituci\u00f3n para todos.<\/li>\n<li>Un centro de formaci\u00f3n de profesores de lenguas modernas.<\/li>\n<li>Utilizaci\u00f3n del m\u00e9todo directo.<\/li>\n<li>Permitir la presencia en la misma clase de alumnos y alumnas.<\/li>\n<\/ul>\n<\/div>\n\t\t<\/div><\/div><\/div><div id=\"pgc-3773-1-2\"  class=\"panel-grid-cell panel-grid-cell-empty\" ><\/div><\/div><\/div><div id=\"pg-3773-2\"  class=\"panel-grid panel-has-style\" ><div class=\"siteorigin-panels-stretch panel-row-style panel-row-style-for-3773-2\" data-stretch-type=\"full-width-stretch\" ><div id=\"pgc-3773-2-0\"  class=\"panel-grid-cell panel-grid-cell-empty\" ><\/div><div id=\"pgc-3773-2-1\"  class=\"panel-grid-cell panel-grid-cell-mobile-last\" ><div id=\"panel-3773-2-1-0\" class=\"so-panel widget widget_text panel-first-child panel-last-child\" data-index=\"1\" ><div class=\"panel-widget-style panel-widget-style-for-3773-2-1-0\" >\t\t\t<div class=\"textwidget\"><p><strong><em>Ya en la Memoria que al t\u00e9rmino del primer quinquenio de ensayo elevara a la Superioridad la Direcci\u00f3n se hac\u00eda notar c\u00f3mo formaban la matr\u00edcula de la Escuela obreros y arist\u00f3cratas, industriales y abogados, comerciantes y empleados de la Banca y de los Ministerios, sacerdotes y militares (de jefes a soldados), maestros y estudiantes de distintas carreras.<\/em><\/strong><\/p>\n<p><em>Rodolfo Gil, Director de la Escuela Central de Idiomas (1920-1930)<\/em><\/p>\n<\/div>\n\t\t<\/div><\/div><\/div><div id=\"pgc-3773-2-2\"  class=\"panel-grid-cell panel-grid-cell-empty\" ><\/div><\/div><\/div><div id=\"pg-3773-3\"  class=\"panel-grid panel-has-style\" ><div class=\"siteorigin-panels-stretch panel-row-style panel-row-style-for-3773-3\" data-stretch-type=\"full-width-stretch\" ><div id=\"pgc-3773-3-0\"  class=\"panel-grid-cell panel-grid-cell-empty\" ><\/div><div id=\"pgc-3773-3-1\"  class=\"panel-grid-cell\" ><div id=\"panel-3773-3-1-0\" class=\"so-panel widget widget_text panel-first-child\" data-index=\"2\" >\t\t\t<div class=\"textwidget\"><\/div>\n\t\t<\/div><div id=\"panel-3773-3-1-1\" class=\"so-panel widget widget_text panel-last-child\" data-index=\"3\" ><div class=\"panel-widget-style panel-widget-style-for-3773-3-1-1\" >\t\t\t<div class=\"textwidget\"><p>Para lograr estos objetivos se consider\u00f3 imprescindible dotar a la escuela de un car\u00e1cter especial, fuera de los moldes de otros centros docentes del Estado; por ello se le permiti\u00f3 tener autonom\u00eda en su funcionamiento, tanto para organizar sus ense\u00f1anzas como para adoptar cualquier decisi\u00f3n organizativa.<\/p>\n<p>Fue precisamente la autonom\u00eda de funcionamiento la que permiti\u00f3 que se adoptara una decisi\u00f3n absolutamente novedosa, adem\u00e1s de la apuesta por el m\u00e9todo directo: la presencia en la misma clase de alumnos y alumnas hecho ins\u00f3lito en la Espa\u00f1a de ese momento.<\/p>\n<\/div>\n\t\t<\/div><\/div><\/div><div id=\"pgc-3773-3-2\"  class=\"panel-grid-cell panel-grid-cell-mobile-last\" ><div id=\"panel-3773-3-2-0\" class=\"so-panel widget widget_sow-image panel-first-child panel-last-child\" data-index=\"4\" ><div class=\"so-rounded panel-widget-style panel-widget-style-for-3773-3-2-0\" ><div\n\t\t\t\n\t\t\tclass=\"so-widget-sow-image so-widget-sow-image-default-8b5b6f678277-3773\"\n\t\t\t\n\t\t>\n\n<div class=\"sow-image-container\">\n\t\t<img loading=\"lazy\" decoding=\"async\" src=\"https:\/\/site.educa.madrid.org\/eoi.jesusmaestro.madrid\/\/wp-content\/uploads\/eoi.jesusmaestro.madrid\/2022\/06\/ABC-article.jpg\" width=\"604\" height=\"848\" srcset=\"https:\/\/site.educa.madrid.org\/eoi.jesusmaestro.madrid\/\/wp-content\/uploads\/eoi.jesusmaestro.madrid\/2022\/06\/ABC-article.jpg 604w, https:\/\/site.educa.madrid.org\/eoi.jesusmaestro.madrid\/\/wp-content\/uploads\/eoi.jesusmaestro.madrid\/2022\/06\/ABC-article-214x300.jpg 214w, https:\/\/site.educa.madrid.org\/eoi.jesusmaestro.madrid\/\/wp-content\/uploads\/eoi.jesusmaestro.madrid\/2022\/06\/ABC-article-520x730.jpg 520w, https:\/\/site.educa.madrid.org\/eoi.jesusmaestro.madrid\/\/wp-content\/uploads\/eoi.jesusmaestro.madrid\/2022\/06\/ABC-article-360x505.jpg 360w, https:\/\/site.educa.madrid.org\/eoi.jesusmaestro.madrid\/\/wp-content\/uploads\/eoi.jesusmaestro.madrid\/2022\/06\/ABC-article-250x351.jpg 250w, https:\/\/site.educa.madrid.org\/eoi.jesusmaestro.madrid\/\/wp-content\/uploads\/eoi.jesusmaestro.madrid\/2022\/06\/ABC-article-100x140.jpg 100w\" sizes=\"auto, (max-width: 604px) 100vw, 604px\" alt=\"\" \t\tclass=\"so-widget-image\"\/>\n\t<\/div>\n\n<\/div><\/div><\/div><\/div><div id=\"pgc-3773-3-3\"  class=\"panel-grid-cell panel-grid-cell-empty\" ><\/div><\/div><\/div><div id=\"pg-3773-4\"  class=\"panel-grid panel-has-style\" ><div class=\"siteorigin-panels-stretch panel-row-style panel-row-style-for-3773-4\" data-stretch-type=\"full-width-stretch\" ><div id=\"pgc-3773-4-0\"  class=\"panel-grid-cell panel-grid-cell-empty\" ><\/div><div id=\"pgc-3773-4-1\"  class=\"panel-grid-cell panel-grid-cell-mobile-last\" ><div id=\"panel-3773-4-1-0\" class=\"so-panel widget widget_text panel-first-child panel-last-child\" data-index=\"5\" ><div class=\"panel-widget-style panel-widget-style-for-3773-4-1-0\" >\t\t\t<div class=\"textwidget\"><p><strong><em>La coeducaci\u00f3n de sexos extendida hoy, m\u00e1s que en parte alguna por todas las instituciones de la Am\u00e9rica del Norte, se logr\u00f3 desde el primer momento y ha arraigado arm\u00f3nicamente en nuestra Escuela de Idiomas. <\/em><\/strong><br \/>\n<strong><em>El n\u00famero de alumnas fue a poco de fundarse igual al de alumnos, y muchos cursos lo ha superado notablemente.<\/em><\/strong><br \/>\n<strong><em>Ello no obstante, y a pesar de no haber en la Escuela amplias galer\u00edas ni patios, ni holgadas estancias de espera y descanso, la correcci\u00f3n, respeto y formalidad son tan completos dentro de nuestro Centro como pudieran serlo en las Universidades Norteamericanas. Tanto que, en este aspecto, la Direcci\u00f3n no se ha visto obligada hasta hoy a intervenir ni a imponer asnci\u00f3n en ning\u00fan caso de incorrecci\u00f3n de conducta o desorden entre alumnos y alumnas.<\/em><\/strong><\/p>\n<p><em>La Escuela Central de Idiomas. Su creaci\u00f3n \u2013sus ense\u00f1anzas- su desenvolvimiento \u2013sus \u00e9xitos (1911 \u2013 1927).<\/em><\/p>\n<\/div>\n\t\t<\/div><\/div><\/div><div id=\"pgc-3773-4-2\"  class=\"panel-grid-cell panel-grid-cell-empty\" ><\/div><\/div><\/div><div id=\"pg-3773-5\"  class=\"panel-grid panel-has-style\" ><div class=\"siteorigin-panels-stretch panel-row-style panel-row-style-for-3773-5\" data-stretch-type=\"full-width-stretch\" ><div id=\"pgc-3773-5-0\"  class=\"panel-grid-cell panel-grid-cell-empty\" ><\/div><div id=\"pgc-3773-5-1\"  class=\"panel-grid-cell panel-grid-cell-mobile-last\" ><div id=\"panel-3773-5-1-0\" class=\"so-panel widget widget_text panel-first-child panel-last-child\" data-index=\"6\" ><div class=\"panel-widget-style panel-widget-style-for-3773-5-1-0\" >\t\t\t<div class=\"textwidget\"><p>Desde los primeros a\u00f1os se estableci\u00f3 como preceptivo el m\u00e9todo directo y experimental, insisti\u00e9ndose en el car\u00e1cter pr\u00e1ctico de las clases.<\/p>\n<p>El <strong>m\u00e9todo directo<\/strong> se utilizaba en varios pa\u00edses europeos desde finales del siglo XIX y se caracterizaba por su inter\u00e9s en modernizar la ense\u00f1anza de lenguas extranjeras. Bas\u00e1ndose en la primac\u00eda de la lengua hablada sobre el texto escrito, propon\u00eda dar m\u00e1s importancia a la fon\u00e9tica y a la pronunciaci\u00f3n, ense\u00f1ar la gram\u00e1tica mediante un enfoque inductivo y utilizar la lengua meta en clase.<\/p>\n<p>Ni hab\u00eda ex\u00e1menes a lo largo del curso ni se utilizaba libro de texto, salvo para actividades complementarias.<\/p>\n<p>Los \u00fanicos ex\u00e1menes propiamente dichos se hac\u00edan ante tribunal despu\u00e9s de haber terminado el cuarto a\u00f1o de un idioma y tras haber obtenido el preceptivo permiso para presentarse al Certificado de Aptitud.<\/p>\n<\/div>\n\t\t<\/div><\/div><\/div><div id=\"pgc-3773-5-2\"  class=\"panel-grid-cell panel-grid-cell-empty\" ><\/div><\/div><\/div><div id=\"pg-3773-6\"  class=\"panel-grid panel-has-style\" ><div class=\"siteorigin-panels-stretch panel-row-style panel-row-style-for-3773-6\" data-stretch-type=\"full-width-stretch\" ><div id=\"pgc-3773-6-0\"  class=\"panel-grid-cell panel-grid-cell-empty\" ><\/div><div id=\"pgc-3773-6-1\"  class=\"panel-grid-cell\" ><div id=\"panel-3773-6-1-0\" class=\"so-panel widget widget_sow-image panel-first-child panel-last-child\" data-index=\"7\" ><div\n\t\t\t\n\t\t\tclass=\"so-widget-sow-image so-widget-sow-image-default-8b5b6f678277-3773\"\n\t\t\t\n\t\t>\n\n<div class=\"sow-image-container\">\n\t\t<img loading=\"lazy\" decoding=\"async\" src=\"https:\/\/site.educa.madrid.org\/eoi.jesusmaestro.madrid\/\/wp-content\/uploads\/eoi.jesusmaestro.madrid\/2022\/06\/11-INGLES-Secretaria.jpg\" width=\"494\" height=\"813\" srcset=\"https:\/\/site.educa.madrid.org\/eoi.jesusmaestro.madrid\/\/wp-content\/uploads\/eoi.jesusmaestro.madrid\/2022\/06\/11-INGLES-Secretaria.jpg 494w, https:\/\/site.educa.madrid.org\/eoi.jesusmaestro.madrid\/\/wp-content\/uploads\/eoi.jesusmaestro.madrid\/2022\/06\/11-INGLES-Secretaria-182x300.jpg 182w, https:\/\/site.educa.madrid.org\/eoi.jesusmaestro.madrid\/\/wp-content\/uploads\/eoi.jesusmaestro.madrid\/2022\/06\/11-INGLES-Secretaria-360x592.jpg 360w, https:\/\/site.educa.madrid.org\/eoi.jesusmaestro.madrid\/\/wp-content\/uploads\/eoi.jesusmaestro.madrid\/2022\/06\/11-INGLES-Secretaria-250x411.jpg 250w, https:\/\/site.educa.madrid.org\/eoi.jesusmaestro.madrid\/\/wp-content\/uploads\/eoi.jesusmaestro.madrid\/2022\/06\/11-INGLES-Secretaria-100x165.jpg 100w\" sizes=\"auto, (max-width: 494px) 100vw, 494px\" alt=\"\" \t\tclass=\"so-widget-image\"\/>\n\t<\/div>\n\n<\/div><\/div><\/div><div id=\"pgc-3773-6-2\"  class=\"panel-grid-cell panel-grid-cell-mobile-last\" ><div id=\"panel-3773-6-2-0\" class=\"so-panel widget widget_sow-image panel-first-child panel-last-child\" data-index=\"8\" ><div\n\t\t\t\n\t\t\tclass=\"so-widget-sow-image so-widget-sow-image-default-8b5b6f678277-3773\"\n\t\t\t\n\t\t>\n\n<div class=\"sow-image-container\">\n\t\t<img loading=\"lazy\" decoding=\"async\" src=\"https:\/\/site.educa.madrid.org\/eoi.jesusmaestro.madrid\/\/wp-content\/uploads\/eoi.jesusmaestro.madrid\/2022\/06\/08-Alumnos-Frances.jpg\" width=\"529\" height=\"840\" srcset=\"https:\/\/site.educa.madrid.org\/eoi.jesusmaestro.madrid\/\/wp-content\/uploads\/eoi.jesusmaestro.madrid\/2022\/06\/08-Alumnos-Frances.jpg 529w, https:\/\/site.educa.madrid.org\/eoi.jesusmaestro.madrid\/\/wp-content\/uploads\/eoi.jesusmaestro.madrid\/2022\/06\/08-Alumnos-Frances-189x300.jpg 189w, https:\/\/site.educa.madrid.org\/eoi.jesusmaestro.madrid\/\/wp-content\/uploads\/eoi.jesusmaestro.madrid\/2022\/06\/08-Alumnos-Frances-520x826.jpg 520w, https:\/\/site.educa.madrid.org\/eoi.jesusmaestro.madrid\/\/wp-content\/uploads\/eoi.jesusmaestro.madrid\/2022\/06\/08-Alumnos-Frances-360x572.jpg 360w, https:\/\/site.educa.madrid.org\/eoi.jesusmaestro.madrid\/\/wp-content\/uploads\/eoi.jesusmaestro.madrid\/2022\/06\/08-Alumnos-Frances-250x397.jpg 250w, https:\/\/site.educa.madrid.org\/eoi.jesusmaestro.madrid\/\/wp-content\/uploads\/eoi.jesusmaestro.madrid\/2022\/06\/08-Alumnos-Frances-100x159.jpg 100w\" sizes=\"auto, (max-width: 529px) 100vw, 529px\" title=\"08-Alumnos-Franc\u00e9s\" alt=\"\" \t\tclass=\"so-widget-image\"\/>\n\t<\/div>\n\n<\/div><\/div><\/div><div id=\"pgc-3773-6-3\"  class=\"panel-grid-cell panel-grid-cell-empty\" ><\/div><\/div><\/div><div id=\"pg-3773-7\"  class=\"panel-grid panel-has-style\" ><div class=\"panel-row-style panel-row-style-for-3773-7\" ><div id=\"pgc-3773-7-0\"  class=\"panel-grid-cell\" ><div id=\"panel-3773-7-0-0\" class=\"so-panel widget widget_sow-headline panel-first-child panel-last-child\" data-index=\"9\" ><div class=\"panel-widget-style panel-widget-style-for-3773-7-0-0\" ><div\n\t\t\t\n\t\t\tclass=\"so-widget-sow-headline so-widget-sow-headline-default-7b971fb35e2c-3773\"\n\t\t\t\n\t\t><div class=\"sow-headline-container \">\n\t\t\t\t\t\t\t<h3 class=\"sow-headline\">\n\t\t\t\t\t\t\t\t\t\t\t\t\t<a href=\"https:\/\/site.educa.madrid.org\/eoi.jesusmaestro.madrid\/index.php\/memoria-de-una-institucion-centenaria\/\" >\n\t\t\t\t\t\t\t\tMemoria de una Instituci\u00f3n Centenaria<\/a>\t\t\t\t\t\t<\/h3>\n\t\t\t\t\t\t\t\t\t\t\t<div class=\"decoration\">\n\t\t\t\t\t\t<div class=\"decoration-inside\"><\/div>\n\t\t\t\t\t<\/div>\n\t\t\t\t\t<\/div>\n<\/div><\/div><\/div><\/div><\/div><\/div><div id=\"pg-3773-8\"  class=\"panel-grid panel-has-style\" ><div class=\"siteorigin-panels-stretch panel-row-style panel-row-style-for-3773-8\" data-stretch-type=\"full-width-stretch\" ><div id=\"pgc-3773-8-0\"  class=\"panel-grid-cell panel-grid-cell-empty\" ><\/div><div id=\"pgc-3773-8-1\"  class=\"panel-grid-cell\" ><div id=\"panel-3773-8-1-0\" class=\"so-panel widget widget_sow-button panel-first-child\" data-index=\"10\" ><div\n\t\t\t\n\t\t\tclass=\"so-widget-sow-button so-widget-sow-button-atom-ac876c72fde1-3773\"\n\t\t\t\n\t\t><div class=\"ow-button-base ow-button-align-justify\">\n\t<a\n\thref=\"https:\/\/site.educa.madrid.org\/eoi.jesusmaestro.madrid\/index.php\/01-mas-de-100-anos-de-escuelas-oficiales-de-idiomas\/\"\n\t\tclass=\"ow-icon-placement-left ow-button-hover\" \t>\n\t\t<span>\n\t\t\t\n\t\t\t01. M\u00e1s de 100 a\u00f1os de Escuelas Oficiales de Idiomas\t\t<\/span>\n\t<\/a>\n<\/div>\n<\/div><\/div><div id=\"panel-3773-8-1-1\" class=\"so-panel widget widget_sow-button\" data-index=\"11\" ><div\n\t\t\t\n\t\t\tclass=\"so-widget-sow-button so-widget-sow-button-atom-ac876c72fde1-3773\"\n\t\t\t\n\t\t><div class=\"ow-button-base ow-button-align-justify\">\n\t<a\n\thref=\"https:\/\/site.educa.madrid.org\/eoi.jesusmaestro.madrid\/index.php\/una-institucion-pionera\/\"\n\t\tclass=\"ow-icon-placement-left ow-button-hover\" \t>\n\t\t<span>\n\t\t\t\n\t\t\t02. Una instituci\u00f3n pionera\t\t<\/span>\n\t<\/a>\n<\/div>\n<\/div><\/div><div id=\"panel-3773-8-1-2\" class=\"so-panel widget widget_sow-button\" data-index=\"12\" ><div\n\t\t\t\n\t\t\tclass=\"so-widget-sow-button so-widget-sow-button-atom-ac876c72fde1-3773\"\n\t\t\t\n\t\t><div class=\"ow-button-base ow-button-align-justify\">\n\t<a\n\thref=\"https:\/\/site.educa.madrid.org\/eoi.jesusmaestro.madrid\/index.php\/03-figuras-destacadas\/\"\n\t\tclass=\"ow-icon-placement-left ow-button-hover\" \t>\n\t\t<span>\n\t\t\t\n\t\t\t03. Figuras destacadas\t\t<\/span>\n\t<\/a>\n<\/div>\n<\/div><\/div><div id=\"panel-3773-8-1-3\" class=\"so-panel widget widget_sow-button panel-last-child\" data-index=\"13\" ><div\n\t\t\t\n\t\t\tclass=\"so-widget-sow-button so-widget-sow-button-atom-ac876c72fde1-3773\"\n\t\t\t\n\t\t><div class=\"ow-button-base ow-button-align-justify\">\n\t<a\n\thref=\"https:\/\/site.educa.madrid.org\/eoi.jesusmaestro.madrid\/index.php\/04-idiomas\/\"\n\t\tclass=\"ow-icon-placement-left ow-button-hover\" \t>\n\t\t<span>\n\t\t\t\n\t\t\t04. Idiomas\t\t<\/span>\n\t<\/a>\n<\/div>\n<\/div><\/div><\/div><div id=\"pgc-3773-8-2\"  class=\"panel-grid-cell panel-grid-cell-mobile-last\" ><div id=\"panel-3773-8-2-0\" class=\"so-panel widget widget_sow-button panel-first-child\" data-index=\"14\" ><div\n\t\t\t\n\t\t\tclass=\"so-widget-sow-button so-widget-sow-button-atom-ac876c72fde1-3773\"\n\t\t\t\n\t\t><div class=\"ow-button-base ow-button-align-justify\">\n\t<a\n\thref=\"https:\/\/site.educa.madrid.org\/eoi.jesusmaestro.madrid\/index.php\/05-actividad-cultural\/\"\n\t\tclass=\"ow-icon-placement-left ow-button-hover\" \t>\n\t\t<span>\n\t\t\t\n\t\t\t05. Actividad cultural\t\t<\/span>\n\t<\/a>\n<\/div>\n<\/div><\/div><div id=\"panel-3773-8-2-1\" class=\"so-panel widget widget_sow-button\" data-index=\"15\" ><div\n\t\t\t\n\t\t\tclass=\"so-widget-sow-button so-widget-sow-button-atom-ac876c72fde1-3773\"\n\t\t\t\n\t\t><div class=\"ow-button-base ow-button-align-justify\">\n\t<a\n\thref=\"https:\/\/site.educa.madrid.org\/eoi.jesusmaestro.madrid\/index.php\/06-una-red-de-centros-especializados\/\"\n\t\tclass=\"ow-icon-placement-left ow-button-hover\" \t>\n\t\t<span>\n\t\t\t\n\t\t\t06. Una red de centros especializados\t\t<\/span>\n\t<\/a>\n<\/div>\n<\/div><\/div><div id=\"panel-3773-8-2-2\" class=\"so-panel widget widget_sow-button panel-last-child\" data-index=\"16\" ><div\n\t\t\t\n\t\t\tclass=\"so-widget-sow-button so-widget-sow-button-atom-ac876c72fde1-3773\"\n\t\t\t\n\t\t><div class=\"ow-button-base ow-button-align-justify\">\n\t<a\n\thref=\"https:\/\/site.educa.madrid.org\/eoi.jesusmaestro.madrid\/index.php\/07-retos-presentes-y-futuros\/\"\n\t\tclass=\"ow-icon-placement-left ow-button-hover\" \t>\n\t\t<span>\n\t\t\t\n\t\t\t07. Retos presentes y futuros\t\t<\/span>\n\t<\/a>\n<\/div>\n<\/div><\/div><\/div><div id=\"pgc-3773-8-3\"  class=\"panel-grid-cell panel-grid-cell-empty\" ><\/div><\/div><\/div><\/div>","protected":false},"excerpt":{"rendered":"<p>El ideario b\u00e1sico de la escuela en sus or\u00edgenes estaba basado en cuatro aspectos fundamentales: Una instituci\u00f3n para todos. Un centro de formaci\u00f3n de profesores de lenguas modernas. Utilizaci\u00f3n del m\u00e9todo directo. Permitir la presencia en la misma clase de alumnos y alumnas.<\/p>\n","protected":false},"author":7,"featured_media":0,"parent":0,"menu_order":0,"comment_status":"closed","ping_status":"closed","template":"rttpg_full_width","meta":{"footnotes":""},"folder":[],"class_list":["post-3773","page","type-page","status-publish","hentry"],"rttpg_featured_image_url":null,"rttpg_author":{"display_name":"Javier Mu\u00f1oz","author_link":"https:\/\/site.educa.madrid.org\/eoi.jesusmaestro.madrid\/index.php\/author\/javier_muoz\/"},"rttpg_comment":0,"rttpg_category":false,"rttpg_excerpt":"El ideario b\u00e1sico de la escuela en sus or\u00edgenes estaba basado en cuatro aspectos fundamentales: Una instituci\u00f3n para todos. Un centro de formaci\u00f3n de profesores de lenguas modernas. Utilizaci\u00f3n del m\u00e9todo directo. Permitir la presencia en la misma clase de alumnos y alumnas.","post_mailing_queue_ids":[],"_links":{"self":[{"href":"https:\/\/site.educa.madrid.org\/eoi.jesusmaestro.madrid\/index.php\/wp-json\/wp\/v2\/pages\/3773","targetHints":{"allow":["GET"]}}],"collection":[{"href":"https:\/\/site.educa.madrid.org\/eoi.jesusmaestro.madrid\/index.php\/wp-json\/wp\/v2\/pages"}],"about":[{"href":"https:\/\/site.educa.madrid.org\/eoi.jesusmaestro.madrid\/index.php\/wp-json\/wp\/v2\/types\/page"}],"author":[{"embeddable":true,"href":"https:\/\/site.educa.madrid.org\/eoi.jesusmaestro.madrid\/index.php\/wp-json\/wp\/v2\/users\/7"}],"replies":[{"embeddable":true,"href":"https:\/\/site.educa.madrid.org\/eoi.jesusmaestro.madrid\/index.php\/wp-json\/wp\/v2\/comments?post=3773"}],"version-history":[{"count":50,"href":"https:\/\/site.educa.madrid.org\/eoi.jesusmaestro.madrid\/index.php\/wp-json\/wp\/v2\/pages\/3773\/revisions"}],"predecessor-version":[{"id":12621,"href":"https:\/\/site.educa.madrid.org\/eoi.jesusmaestro.madrid\/index.php\/wp-json\/wp\/v2\/pages\/3773\/revisions\/12621"}],"wp:attachment":[{"href":"https:\/\/site.educa.madrid.org\/eoi.jesusmaestro.madrid\/index.php\/wp-json\/wp\/v2\/media?parent=3773"}],"wp:term":[{"taxonomy":"folder","embeddable":true,"href":"https:\/\/site.educa.madrid.org\/eoi.jesusmaestro.madrid\/index.php\/wp-json\/wp\/v2\/folder?post=3773"}],"curies":[{"name":"wp","href":"https:\/\/api.w.org\/{rel}","templated":true}]}}