{"id":3817,"date":"2022-06-14T17:42:41","date_gmt":"2022-06-14T15:42:41","guid":{"rendered":"https:\/\/site.educa.madrid.org\/eoi.jesusmaestro.madrid\/?page_id=3817"},"modified":"2026-02-18T22:24:36","modified_gmt":"2026-02-18T21:24:36","slug":"06-una-red-de-centros-especializados","status":"publish","type":"page","link":"https:\/\/site.educa.madrid.org\/eoi.jesusmaestro.madrid\/index.php\/06-una-red-de-centros-especializados\/","title":{"rendered":"06. Una red de centros especializados"},"content":{"rendered":"<div id=\"pl-3817\"  class=\"panel-layout\" ><div id=\"pg-3817-0\"  class=\"panel-grid panel-has-style\" ><div class=\"siteorigin-panels-stretch panel-row-style panel-row-style-for-3817-0\" data-stretch-type=\"full-width-stretch\" ><div id=\"pgc-3817-0-0\"  class=\"panel-grid-cell panel-grid-cell-empty\" ><\/div><\/div><\/div><div id=\"pg-3817-1\"  class=\"panel-grid panel-has-style\" ><div class=\"panel-row-style panel-row-style-for-3817-1\" ><div id=\"pgc-3817-1-0\"  class=\"panel-grid-cell\" ><div id=\"panel-3817-1-0-0\" class=\"so-panel widget widget_text panel-first-child\" data-index=\"0\" >\t\t\t<div class=\"textwidget\"><\/div>\n\t\t<\/div><div id=\"panel-3817-1-0-1\" class=\"so-panel widget widget_text panel-last-child\" data-index=\"1\" >\t\t\t<div class=\"textwidget\"><p style=\"margin: 0cm; margin-bottom: .0001pt; text-align: justify;\"><span style=\"color: black;\">En 1965 la matr\u00edcula de la Escuela Central ascend\u00eda ya a m\u00e1s de 10.500 alumnos. <\/span><\/p>\n<p style=\"margin: 0cm; margin-bottom: .0001pt; text-align: justify;\"><span style=\"color: black;\">En ese momento, se consigue una reivindicaci\u00f3n hist\u00f3rica: la nueva sede.<\/span><\/p>\n<\/div>\n\t\t<\/div><\/div><\/div><\/div><div id=\"pg-3817-2\"  class=\"panel-grid panel-has-style\" ><div class=\"panel-row-style panel-row-style-for-3817-2\" ><div id=\"pgc-3817-2-0\"  class=\"panel-grid-cell panel-grid-cell-empty\" ><\/div><div id=\"pgc-3817-2-1\"  class=\"panel-grid-cell panel-grid-cell-mobile-last\" ><div id=\"panel-3817-2-1-0\" class=\"so-panel widget widget_text panel-first-child panel-last-child\" data-index=\"2\" ><div class=\"panel-widget-style panel-widget-style-for-3817-2-1-0\" >\t\t\t<div class=\"textwidget\"><p><strong><em>\u201cEnclavada sobre los terrenos de lo que popularmente se conoc\u00eda como \u201ccampo de las calaveras\u201d, la nueva sede de la Escuela, un flamante edificio dotado de las \u00faltimas novedades t\u00e9cnicas, comenzaba a recibir a las nuevas promociones de estudiantes de idiomas. Hab\u00edan transcurrido ya m\u00e1s de cuarenta a\u00f1os desde la fundaci\u00f3n del centro. La demanda, sin embargo, nunca ces\u00f3.\u201d<\/em><\/strong><\/p>\n<p><em>M\u00aa Luisa Agra-Cadarso, profesora de Espa\u00f1ol para extranjeros<\/em><\/p>\n<\/div>\n\t\t<\/div><\/div><\/div><div id=\"pgc-3817-2-2\"  class=\"panel-grid-cell panel-grid-cell-empty\" ><\/div><\/div><\/div><div id=\"pg-3817-3\"  class=\"panel-grid panel-has-style\" ><div class=\"panel-row-style panel-row-style-for-3817-3\" ><div id=\"pgc-3817-3-0\"  class=\"panel-grid-cell panel-grid-cell-empty\" ><\/div><div id=\"pgc-3817-3-1\"  class=\"panel-grid-cell panel-grid-cell-mobile-last\" ><div id=\"panel-3817-3-1-0\" class=\"so-panel widget widget_sow-image panel-first-child\" data-index=\"3\" ><div\n\t\t\t\n\t\t\tclass=\"so-widget-sow-image so-widget-sow-image-default-8b5b6f678277-3817\"\n\t\t\t\n\t\t>\n\n<div class=\"sow-image-container\">\n\t\t<img loading=\"lazy\" decoding=\"async\" src=\"https:\/\/site.educa.madrid.org\/eoi.jesusmaestro.madrid\/\/wp-content\/uploads\/eoi.jesusmaestro.madrid\/2022\/06\/CENTENARIO_FOTOS-ANTIGUAS_SACERDOTE.jpg\" width=\"900\" height=\"609\" srcset=\"https:\/\/site.educa.madrid.org\/eoi.jesusmaestro.madrid\/\/wp-content\/uploads\/eoi.jesusmaestro.madrid\/2022\/06\/CENTENARIO_FOTOS-ANTIGUAS_SACERDOTE.jpg 900w, https:\/\/site.educa.madrid.org\/eoi.jesusmaestro.madrid\/\/wp-content\/uploads\/eoi.jesusmaestro.madrid\/2022\/06\/CENTENARIO_FOTOS-ANTIGUAS_SACERDOTE-300x203.jpg 300w, https:\/\/site.educa.madrid.org\/eoi.jesusmaestro.madrid\/\/wp-content\/uploads\/eoi.jesusmaestro.madrid\/2022\/06\/CENTENARIO_FOTOS-ANTIGUAS_SACERDOTE-768x520.jpg 768w, https:\/\/site.educa.madrid.org\/eoi.jesusmaestro.madrid\/\/wp-content\/uploads\/eoi.jesusmaestro.madrid\/2022\/06\/CENTENARIO_FOTOS-ANTIGUAS_SACERDOTE-700x474.jpg 700w, https:\/\/site.educa.madrid.org\/eoi.jesusmaestro.madrid\/\/wp-content\/uploads\/eoi.jesusmaestro.madrid\/2022\/06\/CENTENARIO_FOTOS-ANTIGUAS_SACERDOTE-520x352.jpg 520w, https:\/\/site.educa.madrid.org\/eoi.jesusmaestro.madrid\/\/wp-content\/uploads\/eoi.jesusmaestro.madrid\/2022\/06\/CENTENARIO_FOTOS-ANTIGUAS_SACERDOTE-360x244.jpg 360w, https:\/\/site.educa.madrid.org\/eoi.jesusmaestro.madrid\/\/wp-content\/uploads\/eoi.jesusmaestro.madrid\/2022\/06\/CENTENARIO_FOTOS-ANTIGUAS_SACERDOTE-250x169.jpg 250w, https:\/\/site.educa.madrid.org\/eoi.jesusmaestro.madrid\/\/wp-content\/uploads\/eoi.jesusmaestro.madrid\/2022\/06\/CENTENARIO_FOTOS-ANTIGUAS_SACERDOTE-100x68.jpg 100w\" sizes=\"auto, (max-width: 706px) 89vw, (max-width: 767px) 82vw, 740px\" alt=\"\" \t\tclass=\"so-widget-image\"\/>\n\t<\/div>\n\n<\/div><\/div><div id=\"panel-3817-3-1-1\" class=\"so-panel widget widget_sow-editor panel-last-child\" data-index=\"4\" ><div\n\t\t\t\n\t\t\tclass=\"so-widget-sow-editor so-widget-sow-editor-base\"\n\t\t\t\n\t\t>\n<div class=\"siteorigin-widget-tinymce textwidget\">\n\t<p style=\"text-align: center;\"><em>Inauguraci\u00f3n de la nueva sede de la Escuela Central de Idiomas en la calle Jes\u00fas Maestro<\/em><\/p>\n<\/div>\n<\/div><\/div><\/div><div id=\"pgc-3817-3-2\"  class=\"panel-grid-cell panel-grid-cell-empty\" ><\/div><\/div><\/div><div id=\"pg-3817-4\"  class=\"panel-grid panel-has-style\" ><div class=\"panel-row-style panel-row-style-for-3817-4\" ><div id=\"pgc-3817-4-0\"  class=\"panel-grid-cell\" ><div id=\"panel-3817-4-0-0\" class=\"so-panel widget widget_text panel-first-child panel-last-child\" data-index=\"5\" >\t\t\t<div class=\"textwidget\"><p>Entre los a\u00f1os 1966 y 1986 tuvo lugar la expansi\u00f3n territorial de la instituci\u00f3n con la creaci\u00f3n de una red de centros distribuidos por todo el territorio. La Ley 14\/1967 dio nuevo nombre al conjunto de las escuelas llam\u00e1ndolas <strong>Escuelas Oficiales de Idiomas<\/strong> (EOI), como se conocer\u00e1n de ah\u00ed en adelante. La expansi\u00f3n se llev\u00f3 a cabo de forma irregular, pero, al final del periodo se hab\u00eda pasado <strong>de un solo centro a 24<\/strong>.<\/p>\n<p>Aunque el primer paso se dio en 1964 mediante la creaci\u00f3n de tres Escuelas Oficiales de Idiomas en <strong>Valencia, Bilbao y Barcelona<\/strong>, no es hasta 1966 cuando la primera de ellas, la de Valencia, empieza a funcionar. Seguidamente se abrieron las escuelas de Bilbao en 1969 y de Barcelona en 1970. El mismo decreto que las regula justifica su creaci\u00f3n por el constante incremento del n\u00famero de alumnos de la Escuela Central de idiomas, cuya matr\u00edcula ya superaba las 6.000 inscripciones.<\/p>\n<\/div>\n\t\t<\/div><\/div><\/div><\/div><div id=\"pg-3817-5\"  class=\"panel-grid panel-has-style\" ><div class=\"panel-row-style panel-row-style-for-3817-5\" ><div id=\"pgc-3817-5-0\"  class=\"panel-grid-cell\" ><div id=\"panel-3817-5-0-0\" class=\"so-panel widget widget_text panel-first-child panel-last-child\" data-index=\"6\" >\t\t\t<div class=\"textwidget\"><p>La Ley General de Educaci\u00f3n (1970) hac\u00eda referencia a las ense\u00f1anzas de las Escuelas como <strong><em>\u201cespecializadas\u201d<\/em> <\/strong>por primera vez. El car\u00e1cter de <strong>ense\u00f1anzas especializadas <\/strong>se les otorga definitivamente en la Ley 29\/1981.<\/p>\n<p>A finales de los ochenta, se respira un clima de nueva <strong>conciencia de colectividad docente<\/strong> y se extiende la necesidad de compartir con los compa\u00f1eros novedades y experiencias did\u00e1cticas. Esto se traduce en jornadas y encuentros que comienzan a organizarse en distintas escuelas y, en especial, en el que fue el <strong>I Congreso de Escuelas Oficiales de Idiomas<\/strong>, celebrado en la EOI de Valencia en abril de 1986.<\/p>\n<p>Tras la celebraci\u00f3n de este primer congreso nacional de EOI, se suceden peri\u00f3dicamente los congresos y las jornadas did\u00e1cticas, importantes foros de intercambio de ideas y de debate.<\/p>\n<p>Adem\u00e1s, las asociaciones de profesores y de directores representan un gran paso en el esfuerzo por uniformar las legislaciones, las ense\u00f1anzas y\u00a0 la evaluaci\u00f3n, as\u00ed como por organizar foros de intercambio entre el profesorado.<\/p>\n<\/div>\n\t\t<\/div><\/div><div id=\"pgc-3817-5-1\"  class=\"panel-grid-cell\" ><div id=\"panel-3817-5-1-0\" class=\"so-panel widget widget_sow-image panel-first-child panel-last-child\" data-index=\"7\" ><div\n\t\t\t\n\t\t\tclass=\"so-widget-sow-image so-widget-sow-image-default-8b5b6f678277-3817\"\n\t\t\t\n\t\t>\n\n<div class=\"sow-image-container\">\n\t\t<img loading=\"lazy\" decoding=\"async\" src=\"https:\/\/site.educa.madrid.org\/eoi.jesusmaestro.madrid\/\/wp-content\/uploads\/eoi.jesusmaestro.madrid\/2022\/06\/foto.jpg\" width=\"600\" height=\"399\" srcset=\"https:\/\/site.educa.madrid.org\/eoi.jesusmaestro.madrid\/\/wp-content\/uploads\/eoi.jesusmaestro.madrid\/2022\/06\/foto.jpg 600w, https:\/\/site.educa.madrid.org\/eoi.jesusmaestro.madrid\/\/wp-content\/uploads\/eoi.jesusmaestro.madrid\/2022\/06\/foto-300x200.jpg 300w, https:\/\/site.educa.madrid.org\/eoi.jesusmaestro.madrid\/\/wp-content\/uploads\/eoi.jesusmaestro.madrid\/2022\/06\/foto-391x260.jpg 391w, https:\/\/site.educa.madrid.org\/eoi.jesusmaestro.madrid\/\/wp-content\/uploads\/eoi.jesusmaestro.madrid\/2022\/06\/foto-520x346.jpg 520w, https:\/\/site.educa.madrid.org\/eoi.jesusmaestro.madrid\/\/wp-content\/uploads\/eoi.jesusmaestro.madrid\/2022\/06\/foto-360x239.jpg 360w, https:\/\/site.educa.madrid.org\/eoi.jesusmaestro.madrid\/\/wp-content\/uploads\/eoi.jesusmaestro.madrid\/2022\/06\/foto-250x166.jpg 250w, https:\/\/site.educa.madrid.org\/eoi.jesusmaestro.madrid\/\/wp-content\/uploads\/eoi.jesusmaestro.madrid\/2022\/06\/foto-100x67.jpg 100w, https:\/\/site.educa.madrid.org\/eoi.jesusmaestro.madrid\/\/wp-content\/uploads\/eoi.jesusmaestro.madrid\/2022\/06\/foto-272x182.jpg 272w\" sizes=\"auto, (max-width: 600px) 100vw, 600px\" title=\"Nueva sede\" alt=\"\" \t\tclass=\"so-widget-image\"\/>\n\t<\/div>\n\n<\/div><\/div><\/div><\/div><\/div><div id=\"pg-3817-6\"  class=\"panel-grid panel-has-style\" ><div class=\"panel-row-style panel-row-style-for-3817-6\" ><div id=\"pgc-3817-6-0\"  class=\"panel-grid-cell\" ><div id=\"panel-3817-6-0-0\" class=\"so-panel widget widget_text panel-first-child panel-last-child\" data-index=\"8\" ><div class=\"panel-widget-style panel-widget-style-for-3817-6-0-0\" >\t\t\t<div class=\"textwidget\"><h3>Las EOI de la Comunidad de Madrid<\/h3>\n<p>La d\u00e9cada de 1980 fue el momento en el que m\u00e1s alumnos tuvo la escuela. Tal afluencia hizo que se impusiera la necesidad de abrir nuevas escuelas en la Comunidad de Madrid.<\/p>\n<p>En 1994 se abrieron las de Embajadores, Goya y Moratalaz.\u00a0 Y hoy en d\u00eda la Comunidad cuenta con 29 EOI\u00a0 (Carabanchel. Ciudad Lineal, Embajadores, Goya, Jes\u00fas Maestro, Moratalaz, San Blas, Valdezarza, Villaverde, Alcal\u00e1 de Henares, Rivas Vaciamadrid, San Fernando de Henares, Torrej\u00f3n de Ardoz, Tres Cantos, San Sebasti\u00e1n de los Reyes, Boadilla del Monte, Collado Villaba, las Rozas, Majadahonda, Pozuelo de Alarc\u00f3n, Alcorc\u00f3n, Aranjuez, Fuenlabrada, Getafe, Legan\u00e9s, M\u00f3stoles, Parla, Pinto y Valdemoro).<\/p>\n<\/div>\n\t\t<\/div><\/div><\/div><\/div><\/div><div id=\"pg-3817-7\"  class=\"panel-grid panel-has-style\" ><div class=\"siteorigin-panels-stretch panel-row-style panel-row-style-for-3817-7\" data-stretch-type=\"full\" ><div id=\"pgc-3817-7-0\"  class=\"panel-grid-cell\" ><div id=\"panel-3817-7-0-0\" class=\"so-panel widget widget_sow-headline panel-first-child panel-last-child\" data-index=\"9\" ><div class=\"panel-widget-style panel-widget-style-for-3817-7-0-0\" ><div\n\t\t\t\n\t\t\tclass=\"so-widget-sow-headline so-widget-sow-headline-default-7b971fb35e2c-3817\"\n\t\t\t\n\t\t><div class=\"sow-headline-container \">\n\t\t\t\t\t\t\t<h3 class=\"sow-headline\">\n\t\t\t\t\t\t\t\t\t\t\t\t\t<a href=\"https:\/\/site.educa.madrid.org\/eoi.jesusmaestro.madrid\/index.php\/memoria-de-una-institucion-centenaria\/\" >\n\t\t\t\t\t\t\t\tMemoria de una Instituci\u00f3n Centenaria<\/a>\t\t\t\t\t\t<\/h3>\n\t\t\t\t\t\t\t\t\t\t\t<div class=\"decoration\">\n\t\t\t\t\t\t<div class=\"decoration-inside\"><\/div>\n\t\t\t\t\t<\/div>\n\t\t\t\t\t<\/div>\n<\/div><\/div><\/div><\/div><\/div><\/div><div id=\"pg-3817-8\"  class=\"panel-grid panel-has-style\" ><div class=\"siteorigin-panels-stretch panel-row-style panel-row-style-for-3817-8\" data-stretch-type=\"full-width-stretch\" ><div id=\"pgc-3817-8-0\"  class=\"panel-grid-cell panel-grid-cell-empty\" ><\/div><div id=\"pgc-3817-8-1\"  class=\"panel-grid-cell\" ><div id=\"panel-3817-8-1-0\" class=\"so-panel widget widget_sow-button panel-first-child\" data-index=\"10\" ><div\n\t\t\t\n\t\t\tclass=\"so-widget-sow-button so-widget-sow-button-atom-ac876c72fde1-3817\"\n\t\t\t\n\t\t><div class=\"ow-button-base ow-button-align-justify\">\n\t<a\n\thref=\"https:\/\/site.educa.madrid.org\/eoi.jesusmaestro.madrid\/index.php\/01-mas-de-100-anos-de-escuelas-oficiales-de-idiomas\/\"\n\t\tclass=\"ow-icon-placement-left ow-button-hover\" \t>\n\t\t<span>\n\t\t\t\n\t\t\t01. M\u00e1s de 100 a\u00f1os de Escuelas Oficiales de Idiomas\t\t<\/span>\n\t<\/a>\n<\/div>\n<\/div><\/div><div id=\"panel-3817-8-1-1\" class=\"so-panel widget widget_sow-button\" data-index=\"11\" ><div\n\t\t\t\n\t\t\tclass=\"so-widget-sow-button so-widget-sow-button-atom-ac876c72fde1-3817\"\n\t\t\t\n\t\t><div class=\"ow-button-base ow-button-align-justify\">\n\t<a\n\thref=\"https:\/\/site.educa.madrid.org\/eoi.jesusmaestro.madrid\/index.php\/una-institucion-pionera\/\"\n\t\tclass=\"ow-icon-placement-left ow-button-hover\" \t>\n\t\t<span>\n\t\t\t\n\t\t\t02. Una instituci\u00f3n pionera\t\t<\/span>\n\t<\/a>\n<\/div>\n<\/div><\/div><div id=\"panel-3817-8-1-2\" class=\"so-panel widget widget_sow-button\" data-index=\"12\" ><div\n\t\t\t\n\t\t\tclass=\"so-widget-sow-button so-widget-sow-button-atom-ac876c72fde1-3817\"\n\t\t\t\n\t\t><div class=\"ow-button-base ow-button-align-justify\">\n\t<a\n\thref=\"https:\/\/site.educa.madrid.org\/eoi.jesusmaestro.madrid\/index.php\/03-figuras-destacadas\/\"\n\t\tclass=\"ow-icon-placement-left ow-button-hover\" \t>\n\t\t<span>\n\t\t\t\n\t\t\t03. Figuras destacadas\t\t<\/span>\n\t<\/a>\n<\/div>\n<\/div><\/div><div id=\"panel-3817-8-1-3\" class=\"so-panel widget widget_sow-button panel-last-child\" data-index=\"13\" ><div\n\t\t\t\n\t\t\tclass=\"so-widget-sow-button so-widget-sow-button-atom-ac876c72fde1-3817\"\n\t\t\t\n\t\t><div class=\"ow-button-base ow-button-align-justify\">\n\t<a\n\thref=\"https:\/\/site.educa.madrid.org\/eoi.jesusmaestro.madrid\/index.php\/04-idiomas\/\"\n\t\tclass=\"ow-icon-placement-left ow-button-hover\" \t>\n\t\t<span>\n\t\t\t\n\t\t\t04. Idiomas\t\t<\/span>\n\t<\/a>\n<\/div>\n<\/div><\/div><\/div><div id=\"pgc-3817-8-2\"  class=\"panel-grid-cell panel-grid-cell-mobile-last\" ><div id=\"panel-3817-8-2-0\" class=\"so-panel widget widget_sow-button panel-first-child\" data-index=\"14\" ><div\n\t\t\t\n\t\t\tclass=\"so-widget-sow-button so-widget-sow-button-atom-ac876c72fde1-3817\"\n\t\t\t\n\t\t><div class=\"ow-button-base ow-button-align-justify\">\n\t<a\n\thref=\"https:\/\/site.educa.madrid.org\/eoi.jesusmaestro.madrid\/index.php\/05-actividad-cultural\/\"\n\t\tclass=\"ow-icon-placement-left ow-button-hover\" \t>\n\t\t<span>\n\t\t\t\n\t\t\t05. Actividad cultural\t\t<\/span>\n\t<\/a>\n<\/div>\n<\/div><\/div><div id=\"panel-3817-8-2-1\" class=\"so-panel widget widget_sow-button\" data-index=\"15\" ><div\n\t\t\t\n\t\t\tclass=\"so-widget-sow-button so-widget-sow-button-atom-ac876c72fde1-3817\"\n\t\t\t\n\t\t><div class=\"ow-button-base ow-button-align-justify\">\n\t<a\n\thref=\"https:\/\/site.educa.madrid.org\/eoi.jesusmaestro.madrid\/index.php\/06-una-red-de-centros-especializados\/\"\n\t\tclass=\"ow-icon-placement-left ow-button-hover\" \t>\n\t\t<span>\n\t\t\t\n\t\t\t06. Una red de centros especializados\t\t<\/span>\n\t<\/a>\n<\/div>\n<\/div><\/div><div id=\"panel-3817-8-2-2\" class=\"so-panel widget widget_sow-button panel-last-child\" data-index=\"16\" ><div\n\t\t\t\n\t\t\tclass=\"so-widget-sow-button so-widget-sow-button-atom-ac876c72fde1-3817\"\n\t\t\t\n\t\t><div class=\"ow-button-base ow-button-align-justify\">\n\t<a\n\thref=\"https:\/\/site.educa.madrid.org\/eoi.jesusmaestro.madrid\/index.php\/07-retos-presentes-y-futuros\/\"\n\t\tclass=\"ow-icon-placement-left ow-button-hover\" \t>\n\t\t<span>\n\t\t\t\n\t\t\t07. Retos presentes y futuros\t\t<\/span>\n\t<\/a>\n<\/div>\n<\/div><\/div><\/div><div id=\"pgc-3817-8-3\"  class=\"panel-grid-cell panel-grid-cell-empty\" ><\/div><\/div><\/div><\/div>","protected":false},"excerpt":{"rendered":"<p>En 1965 la matr\u00edcula de la Escuela Central ascend\u00eda ya a m\u00e1s de 10.500 alumnos. En ese momento, se consigue una reivindicaci\u00f3n hist\u00f3rica: la nueva sede.<\/p>\n","protected":false},"author":7,"featured_media":0,"parent":0,"menu_order":0,"comment_status":"closed","ping_status":"closed","template":"rttpg_full_width","meta":{"footnotes":""},"folder":[],"class_list":["post-3817","page","type-page","status-publish","hentry"],"rttpg_featured_image_url":null,"rttpg_author":{"display_name":"Javier Mu\u00f1oz","author_link":"https:\/\/site.educa.madrid.org\/eoi.jesusmaestro.madrid\/index.php\/author\/javier_muoz\/"},"rttpg_comment":0,"rttpg_category":false,"rttpg_excerpt":"En 1965 la matr\u00edcula de la Escuela Central ascend\u00eda ya a m\u00e1s de 10.500 alumnos. En ese momento, se consigue una reivindicaci\u00f3n hist\u00f3rica: la nueva sede.","post_mailing_queue_ids":[],"_links":{"self":[{"href":"https:\/\/site.educa.madrid.org\/eoi.jesusmaestro.madrid\/index.php\/wp-json\/wp\/v2\/pages\/3817","targetHints":{"allow":["GET"]}}],"collection":[{"href":"https:\/\/site.educa.madrid.org\/eoi.jesusmaestro.madrid\/index.php\/wp-json\/wp\/v2\/pages"}],"about":[{"href":"https:\/\/site.educa.madrid.org\/eoi.jesusmaestro.madrid\/index.php\/wp-json\/wp\/v2\/types\/page"}],"author":[{"embeddable":true,"href":"https:\/\/site.educa.madrid.org\/eoi.jesusmaestro.madrid\/index.php\/wp-json\/wp\/v2\/users\/7"}],"replies":[{"embeddable":true,"href":"https:\/\/site.educa.madrid.org\/eoi.jesusmaestro.madrid\/index.php\/wp-json\/wp\/v2\/comments?post=3817"}],"version-history":[{"count":50,"href":"https:\/\/site.educa.madrid.org\/eoi.jesusmaestro.madrid\/index.php\/wp-json\/wp\/v2\/pages\/3817\/revisions"}],"predecessor-version":[{"id":12642,"href":"https:\/\/site.educa.madrid.org\/eoi.jesusmaestro.madrid\/index.php\/wp-json\/wp\/v2\/pages\/3817\/revisions\/12642"}],"wp:attachment":[{"href":"https:\/\/site.educa.madrid.org\/eoi.jesusmaestro.madrid\/index.php\/wp-json\/wp\/v2\/media?parent=3817"}],"wp:term":[{"taxonomy":"folder","embeddable":true,"href":"https:\/\/site.educa.madrid.org\/eoi.jesusmaestro.madrid\/index.php\/wp-json\/wp\/v2\/folder?post=3817"}],"curies":[{"name":"wp","href":"https:\/\/api.w.org\/{rel}","templated":true}]}}