{"id":3821,"date":"2022-06-14T17:43:57","date_gmt":"2022-06-14T15:43:57","guid":{"rendered":"https:\/\/site.educa.madrid.org\/eoi.jesusmaestro.madrid\/?page_id=3821"},"modified":"2026-02-18T22:32:51","modified_gmt":"2026-02-18T21:32:51","slug":"07-retos-presentes-y-futuros","status":"publish","type":"page","link":"https:\/\/site.educa.madrid.org\/eoi.jesusmaestro.madrid\/index.php\/07-retos-presentes-y-futuros\/","title":{"rendered":"07. Retos presentes y futuros"},"content":{"rendered":"<div id=\"pl-3821\"  class=\"panel-layout\" ><div id=\"pg-3821-0\"  class=\"panel-grid panel-has-style\" ><div class=\"siteorigin-panels-stretch panel-row-style panel-row-style-for-3821-0\" data-stretch-type=\"full-width-stretch\" ><div id=\"pgc-3821-0-0\"  class=\"panel-grid-cell panel-grid-cell-empty\" ><\/div><\/div><\/div><div id=\"pg-3821-1\"  class=\"panel-grid panel-has-style\" ><div class=\"panel-row-style panel-row-style-for-3821-1\" ><div id=\"pgc-3821-1-0\"  class=\"panel-grid-cell\" ><div id=\"panel-3821-1-0-0\" class=\"so-panel widget widget_text panel-first-child panel-last-child\" data-index=\"0\" >\t\t\t<div class=\"textwidget\"><p>Los \u00faltimos a\u00f1os han estado marcados por la evoluci\u00f3n metodol\u00f3gica y la adaptaci\u00f3n de nuestras ense\u00f1anzas <strong>a las directrices del Consejo de Europa.<\/strong><\/p>\n<p>Metodol\u00f3gica y organizativamente se ha trabajado en estas l\u00edneas:<\/p>\n<ul>\n<li><strong>Objetivos<\/strong> did\u00e1cticos claramente <strong>definidos<\/strong>.<\/li>\n<li><strong>Autoaprendizaje<\/strong> como complemento de la ense\u00f1anza presencial.<\/li>\n<li>Desarrollo de la <strong>competencia comunicativa.<\/strong><\/li>\n<li>Fomento de la autonom\u00eda del alumnado, <strong>ense\u00f1ar a aprender.<\/strong><\/li>\n<li>Unificaci\u00f3n de <strong>pruebas de certificaci\u00f3n<\/strong> en todas las Comunidades Aut\u00f3nomas para garantizar la validez, fiabilidad, equidad e impacto positivo de la evaluaci\u00f3n.<\/li>\n<\/ul>\n<p>Los retos actuales est\u00e1n relacionados con la digitalizaci\u00f3n, la oferta de ense\u00f1anzas semipresenciales y online, la adaptaci\u00f3n de nuestra organizaci\u00f3n a las necesidades siempre cambiantes de la sociedad, la internacionalizaci\u00f3n de nuestros centros. Continuamos nuestra permanente revisi\u00f3n y actualizaci\u00f3n metodol\u00f3gica, ahora felizmente caracterizada por un enfoque de colaboraci\u00f3n entre centros, de participaci\u00f3n del alumnado.<\/p>\n<p>Seguimos en una l\u00ednea de continua reflexi\u00f3n sobre nuestro trabajo y esforz\u00e1ndonos para ofrecer un servicio p\u00fablico de calidad y adaptado a las necesidades de la ciudadan\u00eda, a la que, al fin y al cabo, nos debemos desde 1911.<\/p>\n<\/div>\n\t\t<\/div><\/div><\/div><\/div><div id=\"pg-3821-2\"  class=\"panel-grid panel-has-style\" ><div class=\"siteorigin-panels-stretch panel-row-style panel-row-style-for-3821-2\" data-stretch-type=\"full\" ><div id=\"pgc-3821-2-0\"  class=\"panel-grid-cell\" ><div id=\"panel-3821-2-0-0\" class=\"so-panel widget widget_sow-headline panel-first-child panel-last-child\" data-index=\"1\" ><div class=\"panel-widget-style panel-widget-style-for-3821-2-0-0\" ><div\n\t\t\t\n\t\t\tclass=\"so-widget-sow-headline so-widget-sow-headline-default-7b971fb35e2c-3821\"\n\t\t\t\n\t\t><div class=\"sow-headline-container \">\n\t\t\t\t\t\t\t<h3 class=\"sow-headline\">\n\t\t\t\t\t\t\t\t\t\t\t\t\t<a href=\"https:\/\/site.educa.madrid.org\/eoi.jesusmaestro.madrid\/index.php\/memoria-de-una-institucion-centenaria\/\" >\n\t\t\t\t\t\t\t\tMemoria de una Instituci\u00f3n Centenaria<\/a>\t\t\t\t\t\t<\/h3>\n\t\t\t\t\t\t\t\t\t\t\t<div class=\"decoration\">\n\t\t\t\t\t\t<div class=\"decoration-inside\"><\/div>\n\t\t\t\t\t<\/div>\n\t\t\t\t\t<\/div>\n<\/div><\/div><\/div><\/div><\/div><\/div><div id=\"pg-3821-3\"  class=\"panel-grid panel-has-style\" ><div class=\"siteorigin-panels-stretch panel-row-style panel-row-style-for-3821-3\" data-stretch-type=\"full-width-stretch\" ><div id=\"pgc-3821-3-0\"  class=\"panel-grid-cell panel-grid-cell-empty\" ><\/div><div id=\"pgc-3821-3-1\"  class=\"panel-grid-cell\" ><div id=\"panel-3821-3-1-0\" class=\"so-panel widget widget_sow-button panel-first-child\" data-index=\"2\" ><div\n\t\t\t\n\t\t\tclass=\"so-widget-sow-button so-widget-sow-button-atom-ac876c72fde1-3821\"\n\t\t\t\n\t\t><div class=\"ow-button-base ow-button-align-justify\">\n\t<a\n\thref=\"https:\/\/site.educa.madrid.org\/eoi.jesusmaestro.madrid\/index.php\/01-mas-de-100-anos-de-escuelas-oficiales-de-idiomas\/\"\n\t\tclass=\"ow-icon-placement-left ow-button-hover\" \t>\n\t\t<span>\n\t\t\t\n\t\t\t01. M\u00e1s de 100 a\u00f1os de Escuelas Oficiales de Idiomas\t\t<\/span>\n\t<\/a>\n<\/div>\n<\/div><\/div><div id=\"panel-3821-3-1-1\" class=\"so-panel widget widget_sow-button\" data-index=\"3\" ><div\n\t\t\t\n\t\t\tclass=\"so-widget-sow-button so-widget-sow-button-atom-ac876c72fde1-3821\"\n\t\t\t\n\t\t><div class=\"ow-button-base ow-button-align-justify\">\n\t<a\n\thref=\"https:\/\/site.educa.madrid.org\/eoi.jesusmaestro.madrid\/index.php\/una-institucion-pionera\/\"\n\t\tclass=\"ow-icon-placement-left ow-button-hover\" \t>\n\t\t<span>\n\t\t\t\n\t\t\t02. Una instituci\u00f3n pionera\t\t<\/span>\n\t<\/a>\n<\/div>\n<\/div><\/div><div id=\"panel-3821-3-1-2\" class=\"so-panel widget widget_sow-button\" data-index=\"4\" ><div\n\t\t\t\n\t\t\tclass=\"so-widget-sow-button so-widget-sow-button-atom-ac876c72fde1-3821\"\n\t\t\t\n\t\t><div class=\"ow-button-base ow-button-align-justify\">\n\t<a\n\thref=\"https:\/\/site.educa.madrid.org\/eoi.jesusmaestro.madrid\/index.php\/03-figuras-destacadas\/\"\n\t\tclass=\"ow-icon-placement-left ow-button-hover\" \t>\n\t\t<span>\n\t\t\t\n\t\t\t03. Figuras destacadas\t\t<\/span>\n\t<\/a>\n<\/div>\n<\/div><\/div><div id=\"panel-3821-3-1-3\" class=\"so-panel widget widget_sow-button panel-last-child\" data-index=\"5\" ><div\n\t\t\t\n\t\t\tclass=\"so-widget-sow-button so-widget-sow-button-atom-ac876c72fde1-3821\"\n\t\t\t\n\t\t><div class=\"ow-button-base ow-button-align-justify\">\n\t<a\n\thref=\"https:\/\/site.educa.madrid.org\/eoi.jesusmaestro.madrid\/index.php\/04-idiomas\/\"\n\t\tclass=\"ow-icon-placement-left ow-button-hover\" \t>\n\t\t<span>\n\t\t\t\n\t\t\t04. Idiomas\t\t<\/span>\n\t<\/a>\n<\/div>\n<\/div><\/div><\/div><div id=\"pgc-3821-3-2\"  class=\"panel-grid-cell panel-grid-cell-mobile-last\" ><div id=\"panel-3821-3-2-0\" class=\"so-panel widget widget_sow-button panel-first-child\" data-index=\"6\" ><div\n\t\t\t\n\t\t\tclass=\"so-widget-sow-button so-widget-sow-button-atom-ac876c72fde1-3821\"\n\t\t\t\n\t\t><div class=\"ow-button-base ow-button-align-justify\">\n\t<a\n\thref=\"https:\/\/site.educa.madrid.org\/eoi.jesusmaestro.madrid\/index.php\/05-actividad-cultural\/\"\n\t\tclass=\"ow-icon-placement-left ow-button-hover\" \t>\n\t\t<span>\n\t\t\t\n\t\t\t05. Actividad cultural\t\t<\/span>\n\t<\/a>\n<\/div>\n<\/div><\/div><div id=\"panel-3821-3-2-1\" class=\"so-panel widget widget_sow-button\" data-index=\"7\" ><div\n\t\t\t\n\t\t\tclass=\"so-widget-sow-button so-widget-sow-button-atom-ac876c72fde1-3821\"\n\t\t\t\n\t\t><div class=\"ow-button-base ow-button-align-justify\">\n\t<a\n\thref=\"https:\/\/site.educa.madrid.org\/eoi.jesusmaestro.madrid\/index.php\/06-una-red-de-centros-especializados\/\"\n\t\tclass=\"ow-icon-placement-left ow-button-hover\" \t>\n\t\t<span>\n\t\t\t\n\t\t\t06. Una red de centros especializados\t\t<\/span>\n\t<\/a>\n<\/div>\n<\/div><\/div><div id=\"panel-3821-3-2-2\" class=\"so-panel widget widget_sow-button panel-last-child\" data-index=\"8\" ><div\n\t\t\t\n\t\t\tclass=\"so-widget-sow-button so-widget-sow-button-atom-ac876c72fde1-3821\"\n\t\t\t\n\t\t><div class=\"ow-button-base ow-button-align-justify\">\n\t<a\n\thref=\"https:\/\/site.educa.madrid.org\/eoi.jesusmaestro.madrid\/index.php\/07-retos-presentes-y-futuros\/\"\n\t\tclass=\"ow-icon-placement-left ow-button-hover\" \t>\n\t\t<span>\n\t\t\t\n\t\t\t07. Retos presentes y futuros\t\t<\/span>\n\t<\/a>\n<\/div>\n<\/div><\/div><\/div><div id=\"pgc-3821-3-3\"  class=\"panel-grid-cell panel-grid-cell-empty\" ><\/div><\/div><\/div><\/div>","protected":false},"excerpt":{"rendered":"<p>Los \u00faltimos a\u00f1os han estado marcados por la evoluci\u00f3n metodol\u00f3gica y la adaptaci\u00f3n de nuestras ense\u00f1anzas a las directrices del Consejo de Europa. Metodol\u00f3gica y organizativamente se ha trabajado en estas l\u00edneas: Objetivos did\u00e1cticos claramente definidos. Autoaprendizaje como complemento de la ense\u00f1anza presencial. Desarrollo de la competencia comunicativa. Fomento de la autonom\u00eda del alumnado, ense\u00f1ar &hellip; <\/p>\n<p class=\"link-more\"><a href=\"https:\/\/site.educa.madrid.org\/eoi.jesusmaestro.madrid\/index.php\/07-retos-presentes-y-futuros\/\" class=\"more-link\">Continuar leyendo<span class=\"screen-reader-text\"> \u00ab07. Retos presentes y futuros\u00bb<\/span><\/a><\/p>\n","protected":false},"author":7,"featured_media":0,"parent":0,"menu_order":0,"comment_status":"closed","ping_status":"closed","template":"rttpg_full_width","meta":{"footnotes":""},"folder":[],"class_list":["post-3821","page","type-page","status-publish","hentry"],"rttpg_featured_image_url":null,"rttpg_author":{"display_name":"Javier Mu\u00f1oz","author_link":"https:\/\/site.educa.madrid.org\/eoi.jesusmaestro.madrid\/index.php\/author\/javier_muoz\/"},"rttpg_comment":0,"rttpg_category":false,"rttpg_excerpt":"Los \u00faltimos a\u00f1os han estado marcados por la evoluci\u00f3n metodol\u00f3gica y la adaptaci\u00f3n de nuestras ense\u00f1anzas a las directrices del Consejo de Europa. Metodol\u00f3gica y organizativamente se ha trabajado en estas l\u00edneas: Objetivos did\u00e1cticos claramente definidos. Autoaprendizaje como complemento de la ense\u00f1anza presencial. Desarrollo de la competencia comunicativa. Fomento de la autonom\u00eda del alumnado, ense\u00f1ar&hellip;","post_mailing_queue_ids":[],"_links":{"self":[{"href":"https:\/\/site.educa.madrid.org\/eoi.jesusmaestro.madrid\/index.php\/wp-json\/wp\/v2\/pages\/3821","targetHints":{"allow":["GET"]}}],"collection":[{"href":"https:\/\/site.educa.madrid.org\/eoi.jesusmaestro.madrid\/index.php\/wp-json\/wp\/v2\/pages"}],"about":[{"href":"https:\/\/site.educa.madrid.org\/eoi.jesusmaestro.madrid\/index.php\/wp-json\/wp\/v2\/types\/page"}],"author":[{"embeddable":true,"href":"https:\/\/site.educa.madrid.org\/eoi.jesusmaestro.madrid\/index.php\/wp-json\/wp\/v2\/users\/7"}],"replies":[{"embeddable":true,"href":"https:\/\/site.educa.madrid.org\/eoi.jesusmaestro.madrid\/index.php\/wp-json\/wp\/v2\/comments?post=3821"}],"version-history":[{"count":50,"href":"https:\/\/site.educa.madrid.org\/eoi.jesusmaestro.madrid\/index.php\/wp-json\/wp\/v2\/pages\/3821\/revisions"}],"predecessor-version":[{"id":12646,"href":"https:\/\/site.educa.madrid.org\/eoi.jesusmaestro.madrid\/index.php\/wp-json\/wp\/v2\/pages\/3821\/revisions\/12646"}],"wp:attachment":[{"href":"https:\/\/site.educa.madrid.org\/eoi.jesusmaestro.madrid\/index.php\/wp-json\/wp\/v2\/media?parent=3821"}],"wp:term":[{"taxonomy":"folder","embeddable":true,"href":"https:\/\/site.educa.madrid.org\/eoi.jesusmaestro.madrid\/index.php\/wp-json\/wp\/v2\/folder?post=3821"}],"curies":[{"name":"wp","href":"https:\/\/api.w.org\/{rel}","templated":true}]}}