{"id":5006,"date":"2023-05-26T13:48:04","date_gmt":"2023-05-26T11:48:04","guid":{"rendered":"https:\/\/site.educa.madrid.org\/eoi.jesusmaestro.madrid\/?page_id=5006"},"modified":"2026-03-12T17:29:58","modified_gmt":"2026-03-12T16:29:58","slug":"instalaciones","status":"publish","type":"page","link":"https:\/\/site.educa.madrid.org\/eoi.jesusmaestro.madrid\/index.php\/instalaciones\/","title":{"rendered":"Instalaciones y seguridad"},"content":{"rendered":"<div id=\"pl-5006\"  class=\"panel-layout\" ><div id=\"pg-5006-0\"  class=\"panel-grid panel-no-style\" ><div id=\"pgc-5006-0-0\"  class=\"panel-grid-cell panel-grid-cell-empty panel-grid-cell-mobile-last\" ><\/div><div id=\"pgc-5006-0-1\"  class=\"panel-grid-cell panel-grid-cell-empty\" ><\/div><\/div><div id=\"pg-5006-1\"  class=\"panel-grid panel-no-style\" ><div id=\"pgc-5006-1-0\"  class=\"panel-grid-cell\" ><div id=\"panel-5006-1-0-0\" class=\"so-panel widget widget_sow-headline panel-first-child panel-last-child\" data-index=\"0\" ><div class=\"panel-widget-style panel-widget-style-for-5006-1-0-0\" ><div\n\t\t\t\n\t\t\tclass=\"so-widget-sow-headline so-widget-sow-headline-default-d4067712ef5e-5006\"\n\t\t\t\n\t\t><div class=\"sow-headline-container \">\n\t\t\t\t\t\t\t<h2 class=\"sow-headline\">\n\t\t\t\t\t\tInstalaciones\t\t\t\t\t\t<\/h2>\n\t\t\t\t\t\t\t\t\t\t\t<div class=\"decoration\">\n\t\t\t\t\t\t<div class=\"decoration-inside\"><\/div>\n\t\t\t\t\t<\/div>\n\t\t\t\t\t\t\t\t\t\t\t<h3 class=\"sow-sub-headline\">\n\t\t\t\t\t\tEsta p\u00e1gina est\u00e1 en camino. Muy pronto m\u00e1s informaci\u00f3n sobre nuestras instalaciones y dotaci\u00f3n\t\t\t\t\t\t<\/h3>\n\t\t\t\t\t\t<\/div>\n<\/div><\/div><\/div><\/div><\/div><div id=\"pg-5006-2\"  class=\"panel-grid panel-has-style\" ><div class=\"siteorigin-panels-stretch panel-row-style panel-row-style-for-5006-2\" data-stretch-type=\"full-width-stretch\" ><div id=\"pgc-5006-2-0\"  class=\"panel-grid-cell panel-grid-cell-empty\" ><\/div><div id=\"pgc-5006-2-1\"  class=\"panel-grid-cell\" ><div id=\"panel-5006-2-1-0\" class=\"so-panel widget widget_sow-image panel-first-child\" data-index=\"1\" ><div class=\"panel-widget-style panel-widget-style-for-5006-2-1-0\" ><div\n\t\t\t\n\t\t\tclass=\"so-widget-sow-image so-widget-sow-image-default-8b5b6f678277-5006\"\n\t\t\t\n\t\t>\n\n<div class=\"sow-image-container\">\n\t\t<img title=\"Instalaciones y seguridad\" alt=\"\" \t\tclass=\"so-widget-image\"\/>\n\t<\/div>\n\n<\/div><\/div><\/div><div id=\"panel-5006-2-1-1\" class=\"so-panel widget widget_sow-headline panel-last-child\" data-index=\"2\" ><div class=\"panel-widget-style panel-widget-style-for-5006-2-1-1\" ><div\n\t\t\t\n\t\t\tclass=\"so-widget-sow-headline so-widget-sow-headline-default-b30361cf1316-5006\"\n\t\t\t\n\t\t><div class=\"sow-headline-container \">\n\t\t\t\t\t\t\t<h3 class=\"sow-headline\">\n\t\t\t\t\t\tEDIFICIO\t\t\t\t\t\t<\/h3>\n\t\t\t\t\t\t\t\t\t\t\t<div class=\"decoration\">\n\t\t\t\t\t\t<div class=\"decoration-inside\"><\/div>\n\t\t\t\t\t<\/div>\n\t\t\t\t\t\t\t\t\t\t\t<h5 class=\"sow-sub-headline\">\n\t\t\t\t\t\t\t\t\t\t\t\t\t<a href=\"#edificio\" >\n\t\t\t\t\t\t\t\t+info<\/a>\t\t\t\t\t\t<\/h5>\n\t\t\t\t\t\t<\/div>\n<\/div><\/div><\/div><\/div><div id=\"pgc-5006-2-2\"  class=\"panel-grid-cell\" ><div id=\"panel-5006-2-2-0\" class=\"so-panel widget widget_sow-image panel-first-child\" data-index=\"3\" ><div class=\"panel-widget-style panel-widget-style-for-5006-2-2-0\" ><div\n\t\t\t\n\t\t\tclass=\"so-widget-sow-image so-widget-sow-image-default-8b5b6f678277-5006\"\n\t\t\t\n\t\t>\n\n<div class=\"sow-image-container\">\n\t\t<img title=\"Instalaciones y seguridad\" alt=\"\" \t\tclass=\"so-widget-image\"\/>\n\t<\/div>\n\n<\/div><\/div><\/div><div id=\"panel-5006-2-2-1\" class=\"so-panel widget widget_sow-headline panel-last-child\" data-index=\"4\" ><div class=\"panel-widget-style panel-widget-style-for-5006-2-2-1\" ><div\n\t\t\t\n\t\t\tclass=\"so-widget-sow-headline so-widget-sow-headline-default-b30361cf1316-5006\"\n\t\t\t\n\t\t><div class=\"sow-headline-container \">\n\t\t\t\t\t\t\t<h3 class=\"sow-headline\">\n\t\t\t\t\t\tSEGURIDAD\t\t\t\t\t\t<\/h3>\n\t\t\t\t\t\t\t\t\t\t\t<div class=\"decoration\">\n\t\t\t\t\t\t<div class=\"decoration-inside\"><\/div>\n\t\t\t\t\t<\/div>\n\t\t\t\t\t\t\t\t\t\t\t<h5 class=\"sow-sub-headline\">\n\t\t\t\t\t\t\t\t\t\t\t\t\t<a href=\"#seguridad\" >\n\t\t\t\t\t\t\t\t+info<\/a>\t\t\t\t\t\t<\/h5>\n\t\t\t\t\t\t<\/div>\n<\/div><\/div><\/div><\/div><div id=\"pgc-5006-2-3\"  class=\"panel-grid-cell panel-grid-cell-mobile-last\" ><div id=\"panel-5006-2-3-0\" class=\"so-panel widget widget_sow-image panel-first-child\" data-index=\"5\" ><div class=\"panel-widget-style panel-widget-style-for-5006-2-3-0\" ><div\n\t\t\t\n\t\t\tclass=\"so-widget-sow-image so-widget-sow-image-default-8b5b6f678277-5006\"\n\t\t\t\n\t\t>\n\n<div class=\"sow-image-container\">\n\t\t<img title=\"Instalaciones y seguridad\" alt=\"\" \t\tclass=\"so-widget-image\"\/>\n\t<\/div>\n\n<\/div><\/div><\/div><div id=\"panel-5006-2-3-1\" class=\"so-panel widget widget_sow-headline panel-last-child\" data-index=\"6\" ><div class=\"panel-widget-style panel-widget-style-for-5006-2-3-1\" ><div\n\t\t\t\n\t\t\tclass=\"so-widget-sow-headline so-widget-sow-headline-default-b30361cf1316-5006\"\n\t\t\t\n\t\t><div class=\"sow-headline-container \">\n\t\t\t\t\t\t\t<h3 class=\"sow-headline\">\n\t\t\t\t\t\tESPACIOS\t\t\t\t\t\t<\/h3>\n\t\t\t\t\t\t\t\t\t\t\t<div class=\"decoration\">\n\t\t\t\t\t\t<div class=\"decoration-inside\"><\/div>\n\t\t\t\t\t<\/div>\n\t\t\t\t\t\t\t\t\t\t\t<h5 class=\"sow-sub-headline\">\n\t\t\t\t\t\t\t\t\t\t\t\t\t<a href=\"#espacios\" >\n\t\t\t\t\t\t\t\t+info<\/a>\t\t\t\t\t\t<\/h5>\n\t\t\t\t\t\t<\/div>\n<\/div><\/div><\/div><\/div><div id=\"pgc-5006-2-4\"  class=\"panel-grid-cell panel-grid-cell-empty\" ><\/div><\/div><\/div><div id=\"pg-5006-3\"  class=\"panel-grid panel-has-style\" ><div class=\"siteorigin-panels-stretch panel-row-style panel-row-style-for-5006-3\" data-stretch-type=\"full-width-stretch\" ><div id=\"pgc-5006-3-0\"  class=\"panel-grid-cell panel-grid-cell-empty\" ><\/div><div id=\"pgc-5006-3-1\"  class=\"panel-grid-cell\" ><div id=\"panel-5006-3-1-0\" class=\"so-panel widget widget_sow-image panel-first-child\" data-index=\"7\" ><div class=\"panel-widget-style panel-widget-style-for-5006-3-1-0\" ><div\n\t\t\t\n\t\t\tclass=\"so-widget-sow-image so-widget-sow-image-default-8b5b6f678277-5006\"\n\t\t\t\n\t\t>\n\n<div class=\"sow-image-container\">\n\t\t<img title=\"Instalaciones y seguridad\" alt=\"\" \t\tclass=\"so-widget-image\"\/>\n\t<\/div>\n\n<\/div><\/div><\/div><div id=\"panel-5006-3-1-1\" class=\"so-panel widget widget_sow-headline panel-last-child\" data-index=\"8\" ><div class=\"panel-widget-style panel-widget-style-for-5006-3-1-1\" ><div\n\t\t\t\n\t\t\tclass=\"so-widget-sow-headline so-widget-sow-headline-default-b30361cf1316-5006\"\n\t\t\t\n\t\t><div class=\"sow-headline-container \">\n\t\t\t\t\t\t\t<h3 class=\"sow-headline\">\n\t\t\t\t\t\tDOTACI\u00d3N\t\t\t\t\t\t<\/h3>\n\t\t\t\t\t\t\t\t\t\t\t<div class=\"decoration\">\n\t\t\t\t\t\t<div class=\"decoration-inside\"><\/div>\n\t\t\t\t\t<\/div>\n\t\t\t\t\t\t\t\t\t\t\t<h5 class=\"sow-sub-headline\">\n\t\t\t\t\t\t\t\t\t\t\t\t\t<a href=\"#dotaci\u00f3n\" >\n\t\t\t\t\t\t\t\t+info<\/a>\t\t\t\t\t\t<\/h5>\n\t\t\t\t\t\t<\/div>\n<\/div><\/div><\/div><\/div><div id=\"pgc-5006-3-2\"  class=\"panel-grid-cell\" ><div id=\"panel-5006-3-2-0\" class=\"so-panel widget widget_sow-image panel-first-child\" data-index=\"9\" ><div class=\"panel-widget-style panel-widget-style-for-5006-3-2-0\" ><div\n\t\t\t\n\t\t\tclass=\"so-widget-sow-image so-widget-sow-image-default-8b5b6f678277-5006\"\n\t\t\t\n\t\t>\n\n<div class=\"sow-image-container\">\n\t\t<img title=\"Instalaciones y seguridad\" alt=\"\" \t\tclass=\"so-widget-image\"\/>\n\t<\/div>\n\n<\/div><\/div><\/div><div id=\"panel-5006-3-2-1\" class=\"so-panel widget widget_sow-headline panel-last-child\" data-index=\"10\" ><div class=\"panel-widget-style panel-widget-style-for-5006-3-2-1\" ><div\n\t\t\t\n\t\t\tclass=\"so-widget-sow-headline so-widget-sow-headline-default-b30361cf1316-5006\"\n\t\t\t\n\t\t><div class=\"sow-headline-container \">\n\t\t\t\t\t\t\t<h3 class=\"sow-headline\">\n\t\t\t\t\t\tBIBLIOTECA\t\t\t\t\t\t<\/h3>\n\t\t\t\t\t\t\t\t\t\t\t<div class=\"decoration\">\n\t\t\t\t\t\t<div class=\"decoration-inside\"><\/div>\n\t\t\t\t\t<\/div>\n\t\t\t\t\t\t\t\t\t\t\t<h5 class=\"sow-sub-headline\">\n\t\t\t\t\t\t\t\t\t\t\t\t\t<a href=\"https:\/\/site.educa.madrid.org\/eoi.jesusmaestro.madrid\/index.php\/biblioteca-multilingue\/\" >\n\t\t\t\t\t\t\t\t+info<\/a>\t\t\t\t\t\t<\/h5>\n\t\t\t\t\t\t<\/div>\n<\/div><\/div><\/div><\/div><div id=\"pgc-5006-3-3\"  class=\"panel-grid-cell panel-grid-cell-mobile-last\" ><div id=\"panel-5006-3-3-0\" class=\"so-panel widget widget_sow-image panel-first-child\" data-index=\"11\" ><div class=\"panel-widget-style panel-widget-style-for-5006-3-3-0\" ><div\n\t\t\t\n\t\t\tclass=\"so-widget-sow-image so-widget-sow-image-default-8b5b6f678277-5006\"\n\t\t\t\n\t\t>\n\n<div class=\"sow-image-container\">\n\t\t<img title=\"Instalaciones y seguridad\" alt=\"\" \t\tclass=\"so-widget-image\"\/>\n\t<\/div>\n\n<\/div><\/div><\/div><div id=\"panel-5006-3-3-1\" class=\"so-panel widget widget_sow-headline panel-last-child\" data-index=\"12\" ><div class=\"panel-widget-style panel-widget-style-for-5006-3-3-1\" ><div\n\t\t\t\n\t\t\tclass=\"so-widget-sow-headline so-widget-sow-headline-default-b30361cf1316-5006\"\n\t\t\t\n\t\t><div class=\"sow-headline-container \">\n\t\t\t\t\t\t\t<h3 class=\"sow-headline\">\n\t\t\t\t\t\tCAFETER\u00cdA\t\t\t\t\t\t<\/h3>\n\t\t\t\t\t\t\t\t\t\t\t<div class=\"decoration\">\n\t\t\t\t\t\t<div class=\"decoration-inside\"><\/div>\n\t\t\t\t\t<\/div>\n\t\t\t\t\t\t\t\t\t\t\t<h5 class=\"sow-sub-headline\">\n\t\t\t\t\t\t\t\t\t\t\t\t\t<a href=\"https:\/\/www.instagram.com\/underground.eoi\/\" target=\"_blank\" rel=\"noopener noreferrer\">\n\t\t\t\t\t\t\t\t+info<\/a>\t\t\t\t\t\t<\/h5>\n\t\t\t\t\t\t<\/div>\n<\/div><\/div><\/div><\/div><div id=\"pgc-5006-3-4\"  class=\"panel-grid-cell panel-grid-cell-empty\" ><\/div><\/div><\/div><div id=\"pg-5006-4\"  class=\"panel-grid panel-has-style\" ><div class=\"siteorigin-panels-stretch panel-row-style panel-row-style-for-5006-4\" data-stretch-type=\"full-width-stretch\" ><div id=\"pgc-5006-4-0\"  class=\"panel-grid-cell panel-grid-cell-empty\" ><\/div><div id=\"pgc-5006-4-1\"  class=\"panel-grid-cell\" ><div id=\"panel-5006-4-1-0\" class=\"so-panel widget widget_sow-headline panel-first-child\" data-index=\"13\" ><div class=\"panel-widget-style panel-widget-style-for-5006-4-1-0\" ><div\n\t\t\t\n\t\t\tclass=\"so-widget-sow-headline so-widget-sow-headline-default-b30361cf1316-5006\"\n\t\t\t\n\t\t><div class=\"sow-headline-container \">\n\t\t\t\t\t\t\t<h3 class=\"sow-headline\">\n\t\t\t\t\t\t<a id=\"seguridad\"><\/a>\t\t\t\t\t\t<\/h3>\n\t\t\t\t\t\t\t\t\t\t\t<div class=\"decoration\">\n\t\t\t\t\t\t<div class=\"decoration-inside\"><\/div>\n\t\t\t\t\t<\/div>\n\t\t\t\t\t<\/div>\n<\/div><\/div><\/div><div id=\"panel-5006-4-1-1\" class=\"so-panel widget widget_sow-headline\" data-index=\"14\" ><div class=\"panel-widget-style panel-widget-style-for-5006-4-1-1\" ><div\n\t\t\t\n\t\t\tclass=\"so-widget-sow-headline so-widget-sow-headline-default-916c1c1711fc-5006\"\n\t\t\t\n\t\t><div class=\"sow-headline-container \">\n\t\t\t\t\t\t\t<h1 class=\"sow-headline\">\n\t\t\t\t\t\tSeguridad\t\t\t\t\t\t<\/h1>\n\t\t\t\t\t\t\t\t\t\t\t<div class=\"decoration\">\n\t\t\t\t\t\t<div class=\"decoration-inside\"><\/div>\n\t\t\t\t\t<\/div>\n\t\t\t\t\t<\/div>\n<\/div><\/div><\/div><div id=\"panel-5006-4-1-2\" class=\"so-panel widget widget_text panel-last-child\" data-index=\"15\" ><div class=\"panel-widget-style panel-widget-style-for-5006-4-1-2\" ><h3 class=\"widget-title\">Plan de emergencia<\/h3>\t\t\t<div class=\"textwidget\"><p style=\"text-align: center;\"><a href=\"https:\/\/mediateca.educa.madrid.org\/video\/mixjgf69rrcdubvf?jwsource=cl\" target=\"_blank\" rel=\"noopener\"><img loading=\"lazy\" decoding=\"async\" class=\"alignnone wp-image-13130\" src=\"https:\/\/site.educa.madrid.org\/eoi.jesusmaestro.madrid\/\/wp-content\/uploads\/eoi.jesusmaestro.madrid\/2026\/03\/plan-de-emergencia-300x198.jpg\" alt=\"\" width=\"509\" height=\"336\" srcset=\"https:\/\/site.educa.madrid.org\/eoi.jesusmaestro.madrid\/\/wp-content\/uploads\/eoi.jesusmaestro.madrid\/2026\/03\/plan-de-emergencia-300x198.jpg 300w, https:\/\/site.educa.madrid.org\/eoi.jesusmaestro.madrid\/\/wp-content\/uploads\/eoi.jesusmaestro.madrid\/2026\/03\/plan-de-emergencia.jpg 640w\" sizes=\"auto, (max-width: 509px) 100vw, 509px\" \/><\/a><\/p>\n<p style=\"text-align: center;\"><a href=\"https:\/\/mediateca.educa.madrid.org\/video\/mixjgf69rrcdubvf?jwsource=cl\" target=\"_blank\" rel=\"noopener\"><strong><span style=\"color: #009297; font-family: Verdana, Geneva, sans-serif; font-size: 18px;\">Gu\u00eda de actuaci\u00f3n en caso de emergencia<\/span><\/strong><\/a><\/p>\n<\/div>\n\t\t<\/div><\/div><\/div><div id=\"pgc-5006-4-2\"  class=\"panel-grid-cell panel-grid-cell-mobile-last\" ><div id=\"panel-5006-4-2-0\" class=\"so-panel widget widget_sow-image panel-first-child\" data-index=\"16\" ><div\n\t\t\t\n\t\t\tclass=\"so-widget-sow-image so-widget-sow-image-default-8b5b6f678277-5006\"\n\t\t\t\n\t\t>\n\n<div class=\"sow-image-container\">\n\t\t<img loading=\"lazy\" decoding=\"async\" src=\"https:\/\/site.educa.madrid.org\/eoi.jesusmaestro.madrid\/\/wp-content\/uploads\/eoi.jesusmaestro.madrid\/2025\/02\/drogas_logo.png\" width=\"1750\" height=\"464\" srcset=\"https:\/\/site.educa.madrid.org\/eoi.jesusmaestro.madrid\/\/wp-content\/uploads\/eoi.jesusmaestro.madrid\/2025\/02\/drogas_logo.png 1750w, https:\/\/site.educa.madrid.org\/eoi.jesusmaestro.madrid\/\/wp-content\/uploads\/eoi.jesusmaestro.madrid\/2025\/02\/drogas_logo-300x80.png 300w, https:\/\/site.educa.madrid.org\/eoi.jesusmaestro.madrid\/\/wp-content\/uploads\/eoi.jesusmaestro.madrid\/2025\/02\/drogas_logo-1024x272.png 1024w, https:\/\/site.educa.madrid.org\/eoi.jesusmaestro.madrid\/\/wp-content\/uploads\/eoi.jesusmaestro.madrid\/2025\/02\/drogas_logo-768x204.png 768w, https:\/\/site.educa.madrid.org\/eoi.jesusmaestro.madrid\/\/wp-content\/uploads\/eoi.jesusmaestro.madrid\/2025\/02\/drogas_logo-1536x407.png 1536w\" sizes=\"auto, (max-width: 706px) 89vw, (max-width: 767px) 82vw, 740px\" alt=\"\" \t\tclass=\"so-widget-image\"\/>\n\t<\/div>\n\n<\/div><\/div><div id=\"panel-5006-4-2-1\" class=\"so-panel widget widget_sow-image panel-last-child\" data-index=\"17\" ><div\n\t\t\t\n\t\t\tclass=\"so-widget-sow-image so-widget-sow-image-default-113ccd71f3e6-5006\"\n\t\t\t\n\t\t>\n\n<div class=\"sow-image-container\">\n\t\t<img loading=\"lazy\" decoding=\"async\" src=\"https:\/\/site.educa.madrid.org\/eoi.jesusmaestro.madrid\/\/wp-content\/uploads\/eoi.jesusmaestro.madrid\/2025\/02\/QR_Buzon-238x300.jpg\" width=\"238\" height=\"300\" srcset=\"https:\/\/site.educa.madrid.org\/eoi.jesusmaestro.madrid\/\/wp-content\/uploads\/eoi.jesusmaestro.madrid\/2025\/02\/QR_Buzon-238x300.jpg 238w, https:\/\/site.educa.madrid.org\/eoi.jesusmaestro.madrid\/\/wp-content\/uploads\/eoi.jesusmaestro.madrid\/2025\/02\/QR_Buzon.jpg 680w\" sizes=\"auto, (max-width: 238px) 100vw, 238px\" alt=\"\" \t\tclass=\"so-widget-image\"\/>\n\t<\/div>\n\n<\/div><\/div><\/div><div id=\"pgc-5006-4-3\"  class=\"panel-grid-cell panel-grid-cell-empty\" ><\/div><\/div><\/div><\/div>","protected":false},"excerpt":{"rendered":"<p>Instalaciones Esta p\u00e1gina est\u00e1 en camino. Muy pronto m\u00e1s informaci\u00f3n sobre nuestras instalaciones y dotaci\u00f3n EDIFICIO +info SEGURIDAD +info ESPACIOS +info DOTACI\u00d3N +info BIBLIOTECA +info CAFETER\u00cdA +info Seguridad Plan de emergencia Gu\u00eda de actuaci\u00f3n en caso de emergencia<\/p>\n","protected":false},"author":3,"featured_media":0,"parent":0,"menu_order":0,"comment_status":"closed","ping_status":"closed","template":"rttpg_full_width","meta":{"footnotes":""},"folder":[],"class_list":["post-5006","page","type-page","status-publish","hentry"],"rttpg_featured_image_url":null,"rttpg_author":{"display_name":"eoi.jesusmaestro.madrid","author_link":"https:\/\/site.educa.madrid.org\/eoi.jesusmaestro.madrid\/index.php\/author\/cuenta_eoi-jesusmaestro-madrid\/"},"rttpg_comment":0,"rttpg_category":false,"rttpg_excerpt":"Instalaciones Esta p\u00e1gina est\u00e1 en camino. Muy pronto m\u00e1s informaci\u00f3n sobre nuestras instalaciones y dotaci\u00f3n EDIFICIO +info SEGURIDAD +info ESPACIOS +info DOTACI\u00d3N +info BIBLIOTECA +info CAFETER\u00cdA +info Seguridad Plan de emergencia Gu\u00eda de actuaci\u00f3n en caso de emergencia","post_mailing_queue_ids":[],"_links":{"self":[{"href":"https:\/\/site.educa.madrid.org\/eoi.jesusmaestro.madrid\/index.php\/wp-json\/wp\/v2\/pages\/5006","targetHints":{"allow":["GET"]}}],"collection":[{"href":"https:\/\/site.educa.madrid.org\/eoi.jesusmaestro.madrid\/index.php\/wp-json\/wp\/v2\/pages"}],"about":[{"href":"https:\/\/site.educa.madrid.org\/eoi.jesusmaestro.madrid\/index.php\/wp-json\/wp\/v2\/types\/page"}],"author":[{"embeddable":true,"href":"https:\/\/site.educa.madrid.org\/eoi.jesusmaestro.madrid\/index.php\/wp-json\/wp\/v2\/users\/3"}],"replies":[{"embeddable":true,"href":"https:\/\/site.educa.madrid.org\/eoi.jesusmaestro.madrid\/index.php\/wp-json\/wp\/v2\/comments?post=5006"}],"version-history":[{"count":45,"href":"https:\/\/site.educa.madrid.org\/eoi.jesusmaestro.madrid\/index.php\/wp-json\/wp\/v2\/pages\/5006\/revisions"}],"predecessor-version":[{"id":13133,"href":"https:\/\/site.educa.madrid.org\/eoi.jesusmaestro.madrid\/index.php\/wp-json\/wp\/v2\/pages\/5006\/revisions\/13133"}],"wp:attachment":[{"href":"https:\/\/site.educa.madrid.org\/eoi.jesusmaestro.madrid\/index.php\/wp-json\/wp\/v2\/media?parent=5006"}],"wp:term":[{"taxonomy":"folder","embeddable":true,"href":"https:\/\/site.educa.madrid.org\/eoi.jesusmaestro.madrid\/index.php\/wp-json\/wp\/v2\/folder?post=5006"}],"curies":[{"name":"wp","href":"https:\/\/api.w.org\/{rel}","templated":true}]}}