{"id":533,"date":"2022-03-30T12:43:39","date_gmt":"2022-03-30T10:43:39","guid":{"rendered":"https:\/\/site.educa.madrid.org\/eoi.jesusmaestro.madrid\/?page_id=533"},"modified":"2026-03-04T09:14:15","modified_gmt":"2026-03-04T08:14:15","slug":"ensenanza-oficial-y-certificacion","status":"publish","type":"page","link":"https:\/\/site.educa.madrid.org\/eoi.jesusmaestro.madrid\/index.php\/ensenanza-oficial-y-certificacion\/","title":{"rendered":"Ense\u00f1anza oficial y certificaci\u00f3n"},"content":{"rendered":"<div id=\"pl-533\"  class=\"panel-layout\" ><div id=\"pg-533-0\"  class=\"panel-grid panel-no-style\" ><div id=\"pgc-533-0-0\"  class=\"panel-grid-cell\" ><div id=\"panel-533-0-0-0\" class=\"so-panel widget widget_sow-headline panel-first-child panel-last-child\" data-index=\"0\" ><div\n\t\t\t\n\t\t\tclass=\"so-widget-sow-headline so-widget-sow-headline-default-6bcd762d110d-533\"\n\t\t\t\n\t\t><div class=\"sow-headline-container \">\n\t\t\t\t\t\t\t<h2 class=\"sow-headline\">\n\t\t\t\t\t\tEnse\u00f1anza oficial y certificaci\u00f3n\t\t\t\t\t\t<\/h2>\n\t\t\t\t\t\t\t\t\t\t\t<div class=\"decoration\">\n\t\t\t\t\t\t<div class=\"decoration-inside\"><\/div>\n\t\t\t\t\t<\/div>\n\t\t\t\t\t<\/div>\n<\/div><\/div><\/div><\/div><div id=\"pg-533-1\"  class=\"panel-grid panel-no-style\" ><div id=\"pgc-533-1-0\"  class=\"panel-grid-cell panel-grid-cell-empty\" ><\/div><\/div><div id=\"pg-533-2\"  class=\"panel-grid panel-has-style\" ><div class=\"siteorigin-panels-stretch panel-row-style panel-row-style-for-533-2\" data-stretch-type=\"full-width-stretch\" ><div id=\"pgc-533-2-0\"  class=\"panel-grid-cell panel-grid-cell-empty\" ><\/div><\/div><\/div><div id=\"pg-533-3\"  class=\"panel-grid panel-has-style\" ><div class=\"panel-row-style panel-row-style-for-533-3\" ><div id=\"pgc-533-3-0\"  class=\"panel-grid-cell panel-grid-cell-empty\" ><\/div><div id=\"pgc-533-3-1\"  class=\"panel-grid-cell panel-grid-cell-mobile-last\" ><div id=\"panel-533-3-1-0\" class=\"so-panel widget widget_text panel-first-child\" data-index=\"1\" >\t\t\t<div class=\"textwidget\"><p>La Escuela Oficial de Idiomas de Madrid &#8211; Jes\u00fas Maestro es una instituci\u00f3n p\u00fablica que pertenece a la Consejer\u00eda de Educaci\u00f3n de la Comunidad de Madrid. Ofrece ense\u00f1anza reglada de idiomas y permite obtener un t\u00edtulo oficial.<br \/>\nSus ense\u00f1anzas est\u00e1n reguladas por <strong>normativa<\/strong> estatal y auton\u00f3mica y est\u00e1n alineadas con el <strong>Marco Com\u00fan Europeo de Referencia para las lenguas (MCER)<\/strong>, documento elaborado por el Consejo de Europa que proporciona una base com\u00fan para la ense\u00f1anza de lenguas.<\/p>\n<div id=\"panel-3593-2-0-0\" class=\"so-panel widget widget_text panel-first-child\" data-index=\"1\">\n<div class=\"textwidget\">\n<p>Las Escuelas Oficiales de Idiomas representan un grand\u00edsimo logro dentro del sistema de ense\u00f1anza p\u00fablico de Espa\u00f1a, m\u00e1s a\u00fan porque son \u00fanicas en el mundo. Son centros que, desde hace m\u00e1s de un siglo, ofrecen ense\u00f1anzas regladas de idiomas al alcance de todas las personas, a lo largo y ancho del territorio nacional. Hoy en d\u00eda acogen a estudiantes a partir de 14 a\u00f1os y sin l\u00edmite de edad, y son principalmente frecuentadas por alumnado adulto, de muy diversas nacionalidades y circunstancias sociales y profesionales, por lo que a la riqueza ling\u00fc\u00edstica y cultural se a\u00f1ade la derivada del mestizaje social (se organizan numerosas actividades culturales complementarias a las clases -desde un coro que prepara repertorios multiling\u00fces hasta conferencias, salidas al teatro y celebraciones de festividades t\u00edpicas de distintos pa\u00edses-).<\/p>\n<p>Sus profesores son funcionarios de carrera, que acceden a su puesto tras un proceso espec\u00edfico de concurso-oposici\u00f3n al que para poder presentarse se requiere contar con un grado o licenciatura y el M\u00e1ster de Formaci\u00f3n del Profesorado. El profesorado a\u00fana las competencias ling\u00fc\u00edstica y did\u00e1ctica exigidas a una de formaci\u00f3n y experiencia profesional pluridisciplinares, que repercuten en la calidad de la ense\u00f1anza de idiomas enfocada a la acci\u00f3n en la que se basa el Marco Com\u00fan Europeo de referencia para las lenguas.<\/p>\n<p>A d\u00eda de hoy son cerca de medio mill\u00f3n los alumnos los que se benefician de este gran sistema p\u00fablico de ense\u00f1anza para formarse y certificarse en m\u00e1s de 20 idiomas siguiendo el Marco Com\u00fan Europeo de Referencia para las Lenguas. La Comunidad de Madrid ofrece ex\u00e1menes de certificaci\u00f3n para los niveles A2, B1, B2, C1 y C2, certificaciones que cuentan con reconocimiento oficial y permiten puntuar en baremos de oposiciones, concursos y traslados de funcionarios, as\u00ed como acreditar el nivel de idioma para acceso a m\u00e1steres oficiales.<\/p>\n<\/div>\n<\/div>\n<div id=\"panel-3593-2-0-1\" class=\"so-panel widget widget_sow-headline\" data-index=\"2\">\n<div class=\"so-widget-sow-headline so-widget-sow-headline-default-a997c907de70-3593\">\n<div class=\"sow-headline-container \">\n<h2 class=\"sow-headline\">La EOI de Madrid \u2013 Jes\u00fas Maestro<\/h2>\n<div class=\"decoration\">\n<div class=\"decoration-inside\">La EOI de Madrid \u2013 Jes\u00fas Maestro ofrece ense\u00f1anza reglada de 21 idiomas.<\/div>\n<\/div>\n<\/div>\n<\/div>\n<\/div>\n<div id=\"panel-3593-2-0-2\" class=\"so-panel widget widget_text panel-last-child\" data-index=\"3\">\n<div class=\"textwidget\">\n<pre class=\"wp-block-verse\">alem\u00e1n, \u00e1rabe, catal\u00e1n, chino, dan\u00e9s, espa\u00f1ol como lengua extranjera, euskera, fin\u00e9s, franc\u00e9s, gallego, griego, h\u00fangaro, ingl\u00e9s, italiano, japon\u00e9s, neerland\u00e9s, polaco, portugu\u00e9s, rumano, ruso y sueco.<\/pre>\n<\/div>\n<\/div>\n<\/div>\n\t\t<\/div><div id=\"panel-533-3-1-1\" class=\"so-panel widget widget_sow-button panel-last-child\" data-index=\"2\" ><div class=\"panel-widget-style panel-widget-style-for-533-3-1-1\" ><div\n\t\t\t\n\t\t\tclass=\"so-widget-sow-button so-widget-sow-button-atom-f73c2e02470d-533\"\n\t\t\t\n\t\t><div class=\"ow-button-base ow-button-align-left\">\n\t<a\n\thref=\"https:\/\/www.comunidad.madrid\/servicios\/educacion\/ensenanzas-idiomas\"\n\t\tclass=\"ow-icon-placement-left ow-button-hover\" \t>\n\t\t<span>\n\t\t\t\n\t\t\tWeb de la Comunidad de Madrid\t\t<\/span>\n\t<\/a>\n<\/div>\n<\/div><\/div><\/div><\/div><div id=\"pgc-533-3-2\"  class=\"panel-grid-cell panel-grid-cell-empty\" ><\/div><\/div><\/div><div id=\"pg-533-4\"  class=\"panel-grid panel-has-style\" ><div class=\"panel-row-style panel-row-style-for-533-4\" ><div id=\"pgc-533-4-0\"  class=\"panel-grid-cell\" ><div id=\"panel-533-4-0-0\" class=\"so-panel widget widget_text panel-first-child\" data-index=\"3\" >\t\t\t<div class=\"textwidget\"><p>De manera general, se ofrecen los siguientes niveles (aunque no se imparten todos los niveles de todos los idiomas):<\/p>\n<p>&#8211; Nivel b\u00e1sico A1 y A2<br \/>\n&#8211; Nivel intermedio B1 y B2<br \/>\n&#8211; Nivel avanzado C1 y C2<\/p>\n<p>Adem\u00e1s, los distintos idiomas de la EOI Jes\u00fas Maestro tienen diferente n\u00famero de cursos en cada nivel, de acuerdo a su propio itinerario.<\/p>\n<\/div>\n\t\t<\/div><div id=\"panel-533-4-0-1\" class=\"so-panel widget widget_sow-button panel-last-child\" data-index=\"4\" ><div class=\"panel-widget-style panel-widget-style-for-533-4-0-1\" ><div\n\t\t\t\n\t\t\tclass=\"so-widget-sow-button so-widget-sow-button-atom-f73c2e02470d-533\"\n\t\t\t\n\t\t><div class=\"ow-button-base ow-button-align-left\">\n\t<a\n\thref=\"https:\/\/site.educa.madrid.org\/eoi.jesusmaestro.madrid\/index.php\/idiomas\/\"\n\t\tclass=\"ow-icon-placement-left ow-button-hover\" \t>\n\t\t<span>\n\t\t\t\n\t\t\tOferta de idiomas\t\t<\/span>\n\t<\/a>\n<\/div>\n<\/div><\/div><\/div><\/div><div id=\"pgc-533-4-1\"  class=\"panel-grid-cell\" ><div class=\"panel-cell-style panel-cell-style-for-533-4-1\" ><div id=\"panel-533-4-1-0\" class=\"so-panel widget widget_media_image panel-first-child\" data-index=\"5\" ><div class=\"panel-widget-style panel-widget-style-for-533-4-1-0\" ><a href=\"https:\/\/site.educa.madrid.org\/eoi.jesusmaestro.madrid\/index.php\/5551-2\/\"><img loading=\"lazy\" decoding=\"async\" width=\"300\" height=\"225\" src=\"https:\/\/site.educa.madrid.org\/eoi.jesusmaestro.madrid\/\/wp-content\/uploads\/eoi.jesusmaestro.madrid\/2023\/11\/IMG_2551-1200p-300x225.webp\" class=\"image wp-image-6222  attachment-medium size-medium\" alt=\"\" style=\"max-width: 100%; height: auto;\" srcset=\"https:\/\/site.educa.madrid.org\/eoi.jesusmaestro.madrid\/\/wp-content\/uploads\/eoi.jesusmaestro.madrid\/2023\/11\/IMG_2551-1200p-300x225.webp 300w, https:\/\/site.educa.madrid.org\/eoi.jesusmaestro.madrid\/\/wp-content\/uploads\/eoi.jesusmaestro.madrid\/2023\/11\/IMG_2551-1200p-1024x768.webp 1024w, https:\/\/site.educa.madrid.org\/eoi.jesusmaestro.madrid\/\/wp-content\/uploads\/eoi.jesusmaestro.madrid\/2023\/11\/IMG_2551-1200p-768x576.webp 768w, https:\/\/site.educa.madrid.org\/eoi.jesusmaestro.madrid\/\/wp-content\/uploads\/eoi.jesusmaestro.madrid\/2023\/11\/IMG_2551-1200p.webp 1200w\" sizes=\"auto, 100vw\" \/><\/a><\/div><\/div><div id=\"panel-533-4-1-1\" class=\"so-panel widget widget_sow-editor panel-last-child\" data-index=\"6\" ><div class=\"panel-widget-style panel-widget-style-for-533-4-1-1\" ><div\n\t\t\t\n\t\t\tclass=\"so-widget-sow-editor so-widget-sow-editor-base\"\n\t\t\t\n\t\t>\n<div class=\"siteorigin-widget-tinymce textwidget\">\n\t<p style=\"text-align: left;\"><em>C\u00f3mo ser alumno<\/em><\/p>\n<\/div>\n<\/div><\/div><\/div><\/div><\/div><\/div><\/div><div id=\"pg-533-5\"  class=\"panel-grid panel-has-style\" ><div class=\"panel-row-style panel-row-style-for-533-5\" ><div id=\"pgc-533-5-0\"  class=\"panel-grid-cell panel-grid-cell-empty\" ><\/div><div id=\"pgc-533-5-1\"  class=\"panel-grid-cell panel-grid-cell-mobile-last\" ><div id=\"panel-533-5-1-0\" class=\"so-panel widget widget_text panel-first-child panel-last-child\" data-index=\"7\" >\t\t\t<div class=\"textwidget\"><p>Nuestros cursos son mayoritariamente anuales (de septiembre a mayo, con dos d\u00edas de clase a la semana), pero tambi\u00e9n se ofrecen cursos cuatrimestrales (de septiembre a enero y de febrero a mayo, con cuatro d\u00edas de clase a la semana).<\/p>\n<p>La oferta de la EOI Jes\u00fas Maestro incluye cursos presenciales, semipresenciales -que combinan clases en el aula y clases online a trav\u00e9s de un aula virtual- y cursos a distancia. Adem\u00e1s, existe la opci\u00f3n de estudiar ingl\u00e9s a trav\u00e9s del programa <em><strong>That\u2019s English!<\/strong><\/em>.<\/p>\n<p>Nuestra oferta de cursos generales se ve con frecuencia complementada por cursos espec\u00edficos, de perfeccionamiento, actualizaci\u00f3n y especializaci\u00f3n.<\/p>\n<\/div>\n\t\t<\/div><\/div><div id=\"pgc-533-5-2\"  class=\"panel-grid-cell panel-grid-cell-empty\" ><\/div><\/div><\/div><div id=\"pg-533-6\"  class=\"panel-grid panel-has-style\" ><div class=\"siteorigin-panels-stretch panel-row-style panel-row-style-for-533-6\" data-stretch-type=\"full\" ><div id=\"pgc-533-6-0\"  class=\"panel-grid-cell\" ><div id=\"panel-533-6-0-0\" class=\"so-panel widget widget_sow-headline panel-first-child\" data-index=\"8\" ><div class=\"panel-widget-style panel-widget-style-for-533-6-0-0\" ><div\n\t\t\t\n\t\t\tclass=\"so-widget-sow-headline so-widget-sow-headline-default-e6641220cff3-533\"\n\t\t\t\n\t\t><div class=\"sow-headline-container \">\n\t\t\t\t\t\t\t<h2 class=\"sow-headline\">\n\t\t\t\t\t\tCertificaci\u00f3n\t\t\t\t\t\t<\/h2>\n\t\t\t\t\t\t<\/div>\n<\/div><\/div><\/div><div id=\"panel-533-6-0-1\" class=\"so-panel widget widget_siteorigin-panels-builder\" data-index=\"9\" ><div class=\"panel-widget-style panel-widget-style-for-533-6-0-1\" ><div id=\"pl-w69a7e9d7073e4\"  class=\"panel-layout\" ><div id=\"pg-w69a7e9d7073e4-0\"  class=\"panel-grid panel-has-style\" ><div class=\"panel-row-style panel-row-style-for-w69a7e9d7073e4-0\" ><div id=\"pgc-w69a7e9d7073e4-0-0\"  class=\"panel-grid-cell\" ><div id=\"panel-w69a7e9d7073e4-0-0-0\" class=\"so-panel widget widget_text panel-first-child\" data-index=\"0\" >\t\t\t<div class=\"textwidget\"><p>Al finalizar cada nivel, el alumno puede hacer una prueba de certificaci\u00f3n incluida en el precio del curso. La superaci\u00f3n de esta prueba proporciona el t\u00edtulo oficial de la Escuela Oficial de Idiomas, que tiene validez en todo el territorio nacional y no tiene fecha de caducidad.<\/p>\n<\/div>\n\t\t<\/div><div id=\"panel-w69a7e9d7073e4-0-0-1\" class=\"so-panel widget widget_sow-image panel-last-child\" data-index=\"1\" ><div\n\t\t\t\n\t\t\tclass=\"so-widget-sow-image so-widget-sow-image-default-8b5b6f678277\"\n\t\t\t\n\t\t>\n\n<div class=\"sow-image-container\">\n\t\t\t<a href=\"https:\/\/external.educa2.madrid.org\/web\/centro.eoi.jesusmaestro.madrid\/ausencias\"\n\t\t\t\t\t>\n\t\t\t<img loading=\"lazy\" decoding=\"async\" src=\"https:\/\/site.educa.madrid.org\/eoi.jesusmaestro.madrid\/\/wp-content\/uploads\/eoi.jesusmaestro.madrid\/2022\/05\/Examenes-por-libre-02-C.jpg\" width=\"500\" height=\"264\" srcset=\"https:\/\/site.educa.madrid.org\/eoi.jesusmaestro.madrid\/\/wp-content\/uploads\/eoi.jesusmaestro.madrid\/2022\/05\/Examenes-por-libre-02-C.jpg 500w, https:\/\/site.educa.madrid.org\/eoi.jesusmaestro.madrid\/\/wp-content\/uploads\/eoi.jesusmaestro.madrid\/2022\/05\/Examenes-por-libre-02-C-300x158.jpg 300w, https:\/\/site.educa.madrid.org\/eoi.jesusmaestro.madrid\/\/wp-content\/uploads\/eoi.jesusmaestro.madrid\/2022\/05\/Examenes-por-libre-02-C-360x190.jpg 360w, https:\/\/site.educa.madrid.org\/eoi.jesusmaestro.madrid\/\/wp-content\/uploads\/eoi.jesusmaestro.madrid\/2022\/05\/Examenes-por-libre-02-C-250x132.jpg 250w, https:\/\/site.educa.madrid.org\/eoi.jesusmaestro.madrid\/\/wp-content\/uploads\/eoi.jesusmaestro.madrid\/2022\/05\/Examenes-por-libre-02-C-100x53.jpg 100w\" sizes=\"auto, (max-width: 500px) 100vw, 500px\" alt=\"EOI JM Ex\u00e1menes por libre\" \t\tclass=\"so-widget-image\"\/>\n\t<\/a><\/div>\n\n<\/div><\/div><\/div><div id=\"pgc-w69a7e9d7073e4-0-1\"  class=\"panel-grid-cell\" ><div id=\"panel-w69a7e9d7073e4-0-1-0\" class=\"so-panel widget widget_text panel-first-child\" data-index=\"2\" >\t\t\t<div class=\"textwidget\"><p>En los t\u00edtulos oficiales de la EOI consta el nivel obtenido, tomando como referencia el MCER:<\/p>\n<p>\u00b7 Nivel B\u00e1sico (A2)<br \/>\n\u00b7 Nivel Intermedio (B1),<br \/>\n\u00b7 Nivel Intermedio (B2)<br \/>\n\u00b7 NIvel Avanzado (C1)<br \/>\n\u00b7 NIvel Avanzado (C2).<\/p>\n<p>A estos ex\u00e1menes tambi\u00e9n se pueden presentar personas que no estudian en la escuela. Esto les permite obtener el t\u00edtulo de la EOI como alumno libre.<\/p>\n<\/div>\n\t\t<\/div><div id=\"panel-w69a7e9d7073e4-0-1-1\" class=\"so-panel widget widget_sow-button panel-last-child\" data-index=\"3\" ><div\n\t\t\t\n\t\t\tclass=\"so-widget-sow-button so-widget-sow-button-atom-f73c2e02470d\"\n\t\t\t\n\t\t><div class=\"ow-button-base ow-button-align-left\">\n\t<a\n\thref=\"https:\/\/www.comunidad.madrid\/servicios\/educacion\/certificacion-nivel-idiomas\"\n\t\tclass=\"ow-icon-placement-left ow-button-hover\" \t>\n\t\t<span>\n\t\t\t\n\t\t\tModelos de examen e informaci\u00f3n\t\t<\/span>\n\t<\/a>\n<\/div>\n<\/div><\/div><\/div><\/div><\/div><\/div><\/div><\/div><div id=\"panel-533-6-0-2\" class=\"so-panel widget widget_siteorigin-panels-builder panel-last-child\" data-index=\"10\" ><div class=\"panel-widget-style panel-widget-style-for-533-6-0-2\" ><div id=\"pl-w69957b1a43216\"  class=\"panel-layout\" ><div id=\"pg-w69957b1a43216-0\"  class=\"panel-grid panel-no-style\" ><div id=\"pgc-w69957b1a43216-0-0\"  class=\"panel-grid-cell panel-grid-cell-empty\" ><\/div><div id=\"pgc-w69957b1a43216-0-1\"  class=\"panel-grid-cell panel-grid-cell-empty\" ><\/div><div id=\"pgc-w69957b1a43216-0-2\"  class=\"panel-grid-cell panel-grid-cell-mobile-last\" ><div id=\"panel-w69957b1a43216-0-2-0\" class=\"so-panel widget widget_sow-image panel-first-child panel-last-child\" data-index=\"0\" ><div\n\t\t\t\n\t\t\tclass=\"so-widget-sow-image so-widget-sow-image-default-8b5b6f678277\"\n\t\t\t\n\t\t>\n\n<div class=\"sow-image-container\">\n\t\t<img loading=\"lazy\" decoding=\"async\" src=\"https:\/\/site.educa.madrid.org\/eoi.jesusmaestro.madrid\/\/wp-content\/uploads\/eoi.jesusmaestro.madrid\/2022\/03\/EOI-Mas-de-100-anos.png\" width=\"365\" height=\"70\" srcset=\"https:\/\/site.educa.madrid.org\/eoi.jesusmaestro.madrid\/\/wp-content\/uploads\/eoi.jesusmaestro.madrid\/2022\/03\/EOI-Mas-de-100-anos.png 365w, https:\/\/site.educa.madrid.org\/eoi.jesusmaestro.madrid\/\/wp-content\/uploads\/eoi.jesusmaestro.madrid\/2022\/03\/EOI-Mas-de-100-anos-300x58.png 300w\" sizes=\"auto, (max-width: 365px) 100vw, 365px\" title=\"EOI-M\u00e1s-de-100-a\u00f1os\" alt=\"\" \t\tclass=\"so-widget-image\"\/>\n\t<\/div>\n\n<\/div><\/div><\/div><div id=\"pgc-w69957b1a43216-0-3\"  class=\"panel-grid-cell panel-grid-cell-empty\" ><\/div><\/div><\/div><\/div><\/div><\/div><\/div><\/div><\/div>","protected":false},"excerpt":{"rendered":"<p>Ense\u00f1anza oficial y certificaci\u00f3n La Escuela Oficial de Idiomas de Madrid &#8211; Jes\u00fas Maestro es una instituci\u00f3n p\u00fablica que pertenece a la Consejer\u00eda de Educaci\u00f3n de la Comunidad de Madrid. Ofrece ense\u00f1anza reglada de idiomas y permite obtener un t\u00edtulo oficial. Sus ense\u00f1anzas est\u00e1n reguladas por normativa estatal y auton\u00f3mica y est\u00e1n alineadas con el &hellip; <\/p>\n<p class=\"link-more\"><a href=\"https:\/\/site.educa.madrid.org\/eoi.jesusmaestro.madrid\/index.php\/ensenanza-oficial-y-certificacion\/\" class=\"more-link\">Continuar leyendo<span class=\"screen-reader-text\"> \u00abEnse\u00f1anza oficial y certificaci\u00f3n\u00bb<\/span><\/a><\/p>\n","protected":false},"author":7,"featured_media":0,"parent":0,"menu_order":0,"comment_status":"closed","ping_status":"closed","template":"rttpg_full_width","meta":{"footnotes":""},"folder":[],"class_list":["post-533","page","type-page","status-publish","hentry"],"rttpg_featured_image_url":null,"rttpg_author":{"display_name":"Javier Mu\u00f1oz","author_link":"https:\/\/site.educa.madrid.org\/eoi.jesusmaestro.madrid\/index.php\/author\/javier_muoz\/"},"rttpg_comment":0,"rttpg_category":false,"rttpg_excerpt":"Ense\u00f1anza oficial y certificaci\u00f3n La Escuela Oficial de Idiomas de Madrid &#8211; Jes\u00fas Maestro es una instituci\u00f3n p\u00fablica que pertenece a la Consejer\u00eda de Educaci\u00f3n de la Comunidad de Madrid. Ofrece ense\u00f1anza reglada de idiomas y permite obtener un t\u00edtulo oficial. Sus ense\u00f1anzas est\u00e1n reguladas por normativa estatal y auton\u00f3mica y est\u00e1n alineadas con el&hellip;","post_mailing_queue_ids":[],"_links":{"self":[{"href":"https:\/\/site.educa.madrid.org\/eoi.jesusmaestro.madrid\/index.php\/wp-json\/wp\/v2\/pages\/533","targetHints":{"allow":["GET"]}}],"collection":[{"href":"https:\/\/site.educa.madrid.org\/eoi.jesusmaestro.madrid\/index.php\/wp-json\/wp\/v2\/pages"}],"about":[{"href":"https:\/\/site.educa.madrid.org\/eoi.jesusmaestro.madrid\/index.php\/wp-json\/wp\/v2\/types\/page"}],"author":[{"embeddable":true,"href":"https:\/\/site.educa.madrid.org\/eoi.jesusmaestro.madrid\/index.php\/wp-json\/wp\/v2\/users\/7"}],"replies":[{"embeddable":true,"href":"https:\/\/site.educa.madrid.org\/eoi.jesusmaestro.madrid\/index.php\/wp-json\/wp\/v2\/comments?post=533"}],"version-history":[{"count":52,"href":"https:\/\/site.educa.madrid.org\/eoi.jesusmaestro.madrid\/index.php\/wp-json\/wp\/v2\/pages\/533\/revisions"}],"predecessor-version":[{"id":12909,"href":"https:\/\/site.educa.madrid.org\/eoi.jesusmaestro.madrid\/index.php\/wp-json\/wp\/v2\/pages\/533\/revisions\/12909"}],"wp:attachment":[{"href":"https:\/\/site.educa.madrid.org\/eoi.jesusmaestro.madrid\/index.php\/wp-json\/wp\/v2\/media?parent=533"}],"wp:term":[{"taxonomy":"folder","embeddable":true,"href":"https:\/\/site.educa.madrid.org\/eoi.jesusmaestro.madrid\/index.php\/wp-json\/wp\/v2\/folder?post=533"}],"curies":[{"name":"wp","href":"https:\/\/api.w.org\/{rel}","templated":true}]}}