{"id":5510,"date":"2023-11-09T07:37:13","date_gmt":"2023-11-09T06:37:13","guid":{"rendered":"https:\/\/site.educa.madrid.org\/eoi.jesusmaestro.madrid\/?page_id=5510"},"modified":"2026-02-18T22:17:35","modified_gmt":"2026-02-18T21:17:35","slug":"04-idiomas","status":"publish","type":"page","link":"https:\/\/site.educa.madrid.org\/eoi.jesusmaestro.madrid\/index.php\/04-idiomas\/","title":{"rendered":"04. Idiomas"},"content":{"rendered":"<div id=\"pl-5510\"  class=\"panel-layout\" ><div id=\"pg-5510-0\"  class=\"panel-grid panel-has-style\" ><div class=\"siteorigin-panels-stretch panel-row-style panel-row-style-for-5510-0\" data-stretch-type=\"full-width-stretch\" ><div id=\"pgc-5510-0-0\"  class=\"panel-grid-cell panel-grid-cell-empty\" ><\/div><\/div><\/div><div id=\"pg-5510-1\"  class=\"panel-grid panel-has-style\" ><div class=\"panel-row-style panel-row-style-for-5510-1\" ><div id=\"pgc-5510-1-0\"  class=\"panel-grid-cell\" ><div id=\"panel-5510-1-0-0\" class=\"so-panel widget widget_text panel-first-child panel-last-child\" data-index=\"0\" >\t\t\t<div class=\"textwidget\"><\/div>\n\t\t<\/div><\/div><\/div><\/div><div id=\"pg-5510-2\"  class=\"panel-grid panel-has-style\" ><div class=\"panel-row-style panel-row-style-for-5510-2\" ><div id=\"pgc-5510-2-0\"  class=\"panel-grid-cell\" ><div id=\"panel-5510-2-0-0\" class=\"so-panel widget widget_text panel-first-child panel-last-child\" data-index=\"1\" >\t\t\t<div class=\"textwidget\"><p>La Escuela Central de Idiomas abri\u00f3 sus puertas con una oferta de idiomas que inclu\u00eda el <strong>alem\u00e1n<\/strong>, el <strong>franc\u00e9s<\/strong> y el <strong>ingl\u00e9s<\/strong>. Poco despu\u00e9s, se sumaron a ella el <strong>espa\u00f1ol<\/strong>, el <strong>\u00e1rabe<\/strong>, el <strong>portugu\u00e9s<\/strong>, el <strong>italiano<\/strong> y, de manera circunstancial, el esperanto.<\/p>\n<\/div>\n\t\t<\/div><\/div><\/div><\/div><div id=\"pg-5510-3\"  class=\"panel-grid panel-has-style\" ><div class=\"panel-row-style panel-row-style-for-5510-3\" ><div id=\"pgc-5510-3-0\"  class=\"panel-grid-cell\" ><div id=\"panel-5510-3-0-0\" class=\"so-panel widget widget_text panel-first-child panel-last-child\" data-index=\"2\" ><div class=\"panel-widget-style panel-widget-style-for-5510-3-0-0\" >\t\t\t<div class=\"textwidget\"><p><strong><em>\u00abDesde los momentos inmediatos a su creaci\u00f3n, la actividad del centro en sus distintas vertientes aument\u00f3 de manera vertiginosa, as\u00ed como el n\u00famero de aspirantes a ingresar en ella. Junto con los alumnos espa\u00f1oles hab\u00eda alumnos extranjeros muy interesados, bien por motivos de estudios o por el cargo o profesi\u00f3n que ejerc\u00edan, en el aprendizaje del idioma espa\u00f1ol. Esto provoc\u00f3 que se creara una C\u00e1tedra de Lengua y Literatura Castellanas, junto con otra de \u00c1rabe Vulgar, necesario tambi\u00e9n para la expansi\u00f3n comercial de Espa\u00f1a en Marruecos. Otro importante avance en el n\u00famero de idiomas impartidos los supuso la autorizaci\u00f3n de la ense\u00f1anza de portugu\u00e9s e italiano.<\/em><\/strong><br \/>\n<strong><em>Asimismo, durante los a\u00f1os acad\u00e9micos 1911\/12 y 1912\/13 se imparti\u00f3 con car\u00e1cter circunstancial un curso de esperanto.\u00bb<\/em><\/strong><\/p>\n<p><em>Ministerio de Educaci\u00f3n, Cultura y Deporte: La ense\u00f1anza de las lenguas extranjeras en Espa\u00f1a.<\/em><\/p>\n<\/div>\n\t\t<\/div><\/div><\/div><\/div><\/div><div id=\"pg-5510-4\"  class=\"panel-grid panel-has-style\" ><div class=\"panel-row-style panel-row-style-for-5510-4\" ><div id=\"pgc-5510-4-0\"  class=\"panel-grid-cell\" ><div id=\"panel-5510-4-0-0\" class=\"so-panel widget widget_text panel-first-child panel-last-child\" data-index=\"3\" >\t\t\t<div class=\"textwidget\"><p>La incorporaci\u00f3n de los distintos idiomas y su demanda refleja las vicisitudes sociales, culturales y pol\u00edticas de las diferentes \u00e9pocas.<\/p>\n<p>Inicialmente, fue el franc\u00e9s la lengua m\u00e1s demandada. Sin embargo, a lo largo de los a\u00f1os 40, fue sobrepasada por el ingl\u00e9s en n\u00famero de alumnos.<\/p>\n<p>La matr\u00edcula de alem\u00e1n, que se hab\u00eda duplicado en 1933 y aumentado considerablemente en los primeros a\u00f1os 40, se vio reducida a la mitad tras la Segunda Guerra Mundial.<\/p>\n<p>En 1957, en plena guerra fr\u00eda, cuando todav\u00eda Espa\u00f1a no ten\u00eda relaciones diplom\u00e1ticas con la Uni\u00f3n Sovi\u00e9tica, el <strong>ruso <\/strong>se incorpora a la oferta de idiomas de la Escuela Central. La procedencia de los alumnos es curiosa: antiguos combatientes de la Divisi\u00f3n Azul, militares de alta graduaci\u00f3n y simpatizantes de partidos de izquierda.<\/p>\n<\/div>\n\t\t<\/div><\/div><\/div><\/div><div id=\"pg-5510-5\"  class=\"panel-grid panel-has-style\" ><div class=\"panel-row-style panel-row-style-for-5510-5\" ><div id=\"pgc-5510-5-0\"  class=\"panel-grid-cell\" ><div id=\"panel-5510-5-0-0\" class=\"so-panel widget widget_sow-headline panel-first-child panel-last-child\" data-index=\"4\" ><div class=\"panel-widget-style panel-widget-style-for-5510-5-0-0\" ><div\n\t\t\t\n\t\t\tclass=\"so-widget-sow-headline so-widget-sow-headline-default-530bf9a31b68-5510\"\n\t\t\t\n\t\t><div class=\"sow-headline-container \">\n\t\t\t\t\t\t<div class=\"decoration\">\n\t\t\t\t\t\t<div class=\"decoration-inside\"><\/div>\n\t\t\t\t\t<\/div>\n\t\t\t\t\t\t\t\t\t\t\t<h4 class=\"sow-sub-headline\">\n\t\t\t\t\t\tEn 1960 se implanta el r\u00e9gimen de ense\u00f1anza libre, que se justifica por las numerosas peticiones para acceder a una certificaci\u00f3n oficial aunque se cursaran los estudios en entidades privadas.\t\t\t\t\t\t<\/h4>\n\t\t\t\t\t\t<\/div>\n<\/div><\/div><\/div><\/div><\/div><\/div><div id=\"pg-5510-6\"  class=\"panel-grid panel-has-style\" ><div class=\"panel-row-style panel-row-style-for-5510-6\" ><div id=\"pgc-5510-6-0\"  class=\"panel-grid-cell\" ><div id=\"panel-5510-6-0-0\" class=\"so-panel widget widget_text panel-first-child panel-last-child\" data-index=\"5\" >\t\t\t<div class=\"textwidget\"><p>En 1965 se empieza a impartir <strong>chino<\/strong> por primera vez en una instituci\u00f3n p\u00fablica espa\u00f1ola.<\/p>\n<p>Durante los a\u00f1os 70 se vivi\u00f3 un momento de enorme expansi\u00f3n del n\u00famero de escuelas y de alumnos y, coincidiendo con ello, se abrieron nuevos departamentos en la escuela de Madrid: el de <strong>japon\u00e9s<\/strong>, en 1975 y el de <strong>rumano<\/strong>, en 1976. Ruman\u00eda era el \u00fanico pa\u00eds \u201cdel este\u201d que ten\u00eda relaciones consulares y comerciales con Espa\u00f1a. En palabras de la fundadora del departamento, Ana Diaconescu, \u201cel departamento [se transform\u00f3] en una especie de avanzadilla cultural, no solo del idioma\u201d.<\/p>\n<\/div>\n\t\t<\/div><\/div><div id=\"pgc-5510-6-1\"  class=\"panel-grid-cell\" ><div id=\"panel-5510-6-1-0\" class=\"so-panel widget widget_sow-image panel-first-child panel-last-child\" data-index=\"6\" ><div class=\"panel-widget-style panel-widget-style-for-5510-6-1-0\" ><div\n\t\t\t\n\t\t\tclass=\"so-widget-sow-image so-widget-sow-image-default-8b5b6f678277-5510\"\n\t\t\t\n\t\t>\n\n<div class=\"sow-image-container\">\n\t\t<img loading=\"lazy\" decoding=\"async\" src=\"https:\/\/site.educa.madrid.org\/eoi.jesusmaestro.madrid\/\/wp-content\/uploads\/eoi.jesusmaestro.madrid\/2022\/06\/CENTENARIO_FOTOS-ANTIGUAS_AULA-ANTIGUA.jpg\" width=\"900\" height=\"570\" srcset=\"https:\/\/site.educa.madrid.org\/eoi.jesusmaestro.madrid\/\/wp-content\/uploads\/eoi.jesusmaestro.madrid\/2022\/06\/CENTENARIO_FOTOS-ANTIGUAS_AULA-ANTIGUA.jpg 900w, https:\/\/site.educa.madrid.org\/eoi.jesusmaestro.madrid\/\/wp-content\/uploads\/eoi.jesusmaestro.madrid\/2022\/06\/CENTENARIO_FOTOS-ANTIGUAS_AULA-ANTIGUA-300x190.jpg 300w, https:\/\/site.educa.madrid.org\/eoi.jesusmaestro.madrid\/\/wp-content\/uploads\/eoi.jesusmaestro.madrid\/2022\/06\/CENTENARIO_FOTOS-ANTIGUAS_AULA-ANTIGUA-768x486.jpg 768w, https:\/\/site.educa.madrid.org\/eoi.jesusmaestro.madrid\/\/wp-content\/uploads\/eoi.jesusmaestro.madrid\/2022\/06\/CENTENARIO_FOTOS-ANTIGUAS_AULA-ANTIGUA-700x443.jpg 700w, https:\/\/site.educa.madrid.org\/eoi.jesusmaestro.madrid\/\/wp-content\/uploads\/eoi.jesusmaestro.madrid\/2022\/06\/CENTENARIO_FOTOS-ANTIGUAS_AULA-ANTIGUA-520x329.jpg 520w, https:\/\/site.educa.madrid.org\/eoi.jesusmaestro.madrid\/\/wp-content\/uploads\/eoi.jesusmaestro.madrid\/2022\/06\/CENTENARIO_FOTOS-ANTIGUAS_AULA-ANTIGUA-360x228.jpg 360w, https:\/\/site.educa.madrid.org\/eoi.jesusmaestro.madrid\/\/wp-content\/uploads\/eoi.jesusmaestro.madrid\/2022\/06\/CENTENARIO_FOTOS-ANTIGUAS_AULA-ANTIGUA-250x158.jpg 250w, https:\/\/site.educa.madrid.org\/eoi.jesusmaestro.madrid\/\/wp-content\/uploads\/eoi.jesusmaestro.madrid\/2022\/06\/CENTENARIO_FOTOS-ANTIGUAS_AULA-ANTIGUA-100x63.jpg 100w\" sizes=\"auto, (max-width: 706px) 89vw, (max-width: 767px) 82vw, 740px\" alt=\"\" \t\tclass=\"so-widget-image\"\/>\n\t<\/div>\n\n<\/div><\/div><\/div><\/div><\/div><\/div><div id=\"pg-5510-7\"  class=\"panel-grid panel-has-style\" ><div class=\"panel-row-style panel-row-style-for-5510-7\" ><div id=\"pgc-5510-7-0\"  class=\"panel-grid-cell\" ><div id=\"panel-5510-7-0-0\" class=\"so-panel widget widget_sow-headline panel-first-child panel-last-child\" data-index=\"7\" ><div class=\"panel-widget-style panel-widget-style-for-5510-7-0-0\" ><div\n\t\t\t\n\t\t\tclass=\"so-widget-sow-headline so-widget-sow-headline-default-530bf9a31b68-5510\"\n\t\t\t\n\t\t><div class=\"sow-headline-container \">\n\t\t\t\t\t\t<div class=\"decoration\">\n\t\t\t\t\t\t<div class=\"decoration-inside\"><\/div>\n\t\t\t\t\t<\/div>\n\t\t\t\t\t\t\t\t\t\t\t<h4 class=\"sow-sub-headline\">\n\t\t\t\t\t\tHasta 1975, la EOI carec\u00eda de estructura departamental. Con el incremento del n\u00famero de idiomas y de alumnos y la estabilizaci\u00f3n del profesorado, en ese a\u00f1o, se remodel\u00f3 la estructura de la escuela y se constituyeron los departamentos, con un jefe de departamento elegido por los profesores. Ellos se ocupar\u00edan de elaborar los planes de estudios, coordinar horarios, organizar actividades culturales, etc. \t\t\t\t\t\t<\/h4>\n\t\t\t\t\t\t<\/div>\n<\/div><\/div><\/div><\/div><\/div><\/div><div id=\"pg-5510-8\"  class=\"panel-grid panel-has-style\" ><div class=\"panel-row-style panel-row-style-for-5510-8\" ><div id=\"pgc-5510-8-0\"  class=\"panel-grid-cell\" ><div id=\"panel-5510-8-0-0\" class=\"so-panel widget widget_text panel-first-child panel-last-child\" data-index=\"8\" >\t\t\t<div class=\"textwidget\"><p>Durante el curso 1979-80, posiblemente como consecuencia del nombramiento del papa Juan Pablo II se empez\u00f3 a impartir <strong>polaco<\/strong>. Sin embargo, su ense\u00f1anza de interrumpi\u00f3 el curso siguiente y no se reanud\u00f3 hasta 2003.<\/p>\n<p>Tras la firma del Tratado de Adhesi\u00f3n de Espa\u00f1a a la Comunidad Econ\u00f3mica Europea, se implantaron nuevos idiomas comunitarios: <strong>griego<\/strong>, <strong>neerland\u00e9s<\/strong> y <strong>dan\u00e9s<\/strong>. Respond\u00eda esto al inter\u00e9s en incorporar todos los idiomas oficiales de la actual UE a las ense\u00f1anzas de las escuelas, en lo cual la EOI Jes\u00fas Maestro fue pionera.<\/p>\n<p>La ense\u00f1anza del <strong>catal\u00e1n<\/strong>, el <strong>euskera<\/strong> y el <strong>gallego<\/strong> se hab\u00eda iniciado en los a\u00f1os setenta en las EOI de Barcelona, Bilbao y La Coru\u00f1a respectivamente. En Madrid comenzaron a impartirse en 1984. Con anterioridad a la aprobaci\u00f3n de la Constituci\u00f3n en 1978 y de los distintos Estatus de Autonom\u00eda, no se hab\u00edan impartido dichas lenguas fuera de las zonas en las que hist\u00f3ricamente se hablaban. En 1984 tambi\u00e9n se comenz\u00f3 a ofrecer <strong>valenciano<\/strong> en la EOI de Valencia.<\/p>\n<p>La implantaci\u00f3n de los idiomas <strong>irland\u00e9s<\/strong>, <strong>sueco<\/strong> y <strong>fin\u00e9s<\/strong> se debi\u00f3 en buena parte a la colaboraci\u00f3n entre la escuela y las respectivas embajadas. Estos idiomas se imparten de forma reglada desde el a\u00f1o 2003, aunque se hab\u00edan impartido de manera extracurricular desde la d\u00e9cada anterior. El <strong>coreano<\/strong> se comenz\u00f3 a ofrecer en la EOI de Barcelona \u2013 Drassanes en 1995.<\/p>\n<p>En 2005 se comenz\u00f3 a impartir <strong>h\u00fangaro<\/strong> en la EOI Jes\u00fas Maestro.<\/p>\n<p>Desde los tres idiomas iniciales que se impart\u00edan en la Escuela Central de Idiomas en el momento de su fundaci\u00f3n en 1911, se lleg\u00f3 as\u00ed a 24: <span style=\"font-weight: 400;\">Alem\u00e1n, \u00c1rabe, Catal\u00e1n, Chino, Coreano, Dan\u00e9s, Espa\u00f1ol, Euskera, Fin\u00e9s, Franc\u00e9s, Gallego, Griego, H\u00fangaro, Japon\u00e9s, Ingl\u00e9s, Irland\u00e9s, Italiano, Neerland\u00e9s, Polaco, Portugu\u00e9s, Rumano, Ruso, Sueco y Valenciano.<\/span><\/p>\n<\/div>\n\t\t<\/div><\/div><\/div><\/div><div id=\"pg-5510-9\"  class=\"panel-grid panel-has-style\" ><div class=\"siteorigin-panels-stretch panel-row-style panel-row-style-for-5510-9\" data-stretch-type=\"full\" ><div id=\"pgc-5510-9-0\"  class=\"panel-grid-cell\" ><div id=\"panel-5510-9-0-0\" class=\"so-panel widget widget_sow-headline panel-first-child panel-last-child\" data-index=\"9\" ><div class=\"panel-widget-style panel-widget-style-for-5510-9-0-0\" ><div\n\t\t\t\n\t\t\tclass=\"so-widget-sow-headline so-widget-sow-headline-default-7b971fb35e2c-5510\"\n\t\t\t\n\t\t><div class=\"sow-headline-container \">\n\t\t\t\t\t\t\t<h3 class=\"sow-headline\">\n\t\t\t\t\t\t\t\t\t\t\t\t\t<a href=\"https:\/\/site.educa.madrid.org\/eoi.jesusmaestro.madrid\/index.php\/memoria-de-una-institucion-centenaria\/\" >\n\t\t\t\t\t\t\t\tMemoria de una Instituci\u00f3n Centenaria<\/a>\t\t\t\t\t\t<\/h3>\n\t\t\t\t\t\t\t\t\t\t\t<div class=\"decoration\">\n\t\t\t\t\t\t<div class=\"decoration-inside\"><\/div>\n\t\t\t\t\t<\/div>\n\t\t\t\t\t<\/div>\n<\/div><\/div><\/div><\/div><\/div><\/div><div id=\"pg-5510-10\"  class=\"panel-grid panel-has-style\" ><div class=\"siteorigin-panels-stretch panel-row-style panel-row-style-for-5510-10\" data-stretch-type=\"full-width-stretch\" ><div id=\"pgc-5510-10-0\"  class=\"panel-grid-cell panel-grid-cell-empty\" ><\/div><div id=\"pgc-5510-10-1\"  class=\"panel-grid-cell\" ><div id=\"panel-5510-10-1-0\" class=\"so-panel widget widget_sow-button panel-first-child\" data-index=\"10\" ><div\n\t\t\t\n\t\t\tclass=\"so-widget-sow-button so-widget-sow-button-atom-ac876c72fde1-5510\"\n\t\t\t\n\t\t><div class=\"ow-button-base ow-button-align-justify\">\n\t<a\n\thref=\"https:\/\/site.educa.madrid.org\/eoi.jesusmaestro.madrid\/index.php\/01-mas-de-100-anos-de-escuelas-oficiales-de-idiomas\/\"\n\t\tclass=\"ow-icon-placement-left ow-button-hover\" \t>\n\t\t<span>\n\t\t\t\n\t\t\t01. M\u00e1s de 100 a\u00f1os de Escuelas Oficiales de Idiomas\t\t<\/span>\n\t<\/a>\n<\/div>\n<\/div><\/div><div id=\"panel-5510-10-1-1\" class=\"so-panel widget widget_sow-button\" data-index=\"11\" ><div\n\t\t\t\n\t\t\tclass=\"so-widget-sow-button so-widget-sow-button-atom-ac876c72fde1-5510\"\n\t\t\t\n\t\t><div class=\"ow-button-base ow-button-align-justify\">\n\t<a\n\thref=\"https:\/\/site.educa.madrid.org\/eoi.jesusmaestro.madrid\/index.php\/una-institucion-pionera\/\"\n\t\tclass=\"ow-icon-placement-left ow-button-hover\" \t>\n\t\t<span>\n\t\t\t\n\t\t\t02. Una instituci\u00f3n pionera\t\t<\/span>\n\t<\/a>\n<\/div>\n<\/div><\/div><div id=\"panel-5510-10-1-2\" class=\"so-panel widget widget_sow-button\" data-index=\"12\" ><div\n\t\t\t\n\t\t\tclass=\"so-widget-sow-button so-widget-sow-button-atom-ac876c72fde1-5510\"\n\t\t\t\n\t\t><div class=\"ow-button-base ow-button-align-justify\">\n\t<a\n\thref=\"https:\/\/site.educa.madrid.org\/eoi.jesusmaestro.madrid\/index.php\/03-figuras-destacadas\/\"\n\t\tclass=\"ow-icon-placement-left ow-button-hover\" \t>\n\t\t<span>\n\t\t\t\n\t\t\t03. Figuras destacadas\t\t<\/span>\n\t<\/a>\n<\/div>\n<\/div><\/div><div id=\"panel-5510-10-1-3\" class=\"so-panel widget widget_sow-button panel-last-child\" data-index=\"13\" ><div\n\t\t\t\n\t\t\tclass=\"so-widget-sow-button so-widget-sow-button-atom-ac876c72fde1-5510\"\n\t\t\t\n\t\t><div class=\"ow-button-base ow-button-align-justify\">\n\t<a\n\thref=\"https:\/\/site.educa.madrid.org\/eoi.jesusmaestro.madrid\/index.php\/04-idiomas\/\"\n\t\tclass=\"ow-icon-placement-left ow-button-hover\" \t>\n\t\t<span>\n\t\t\t\n\t\t\t04. Idiomas\t\t<\/span>\n\t<\/a>\n<\/div>\n<\/div><\/div><\/div><div id=\"pgc-5510-10-2\"  class=\"panel-grid-cell panel-grid-cell-mobile-last\" ><div id=\"panel-5510-10-2-0\" class=\"so-panel widget widget_sow-button panel-first-child\" data-index=\"14\" ><div\n\t\t\t\n\t\t\tclass=\"so-widget-sow-button so-widget-sow-button-atom-ac876c72fde1-5510\"\n\t\t\t\n\t\t><div class=\"ow-button-base ow-button-align-justify\">\n\t<a\n\thref=\"https:\/\/site.educa.madrid.org\/eoi.jesusmaestro.madrid\/index.php\/05-actividad-cultural\/\"\n\t\tclass=\"ow-icon-placement-left ow-button-hover\" \t>\n\t\t<span>\n\t\t\t\n\t\t\t05. Actividad cultural\t\t<\/span>\n\t<\/a>\n<\/div>\n<\/div><\/div><div id=\"panel-5510-10-2-1\" class=\"so-panel widget widget_sow-button\" data-index=\"15\" ><div\n\t\t\t\n\t\t\tclass=\"so-widget-sow-button so-widget-sow-button-atom-ac876c72fde1-5510\"\n\t\t\t\n\t\t><div class=\"ow-button-base ow-button-align-justify\">\n\t<a\n\thref=\"https:\/\/site.educa.madrid.org\/eoi.jesusmaestro.madrid\/index.php\/06-una-red-de-centros-especializados\/\"\n\t\tclass=\"ow-icon-placement-left ow-button-hover\" \t>\n\t\t<span>\n\t\t\t\n\t\t\t06. Una red de centros especializados\t\t<\/span>\n\t<\/a>\n<\/div>\n<\/div><\/div><div id=\"panel-5510-10-2-2\" class=\"so-panel widget widget_sow-button panel-last-child\" data-index=\"16\" ><div\n\t\t\t\n\t\t\tclass=\"so-widget-sow-button so-widget-sow-button-atom-ac876c72fde1-5510\"\n\t\t\t\n\t\t><div class=\"ow-button-base ow-button-align-justify\">\n\t<a\n\thref=\"https:\/\/site.educa.madrid.org\/eoi.jesusmaestro.madrid\/index.php\/07-retos-presentes-y-futuros\/\"\n\t\tclass=\"ow-icon-placement-left ow-button-hover\" \t>\n\t\t<span>\n\t\t\t\n\t\t\t07. Retos presentes y futuros\t\t<\/span>\n\t<\/a>\n<\/div>\n<\/div><\/div><\/div><div id=\"pgc-5510-10-3\"  class=\"panel-grid-cell panel-grid-cell-empty\" ><\/div><\/div><\/div><\/div>","protected":false},"excerpt":{"rendered":"<p>La Escuela Central de Idiomas abri\u00f3 sus puertas con una oferta de idiomas que inclu\u00eda el alem\u00e1n, el franc\u00e9s y el ingl\u00e9s. Poco despu\u00e9s, se sumaron a ella el espa\u00f1ol, el \u00e1rabe, el portugu\u00e9s, el italiano y, de manera circunstancial, el esperanto. \u00abDesde los momentos inmediatos a su creaci\u00f3n, la actividad del centro en sus &hellip; <\/p>\n<p class=\"link-more\"><a href=\"https:\/\/site.educa.madrid.org\/eoi.jesusmaestro.madrid\/index.php\/04-idiomas\/\" class=\"more-link\">Continuar leyendo<span class=\"screen-reader-text\"> \u00ab04. Idiomas\u00bb<\/span><\/a><\/p>\n","protected":false},"author":3,"featured_media":0,"parent":0,"menu_order":0,"comment_status":"closed","ping_status":"closed","template":"rttpg_full_width","meta":{"footnotes":""},"folder":[],"class_list":["post-5510","page","type-page","status-publish","hentry"],"rttpg_featured_image_url":null,"rttpg_author":{"display_name":"eoi.jesusmaestro.madrid","author_link":"https:\/\/site.educa.madrid.org\/eoi.jesusmaestro.madrid\/index.php\/author\/cuenta_eoi-jesusmaestro-madrid\/"},"rttpg_comment":0,"rttpg_category":false,"rttpg_excerpt":"La Escuela Central de Idiomas abri\u00f3 sus puertas con una oferta de idiomas que inclu\u00eda el alem\u00e1n, el franc\u00e9s y el ingl\u00e9s. Poco despu\u00e9s, se sumaron a ella el espa\u00f1ol, el \u00e1rabe, el portugu\u00e9s, el italiano y, de manera circunstancial, el esperanto. \u00abDesde los momentos inmediatos a su creaci\u00f3n, la actividad del centro en sus&hellip;","post_mailing_queue_ids":[],"_links":{"self":[{"href":"https:\/\/site.educa.madrid.org\/eoi.jesusmaestro.madrid\/index.php\/wp-json\/wp\/v2\/pages\/5510","targetHints":{"allow":["GET"]}}],"collection":[{"href":"https:\/\/site.educa.madrid.org\/eoi.jesusmaestro.madrid\/index.php\/wp-json\/wp\/v2\/pages"}],"about":[{"href":"https:\/\/site.educa.madrid.org\/eoi.jesusmaestro.madrid\/index.php\/wp-json\/wp\/v2\/types\/page"}],"author":[{"embeddable":true,"href":"https:\/\/site.educa.madrid.org\/eoi.jesusmaestro.madrid\/index.php\/wp-json\/wp\/v2\/users\/3"}],"replies":[{"embeddable":true,"href":"https:\/\/site.educa.madrid.org\/eoi.jesusmaestro.madrid\/index.php\/wp-json\/wp\/v2\/comments?post=5510"}],"version-history":[{"count":9,"href":"https:\/\/site.educa.madrid.org\/eoi.jesusmaestro.madrid\/index.php\/wp-json\/wp\/v2\/pages\/5510\/revisions"}],"predecessor-version":[{"id":12637,"href":"https:\/\/site.educa.madrid.org\/eoi.jesusmaestro.madrid\/index.php\/wp-json\/wp\/v2\/pages\/5510\/revisions\/12637"}],"wp:attachment":[{"href":"https:\/\/site.educa.madrid.org\/eoi.jesusmaestro.madrid\/index.php\/wp-json\/wp\/v2\/media?parent=5510"}],"wp:term":[{"taxonomy":"folder","embeddable":true,"href":"https:\/\/site.educa.madrid.org\/eoi.jesusmaestro.madrid\/index.php\/wp-json\/wp\/v2\/folder?post=5510"}],"curies":[{"name":"wp","href":"https:\/\/api.w.org\/{rel}","templated":true}]}}