{"id":6052,"date":"2023-11-08T17:46:01","date_gmt":"2023-11-08T16:46:01","guid":{"rendered":"https:\/\/site.educa.madrid.org\/eoi.jesusmaestro.madrid\/?page_id=6052"},"modified":"2026-02-04T10:01:37","modified_gmt":"2026-02-04T09:01:37","slug":"agenda","status":"publish","type":"page","link":"https:\/\/site.educa.madrid.org\/eoi.jesusmaestro.madrid\/index.php\/agenda\/","title":{"rendered":"AGENDA"},"content":{"rendered":"<div id=\"pl-6052\"  class=\"panel-layout\" ><div id=\"pg-6052-0\"  class=\"panel-grid panel-no-style\" ><div id=\"pgc-6052-0-0\"  class=\"panel-grid-cell panel-grid-cell-empty\" ><\/div><div id=\"pgc-6052-0-1\"  class=\"panel-grid-cell panel-grid-cell-mobile-last\" ><div id=\"panel-6052-0-1-0\" class=\"so-panel widget widget_sow-headline panel-first-child panel-last-child\" data-index=\"0\" ><div\n\t\t\t\n\t\t\tclass=\"so-widget-sow-headline so-widget-sow-headline-default-de83112e7092-6052\"\n\t\t\t\n\t\t><div class=\"sow-headline-container \">\n\t\t\t\t\t\t\t<h2 class=\"sow-headline\">\n\t\t\t\t\t\tAgenda\t\t\t\t\t\t<\/h2>\n\t\t\t\t\t\t\t\t\t\t\t<div class=\"decoration\">\n\t\t\t\t\t\t<div class=\"decoration-inside\"><\/div>\n\t\t\t\t\t<\/div>\n\t\t\t\t\t<\/div>\n<\/div><\/div><\/div><div id=\"pgc-6052-0-2\"  class=\"panel-grid-cell panel-grid-cell-empty\" ><\/div><\/div><div id=\"pg-6052-1\"  class=\"panel-grid panel-no-style\" ><div id=\"pgc-6052-1-0\"  class=\"panel-grid-cell panel-grid-cell-empty\" ><\/div><div id=\"pgc-6052-1-1\"  class=\"panel-grid-cell panel-grid-cell-mobile-last\" ><div id=\"panel-6052-1-1-0\" class=\"so-panel widget widget_sow-post-carousel panel-first-child panel-last-child\" data-index=\"1\" ><div\n\t\t\t\n\t\t\tclass=\"so-widget-sow-post-carousel so-widget-sow-post-carousel-base-4f9270125b36-6052\"\n\t\t\t\n\t\t>\t<div\n\t\tclass=\"sow-post-carousel-wrapper sow-post-carousel-theme-base\"\n\t\tstyle=\"overflow: hidden; max-width: 100%; min-height: 182px\"\n\t>\n\t\t<div class=\"sow-carousel-title\">\n\t\t\t<div class=\"sow-carousel-navigation \">\n\t\t\t\t\t\t<a href=\"#\" class=\"sow-carousel-next\" title=\"Siguiente\" aria-label=\"Entradas siguientes\" role=\"button\"><\/a>\n\t\t\t\t\t\t<a href=\"#\" class=\"sow-carousel-previous\" title=\"Anterior\" aria-label=\"Entradas anteriores\" role=\"button\"><\/a>\n\t\t\t\t\t<\/div>\n\t<\/div>\n\n<div class=\"sow-carousel-container \">\n\t\t<div class=\"sow-carousel-wrapper\"\n\t\tdata-dir=\"ltr\"\n\t\tstyle=\"opacity: 0;\"\n\t\tdata-widget=\"post\" data-fetching=\"false\" data-page=\"1\" data-ajax-url=\"https:\/\/site.educa.madrid.org\/eoi.jesusmaestro.madrid\/wp-admin\/admin-ajax.php?_widgets_nonce=60b1def85f\" data-item_count=\"111\" data-carousel_settings=\"{&quot;loop&quot;:true,&quot;animation&quot;:&quot;ease&quot;,&quot;animation_speed&quot;:800,&quot;autoplay&quot;:false,&quot;pauseOnHover&quot;:false,&quot;autoplaySpeed&quot;:8000,&quot;item_overflow&quot;:true,&quot;autoplay_continuous_scroll&quot;:false}\" data-responsive=\"{&quot;desktop_slides_to_scroll&quot;:1,&quot;tablet_landscape_breakpoint&quot;:1366,&quot;tablet_landscape_slides_to_scroll&quot;:2,&quot;tablet_portrait_breakpoint&quot;:1025,&quot;tablet_portrait_slides_to_scroll&quot;:2,&quot;mobile_breakpoint&quot;:480,&quot;mobile_slides_to_scroll&quot;:1,&quot;desktop_slides_to_show&quot;:3,&quot;tablet_landscape_slides_to_show&quot;:3,&quot;tablet_portrait_slides_to_show&quot;:2,&quot;mobile_slides_to_show&quot;:1}\" data-variable_width=\"true\" \t>\n\t\t<div\n\t\t\tclass=\"sow-carousel-items\"\n\t\t\t\t\t>\n\t\t\t\t<div class=\"sow-carousel-item\" tabindex=\"-1\" style=\"float: left;\">\n\t\t<div class=\"sow-carousel-thumbnail\">\n\t\t\t\t\t\t\t<a\n\t\t\t\t\thref=\"https:\/\/site.educa.madrid.org\/eoi.jesusmaestro.madrid\/index.php\/2026\/04\/29\/morenocabrera\/\"\n\t\t\t\t\t\t\t\t\t\tstyle=\"background-image: url( https:\/\/site.educa.madrid.org\/eoi.jesusmaestro.madrid\/\/wp-content\/uploads\/eoi.jesusmaestro.madrid\/2026\/04\/Moreno-Cabrera-2-272x182.jpg )\"\n\t\t\t\t\taria-labelledby=\"sow-carousel-id-13675\"\n\t\t\t\t\ttabindex=\"-1\"\n\t\t\t\t>\n\t\t\t\t\t<span class=\"overlay\"><\/span>\n\t\t\t\t<\/a>\n\t\t\t\t\t<\/div>\n\t\t<h3 class=\"sow-carousel-item-title\">\n\t\t\t<a\n\t\t\t\thref=\"https:\/\/site.educa.madrid.org\/eoi.jesusmaestro.madrid\/index.php\/2026\/04\/29\/morenocabrera\/\"\n\t\t\t\tid=\"sow-carousel-id-13675\"\n\t\t\t\t\t\t\t\ttabindex=\"-1\"\n\t\t\t>\n\n\t\t\t\tConferencia de J.C. Moreno Cabrera\t\t\t<\/a>\n\t\t<\/h3>\n\t<\/div>\n\t<div class=\"sow-carousel-item\" tabindex=\"-1\" style=\"float: left;\">\n\t\t<div class=\"sow-carousel-thumbnail\">\n\t\t\t\t\t\t\t<a\n\t\t\t\t\thref=\"https:\/\/site.educa.madrid.org\/eoi.jesusmaestro.madrid\/index.php\/2026\/04\/20\/leonardosciascia\/\"\n\t\t\t\t\t\t\t\t\t\tstyle=\"background-image: url( https:\/\/site.educa.madrid.org\/eoi.jesusmaestro.madrid\/\/wp-content\/uploads\/eoi.jesusmaestro.madrid\/2026\/04\/Leonardo-Sciacia-272x182.jpeg )\"\n\t\t\t\t\taria-labelledby=\"sow-carousel-id-13615\"\n\t\t\t\t\ttabindex=\"-1\"\n\t\t\t\t>\n\t\t\t\t\t<span class=\"overlay\"><\/span>\n\t\t\t\t<\/a>\n\t\t\t\t\t<\/div>\n\t\t<h3 class=\"sow-carousel-item-title\">\n\t\t\t<a\n\t\t\t\thref=\"https:\/\/site.educa.madrid.org\/eoi.jesusmaestro.madrid\/index.php\/2026\/04\/20\/leonardosciascia\/\"\n\t\t\t\tid=\"sow-carousel-id-13615\"\n\t\t\t\t\t\t\t\ttabindex=\"-1\"\n\t\t\t>\n\n\t\t\t\tLeonardo Siascia e la letteratura come buona azione\t\t\t<\/a>\n\t\t<\/h3>\n\t<\/div>\n\t<div class=\"sow-carousel-item\" tabindex=\"-1\" style=\"float: left;\">\n\t\t<div class=\"sow-carousel-thumbnail\">\n\t\t\t\t\t\t\t<a\n\t\t\t\t\thref=\"https:\/\/site.educa.madrid.org\/eoi.jesusmaestro.madrid\/index.php\/2026\/04\/20\/gaitasdelmundo\/\"\n\t\t\t\t\t\t\t\t\t\tstyle=\"background-image: url( https:\/\/site.educa.madrid.org\/eoi.jesusmaestro.madrid\/\/wp-content\/uploads\/eoi.jesusmaestro.madrid\/2026\/04\/Taller-de-gaita-272x182.jpeg )\"\n\t\t\t\t\taria-labelledby=\"sow-carousel-id-13611\"\n\t\t\t\t\ttabindex=\"-1\"\n\t\t\t\t>\n\t\t\t\t\t<span class=\"overlay\"><\/span>\n\t\t\t\t<\/a>\n\t\t\t\t\t<\/div>\n\t\t<h3 class=\"sow-carousel-item-title\">\n\t\t\t<a\n\t\t\t\thref=\"https:\/\/site.educa.madrid.org\/eoi.jesusmaestro.madrid\/index.php\/2026\/04\/20\/gaitasdelmundo\/\"\n\t\t\t\tid=\"sow-carousel-id-13611\"\n\t\t\t\t\t\t\t\ttabindex=\"-1\"\n\t\t\t>\n\n\t\t\t\tTaller sobre gaitas del mundo\t\t\t<\/a>\n\t\t<\/h3>\n\t<\/div>\n\t<div class=\"sow-carousel-item\" tabindex=\"-1\" style=\"float: left;\">\n\t\t<div class=\"sow-carousel-thumbnail\">\n\t\t\t\t\t\t\t<a\n\t\t\t\t\thref=\"https:\/\/site.educa.madrid.org\/eoi.jesusmaestro.madrid\/index.php\/2026\/03\/13\/semanacultural\/\"\n\t\t\t\t\t\t\t\t\t\tstyle=\"background-image: url( https:\/\/site.educa.madrid.org\/eoi.jesusmaestro.madrid\/\/wp-content\/uploads\/eoi.jesusmaestro.madrid\/2026\/03\/1-272x182.jpg )\"\n\t\t\t\t\taria-labelledby=\"sow-carousel-id-13217\"\n\t\t\t\t\ttabindex=\"-1\"\n\t\t\t\t>\n\t\t\t\t\t<span class=\"overlay\"><\/span>\n\t\t\t\t<\/a>\n\t\t\t\t\t<\/div>\n\t\t<h3 class=\"sow-carousel-item-title\">\n\t\t\t<a\n\t\t\t\thref=\"https:\/\/site.educa.madrid.org\/eoi.jesusmaestro.madrid\/index.php\/2026\/03\/13\/semanacultural\/\"\n\t\t\t\tid=\"sow-carousel-id-13217\"\n\t\t\t\t\t\t\t\ttabindex=\"-1\"\n\t\t\t>\n\n\t\t\t\tSemana cultural 2026\t\t\t<\/a>\n\t\t<\/h3>\n\t<\/div>\n\t<div class=\"sow-carousel-item\" tabindex=\"-1\" style=\"float: left;\">\n\t\t<div class=\"sow-carousel-thumbnail\">\n\t\t\t\t\t\t\t<a\n\t\t\t\t\thref=\"https:\/\/site.educa.madrid.org\/eoi.jesusmaestro.madrid\/index.php\/2026\/03\/02\/sarsuelaicanconsjaponeses\/\"\n\t\t\t\t\t\t\t\t\t\tstyle=\"background-image: url( https:\/\/site.educa.madrid.org\/eoi.jesusmaestro.madrid\/\/wp-content\/uploads\/eoi.jesusmaestro.madrid\/2026\/03\/japon2-272x182.png )\"\n\t\t\t\t\taria-labelledby=\"sow-carousel-id-12872\"\n\t\t\t\t\ttabindex=\"-1\"\n\t\t\t\t>\n\t\t\t\t\t<span class=\"overlay\"><\/span>\n\t\t\t\t<\/a>\n\t\t\t\t\t<\/div>\n\t\t<h3 class=\"sow-carousel-item-title\">\n\t\t\t<a\n\t\t\t\thref=\"https:\/\/site.educa.madrid.org\/eoi.jesusmaestro.madrid\/index.php\/2026\/03\/02\/sarsuelaicanconsjaponeses\/\"\n\t\t\t\tid=\"sow-carousel-id-12872\"\n\t\t\t\t\t\t\t\ttabindex=\"-1\"\n\t\t\t>\n\n\t\t\t\tZarzuela y canciones japonesas\t\t\t<\/a>\n\t\t<\/h3>\n\t<\/div>\n\t<div class=\"sow-carousel-item\" tabindex=\"-1\" style=\"float: left;\">\n\t\t<div class=\"sow-carousel-thumbnail\">\n\t\t\t\t\t\t\t<a\n\t\t\t\t\thref=\"https:\/\/site.educa.madrid.org\/eoi.jesusmaestro.madrid\/index.php\/2026\/02\/27\/ballsgrecs\/\"\n\t\t\t\t\t\t\t\t\t\tstyle=\"background-image: url( https:\/\/site.educa.madrid.org\/eoi.jesusmaestro.madrid\/\/wp-content\/uploads\/eoi.jesusmaestro.madrid\/2026\/02\/\u00a1MUEVETE-AL-RITMO-DE-GRECIA2.jpg )\"\n\t\t\t\t\taria-labelledby=\"sow-carousel-id-12868\"\n\t\t\t\t\ttabindex=\"-1\"\n\t\t\t\t>\n\t\t\t\t\t<span class=\"overlay\"><\/span>\n\t\t\t\t<\/a>\n\t\t\t\t\t<\/div>\n\t\t<h3 class=\"sow-carousel-item-title\">\n\t\t\t<a\n\t\t\t\thref=\"https:\/\/site.educa.madrid.org\/eoi.jesusmaestro.madrid\/index.php\/2026\/02\/27\/ballsgrecs\/\"\n\t\t\t\tid=\"sow-carousel-id-12868\"\n\t\t\t\t\t\t\t\ttabindex=\"-1\"\n\t\t\t>\n\n\t\t\t\t\u00a1Mu\u00e9vete al ritmo de Grecia!\t\t\t<\/a>\n\t\t<\/h3>\n\t<\/div>\n\t<div class=\"sow-carousel-item\" tabindex=\"-1\" style=\"float: left;\">\n\t\t<div class=\"sow-carousel-thumbnail\">\n\t\t\t\t\t\t\t<a\n\t\t\t\t\thref=\"https:\/\/site.educa.madrid.org\/eoi.jesusmaestro.madrid\/index.php\/2026\/02\/26\/cineenaleman\/\"\n\t\t\t\t\t\t\t\t\t\tstyle=\"background-image: url( https:\/\/site.educa.madrid.org\/eoi.jesusmaestro.madrid\/\/wp-content\/uploads\/eoi.jesusmaestro.madrid\/2026\/02\/csm_Ruth_Beckermann_ueber_Ingeborg_Bachmann_wesbite__Square_Pillow__ec1ffaa7de-272x182.png )\"\n\t\t\t\t\taria-labelledby=\"sow-carousel-id-12835\"\n\t\t\t\t\ttabindex=\"-1\"\n\t\t\t\t>\n\t\t\t\t\t<span class=\"overlay\"><\/span>\n\t\t\t\t<\/a>\n\t\t\t\t\t<\/div>\n\t\t<h3 class=\"sow-carousel-item-title\">\n\t\t\t<a\n\t\t\t\thref=\"https:\/\/site.educa.madrid.org\/eoi.jesusmaestro.madrid\/index.php\/2026\/02\/26\/cineenaleman\/\"\n\t\t\t\tid=\"sow-carousel-id-12835\"\n\t\t\t\t\t\t\t\ttabindex=\"-1\"\n\t\t\t>\n\n\t\t\t\tCine en alem\u00e1n &#8211; \u00abDie Getr\u00e4umten\u00bb, de Ruth Beckermann\t\t\t<\/a>\n\t\t<\/h3>\n\t<\/div>\n\t<div class=\"sow-carousel-item\" tabindex=\"-1\" style=\"float: left;\">\n\t\t<div class=\"sow-carousel-thumbnail\">\n\t\t\t\t\t\t\t<a\n\t\t\t\t\thref=\"https:\/\/site.educa.madrid.org\/eoi.jesusmaestro.madrid\/index.php\/2026\/02\/26\/banderasnordicas\/\"\n\t\t\t\t\t\t\t\t\t\tstyle=\"background-image: url( https:\/\/site.educa.madrid.org\/eoi.jesusmaestro.madrid\/\/wp-content\/uploads\/eoi.jesusmaestro.madrid\/2026\/02\/Banderas-Nordicas.jpg )\"\n\t\t\t\t\taria-labelledby=\"sow-carousel-id-12832\"\n\t\t\t\t\ttabindex=\"-1\"\n\t\t\t\t>\n\t\t\t\t\t<span class=\"overlay\"><\/span>\n\t\t\t\t<\/a>\n\t\t\t\t\t<\/div>\n\t\t<h3 class=\"sow-carousel-item-title\">\n\t\t\t<a\n\t\t\t\thref=\"https:\/\/site.educa.madrid.org\/eoi.jesusmaestro.madrid\/index.php\/2026\/02\/26\/banderasnordicas\/\"\n\t\t\t\tid=\"sow-carousel-id-12832\"\n\t\t\t\t\t\t\t\ttabindex=\"-1\"\n\t\t\t>\n\n\t\t\t\tExposici\u00f3n de banderas n\u00f3rdicas\t\t\t<\/a>\n\t\t<\/h3>\n\t<\/div>\n\t<div class=\"sow-carousel-item\" tabindex=\"-1\" style=\"float: left;\">\n\t\t<div class=\"sow-carousel-thumbnail\">\n\t\t\t\t\t\t\t<a\n\t\t\t\t\thref=\"https:\/\/site.educa.madrid.org\/eoi.jesusmaestro.madrid\/index.php\/2026\/02\/25\/gestidellalinguaitaliana\/\"\n\t\t\t\t\t\t\t\t\t\tstyle=\"background-image: url( https:\/\/site.educa.madrid.org\/eoi.jesusmaestro.madrid\/\/wp-content\/uploads\/eoi.jesusmaestro.madrid\/2026\/02\/webposter-100gesti-jm-scaled-e1772045985109.jpg )\"\n\t\t\t\t\taria-labelledby=\"sow-carousel-id-12824\"\n\t\t\t\t\ttabindex=\"-1\"\n\t\t\t\t>\n\t\t\t\t\t<span class=\"overlay\"><\/span>\n\t\t\t\t<\/a>\n\t\t\t\t\t<\/div>\n\t\t<h3 class=\"sow-carousel-item-title\">\n\t\t\t<a\n\t\t\t\thref=\"https:\/\/site.educa.madrid.org\/eoi.jesusmaestro.madrid\/index.php\/2026\/02\/25\/gestidellalinguaitaliana\/\"\n\t\t\t\tid=\"sow-carousel-id-12824\"\n\t\t\t\t\t\t\t\ttabindex=\"-1\"\n\t\t\t>\n\n\t\t\t\tGestos de la lengua italiana\t\t\t<\/a>\n\t\t<\/h3>\n\t<\/div>\n\t<div class=\"sow-carousel-item\" tabindex=\"-1\" style=\"float: left;\">\n\t\t<div class=\"sow-carousel-thumbnail\">\n\t\t\t\t\t\t\t<a\n\t\t\t\t\thref=\"https:\/\/site.educa.madrid.org\/eoi.jesusmaestro.madrid\/index.php\/2026\/02\/21\/cuentosdejapon-2\/\"\n\t\t\t\t\t\t\t\t\t\tstyle=\"background-image: url( https:\/\/site.educa.madrid.org\/eoi.jesusmaestro.madrid\/\/wp-content\/uploads\/eoi.jesusmaestro.madrid\/2026\/02\/Copia-de-Poster-horizontal-272x182.png )\"\n\t\t\t\t\taria-labelledby=\"sow-carousel-id-12740\"\n\t\t\t\t\ttabindex=\"-1\"\n\t\t\t\t>\n\t\t\t\t\t<span class=\"overlay\"><\/span>\n\t\t\t\t<\/a>\n\t\t\t\t\t<\/div>\n\t\t<h3 class=\"sow-carousel-item-title\">\n\t\t\t<a\n\t\t\t\thref=\"https:\/\/site.educa.madrid.org\/eoi.jesusmaestro.madrid\/index.php\/2026\/02\/21\/cuentosdejapon-2\/\"\n\t\t\t\tid=\"sow-carousel-id-12740\"\n\t\t\t\t\t\t\t\ttabindex=\"-1\"\n\t\t\t>\n\n\t\t\t\tCiclo de cine japon\u00e9s\t\t\t<\/a>\n\t\t<\/h3>\n\t<\/div>\n\t\t<\/div>\n\t\t\t<\/div>\n\n\t<\/div>\n\t\t<input type=\"hidden\" name=\"instance_hash\" value=\"d7564850\"\/>\n\t<\/div>\n<\/div><\/div><\/div><div id=\"pgc-6052-1-2\"  class=\"panel-grid-cell panel-grid-cell-empty\" ><\/div><\/div><\/div>","protected":false},"excerpt":{"rendered":"<p>Desde\u00a0el Departamento de Japon\u00e9s\u00a0os invitamos a asistir a nuestro ciclo de cine japon\u00e9s, coorganizado por\u00a0Fundaci\u00f3n Jap\u00f3n, Madrid, que tendr\u00e1 lugar el lunes 2 de marzo en nuestra Escuela. Esta actividad forma parte de la campa\u00f1a de promoci\u00f3n de la plataforma de cine online\u00a0JFF Theater\u00a0y del programa conmemorativo del 50\u00ba aniversario del Departamento de Japon\u00e9s, que &hellip; <\/p>\n<p class=\"link-more\"><a href=\"https:\/\/site.educa.madrid.org\/eoi.jesusmaestro.madrid\/index.php\/2026\/02\/21\/cuentosdejapon-2\/\" class=\"more-link\">Continuar leyendo<span class=\"screen-reader-text\"> \u00abCiclo de cine japon\u00e9s\u00bb<\/span><\/a><\/p>\n","protected":false},"author":3,"featured_media":0,"parent":0,"menu_order":0,"comment_status":"closed","ping_status":"closed","template":"rttpg_full_width","meta":{"footnotes":""},"folder":[],"class_list":["post-6052","page","type-page","status-publish","hentry"],"rttpg_featured_image_url":null,"rttpg_author":{"display_name":"eoi.jesusmaestro.madrid","author_link":"https:\/\/site.educa.madrid.org\/eoi.jesusmaestro.madrid\/index.php\/author\/cuenta_eoi-jesusmaestro-madrid\/"},"rttpg_comment":0,"rttpg_category":"","rttpg_excerpt":"Desde\u00a0el Departamento de Japon\u00e9s\u00a0os invitamos a asistir a nuestro ciclo de cine japon\u00e9s, coorganizado por\u00a0Fundaci\u00f3n Jap\u00f3n, Madrid, que tendr\u00e1 lugar el lunes 2 de marzo en nuestra Escuela. Esta actividad forma parte de la campa\u00f1a de promoci\u00f3n de la plataforma de cine online\u00a0JFF Theater\u00a0y del programa conmemorativo del 50\u00ba aniversario del Departamento de Japon\u00e9s, que&hellip;","post_mailing_queue_ids":[],"_links":{"self":[{"href":"https:\/\/site.educa.madrid.org\/eoi.jesusmaestro.madrid\/index.php\/wp-json\/wp\/v2\/pages\/6052","targetHints":{"allow":["GET"]}}],"collection":[{"href":"https:\/\/site.educa.madrid.org\/eoi.jesusmaestro.madrid\/index.php\/wp-json\/wp\/v2\/pages"}],"about":[{"href":"https:\/\/site.educa.madrid.org\/eoi.jesusmaestro.madrid\/index.php\/wp-json\/wp\/v2\/types\/page"}],"author":[{"embeddable":true,"href":"https:\/\/site.educa.madrid.org\/eoi.jesusmaestro.madrid\/index.php\/wp-json\/wp\/v2\/users\/3"}],"replies":[{"embeddable":true,"href":"https:\/\/site.educa.madrid.org\/eoi.jesusmaestro.madrid\/index.php\/wp-json\/wp\/v2\/comments?post=6052"}],"version-history":[{"count":51,"href":"https:\/\/site.educa.madrid.org\/eoi.jesusmaestro.madrid\/index.php\/wp-json\/wp\/v2\/pages\/6052\/revisions"}],"predecessor-version":[{"id":12760,"href":"https:\/\/site.educa.madrid.org\/eoi.jesusmaestro.madrid\/index.php\/wp-json\/wp\/v2\/pages\/6052\/revisions\/12760"}],"wp:attachment":[{"href":"https:\/\/site.educa.madrid.org\/eoi.jesusmaestro.madrid\/index.php\/wp-json\/wp\/v2\/media?parent=6052"}],"wp:term":[{"taxonomy":"folder","embeddable":true,"href":"https:\/\/site.educa.madrid.org\/eoi.jesusmaestro.madrid\/index.php\/wp-json\/wp\/v2\/folder?post=6052"}],"curies":[{"name":"wp","href":"https:\/\/api.w.org\/{rel}","templated":true}]}}