{"id":6657,"date":"2023-11-23T10:37:12","date_gmt":"2023-11-23T09:37:12","guid":{"rendered":"https:\/\/site.educa.madrid.org\/eoi.jesusmaestro.madrid\/?page_id=6657"},"modified":"2026-03-12T16:59:51","modified_gmt":"2026-03-12T15:59:51","slug":"erasmus_plus","status":"publish","type":"page","link":"https:\/\/site.educa.madrid.org\/eoi.jesusmaestro.madrid\/index.php\/erasmus_plus\/","title":{"rendered":"Erasmus+"},"content":{"rendered":"<div id=\"pl-6657\"  class=\"panel-layout\" ><div id=\"pg-6657-0\"  class=\"panel-grid panel-no-style\" ><div id=\"pgc-6657-0-0\"  class=\"panel-grid-cell\" ><div id=\"panel-6657-0-0-0\" class=\"so-panel widget widget_sow-headline panel-first-child panel-last-child\" data-index=\"0\" ><div class=\"panel-widget-style panel-widget-style-for-6657-0-0-0\" ><div\n\t\t\t\n\t\t\tclass=\"so-widget-sow-headline so-widget-sow-headline-default-3409114acc5d-6657\"\n\t\t\t\n\t\t><div class=\"sow-headline-container \">\n\t\t\t\t\t\t\t<h2 class=\"sow-headline\">\n\t\t\t\t\t\tErasmus+\t\t\t\t\t\t<\/h2>\n\t\t\t\t\t\t\t\t\t\t\t<div class=\"decoration\">\n\t\t\t\t\t\t<div class=\"decoration-inside\"><\/div>\n\t\t\t\t\t<\/div>\n\t\t\t\t\t<\/div>\n<\/div><\/div><\/div><\/div><\/div><div id=\"pg-6657-1\"  class=\"panel-grid panel-no-style\" ><div id=\"pgc-6657-1-0\"  class=\"panel-grid-cell panel-grid-cell-empty\" ><\/div><div id=\"pgc-6657-1-1\"  class=\"panel-grid-cell\" ><div id=\"panel-6657-1-1-0\" class=\"so-panel widget widget_sow-editor panel-first-child\" data-index=\"1\" ><div class=\"panel-widget-style panel-widget-style-for-6657-1-1-0\" ><div\n\t\t\t\n\t\t\tclass=\"so-widget-sow-editor so-widget-sow-editor-base\"\n\t\t\t\n\t\t>\n<div class=\"siteorigin-widget-tinymce textwidget\">\n\t<p style=\"text-align: center;\">Debido a que esta web no es accesible desde el exterior, la informaci\u00f3n sobre sobre Erasmus+ contin\u00faa en la <a href=\"https:\/\/www.educa2.madrid.org\/web\/centro.eoi.jesusmaestro.madrid\/erasmus\" target=\"_blank\" rel=\"noopener\">antigua web<\/a> donde pueden acceder tambi\u00e9n nuestros colaboradores internacionales<\/p>\n<p>&nbsp;<\/p>\n<\/div>\n<\/div><\/div><\/div><div id=\"panel-6657-1-1-1\" class=\"so-panel widget widget_sow-button panel-last-child\" data-index=\"2\" ><div class=\"panel-widget-style panel-widget-style-for-6657-1-1-1\" ><div\n\t\t\t\n\t\t\tclass=\"so-widget-sow-button so-widget-sow-button-atom-930c56a9d12c-6657\"\n\t\t\t\n\t\t><div class=\"ow-button-base ow-button-align-center\">\n\t<a\n\thref=\"https:\/\/www.educa2.madrid.org\/web\/centro.eoi.jesusmaestro.madrid\/erasmus\"\n\t\tclass=\"ow-icon-placement-left ow-button-hover\" target=\"_blank\" rel=\"noopener noreferrer\" \t>\n\t\t<span>\n\t\t\t\n\t\t\tERASMUS+\t\t<\/span>\n\t<\/a>\n<\/div>\n<\/div><\/div><\/div><\/div><div id=\"pgc-6657-1-2\"  class=\"panel-grid-cell panel-grid-cell-mobile-last\" ><div id=\"panel-6657-1-2-0\" class=\"so-panel widget widget_sow-image panel-first-child\" data-index=\"3\" ><div\n\t\t\t\n\t\t\tclass=\"so-widget-sow-image so-widget-sow-image-default-113ccd71f3e6-6657\"\n\t\t\t\n\t\t>\n\n<div class=\"sow-image-container\">\n\t\t<img loading=\"lazy\" decoding=\"async\" src=\"https:\/\/site.educa.madrid.org\/eoi.jesusmaestro.madrid\/\/wp-content\/uploads\/eoi.jesusmaestro.madrid\/2025\/11\/Acreditacion_Placa-rotated.jpg\" width=\"1755\" height=\"1241\" srcset=\"https:\/\/site.educa.madrid.org\/eoi.jesusmaestro.madrid\/\/wp-content\/uploads\/eoi.jesusmaestro.madrid\/2025\/11\/Acreditacion_Placa-rotated.jpg 1755w, https:\/\/site.educa.madrid.org\/eoi.jesusmaestro.madrid\/\/wp-content\/uploads\/eoi.jesusmaestro.madrid\/2025\/11\/Acreditacion_Placa-300x212.jpg 300w, https:\/\/site.educa.madrid.org\/eoi.jesusmaestro.madrid\/\/wp-content\/uploads\/eoi.jesusmaestro.madrid\/2025\/11\/Acreditacion_Placa-1024x724.jpg 1024w, https:\/\/site.educa.madrid.org\/eoi.jesusmaestro.madrid\/\/wp-content\/uploads\/eoi.jesusmaestro.madrid\/2025\/11\/Acreditacion_Placa-768x543.jpg 768w, https:\/\/site.educa.madrid.org\/eoi.jesusmaestro.madrid\/\/wp-content\/uploads\/eoi.jesusmaestro.madrid\/2025\/11\/Acreditacion_Placa-1536x1086.jpg 1536w\" sizes=\"auto, (max-width: 706px) 89vw, (max-width: 767px) 82vw, 740px\" title=\"Acreditaci\u00f3n_Placa\" alt=\"\" \t\tclass=\"so-widget-image\"\/>\n\t<\/div>\n\n<\/div><\/div><div id=\"panel-6657-1-2-1\" class=\"so-panel widget widget_sow-image panel-last-child\" data-index=\"4\" ><div\n\t\t\t\n\t\t\tclass=\"so-widget-sow-image so-widget-sow-image-default-113ccd71f3e6-6657\"\n\t\t\t\n\t\t>\n\n<div class=\"sow-image-container\">\n\t\t<img loading=\"lazy\" decoding=\"async\" src=\"https:\/\/site.educa.madrid.org\/eoi.jesusmaestro.madrid\/\/wp-content\/uploads\/eoi.jesusmaestro.madrid\/2022\/11\/es_cofinanciado_por_la_union_europea_pos.png\" width=\"8493\" height=\"1780\" srcset=\"https:\/\/site.educa.madrid.org\/eoi.jesusmaestro.madrid\/\/wp-content\/uploads\/eoi.jesusmaestro.madrid\/2022\/11\/es_cofinanciado_por_la_union_europea_pos.png 8493w, https:\/\/site.educa.madrid.org\/eoi.jesusmaestro.madrid\/\/wp-content\/uploads\/eoi.jesusmaestro.madrid\/2022\/11\/es_cofinanciado_por_la_union_europea_pos-300x63.png 300w, https:\/\/site.educa.madrid.org\/eoi.jesusmaestro.madrid\/\/wp-content\/uploads\/eoi.jesusmaestro.madrid\/2022\/11\/es_cofinanciado_por_la_union_europea_pos-1024x215.png 1024w, https:\/\/site.educa.madrid.org\/eoi.jesusmaestro.madrid\/\/wp-content\/uploads\/eoi.jesusmaestro.madrid\/2022\/11\/es_cofinanciado_por_la_union_europea_pos-768x161.png 768w, https:\/\/site.educa.madrid.org\/eoi.jesusmaestro.madrid\/\/wp-content\/uploads\/eoi.jesusmaestro.madrid\/2022\/11\/es_cofinanciado_por_la_union_europea_pos-1536x322.png 1536w, https:\/\/site.educa.madrid.org\/eoi.jesusmaestro.madrid\/\/wp-content\/uploads\/eoi.jesusmaestro.madrid\/2022\/11\/es_cofinanciado_por_la_union_europea_pos-2048x429.png 2048w, https:\/\/site.educa.madrid.org\/eoi.jesusmaestro.madrid\/\/wp-content\/uploads\/eoi.jesusmaestro.madrid\/2022\/11\/es_cofinanciado_por_la_union_europea_pos-700x147.png 700w, https:\/\/site.educa.madrid.org\/eoi.jesusmaestro.madrid\/\/wp-content\/uploads\/eoi.jesusmaestro.madrid\/2022\/11\/es_cofinanciado_por_la_union_europea_pos-520x109.png 520w, https:\/\/site.educa.madrid.org\/eoi.jesusmaestro.madrid\/\/wp-content\/uploads\/eoi.jesusmaestro.madrid\/2022\/11\/es_cofinanciado_por_la_union_europea_pos-360x75.png 360w, https:\/\/site.educa.madrid.org\/eoi.jesusmaestro.madrid\/\/wp-content\/uploads\/eoi.jesusmaestro.madrid\/2022\/11\/es_cofinanciado_por_la_union_europea_pos-250x52.png 250w, https:\/\/site.educa.madrid.org\/eoi.jesusmaestro.madrid\/\/wp-content\/uploads\/eoi.jesusmaestro.madrid\/2022\/11\/es_cofinanciado_por_la_union_europea_pos-100x21.png 100w\" sizes=\"auto, (max-width: 706px) 89vw, (max-width: 767px) 82vw, 740px\" alt=\"\" \t\tclass=\"so-widget-image\"\/>\n\t<\/div>\n\n<\/div><\/div><\/div><div id=\"pgc-6657-1-3\"  class=\"panel-grid-cell panel-grid-cell-empty\" ><\/div><\/div><div id=\"pg-6657-2\"  class=\"panel-grid panel-has-style\" ><div class=\"siteorigin-panels-stretch panel-row-style panel-row-style-for-6657-2\" data-stretch-type=\"full-width-stretch\" ><div id=\"pgc-6657-2-0\"  class=\"panel-grid-cell panel-grid-cell-empty\" ><\/div><div id=\"pgc-6657-2-1\"  class=\"panel-grid-cell\" ><div id=\"panel-6657-2-1-0\" class=\"so-panel widget widget_sow-editor panel-first-child panel-last-child\" data-index=\"5\" ><div\n\t\t\t\n\t\t\tclass=\"so-widget-sow-editor so-widget-sow-editor-base\"\n\t\t\t\n\t\t>\n<div class=\"siteorigin-widget-tinymce textwidget\">\n\t<p>&nbsp;<\/p>\n<p style=\"text-align: center;\">Esta secci\u00f3n est\u00e1 en camino<\/p>\n<p style=\"text-align: center;\">En breve activaremos los enlaces y os daremos todos los detalles sobre las iniciativas Erasmus+ en las que participamos<\/p>\n<\/div>\n<\/div><\/div><\/div><div id=\"pgc-6657-2-2\"  class=\"panel-grid-cell\" ><div id=\"panel-6657-2-2-0\" class=\"so-panel widget widget_sow-image panel-first-child\" data-index=\"6\" ><div class=\"panel-widget-style panel-widget-style-for-6657-2-2-0\" ><div\n\t\t\t\n\t\t\tclass=\"so-widget-sow-image so-widget-sow-image-default-113ccd71f3e6-6657\"\n\t\t\t\n\t\t>\n\n<div class=\"sow-image-container\">\n\t\t<img loading=\"lazy\" decoding=\"async\" src=\"https:\/\/site.educa.madrid.org\/eoi.jesusmaestro.madrid\/\/wp-content\/uploads\/eoi.jesusmaestro.madrid\/2022\/05\/icon-02.png\" width=\"132\" height=\"132\" srcset=\"https:\/\/site.educa.madrid.org\/eoi.jesusmaestro.madrid\/\/wp-content\/uploads\/eoi.jesusmaestro.madrid\/2022\/05\/icon-02.png 132w, https:\/\/site.educa.madrid.org\/eoi.jesusmaestro.madrid\/\/wp-content\/uploads\/eoi.jesusmaestro.madrid\/2022\/05\/icon-02-100x100.png 100w\" sizes=\"auto, (max-width: 132px) 100vw, 132px\" alt=\"Icono de a\u00f1os del centro\" \t\tclass=\"so-widget-image\"\/>\n\t<\/div>\n\n<\/div><\/div><\/div><div id=\"panel-6657-2-2-1\" class=\"so-panel widget widget_sow-headline panel-last-child\" data-index=\"7\" ><div class=\"panel-widget-style panel-widget-style-for-6657-2-2-1\" ><div\n\t\t\t\n\t\t\tclass=\"so-widget-sow-headline so-widget-sow-headline-default-050cca7b7f7a-6657\"\n\t\t\t\n\t\t><div class=\"sow-headline-container \">\n\t\t\t\t\t\t\t<h3 class=\"sow-headline\">\n\t\t\t\t\t\tPROYECTOS KA104 <br \/>Formaci\u00f3n de profesorado y PAS \t\t\t\t\t\t<\/h3>\n\t\t\t\t\t\t\t\t\t\t\t<div class=\"decoration\">\n\t\t\t\t\t\t<div class=\"decoration-inside\"><\/div>\n\t\t\t\t\t<\/div>\n\t\t\t\t\t\t\t\t\t\t\t<h5 class=\"sow-sub-headline\">\n\t\t\t\t\t\t\t\t\t\t\t\t\t<a href=\"https:\/\/www.educa2.madrid.org\/web\/centro.eoi.jesusmaestro.madrid\/erasmus\" target=\"_blank\" rel=\"noopener noreferrer\">\n\t\t\t\t\t\t\t\t+info<\/a>\t\t\t\t\t\t<\/h5>\n\t\t\t\t\t\t<\/div>\n<\/div><\/div><\/div><\/div><div id=\"pgc-6657-2-3\"  class=\"panel-grid-cell\" ><div id=\"panel-6657-2-3-0\" class=\"so-panel widget widget_sow-image panel-first-child\" data-index=\"8\" ><div class=\"panel-widget-style panel-widget-style-for-6657-2-3-0\" ><div\n\t\t\t\n\t\t\tclass=\"so-widget-sow-image so-widget-sow-image-default-113ccd71f3e6-6657\"\n\t\t\t\n\t\t>\n\n<div class=\"sow-image-container\">\n\t\t<img loading=\"lazy\" decoding=\"async\" src=\"https:\/\/site.educa.madrid.org\/eoi.jesusmaestro.madrid\/\/wp-content\/uploads\/eoi.jesusmaestro.madrid\/2022\/05\/icon-03.png\" width=\"132\" height=\"132\" srcset=\"https:\/\/site.educa.madrid.org\/eoi.jesusmaestro.madrid\/\/wp-content\/uploads\/eoi.jesusmaestro.madrid\/2022\/05\/icon-03.png 132w, https:\/\/site.educa.madrid.org\/eoi.jesusmaestro.madrid\/\/wp-content\/uploads\/eoi.jesusmaestro.madrid\/2022\/05\/icon-03-100x100.png 100w\" sizes=\"auto, (max-width: 132px) 100vw, 132px\" alt=\"Icono idiomas\" \t\tclass=\"so-widget-image\"\/>\n\t<\/div>\n\n<\/div><\/div><\/div><div id=\"panel-6657-2-3-1\" class=\"so-panel widget widget_sow-headline panel-last-child\" data-index=\"9\" ><div class=\"panel-widget-style panel-widget-style-for-6657-2-3-1\" ><div\n\t\t\t\n\t\t\tclass=\"so-widget-sow-headline so-widget-sow-headline-default-050cca7b7f7a-6657\"\n\t\t\t\n\t\t><div class=\"sow-headline-container \">\n\t\t\t\t\t\t\t<h3 class=\"sow-headline\">\n\t\t\t\t\t\tTRAINEESHIPS <br \/>Estudiantes internacionales en pr\u00e1cticas \t\t\t\t\t\t<\/h3>\n\t\t\t\t\t\t\t\t\t\t\t<div class=\"decoration\">\n\t\t\t\t\t\t<div class=\"decoration-inside\"><\/div>\n\t\t\t\t\t<\/div>\n\t\t\t\t\t\t\t\t\t\t\t<h5 class=\"sow-sub-headline\">\n\t\t\t\t\t\t+info\t\t\t\t\t\t<\/h5>\n\t\t\t\t\t\t<\/div>\n<\/div><\/div><\/div><\/div><div id=\"pgc-6657-2-4\"  class=\"panel-grid-cell panel-grid-cell-mobile-last\" ><div id=\"panel-6657-2-4-0\" class=\"so-panel widget widget_sow-image panel-first-child\" data-index=\"10\" ><div class=\"panel-widget-style panel-widget-style-for-6657-2-4-0\" ><div\n\t\t\t\n\t\t\tclass=\"so-widget-sow-image so-widget-sow-image-default-113ccd71f3e6-6657\"\n\t\t\t\n\t\t>\n\n<div class=\"sow-image-container\">\n\t\t<img loading=\"lazy\" decoding=\"async\" src=\"https:\/\/site.educa.madrid.org\/eoi.jesusmaestro.madrid\/\/wp-content\/uploads\/eoi.jesusmaestro.madrid\/2022\/05\/Icon-01.png\" width=\"132\" height=\"132\" srcset=\"https:\/\/site.educa.madrid.org\/eoi.jesusmaestro.madrid\/\/wp-content\/uploads\/eoi.jesusmaestro.madrid\/2022\/05\/Icon-01.png 132w, https:\/\/site.educa.madrid.org\/eoi.jesusmaestro.madrid\/\/wp-content\/uploads\/eoi.jesusmaestro.madrid\/2022\/05\/Icon-01-100x100.png 100w\" sizes=\"auto, (max-width: 132px) 100vw, 132px\" alt=\"Icono profesores y formadores\" \t\tclass=\"so-widget-image\"\/>\n\t<\/div>\n\n<\/div><\/div><\/div><div id=\"panel-6657-2-4-1\" class=\"so-panel widget widget_sow-headline panel-last-child\" data-index=\"11\" ><div class=\"panel-widget-style panel-widget-style-for-6657-2-4-1\" ><div\n\t\t\t\n\t\t\tclass=\"so-widget-sow-headline so-widget-sow-headline-default-050cca7b7f7a-6657\"\n\t\t\t\n\t\t><div class=\"sow-headline-container \">\n\t\t\t\t\t\t\t<h3 class=\"sow-headline\">\n\t\t\t\t\t\tDIFUSI\u00d3N E IMPACTO <br \/>Transformaci\u00f3n\t\t\t\t\t\t<\/h3>\n\t\t\t\t\t\t\t\t\t\t\t<div class=\"decoration\">\n\t\t\t\t\t\t<div class=\"decoration-inside\"><\/div>\n\t\t\t\t\t<\/div>\n\t\t\t\t\t\t\t\t\t\t\t<h5 class=\"sow-sub-headline\">\n\t\t\t\t\t\t\t\t\t\t\t\t\t<a href=\"https:\/\/www.educa2.madrid.org\/web\/centro.eoi.jesusmaestro.madrid\/difusioneimpacto\" target=\"_blank\" rel=\"noopener noreferrer\">\n\t\t\t\t\t\t\t\t+info<\/a>\t\t\t\t\t\t<\/h5>\n\t\t\t\t\t\t<\/div>\n<\/div><\/div><\/div><\/div><div id=\"pgc-6657-2-5\"  class=\"panel-grid-cell panel-grid-cell-empty\" ><\/div><\/div><\/div><div id=\"pg-6657-3\"  class=\"panel-grid panel-has-style\" ><div class=\"siteorigin-panels-stretch panel-row-style panel-row-style-for-6657-3\" data-stretch-type=\"full-width-stretch\" ><div id=\"pgc-6657-3-0\"  class=\"panel-grid-cell panel-grid-cell-empty\" ><\/div><div id=\"pgc-6657-3-1\"  class=\"panel-grid-cell panel-grid-cell-empty\" ><\/div><div id=\"pgc-6657-3-2\"  class=\"panel-grid-cell\" ><div id=\"panel-6657-3-2-0\" class=\"so-panel widget widget_sow-image panel-first-child\" data-index=\"12\" ><div class=\"panel-widget-style panel-widget-style-for-6657-3-2-0\" ><div\n\t\t\t\n\t\t\tclass=\"so-widget-sow-image so-widget-sow-image-default-113ccd71f3e6-6657\"\n\t\t\t\n\t\t>\n\n<div class=\"sow-image-container\">\n\t\t<img loading=\"lazy\" decoding=\"async\" src=\"https:\/\/site.educa.madrid.org\/eoi.jesusmaestro.madrid\/\/wp-content\/uploads\/eoi.jesusmaestro.madrid\/2022\/05\/icon-04.png\" width=\"132\" height=\"132\" srcset=\"https:\/\/site.educa.madrid.org\/eoi.jesusmaestro.madrid\/\/wp-content\/uploads\/eoi.jesusmaestro.madrid\/2022\/05\/icon-04.png 132w, https:\/\/site.educa.madrid.org\/eoi.jesusmaestro.madrid\/\/wp-content\/uploads\/eoi.jesusmaestro.madrid\/2022\/05\/icon-04-100x100.png 100w\" sizes=\"auto, (max-width: 132px) 100vw, 132px\" alt=\"Icono grupos de alumnos\" \t\tclass=\"so-widget-image\"\/>\n\t<\/div>\n\n<\/div><\/div><\/div><div id=\"panel-6657-3-2-1\" class=\"so-panel widget widget_sow-headline panel-last-child\" data-index=\"13\" ><div class=\"panel-widget-style panel-widget-style-for-6657-3-2-1\" ><div\n\t\t\t\n\t\t\tclass=\"so-widget-sow-headline so-widget-sow-headline-default-050cca7b7f7a-6657\"\n\t\t\t\n\t\t><div class=\"sow-headline-container \">\n\t\t\t\t\t\t\t<h3 class=\"sow-headline\">\n\t\t\t\t\t\tACOGIDA <br \/> Observaci\u00f3n en Jes\u00fas Maestro \t\t\t\t\t\t<\/h3>\n\t\t\t\t\t\t\t\t\t\t\t<div class=\"decoration\">\n\t\t\t\t\t\t<div class=\"decoration-inside\"><\/div>\n\t\t\t\t\t<\/div>\n\t\t\t\t\t\t\t\t\t\t\t<h5 class=\"sow-sub-headline\">\n\t\t\t\t\t\t+info\t\t\t\t\t\t<\/h5>\n\t\t\t\t\t\t<\/div>\n<\/div><\/div><\/div><\/div><div id=\"pgc-6657-3-3\"  class=\"panel-grid-cell\" ><div id=\"panel-6657-3-3-0\" class=\"so-panel widget widget_sow-image panel-first-child\" data-index=\"14\" ><div class=\"panel-widget-style panel-widget-style-for-6657-3-3-0\" ><div\n\t\t\t\n\t\t\tclass=\"so-widget-sow-image so-widget-sow-image-default-113ccd71f3e6-6657\"\n\t\t\t\n\t\t>\n\n<div class=\"sow-image-container\">\n\t\t<img loading=\"lazy\" decoding=\"async\" src=\"https:\/\/site.educa.madrid.org\/eoi.jesusmaestro.madrid\/\/wp-content\/uploads\/eoi.jesusmaestro.madrid\/2022\/05\/Icon-01.png\" width=\"132\" height=\"132\" srcset=\"https:\/\/site.educa.madrid.org\/eoi.jesusmaestro.madrid\/\/wp-content\/uploads\/eoi.jesusmaestro.madrid\/2022\/05\/Icon-01.png 132w, https:\/\/site.educa.madrid.org\/eoi.jesusmaestro.madrid\/\/wp-content\/uploads\/eoi.jesusmaestro.madrid\/2022\/05\/Icon-01-100x100.png 100w\" sizes=\"auto, (max-width: 132px) 100vw, 132px\" alt=\"Icono profesores y formadores\" \t\tclass=\"so-widget-image\"\/>\n\t<\/div>\n\n<\/div><\/div><\/div><div id=\"panel-6657-3-3-1\" class=\"so-panel widget widget_sow-headline panel-last-child\" data-index=\"15\" ><div class=\"panel-widget-style panel-widget-style-for-6657-3-3-1\" ><div\n\t\t\t\n\t\t\tclass=\"so-widget-sow-headline so-widget-sow-headline-default-050cca7b7f7a-6657\"\n\t\t\t\n\t\t><div class=\"sow-headline-container \">\n\t\t\t\t\t\t\t<h3 class=\"sow-headline\">\n\t\t\t\t\t\tEXPERTOS INVITADOS <br \/>Profesores formadores \t\t\t\t\t\t<\/h3>\n\t\t\t\t\t\t\t\t\t\t\t<div class=\"decoration\">\n\t\t\t\t\t\t<div class=\"decoration-inside\"><\/div>\n\t\t\t\t\t<\/div>\n\t\t\t\t\t\t\t\t\t\t\t<h5 class=\"sow-sub-headline\">\n\t\t\t\t\t\t\t\t\t\t\t\t\t<a href=\"https:\/\/www.educa2.madrid.org\/web\/centro.eoi.jesusmaestro.madrid\/expertosinvitados\" target=\"_blank\" rel=\"noopener noreferrer\">\n\t\t\t\t\t\t\t\t+info<\/a>\t\t\t\t\t\t<\/h5>\n\t\t\t\t\t\t<\/div>\n<\/div><\/div><\/div><\/div><div id=\"pgc-6657-3-4\"  class=\"panel-grid-cell panel-grid-cell-mobile-last\" ><div id=\"panel-6657-3-4-0\" class=\"so-panel widget widget_sow-image panel-first-child\" data-index=\"16\" ><div class=\"panel-widget-style panel-widget-style-for-6657-3-4-0\" ><div\n\t\t\t\n\t\t\tclass=\"so-widget-sow-image so-widget-sow-image-default-113ccd71f3e6-6657\"\n\t\t\t\n\t\t>\n\n<div class=\"sow-image-container\">\n\t\t<img loading=\"lazy\" decoding=\"async\" src=\"https:\/\/site.educa.madrid.org\/eoi.jesusmaestro.madrid\/\/wp-content\/uploads\/eoi.jesusmaestro.madrid\/2022\/05\/icon-03.png\" width=\"132\" height=\"132\" srcset=\"https:\/\/site.educa.madrid.org\/eoi.jesusmaestro.madrid\/\/wp-content\/uploads\/eoi.jesusmaestro.madrid\/2022\/05\/icon-03.png 132w, https:\/\/site.educa.madrid.org\/eoi.jesusmaestro.madrid\/\/wp-content\/uploads\/eoi.jesusmaestro.madrid\/2022\/05\/icon-03-100x100.png 100w\" sizes=\"auto, (max-width: 132px) 100vw, 132px\" alt=\"Icono idiomas\" \t\tclass=\"so-widget-image\"\/>\n\t<\/div>\n\n<\/div><\/div><\/div><div id=\"panel-6657-3-4-1\" class=\"so-panel widget widget_sow-headline panel-last-child\" data-index=\"17\" ><div class=\"panel-widget-style panel-widget-style-for-6657-3-4-1\" ><div\n\t\t\t\n\t\t\tclass=\"so-widget-sow-headline so-widget-sow-headline-default-050cca7b7f7a-6657\"\n\t\t\t\n\t\t><div class=\"sow-headline-container \">\n\t\t\t\t\t\t\t<h3 class=\"sow-headline\">\n\t\t\t\t\t\tOTRAS INICIATIVAS <br \/>Internacionalizaci\u00f3n \t\t\t\t\t\t<\/h3>\n\t\t\t\t\t\t\t\t\t\t\t<div class=\"decoration\">\n\t\t\t\t\t\t<div class=\"decoration-inside\"><\/div>\n\t\t\t\t\t<\/div>\n\t\t\t\t\t\t\t\t\t\t\t<h5 class=\"sow-sub-headline\">\n\t\t\t\t\t\t+info\t\t\t\t\t\t<\/h5>\n\t\t\t\t\t\t<\/div>\n<\/div><\/div><\/div><\/div><div id=\"pgc-6657-3-5\"  class=\"panel-grid-cell panel-grid-cell-empty\" ><\/div><\/div><\/div><div id=\"pg-6657-4\"  class=\"panel-grid panel-has-style\" ><div class=\"panel-row-style panel-row-style-for-6657-4\" ><div id=\"pgc-6657-4-0\"  class=\"panel-grid-cell panel-grid-cell-empty\" ><\/div><div id=\"pgc-6657-4-1\"  class=\"panel-grid-cell\" ><div id=\"panel-6657-4-1-0\" class=\"so-panel widget widget_sow-image panel-first-child panel-last-child\" data-index=\"18\" ><div\n\t\t\t\n\t\t\tclass=\"so-widget-sow-image so-widget-sow-image-default-113ccd71f3e6-6657\"\n\t\t\t\n\t\t>\n\n<div class=\"sow-image-container\">\n\t\t<img loading=\"lazy\" decoding=\"async\" src=\"https:\/\/site.educa.madrid.org\/eoi.jesusmaestro.madrid\/\/wp-content\/uploads\/eoi.jesusmaestro.madrid\/2022\/11\/es_cofinanciado_por_la_union_europea_pos.png\" width=\"8493\" height=\"1780\" srcset=\"https:\/\/site.educa.madrid.org\/eoi.jesusmaestro.madrid\/\/wp-content\/uploads\/eoi.jesusmaestro.madrid\/2022\/11\/es_cofinanciado_por_la_union_europea_pos.png 8493w, https:\/\/site.educa.madrid.org\/eoi.jesusmaestro.madrid\/\/wp-content\/uploads\/eoi.jesusmaestro.madrid\/2022\/11\/es_cofinanciado_por_la_union_europea_pos-300x63.png 300w, https:\/\/site.educa.madrid.org\/eoi.jesusmaestro.madrid\/\/wp-content\/uploads\/eoi.jesusmaestro.madrid\/2022\/11\/es_cofinanciado_por_la_union_europea_pos-1024x215.png 1024w, https:\/\/site.educa.madrid.org\/eoi.jesusmaestro.madrid\/\/wp-content\/uploads\/eoi.jesusmaestro.madrid\/2022\/11\/es_cofinanciado_por_la_union_europea_pos-768x161.png 768w, https:\/\/site.educa.madrid.org\/eoi.jesusmaestro.madrid\/\/wp-content\/uploads\/eoi.jesusmaestro.madrid\/2022\/11\/es_cofinanciado_por_la_union_europea_pos-1536x322.png 1536w, https:\/\/site.educa.madrid.org\/eoi.jesusmaestro.madrid\/\/wp-content\/uploads\/eoi.jesusmaestro.madrid\/2022\/11\/es_cofinanciado_por_la_union_europea_pos-2048x429.png 2048w, https:\/\/site.educa.madrid.org\/eoi.jesusmaestro.madrid\/\/wp-content\/uploads\/eoi.jesusmaestro.madrid\/2022\/11\/es_cofinanciado_por_la_union_europea_pos-700x147.png 700w, https:\/\/site.educa.madrid.org\/eoi.jesusmaestro.madrid\/\/wp-content\/uploads\/eoi.jesusmaestro.madrid\/2022\/11\/es_cofinanciado_por_la_union_europea_pos-520x109.png 520w, https:\/\/site.educa.madrid.org\/eoi.jesusmaestro.madrid\/\/wp-content\/uploads\/eoi.jesusmaestro.madrid\/2022\/11\/es_cofinanciado_por_la_union_europea_pos-360x75.png 360w, https:\/\/site.educa.madrid.org\/eoi.jesusmaestro.madrid\/\/wp-content\/uploads\/eoi.jesusmaestro.madrid\/2022\/11\/es_cofinanciado_por_la_union_europea_pos-250x52.png 250w, https:\/\/site.educa.madrid.org\/eoi.jesusmaestro.madrid\/\/wp-content\/uploads\/eoi.jesusmaestro.madrid\/2022\/11\/es_cofinanciado_por_la_union_europea_pos-100x21.png 100w\" sizes=\"auto, (max-width: 706px) 89vw, (max-width: 767px) 82vw, 740px\" alt=\"\" \t\tclass=\"so-widget-image\"\/>\n\t<\/div>\n\n<\/div><\/div><\/div><div id=\"pgc-6657-4-2\"  class=\"panel-grid-cell panel-grid-cell-empty\" ><\/div><div id=\"pgc-6657-4-3\"  class=\"panel-grid-cell panel-grid-cell-mobile-last\" ><div id=\"panel-6657-4-3-0\" class=\"so-panel widget widget_sow-image panel-first-child panel-last-child\" data-index=\"19\" ><div\n\t\t\t\n\t\t\tclass=\"so-widget-sow-image so-widget-sow-image-default-8b5b6f678277-6657\"\n\t\t\t\n\t\t>\n\n<div class=\"sow-image-container\">\n\t\t<img loading=\"lazy\" decoding=\"async\" src=\"https:\/\/site.educa.madrid.org\/eoi.jesusmaestro.madrid\/\/wp-content\/uploads\/eoi.jesusmaestro.madrid\/2022\/03\/EOI-Mas-de-100-anos.png\" width=\"365\" height=\"70\" srcset=\"https:\/\/site.educa.madrid.org\/eoi.jesusmaestro.madrid\/\/wp-content\/uploads\/eoi.jesusmaestro.madrid\/2022\/03\/EOI-Mas-de-100-anos.png 365w, https:\/\/site.educa.madrid.org\/eoi.jesusmaestro.madrid\/\/wp-content\/uploads\/eoi.jesusmaestro.madrid\/2022\/03\/EOI-Mas-de-100-anos-300x58.png 300w\" sizes=\"auto, (max-width: 365px) 100vw, 365px\" title=\"EOI-M\u00e1s-de-100-a\u00f1os\" alt=\"\" \t\tclass=\"so-widget-image\"\/>\n\t<\/div>\n\n<\/div><\/div><\/div><div id=\"pgc-6657-4-4\"  class=\"panel-grid-cell panel-grid-cell-empty\" ><\/div><\/div><\/div><\/div>","protected":false},"excerpt":{"rendered":"<p>Debido a que esta web no es accesible desde el exterior, la informaci\u00f3n sobre sobre Erasmus+ contin\u00faa en la antigua web donde pueden acceder tambi\u00e9n nuestros colaboradores internacionales &nbsp;<\/p>\n","protected":false},"author":3,"featured_media":0,"parent":0,"menu_order":0,"comment_status":"closed","ping_status":"closed","template":"rttpg_full_width","meta":{"footnotes":""},"folder":[],"class_list":["post-6657","page","type-page","status-publish","hentry"],"rttpg_featured_image_url":null,"rttpg_author":{"display_name":"eoi.jesusmaestro.madrid","author_link":"https:\/\/site.educa.madrid.org\/eoi.jesusmaestro.madrid\/index.php\/author\/cuenta_eoi-jesusmaestro-madrid\/"},"rttpg_comment":0,"rttpg_category":false,"rttpg_excerpt":"Debido a que esta web no es accesible desde el exterior, la informaci\u00f3n sobre sobre Erasmus+ contin\u00faa en la antigua web donde pueden acceder tambi\u00e9n nuestros colaboradores internacionales &nbsp;","post_mailing_queue_ids":[],"_links":{"self":[{"href":"https:\/\/site.educa.madrid.org\/eoi.jesusmaestro.madrid\/index.php\/wp-json\/wp\/v2\/pages\/6657","targetHints":{"allow":["GET"]}}],"collection":[{"href":"https:\/\/site.educa.madrid.org\/eoi.jesusmaestro.madrid\/index.php\/wp-json\/wp\/v2\/pages"}],"about":[{"href":"https:\/\/site.educa.madrid.org\/eoi.jesusmaestro.madrid\/index.php\/wp-json\/wp\/v2\/types\/page"}],"author":[{"embeddable":true,"href":"https:\/\/site.educa.madrid.org\/eoi.jesusmaestro.madrid\/index.php\/wp-json\/wp\/v2\/users\/3"}],"replies":[{"embeddable":true,"href":"https:\/\/site.educa.madrid.org\/eoi.jesusmaestro.madrid\/index.php\/wp-json\/wp\/v2\/comments?post=6657"}],"version-history":[{"count":50,"href":"https:\/\/site.educa.madrid.org\/eoi.jesusmaestro.madrid\/index.php\/wp-json\/wp\/v2\/pages\/6657\/revisions"}],"predecessor-version":[{"id":13129,"href":"https:\/\/site.educa.madrid.org\/eoi.jesusmaestro.madrid\/index.php\/wp-json\/wp\/v2\/pages\/6657\/revisions\/13129"}],"wp:attachment":[{"href":"https:\/\/site.educa.madrid.org\/eoi.jesusmaestro.madrid\/index.php\/wp-json\/wp\/v2\/media?parent=6657"}],"wp:term":[{"taxonomy":"folder","embeddable":true,"href":"https:\/\/site.educa.madrid.org\/eoi.jesusmaestro.madrid\/index.php\/wp-json\/wp\/v2\/folder?post=6657"}],"curies":[{"name":"wp","href":"https:\/\/api.w.org\/{rel}","templated":true}]}}