{"id":870,"date":"2022-03-31T13:45:25","date_gmt":"2022-03-31T11:45:25","guid":{"rendered":"https:\/\/site.educa.madrid.org\/eoi.jesusmaestro.madrid\/?page_id=870"},"modified":"2026-03-11T13:42:17","modified_gmt":"2026-03-11T12:42:17","slug":"colaboracion-y-proyectos","status":"publish","type":"page","link":"https:\/\/site.educa.madrid.org\/eoi.jesusmaestro.madrid\/index.php\/colaboracion-y-proyectos\/","title":{"rendered":"Proyectos y colaboraci\u00f3n"},"content":{"rendered":"<div id=\"pl-870\"  class=\"panel-layout\" ><div id=\"pg-870-0\"  class=\"panel-grid panel-no-style\" ><div id=\"pgc-870-0-0\"  class=\"panel-grid-cell panel-grid-cell-empty\" ><\/div><div id=\"pgc-870-0-1\"  class=\"panel-grid-cell panel-grid-cell-mobile-last\" ><div id=\"panel-870-0-1-0\" class=\"so-panel widget widget_sow-editor panel-first-child panel-last-child\" data-index=\"0\" ><div\n\t\t\t\n\t\t\tclass=\"so-widget-sow-editor so-widget-sow-editor-base\"\n\t\t\t\n\t\t>\n<div class=\"siteorigin-widget-tinymce textwidget\">\n\t<p style=\"text-align: center;\">Esta secci\u00f3n est\u00e1 en camino<\/p>\n<p style=\"text-align: center;\">En breve activaremos los enlaces y os daremos todos los detalles sobre las iniciativas de colaboraci\u00f3n en las que participamos<\/p>\n<\/div>\n<\/div><\/div><\/div><div id=\"pgc-870-0-2\"  class=\"panel-grid-cell panel-grid-cell-empty\" ><\/div><\/div><div id=\"pg-870-1\"  class=\"panel-grid panel-has-style\" ><div class=\"siteorigin-panels-stretch panel-row-style panel-row-style-for-870-1\" data-stretch-type=\"full-width-stretch\" ><div id=\"pgc-870-1-0\"  class=\"panel-grid-cell panel-grid-cell-empty\" ><\/div><div id=\"pgc-870-1-1\"  class=\"panel-grid-cell\" ><div id=\"panel-870-1-1-0\" class=\"so-panel widget widget_sow-image panel-first-child\" data-index=\"1\" ><div class=\"panel-widget-style panel-widget-style-for-870-1-1-0\" ><div\n\t\t\t\n\t\t\tclass=\"so-widget-sow-image so-widget-sow-image-default-8b5b6f678277-870\"\n\t\t\t\n\t\t>\n\n<div class=\"sow-image-container\">\n\t\t<img loading=\"lazy\" decoding=\"async\" src=\"https:\/\/site.educa.madrid.org\/eoi.jesusmaestro.madrid\/\/wp-content\/uploads\/eoi.jesusmaestro.madrid\/2022\/06\/CENTENARIO_EXPOSICION-02.jpg\" width=\"1029\" height=\"684\" srcset=\"https:\/\/site.educa.madrid.org\/eoi.jesusmaestro.madrid\/\/wp-content\/uploads\/eoi.jesusmaestro.madrid\/2022\/06\/CENTENARIO_EXPOSICION-02.jpg 1029w, https:\/\/site.educa.madrid.org\/eoi.jesusmaestro.madrid\/\/wp-content\/uploads\/eoi.jesusmaestro.madrid\/2022\/06\/CENTENARIO_EXPOSICION-02-300x199.jpg 300w, https:\/\/site.educa.madrid.org\/eoi.jesusmaestro.madrid\/\/wp-content\/uploads\/eoi.jesusmaestro.madrid\/2022\/06\/CENTENARIO_EXPOSICION-02-1024x681.jpg 1024w, https:\/\/site.educa.madrid.org\/eoi.jesusmaestro.madrid\/\/wp-content\/uploads\/eoi.jesusmaestro.madrid\/2022\/06\/CENTENARIO_EXPOSICION-02-768x511.jpg 768w, https:\/\/site.educa.madrid.org\/eoi.jesusmaestro.madrid\/\/wp-content\/uploads\/eoi.jesusmaestro.madrid\/2022\/06\/CENTENARIO_EXPOSICION-02-391x260.jpg 391w, https:\/\/site.educa.madrid.org\/eoi.jesusmaestro.madrid\/\/wp-content\/uploads\/eoi.jesusmaestro.madrid\/2022\/06\/CENTENARIO_EXPOSICION-02-700x465.jpg 700w, https:\/\/site.educa.madrid.org\/eoi.jesusmaestro.madrid\/\/wp-content\/uploads\/eoi.jesusmaestro.madrid\/2022\/06\/CENTENARIO_EXPOSICION-02-520x346.jpg 520w, https:\/\/site.educa.madrid.org\/eoi.jesusmaestro.madrid\/\/wp-content\/uploads\/eoi.jesusmaestro.madrid\/2022\/06\/CENTENARIO_EXPOSICION-02-360x239.jpg 360w, https:\/\/site.educa.madrid.org\/eoi.jesusmaestro.madrid\/\/wp-content\/uploads\/eoi.jesusmaestro.madrid\/2022\/06\/CENTENARIO_EXPOSICION-02-250x166.jpg 250w, https:\/\/site.educa.madrid.org\/eoi.jesusmaestro.madrid\/\/wp-content\/uploads\/eoi.jesusmaestro.madrid\/2022\/06\/CENTENARIO_EXPOSICION-02-100x66.jpg 100w, https:\/\/site.educa.madrid.org\/eoi.jesusmaestro.madrid\/\/wp-content\/uploads\/eoi.jesusmaestro.madrid\/2022\/06\/CENTENARIO_EXPOSICION-02-272x182.jpg 272w\" sizes=\"auto, (max-width: 706px) 89vw, (max-width: 767px) 82vw, 740px\" title=\"CENTENARIO_EXPOSICI\u00d3N-(02)\" alt=\"\" \t\tclass=\"so-widget-image\"\/>\n\t<\/div>\n\n<\/div><\/div><\/div><div id=\"panel-870-1-1-1\" class=\"so-panel widget widget_sow-headline panel-last-child\" data-index=\"2\" ><div class=\"panel-widget-style panel-widget-style-for-870-1-1-1\" ><div\n\t\t\t\n\t\t\tclass=\"so-widget-sow-headline so-widget-sow-headline-default-b30361cf1316-870\"\n\t\t\t\n\t\t><div class=\"sow-headline-container \">\n\t\t\t\t\t\t\t<h3 class=\"sow-headline\">\n\t\t\t\t\t\tERASMUS+<br \/>Internacionalizaci\u00f3n \t\t\t\t\t\t<\/h3>\n\t\t\t\t\t\t\t\t\t\t\t<div class=\"decoration\">\n\t\t\t\t\t\t<div class=\"decoration-inside\"><\/div>\n\t\t\t\t\t<\/div>\n\t\t\t\t\t\t\t\t\t\t\t<h5 class=\"sow-sub-headline\">\n\t\t\t\t\t\t\t\t\t\t\t\t\t<a href=\"https:\/\/site.educa.madrid.org\/eoi.jesusmaestro.madrid\/index.php\/erasmus_plus\/\" >\n\t\t\t\t\t\t\t\t+info<\/a>\t\t\t\t\t\t<\/h5>\n\t\t\t\t\t\t<\/div>\n<\/div><\/div><\/div><\/div><div id=\"pgc-870-1-2\"  class=\"panel-grid-cell\" ><div id=\"panel-870-1-2-0\" class=\"so-panel widget widget_sow-image panel-first-child\" data-index=\"3\" ><div\n\t\t\t\n\t\t\tclass=\"so-widget-sow-image so-widget-sow-image-default-8b5b6f678277-870\"\n\t\t\t\n\t\t>\n\n<div class=\"sow-image-container\">\n\t\t<img loading=\"lazy\" decoding=\"async\" src=\"https:\/\/site.educa.madrid.org\/eoi.jesusmaestro.madrid\/\/wp-content\/uploads\/eoi.jesusmaestro.madrid\/2023\/11\/IMG_2302-1200p.webp\" width=\"1200\" height=\"900\" srcset=\"https:\/\/site.educa.madrid.org\/eoi.jesusmaestro.madrid\/\/wp-content\/uploads\/eoi.jesusmaestro.madrid\/2023\/11\/IMG_2302-1200p.webp 1200w, https:\/\/site.educa.madrid.org\/eoi.jesusmaestro.madrid\/\/wp-content\/uploads\/eoi.jesusmaestro.madrid\/2023\/11\/IMG_2302-1200p-300x225.webp 300w, https:\/\/site.educa.madrid.org\/eoi.jesusmaestro.madrid\/\/wp-content\/uploads\/eoi.jesusmaestro.madrid\/2023\/11\/IMG_2302-1200p-1024x768.webp 1024w, https:\/\/site.educa.madrid.org\/eoi.jesusmaestro.madrid\/\/wp-content\/uploads\/eoi.jesusmaestro.madrid\/2023\/11\/IMG_2302-1200p-768x576.webp 768w\" sizes=\"auto, (max-width: 706px) 89vw, (max-width: 767px) 82vw, 740px\" alt=\"\" \t\tclass=\"so-widget-image\"\/>\n\t<\/div>\n\n<\/div><\/div><div id=\"panel-870-1-2-1\" class=\"so-panel widget widget_sow-headline panel-last-child\" data-index=\"4\" ><div class=\"panel-widget-style panel-widget-style-for-870-1-2-1\" ><div\n\t\t\t\n\t\t\tclass=\"so-widget-sow-headline so-widget-sow-headline-default-8035dbc006b3-870\"\n\t\t\t\n\t\t><div class=\"sow-headline-container \">\n\t\t\t\t\t\t\t<h3 class=\"sow-headline\">\n\t\t\t\t\t\tESCUELAS EN RED<br \/>Colaboraci\u00f3n\t\t\t\t\t\t<\/h3>\n\t\t\t\t\t\t\t\t\t\t\t<div class=\"decoration\">\n\t\t\t\t\t\t<div class=\"decoration-inside\"><\/div>\n\t\t\t\t\t<\/div>\n\t\t\t\t\t\t\t\t\t\t\t<h5 class=\"sow-sub-headline\">\n\t\t\t\t\t\t\t\t\t\t\t\t\t<a href=\"https:\/\/site.educa.madrid.org\/eoi.jesusmaestro.madrid\/index.php\/colaboracion-y-proyectos\/\" >\n\t\t\t\t\t\t\t\t+info<\/a>\t\t\t\t\t\t<\/h5>\n\t\t\t\t\t\t<\/div>\n<\/div><\/div><\/div><\/div><div id=\"pgc-870-1-3\"  class=\"panel-grid-cell panel-grid-cell-mobile-last\" ><div id=\"panel-870-1-3-0\" class=\"so-panel widget widget_sow-image panel-first-child\" data-index=\"5\" ><div\n\t\t\t\n\t\t\tclass=\"so-widget-sow-image so-widget-sow-image-default-8b5b6f678277-870\"\n\t\t\t\n\t\t>\n\n<div class=\"sow-image-container\">\n\t\t<img loading=\"lazy\" decoding=\"async\" src=\"https:\/\/site.educa.madrid.org\/eoi.jesusmaestro.madrid\/\/wp-content\/uploads\/eoi.jesusmaestro.madrid\/2022\/05\/EOI-JM-Madrid-11.jpg\" width=\"1167\" height=\"876\" srcset=\"https:\/\/site.educa.madrid.org\/eoi.jesusmaestro.madrid\/\/wp-content\/uploads\/eoi.jesusmaestro.madrid\/2022\/05\/EOI-JM-Madrid-11.jpg 1167w, https:\/\/site.educa.madrid.org\/eoi.jesusmaestro.madrid\/\/wp-content\/uploads\/eoi.jesusmaestro.madrid\/2022\/05\/EOI-JM-Madrid-11-300x225.jpg 300w, https:\/\/site.educa.madrid.org\/eoi.jesusmaestro.madrid\/\/wp-content\/uploads\/eoi.jesusmaestro.madrid\/2022\/05\/EOI-JM-Madrid-11-1024x769.jpg 1024w, https:\/\/site.educa.madrid.org\/eoi.jesusmaestro.madrid\/\/wp-content\/uploads\/eoi.jesusmaestro.madrid\/2022\/05\/EOI-JM-Madrid-11-768x576.jpg 768w, https:\/\/site.educa.madrid.org\/eoi.jesusmaestro.madrid\/\/wp-content\/uploads\/eoi.jesusmaestro.madrid\/2022\/05\/EOI-JM-Madrid-11-700x525.jpg 700w, https:\/\/site.educa.madrid.org\/eoi.jesusmaestro.madrid\/\/wp-content\/uploads\/eoi.jesusmaestro.madrid\/2022\/05\/EOI-JM-Madrid-11-520x390.jpg 520w, https:\/\/site.educa.madrid.org\/eoi.jesusmaestro.madrid\/\/wp-content\/uploads\/eoi.jesusmaestro.madrid\/2022\/05\/EOI-JM-Madrid-11-360x270.jpg 360w, https:\/\/site.educa.madrid.org\/eoi.jesusmaestro.madrid\/\/wp-content\/uploads\/eoi.jesusmaestro.madrid\/2022\/05\/EOI-JM-Madrid-11-250x188.jpg 250w, https:\/\/site.educa.madrid.org\/eoi.jesusmaestro.madrid\/\/wp-content\/uploads\/eoi.jesusmaestro.madrid\/2022\/05\/EOI-JM-Madrid-11-100x75.jpg 100w\" sizes=\"auto, (max-width: 706px) 89vw, (max-width: 767px) 82vw, 740px\" alt=\"EOI JM Intercambios\" \t\tclass=\"so-widget-image\"\/>\n\t<\/div>\n\n<\/div><\/div><div id=\"panel-870-1-3-1\" class=\"so-panel widget widget_sow-headline panel-last-child\" data-index=\"6\" ><div class=\"panel-widget-style panel-widget-style-for-870-1-3-1\" ><div\n\t\t\t\n\t\t\tclass=\"so-widget-sow-headline so-widget-sow-headline-default-8035dbc006b3-870\"\n\t\t\t\n\t\t><div class=\"sow-headline-container \">\n\t\t\t\t\t\t\t<h3 class=\"sow-headline\">\n\t\t\t\t\t\tINSTITUCIONES AMIGAS<br \/>Colaboraci\u00f3n\t\t\t\t\t\t<\/h3>\n\t\t\t\t\t\t\t\t\t\t\t<div class=\"decoration\">\n\t\t\t\t\t\t<div class=\"decoration-inside\"><\/div>\n\t\t\t\t\t<\/div>\n\t\t\t\t\t\t\t\t\t\t\t<h5 class=\"sow-sub-headline\">\n\t\t\t\t\t\t\t\t\t\t\t\t\t<a href=\"https:\/\/site.educa.madrid.org\/eoi.jesusmaestro.madrid\/index.php\/colaboracion-y-proyectos\/\" >\n\t\t\t\t\t\t\t\t+info<\/a>\t\t\t\t\t\t<\/h5>\n\t\t\t\t\t\t<\/div>\n<\/div><\/div><\/div><\/div><div id=\"pgc-870-1-4\"  class=\"panel-grid-cell panel-grid-cell-empty\" ><\/div><\/div><\/div><div id=\"pg-870-2\"  class=\"panel-grid panel-has-style\" ><div class=\"siteorigin-panels-stretch panel-row-style panel-row-style-for-870-2\" data-stretch-type=\"full-width-stretch\" ><div id=\"pgc-870-2-0\"  class=\"panel-grid-cell panel-grid-cell-empty\" ><\/div><div id=\"pgc-870-2-1\"  class=\"panel-grid-cell\" ><div id=\"panel-870-2-1-0\" class=\"so-panel widget widget_sow-image panel-first-child\" data-index=\"7\" ><div\n\t\t\t\n\t\t\tclass=\"so-widget-sow-image so-widget-sow-image-default-8b5b6f678277-870\"\n\t\t\t\n\t\t>\n\n<div class=\"sow-image-container\">\n\t\t<img loading=\"lazy\" decoding=\"async\" src=\"https:\/\/site.educa.madrid.org\/eoi.jesusmaestro.madrid\/\/wp-content\/uploads\/eoi.jesusmaestro.madrid\/2022\/05\/EOI-JM-Madrid-23-OSC.jpg\" width=\"1200\" height=\"773\" srcset=\"https:\/\/site.educa.madrid.org\/eoi.jesusmaestro.madrid\/\/wp-content\/uploads\/eoi.jesusmaestro.madrid\/2022\/05\/EOI-JM-Madrid-23-OSC.jpg 1200w, https:\/\/site.educa.madrid.org\/eoi.jesusmaestro.madrid\/\/wp-content\/uploads\/eoi.jesusmaestro.madrid\/2022\/05\/EOI-JM-Madrid-23-OSC-300x193.jpg 300w, https:\/\/site.educa.madrid.org\/eoi.jesusmaestro.madrid\/\/wp-content\/uploads\/eoi.jesusmaestro.madrid\/2022\/05\/EOI-JM-Madrid-23-OSC-1024x660.jpg 1024w, https:\/\/site.educa.madrid.org\/eoi.jesusmaestro.madrid\/\/wp-content\/uploads\/eoi.jesusmaestro.madrid\/2022\/05\/EOI-JM-Madrid-23-OSC-768x495.jpg 768w, https:\/\/site.educa.madrid.org\/eoi.jesusmaestro.madrid\/\/wp-content\/uploads\/eoi.jesusmaestro.madrid\/2022\/05\/EOI-JM-Madrid-23-OSC-700x451.jpg 700w, https:\/\/site.educa.madrid.org\/eoi.jesusmaestro.madrid\/\/wp-content\/uploads\/eoi.jesusmaestro.madrid\/2022\/05\/EOI-JM-Madrid-23-OSC-520x335.jpg 520w, https:\/\/site.educa.madrid.org\/eoi.jesusmaestro.madrid\/\/wp-content\/uploads\/eoi.jesusmaestro.madrid\/2022\/05\/EOI-JM-Madrid-23-OSC-360x232.jpg 360w, https:\/\/site.educa.madrid.org\/eoi.jesusmaestro.madrid\/\/wp-content\/uploads\/eoi.jesusmaestro.madrid\/2022\/05\/EOI-JM-Madrid-23-OSC-250x161.jpg 250w, https:\/\/site.educa.madrid.org\/eoi.jesusmaestro.madrid\/\/wp-content\/uploads\/eoi.jesusmaestro.madrid\/2022\/05\/EOI-JM-Madrid-23-OSC-100x64.jpg 100w\" sizes=\"auto, (max-width: 706px) 89vw, (max-width: 767px) 82vw, 740px\" alt=\"EOI JM alumnos del centro\" \t\tclass=\"so-widget-image\"\/>\n\t<\/div>\n\n<\/div><\/div><div id=\"panel-870-2-1-1\" class=\"so-panel widget widget_sow-headline panel-last-child\" data-index=\"8\" ><div class=\"panel-widget-style panel-widget-style-for-870-2-1-1\" ><div\n\t\t\t\n\t\t\tclass=\"so-widget-sow-headline so-widget-sow-headline-default-8035dbc006b3-870\"\n\t\t\t\n\t\t><div class=\"sow-headline-container \">\n\t\t\t\t\t\t\t<h3 class=\"sow-headline\">\n\t\t\t\t\t\tPR\u00c1CTICAS EN EOI JM<br \/>Formaci\u00f3n\t\t\t\t\t\t<\/h3>\n\t\t\t\t\t\t\t\t\t\t\t<div class=\"decoration\">\n\t\t\t\t\t\t<div class=\"decoration-inside\"><\/div>\n\t\t\t\t\t<\/div>\n\t\t\t\t\t\t\t\t\t\t\t<h5 class=\"sow-sub-headline\">\n\t\t\t\t\t\t\t\t\t\t\t\t\t<a href=\"https:\/\/site.educa.madrid.org\/eoi.jesusmaestro.madrid\/index.php\/colaboracion-y-proyectos\/\" >\n\t\t\t\t\t\t\t\t+info<\/a>\t\t\t\t\t\t<\/h5>\n\t\t\t\t\t\t<\/div>\n<\/div><\/div><\/div><\/div><div id=\"pgc-870-2-2\"  class=\"panel-grid-cell\" ><div id=\"panel-870-2-2-0\" class=\"so-panel widget widget_sow-image panel-first-child\" data-index=\"9\" ><div\n\t\t\t\n\t\t\tclass=\"so-widget-sow-image so-widget-sow-image-default-8b5b6f678277-870\"\n\t\t\t\n\t\t>\n\n<div class=\"sow-image-container\">\n\t\t<img loading=\"lazy\" decoding=\"async\" src=\"https:\/\/site.educa.madrid.org\/eoi.jesusmaestro.madrid\/\/wp-content\/uploads\/eoi.jesusmaestro.madrid\/2022\/07\/EOI-JM-Madrid-09-e1656955472780.jpg\" width=\"500\" height=\"375\" sizes=\"auto, (max-width: 500px) 100vw, 500px\" title=\"EOI-JM-Madrid-09\" alt=\"\" \t\tclass=\"so-widget-image\"\/>\n\t<\/div>\n\n<\/div><\/div><div id=\"panel-870-2-2-1\" class=\"so-panel widget widget_sow-headline panel-last-child\" data-index=\"10\" ><div class=\"panel-widget-style panel-widget-style-for-870-2-2-1\" ><div\n\t\t\t\n\t\t\tclass=\"so-widget-sow-headline so-widget-sow-headline-default-b30361cf1316-870\"\n\t\t\t\n\t\t><div class=\"sow-headline-container \">\n\t\t\t\t\t\t\t<h3 class=\"sow-headline\">\n\t\t\t\t\t\tINTERCAMBIOS<br \/>Colaboraci\u00f3n\t\t\t\t\t\t<\/h3>\n\t\t\t\t\t\t\t\t\t\t\t<div class=\"decoration\">\n\t\t\t\t\t\t<div class=\"decoration-inside\"><\/div>\n\t\t\t\t\t<\/div>\n\t\t\t\t\t\t\t\t\t\t\t<h5 class=\"sow-sub-headline\">\n\t\t\t\t\t\t\t\t\t\t\t\t\t<a href=\"https:\/\/site.educa.madrid.org\/eoi.jesusmaestro.madrid\/index.php\/intercambios\/\" >\n\t\t\t\t\t\t\t\t+info<\/a>\t\t\t\t\t\t<\/h5>\n\t\t\t\t\t\t<\/div>\n<\/div><\/div><\/div><\/div><div id=\"pgc-870-2-3\"  class=\"panel-grid-cell panel-grid-cell-mobile-last\" ><div id=\"panel-870-2-3-0\" class=\"so-panel widget widget_sow-image panel-first-child\" data-index=\"11\" ><div\n\t\t\t\n\t\t\tclass=\"so-widget-sow-image so-widget-sow-image-default-8b5b6f678277-870\"\n\t\t\t\n\t\t>\n\n<div class=\"sow-image-container\">\n\t\t<img loading=\"lazy\" decoding=\"async\" src=\"https:\/\/site.educa.madrid.org\/eoi.jesusmaestro.madrid\/\/wp-content\/uploads\/eoi.jesusmaestro.madrid\/2022\/06\/JM-EN-LOS-MEDIOS.jpg\" width=\"573\" height=\"353\" srcset=\"https:\/\/site.educa.madrid.org\/eoi.jesusmaestro.madrid\/\/wp-content\/uploads\/eoi.jesusmaestro.madrid\/2022\/06\/JM-EN-LOS-MEDIOS.jpg 573w, https:\/\/site.educa.madrid.org\/eoi.jesusmaestro.madrid\/\/wp-content\/uploads\/eoi.jesusmaestro.madrid\/2022\/06\/JM-EN-LOS-MEDIOS-300x185.jpg 300w, https:\/\/site.educa.madrid.org\/eoi.jesusmaestro.madrid\/\/wp-content\/uploads\/eoi.jesusmaestro.madrid\/2022\/06\/JM-EN-LOS-MEDIOS-520x320.jpg 520w, https:\/\/site.educa.madrid.org\/eoi.jesusmaestro.madrid\/\/wp-content\/uploads\/eoi.jesusmaestro.madrid\/2022\/06\/JM-EN-LOS-MEDIOS-360x222.jpg 360w, https:\/\/site.educa.madrid.org\/eoi.jesusmaestro.madrid\/\/wp-content\/uploads\/eoi.jesusmaestro.madrid\/2022\/06\/JM-EN-LOS-MEDIOS-250x154.jpg 250w, https:\/\/site.educa.madrid.org\/eoi.jesusmaestro.madrid\/\/wp-content\/uploads\/eoi.jesusmaestro.madrid\/2022\/06\/JM-EN-LOS-MEDIOS-100x62.jpg 100w\" sizes=\"auto, (max-width: 573px) 100vw, 573px\" alt=\"EOI JM presencia en los medios\" \t\tclass=\"so-widget-image\"\/>\n\t<\/div>\n\n<\/div><\/div><div id=\"panel-870-2-3-1\" class=\"so-panel widget widget_sow-headline panel-last-child\" data-index=\"12\" ><div class=\"panel-widget-style panel-widget-style-for-870-2-3-1\" ><div\n\t\t\t\n\t\t\tclass=\"so-widget-sow-headline so-widget-sow-headline-default-8035dbc006b3-870\"\n\t\t\t\n\t\t><div class=\"sow-headline-container \">\n\t\t\t\t\t\t\t<h3 class=\"sow-headline\">\n\t\t\t\t\t\tJM EN LOS MEDIOS<br \/>Difusi\u00f3n\t\t\t\t\t\t<\/h3>\n\t\t\t\t\t\t\t\t\t\t\t<div class=\"decoration\">\n\t\t\t\t\t\t<div class=\"decoration-inside\"><\/div>\n\t\t\t\t\t<\/div>\n\t\t\t\t\t\t\t\t\t\t\t<h5 class=\"sow-sub-headline\">\n\t\t\t\t\t\t\t\t\t\t\t\t\t<a href=\"https:\/\/site.educa.madrid.org\/eoi.jesusmaestro.madrid\/index.php\/colaboracion-y-proyectos\/\" >\n\t\t\t\t\t\t\t\t+info<\/a>\t\t\t\t\t\t<\/h5>\n\t\t\t\t\t\t<\/div>\n<\/div><\/div><\/div><\/div><div id=\"pgc-870-2-4\"  class=\"panel-grid-cell panel-grid-cell-empty\" ><\/div><\/div><\/div><div id=\"pg-870-3\"  class=\"panel-grid panel-has-style\" ><div class=\"panel-row-style panel-row-style-for-870-3\" ><div id=\"pgc-870-3-0\"  class=\"panel-grid-cell panel-grid-cell-empty\" ><\/div><div id=\"pgc-870-3-1\"  class=\"panel-grid-cell\" ><div id=\"panel-870-3-1-0\" class=\"so-panel widget widget_sow-image panel-first-child panel-last-child\" data-index=\"13\" ><div\n\t\t\t\n\t\t\tclass=\"so-widget-sow-image so-widget-sow-image-default-113ccd71f3e6-870\"\n\t\t\t\n\t\t>\n\n<div class=\"sow-image-container\">\n\t\t\t<a href=\"http:\/\/www.erasmusplus.gob.es\/\"\n\t\t\ttarget=\"_blank\" rel=\"noopener noreferrer\" \t\t>\n\t\t\t<img loading=\"lazy\" decoding=\"async\" src=\"https:\/\/site.educa.madrid.org\/eoi.jesusmaestro.madrid\/\/wp-content\/uploads\/eoi.jesusmaestro.madrid\/2022\/11\/es_cofinanciado_por_la_union_europea_pos.png\" width=\"8493\" height=\"1780\" srcset=\"https:\/\/site.educa.madrid.org\/eoi.jesusmaestro.madrid\/\/wp-content\/uploads\/eoi.jesusmaestro.madrid\/2022\/11\/es_cofinanciado_por_la_union_europea_pos.png 8493w, https:\/\/site.educa.madrid.org\/eoi.jesusmaestro.madrid\/\/wp-content\/uploads\/eoi.jesusmaestro.madrid\/2022\/11\/es_cofinanciado_por_la_union_europea_pos-300x63.png 300w, https:\/\/site.educa.madrid.org\/eoi.jesusmaestro.madrid\/\/wp-content\/uploads\/eoi.jesusmaestro.madrid\/2022\/11\/es_cofinanciado_por_la_union_europea_pos-1024x215.png 1024w, https:\/\/site.educa.madrid.org\/eoi.jesusmaestro.madrid\/\/wp-content\/uploads\/eoi.jesusmaestro.madrid\/2022\/11\/es_cofinanciado_por_la_union_europea_pos-768x161.png 768w, https:\/\/site.educa.madrid.org\/eoi.jesusmaestro.madrid\/\/wp-content\/uploads\/eoi.jesusmaestro.madrid\/2022\/11\/es_cofinanciado_por_la_union_europea_pos-1536x322.png 1536w, https:\/\/site.educa.madrid.org\/eoi.jesusmaestro.madrid\/\/wp-content\/uploads\/eoi.jesusmaestro.madrid\/2022\/11\/es_cofinanciado_por_la_union_europea_pos-2048x429.png 2048w, https:\/\/site.educa.madrid.org\/eoi.jesusmaestro.madrid\/\/wp-content\/uploads\/eoi.jesusmaestro.madrid\/2022\/11\/es_cofinanciado_por_la_union_europea_pos-700x147.png 700w, https:\/\/site.educa.madrid.org\/eoi.jesusmaestro.madrid\/\/wp-content\/uploads\/eoi.jesusmaestro.madrid\/2022\/11\/es_cofinanciado_por_la_union_europea_pos-520x109.png 520w, https:\/\/site.educa.madrid.org\/eoi.jesusmaestro.madrid\/\/wp-content\/uploads\/eoi.jesusmaestro.madrid\/2022\/11\/es_cofinanciado_por_la_union_europea_pos-360x75.png 360w, https:\/\/site.educa.madrid.org\/eoi.jesusmaestro.madrid\/\/wp-content\/uploads\/eoi.jesusmaestro.madrid\/2022\/11\/es_cofinanciado_por_la_union_europea_pos-250x52.png 250w, https:\/\/site.educa.madrid.org\/eoi.jesusmaestro.madrid\/\/wp-content\/uploads\/eoi.jesusmaestro.madrid\/2022\/11\/es_cofinanciado_por_la_union_europea_pos-100x21.png 100w\" sizes=\"auto, (max-width: 706px) 89vw, (max-width: 767px) 82vw, 740px\" alt=\"\" \t\tclass=\"so-widget-image\"\/>\n\t<\/a><\/div>\n\n<\/div><\/div><\/div><div id=\"pgc-870-3-2\"  class=\"panel-grid-cell panel-grid-cell-empty\" ><\/div><div id=\"pgc-870-3-3\"  class=\"panel-grid-cell panel-grid-cell-mobile-last\" ><div id=\"panel-870-3-3-0\" class=\"so-panel widget widget_sow-image panel-first-child panel-last-child\" data-index=\"14\" ><div\n\t\t\t\n\t\t\tclass=\"so-widget-sow-image so-widget-sow-image-default-8b5b6f678277-870\"\n\t\t\t\n\t\t>\n\n<div class=\"sow-image-container\">\n\t\t<img loading=\"lazy\" decoding=\"async\" src=\"https:\/\/site.educa.madrid.org\/eoi.jesusmaestro.madrid\/\/wp-content\/uploads\/eoi.jesusmaestro.madrid\/2022\/03\/EOI-Mas-de-100-anos.png\" width=\"365\" height=\"70\" srcset=\"https:\/\/site.educa.madrid.org\/eoi.jesusmaestro.madrid\/\/wp-content\/uploads\/eoi.jesusmaestro.madrid\/2022\/03\/EOI-Mas-de-100-anos.png 365w, https:\/\/site.educa.madrid.org\/eoi.jesusmaestro.madrid\/\/wp-content\/uploads\/eoi.jesusmaestro.madrid\/2022\/03\/EOI-Mas-de-100-anos-300x58.png 300w\" sizes=\"auto, (max-width: 365px) 100vw, 365px\" title=\"EOI-M\u00e1s-de-100-a\u00f1os\" alt=\"\" \t\tclass=\"so-widget-image\"\/>\n\t<\/div>\n\n<\/div><\/div><\/div><div id=\"pgc-870-3-4\"  class=\"panel-grid-cell panel-grid-cell-empty\" ><\/div><\/div><\/div><\/div>","protected":false},"excerpt":{"rendered":"<p>Esta secci\u00f3n est\u00e1 en camino En breve activaremos los enlaces y os daremos todos los detalles sobre las iniciativas de colaboraci\u00f3n en las que participamos<\/p>\n","protected":false},"author":7,"featured_media":0,"parent":0,"menu_order":0,"comment_status":"closed","ping_status":"closed","template":"rttpg_full_width","meta":{"footnotes":""},"folder":[],"class_list":["post-870","page","type-page","status-publish","hentry"],"rttpg_featured_image_url":null,"rttpg_author":{"display_name":"Javier Mu\u00f1oz","author_link":"https:\/\/site.educa.madrid.org\/eoi.jesusmaestro.madrid\/index.php\/author\/javier_muoz\/"},"rttpg_comment":0,"rttpg_category":false,"rttpg_excerpt":"Esta secci\u00f3n est\u00e1 en camino En breve activaremos los enlaces y os daremos todos los detalles sobre las iniciativas de colaboraci\u00f3n en las que participamos","post_mailing_queue_ids":[],"_links":{"self":[{"href":"https:\/\/site.educa.madrid.org\/eoi.jesusmaestro.madrid\/index.php\/wp-json\/wp\/v2\/pages\/870","targetHints":{"allow":["GET"]}}],"collection":[{"href":"https:\/\/site.educa.madrid.org\/eoi.jesusmaestro.madrid\/index.php\/wp-json\/wp\/v2\/pages"}],"about":[{"href":"https:\/\/site.educa.madrid.org\/eoi.jesusmaestro.madrid\/index.php\/wp-json\/wp\/v2\/types\/page"}],"author":[{"embeddable":true,"href":"https:\/\/site.educa.madrid.org\/eoi.jesusmaestro.madrid\/index.php\/wp-json\/wp\/v2\/users\/7"}],"replies":[{"embeddable":true,"href":"https:\/\/site.educa.madrid.org\/eoi.jesusmaestro.madrid\/index.php\/wp-json\/wp\/v2\/comments?post=870"}],"version-history":[{"count":50,"href":"https:\/\/site.educa.madrid.org\/eoi.jesusmaestro.madrid\/index.php\/wp-json\/wp\/v2\/pages\/870\/revisions"}],"predecessor-version":[{"id":13100,"href":"https:\/\/site.educa.madrid.org\/eoi.jesusmaestro.madrid\/index.php\/wp-json\/wp\/v2\/pages\/870\/revisions\/13100"}],"wp:attachment":[{"href":"https:\/\/site.educa.madrid.org\/eoi.jesusmaestro.madrid\/index.php\/wp-json\/wp\/v2\/media?parent=870"}],"wp:term":[{"taxonomy":"folder","embeddable":true,"href":"https:\/\/site.educa.madrid.org\/eoi.jesusmaestro.madrid\/index.php\/wp-json\/wp\/v2\/folder?post=870"}],"curies":[{"name":"wp","href":"https:\/\/api.w.org\/{rel}","templated":true}]}}