{"id":110,"date":"2022-07-21T12:23:29","date_gmt":"2022-07-21T10:23:29","guid":{"rendered":"https:\/\/site.educa.madrid.org\/centro.nuevadinamicas07\/?page_id=110"},"modified":"2023-03-05T19:51:07","modified_gmt":"2023-03-05T18:51:07","slug":"planes-y-proyectos","status":"publish","type":"page","link":"https:\/\/site.educa.madrid.org\/eoi.moratalaz.madrid\/index.php\/planes-y-proyectos\/","title":{"rendered":"Planes y proyectos"},"content":{"rendered":"\n<p class=\"has-drop-cap has-white-color has-text-color has-background\" style=\"background-color:#00754a\">Tanto el funcionamiento interno de nuestro centro como el de toda la comunidad educativa se describen en diferentes documentos que determinan nuestra <strong>identidad<\/strong>, nuestros <strong>objetivos<\/strong>, nuestras <strong>normas de convivencia <\/strong>y de <strong>organizaci\u00f3n<\/strong>.<\/p>\n\n\n<div id=\"pl-gb110-6a039480dbd16\"  class=\"panel-layout\" ><div id=\"pg-gb110-6a039480dbd16-0\"  class=\"panel-grid panel-no-style\"  data-style=\"{&quot;background_image_attachment&quot;:false,&quot;background_display&quot;:&quot;tile&quot;,&quot;full_height&quot;:&quot;&quot;,&quot;cell_alignment&quot;:&quot;flex-start&quot;,&quot;link_overlay_new_window&quot;:&quot;&quot;}\"  data-ratio=\"1\"  data-ratio-direction=\"right\" ><div id=\"pgc-gb110-6a039480dbd16-0-0\"  class=\"panel-grid-cell\"  data-weight=\"0.33333333333333\" ><div id=\"panel-gb110-6a039480dbd16-0-0-0\" class=\"so-panel widget widget_media_image panel-first-child panel-last-child\" data-index=\"0\" data-style=\"{&quot;background_image_attachment&quot;:false,&quot;background_display&quot;:&quot;tile&quot;,&quot;link_overlay_new_window&quot;:&quot;&quot;}\" ><h3 class=\"widget-title\">Erasmus +<\/h3><a href=\"https:\/\/site.educa.madrid.org\/eoi.moratalaz.madrid\/index.php\/erasmus\/\"><img loading=\"lazy\" decoding=\"async\" width=\"300\" height=\"171\" src=\"https:\/\/site.educa.madrid.org\/eoi.moratalaz.madrid\/\/wp-content\/uploads\/eoi.moratalaz.madrid\/2023\/02\/erasmus--300x171.png\" class=\"image wp-image-409  attachment-medium size-medium\" alt=\"\" style=\"max-width: 100%; height: auto;\" srcset=\"https:\/\/site.educa.madrid.org\/eoi.moratalaz.madrid\/\/wp-content\/uploads\/eoi.moratalaz.madrid\/2023\/02\/erasmus--300x171.png 300w, https:\/\/site.educa.madrid.org\/eoi.moratalaz.madrid\/\/wp-content\/uploads\/eoi.moratalaz.madrid\/2023\/02\/erasmus-.png 344w\" sizes=\"auto, (max-width: 300px) 100vw, 300px\" \/><\/a><\/div><\/div><div id=\"pgc-gb110-6a039480dbd16-0-1\"  class=\"panel-grid-cell\"  data-weight=\"0.33333333333333\" ><div id=\"panel-gb110-6a039480dbd16-0-1-0\" class=\"so-panel widget widget_media_image panel-first-child panel-last-child\" data-index=\"1\" data-style=\"{&quot;background_image_attachment&quot;:false,&quot;background_display&quot;:&quot;tile&quot;,&quot;link_overlay_new_window&quot;:&quot;&quot;}\" ><h3 class=\"widget-title\">Plan Digital de Centro<\/h3><a href=\"http:\/\/bit.ly\/3ZzFB7m\"><img loading=\"lazy\" decoding=\"async\" width=\"300\" height=\"174\" src=\"https:\/\/site.educa.madrid.org\/eoi.moratalaz.madrid\/\/wp-content\/uploads\/eoi.moratalaz.madrid\/2023\/02\/plan-digital-de-centro-300x174.png\" class=\"image wp-image-410  attachment-medium size-medium\" alt=\"\" style=\"max-width: 100%; height: auto;\" srcset=\"https:\/\/site.educa.madrid.org\/eoi.moratalaz.madrid\/\/wp-content\/uploads\/eoi.moratalaz.madrid\/2023\/02\/plan-digital-de-centro-300x174.png 300w, https:\/\/site.educa.madrid.org\/eoi.moratalaz.madrid\/\/wp-content\/uploads\/eoi.moratalaz.madrid\/2023\/02\/plan-digital-de-centro.png 592w\" sizes=\"auto, (max-width: 300px) 100vw, 300px\" \/><\/a><\/div><\/div><div id=\"pgc-gb110-6a039480dbd16-0-2\"  class=\"panel-grid-cell\"  data-weight=\"0.33333333333333\" ><div id=\"panel-gb110-6a039480dbd16-0-2-0\" class=\"so-panel widget widget_media_image panel-first-child panel-last-child\" data-index=\"2\" data-style=\"{&quot;background_image_attachment&quot;:false,&quot;background_display&quot;:&quot;tile&quot;,&quot;link_overlay_new_window&quot;:&quot;&quot;}\" ><h3 class=\"widget-title\">Plan de Convivencia<\/h3><a href=\"http:\/\/cloud.educa.madrid.org\/index.php\/s\/dUr7y1ICYv0yWA7\" rel=\"httpcloudeducamadridorgindexphpsdUr7y1ICYv0yWA7\"><img loading=\"lazy\" decoding=\"async\" width=\"290\" height=\"174\" src=\"https:\/\/site.educa.madrid.org\/eoi.moratalaz.madrid\/\/wp-content\/uploads\/eoi.moratalaz.madrid\/2023\/03\/CONVIVENCIA.jpg\" class=\"image wp-image-605  attachment-full size-full\" alt=\"\" style=\"max-width: 100%; height: auto;\" title=\"Plan de Convivencia\" \/><\/a><\/div><\/div><\/div><\/div>\n\n\n<p class=\"has-text-align-left\">La EOI de Madrid-Moratalaz est\u00e1 convencida de su internacionalizaci\u00f3n como objetivo de su proyecto como espacio europeo que favorece la educaci\u00f3n de las personas adultas<\/p>\n\n\n\n<p>Asimismo, la escuela posee su propio Plan Digital de Centro y su Plan de Convivencia destinados a la educaci\u00f3n digital y de valores y de respeto tal y como prescribe la Comunidad de Madrid al respecto. <\/p>\n\n\n\n<h2 class=\"has-text-color wp-block-heading\" style=\"color:#00754a\"><strong>PLAN DE CONVIVENCIA<\/strong><\/h2>\n\n\n\n<p>La EOI Madrid &#8211; Moratalaz y Extensi\u00f3n Puente de Vallecas quiere ser un centro cercano, al<br>servicio de los vecinos de los barrios de Moratalaz y Vallecas y alrededores, as\u00ed como de todos aquellos ciudadanos interesados en nuestras ense\u00f1anzas. Es nuestra intenci\u00f3n ofrecer siempre un trato correcto y cordial con las personas, dando informaci\u00f3n que intenta ser clara, sencilla y \u00fatil.<\/p>\n\n\n\n<p>Aspiramos a ser un centro en el que se valore el conocimiento, as\u00ed como el esfuerzo y<br>disciplina que supone adquirir dicho conocimiento de las lenguas extranjeras y su cultura.<\/p>\n\n\n\n<p>Entendemos que la convivencia se sostiene sobre una base de verdad y honestidad de todos los miembros que componen nuestra comunidad. Solo a trav\u00e9s de la honestidad en las relaciones, en el ejercicio de nuestra labor, sea \u00e9sta como docentes o como alumnosespecialmente en lo referente a ex\u00e1menes y trabajos acad\u00e9micos-, se construye una verdadera convivencia.<\/p>\n\n\n\n<p>Queremos ser un centro abierto a colaborar con otras instituciones, empresas y colectivos del entorno, as\u00ed como promover actividades culturales que incidan en las relaciones de tolerancia y solidaridad en un entorno democr\u00e1tico.<\/p>\n","protected":false},"excerpt":{"rendered":"<p>Tanto el funcionamiento interno de nuestro centro como el de toda la comunidad educativa se describen en diferentes documentos que determinan nuestra identidad, nuestros objetivos, nuestras normas de convivencia y &#8230;<\/p>\n","protected":false},"author":4,"featured_media":0,"parent":0,"menu_order":0,"comment_status":"closed","ping_status":"closed","template":"","meta":{"footnotes":""},"folder":[35],"class_list":["post-110","page","type-page","status-publish","hentry"],"rttpg_featured_image_url":null,"rttpg_author":{"display_name":"Cuenta Admin-educamadrid","author_link":"https:\/\/site.educa.madrid.org\/eoi.moratalaz.madrid\/index.php\/author\/cuenta_admin-educamadrid\/"},"rttpg_comment":0,"rttpg_category":" <a href=\"https:\/\/site.educa.madrid.org\/eoi.moratalaz.madrid\/?taxonomy=folder&#038;term=borradores\" rel=\"tag\">BORRADORES<\/a>","rttpg_excerpt":"Tanto el funcionamiento interno de nuestro centro como el de toda la comunidad educativa se describen en diferentes documentos que determinan nuestra identidad, nuestros objetivos, nuestras normas de convivencia y ...","post_mailing_queue_ids":[],"_links":{"self":[{"href":"https:\/\/site.educa.madrid.org\/eoi.moratalaz.madrid\/index.php\/wp-json\/wp\/v2\/pages\/110","targetHints":{"allow":["GET"]}}],"collection":[{"href":"https:\/\/site.educa.madrid.org\/eoi.moratalaz.madrid\/index.php\/wp-json\/wp\/v2\/pages"}],"about":[{"href":"https:\/\/site.educa.madrid.org\/eoi.moratalaz.madrid\/index.php\/wp-json\/wp\/v2\/types\/page"}],"author":[{"embeddable":true,"href":"https:\/\/site.educa.madrid.org\/eoi.moratalaz.madrid\/index.php\/wp-json\/wp\/v2\/users\/4"}],"replies":[{"embeddable":true,"href":"https:\/\/site.educa.madrid.org\/eoi.moratalaz.madrid\/index.php\/wp-json\/wp\/v2\/comments?post=110"}],"version-history":[{"count":21,"href":"https:\/\/site.educa.madrid.org\/eoi.moratalaz.madrid\/index.php\/wp-json\/wp\/v2\/pages\/110\/revisions"}],"predecessor-version":[{"id":639,"href":"https:\/\/site.educa.madrid.org\/eoi.moratalaz.madrid\/index.php\/wp-json\/wp\/v2\/pages\/110\/revisions\/639"}],"wp:attachment":[{"href":"https:\/\/site.educa.madrid.org\/eoi.moratalaz.madrid\/index.php\/wp-json\/wp\/v2\/media?parent=110"}],"wp:term":[{"taxonomy":"folder","embeddable":true,"href":"https:\/\/site.educa.madrid.org\/eoi.moratalaz.madrid\/index.php\/wp-json\/wp\/v2\/folder?post=110"}],"curies":[{"name":"wp","href":"https:\/\/api.w.org\/{rel}","templated":true}]}}