{"id":118,"date":"2022-07-21T12:23:30","date_gmt":"2022-07-21T10:23:30","guid":{"rendered":"https:\/\/site.educa.madrid.org\/centro.nuevadinamicas07\/?page_id=118"},"modified":"2026-04-28T21:48:32","modified_gmt":"2026-04-28T19:48:32","slug":"proceso-de-admision","status":"publish","type":"page","link":"https:\/\/site.educa.madrid.org\/eoi.moratalaz.madrid\/index.php\/proceso-de-admision\/","title":{"rendered":"Proceso de admisi\u00f3n 23 24"},"content":{"rendered":"\n<h2 class=\"wp-block-heading has-text-align-center\"><strong>TRAM\u00cdTE FINALIZADO<\/strong><\/h2>\n\n\n\n<h1 class=\"wp-block-heading has-text-align-center has-text-color\" style=\"color:#045d98\">Admisi\u00f3n curso 2024 &#8211; 2025&nbsp;<\/h1>\n\n\n\n<p class=\"has-text-align-right\">Publicado 06\/04\/2024 <\/p>\n\n\n\n<p class=\"has-text-align-left has-very-light-gray-to-cyan-bluish-gray-gradient-background has-background\"><a rel=\"noopener\" href=\"https:\/\/www.bocm.es\/boletin\/CM_Orden_BOCM\/2024\/04\/04\/BOCM-20240404-31.PDF\" target=\"_blank\"><strong>RESOLUCI\u00d3N de 19 de marzo de 2024, de la Direcci\u00f3n General de Educaci\u00f3n&nbsp;Secundaria, Formaci\u00f3n Profesional y R\u00e9gimen Especial, por la que se determinan los plazos de acceso, admisi\u00f3n y matr\u00edcula de alumnos de nuevo ingreso para el curso 2024-2025 en las Escuelas Oficiales de Idiomas de la Comunidad de Madrid.<\/strong><\/a><\/p>\n\n\n\n<p class=\"has-text-align-center has-black-color has-light-green-cyan-background-color has-text-color has-background has-medium-font-size\"><strong>La solicitud de admisi\u00f3n a estas ense\u00f1anzas se realiza a trav\u00e9s del sistema integral de gesti\u00f3n educativa Ra\u00edces, cumplimentando el correspondiente impreso de solicitud: <a rel=\"noreferrer noopener\" href=\"https:\/\/raices.madrid.org\/secretariavirtual\/\" target=\"_blank\">https:\/\/raices.madrid.org\/secretariavirtual\/<\/a><\/strong><\/p>\n\n\n\n<p class=\"has-pale-cyan-blue-background-color has-background\">Plazo&nbsp;de presentaci\u00f3n de solicitudes para la&nbsp;<strong>prueba de clasificaci\u00f3n<\/strong>:&nbsp;Del<strong>&nbsp;29 de abril al 3 de junio&nbsp;de 2024<\/strong>, ambas fechas inclusive.<\/p>\n\n\n\n<p class=\"has-pale-cyan-blue-background-color has-background\">Plazo de presentaci\u00f3n de solicitudes para la admisi\u00f3n&nbsp;a las ense\u00f1anzas:&nbsp;Del<strong>&nbsp;6 al 21 de junio&nbsp;de 2024, <\/strong>ambas fechas inclusive.<\/p>\n","protected":false},"excerpt":{"rendered":"<p>TRAM\u00cdTE FINALIZADO Admisi\u00f3n curso 2024 &#8211; 2025&nbsp; Publicado 06\/04\/2024 RESOLUCI\u00d3N de 19 de marzo de 2024, de la Direcci\u00f3n General de Educaci\u00f3n&nbsp;Secundaria, Formaci\u00f3n Profesional y R\u00e9gimen Especial, por la que &#8230;<\/p>\n","protected":false},"author":4,"featured_media":0,"parent":0,"menu_order":0,"comment_status":"closed","ping_status":"closed","template":"","meta":{"footnotes":""},"folder":[48],"class_list":["post-118","page","type-page","status-publish","hentry"],"rttpg_featured_image_url":null,"rttpg_author":{"display_name":"Cuenta Admin-educamadrid","author_link":"https:\/\/site.educa.madrid.org\/eoi.moratalaz.madrid\/index.php\/author\/cuenta_admin-educamadrid\/"},"rttpg_comment":0,"rttpg_category":" <a href=\"https:\/\/site.educa.madrid.org\/eoi.moratalaz.madrid\/?taxonomy=folder&#038;term=2024-2025-antiguos-quitados-1757003067-7\" rel=\"tag\">2024 2025 antiguos quitados<\/a>","rttpg_excerpt":"TRAM\u00cdTE FINALIZADO Admisi\u00f3n curso 2024 &#8211; 2025&nbsp; Publicado 06\/04\/2024 RESOLUCI\u00d3N de 19 de marzo de 2024, de la Direcci\u00f3n General de Educaci\u00f3n&nbsp;Secundaria, Formaci\u00f3n Profesional y R\u00e9gimen Especial, por la que ...","post_mailing_queue_ids":[],"_links":{"self":[{"href":"https:\/\/site.educa.madrid.org\/eoi.moratalaz.madrid\/index.php\/wp-json\/wp\/v2\/pages\/118","targetHints":{"allow":["GET"]}}],"collection":[{"href":"https:\/\/site.educa.madrid.org\/eoi.moratalaz.madrid\/index.php\/wp-json\/wp\/v2\/pages"}],"about":[{"href":"https:\/\/site.educa.madrid.org\/eoi.moratalaz.madrid\/index.php\/wp-json\/wp\/v2\/types\/page"}],"author":[{"embeddable":true,"href":"https:\/\/site.educa.madrid.org\/eoi.moratalaz.madrid\/index.php\/wp-json\/wp\/v2\/users\/4"}],"replies":[{"embeddable":true,"href":"https:\/\/site.educa.madrid.org\/eoi.moratalaz.madrid\/index.php\/wp-json\/wp\/v2\/comments?post=118"}],"version-history":[{"count":9,"href":"https:\/\/site.educa.madrid.org\/eoi.moratalaz.madrid\/index.php\/wp-json\/wp\/v2\/pages\/118\/revisions"}],"predecessor-version":[{"id":3549,"href":"https:\/\/site.educa.madrid.org\/eoi.moratalaz.madrid\/index.php\/wp-json\/wp\/v2\/pages\/118\/revisions\/3549"}],"wp:attachment":[{"href":"https:\/\/site.educa.madrid.org\/eoi.moratalaz.madrid\/index.php\/wp-json\/wp\/v2\/media?parent=118"}],"wp:term":[{"taxonomy":"folder","embeddable":true,"href":"https:\/\/site.educa.madrid.org\/eoi.moratalaz.madrid\/index.php\/wp-json\/wp\/v2\/folder?post=118"}],"curies":[{"name":"wp","href":"https:\/\/api.w.org\/{rel}","templated":true}]}}