{"id":1874,"date":"2024-10-21T14:31:53","date_gmt":"2024-10-21T14:31:53","guid":{"rendered":"https:\/\/www.eoimoratalaz.disercom.es\/?page_id=313"},"modified":"2026-04-28T18:31:47","modified_gmt":"2026-04-28T16:31:47","slug":"ensenanzas","status":"publish","type":"page","link":"https:\/\/site.educa.madrid.org\/eoi.moratalaz.madrid\/index.php\/ensenanzas\/","title":{"rendered":"Ense\u00f1anzas"},"content":{"rendered":"\n<div style=\"height:29px\" aria-hidden=\"true\" class=\"wp-block-spacer\"><\/div>\n\n\n\n<h3 class=\"wp-block-heading has-text-align-center has-vivid-cyan-blue-color has-text-color has-link-color wp-elements-f321728fdbe24c9f9ea2e502c0050b8d\">Idiomas y niveles<\/h3>\n\n\n\n<p class=\"has-text-align-right\">Actualizado 27 de mayo 2025<\/p>\n\n\n\n<figure class=\"wp-block-table is-style-stripes\"><table class=\"has-fixed-layout\"><tbody><tr><td><\/td><td class=\"has-text-align-center\" data-align=\"center\" colspan=\"2\">Nivel B\u00e1sico&nbsp;<\/td><td class=\"has-text-align-center\" data-align=\"center\" colspan=\"3\">Nivel Intermedio&nbsp;<\/td><td class=\"has-text-align-center\" data-align=\"center\" colspan=\"3\">Nivel Avanzado&nbsp;<\/td><\/tr><tr><td>Alem\u00e1n&nbsp;<\/td><td class=\"has-text-align-center\" data-align=\"center\"><strong>A1<\/strong><\/td><td class=\"has-text-align-center\" data-align=\"center\"><strong>A2<\/strong><\/td><td class=\"has-text-align-center\" data-align=\"center\"><strong>B1<\/strong><\/td><td class=\"has-text-align-center\" data-align=\"center\"><strong>B2.1<\/strong><\/td><td class=\"has-text-align-center\" data-align=\"center\"><strong>B2.2.<\/strong><\/td><td class=\"has-text-align-center\" data-align=\"center\"><\/td><td class=\"has-text-align-center\" data-align=\"center\"><\/td><td class=\"has-text-align-center\" data-align=\"center\"><\/td><\/tr><tr><td>Franc\u00e9s<\/td><td class=\"has-text-align-center\" data-align=\"center\"><strong>A1<\/strong><\/td><td class=\"has-text-align-center\" data-align=\"center\"><strong>A2<\/strong><\/td><td class=\"has-text-align-center\" data-align=\"center\"><strong>B1<\/strong><\/td><td class=\"has-text-align-center\" data-align=\"center\"><strong>B2.1<\/strong><\/td><td class=\"has-text-align-center\" data-align=\"center\"><strong>B2.2<\/strong><\/td><td class=\"has-text-align-center\" data-align=\"center\"><\/td><td class=\"has-text-align-center\" data-align=\"center\"><\/td><td class=\"has-text-align-center\" data-align=\"center\"><\/td><\/tr><tr><td>Ingl\u00e9s&nbsp;<\/td><td class=\"has-text-align-center\" data-align=\"center\"><strong>A1<\/strong><\/td><td class=\"has-text-align-center\" data-align=\"center\"><strong>A2<\/strong><\/td><td class=\"has-text-align-center\" data-align=\"center\"><strong>B1<\/strong><\/td><td class=\"has-text-align-center\" data-align=\"center\"><strong>B2.1<\/strong><\/td><td class=\"has-text-align-center\" data-align=\"center\"><strong>B2.2<\/strong><\/td><td class=\"has-text-align-center\" data-align=\"center\"><strong>C1<\/strong><\/td><td class=\"has-text-align-center\" data-align=\"center\"><strong>C2.1<\/strong><\/td><td class=\"has-text-align-center\" data-align=\"center\"><strong>C2.2<\/strong><\/td><\/tr><tr><td>Italiano&nbsp;<\/td><td class=\"has-text-align-center\" data-align=\"center\"><strong>A1<\/strong><\/td><td class=\"has-text-align-center\" data-align=\"center\"><strong>A2<\/strong><\/td><td class=\"has-text-align-center\" data-align=\"center\"><strong>B1<\/strong><\/td><td class=\"has-text-align-center\" data-align=\"center\"><strong>B2.1<\/strong><\/td><td class=\"has-text-align-center\" data-align=\"center\"><strong>B2.2<\/strong><\/td><td class=\"has-text-align-center\" data-align=\"center\"><strong>C1<\/strong><\/td><td class=\"has-text-align-center\" data-align=\"center\"><\/td><td class=\"has-text-align-center\" data-align=\"center\"><\/td><\/tr><\/tbody><\/table><\/figure>\n\n\n\n<h3 class=\"wp-block-heading has-text-align-center has-vivid-cyan-blue-color has-text-color has-link-color wp-elements-df9b15e569fbce983389a255972d7e8f\">Tipos de cursos y modalidades<\/h3>\n\n\n\n<p><strong>ENSE\u00d1ANZA REGLADA<\/strong><\/p>\n\n\n\n<p>Las EOI ofertan cursos desde el <strong>nivel b\u00e1sico (A2) hasta el nivel avanzado (C2)<\/strong>, divididos de la siguiente manera para la mayor\u00eda de los idiomas:<\/p>\n\n\n\n<p>Nivel A2, con una duraci\u00f3n de dos cursos. Curso A1 120 horas anuales &#8211; Curso A2 120 horas anuales<\/p>\n\n\n\n<p>Nivel B1, con una duraci\u00f3n de un curso. 135 horas anuales <\/p>\n\n\n\n<p>Nivel B2 con una duraci\u00f3n de dos cursos. Curso B2.1 135 horas anuales &#8211; Curso B2.2. 135 horas anuales <\/p>\n\n\n\n<p>Nivel C1, con una duraci\u00f3n de un curso. 135 horas anuales<\/p>\n\n\n\n<p>Nivel C2, con una duraci\u00f3n de dos cursos. Curso C2.1 120 horas anuales &#8211; Curso C2.2. 120 horas anuales<\/p>\n\n\n\n<p>Estos niveles se corresponden con los recogidos en el <a href=\"http:\/\/cvc.cervantes.es\/ensenanza\/biblioteca_ele\/marco\/cvc_mer.pdf\">Marco Com\u00fan de Referencia para las Lenguas<\/a>.<\/p>\n\n\n\n<p>Al finalizar cada nivel, los alumnos deben superar una prueba de certificaci\u00f3n para continuar al nivel superior. La superaci\u00f3n de esta prueba te permite obtener un t\u00edtulo oficial con validez en todo el territorio nacional y que no tiene fecha de caducidad.<\/p>\n\n\n\n<p><strong>ENSE\u00d1ANZA NO REGLADA<\/strong><\/p>\n\n\n\n<p>Las EOI ofertan tambi\u00e9n <strong>cursos de actualizaci\u00f3n y perfeccionamiento <\/strong>de diferentes niveles que permiten mejorar determinadas destrezas o adquirir habilidades ling\u00fc\u00edsticas dirigidas al desarrollo profesional. Esta oferta educativa se renueva cada curso acad\u00e9mico y la puedes consultar en la secci\u00f3n \u00ab<a href=\"https:\/\/www.comunidad.madrid\/servicios\/educacion\/ensenanzas-idiomas\">Donde estudiar<\/a>\u00ab. En el caso de que te interese alg\u00fan curso, debes dirigirte a la EOI que lo imparte.<\/p>\n\n\n\n<p><strong>MODALIDAD PRESENCIAL, SEMIPRESENCIAL Y A DISTANCIA<\/strong><\/p>\n\n\n\n<p>Los cursos se pueden organizar en <\/p>\n\n\n\n<p><strong>modalidad presencial,<\/strong> en la que las actividades lectivas se desarrollan \u00edntegramente en el aula; <\/p>\n\n\n\n<p><strong>modalidad semipresencial<\/strong>, con un m\u00e1ximo de 50% de actividades en el aula virtual;  <a href=\"https:\/\/sites.google.com\/educa.madrid.org\/eoi-moratalaz-semipresencialid\/inicio\">Semipresencialidad <\/a><\/p>\n\n\n\n<p><strong>modalidad a distancia<\/strong>, en la que los alumnos no tienen que asistir al centro, aunque cuenten con tutor\u00edas.<\/p>\n\n\n\n<div style=\"height:28px\" aria-hidden=\"true\" class=\"wp-block-spacer\"><\/div>\n\n\n\n<div class=\"wp-block-buttons is-content-justification-center is-layout-flex wp-container-core-buttons-is-layout-16018d1d wp-block-buttons-is-layout-flex\">\n<div class=\"wp-block-button\"><a class=\"wp-block-button__link has-vivid-cyan-blue-color has-luminous-vivid-amber-background-color has-text-color has-background has-link-color wp-element-button\" href=\"https:\/\/www.comunidad.madrid\/servicios\/educacion\/ensenanzas-idiomas#panel-33573\"><strong>Ense\u00f1anzas de idiomas en la Comunidad de Madrid<\/strong><\/a><\/div>\n<\/div>\n\n\n\n<div style=\"height:60px\" aria-hidden=\"true\" class=\"wp-block-spacer\"><\/div>\n","protected":false},"excerpt":{"rendered":"<p>Idiomas y niveles Actualizado 27 de mayo 2025 Nivel B\u00e1sico&nbsp; Nivel Intermedio&nbsp; Nivel Avanzado&nbsp; Alem\u00e1n&nbsp; A1 A2 B1 B2.1 B2.2. Franc\u00e9s A1 A2 B1 B2.1 B2.2 Ingl\u00e9s&nbsp; A1 A2 B1 &#8230;<\/p>\n","protected":false},"author":11,"featured_media":0,"parent":0,"menu_order":0,"comment_status":"closed","ping_status":"closed","template":"","meta":{"footnotes":""},"folder":[],"class_list":["post-1874","page","type-page","status-publish","hentry"],"rttpg_featured_image_url":null,"rttpg_author":{"display_name":"Cuenta Tic eoi extmoratalaz-ptevallecas madrid","author_link":"https:\/\/site.educa.madrid.org\/eoi.moratalaz.madrid\/index.php\/author\/cuenta_tic-eoi-extmoratalaz-ptevallecas-madrid\/"},"rttpg_comment":0,"rttpg_category":false,"rttpg_excerpt":"Idiomas y niveles Actualizado 27 de mayo 2025 Nivel B\u00e1sico&nbsp; Nivel Intermedio&nbsp; Nivel Avanzado&nbsp; Alem\u00e1n&nbsp; A1 A2 B1 B2.1 B2.2. Franc\u00e9s A1 A2 B1 B2.1 B2.2 Ingl\u00e9s&nbsp; A1 A2 B1 ...","post_mailing_queue_ids":[],"_links":{"self":[{"href":"https:\/\/site.educa.madrid.org\/eoi.moratalaz.madrid\/index.php\/wp-json\/wp\/v2\/pages\/1874","targetHints":{"allow":["GET"]}}],"collection":[{"href":"https:\/\/site.educa.madrid.org\/eoi.moratalaz.madrid\/index.php\/wp-json\/wp\/v2\/pages"}],"about":[{"href":"https:\/\/site.educa.madrid.org\/eoi.moratalaz.madrid\/index.php\/wp-json\/wp\/v2\/types\/page"}],"author":[{"embeddable":true,"href":"https:\/\/site.educa.madrid.org\/eoi.moratalaz.madrid\/index.php\/wp-json\/wp\/v2\/users\/11"}],"replies":[{"embeddable":true,"href":"https:\/\/site.educa.madrid.org\/eoi.moratalaz.madrid\/index.php\/wp-json\/wp\/v2\/comments?post=1874"}],"version-history":[{"count":4,"href":"https:\/\/site.educa.madrid.org\/eoi.moratalaz.madrid\/index.php\/wp-json\/wp\/v2\/pages\/1874\/revisions"}],"predecessor-version":[{"id":3526,"href":"https:\/\/site.educa.madrid.org\/eoi.moratalaz.madrid\/index.php\/wp-json\/wp\/v2\/pages\/1874\/revisions\/3526"}],"wp:attachment":[{"href":"https:\/\/site.educa.madrid.org\/eoi.moratalaz.madrid\/index.php\/wp-json\/wp\/v2\/media?parent=1874"}],"wp:term":[{"taxonomy":"folder","embeddable":true,"href":"https:\/\/site.educa.madrid.org\/eoi.moratalaz.madrid\/index.php\/wp-json\/wp\/v2\/folder?post=1874"}],"curies":[{"name":"wp","href":"https:\/\/api.w.org\/{rel}","templated":true}]}}