{"id":204,"date":"2024-09-03T06:48:46","date_gmt":"2024-09-03T06:48:46","guid":{"rendered":"https:\/\/www.eoimoratalaz.disercom.es\/?page_id=204"},"modified":"2025-05-21T20:00:00","modified_gmt":"2025-05-21T18:00:00","slug":"secretaria-3-2","status":"publish","type":"page","link":"https:\/\/site.educa.madrid.org\/eoi.moratalaz.madrid\/index.php\/secretaria-3-2\/","title":{"rendered":"Secretar\u00eda"},"content":{"rendered":"\n<div style=\"height:71px\" aria-hidden=\"true\" class=\"wp-block-spacer\"><\/div>\n\n\n\n<h3 class=\"wp-block-heading\">Horario de atenci\u00f3n<\/h3>\n\n\n\n<p>De lunes a viernes de 16:30 a 19:00<\/p>\n\n\n\n<p>Para concertar una visita y conocer nuestra escuela, pueden ponerse en contacto con nosotros en el n\u00famero de tel\u00e9fono&nbsp;<a href=\"tel:913711749\"><strong>91 371 17 49<\/strong><\/a> o mediante el correo electr\u00f3nico:<strong>&nbsp;<a href=\"mailto:secretaria.eoi.moratalaz.madrid@educa.madrid.org\">secretaria.eoi.moratalaz.madrid@educa.madrid.org<\/a><\/strong><\/p>\n\n\n\n<p><\/p>\n\n\n<div id=\"pl-gb204-6a0360fd84d21\"  class=\"panel-layout panel-layout\" ><div id=\"pg-gb204-6a0360fd84d21-0\"  class=\"panel-grid panel-no-style\" ><div id=\"pgc-gb204-6a0360fd84d21-0-0\"  class=\"panel-grid-cell\"  data-weight=\"1\" ><div id=\"panel-gb204-6a0360fd84d21-0-0-0\" class=\"so-panel widget widget_siteorigin-panels-builder panel-first-child panel-last-child\" data-index=\"0\" data-style=\"{&quot;background&quot;:&quot;#ffffff&quot;,&quot;background_image_attachment&quot;:false,&quot;background_display&quot;:&quot;tile&quot;,&quot;background_image_size&quot;:&quot;full&quot;,&quot;background_image_opacity&quot;:&quot;100&quot;,&quot;border_color&quot;:&quot;#ffffff&quot;,&quot;border_thickness&quot;:&quot;1px&quot;,&quot;link_overlay_new_window&quot;:&quot;&quot;}\" ><div class=\"panel-widget-style panel-widget-style-for-gb204-6a0360fd84d21-0-0-0\" ><div id=\"pl-w673d9e7931c06\"  class=\"panel-layout panel-layout\" ><div id=\"pg-w673d9e7931c06-0\"  class=\"panel-grid panel-has-style\"  data-style=\"{&quot;padding&quot;:&quot;65px 0px 85px 0px&quot;,&quot;background&quot;:&quot;#f9f9f9&quot;,&quot;background_image_attachment&quot;:false,&quot;background_display&quot;:&quot;tile&quot;,&quot;full_height&quot;:&quot;&quot;,&quot;row_stretch&quot;:&quot;full&quot;,&quot;cell_alignment&quot;:&quot;flex-start&quot;}\"  data-label=\"Features\" ><div class=\"siteorigin-panels-stretch panel-row-style panel-row-style-for-w673d9e7931c06-0\" data-stretch-type=\"full\" ><div id=\"pgc-w673d9e7931c06-0-0\"  class=\"panel-grid-cell\"  data-weight=\"1\" ><div id=\"panel-w673d9e7931c06-0-0-0\" class=\"so-panel widget widget_sow-features panel-first-child panel-last-child\" data-index=\"0\" data-style=\"{&quot;background_image_attachment&quot;:false,&quot;background_display&quot;:&quot;tile&quot;,&quot;background_image_size&quot;:&quot;full&quot;,&quot;background_image_opacity&quot;:&quot;100&quot;,&quot;border_thickness&quot;:&quot;1px&quot;}\" ><div\n\t\t\t\n\t\t\tclass=\"so-widget-sow-features so-widget-sow-features-default-830a5ee251aa\"\n\t\t\t\n\t\t>\n<div class=\"sow-features-list sow-features-responsive\">\n\n\t\t\t\t\t\t\t\t\t<div\n\t\t\t\tclass=\"sow-features-feature sow-icon-container-position-right\"\n\t\t\t\tstyle=\"display: flex; flex-direction: row; width: calc(50% - 25px);\"\n\t\t\t>\n\t\t\t\n\t\t\t\t\t\t\t\t<div\n\t\t\t\t\tclass=\"sow-icon-container sow-container-none\"\n\t\t\t\t\tstyle=\"color: ; \"\n\t\t\t\t\t\t\t\t\t>\n\t\t\t\t\t<span class=\"sow-icon-elegantline\" data-sow-icon=\"&#xe02b;\"\n\t\tstyle=\"font-size: 48px; color: #2d2d2d\" \n\t\taria-hidden=\"true\"><\/span>\t\t\t\t<\/div>\n\t\t\t\t\n\t\t\t\t<div class=\"textwidget\">\n\t\t\t\t\t\n\t\t\t\t\t\t\t\t\t\t\t<h5>\n\t\t\t\t\t\t\t\n\t\t\t\t\t\t\tTr\u00e1mites m\u00e1s comunes\t\t\t\t\t\t\t\t\t\t\t\t\t<\/h5>\n\t\t\t\t\t\n\t\t\t\t\t\t\t\t\t\t\t<p>Consulta los tr\u00e1mites m\u00e1s comunes que se tramitan en a trav\u00e9s de nuestra secretar\u00eda.<\/p>\n<p><strong><a href=\"https:\/\/site.educa.madrid.org\/eoi.moratalaz.madrid\/index.php\/tramites-administrativos\/\">ACCEDER<\/a><\/strong><\/p>\n\t\t\t\t\t\n\t\t\t\t\t\t\t\t\t<\/div>\n\t\t\t\t\t\t\t\t\n\t\t\t\t\t\t\t<\/div>\n\n\t\t\t\t\t\t\t\t<div\n\t\t\t\tclass=\"sow-features-feature sow-icon-container-position-right\"\n\t\t\t\tstyle=\"display: flex; flex-direction: row; width: calc(50% - 25px);\"\n\t\t\t>\n\t\t\t\n\t\t\t\t\t\t\t\t<div\n\t\t\t\t\tclass=\"sow-icon-container sow-container-none\"\n\t\t\t\t\tstyle=\"color: ; \"\n\t\t\t\t\t\t\t\t\t>\n\t\t\t\t\t<span class=\"sow-icon-ionicons\" data-sow-icon=\"&#xf4e1;\"\n\t\tstyle=\"font-size: 48px; color: #2d2d2d\" \n\t\taria-hidden=\"true\"><\/span>\t\t\t\t<\/div>\n\t\t\t\t\n\t\t\t\t<div class=\"textwidget\">\n\t\t\t\t\t\n\t\t\t\t\t\t\t\t\t\t\t<h5>\n\t\t\t\t\t\t\t\n\t\t\t\t\t\t\tTasas\t\t\t\t\t\t\t\t\t\t\t\t\t<\/h5>\n\t\t\t\t\t\n\t\t\t\t\t\t\t\t\t\t\t<p><a href=\"https:\/\/site.educa.madrid.org\/eoi.moratalaz.madrid\/index.php\/pago-de-tasas\/\">Consulta los c\u00f3digos y forma de pago<\/a><\/p>\n\t\t\t\t\t\n\t\t\t\t\t\t\t\t\t<\/div>\n\t\t\t\t\t\t\t\t\n\t\t\t\t\t\t\t<\/div>\n\n\t\t\t\t\t\t\t\t<div\n\t\t\t\tclass=\"sow-features-feature sow-icon-container-position-right\"\n\t\t\t\tstyle=\"display: flex; flex-direction: row; width: calc(50% - 25px);\"\n\t\t\t>\n\t\t\t\n\t\t\t\t\t\t\t\t<div\n\t\t\t\t\tclass=\"sow-icon-container sow-container-none\"\n\t\t\t\t\tstyle=\"color: ; \"\n\t\t\t\t\t\t\t\t\t>\n\t\t\t\t\t<span class=\"sow-icon-elegantline\" data-sow-icon=\"&#xe006;\"\n\t\tstyle=\"font-size: 48px; color: #2d2d2d\" \n\t\taria-hidden=\"true\"><\/span>\t\t\t\t<\/div>\n\t\t\t\t\n\t\t\t\t<div class=\"textwidget\">\n\t\t\t\t\t\n\t\t\t\t\t\t\t\t\t\t\t<h5>\n\t\t\t\t\t\t\t\n\t\t\t\t\t\t\tBecas\t\t\t\t\t\t\t\t\t\t\t\t\t<\/h5>\n\t\t\t\t\t\n\t\t\t\t\t\t\t\t\t\t\t<p>Consulta la informaci\u00f3n sobre<a href=\"https:\/\/site.educa.madrid.org\/eoi.moratalaz.madrid\/index.php\/2024\/08\/30\/becas\/\"> becas<\/a><\/p>\n\t\t\t\t\t\n\t\t\t\t\t\t\t\t\t<\/div>\n\t\t\t\t\t\t\t\t\n\t\t\t\t\t\t\t<\/div>\n\n\t\t\t\n<\/div>\n<\/div><\/div><\/div><\/div><\/div><\/div><\/div><\/div><\/div><\/div><\/div>\n\n\n<p>Actualizado: 21 mayo 2025<\/p>\n","protected":false},"excerpt":{"rendered":"<p>Horario de atenci\u00f3n De lunes a viernes de 16:30 a 19:00 Para concertar una visita y conocer nuestra escuela, pueden ponerse en contacto con nosotros en el n\u00famero de tel\u00e9fono&nbsp;91 &#8230;<\/p>\n","protected":false},"author":11,"featured_media":0,"parent":0,"menu_order":0,"comment_status":"closed","ping_status":"closed","template":"","meta":{"footnotes":""},"folder":[],"class_list":["post-204","page","type-page","status-publish","hentry"],"rttpg_featured_image_url":null,"rttpg_author":{"display_name":"Cuenta Tic eoi extmoratalaz-ptevallecas madrid","author_link":"https:\/\/site.educa.madrid.org\/eoi.moratalaz.madrid\/index.php\/author\/cuenta_tic-eoi-extmoratalaz-ptevallecas-madrid\/"},"rttpg_comment":0,"rttpg_category":false,"rttpg_excerpt":"Horario de atenci\u00f3n De lunes a viernes de 16:30 a 19:00 Para concertar una visita y conocer nuestra escuela, pueden ponerse en contacto con nosotros en el n\u00famero de tel\u00e9fono&nbsp;91 ...","post_mailing_queue_ids":[],"_links":{"self":[{"href":"https:\/\/site.educa.madrid.org\/eoi.moratalaz.madrid\/index.php\/wp-json\/wp\/v2\/pages\/204","targetHints":{"allow":["GET"]}}],"collection":[{"href":"https:\/\/site.educa.madrid.org\/eoi.moratalaz.madrid\/index.php\/wp-json\/wp\/v2\/pages"}],"about":[{"href":"https:\/\/site.educa.madrid.org\/eoi.moratalaz.madrid\/index.php\/wp-json\/wp\/v2\/types\/page"}],"author":[{"embeddable":true,"href":"https:\/\/site.educa.madrid.org\/eoi.moratalaz.madrid\/index.php\/wp-json\/wp\/v2\/users\/11"}],"replies":[{"embeddable":true,"href":"https:\/\/site.educa.madrid.org\/eoi.moratalaz.madrid\/index.php\/wp-json\/wp\/v2\/comments?post=204"}],"version-history":[{"count":7,"href":"https:\/\/site.educa.madrid.org\/eoi.moratalaz.madrid\/index.php\/wp-json\/wp\/v2\/pages\/204\/revisions"}],"predecessor-version":[{"id":2920,"href":"https:\/\/site.educa.madrid.org\/eoi.moratalaz.madrid\/index.php\/wp-json\/wp\/v2\/pages\/204\/revisions\/2920"}],"wp:attachment":[{"href":"https:\/\/site.educa.madrid.org\/eoi.moratalaz.madrid\/index.php\/wp-json\/wp\/v2\/media?parent=204"}],"wp:term":[{"taxonomy":"folder","embeddable":true,"href":"https:\/\/site.educa.madrid.org\/eoi.moratalaz.madrid\/index.php\/wp-json\/wp\/v2\/folder?post=204"}],"curies":[{"name":"wp","href":"https:\/\/api.w.org\/{rel}","templated":true}]}}