{"id":2069,"date":"2024-11-18T22:46:47","date_gmt":"2024-11-18T21:46:47","guid":{"rendered":"https:\/\/site.educa.madrid.org\/eoi.moratalaz.madrid\/?page_id=2069"},"modified":"2026-03-17T14:50:11","modified_gmt":"2026-03-17T13:50:11","slug":"personal","status":"publish","type":"page","link":"https:\/\/site.educa.madrid.org\/eoi.moratalaz.madrid\/index.php\/personal\/","title":{"rendered":"Personal del centro"},"content":{"rendered":"<div id=\"pl-2069\"  class=\"panel-layout\" ><div id=\"pg-2069-0\"  class=\"panel-grid panel-has-style\" ><div class=\"siteorigin-panels-stretch panel-row-style panel-row-style-for-2069-0\" data-stretch-type=\"full\" ><div id=\"pgc-2069-0-0\"  class=\"panel-grid-cell\" ><div id=\"panel-2069-0-0-0\" class=\"so-panel widget widget_sow-headline panel-first-child\" data-index=\"0\" ><div\n\t\t\t\n\t\t\tclass=\"so-widget-sow-headline so-widget-sow-headline-default-d8af1c9de966-2069\"\n\t\t\t\n\t\t><div class=\"sow-headline-container \">\n\t\t\t\t\t\t\t<h2 class=\"sow-headline\">\n\t\t\t\t\t\tPersonal no docente\t\t\t\t\t\t<\/h2>\n\t\t\t\t\t\t<\/div>\n<\/div><\/div><div id=\"panel-2069-0-0-1\" class=\"so-panel widget widget_sow-editor panel-last-child\" data-index=\"1\" ><div\n\t\t\t\n\t\t\tclass=\"so-widget-sow-editor so-widget-sow-editor-base\"\n\t\t\t\n\t\t>\n<div class=\"siteorigin-widget-tinymce textwidget\">\n\t<p>La escuela cuenta con auxiliares de informaci\u00f3n y control y personal de secretar\u00eda.<\/p>\n<p>Los auxiliares de informaci\u00f3n y control te ayudar\u00e1n con las novedades de la escuela, las instalaciones y en los simulacros de incendios deber\u00e1s obedecer sus indicaciones.<\/p>\n<p>El personal de secretar\u00eda te ayudar\u00e1 con los tr\u00e1mites administrativos que necesites.<\/p>\n<\/div>\n<\/div><\/div><\/div><div id=\"pgc-2069-0-1\"  class=\"panel-grid-cell\" ><div id=\"panel-2069-0-1-0\" class=\"so-panel widget widget_sow-headline panel-first-child\" data-index=\"2\" ><div\n\t\t\t\n\t\t\tclass=\"so-widget-sow-headline so-widget-sow-headline-default-d8af1c9de966-2069\"\n\t\t\t\n\t\t><div class=\"sow-headline-container \">\n\t\t\t\t\t\t\t<h2 class=\"sow-headline\">\n\t\t\t\t\t\tClaustro de profesores\t\t\t\t\t\t<\/h2>\n\t\t\t\t\t\t<\/div>\n<\/div><\/div><div id=\"panel-2069-0-1-1\" class=\"so-panel widget widget_sow-editor\" data-index=\"3\" ><div\n\t\t\t\n\t\t\tclass=\"so-widget-sow-editor so-widget-sow-editor-base\"\n\t\t\t\n\t\t>\n<div class=\"siteorigin-widget-tinymce textwidget\">\n\t<p>El claustro de profesores est\u00e1 compuesto por profesores del cuerpo de funcionarios de profesores de escuelas oficiales de idiomas.<\/p>\n<p>En <a href=\"https:\/\/raices.madrid.org\/raiz_app\/jsp\/portal\/portalraices.html\">Ra\u00edces<\/a> encontrar\u00e1s el directorio de los profesores que prestan servicios en el centro en este curso acad\u00e9mico.<\/p>\n<p>&nbsp;<\/p>\n<\/div>\n<\/div><\/div><div id=\"panel-2069-0-1-2\" class=\"so-panel widget widget_sow-editor panel-last-child\" data-index=\"4\" ><div\n\t\t\t\n\t\t\tclass=\"so-widget-sow-editor so-widget-sow-editor-base\"\n\t\t\t\n\t\t>\n<div class=\"siteorigin-widget-tinymce textwidget\">\n\t<h4>Estancias profesionales<\/h4>\n<\/div>\n<\/div><\/div><\/div><\/div><\/div><\/div>","protected":false},"excerpt":{"rendered":"<p>La escuela cuenta con auxiliares de informaci\u00f3n y control y personal de secretar\u00eda. Los auxiliares de informaci\u00f3n y control te ayudar\u00e1n con las novedades de la escuela, las instalaciones y &#8230;<\/p>\n","protected":false},"author":2,"featured_media":0,"parent":0,"menu_order":0,"comment_status":"closed","ping_status":"closed","template":"","meta":{"footnotes":""},"folder":[],"class_list":["post-2069","page","type-page","status-publish","hentry"],"rttpg_featured_image_url":null,"rttpg_author":{"display_name":"tic.eoi.moratalaz.madrid","author_link":"https:\/\/site.educa.madrid.org\/eoi.moratalaz.madrid\/index.php\/author\/cuenta_tic-eoi-moratalaz-madrid\/"},"rttpg_comment":0,"rttpg_category":false,"rttpg_excerpt":"La escuela cuenta con auxiliares de informaci\u00f3n y control y personal de secretar\u00eda. Los auxiliares de informaci\u00f3n y control te ayudar\u00e1n con las novedades de la escuela, las instalaciones y ...","post_mailing_queue_ids":[],"_links":{"self":[{"href":"https:\/\/site.educa.madrid.org\/eoi.moratalaz.madrid\/index.php\/wp-json\/wp\/v2\/pages\/2069","targetHints":{"allow":["GET"]}}],"collection":[{"href":"https:\/\/site.educa.madrid.org\/eoi.moratalaz.madrid\/index.php\/wp-json\/wp\/v2\/pages"}],"about":[{"href":"https:\/\/site.educa.madrid.org\/eoi.moratalaz.madrid\/index.php\/wp-json\/wp\/v2\/types\/page"}],"author":[{"embeddable":true,"href":"https:\/\/site.educa.madrid.org\/eoi.moratalaz.madrid\/index.php\/wp-json\/wp\/v2\/users\/2"}],"replies":[{"embeddable":true,"href":"https:\/\/site.educa.madrid.org\/eoi.moratalaz.madrid\/index.php\/wp-json\/wp\/v2\/comments?post=2069"}],"version-history":[{"count":26,"href":"https:\/\/site.educa.madrid.org\/eoi.moratalaz.madrid\/index.php\/wp-json\/wp\/v2\/pages\/2069\/revisions"}],"predecessor-version":[{"id":3388,"href":"https:\/\/site.educa.madrid.org\/eoi.moratalaz.madrid\/index.php\/wp-json\/wp\/v2\/pages\/2069\/revisions\/3388"}],"wp:attachment":[{"href":"https:\/\/site.educa.madrid.org\/eoi.moratalaz.madrid\/index.php\/wp-json\/wp\/v2\/media?parent=2069"}],"wp:term":[{"taxonomy":"folder","embeddable":true,"href":"https:\/\/site.educa.madrid.org\/eoi.moratalaz.madrid\/index.php\/wp-json\/wp\/v2\/folder?post=2069"}],"curies":[{"name":"wp","href":"https:\/\/api.w.org\/{rel}","templated":true}]}}