{"id":2162,"date":"2024-11-25T19:30:13","date_gmt":"2024-11-25T18:30:13","guid":{"rendered":"https:\/\/site.educa.madrid.org\/eoi.moratalaz.madrid\/?page_id=2162"},"modified":"2026-04-28T21:36:19","modified_gmt":"2026-04-28T19:36:19","slug":"alumnos-libres-convocatoria-febrero-2025","status":"publish","type":"page","link":"https:\/\/site.educa.madrid.org\/eoi.moratalaz.madrid\/index.php\/alumnos-libres-convocatoria-febrero-2025\/","title":{"rendered":"Alumnos libres &#8211; Convocatoria Febrero 2025"},"content":{"rendered":"<div id=\"pl-gb2162-6a03b64597901\"  class=\"panel-layout panel-layout\" ><div id=\"pg-gb2162-6a03b64597901-0\"  class=\"panel-grid panel-has-style\"  data-style=\"{&quot;padding&quot;:&quot;65px 0px 85px 0px&quot;,&quot;background&quot;:&quot;#f9f9f9&quot;,&quot;background_image_attachment&quot;:false,&quot;background_display&quot;:&quot;tile&quot;,&quot;full_height&quot;:&quot;&quot;,&quot;row_stretch&quot;:&quot;full&quot;,&quot;cell_alignment&quot;:&quot;flex-start&quot;,&quot;link_overlay_new_window&quot;:&quot;&quot;}\"  data-label=\"Features\" ><div class=\"siteorigin-panels-stretch panel-row-style panel-row-style-for-gb2162-6a03b64597901-0\" data-stretch-type=\"full\" ><div id=\"pgc-gb2162-6a03b64597901-0-0\"  class=\"panel-grid-cell\"  data-weight=\"1\" ><div id=\"panel-gb2162-6a03b64597901-0-0-0\" class=\"so-panel widget widget_sow-features panel-first-child panel-last-child\" data-index=\"0\" data-style=\"{&quot;background_image_attachment&quot;:false,&quot;background_display&quot;:&quot;tile&quot;,&quot;background_image_size&quot;:&quot;full&quot;,&quot;background_image_opacity&quot;:&quot;100&quot;,&quot;border_thickness&quot;:&quot;1px&quot;,&quot;link_overlay_new_window&quot;:&quot;&quot;}\" ><div\n\t\t\t\n\t\t\tclass=\"so-widget-sow-features so-widget-sow-features-default-74902d7bf790\"\n\t\t\t\n\t\t>\n<div class=\"sow-features-list sow-features-responsive\">\n\n\t\t\t\t\t\t\t\t\t<div\n\t\t\t\tclass=\"sow-features-feature sow-icon-container-position-right\"\n\t\t\t\tstyle=\"display: flex; flex-direction: row; width: calc(33.333% - 25px);\"\n\t\t\t>\n\t\t\t\t\t\t\t<div class=\"sow-features-feature-right-left-container\" style=\"display: flex; flex-direction: inherit;\">\n\t\t\t\n\t\t\t\t\t\t\t\t\t<a\n\t\t\t\t\t\thref=\"https:\/\/drive.google.com\/file\/d\/1LBGYOaXyqHUBEJFQrFaUEDSLK7IYDMEA\/view?usp=sharing\"\n\t\t\t\t\t\ttarget=\"_blank\" rel=\"noopener noreferrer\"\t\t\t\t\t>\n\t\t\t\t\t\t\t\t<div\n\t\t\t\t\tclass=\"sow-icon-container sow-container-none\"\n\t\t\t\t\tstyle=\"color: ; \"\n\t\t\t\t\t\t\t\t\t>\n\t\t\t\t\t<span class=\"sow-icon-elegantline\" data-sow-icon=\"&#xe00b;\"\n\t\tstyle=\"font-size: 48px; color: #2d2d2d\" \n\t\taria-hidden=\"true\"><\/span>\t\t\t\t<\/div>\n\t\t\t\t\t\t\t\t\t<\/a>\n\t\t\t\t\t\n\t\t\t\t<div class=\"textwidget\">\n\t\t\t\t\t\t\t\t\t\t\t<div class=\"sow-features-feature-content\">\n\t\t\t\t\t\n\t\t\t\t\t\t\t\t\t\t\t<h5>\n\t\t\t\t\t\t\t\n\t\t\t\t\t\t\tResoluci\u00f3n de 8 noviembre de 2024\t\t\t\t\t\t\t\t\t\t\t\t\t<\/h5>\n\t\t\t\t\t\n\t\t\t\t\t\t\t\t\t\t\t<p>Lee toda la informaci\u00f3n sobre la prueba: requisitos de acceso, calendario, matriculaci\u00f3n, etc.<\/p>\n\t\t\t\t\t\n\t\t\t\t\t\t\t\t\t\t\t<\/div>\n\t\t\t\t\t\t<p class=\"sow-more-text\">\n\t\t\t\t\t\t\t<a href=\"https:\/\/drive.google.com\/file\/d\/1LBGYOaXyqHUBEJFQrFaUEDSLK7IYDMEA\/view?usp=sharing\" target=\"_blank\" rel=\"noopener noreferrer\">\t\t\t\t\t\t\tConvocatoria\t\t\t\t\t\t\t<\/a>\t\t\t\t\t\t<\/p>\n\t\t\t\t\t\t\t\t\t<\/div>\n\t\t\t\t\t\t\t\t\t<\/div>\n\t\t\t\t\t\t\t\t\n\t\t\t\t\t\t\t<\/div>\n\n\t\t\t\t\t\t\t\t<div\n\t\t\t\tclass=\"sow-features-feature sow-icon-container-position-right\"\n\t\t\t\tstyle=\"display: flex; flex-direction: row; width: calc(33.333% - 25px);\"\n\t\t\t>\n\t\t\t\t\t\t\t<div class=\"sow-features-feature-right-left-container\" style=\"display: flex; flex-direction: inherit;\">\n\t\t\t\n\t\t\t\t\t\t\t\t\t<a\n\t\t\t\t\t\thref=\"https:\/\/view.genially.com\/6744c97d3d0d7483bae336da\/interactive-content-libres-c1-ingles-2025\"\n\t\t\t\t\t\ttarget=\"_blank\" rel=\"noopener noreferrer\"\t\t\t\t\t>\n\t\t\t\t\t\t\t\t<div\n\t\t\t\t\tclass=\"sow-icon-container sow-container-none\"\n\t\t\t\t\tstyle=\"color: ; \"\n\t\t\t\t\t\t\t\t\t>\n\t\t\t\t\t<span class=\"sow-icon-elegantline\" data-sow-icon=\"&#xe00d;\"\n\t\tstyle=\"font-size: 48px; color: #2d2d2d\" \n\t\taria-hidden=\"true\"><\/span>\t\t\t\t<\/div>\n\t\t\t\t\t\t\t\t\t<\/a>\n\t\t\t\t\t\n\t\t\t\t<div class=\"textwidget\">\n\t\t\t\t\t\t\t\t\t\t\t<div class=\"sow-features-feature-content\">\n\t\t\t\t\t\n\t\t\t\t\t\t\t\t\t\t\t<h5>\n\t\t\t\t\t\t\t\n\t\t\t\t\t\t\tCalendario de actuaciones\t\t\t\t\t\t\t\t\t\t\t\t\t<\/h5>\n\t\t\t\t\t\n\t\t\t\t\t\t\t\t\t\t\t<p>Consulta las fechas clave de la convocatoria.<\/p>\n\t\t\t\t\t\n\t\t\t\t\t\t\t\t\t\t\t<\/div>\n\t\t\t\t\t\t<p class=\"sow-more-text\">\n\t\t\t\t\t\t\t<a href=\"https:\/\/view.genially.com\/6744c97d3d0d7483bae336da\/interactive-content-libres-c1-ingles-2025\" target=\"_blank\" rel=\"noopener noreferrer\">\t\t\t\t\t\t\tCalendario\t\t\t\t\t\t\t<\/a>\t\t\t\t\t\t<\/p>\n\t\t\t\t\t\t\t\t\t<\/div>\n\t\t\t\t\t\t\t\t\t<\/div>\n\t\t\t\t\t\t\t\t\n\t\t\t\t\t\t\t<\/div>\n\n\t\t\t\t\t\t\t\t<div\n\t\t\t\tclass=\"sow-features-feature sow-icon-container-position-right\"\n\t\t\t\tstyle=\"display: flex; flex-direction: row; width: calc(33.333% - 25px);\"\n\t\t\t>\n\t\t\t\t\t\t\t<div class=\"sow-features-feature-right-left-container\" style=\"display: flex; flex-direction: inherit;\">\n\t\t\t\n\t\t\t\t\t\t\t\t\t<a\n\t\t\t\t\t\thref=\"https:\/\/www.comunidad.madrid\/sites\/default\/files\/aud\/educacion\/guia_del_alumno_nivel_c1_2023-2024.pdf\"\n\t\t\t\t\t\ttarget=\"_blank\" rel=\"noopener noreferrer\"\t\t\t\t\t>\n\t\t\t\t\t\t\t\t<div\n\t\t\t\t\tclass=\"sow-icon-container sow-container-none\"\n\t\t\t\t\tstyle=\"color: ; \"\n\t\t\t\t\t\t\t\t\t>\n\t\t\t\t\t<span class=\"sow-icon-elegantline\" data-sow-icon=\"&#xe00a;\"\n\t\tstyle=\"font-size: 48px; color: #2d2d2d\" \n\t\taria-hidden=\"true\"><\/span>\t\t\t\t<\/div>\n\t\t\t\t\t\t\t\t\t<\/a>\n\t\t\t\t\t\n\t\t\t\t<div class=\"textwidget\">\n\t\t\t\t\t\t\t\t\t\t\t<div class=\"sow-features-feature-content\">\n\t\t\t\t\t\n\t\t\t\t\t\t\t\t\t\t\t<h5>\n\t\t\t\t\t\t\t\n\t\t\t\t\t\t\tGu\u00eda del candidato \t\t\t\t\t\t\t\t\t\t\t\t\t<\/h5>\n\t\t\t\t\t\n\t\t\t\t\t\t\t\t\t\t\t<p>Consulta en qu\u00e9 consiste la prueba de C1 en esta Gu\u00eda publicada por la Consejer\u00eda.<\/p>\n\t\t\t\t\t\n\t\t\t\t\t\t\t\t\t\t\t<\/div>\n\t\t\t\t\t\t<p class=\"sow-more-text\">\n\t\t\t\t\t\t\t<a href=\"https:\/\/www.comunidad.madrid\/sites\/default\/files\/aud\/educacion\/guia_del_alumno_nivel_c1_2023-2024.pdf\" target=\"_blank\" rel=\"noopener noreferrer\">\t\t\t\t\t\t\tGu\u00eda del candidato nivel C1 \t\t\t\t\t\t\t<\/a>\t\t\t\t\t\t<\/p>\n\t\t\t\t\t\t\t\t\t<\/div>\n\t\t\t\t\t\t\t\t\t<\/div>\n\t\t\t\t\t\t\t\t\n\t\t\t\t\t\t\t<\/div>\n\n\t\t\t\t\t\t\t\t<div\n\t\t\t\tclass=\"sow-features-feature sow-icon-container-position-right\"\n\t\t\t\tstyle=\"display: flex; flex-direction: row; width: calc(33.333% - 25px);\"\n\t\t\t>\n\t\t\t\t\t\t\t<div class=\"sow-features-feature-right-left-container\" style=\"display: flex; flex-direction: inherit;\">\n\t\t\t\n\t\t\t\t\t\t\t\t\t<a\n\t\t\t\t\t\thref=\"https:\/\/site.educa.madrid.org\/eoi.moratalaz.madrid\/index.php\/2024\/10\/30\/publicacion-de-los-resultados-de-evaluacion\/\"\n\t\t\t\t\t\ttarget=\"_blank\" rel=\"noopener noreferrer\"\t\t\t\t\t>\n\t\t\t\t\t\t\t\t<div\n\t\t\t\t\tclass=\"sow-icon-container sow-container-none\"\n\t\t\t\t\tstyle=\"color: ; \"\n\t\t\t\t\t\t\t\t\t>\n\t\t\t\t\t<span class=\"sow-icon-elegantline\" data-sow-icon=\"&#xe021;\"\n\t\tstyle=\"font-size: 48px; color: #2d2d2d\" \n\t\taria-hidden=\"true\"><\/span>\t\t\t\t<\/div>\n\t\t\t\t\t\t\t\t\t<\/a>\n\t\t\t\t\t\n\t\t\t\t<div class=\"textwidget\">\n\t\t\t\t\t\t\t\t\t\t\t<div class=\"sow-features-feature-content\">\n\t\t\t\t\t\n\t\t\t\t\t\t\t\t\t\t\t<h5>\n\t\t\t\t\t\t\t\n\t\t\t\t\t\t\tPublicaci\u00f3n de resultados\t\t\t\t\t\t\t\t\t\t\t\t\t<\/h5>\n\t\t\t\t\t\n\t\t\t\t\t\t\t\t\t\t\t<p>A todos los efectos, se considerar\u00e1 como fecha de comunicaci\u00f3n de resultados la fecha de la sesi\u00f3n de informaci\u00f3n publicada en el calendario de ex\u00e1menes.<\/p>\n\t\t\t\t\t\n\t\t\t\t\t\t\t\t\t\t\t<\/div>\n\t\t\t\t\t\t<p class=\"sow-more-text\">\n\t\t\t\t\t\t\t<a href=\"https:\/\/site.educa.madrid.org\/eoi.moratalaz.madrid\/index.php\/2024\/10\/30\/publicacion-de-los-resultados-de-evaluacion\/\" target=\"_blank\" rel=\"noopener noreferrer\">\t\t\t\t\t\t\tM\u00e1s informaci\u00f3n\t\t\t\t\t\t\t<\/a>\t\t\t\t\t\t<\/p>\n\t\t\t\t\t\t\t\t\t<\/div>\n\t\t\t\t\t\t\t\t\t<\/div>\n\t\t\t\t\t\t\t\t\n\t\t\t\t\t\t\t<\/div>\n\n\t\t\t\t\t\t\t\t<div\n\t\t\t\tclass=\"sow-features-feature sow-icon-container-position-right\"\n\t\t\t\tstyle=\"display: flex; flex-direction: row; width: calc(33.333% - 25px);\"\n\t\t\t>\n\t\t\t\t\t\t\t<div class=\"sow-features-feature-right-left-container\" style=\"display: flex; flex-direction: inherit;\">\n\t\t\t\n\t\t\t\t\t\t\t\t\t<a\n\t\t\t\t\t\thref=\"https:\/\/raices.madrid.org\/secretariavirtual\/\"\n\t\t\t\t\t\ttarget=\"_blank\" rel=\"noopener noreferrer\"\t\t\t\t\t>\n\t\t\t\t\t\t\t\t<div\n\t\t\t\t\tclass=\"sow-icon-container sow-container-none\"\n\t\t\t\t\tstyle=\"color: ; \"\n\t\t\t\t\t\t\t\t\t>\n\t\t\t\t\t<span class=\"sow-icon-elegantline\" data-sow-icon=\"&#xe002;\"\n\t\tstyle=\"font-size: 48px; color: #2d2d2d\" \n\t\taria-hidden=\"true\"><\/span>\t\t\t\t<\/div>\n\t\t\t\t\t\t\t\t\t<\/a>\n\t\t\t\t\t\n\t\t\t\t<div class=\"textwidget\">\n\t\t\t\t\t\t\t\t\t\t\t<div class=\"sow-features-feature-content\">\n\t\t\t\t\t\n\t\t\t\t\t\t\t\t\t\t\t<h5>\n\t\t\t\t\t\t\t\n\t\t\t\t\t\t\tSecretar\u00eda Virtual \t\t\t\t\t\t\t\t\t\t\t\t\t<\/h5>\n\t\t\t\t\t\n\t\t\t\t\t\t\t\t\t\t\t<p>Todos los tr\u00e1mites se hacen a trav\u00e9s de la Secretar\u00eda Virtual de Centros de la Direcci\u00f3n General.<\/p>\n\t\t\t\t\t\n\t\t\t\t\t\t\t\t\t\t\t<\/div>\n\t\t\t\t\t\t<p class=\"sow-more-text\">\n\t\t\t\t\t\t\t<a href=\"https:\/\/raices.madrid.org\/secretariavirtual\/\" target=\"_blank\" rel=\"noopener noreferrer\">\t\t\t\t\t\t\tSecretar\u00eda virtual de centros\t\t\t\t\t\t\t<\/a>\t\t\t\t\t\t<\/p>\n\t\t\t\t\t\t\t\t\t<\/div>\n\t\t\t\t\t\t\t\t\t<\/div>\n\t\t\t\t\t\t\t\t\n\t\t\t\t\t\t\t<\/div>\n\n\t\t\t\t\t\t\t\t<div\n\t\t\t\tclass=\"sow-features-feature sow-icon-container-position-right\"\n\t\t\t\tstyle=\"display: flex; flex-direction: row; width: calc(33.333% - 25px);\"\n\t\t\t>\n\t\t\t\t\t\t\t<div class=\"sow-features-feature-right-left-container\" style=\"display: flex; flex-direction: inherit;\">\n\t\t\t\n\t\t\t\t\t\t\t\t\t<a\n\t\t\t\t\t\thref=\"https:\/\/site.educa.madrid.org\/eoi.moratalaz.madrid\/index.php\/2024\/10\/30\/sesion-de-informacion\/\"\n\t\t\t\t\t\ttarget=\"_blank\" rel=\"noopener noreferrer\"\t\t\t\t\t>\n\t\t\t\t\t\t\t\t<div\n\t\t\t\t\tclass=\"sow-icon-container sow-container-none\"\n\t\t\t\t\tstyle=\"color: ; \"\n\t\t\t\t\t\t\t\t\t>\n\t\t\t\t\t<span class=\"sow-icon-elegantline\" data-sow-icon=\"&#xe007;\"\n\t\tstyle=\"font-size: 48px; color: #2d2d2d\" \n\t\taria-hidden=\"true\"><\/span>\t\t\t\t<\/div>\n\t\t\t\t\t\t\t\t\t<\/a>\n\t\t\t\t\t\n\t\t\t\t<div class=\"textwidget\">\n\t\t\t\t\t\t\t\t\t\t\t<div class=\"sow-features-feature-content\">\n\t\t\t\t\t\n\t\t\t\t\t\t\t\t\t\t\t<h5>\n\t\t\t\t\t\t\t\n\t\t\t\t\t\t\tSesi\u00f3n de informaci\u00f3n de ex\u00e1menes \t\t\t\t\t\t\t\t\t\t\t\t\t<\/h5>\n\t\t\t\t\t\n\t\t\t\t\t\t\t\t\t\t\t<p>Los alumnos podr\u00e1n ver su examen en la sesi\u00f3n de informaci\u00f3n cuya fecha y hora se publicar\u00e1 en el calendario de ex\u00e1menes.<\/p>\n\t\t\t\t\t\n\t\t\t\t\t\t\t\t\t\t\t<\/div>\n\t\t\t\t\t\t<p class=\"sow-more-text\">\n\t\t\t\t\t\t\t<a href=\"https:\/\/site.educa.madrid.org\/eoi.moratalaz.madrid\/index.php\/2024\/10\/30\/sesion-de-informacion\/\" target=\"_blank\" rel=\"noopener noreferrer\">\t\t\t\t\t\t\tM\u00e1s informaci\u00f3n\t\t\t\t\t\t\t<\/a>\t\t\t\t\t\t<\/p>\n\t\t\t\t\t\t\t\t\t<\/div>\n\t\t\t\t\t\t\t\t\t<\/div>\n\t\t\t\t\t\t\t\t\n\t\t\t\t\t\t\t<\/div>\n\n\t\t\t\t\t\t\t\t<div\n\t\t\t\tclass=\"sow-features-feature sow-icon-container-position-right\"\n\t\t\t\tstyle=\"display: flex; flex-direction: row; width: calc(33.333% - 25px);\"\n\t\t\t>\n\t\t\t\t\t\t\t<div class=\"sow-features-feature-right-left-container\" style=\"display: flex; flex-direction: inherit;\">\n\t\t\t\n\t\t\t\t\t\t\t\t\t<a\n\t\t\t\t\t\thref=\"https:\/\/site.educa.madrid.org\/eoi.moratalaz.madrid\/index.php\/2024\/10\/30\/procedimiento-de-reclamacion\/\"\n\t\t\t\t\t\ttarget=\"_blank\" rel=\"noopener noreferrer\"\t\t\t\t\t>\n\t\t\t\t\t\t\t\t<div\n\t\t\t\t\tclass=\"sow-icon-container sow-container-none\"\n\t\t\t\t\tstyle=\"color: ; \"\n\t\t\t\t\t\t\t\t\t>\n\t\t\t\t\t<span class=\"sow-icon-elegantline\" data-sow-icon=\"&#xe032;\"\n\t\tstyle=\"font-size: 48px; color: #2d2d2d\" \n\t\taria-hidden=\"true\"><\/span>\t\t\t\t<\/div>\n\t\t\t\t\t\t\t\t\t<\/a>\n\t\t\t\t\t\n\t\t\t\t<div class=\"textwidget\">\n\t\t\t\t\t\t\t\t\t\t\t<div class=\"sow-features-feature-content\">\n\t\t\t\t\t\n\t\t\t\t\t\t\t\t\t\t\t<h5>\n\t\t\t\t\t\t\t\n\t\t\t\t\t\t\tProcedimiento de reclamaci\u00f3n \t\t\t\t\t\t\t\t\t\t\t\t\t<\/h5>\n\t\t\t\t\t\n\t\t\t\t\t\t\t\t\t\t\t<p>Consulta la normativa y procedimiento en caso de reclamaci\u00f3n.<\/p>\n\t\t\t\t\t\n\t\t\t\t\t\t\t\t\t\t\t<\/div>\n\t\t\t\t\t\t<p class=\"sow-more-text\">\n\t\t\t\t\t\t\t<a href=\"https:\/\/site.educa.madrid.org\/eoi.moratalaz.madrid\/index.php\/2024\/10\/30\/procedimiento-de-reclamacion\/\" target=\"_blank\" rel=\"noopener noreferrer\">\t\t\t\t\t\t\tM\u00e1s informaci\u00f3n\t\t\t\t\t\t\t<\/a>\t\t\t\t\t\t<\/p>\n\t\t\t\t\t\t\t\t\t<\/div>\n\t\t\t\t\t\t\t\t\t<\/div>\n\t\t\t\t\t\t\t\t\n\t\t\t\t\t\t\t<\/div>\n\n\t\t\t\t\t\t\t\t<div\n\t\t\t\tclass=\"sow-features-feature sow-icon-container-position-right\"\n\t\t\t\tstyle=\"display: flex; flex-direction: row; width: calc(33.333% - 25px);\"\n\t\t\t>\n\t\t\t\t\t\t\t<div class=\"sow-features-feature-right-left-container\" style=\"display: flex; flex-direction: inherit;\">\n\t\t\t\n\t\t\t\t\t\t\t\t\t<a\n\t\t\t\t\t\thref=\"https:\/\/site.educa.madrid.org\/eoi.moratalaz.madrid\/index.php\/2024\/08\/30\/solicitud-de-titulos\/\"\n\t\t\t\t\t\ttarget=\"_blank\" rel=\"noopener noreferrer\"\t\t\t\t\t>\n\t\t\t\t\t\t\t\t<div\n\t\t\t\t\tclass=\"sow-icon-container sow-container-none\"\n\t\t\t\t\tstyle=\"color: ; \"\n\t\t\t\t\t\t\t\t\t>\n\t\t\t\t\t<span class=\"sow-icon-elegantline\" data-sow-icon=\"&#xe023;\"\n\t\tstyle=\"font-size: 48px; color: #2d2d2d\" \n\t\taria-hidden=\"true\"><\/span>\t\t\t\t<\/div>\n\t\t\t\t\t\t\t\t\t<\/a>\n\t\t\t\t\t\n\t\t\t\t<div class=\"textwidget\">\n\t\t\t\t\t\t\t\t\t\t\t<div class=\"sow-features-feature-content\">\n\t\t\t\t\t\n\t\t\t\t\t\t\t\t\t\t\t<h5>\n\t\t\t\t\t\t\t\n\t\t\t\t\t\t\tSolicitud de t\u00edtulo\t\t\t\t\t\t\t\t\t\t\t\t\t<\/h5>\n\t\t\t\t\t\n\t\t\t\t\t\t\t\t\t\t\t<p>Podr\u00e1s solicitar el t\u00edtulo a partir de la tercera semana de marzo. No pagues las tasas antes.<\/p>\n<p>Consulta en nuestra p\u00e1gina c\u00f3mo solicitar el t\u00edtulo.<\/p>\n\t\t\t\t\t\n\t\t\t\t\t\t\t\t\t\t\t<\/div>\n\t\t\t\t\t\t<p class=\"sow-more-text\">\n\t\t\t\t\t\t\t<a href=\"https:\/\/site.educa.madrid.org\/eoi.moratalaz.madrid\/index.php\/2024\/08\/30\/solicitud-de-titulos\/\" target=\"_blank\" rel=\"noopener noreferrer\">\t\t\t\t\t\t\tSecretar\u00eda - solicitud de t\u00edtulos\t\t\t\t\t\t\t<\/a>\t\t\t\t\t\t<\/p>\n\t\t\t\t\t\t\t\t\t<\/div>\n\t\t\t\t\t\t\t\t\t<\/div>\n\t\t\t\t\t\t\t\t\n\t\t\t\t\t\t\t<\/div>\n\n\t\t\t\t\t\t\t\t<div\n\t\t\t\tclass=\"sow-features-feature sow-icon-container-position-right\"\n\t\t\t\tstyle=\"display: flex; flex-direction: row; width: calc(33.333% - 25px);\"\n\t\t\t>\n\t\t\t\n\t\t\t\t\t\t\t\t\t<a\n\t\t\t\t\t\thref=\"https:\/\/www.comunidad.madrid\/servicios\/educacion\/ensenanzas-idiomas\"\n\t\t\t\t\t\ttarget=\"_blank\" rel=\"noopener noreferrer\"\t\t\t\t\t>\n\t\t\t\t\t\t\t\t<div\n\t\t\t\t\tclass=\"sow-icon-container sow-container-none\"\n\t\t\t\t\tstyle=\"color: ; \"\n\t\t\t\t\t\t\t\t\t>\n\t\t\t\t\t<span class=\"sow-icon-elegantline\" data-sow-icon=\"&#xe052;\"\n\t\tstyle=\"font-size: 48px; color: #2d2d2d\" \n\t\taria-hidden=\"true\"><\/span>\t\t\t\t<\/div>\n\t\t\t\t\t\t\t\t\t<\/a>\n\t\t\t\t\t\n\t\t\t\t<div class=\"textwidget\">\n\t\t\t\t\t\n\t\t\t\t\t\t\t\t\t\t\t<h5>\n\t\t\t\t\t\t\t\n\t\t\t\t\t\t\tP\u00e1gina Consejer\u00eda de Educaci\u00f3n \t\t\t\t\t\t\t\t\t\t\t\t\t<\/h5>\n\t\t\t\t\t\n\t\t\t\t\t\t\t\t\t\t\t\u00a0\t\t\t\t\t\n\t\t\t\t\t\t\t\t\t<\/div>\n\t\t\t\t\t\t\t\t\n\t\t\t\t\t\t\t<\/div>\n\n\t\t\t\n<\/div>\n<\/div><\/div><\/div><\/div><\/div><\/div>","protected":false},"excerpt":{"rendered":"","protected":false},"author":2,"featured_media":0,"parent":0,"menu_order":0,"comment_status":"closed","ping_status":"closed","template":"","meta":{"footnotes":""},"folder":[55],"class_list":["post-2162","page","type-page","status-publish","hentry"],"rttpg_featured_image_url":null,"rttpg_author":{"display_name":"tic.eoi.moratalaz.madrid","author_link":"https:\/\/site.educa.madrid.org\/eoi.moratalaz.madrid\/index.php\/author\/cuenta_tic-eoi-moratalaz-madrid\/"},"rttpg_comment":0,"rttpg_category":" <a href=\"https:\/\/site.educa.madrid.org\/eoi.moratalaz.madrid\/?taxonomy=folder&#038;term=libres-1777404830-7\" rel=\"tag\">Libres<\/a>","rttpg_excerpt":null,"post_mailing_queue_ids":[],"_links":{"self":[{"href":"https:\/\/site.educa.madrid.org\/eoi.moratalaz.madrid\/index.php\/wp-json\/wp\/v2\/pages\/2162","targetHints":{"allow":["GET"]}}],"collection":[{"href":"https:\/\/site.educa.madrid.org\/eoi.moratalaz.madrid\/index.php\/wp-json\/wp\/v2\/pages"}],"about":[{"href":"https:\/\/site.educa.madrid.org\/eoi.moratalaz.madrid\/index.php\/wp-json\/wp\/v2\/types\/page"}],"author":[{"embeddable":true,"href":"https:\/\/site.educa.madrid.org\/eoi.moratalaz.madrid\/index.php\/wp-json\/wp\/v2\/users\/2"}],"replies":[{"embeddable":true,"href":"https:\/\/site.educa.madrid.org\/eoi.moratalaz.madrid\/index.php\/wp-json\/wp\/v2\/comments?post=2162"}],"version-history":[{"count":29,"href":"https:\/\/site.educa.madrid.org\/eoi.moratalaz.madrid\/index.php\/wp-json\/wp\/v2\/pages\/2162\/revisions"}],"predecessor-version":[{"id":2219,"href":"https:\/\/site.educa.madrid.org\/eoi.moratalaz.madrid\/index.php\/wp-json\/wp\/v2\/pages\/2162\/revisions\/2219"}],"wp:attachment":[{"href":"https:\/\/site.educa.madrid.org\/eoi.moratalaz.madrid\/index.php\/wp-json\/wp\/v2\/media?parent=2162"}],"wp:term":[{"taxonomy":"folder","embeddable":true,"href":"https:\/\/site.educa.madrid.org\/eoi.moratalaz.madrid\/index.php\/wp-json\/wp\/v2\/folder?post=2162"}],"curies":[{"name":"wp","href":"https:\/\/api.w.org\/{rel}","templated":true}]}}