{"id":2976,"date":"2025-05-27T15:02:11","date_gmt":"2025-05-27T13:02:11","guid":{"rendered":"https:\/\/site.educa.madrid.org\/eoi.moratalaz.madrid\/?page_id=2976"},"modified":"2025-06-05T19:09:38","modified_gmt":"2025-06-05T17:09:38","slug":"matricula-antiguos-alumnos-junio-2025","status":"publish","type":"page","link":"https:\/\/site.educa.madrid.org\/eoi.moratalaz.madrid\/index.php\/matricula-antiguos-alumnos-junio-2025\/","title":{"rendered":"Matr\u00edcula antiguos alumnos &#8211; Junio 2025"},"content":{"rendered":"\n<div style=\"height:23px\" aria-hidden=\"true\" class=\"wp-block-spacer\"><\/div>\n\n\n\n<div id=\"contenedor\" style=\"position: relative; width: 500px; height: 100px; overflow: hidden; margin: 20px auto;\">\n    <div id=\"textoAnimado\" style=\"position: absolute; font-size: 3em; font-family: Arial, sans-serif; color: #003; white-space: nowrap;\">\n      \u00a1del 6 al 26 de junio!\n    <\/div>\n  <\/div>\n<script>\n    const contenedor = document.getElementById('contenedor');\n    const texto = document.getElementById('textoAnimado');\n    const contenedorAncho = 800; \/\/ Ancho del contenedor (debe coincidir con el style width)\n    let posicion = -contenedorAncho; \/\/ Comienza fuera del contenedor por la izquierda\n\n    function animarTexto() {\n      posicion += 4; \/\/ Velocidad del movimiento (ajusta este valor para m\u00e1s r\u00e1pida o lenta)\n      texto.style.left = posicion + 'px';\n\n      \/\/ Si el texto sale completamente por la derecha del contenedor, reinicia\n      if (posicion > contenedorAncho) {\n        posicion = -contenedorAncho;\n      }\n\n      requestAnimationFrame(animarTexto); \/\/ Bucle de animaci\u00f3n fluido\n    }\n\n    \/\/ Inicia la animaci\u00f3n\n    animarTexto();\n  <\/script>\n\n\n\n<div style=\"height:31px\" aria-hidden=\"true\" class=\"wp-block-spacer\"><\/div>\n\n\n\n<h2 class=\"wp-block-heading has-text-align-center has-vivid-cyan-blue-color has-text-color has-link-color has-x-large-font-size wp-elements-bf3eb8b3614dec61ed5bbffd34528b39\">Reserva de grupo para el curso 2025-2026<\/h2>\n\n\n\n<p class=\"has-text-align-center has-vivid-cyan-blue-color has-text-color has-link-color has-large-font-size wp-elements-580ab9ebe536af7d0c2af946645de2ad\">del 6 al 26 de junio <\/p>\n\n\n\n<div style=\"height:31px\" aria-hidden=\"true\" class=\"wp-block-spacer\"><\/div>\n\n\n\n<div class=\"wp-block-columns is-layout-flex wp-container-core-columns-is-layout-9d6595d7 wp-block-columns-is-layout-flex\">\n<div class=\"wp-block-column is-layout-flow wp-block-column-is-layout-flow\">\n<p>Para que te puedan matricular en el curso deseado&nbsp;<strong>debes subir a Ra\u00edces al menos 4 documentos<\/strong>.<\/p>\n\n\n\n<p>\u2013&nbsp;<strong><a href=\"https:\/\/drive.google.com\/file\/d\/1eATqjqh0_8QvsgM437ZBmefNehBjBA9M\/view?usp=sharing\" target=\"_blank\" rel=\"noreferrer noopener\">Formulario de reserva de plaza<\/a>.<\/strong><\/p>\n\n\n\n<p>\u2013 Justificante pago de tasas administrativas&nbsp;(o justificante de exoneraci\u00f3n del pago)<\/p>\n\n\n\n<p>\u2013 Justificante pago de tasas del curso&nbsp;(o justificante de exoneraci\u00f3n del pago)<\/p>\n\n\n\n<p>\u2013 Copia DNI \/ NIE o pasaporte por ambos lados<\/p>\n\n\n\n<div class=\"wp-block-columns is-layout-flex wp-container-core-columns-is-layout-9d6595d7 wp-block-columns-is-layout-flex\">\n<div class=\"wp-block-column is-layout-flow wp-block-column-is-layout-flow\"><div\n\t\t\t\n\t\t\tclass=\"so-widget-sow-button so-widget-sow-button-flat-66466acb9e12\"\n\t\t\t\n\t\t><div class=\"ow-button-base ow-button-align-center\">\n\t<a\n\thref=\"https:\/\/site.educa.madrid.org\/eoi.moratalaz.madrid\/index.php\/oferta-educativa-2025-2026\/\"\n\t\tclass=\"ow-icon-placement-left ow-button-hover\" \t>\n\t\t<span>\n\t\t\t\n\t\t\tOferta educativa provisional\t\t<\/span>\n\t<\/a>\n<\/div>\n<\/div><\/div>\n\n\n\n<div class=\"wp-block-column is-layout-flow wp-block-column-is-layout-flow\"><div\n\t\t\t\n\t\t\tclass=\"so-widget-sow-button so-widget-sow-button-flat-66466acb9e12\"\n\t\t\t\n\t\t><div class=\"ow-button-base ow-button-align-center\">\n\t<a\n\thref=\"https:\/\/docs.google.com\/document\/d\/1TfjUyYzctHTA77ravk3jJaT-wKTuX18a\/edit?tab=t.0#heading=h.gjdgxs\"\n\t\tclass=\"ow-icon-placement-left ow-button-hover\" target=\"_blank\" rel=\"noopener noreferrer\" \t>\n\t\t<span>\n\t\t\t\n\t\t\tInstrucciones de matr\u00edcula\t\t<\/span>\n\t<\/a>\n<\/div>\n<\/div><\/div>\n\n\n\n<div class=\"wp-block-column is-layout-flow wp-block-column-is-layout-flow\"><div\n\t\t\t\n\t\t\tclass=\"so-widget-sow-button so-widget-sow-button-flat-66466acb9e12\"\n\t\t\t\n\t\t><div class=\"ow-button-base ow-button-align-center\">\n\t<a\n\thref=\"https:\/\/raices.madrid.org\/raiz_app\/jsp\/portal\/portalraices.html\"\n\t\tclass=\"ow-icon-placement-left ow-button-hover\" target=\"_blank\" rel=\"noopener noreferrer\" \t>\n\t\t<span>\n\t\t\t\n\t\t\tEnlace a Ra\u00edces\t\t<\/span>\n\t<\/a>\n<\/div>\n<\/div><\/div>\n<\/div>\n<\/div>\n\n\n\n<div class=\"wp-block-column is-layout-flow wp-block-column-is-layout-flow\">\n<div style=\"width: 100%;\"><div style=\"position: relative; padding-bottom: 56.25%; padding-top: 0; height: 0;\"><iframe loading=\"lazy\" title=\"2025 2026 MTZ - MATRICULACI\u00d3N RA\u00cdCES\" frameborder=\"0\" width=\"1200px\" height=\"675px\" style=\"position: absolute; top: 0; left: 0; width: 100%; height: 100%;\" src=\"https:\/\/view.genially.com\/68349a2d7f861f4b9d546a0d\" type=\"text\/html\" allowscriptaccess=\"always\" allowfullscreen=\"true\" scrolling=\"yes\" allownetworking=\"all\"><\/iframe> <\/div> <\/div>\n<\/div>\n<\/div>\n\n\n\n<h3 class=\"wp-block-heading\">Solicitud de adaptaci\u00f3n <\/h3>\n\n\n\n<p>No olvides solicitar ahora con la matricula la adaptaci\u00f3n para las pruebas de evaluaci\u00f3n. Toda la informaci\u00f3n la encontrar\u00e1s en <a href=\"https:\/\/site.educa.madrid.org\/eoi.moratalaz.madrid\/index.php\/2024\/08\/30\/solicitud-de-adaptacion-de-examen\/\" target=\"_blank\" rel=\"noreferrer noopener\"><strong>este enlace<\/strong><\/a><\/p>\n","protected":false},"excerpt":{"rendered":"<p>\u00a1del 6 al 26 de junio! Reserva de grupo para el curso 2025-2026 del 6 al 26 de junio Para que te puedan matricular en el curso deseado&nbsp;debes subir a &#8230;<\/p>\n","protected":false},"author":3,"featured_media":0,"parent":0,"menu_order":0,"comment_status":"closed","ping_status":"closed","template":"template-fullwidth.php","meta":{"footnotes":""},"folder":[46],"class_list":["post-2976","page","type-page","status-publish","hentry"],"rttpg_featured_image_url":null,"rttpg_author":{"display_name":"eoi.moratalaz.madrid","author_link":"https:\/\/site.educa.madrid.org\/eoi.moratalaz.madrid\/index.php\/author\/cuenta_eoi-moratalaz-madrid\/"},"rttpg_comment":0,"rttpg_category":" <a href=\"https:\/\/site.educa.madrid.org\/eoi.moratalaz.madrid\/?taxonomy=folder&#038;term=matriculacion-25-26-1748284148-7\" rel=\"tag\">Matriculaci\u00f3n 25 26<\/a>","rttpg_excerpt":"\u00a1del 6 al 26 de junio! Reserva de grupo para el curso 2025-2026 del 6 al 26 de junio Para que te puedan matricular en el curso deseado&nbsp;debes subir a ...","post_mailing_queue_ids":[],"_links":{"self":[{"href":"https:\/\/site.educa.madrid.org\/eoi.moratalaz.madrid\/index.php\/wp-json\/wp\/v2\/pages\/2976","targetHints":{"allow":["GET"]}}],"collection":[{"href":"https:\/\/site.educa.madrid.org\/eoi.moratalaz.madrid\/index.php\/wp-json\/wp\/v2\/pages"}],"about":[{"href":"https:\/\/site.educa.madrid.org\/eoi.moratalaz.madrid\/index.php\/wp-json\/wp\/v2\/types\/page"}],"author":[{"embeddable":true,"href":"https:\/\/site.educa.madrid.org\/eoi.moratalaz.madrid\/index.php\/wp-json\/wp\/v2\/users\/3"}],"replies":[{"embeddable":true,"href":"https:\/\/site.educa.madrid.org\/eoi.moratalaz.madrid\/index.php\/wp-json\/wp\/v2\/comments?post=2976"}],"version-history":[{"count":51,"href":"https:\/\/site.educa.madrid.org\/eoi.moratalaz.madrid\/index.php\/wp-json\/wp\/v2\/pages\/2976\/revisions"}],"predecessor-version":[{"id":3668,"href":"https:\/\/site.educa.madrid.org\/eoi.moratalaz.madrid\/index.php\/wp-json\/wp\/v2\/pages\/2976\/revisions\/3668"}],"wp:attachment":[{"href":"https:\/\/site.educa.madrid.org\/eoi.moratalaz.madrid\/index.php\/wp-json\/wp\/v2\/media?parent=2976"}],"wp:term":[{"taxonomy":"folder","embeddable":true,"href":"https:\/\/site.educa.madrid.org\/eoi.moratalaz.madrid\/index.php\/wp-json\/wp\/v2\/folder?post=2976"}],"curies":[{"name":"wp","href":"https:\/\/api.w.org\/{rel}","templated":true}]}}