{"id":304,"date":"2024-10-21T14:21:00","date_gmt":"2024-10-21T14:21:00","guid":{"rendered":"https:\/\/www.eoimoratalaz.disercom.es\/?page_id=304"},"modified":"2026-04-07T18:13:26","modified_gmt":"2026-04-07T16:13:26","slug":"quienes-somos","status":"publish","type":"page","link":"https:\/\/site.educa.madrid.org\/eoi.moratalaz.madrid\/index.php\/quienes-somos\/","title":{"rendered":"Qui\u00e9nes somos"},"content":{"rendered":"\n<div style=\"height:63px\" aria-hidden=\"true\" class=\"wp-block-spacer\"><\/div>\n\n\n\n<div class=\"wp-block-media-text has-media-on-the-right is-stacked-on-mobile\" style=\"grid-template-columns:auto 42%\"><div class=\"wp-block-media-text__content\">\n<p>La EOI Moratalaz imparte las ense\u00f1anzas de alem\u00e1n, franc\u00e9s, ingl\u00e9s e italiano.<\/p>\n\n\n\n<p>Ya ha cumplido m\u00e1s de 25 a\u00f1os y se ubica en el extremo este del distrito de Moratalaz, lindando con los distritos de Vallecas y Vic\u00e1lvaro.<\/p>\n\n\n\n<p>Todas nuestras clases se imparten en horario de tarde.<\/p>\n\n\n\n<p>La mayor\u00eda de nuestros grupos son anuales, presenciales y en d\u00edas alternos&nbsp;(lunes-mi\u00e9rcoles, martes-jueves)&nbsp; de 16:30 a 19:00, de 18:00 a 20:30 y de 19:00 a 21:30 horas.<\/p>\n\n\n\n<p>Tambi\u00e9n impartimos cursos intensivos de viernes de 17:00 a 20:00.<\/p>\n\n\n\n<p>Compartimos edificio con el<a href=\"https:\/\/www.educa2.madrid.org\/web\/centro.ies.juanadecastilla.madrid\">&nbsp;IES Juana de Castilla<\/a>.<\/p>\n\n\n\n<p>Tenemos otra sede, nuestra&nbsp;<a href=\"https:\/\/www.educa2.madrid.org\/web\/eoivallecas\">Extensi\u00f3n en Puente de Vallecas<\/a>.<\/p>\n<\/div><figure class=\"wp-block-media-text__media\"><img decoding=\"async\" src=\"https:\/\/www.eoimoratalaz.disercom.es\/wp-content\/uploads\/2024\/10\/2023-02-11-Portada-1024x1012.jpg\" alt=\"\" class=\"wp-image-308 size-full\"\/><\/figure><\/div>\n\n\n\n<div style=\"height:13px\" aria-hidden=\"true\" class=\"wp-block-spacer\"><\/div>\n\n\n\n<blockquote class=\"wp-block-quote is-layout-flow wp-block-quote-is-layout-flow\">\n<p><\/p>\n\n\n<div id=\"pl-gb304-6a038e4eac720\"  class=\"panel-layout panel-layout\" ><div id=\"pg-gb304-6a038e4eac720-0\"  class=\"panel-grid panel-no-style\"  data-style=\"{&quot;background_image_attachment&quot;:false,&quot;background_display&quot;:&quot;tile&quot;,&quot;background_image_size&quot;:&quot;full&quot;,&quot;background_image_opacity&quot;:&quot;100&quot;,&quot;border_thickness&quot;:&quot;1px&quot;,&quot;full_height&quot;:&quot;&quot;,&quot;cell_alignment&quot;:&quot;flex-start&quot;,&quot;link_overlay_new_window&quot;:&quot;&quot;}\" ><div id=\"pgc-gb304-6a038e4eac720-0-0\"  class=\"panel-grid-cell\"  data-weight=\"0.33333333333333\" ><div id=\"panel-gb304-6a038e4eac720-0-0-0\" class=\"so-panel widget widget_sow-button panel-first-child panel-last-child\" data-index=\"0\" data-style=\"{&quot;background_image_attachment&quot;:false,&quot;background_display&quot;:&quot;tile&quot;,&quot;background_image_size&quot;:&quot;full&quot;,&quot;background_image_opacity&quot;:&quot;100&quot;,&quot;border_thickness&quot;:&quot;1px&quot;,&quot;link_overlay_new_window&quot;:&quot;&quot;}\" ><div\n\t\t\t\n\t\t\tclass=\"so-widget-sow-button so-widget-sow-button-flat-012579f0a507\"\n\t\t\t\n\t\t><div class=\"ow-button-base ow-button-align-center\">\n\t<a\n\thref=\"https:\/\/site.educa.madrid.org\/eoi.moratalaz.madrid\/index.php\/personal\/\"\n\t\tclass=\"ow-icon-placement-left ow-button-hover\" target=\"_blank\" rel=\"noopener noreferrer\" \t>\n\t\t<span>\n\t\t\t\n\t\t\tPersonal \t\t<\/span>\n\t<\/a>\n<\/div>\n<\/div><\/div><\/div><div id=\"pgc-gb304-6a038e4eac720-0-1\"  class=\"panel-grid-cell\"  data-weight=\"0.33333333333333\" ><div id=\"panel-gb304-6a038e4eac720-0-1-0\" class=\"so-panel widget widget_sow-button panel-first-child panel-last-child\" data-index=\"1\" data-style=\"{&quot;background_image_attachment&quot;:false,&quot;background_display&quot;:&quot;tile&quot;,&quot;background_image_size&quot;:&quot;full&quot;,&quot;background_image_opacity&quot;:&quot;100&quot;,&quot;border_thickness&quot;:&quot;1px&quot;,&quot;link_overlay_new_window&quot;:&quot;&quot;}\" ><div\n\t\t\t\n\t\t\tclass=\"so-widget-sow-button so-widget-sow-button-flat-012579f0a507\"\n\t\t\t\n\t\t><div class=\"ow-button-base ow-button-align-center\">\n\t<a\n\thref=\"https:\/\/site.educa.madrid.org\/eoi.moratalaz.madrid\/index.php\/2025\/10\/14\/renovacion-consejo-escolar\/\"\n\t\tclass=\"ow-icon-placement-left ow-button-hover\" target=\"_blank\" rel=\"noopener noreferrer\" \t>\n\t\t<span>\n\t\t\t\n\t\t\tConsejo Escolar\t\t<\/span>\n\t<\/a>\n<\/div>\n<\/div><\/div><\/div><div id=\"pgc-gb304-6a038e4eac720-0-2\"  class=\"panel-grid-cell\"  data-weight=\"0.33333333333333\" ><div id=\"panel-gb304-6a038e4eac720-0-2-0\" class=\"so-panel widget widget_sow-button panel-first-child panel-last-child\" data-index=\"2\" data-style=\"{&quot;background_image_attachment&quot;:false,&quot;background_display&quot;:&quot;tile&quot;,&quot;background_image_size&quot;:&quot;full&quot;,&quot;background_image_opacity&quot;:&quot;100&quot;,&quot;border_thickness&quot;:&quot;1px&quot;,&quot;link_overlay_new_window&quot;:&quot;&quot;}\" ><div\n\t\t\t\n\t\t\tclass=\"so-widget-sow-button so-widget-sow-button-flat-012579f0a507\"\n\t\t\t\n\t\t><div class=\"ow-button-base ow-button-align-center\">\n\t<a\n\thref=\"https:\/\/site.educa.madrid.org\/eoi.moratalaz.madrid\/index.php\/2024\/11\/10\/equipo-directivo\/\"\n\t\tclass=\"ow-icon-placement-left ow-button-hover\" target=\"_blank\" rel=\"noopener noreferrer\" \t>\n\t\t<span>\n\t\t\t\n\t\t\tEquipo directivo\t\t<\/span>\n\t<\/a>\n<\/div>\n<\/div><\/div><\/div><\/div><\/div><\/blockquote>\n\n\n\n<div style=\"height:13px\" aria-hidden=\"true\" class=\"wp-block-spacer\"><\/div>\n\n\n\n\n\n\n\n\n\n\n\n\n\n\n\n\n\n\n\n\n\n\n\n\n\n\n\n\n\n\n<div class=\"n2-section-smartslider fitvidsignore  n2_clear\" data-ssid=\"2\" tabindex=\"0\" role=\"region\" aria-label=\"Slider\"><div id=\"n2-ss-2-align\" class=\"n2-ss-align\"><div class=\"n2-padding\"><div id=\"n2-ss-2\" data-creator=\"Smart Slider 3\" data-responsive=\"auto\" class=\"n2-ss-slider n2-ow n2-has-hover n2notransition  \">\n\n\n\n\n\n\n\n<div class=\"n2-ss-slider-wrapper-inside\">\n        <div class=\"n2-ss-slider-1 n2_ss__touch_element n2-ow\">\n            <div class=\"n2-ss-slider-2 n2-ow\">\n                                                    <div class=\"n2-ss-background-animation n2-ow\"><\/div>\n                                <div class=\"n2-ss-slider-3 n2-ow\">\n\n                    <div class=\"n2-ss-slide-backgrounds n2-ow-all\"><div class=\"n2-ss-slide-background\" data-public-id=\"1\" data-mode=\"fill\"><div class=\"n2-ss-slide-background-image\" data-blur=\"0\" data-opacity=\"50\" data-x=\"33\" data-y=\"27\" data-alt=\"\" data-title=\"\" style=\"opacity:0.5;--ss-o-pos-x:33%;--ss-o-pos-y:27%\"><picture class=\"skip-lazy\" data-skip-lazy=\"1\"><img decoding=\"async\" src=\"\/\/site.educa.madrid.org\/eoi.moratalaz.madrid\/\/wp-content\/uploads\/eoi.moratalaz.madrid\/slider\/cache\/bffde98d38807e577aa8d90690f278e4\/20170425_154523-1-scaled.jpg\" alt=\"\" title=\"\" loading=\"lazy\" class=\"skip-lazy\" data-skip-lazy=\"1\"><\/picture><\/div><div data-color=\"RGBA(0,0,0,1)\" style=\"background-color: RGBA(0,0,0,1);\" class=\"n2-ss-slide-background-color\"><\/div><\/div><div class=\"n2-ss-slide-background\" data-public-id=\"2\" data-mode=\"fill\"><div class=\"n2-ss-slide-background-image\" data-blur=\"0\" data-opacity=\"100\" data-x=\"46\" data-y=\"71\" data-alt=\"\" data-title=\"\" style=\"--ss-o-pos-x:46%;--ss-o-pos-y:71%\"><picture class=\"skip-lazy\" data-skip-lazy=\"1\"><img decoding=\"async\" src=\"\/\/site.educa.madrid.org\/eoi.moratalaz.madrid\/\/wp-content\/uploads\/eoi.moratalaz.madrid\/slider\/cache\/268527a31ceb33a4c085aa3e5e709beb\/20221107_204859-scaled.jpg\" alt=\"\" title=\"\" loading=\"lazy\" class=\"skip-lazy\" data-skip-lazy=\"1\"><\/picture><\/div><div data-color=\"RGBA(255,255,255,0)\" style=\"background-color: RGBA(255,255,255,0);\" class=\"n2-ss-slide-background-color\"><\/div><\/div><div class=\"n2-ss-slide-background\" data-public-id=\"3\" data-mode=\"fill\"><div class=\"n2-ss-slide-background-image\" data-blur=\"0\" data-opacity=\"30\" data-x=\"22\" data-y=\"17\" data-alt=\"\" data-title=\"\" style=\"opacity:0.3;--ss-o-pos-x:22%;--ss-o-pos-y:17%\"><picture class=\"skip-lazy\" data-skip-lazy=\"1\"><img decoding=\"async\" src=\"\/\/site.educa.madrid.org\/eoi.moratalaz.madrid\/\/wp-content\/uploads\/eoi.moratalaz.madrid\/slider\/cache\/2985ac39a9ca55c945873bf52d41bcd8\/20221111_115415-scaled.jpg\" alt=\"\" title=\"\" loading=\"lazy\" class=\"skip-lazy\" data-skip-lazy=\"1\"><\/picture><\/div><div data-color=\"RGBA(0,0,0,1)\" style=\"background-color: RGBA(0,0,0,1);\" class=\"n2-ss-slide-background-color\"><\/div><\/div><div class=\"n2-ss-slide-background\" data-public-id=\"4\" data-mode=\"fill\"><div class=\"n2-ss-slide-background-image\" data-blur=\"0\" data-opacity=\"50\" data-x=\"25\" data-y=\"34\" data-alt=\"\" data-title=\"\" style=\"opacity:0.5;--ss-o-pos-x:25%;--ss-o-pos-y:34%\"><picture class=\"skip-lazy\" data-skip-lazy=\"1\"><img decoding=\"async\" src=\"\/\/site.educa.madrid.org\/eoi.moratalaz.madrid\/\/wp-content\/uploads\/eoi.moratalaz.madrid\/slider\/cache\/bc20d93d756b92568e9a9374f674d1b2\/20221221_192307-scaled.jpg\" alt=\"\" title=\"\" loading=\"lazy\" class=\"skip-lazy\" data-skip-lazy=\"1\"><\/picture><\/div><div data-color=\"RGBA(0,0,0,1)\" style=\"background-color: RGBA(0,0,0,1);\" class=\"n2-ss-slide-background-color\"><\/div><\/div><\/div>                    <div class=\"n2-ss-slider-4 n2-ow\">\n                        <svg xmlns=\"http:\/\/www.w3.org\/2000\/svg\" viewBox=\"0 0 1200 600\" data-related-device=\"desktopPortrait\" class=\"n2-ow n2-ss-preserve-size n2-ss-preserve-size--slider n2-ss-slide-limiter\"><\/svg><div data-first=\"1\" data-slide-duration=\"0\" data-id=\"4\" data-slide-public-id=\"1\" data-title=\"Slide 1\" class=\"n2-ss-slide n2-ow  n2-ss-slide-4\"><div role=\"note\" class=\"n2-ss-slide--focus\" tabindex=\"-1\">Slide 1<\/div><div class=\"n2-ss-layers-container n2-ss-slide-limiter n2-ow\"><div class=\"n2-ss-layer n2-ow n-uc-NSDsyWpJ8j4I\" data-sstype=\"slide\" data-pm=\"default\"><div class=\"n2-ss-layer n2-ow n-uc-16610d53ccff8\" data-pm=\"default\" data-sstype=\"content\" data-hasbackground=\"0\"><div class=\"n2-ss-section-main-content n2-ss-layer-with-background n2-ss-layer-content n2-ow n-uc-16610d53ccff8-inner\"><div class=\"n2-ss-layer n2-ow n-uc-eIPSQ9Nf9oNR\" data-pm=\"normal\" data-sstype=\"layer\"><div id=\"n2-ss-2item1\" class=\"n2-font-fb686852f9297b464b5d2cc0031b3243-hover   n2-ss-item-content n2-ss-text n2-ow\" style=\"display:block;\">\u00a1Bienvenidos! Welcome! Bienvenu! Willkommen! Benvenuti!<\/div><\/div><div class=\"n2-ss-layer n2-ow n-uc-EZFUDhO1zGDn\" data-pm=\"normal\" data-sstype=\"layer\"><div id=\"n2-ss-2item2\" class=\"n2-font-8a35694de5c4ca1619e92e2c8ca52438-hover   n2-ss-item-content n2-ss-text n2-ow\" style=\"display:block;\">Escuela Oficial de Idiomas Madrid &#8211; Moratalaz<br><br>Ense\u00f1anza de alem\u00e1n, franc\u00e9s, ingl\u00e9s e italiano desde hace 25 a\u00f1os<\/div><\/div><\/div><\/div><\/div><\/div><\/div><div data-slide-duration=\"0\" data-id=\"10\" data-slide-public-id=\"2\" data-title=\"Admisi\u00f3n nuevos alumnos \" class=\"n2-ss-slide n2-ow  n2-ss-slide-10\"><div role=\"note\" class=\"n2-ss-slide--focus\" tabindex=\"-1\">Admisi\u00f3n nuevos alumnos <\/div><div class=\"n2-ss-layers-container n2-ss-slide-limiter n2-ow\"><div class=\"n2-ss-layer n2-ow n-uc-YiEkuVF0Pb5J\" data-sstype=\"slide\" data-pm=\"default\"><div class=\"n2-ss-layer n2-ow n-uc-fb9a259lt43Y\" data-pm=\"default\" data-sstype=\"content\" data-hasbackground=\"0\"><div class=\"n2-ss-section-main-content n2-ss-layer-with-background n2-ss-layer-content n2-ow n-uc-fb9a259lt43Y-inner\"><div class=\"n2-ss-layer n2-ow n-uc-jYqQdOU12Jsb n2-ss-layer--auto\" data-pm=\"normal\" data-sstype=\"layer\"><h1 id=\"n2-ss-2item3\" class=\"n2-font-577e3e94d392c80545fffaf7623e9404-hover   n2-ss-item-content n2-ss-text n2-ow\" style=\"display:inline-block;\">Admisi\u00f3n  Nuevos Alumnos <br><\/h1><\/div><div class=\"n2-ss-layer n2-ow n-uc-Jl06h917xO1I n2-ss-layer--auto\" data-pm=\"normal\" data-sstype=\"layer\"><div class=\"n2-ss-button-container n2-ss-item-content n2-ow n2-font-176464dee0eea5b1ac11b21dab9b24d2-link  n2-ss-nowrap n2-ss-button-container--non-full-width\"><a class=\"n2-style-fd38549eee9ab23b7211fa4859786f10-heading  n2-ow \" href=\"https:\/\/site.educa.madrid.org\/eoi.moratalaz.madrid\/index.php\/proceso-de-admision\/\"><div><div>M\u00c1S<\/div><\/div><\/a><\/div><\/div><\/div><\/div><\/div><\/div><\/div><div data-slide-duration=\"0\" data-id=\"5\" data-slide-public-id=\"3\" data-title=\"Slide 2\" class=\"n2-ss-slide n2-ow  n2-ss-slide-5\"><div role=\"note\" class=\"n2-ss-slide--focus\" tabindex=\"-1\">Slide 2<\/div><div class=\"n2-ss-layers-container n2-ss-slide-limiter n2-ow\"><div class=\"n2-ss-layer n2-ow n-uc-ULwgNHWLel5W\" data-sstype=\"slide\" data-pm=\"default\"><div class=\"n2-ss-layer n2-ow n-uc-1bc3fe1320016\" data-pm=\"default\" data-sstype=\"content\" data-hasbackground=\"1\"><div class=\"n2-ss-section-main-content n2-ss-layer-with-background n2-ss-layer-content n2-ow n-uc-1bc3fe1320016-inner\"><div class=\"n2-ss-layer n2-ow n-uc-hNPWuonjZLz5\" data-pm=\"normal\" data-sstype=\"layer\"><div id=\"n2-ss-2item5\" class=\"n2-font-cf7ba666ec82ec27fb9c1b39e248f614-hover n2-style-74516f7ca37e0a1fae9e75f5ffb778af-heading   n2-ss-item-content n2-ss-text n2-ow\" style=\"display:block;\">Aprendizaje y certificaci\u00f3n<br>Ense\u00f1anza presencial y semipresencial <br>Cursos intensivos en viernes<\/div><\/div><\/div><\/div><\/div><\/div><\/div><div data-slide-duration=\"0\" data-id=\"6\" data-slide-public-id=\"4\" data-title=\"Slide 3\" class=\"n2-ss-slide n2-ow  n2-ss-slide-6\"><div role=\"note\" class=\"n2-ss-slide--focus\" tabindex=\"-1\">Slide 3<\/div><div class=\"n2-ss-layers-container n2-ss-slide-limiter n2-ow\"><div class=\"n2-ss-layer n2-ow n-uc-v3j7KVReJXjd\" data-sstype=\"slide\" data-pm=\"default\"><div class=\"n2-ss-layer n2-ow n-uc-1cf1a6df0ba9b\" data-pm=\"default\" data-sstype=\"content\" data-hasbackground=\"0\"><div class=\"n2-ss-section-main-content n2-ss-layer-with-background n2-ss-layer-content n2-ow n-uc-1cf1a6df0ba9b-inner\"><div class=\"n2-ss-layer n2-ow n-uc-19d55a8b994af\" data-pm=\"normal\" data-sstype=\"layer\"><div id=\"n2-ss-2item6\" class=\"n2-font-8a35694de5c4ca1619e92e2c8ca52438-hover   n2-ss-item-content n2-ss-text n2-ow\" style=\"display:block;\">Actividades culturales <br>Proyectos Erasmus +<\/div><\/div><\/div><\/div><\/div><\/div><\/div>                    <\/div>\n\n                                    <\/div>\n            <\/div>\n        <\/div>\n        <div class=\"n2-ss-slider-controls n2-ss-slider-controls-absolute-right-top\"><div style=\"--widget-offset:15px;\" class=\"n2-ss-widget n2-ss-widget-display-hover n2-style-f17ddbf2d8ed14421f9093b94b93b8a9-heading nextend-autoplay n2-ow-all nextend-autoplay-image\" role=\"button\" aria-label=\"Iniciar reproducci\u00f3n autom\u00e1tica\" data-pause-label=\"Pausar reproducci\u00f3n autom\u00e1tica\" data-play-label=\"Iniciar reproducci\u00f3n autom\u00e1tica\" tabindex=\"0\"><img decoding=\"async\" class=\"nextend-autoplay-play skip-lazy\" data-skip-lazy=\"1\" src=\"data:image\/svg+xml;base64,PHN2ZyB3aWR0aD0iMTYiIGhlaWdodD0iMTYiIHZpZXdCb3g9IjAgMCAxNiAxNiIgeG1sbnM9Imh0dHA6Ly93d3cudzMub3JnLzIwMDAvc3ZnIj4KICAgIDxwYXRoIGQ9Ik0xMS41OCA3LjAzTDUuMzAyIDIuMTY1QzUuMTY1IDIuMDU3IDUuMDE2IDIgNC44NTcgMiA0LjM4NCAyIDQgMi41MDQgNCAzLjEyNXY5Ljc1YzAgLjYyLjM4NCAxLjEyNS44NTcgMS4xMjUuMTYgMCAuMzA4LS4wNTcuNDM2LS4xNTZMMTEuNTggOC45N2MuMjUtLjE5OC40Mi0uNTU4LjQyLS45NyAwLS40MTItLjE3LS43NzMtLjQyLS45N3oiCiAgICAgICAgICBmaWxsPSIjZmZmZmZmIiBvcGFjaXR5PSIwLjgiIGZpbGwtcnVsZT0iZXZlbm9kZCIvPgo8L3N2Zz4=\" alt=\"Play\"><img decoding=\"async\" class=\"nextend-autoplay-pause skip-lazy\" data-skip-lazy=\"1\" src=\"data:image\/svg+xml;base64,PHN2ZyB3aWR0aD0iMTYiIGhlaWdodD0iMTYiIHZpZXdCb3g9IjAgMCAxNiAxNiIgeG1sbnM9Imh0dHA6Ly93d3cudzMub3JnLzIwMDAvc3ZnIj4KICAgIDxwYXRoIGQ9Ik00IDJ2MTJoM1YySDR6bTUgMHYxMmgzVjJIOXoiIGZpbGw9IiNmZmZmZmYiIG9wYWNpdHk9IjAuOCIgZmlsbC1ydWxlPSJldmVub2RkIi8+Cjwvc3ZnPg==\" alt=\"Pause\"><\/div><\/div><div class=\"n2-ss-slider-controls n2-ss-slider-controls-absolute-left-center\"><div style=\"--widget-offset:15px;\" class=\"n2-ss-widget nextend-arrow n2-ow-all nextend-arrow-previous  nextend-arrow-animated-fade\" data-hide-mobileportrait=\"1\" id=\"n2-ss-2-arrow-previous\" role=\"button\" aria-label=\"previous arrow\" tabindex=\"0\"><img loading=\"lazy\" decoding=\"async\" width=\"32\" height=\"32\" class=\"skip-lazy\" data-skip-lazy=\"1\" src=\"data:image\/svg+xml;base64,PHN2ZyB3aWR0aD0iMzIiIGhlaWdodD0iMzIiIHZpZXdCb3g9IjAgMCAzMiAzMiIgeG1sbnM9Imh0dHA6Ly93d3cudzMub3JnLzIwMDAvc3ZnIj4KICAgIDxwYXRoIGQ9Ik0xMS40MzMgMTUuOTkyTDIyLjY5IDUuNzEyYy4zOTMtLjM5LjM5My0xLjAzIDAtMS40Mi0uMzkzLS4zOS0xLjAzLS4zOS0xLjQyMyAwbC0xMS45OCAxMC45NGMtLjIxLjIxLS4zLjQ5LS4yODUuNzYtLjAxNS4yOC4wNzUuNTYuMjg0Ljc3bDExLjk4IDEwLjk0Yy4zOTMuMzkgMS4wMy4zOSAxLjQyNCAwIC4zOTMtLjQuMzkzLTEuMDMgMC0xLjQybC0xMS4yNTctMTAuMjkiCiAgICAgICAgICBmaWxsPSIjZmZmZmZmIiBvcGFjaXR5PSIwLjgiIGZpbGwtcnVsZT0iZXZlbm9kZCIvPgo8L3N2Zz4=\" alt=\"previous arrow\"><\/div><\/div><div class=\"n2-ss-slider-controls n2-ss-slider-controls-absolute-right-center\"><div style=\"--widget-offset:15px;\" class=\"n2-ss-widget nextend-arrow n2-ow-all nextend-arrow-next  nextend-arrow-animated-fade\" data-hide-mobileportrait=\"1\" id=\"n2-ss-2-arrow-next\" role=\"button\" aria-label=\"next arrow\" tabindex=\"0\"><img loading=\"lazy\" decoding=\"async\" width=\"32\" height=\"32\" class=\"skip-lazy\" data-skip-lazy=\"1\" src=\"data:image\/svg+xml;base64,PHN2ZyB3aWR0aD0iMzIiIGhlaWdodD0iMzIiIHZpZXdCb3g9IjAgMCAzMiAzMiIgeG1sbnM9Imh0dHA6Ly93d3cudzMub3JnLzIwMDAvc3ZnIj4KICAgIDxwYXRoIGQ9Ik0xMC43MjIgNC4yOTNjLS4zOTQtLjM5LTEuMDMyLS4zOS0xLjQyNyAwLS4zOTMuMzktLjM5MyAxLjAzIDAgMS40MmwxMS4yODMgMTAuMjgtMTEuMjgzIDEwLjI5Yy0uMzkzLjM5LS4zOTMgMS4wMiAwIDEuNDIuMzk1LjM5IDEuMDMzLjM5IDEuNDI3IDBsMTIuMDA3LTEwLjk0Yy4yMS0uMjEuMy0uNDkuMjg0LS43Ny4wMTQtLjI3LS4wNzYtLjU1LS4yODYtLjc2TDEwLjcyIDQuMjkzeiIKICAgICAgICAgIGZpbGw9IiNmZmZmZmYiIG9wYWNpdHk9IjAuOCIgZmlsbC1ydWxlPSJldmVub2RkIi8+Cjwvc3ZnPg==\" alt=\"next arrow\"><\/div><\/div><div class=\"n2-ss-slider-controls n2-ss-slider-controls-absolute-center-bottom\"><div style=\"--widget-offset:10px;\" class=\"n2-ss-widget n2-ss-control-bullet n2-ow-all n2-ss-control-bullet-horizontal\"><div class=\" nextend-bullet-bar n2-bar-justify-content-center\"><div class=\"n2-bullet n2-style-bcef68443b2682444059e693254dd628-dot \" style=\"visibility:hidden;\"><\/div><\/div><\/div><\/div><\/div><\/div><ss3-loader><\/ss3-loader><\/div><\/div><div class=\"n2_clear\"><\/div><\/div>","protected":false},"excerpt":{"rendered":"<p>La EOI Moratalaz imparte las ense\u00f1anzas de alem\u00e1n, franc\u00e9s, ingl\u00e9s e italiano. Ya ha cumplido m\u00e1s de 25 a\u00f1os y se ubica en el extremo este del distrito de Moratalaz, &#8230;<\/p>\n","protected":false},"author":11,"featured_media":0,"parent":0,"menu_order":0,"comment_status":"closed","ping_status":"closed","template":"","meta":{"footnotes":""},"folder":[],"class_list":["post-304","page","type-page","status-publish","hentry"],"rttpg_featured_image_url":null,"rttpg_author":{"display_name":"Cuenta Tic eoi extmoratalaz-ptevallecas madrid","author_link":"https:\/\/site.educa.madrid.org\/eoi.moratalaz.madrid\/index.php\/author\/cuenta_tic-eoi-extmoratalaz-ptevallecas-madrid\/"},"rttpg_comment":0,"rttpg_category":false,"rttpg_excerpt":"La EOI Moratalaz imparte las ense\u00f1anzas de alem\u00e1n, franc\u00e9s, ingl\u00e9s e italiano. Ya ha cumplido m\u00e1s de 25 a\u00f1os y se ubica en el extremo este del distrito de Moratalaz, ...","post_mailing_queue_ids":[],"_links":{"self":[{"href":"https:\/\/site.educa.madrid.org\/eoi.moratalaz.madrid\/index.php\/wp-json\/wp\/v2\/pages\/304","targetHints":{"allow":["GET"]}}],"collection":[{"href":"https:\/\/site.educa.madrid.org\/eoi.moratalaz.madrid\/index.php\/wp-json\/wp\/v2\/pages"}],"about":[{"href":"https:\/\/site.educa.madrid.org\/eoi.moratalaz.madrid\/index.php\/wp-json\/wp\/v2\/types\/page"}],"author":[{"embeddable":true,"href":"https:\/\/site.educa.madrid.org\/eoi.moratalaz.madrid\/index.php\/wp-json\/wp\/v2\/users\/11"}],"replies":[{"embeddable":true,"href":"https:\/\/site.educa.madrid.org\/eoi.moratalaz.madrid\/index.php\/wp-json\/wp\/v2\/comments?post=304"}],"version-history":[{"count":18,"href":"https:\/\/site.educa.madrid.org\/eoi.moratalaz.madrid\/index.php\/wp-json\/wp\/v2\/pages\/304\/revisions"}],"predecessor-version":[{"id":3437,"href":"https:\/\/site.educa.madrid.org\/eoi.moratalaz.madrid\/index.php\/wp-json\/wp\/v2\/pages\/304\/revisions\/3437"}],"wp:attachment":[{"href":"https:\/\/site.educa.madrid.org\/eoi.moratalaz.madrid\/index.php\/wp-json\/wp\/v2\/media?parent=304"}],"wp:term":[{"taxonomy":"folder","embeddable":true,"href":"https:\/\/site.educa.madrid.org\/eoi.moratalaz.madrid\/index.php\/wp-json\/wp\/v2\/folder?post=304"}],"curies":[{"name":"wp","href":"https:\/\/api.w.org\/{rel}","templated":true}]}}