{"id":317,"date":"2024-10-21T14:34:22","date_gmt":"2024-10-21T14:34:22","guid":{"rendered":"https:\/\/www.eoimoratalaz.disercom.es\/?page_id=317"},"modified":"2024-10-21T14:34:22","modified_gmt":"2024-10-21T14:34:22","slug":"normativa","status":"publish","type":"page","link":"https:\/\/site.educa.madrid.org\/eoi.moratalaz.madrid\/index.php\/normativa\/","title":{"rendered":"Normativa"},"content":{"rendered":"\n<div style=\"height:100px\" aria-hidden=\"true\" class=\"wp-block-spacer\"><\/div>\n\n\n\n<h2 class=\"wp-block-heading\">Normativa Comunidad de Madrid<\/h2>\n\n\n\n<hr class=\"wp-block-separator has-text-color has-black-color has-alpha-channel-opacity has-black-background-color has-background is-style-wide\"\/>\n\n\n\n<h3 class=\"wp-block-heading\">Curr\u00edculo de ense\u00f1anzas de idiomas<\/h3>\n\n\n\n<ul class=\"wp-block-list\">\n<li><strong><a href=\"https:\/\/www.bocm.es\/boletin\/CM_Orden_BOCM\/2018\/06\/25\/BOCM-20180625-16.PDF\" target=\"_blank\" rel=\"noreferrer noopener\">Decreto 106\/2018, de 19 de junio<\/a><\/strong>,\u00a0del Consejo de Gobierno, por el que se ordenan las ense\u00f1anzas de idiomas de r\u00e9gimen especial y se establecen los\u00a0<strong>curr\u00edculos de los niveles b\u00e1sico, intermedio y avanzado<\/strong>\u00a0en la Comunidad de Madrid.<\/li>\n<\/ul>\n\n\n\n<h3 class=\"wp-block-heading\">Evaluaci\u00f3n<\/h3>\n\n\n\n<ul class=\"wp-block-list\">\n<li><strong><a href=\"https:\/\/www.educa2.madrid.org\/web\/educamadrid\/principal\/files\/c129503e-efd8-4138-a1c3-4a3c82539f95\/Orden%202414%202019%20evaluaci%C3%B3n%20y%20certificaci%C3%B3n%20Ense%C3%B1anzas%20idiomas_CONSOLIDADA.PDF?t=1677362515544\" target=\"_blank\" rel=\"noreferrer noopener\">Orden 2414\/2019, de 1 de agosto, versi\u00f3n CONSOLIDADA<\/a><\/strong>, del Consejero de Educaci\u00f3n e Investigaci\u00f3n, por la que\u00a0<strong>se regula la evaluaci\u00f3n y certificaci\u00f3n de los niveles b\u00e1sico, intermedio y avanzado<\/strong>\u00a0de las Ense\u00f1anzas de Idiomas de R\u00e9gimen Especial en la Comunidad de Madrid,\u00a0<strong>modificada por la <\/strong><a href=\"https:\/\/www.comunidad.madrid\/transparencia\/sites\/default\/files\/bocm-20210820-5.pdf\" target=\"_blank\" rel=\"noreferrer noopener\"><strong>Orden 2475\/2021, de 13 de agosto<\/strong>.<\/a><\/li>\n<\/ul>\n\n\n\n<h3 class=\"wp-block-heading\">Organizaci\u00f3n<\/h3>\n\n\n\n<ul class=\"wp-block-list\">\n<li><a href=\"https:\/\/www.educa2.madrid.org\/web\/educamadrid\/principal\/files\/c129503e-efd8-4138-a1c3-4a3c82539f95\/orden_2045_2022_de_15_de_julio.pdf?t=1677367147022\" target=\"_blank\" rel=\"noreferrer noopener\"><strong>Orden 2045\/2022, de 15 de julio,<\/strong><\/a>\u00a0de la Vicepresidencia, Consejer\u00eda de Educaci\u00f3n y Universidades, por la que se regula\u00a0<strong>el acceso, la organizaci\u00f3n de los cursos, los proyectos educativos de innovaci\u00f3n y de experimentaci\u00f3n y la matr\u00edcula<\/strong>\u00a0de las Ense\u00f1anzas de Idiomas de R\u00e9gimen Especial en la Comunidad de Madrid.<\/li>\n\n\n\n<li><a href=\"https:\/\/www.educa2.madrid.org\/web\/educamadrid\/principal\/files\/c129503e-efd8-4138-a1c3-4a3c82539f95\/Orden%201587-2022%20regula%20procedimiento%20de%20admision%20y%20matricula%20del%20alumnado%20libre%20en%20las%20EOI%20de%20la%20CM.PDF?t=1677363485300\" target=\"_blank\" rel=\"noreferrer noopener\"><strong>Orden 1587\/2022, de 8 de junio<\/strong><\/a>,\u00a0de la Consejer\u00eda de Educaci\u00f3n, Universidades, Ciencia y Portavoc\u00eda, por la que se regula el\u00a0<strong>procedimiento de admisi\u00f3n y matr\u00edcula del alumnado oficial y libre<\/strong>\u00a0en las Escuelas Oficiales de Idiomas de la Comunidad de Madrid.<\/li>\n<\/ul>\n\n\n\n<ul class=\"wp-block-list\">\n<li><a href=\"https:\/\/www.educa2.madrid.org\/web\/educamadrid\/principal\/files\/c129503e-efd8-4138-a1c3-4a3c82539f95\/2023-06-26%20INSTRUCCIONES%20DGESFPRE%20ORGANIZACI%C3%93N%20Y%20FUNCIONAMIENTO%20EOI%202023-2024%20FDAS.pdf?t=1687985113756\" target=\"_blank\" rel=\"noreferrer noopener\"><strong>Instrucciones de 26 de junio de 2023<\/strong><\/a>\u00a0de la Direcci\u00f3n General de Educaci\u00f3n Secundaria, Formaci\u00f3n Profesional y R\u00e9gimen Especial\u00a0<strong>sobre la organizaci\u00f3n y el funcionamiento de las Escuelas Oficiales de Idiomas de la Comunidad de Madrid\u00a0<\/strong>durante el curso acad\u00e9mico\u00a0<strong>2023-2024<\/strong>.<\/li>\n\n\n\n<li><strong><a href=\"https:\/\/www.educa2.madrid.org\/web\/educamadrid\/principal\/files\/507748a7-15fe-4fe0-b43b-6f722d52ed51\/Resolucion%20conjunta%20instrucciones%20inicio%20de%20curso%2023-24.pdf?t=1686739263583\" target=\"_blank\" rel=\"noreferrer noopener\">Instrucciones de 13 de junio de 2023<\/a><\/strong>\u00a0de las Viceconsejer\u00edas de Pol\u00edtica Educativa y de Organizaci\u00f3n Educativa, sobre <strong>comienzo del curso escolar 2023-2024<\/strong> en centros docentes p\u00fablicos no universitarios de la Comunidad de Madrid.<\/li>\n<\/ul>\n\n\n\n<h3 class=\"wp-block-heading\">Admisi\u00f3n nuevo alumnado<\/h3>\n\n\n\n<ul class=\"wp-block-list\">\n<li><a href=\"https:\/\/www.bocm.es\/boletin\/CM_Orden_BOCM\/2023\/03\/30\/BOCM-20230330-27.PDF\" target=\"_blank\" rel=\"noreferrer noopener\"><strong>Resoluci\u00f3n de 22 de marzo de 2023<\/strong><\/a>, de la Direcci\u00f3n General de Educaci\u00f3n Secundaria, Formaci\u00f3n profesional y R\u00e9gimen especial, por la que se determinan los\u00a0<strong>plazos de acceso, admisi\u00f3n y matr\u00edcula de alumnos de nuevo ingreso<\/strong>\u00a0para el\u00a0<strong>curso 2023-2024<\/strong>\u00a0en las Escuelas Oficiales de Idiomas de la Comunidad de Madrid.<\/li>\n\n\n\n<li><strong><a href=\"https:\/\/www.comunidad.madrid\/sites\/default\/files\/doc\/educacion\/2023-04-26_instrucciones_con_anexo_fdo.pdf\" target=\"_blank\" rel=\"noreferrer noopener\">Instrucciones del 26 de abril de 2023<\/a>\u00a0<\/strong>de la Direcci\u00f3n General de Educaci\u00f3n Secundaria, Formaci\u00f3n Profesional y R\u00e9gi<strong>men especial\u00a0<a href=\"https:\/\/www.comunidad.madrid\/sites\/default\/files\/doc\/educacion\/2023-04-26_instrucciones_con_anexo_fdo.pdf\" target=\"_blank\" rel=\"noreferrer noopener\">sobre acceso, admisi\u00f3n y matr\u00edcula de alumnos de nuevo ingreso<\/a><\/strong>\u00a0en las Escuelas Oficiales de Idiomas de la Comunidad de Madrid para el curso acad\u00e9mico 2022-2023<\/li>\n\n\n\n<li><a href=\"https:\/\/www.educa2.madrid.org\/web\/educamadrid\/principal\/files\/c129503e-efd8-4138-a1c3-4a3c82539f95\/Orden%201587-2022%20regula%20procedimiento%20de%20admision%20y%20matricula%20del%20alumnado%20libre%20en%20las%20EOI%20de%20la%20CM.PDF?t=1677363485300\" target=\"_blank\" rel=\"noreferrer noopener\"><strong>Orden 1587\/2022, de 8 de junio<\/strong><\/a>,\u00a0de la Consejer\u00eda de Educaci\u00f3n, Universidades, Ciencia y Portavoc\u00eda, por la que se regula el\u00a0<strong>procedimiento de admisi\u00f3n y matr\u00edcula del alumnado oficial y libre<\/strong>\u00a0en las Escuelas Oficiales de Idiomas de la Comunidad de Madrid.<\/li>\n\n\n\n<li><a href=\"https:\/\/www.educa2.madrid.org\/web\/educamadrid\/principal\/files\/c129503e-efd8-4138-a1c3-4a3c82539f95\/anexo_v_.pdf?t=1677366648209\" target=\"_blank\" rel=\"noreferrer noopener\"><strong>Calendario de actuaci\u00f3n para la admisi\u00f3n<\/strong><\/a>\u00a0del curso 2023-2024.<\/li>\n\n\n\n<li><a href=\"https:\/\/www.comunidad.madrid\/sites\/default\/files\/doc\/educacion\/2023-06-15_tabla_certificaciones_acceso_eoi_2023.pdf\" target=\"_blank\" rel=\"noreferrer noopener\"><strong>Certificados y diplomas que acreditan la competencia en lenguas extranjeras a efectos de acceso<\/strong><\/a>\u00a0en las Ense\u00f1anzas de Idiomas.<\/li>\n<\/ul>\n\n\n\n<h3 class=\"wp-block-heading\">Admisi\u00f3n alumnado libre<\/h3>\n\n\n\n<ul class=\"wp-block-list\">\n<li><a href=\"https:\/\/www.bocm.es\/boletin\/CM_Orden_BOCM\/2023\/03\/30\/BOCM-20230330-26.PDF\" target=\"_blank\" rel=\"noreferrer noopener\"><strong>Resoluci\u00f3n de 21 de marzo de 2023<\/strong><\/a>, de la Direcci\u00f3n General de Educaci\u00f3n Secundaria, Formaci\u00f3n Profesional y R\u00e9gimen Especial, sobre el procedimiento de\u00a0<strong>admisi\u00f3n y matr\u00edcula de alumnos libres en las pruebas de certificaci\u00f3n<\/strong>\u00a0en las Escuelas Oficiales de Idiomas de la Comunidad de Madrid\u00a0<strong>para el a\u00f1o 2023.<\/strong><\/li>\n<\/ul>\n\n\n\n<h3 class=\"wp-block-heading\">Pruebas de certificaci\u00f3n<\/h3>\n\n\n\n<p><a rel=\"noreferrer noopener\" href=\"https:\/\/www.bocm.es\/boletin\/CM_Orden_BOCM\/2023\/03\/30\/BOCM-20230330-26.PDF\" target=\"_blank\"><strong>Resoluci\u00f3n de 21 de marzo de 2023<\/strong><\/a>, de la Direcci\u00f3n General de Educaci\u00f3n Secundaria, Formaci\u00f3n Profesional y R\u00e9gimen Especial, sobre el procedimiento de&nbsp;<strong>admisi\u00f3n y matr\u00edcula de alumnos libres en las pruebas de certificaci\u00f3n<\/strong>&nbsp;en las Escuelas Oficiales de Idiomas de la Comunidad de Madrid&nbsp;<strong>para el a\u00f1o 2023.<\/strong><\/p>\n\n\n\n<p><a rel=\"noreferrer noopener\" href=\"https:\/\/www.educa2.madrid.org\/web\/educamadrid\/principal\/files\/f68a6aa2-cc85-4a11-8e9c-6ef48b4cdfcf\/CALENDARIOpruebascertificacionEOI2022_2023FDO.pdf?t=1674567421258\" target=\"_blank\"><strong>Calendario de realizaci\u00f3n de las Pruebas de Certificaci\u00f3n en las Escuelas Oficiales de Idiomas&nbsp;<\/strong><\/a>de la Comunidad de Madrid en el curso acad\u00e9mico 2022-2023. Convocatoria de alumnos oficiales y libres.&nbsp;<\/p>\n\n\n\n<hr class=\"wp-block-separator has-alpha-channel-opacity\"\/>\n\n\n\n<h2 class=\"wp-block-heading\">Normativa estatal<\/h2>\n\n\n\n<hr class=\"wp-block-separator has-text-color has-black-color has-alpha-channel-opacity has-black-background-color has-background is-style-wide\"\/>\n\n\n\n<hr class=\"wp-block-separator has-alpha-channel-opacity\"\/>\n\n\n\n<h3 class=\"wp-block-heading\">Educaci\u00f3n<\/h3>\n\n\n\n<ul class=\"wp-block-list\">\n<li><a href=\"https:\/\/www.boe.es\/buscar\/pdf\/2006\/BOE-A-2006-7899-consolidado.pdf\" target=\"_blank\" rel=\"noreferrer noopener\"><strong>Ley Org\u00e1nica 2\/2006<\/strong>,\u00a0de 3 de mayo,\u00a0<strong>de Educaci\u00f3n<\/strong>,\u00a0modificada por\u00a0<strong>Ley Org\u00e1nica 3\/2020,\u00a0<\/strong><\/a><strong><a href=\"https:\/\/www.boe.es\/buscar\/pdf\/2006\/BOE-A-2006-7899-consolidado.pdf\">de 29 diciembre.\u00a0<\/a>T\u00edtulo I, Cap\u00edtulo VII\u00a0(art\u00edculos del 59 a 62)<\/strong><\/li>\n<\/ul>\n\n\n\n<h3 class=\"wp-block-heading\">Curr\u00edculo de ense\u00f1anzas de idiomas<\/h3>\n\n\n\n<ul class=\"wp-block-list\">\n<li><strong><a href=\"https:\/\/www.boe.es\/boe\/dias\/2017\/12\/23\/pdfs\/BOE-A-2017-15367.pdf\" target=\"_blank\" rel=\"noreferrer noopener\">Real Decreto 1041\/2017, de 22 de diciembre<\/a>,<\/strong>\u00a0por el que se fijan las exigencias m\u00ednimas del nivel b\u00e1sico a efectos de certificaci\u00f3n, se establece el\u00a0<strong>curr\u00edculo b\u00e1sico de los niveles Intermedio B1, Intermedio B2, Avanzado C1, y Avanzado C2<\/strong>, de las Ense\u00f1anzas de idiomas de r\u00e9gimen especial reguladas por la Ley Org\u00e1nica 2\/2006, de 3 de mayo, de Educaci\u00f3n, y se establecen las equivalencias entre las Ense\u00f1anzas de idiomas de r\u00e9gimen especial reguladas en diversos planes de estudios y las de este real decreto.<\/li>\n<\/ul>\n\n\n\n<h3 class=\"wp-block-heading\">Evaluaci\u00f3n<\/h3>\n\n\n\n<ul class=\"wp-block-list\">\n<li><strong><a href=\"https:\/\/www.boe.es\/boe\/dias\/2019\/01\/12\/pdfs\/BOE-A-2019-317.pdf\">Real Decreto 1\/2019, de 11 de enero<\/a>,<\/strong> por el que se establecen los\u00a0<strong>principios b\u00e1sicos comunes de evaluaci\u00f3n aplicables a las pruebas de certificaci\u00f3n<\/strong>\u00a0oficial de los niveles\u00a0<strong>Intermedio B1, Intermedio B2, Avanzado C1 y Avanzado C2<\/strong>\u00a0de las ense\u00f1anazas de idiomas de r\u00e9gimen especial.<\/li>\n<\/ul>\n","protected":false},"excerpt":{"rendered":"<p>Normativa Comunidad de Madrid Curr\u00edculo de ense\u00f1anzas de idiomas Evaluaci\u00f3n Organizaci\u00f3n Admisi\u00f3n nuevo alumnado Admisi\u00f3n alumnado libre Pruebas de certificaci\u00f3n Resoluci\u00f3n de 21 de marzo de 2023, de la Direcci\u00f3n &#8230;<\/p>\n","protected":false},"author":11,"featured_media":0,"parent":0,"menu_order":0,"comment_status":"closed","ping_status":"closed","template":"","meta":{"footnotes":""},"folder":[],"class_list":["post-317","page","type-page","status-publish","hentry"],"rttpg_featured_image_url":null,"rttpg_author":{"display_name":"Cuenta Tic eoi extmoratalaz-ptevallecas madrid","author_link":"https:\/\/site.educa.madrid.org\/eoi.moratalaz.madrid\/index.php\/author\/cuenta_tic-eoi-extmoratalaz-ptevallecas-madrid\/"},"rttpg_comment":0,"rttpg_category":false,"rttpg_excerpt":"Normativa Comunidad de Madrid Curr\u00edculo de ense\u00f1anzas de idiomas Evaluaci\u00f3n Organizaci\u00f3n Admisi\u00f3n nuevo alumnado Admisi\u00f3n alumnado libre Pruebas de certificaci\u00f3n Resoluci\u00f3n de 21 de marzo de 2023, de la Direcci\u00f3n ...","post_mailing_queue_ids":[],"_links":{"self":[{"href":"https:\/\/site.educa.madrid.org\/eoi.moratalaz.madrid\/index.php\/wp-json\/wp\/v2\/pages\/317","targetHints":{"allow":["GET"]}}],"collection":[{"href":"https:\/\/site.educa.madrid.org\/eoi.moratalaz.madrid\/index.php\/wp-json\/wp\/v2\/pages"}],"about":[{"href":"https:\/\/site.educa.madrid.org\/eoi.moratalaz.madrid\/index.php\/wp-json\/wp\/v2\/types\/page"}],"author":[{"embeddable":true,"href":"https:\/\/site.educa.madrid.org\/eoi.moratalaz.madrid\/index.php\/wp-json\/wp\/v2\/users\/11"}],"replies":[{"embeddable":true,"href":"https:\/\/site.educa.madrid.org\/eoi.moratalaz.madrid\/index.php\/wp-json\/wp\/v2\/comments?post=317"}],"version-history":[{"count":0,"href":"https:\/\/site.educa.madrid.org\/eoi.moratalaz.madrid\/index.php\/wp-json\/wp\/v2\/pages\/317\/revisions"}],"wp:attachment":[{"href":"https:\/\/site.educa.madrid.org\/eoi.moratalaz.madrid\/index.php\/wp-json\/wp\/v2\/media?parent=317"}],"wp:term":[{"taxonomy":"folder","embeddable":true,"href":"https:\/\/site.educa.madrid.org\/eoi.moratalaz.madrid\/index.php\/wp-json\/wp\/v2\/folder?post=317"}],"curies":[{"name":"wp","href":"https:\/\/api.w.org\/{rel}","templated":true}]}}