{"id":1218,"date":"2021-12-01T09:44:22","date_gmt":"2021-12-01T08:44:22","guid":{"rendered":"https:\/\/site.educa.madrid.org\/eoi.valdezarza.madrid\/?page_id=1218"},"modified":"2025-10-20T20:25:20","modified_gmt":"2025-10-20T18:25:20","slug":"contacto","status":"publish","type":"page","link":"https:\/\/site.educa.madrid.org\/eoi.valdezarza.madrid\/index.php\/contacto\/","title":{"rendered":""},"content":{"rendered":"\n<p><\/p>\n\n\n\n<div class=\"wp-block-columns is-layout-flex wp-container-core-columns-is-layout-9d6595d7 wp-block-columns-is-layout-flex\">\n<div class=\"wp-block-column is-layout-flow wp-block-column-is-layout-flow\">\n<h2 class=\"wp-block-heading\">\u00bfD\u00f3nde estamos?<\/h2>\n\n\n\n<p><mark style=\"background-color:rgba(0, 0, 0, 0)\" class=\"has-inline-color has-black-color\"><strong>DIRECCI\u00d3N:<\/strong><br>C\/ FERM\u00cdN CABALLERO, 92<br><strong>AUTOBUS:<\/strong><br>67, 127 (en la puerta ) 42, 83 y 133 (en los alrededores)<br><strong>METRO:<\/strong><br>Avda. Ilustraci\u00f3n l\u00ednea 7<\/mark><\/p>\n<\/div>\n\n\n\n<div class=\"wp-block-column is-layout-flow wp-block-column-is-layout-flow\"><p><iframe loading=\"lazy\" src=\"https:\/\/www.google.com\/maps\/embed?pb=!1m18!1m12!1m3!1d3034.781815480783!2d-3.720547948580653!3d40.48009167925646!2m3!1f0!2f0!3f0!3m2!1i1024!2i768!4f13.1!3m3!1m2!1s0xd422993dead5c6f%3A0xc6e871834462d952!2sAvda.%20de%20la%20Ilustracion!5e0!3m2!1ses!2ses!4v1574772187176!5m2!1ses!2ses\" style=\"border:0;\" allowfullscreen=\"\" width=\"300\" height=\"300\" frameborder=\"0\"><\/iframe><\/p>\n<\/div>\n<\/div>\n\n\n\n<h2 class=\"wp-block-heading\">\u00bfCu\u00e1l es nuestro horario de apertura?<\/h2>\n\n\n\n<p><strong><mark style=\"background-color:rgba(0, 0, 0, 0)\" class=\"has-inline-color has-black-color\">HORARIO DE ATENCI\u00d3N AL P\u00daBLICO CONSERJER\u00cdA<\/mark><\/strong><br><strong><mark style=\"background-color:rgba(0, 0, 0, 0)\" class=\"has-inline-color has-black-color\">Lunes y mi\u00e9rcoles: de 14:00 a 21:00 h<\/mark><\/strong> <mark style=\"background-color:rgba(0, 0, 0, 0)\" class=\"has-inline-color has-vivid-red-color\">(en <strong>julio<\/strong>, desde las 9:00 h hasta las 20:00 h)<\/mark><br><strong><mark style=\"background-color:rgba(0, 0, 0, 0)\" class=\"has-inline-color has-black-color\">Martes y jueves: de 8:30 a 21:00 h<\/mark><\/strong> <mark style=\"background-color:rgba(0, 0, 0, 0)\" class=\"has-inline-color has-vivid-red-color\">(en <strong>julio<\/strong>, desde las 9:00 h hasta las 20:00 h)<\/mark><br><strong><mark style=\"background-color:rgba(0, 0, 0, 0)\" class=\"has-inline-color has-black-color\">Viernes: de 8:30 a 20:00 h<\/mark><\/strong> <mark style=\"background-color:rgba(0, 0, 0, 0)\" class=\"has-inline-color has-vivid-red-color\">(en <strong>julio<\/strong>, desde las 9:00 h hasta las 15:00h)<\/mark><\/p>\n\n\n\n<p><br><strong><mark style=\"background-color:rgba(0, 0, 0, 0)\" class=\"has-inline-color has-black-color\">HORARIO DE ATENCI\u00d3N AL P\u00daBLICO SECRETAR\u00cdA<\/mark><\/strong><br><mark style=\"background-color:rgba(0, 0, 0, 0)\" class=\"has-inline-color has-black-color\"><strong>De lunes a jueves:<\/strong> <strong>de 8:30 a 21:00 h<\/strong> <\/mark><mark style=\"background-color:rgba(0, 0, 0, 0)\" class=\"has-inline-color has-vivid-red-color\">(en <strong>julio<\/strong>, desde las 9:00 h hasta las 20:00 h)<\/mark><br><strong><mark style=\"background-color:rgba(0, 0, 0, 0)\" class=\"has-inline-color has-black-color\">Viernes:  De 9:00 a 15:00 h<\/mark><\/strong> <mark style=\"background-color:rgba(0, 0, 0, 0)\" class=\"has-inline-color has-vivid-red-color\">(en <strong>julio<\/strong>, desde las 9:00 h hasta las 14:00 h)<\/mark><\/p>\n\n\n\n<p class=\"has-text-align-left\"><br><mark style=\"background-color:rgba(0, 0, 0, 0)\" class=\"has-inline-color has-black-color\"><strong>CERRADO EN AGOSTO<\/strong><br><\/mark><\/p>\n\n\n\n<p><mark style=\"background-color:rgba(0, 0, 0, 0)\" class=\"has-inline-color has-white-color\">ESPACIO<\/mark><\/p>\n\n\n\n<h2 class=\"wp-block-heading\">Contacta con nosotros<\/h2>\n\n\n\n<p><mark style=\"background-color:rgba(0, 0, 0, 0)\" class=\"has-inline-color has-black-color\"><strong>TEL\u00c9FONOS<\/strong> <strong>Conserjer\u00eda:  <\/strong>91 386 30 98 \/ 91 386 39 73<\/mark><\/p>\n\n\n\n<p class=\"has-black-color has-text-color has-link-color wp-elements-a17b10997aa09a17b9aae177295b0f0c\"><strong>CORREO ELECTR\u00d3NICO<\/strong> <strong>Secretar\u00eda:<\/strong>&nbsp;secretaria.eoi.valdezarza.madrid@educa.madrid.org<\/p>\n\n\n\n<p><mark style=\"background-color:rgba(0, 0, 0, 0)\" class=\"has-inline-color has-black-color\"><strong>TEL\u00c9FONO<\/strong> <strong>That\u2019s English:<\/strong>&nbsp;91 386 41 10<\/mark><\/p>\n\n\n\n<p><mark style=\"background-color:rgba(0, 0, 0, 0)\" class=\"has-inline-color has-black-color\"><strong>CORREO ELECTR\u00d3NICO THAT&#8217;S ENGLISH!:<\/strong> eoi.valdezarza@thatsenglish.com<\/mark><br><\/p>\n\n\n\n<p><mark style=\"background-color:rgba(0, 0, 0, 0)\" class=\"has-inline-color has-white-color\">ESPACIO ESPACIO<\/mark><\/p>\n\n\n\n<p><\/p>\n\n\n\n<p><\/p>\n\n\n\n<figure class=\"wp-block-image size-large is-resized\"><img loading=\"lazy\" decoding=\"async\" width=\"1024\" height=\"322\" src=\"https:\/\/site.educa.madrid.org\/eoi.valdezarza.madrid\/\/wp-content\/uploads\/eoi.valdezarza.madrid\/2025\/03\/Certificaciones-1024x322.png\" alt=\"\" class=\"wp-image-3846\" style=\"width:534px;height:auto\" srcset=\"https:\/\/site.educa.madrid.org\/eoi.valdezarza.madrid\/\/wp-content\/uploads\/eoi.valdezarza.madrid\/2025\/03\/Certificaciones-1024x322.png 1024w, https:\/\/site.educa.madrid.org\/eoi.valdezarza.madrid\/\/wp-content\/uploads\/eoi.valdezarza.madrid\/2025\/03\/Certificaciones-300x94.png 300w, https:\/\/site.educa.madrid.org\/eoi.valdezarza.madrid\/\/wp-content\/uploads\/eoi.valdezarza.madrid\/2025\/03\/Certificaciones-768x242.png 768w, https:\/\/site.educa.madrid.org\/eoi.valdezarza.madrid\/\/wp-content\/uploads\/eoi.valdezarza.madrid\/2025\/03\/Certificaciones-1536x483.png 1536w, https:\/\/site.educa.madrid.org\/eoi.valdezarza.madrid\/\/wp-content\/uploads\/eoi.valdezarza.madrid\/2025\/03\/Certificaciones.png 2019w\" sizes=\"auto, (max-width: 1024px) 100vw, 1024px\" \/><\/figure>\n\n\n\n<p>Escriba un mensaje al siguiente correo indicando en el asunto \u00abSUGERENCIA\u00bb O \u00abAGRADECIMIENTO\u00bb :<\/p>\n\n\n\n<p><strong>eoi.valdezarza.madrid@educa.madrid.org<\/strong><\/p>\n\n\n\n<p><\/p>\n\n\n\n<p><\/p>\n","protected":false},"excerpt":{"rendered":"<p>\u00bfD\u00f3nde estamos? DIRECCI\u00d3N:C\/ FERM\u00cdN CABALLERO, 92AUTOBUS:67, 127 (en la puerta ) 42, 83 y 133 (en los alrededores)METRO:Avda. Ilustraci\u00f3n l\u00ednea 7 \u00bfCu\u00e1l es nuestro horario de apertura? HORARIO DE ATENCI\u00d3N &#8230;<\/p>\n","protected":false},"author":2,"featured_media":0,"parent":0,"menu_order":0,"comment_status":"closed","ping_status":"closed","template":"","meta":{"footnotes":""},"folder":[],"class_list":["post-1218","page","type-page","status-publish","hentry"],"rttpg_featured_image_url":null,"rttpg_author":{"display_name":"tic.eoi.valdezarza.madrid","author_link":"https:\/\/site.educa.madrid.org\/eoi.valdezarza.madrid\/index.php\/author\/cuenta_tic-eoi-valdezarza-madrid\/"},"rttpg_comment":0,"rttpg_category":false,"rttpg_excerpt":"\u00bfD\u00f3nde estamos? DIRECCI\u00d3N:C\/ FERM\u00cdN CABALLERO, 92AUTOBUS:67, 127 (en la puerta ) 42, 83 y 133 (en los alrededores)METRO:Avda. Ilustraci\u00f3n l\u00ednea 7 \u00bfCu\u00e1l es nuestro horario de apertura? HORARIO DE ATENCI\u00d3N ...","post_mailing_queue_ids":[],"_links":{"self":[{"href":"https:\/\/site.educa.madrid.org\/eoi.valdezarza.madrid\/index.php\/wp-json\/wp\/v2\/pages\/1218","targetHints":{"allow":["GET"]}}],"collection":[{"href":"https:\/\/site.educa.madrid.org\/eoi.valdezarza.madrid\/index.php\/wp-json\/wp\/v2\/pages"}],"about":[{"href":"https:\/\/site.educa.madrid.org\/eoi.valdezarza.madrid\/index.php\/wp-json\/wp\/v2\/types\/page"}],"author":[{"embeddable":true,"href":"https:\/\/site.educa.madrid.org\/eoi.valdezarza.madrid\/index.php\/wp-json\/wp\/v2\/users\/2"}],"replies":[{"embeddable":true,"href":"https:\/\/site.educa.madrid.org\/eoi.valdezarza.madrid\/index.php\/wp-json\/wp\/v2\/comments?post=1218"}],"version-history":[{"count":50,"href":"https:\/\/site.educa.madrid.org\/eoi.valdezarza.madrid\/index.php\/wp-json\/wp\/v2\/pages\/1218\/revisions"}],"predecessor-version":[{"id":4561,"href":"https:\/\/site.educa.madrid.org\/eoi.valdezarza.madrid\/index.php\/wp-json\/wp\/v2\/pages\/1218\/revisions\/4561"}],"wp:attachment":[{"href":"https:\/\/site.educa.madrid.org\/eoi.valdezarza.madrid\/index.php\/wp-json\/wp\/v2\/media?parent=1218"}],"wp:term":[{"taxonomy":"folder","embeddable":true,"href":"https:\/\/site.educa.madrid.org\/eoi.valdezarza.madrid\/index.php\/wp-json\/wp\/v2\/folder?post=1218"}],"curies":[{"name":"wp","href":"https:\/\/api.w.org\/{rel}","templated":true}]}}