{"id":1466,"date":"2022-04-19T19:57:07","date_gmt":"2022-04-19T17:57:07","guid":{"rendered":"https:\/\/site.educa.madrid.org\/eoi.valdezarza.madrid\/?page_id=1466"},"modified":"2026-05-07T13:01:28","modified_gmt":"2026-05-07T11:01:28","slug":"curso-2022-23","status":"publish","type":"page","link":"https:\/\/site.educa.madrid.org\/eoi.valdezarza.madrid\/index.php\/curso-2022-23\/","title":{"rendered":"Alumnos libres"},"content":{"rendered":"\n<div class=\"wp-block-columns has-2-columns is-layout-flex wp-container-core-columns-is-layout-9d6595d7 wp-block-columns-is-layout-flex\">\n<div class=\"wp-block-column is-layout-flow wp-block-column-is-layout-flow\">\n<p class=\"has-black-color has-text-color has-x-large-font-size\"><\/p>\n\n\n\n<p class=\"has-black-color has-vivid-green-cyan-background-color has-text-color has-background\"><strong>ALUMNOS LIBRES<\/strong>. Son los alumnos que pagan unas tasas a la Comunidad de Madrid para realizar una prueba de certificado en una Escuela Oficial de Idiomas para obtener una titulaci\u00f3n oficial en un idioma y nivel espec\u00edficos.<\/p>\n\n\n\n<div style=\"height:46px\" aria-hidden=\"true\" class=\"wp-block-spacer\"><\/div>\n\n\n\n<p class=\"has-vivid-red-color has-text-color\"><strong>PRUEBAS DE CERTIFICACI\u00d3N MAYO-JUNIO 2026<\/strong><\/p>\n\n\n\n<div style=\"height:30px\" aria-hidden=\"true\" class=\"wp-block-spacer\"><\/div>\n\n\n\n<p><strong><mark style=\"background-color:rgba(0, 0, 0, 0)\" class=\"has-inline-color has-black-color\">INSCRIPCI\u00d3N<\/mark><\/strong><\/p>\n\n\n\n<p>Si deseas presentarte a las&nbsp;&nbsp;pruebas de certificaci\u00f3n de idiomas como alumno libre, tienes que presentar una solicitud de admisi\u00f3n entre los d\u00edas&nbsp;<strong>7 al 21 de abril<\/strong>&nbsp;de&nbsp;<strong>2026<\/strong>&nbsp;ambos incluidos, realizando preferentemente&nbsp;la inscripci\u00f3n telem\u00e1ticamente a trav\u00e9s de la secretaria virtual del sistema de gesti\u00f3n RAICES:&nbsp;<\/p>\n\n\n\n<figure class=\"wp-block-image size-full is-resized\"><a href=\"https:\/\/raices.madrid.org\/secretariavirtual\/\" target=\"_blank\" rel=\" noreferrer noopener\"><img loading=\"lazy\" decoding=\"async\" width=\"404\" height=\"172\" src=\"https:\/\/site.educa.madrid.org\/eoi.valdezarza.madrid\/\/wp-content\/uploads\/eoi.valdezarza.madrid\/2025\/03\/Boton-Secretaria-Virtual-1.png\" alt=\"\" class=\"wp-image-3732\" style=\"width:230px;height:auto\" srcset=\"https:\/\/site.educa.madrid.org\/eoi.valdezarza.madrid\/\/wp-content\/uploads\/eoi.valdezarza.madrid\/2025\/03\/Boton-Secretaria-Virtual-1.png 404w, https:\/\/site.educa.madrid.org\/eoi.valdezarza.madrid\/\/wp-content\/uploads\/eoi.valdezarza.madrid\/2025\/03\/Boton-Secretaria-Virtual-1-300x128.png 300w\" sizes=\"auto, (max-width: 404px) 100vw, 404px\" \/><\/a><\/figure>\n\n\n\n<p>Para acceder&nbsp;&nbsp;a la solicitud de inscripci\u00f3n para<strong>&nbsp;las pruebas de certificaci\u00f3n de idiomas&nbsp;<\/strong>en una&nbsp;Escuela Oficial de Idiomas se necesita:<\/p>\n\n\n\n<ul class=\"wp-block-list\">\n<li>certificado digital v\u00e1lido (reconocido por la Comunidad de Madrid)<\/li>\n\n\n\n<li><a href=\"https:\/\/www.google.com\/url?sa=t&amp;source=web&amp;rct=j&amp;opi=89978449&amp;url=https:\/\/clave.gob.es\/&amp;ved=2ahUKEwi24Nrfz4GJAxXPVfEDHXtXNBEQFnoECC0QAQ&amp;usg=AOvVaw2zaHZjGt1ojD9OS-8nK-Q8\" target=\"_blank\" rel=\"noreferrer noopener\">Cl@ve<\/a>&nbsp;PIN (permanente o temporal)<\/li>\n\n\n\n<li>credenciales de la plataforma ROBLE (Ra\u00edces)<\/li>\n<\/ul>\n\n\n\n<p>Si no dispone de alguna de las anteriores, la Secretar\u00eda Virtual le permite generar un usuario y contrase\u00f1a en el sistema @SVC.&nbsp;<\/p>\n\n\n\n<div style=\"height:30px\" aria-hidden=\"true\" class=\"wp-block-spacer\"><\/div>\n\n\n\n<p><mark style=\"background-color:rgba(0, 0, 0, 0)\" class=\"has-inline-color has-black-color\"><strong>PLAZOS<\/strong> <strong>IMPORTANTES<\/strong><\/mark><\/p>\n\n\n\n<p><strong>Plazo de inscripci\u00f3n: <\/strong>del 7 al 21 de abril de 2026.<\/p>\n\n\n\n<p><strong>Publicaci\u00f3n lista provisional:<\/strong> el 28 de abril 2026. <a href=\"https:\/\/site.educa.madrid.org\/eoi.valdezarza.madrid\/\/wp-content\/uploads\/eoi.valdezarza.madrid\/2026\/04\/Listado-Provisional-Pruebas-de-Certificacion-Junio.pdf\" target=\"_blank\" rel=\"noreferrer noopener\">PINCHE AQU\u00cd PARA ACCEDER AL LISTADO.<\/a><\/p>\n\n\n\n<p><strong>Periodo de reclamaci\u00f3n: <\/strong>29, 30 de abril y 4 de mayo 2026.<\/p>\n\n\n\n<p><strong>Lista definitiva: <\/strong>6 de mayo 2026. <a href=\"https:\/\/site.educa.madrid.org\/eoi.valdezarza.madrid\/\/wp-content\/uploads\/eoi.valdezarza.madrid\/2026\/05\/Lista-definitiva-admitidos-Certificado-2026.pdf\">PINCHE AQU\u00cd PARA ACCEDER AL LISTADO<\/a><\/p>\n\n\n\n<p><strong>Plazo de matriculaci\u00f3n: <\/strong>del 7 al 20 de mayo 2026.<\/p>\n\n\n\n<div style=\"height:30px\" aria-hidden=\"true\" class=\"wp-block-spacer\"><\/div>\n\n\n\n<p><strong><mark style=\"background-color:rgba(0, 0, 0, 0)\" class=\"has-inline-color has-black-color\">INFORMACI\u00d3N SOBRE EL EXAMEN<\/mark><\/strong><\/p>\n\n\n\n<p>Las fechas de los ex\u00e1menes escritos y orales se publicar\u00e1n a la vuelta de Semana Santa en la pesta\u00f1a EX\u00c1MENES, Ex\u00e1menes de Certificaci\u00f3n. <a href=\"https:\/\/site.educa.madrid.org\/eoi.valdezarza.madrid\/index.php\/examenes-y-evaluacion\/examenes-de-certificacion\/\" target=\"_blank\" rel=\"noreferrer noopener\">CONS\u00daLTALA AQU\u00cd<\/a>.<\/p>\n\n\n\n<p>Puedes consultar las caracter\u00edsticas de las pruebas en las&nbsp;<a href=\"https:\/\/www.comunidad.madrid\/servicios\/educacion\/certificacion-nivel-idiomas\" target=\"_blank\" rel=\"noreferrer noopener\">gu\u00edas para el alumno<\/a>.<\/p>\n\n\n\n<p>Para conocer el nivel exigido en cada prueba, puedes&nbsp;<a href=\"https:\/\/www.comunidad.madrid\/servicios\/educacion\/certificacion-nivel-idiomas\" target=\"_blank\" rel=\"noreferrer noopener\">descargar los&nbsp;modelos&nbsp;<\/a>disponibles.&nbsp;<\/p>\n\n\n\n<ul class=\"wp-block-list\">\n<li><a href=\"https:\/\/www.comunidad.madrid\/sites\/default\/files\/idiomas_y_niveles_que_certifican_por_eoi_0.pdf\" target=\"_blank\" rel=\"noreferrer noopener\"><strong>IDIOMAS Y NIVELES QUE CERTIFICAN POR EOI<\/strong><\/a><\/li>\n\n\n\n<li><a href=\"https:\/\/www.comunidad.madrid\/sites\/default\/files\/plazas_disponibles_2.pdf\" target=\"_blank\" rel=\"noreferrer noopener\"><strong>PLAZAS OFERTADAS POR IDIOMA<\/strong><\/a><\/li>\n\n\n\n<li><strong>NORMATIVA<\/strong>:&nbsp;<a href=\"https:\/\/www.bocm.es\/boletin\/CM_Orden_BOCM\/2026\/03\/25\/BOCM-20260325-12.PDF\" target=\"_blank\" rel=\"noreferrer noopener\"><strong>CONSULTE LA RESOLUCI\u00d3N EN ESTE ENLACE<\/strong><\/a><\/li>\n<\/ul>\n\n\n\n<div style=\"height:30px\" aria-hidden=\"true\" class=\"wp-block-spacer\"><\/div>\n\n\n\n<p><strong><mark style=\"background-color:rgba(0, 0, 0, 0)\" class=\"has-inline-color has-black-color\">PAGO Y FORMALIZACI\u00d3N DE LA MATR\u00cdCULA<\/mark><\/strong><\/p>\n\n\n\n<p>Una vez haya comprobado que se encuentra en la lista definitiva de solicitantes admitidos, y haya comenzado el periodo de matr\u00edcula, puede realizar el abono de las tasas.<\/p>\n\n\n\n<p>Para ello, siga las instrucciones de la p\u00e1gina <a href=\"https:\/\/site.educa.madrid.org\/eoi.valdezarza.madrid\/index.php\/matricula-y-admision\/informacion-sobre-pagos\/\" target=\"_blank\" rel=\"noreferrer noopener\">INFORMACI\u00d3N SOBRE PAGOS<\/a> (apartado PRUEBAS DE CERTIFICACI\u00d3N LIBRES).<\/p>\n<\/div>\n<\/div>\n","protected":false},"excerpt":{"rendered":"<p>ALUMNOS LIBRES. Son los alumnos que pagan unas tasas a la Comunidad de Madrid para realizar una prueba de certificado en una Escuela Oficial de Idiomas para obtener una titulaci\u00f3n &#8230;<\/p>\n","protected":false},"author":2,"featured_media":0,"parent":0,"menu_order":0,"comment_status":"closed","ping_status":"closed","template":"template-fullwidth.php","meta":{"footnotes":""},"folder":[],"class_list":["post-1466","page","type-page","status-publish","hentry"],"rttpg_featured_image_url":null,"rttpg_author":{"display_name":"tic.eoi.valdezarza.madrid","author_link":"https:\/\/site.educa.madrid.org\/eoi.valdezarza.madrid\/index.php\/author\/cuenta_tic-eoi-valdezarza-madrid\/"},"rttpg_comment":0,"rttpg_category":false,"rttpg_excerpt":"ALUMNOS LIBRES. Son los alumnos que pagan unas tasas a la Comunidad de Madrid para realizar una prueba de certificado en una Escuela Oficial de Idiomas para obtener una titulaci\u00f3n ...","post_mailing_queue_ids":[],"_links":{"self":[{"href":"https:\/\/site.educa.madrid.org\/eoi.valdezarza.madrid\/index.php\/wp-json\/wp\/v2\/pages\/1466","targetHints":{"allow":["GET"]}}],"collection":[{"href":"https:\/\/site.educa.madrid.org\/eoi.valdezarza.madrid\/index.php\/wp-json\/wp\/v2\/pages"}],"about":[{"href":"https:\/\/site.educa.madrid.org\/eoi.valdezarza.madrid\/index.php\/wp-json\/wp\/v2\/types\/page"}],"author":[{"embeddable":true,"href":"https:\/\/site.educa.madrid.org\/eoi.valdezarza.madrid\/index.php\/wp-json\/wp\/v2\/users\/2"}],"replies":[{"embeddable":true,"href":"https:\/\/site.educa.madrid.org\/eoi.valdezarza.madrid\/index.php\/wp-json\/wp\/v2\/comments?post=1466"}],"version-history":[{"count":50,"href":"https:\/\/site.educa.madrid.org\/eoi.valdezarza.madrid\/index.php\/wp-json\/wp\/v2\/pages\/1466\/revisions"}],"predecessor-version":[{"id":4923,"href":"https:\/\/site.educa.madrid.org\/eoi.valdezarza.madrid\/index.php\/wp-json\/wp\/v2\/pages\/1466\/revisions\/4923"}],"wp:attachment":[{"href":"https:\/\/site.educa.madrid.org\/eoi.valdezarza.madrid\/index.php\/wp-json\/wp\/v2\/media?parent=1466"}],"wp:term":[{"taxonomy":"folder","embeddable":true,"href":"https:\/\/site.educa.madrid.org\/eoi.valdezarza.madrid\/index.php\/wp-json\/wp\/v2\/folder?post=1466"}],"curies":[{"name":"wp","href":"https:\/\/api.w.org\/{rel}","templated":true}]}}