{"id":156,"date":"2019-11-26T13:26:04","date_gmt":"2019-11-26T13:26:04","guid":{"rendered":"https:\/\/site.educa.madrid.org\/eoi.valdezarza.madrid\/?page_id=156"},"modified":"2026-03-11T19:41:48","modified_gmt":"2026-03-11T18:41:48","slug":"oferta-educativa","status":"publish","type":"page","link":"https:\/\/site.educa.madrid.org\/eoi.valdezarza.madrid\/index.php\/oferta-educativa\/","title":{"rendered":"Quienes somos"},"content":{"rendered":"<div><ss3-force-full-width data-overflow-x=\"body\" data-horizontal-selector=\"body\"><div class=\"n2-section-smartslider fitvidsignore \" data-ssid=\"11\" tabindex=\"0\" role=\"region\" aria-label=\"Slider\"><div id=\"n2-ss-11-align\" class=\"n2-ss-align\"><div class=\"n2-padding\"><div id=\"n2-ss-11\" data-creator=\"Smart Slider 3\" data-responsive=\"fullwidth\" class=\"n2-ss-slider n2-ow n2-has-hover n2notransition  \">\n        <div class=\"n2-ss-slider-1 n2_ss__touch_element n2-ow\">\n            <div class=\"n2-ss-slider-2 n2-ow\">\n                                                <div class=\"n2-ss-slider-3 n2-ow\">\n\n                    <div class=\"n2-ss-slide-backgrounds n2-ow-all\"><div class=\"n2-ss-slide-background\" data-public-id=\"1\" data-mode=\"fill\"><div class=\"n2-ss-slide-background-image\" data-blur=\"0\" data-opacity=\"100\" data-x=\"50\" data-y=\"50\" data-alt=\"\" data-title=\"\"><picture class=\"skip-lazy\" data-skip-lazy=\"1\"><img decoding=\"async\" src=\"\/\/site.educa.madrid.org\/eoi.valdezarza.madrid\/\/wp-content\/uploads\/eoi.valdezarza.madrid\/2020\/05\/oferta_educativa_idiomas_eoi_valdezarza.jpg\" alt=\"\" title=\"\" loading=\"lazy\" class=\"skip-lazy\" data-skip-lazy=\"1\"><\/picture><\/div><div data-color=\"RGBA(255,255,255,0)\" style=\"background-color: RGBA(255,255,255,0);\" class=\"n2-ss-slide-background-color\"><\/div><\/div><\/div>                    <div class=\"n2-ss-slider-4 n2-ow\">\n                        <svg xmlns=\"http:\/\/www.w3.org\/2000\/svg\" viewBox=\"0 0 1200 200\" data-related-device=\"desktopPortrait\" class=\"n2-ow n2-ss-preserve-size n2-ss-preserve-size--slider n2-ss-slide-limiter\"><\/svg><div data-first=\"1\" data-slide-duration=\"0\" data-id=\"16\" data-slide-public-id=\"1\" data-title=\"oferta_educativa_idiomas_eoi_valdezarza\" class=\"n2-ss-slide n2-ow  n2-ss-slide-16\"><div role=\"note\" class=\"n2-ss-slide--focus\" tabindex=\"-1\">oferta_educativa_idiomas_eoi_valdezarza<\/div><div class=\"n2-ss-layers-container n2-ss-slide-limiter n2-ow\"><div class=\"n2-ss-layer n2-ow n-uc-ClzQehHe474B\" data-sstype=\"slide\" data-pm=\"default\"><\/div><\/div><\/div>                    <\/div>\n\n                                    <\/div>\n            <\/div>\n        <\/div>\n        <\/div><ss3-loader><\/ss3-loader><\/div><\/div><div class=\"n2_clear\"><\/div><\/div><\/ss3-force-full-width><\/div>\n\n\n<hr class=\"wp-block-separator has-css-opacity\"\/>\n\n\n\n<h2 class=\"wp-block-heading\">Qui\u00e9nes somos<\/h2>\n\n\n\n<p>La Escuela oficial de idiomas VALDEZARZA es un centro p\u00fablico de ense\u00f1anzas de idiomas de r\u00e9gimen especial sostenido con fondos p\u00fablicos, cuyo titular es la Consejer\u00eda de Educaci\u00f3n de la Comunidad de Madrid. Fue creada por la Orden de 6 de Octubre de 1987 (BOE 31 Octubre 1987- anexo) junto a  la EOI de Carabanchel y la de San Blas en Madrid, por desdoblamiento de la EOI de Jes\u00fas Maestro (RD1091\/1987).<\/p>\n\n\n\n<p>Tras 30 a\u00f1os de ocupaci\u00f3n de edificio e instalaciones compartida con el IES Isaac Newton, fue trasladada en febrero 2018 a un edificio propio. Este hecho clave en su historia, ha permitido pasar de un turno vespertino a un turno de jornada completa de 9:00 a 21:00 horas con total disponibilidad y en exclusividad de todas sus aulas, espacios e instalaciones. Actualmente est\u00e1n operativas y perfectamente adaptadas a la ense\u00f1anza de idiomas 24 aulas en uso simult\u00e1neo con una capacidad por aula que oscila entre 15 y 25 puestos escolares.<\/p>\n\n\n\n<p>Desde su creaci\u00f3n fue autorizada para impartir las ense\u00f1anzas correspondientes a los idiomas de ingl\u00e9s, franc\u00e9s y alem\u00e1n. Diez a\u00f1os m\u00e1s tarde, por la Orden de 3 de Noviembre de 1997 (BOE 19 Noviembre 1997- anexo) se le autoriz\u00f3 la impartici\u00f3n del idioma italiano. Y desde el curso 2017-18 se ampli\u00f3 su oferta educativa al idioma chino.<\/p>\n\n\n\n<figure class=\"wp-block-image size-large\"><img loading=\"lazy\" decoding=\"async\" width=\"1024\" height=\"321\" src=\"https:\/\/site.educa.madrid.org\/eoi.valdezarza.madrid\/\/wp-content\/uploads\/eoi.valdezarza.madrid\/2020\/06\/oferta_educativa_eoi_valdezarza-1024x321.jpg\" alt=\"\" class=\"wp-image-571\" srcset=\"https:\/\/site.educa.madrid.org\/eoi.valdezarza.madrid\/\/wp-content\/uploads\/eoi.valdezarza.madrid\/2020\/06\/oferta_educativa_eoi_valdezarza-1024x321.jpg 1024w, https:\/\/site.educa.madrid.org\/eoi.valdezarza.madrid\/\/wp-content\/uploads\/eoi.valdezarza.madrid\/2020\/06\/oferta_educativa_eoi_valdezarza-300x94.jpg 300w, https:\/\/site.educa.madrid.org\/eoi.valdezarza.madrid\/\/wp-content\/uploads\/eoi.valdezarza.madrid\/2020\/06\/oferta_educativa_eoi_valdezarza-768x240.jpg 768w, https:\/\/site.educa.madrid.org\/eoi.valdezarza.madrid\/\/wp-content\/uploads\/eoi.valdezarza.madrid\/2020\/06\/oferta_educativa_eoi_valdezarza-1536x481.jpg 1536w, https:\/\/site.educa.madrid.org\/eoi.valdezarza.madrid\/\/wp-content\/uploads\/eoi.valdezarza.madrid\/2020\/06\/oferta_educativa_eoi_valdezarza-2048x641.jpg 2048w\" sizes=\"auto, (max-width: 1024px) 100vw, 1024px\" \/><\/figure>\n\n\n\n<hr class=\"wp-block-separator has-css-opacity\"\/>\n\n\n\n<h2 class=\"wp-block-heading\">Organizaci\u00f3n<\/h2>\n\n\n\n<h2 class=\"wp-block-heading\"><sub>Equipo Directivo<\/sub><\/h2>\n\n\n\n<figure class=\"wp-block-table\"><table><tbody><tr><td><strong>CARGO<\/strong> <strong>O PUESTO<\/strong><\/td><td><strong>RESPONSABLE<\/strong><\/td><\/tr><tr><td>Directora<\/td><td>Covadonga Villa Alc\u00e1zar<\/td><\/tr><tr><td>Jefa de Estudios<\/td><td>Bel\u00e9n Tenorio N\u00fa\u00f1ez<\/td><\/tr><tr><td>Secretaria<\/td><td>Celia Castilla L\u00f3pez<\/td><\/tr><\/tbody><\/table><\/figure>\n\n\n\n<h2 class=\"wp-block-heading\"><sub>Jefes de Departamento y otros cargos unipersonales<\/sub><\/h2>\n\n\n\n<figure class=\"wp-block-table\"><table><tbody><tr><td><strong>CARGO O PUESTO<\/strong><\/td><td><strong>RESPONSABLE<\/strong><\/td><\/tr><tr><td>Jefatura del Departamento de Alem\u00e1n<\/td><td>Bel\u00e9n Pliego de Andr\u00e9s<\/td><\/tr><tr><td>Jefatura del Departamento de Chino<\/td><td>Tzu Huai Huang Chen<\/td><\/tr><tr><td>Jefatura del Departamento de Coreano<\/td><td>Soo Min Park<\/td><\/tr><tr><td>Jefatura del Departamento de Franc\u00e9s<\/td><td>Eva Chamorro Guill\u00e9n<\/td><\/tr><tr><td>Jefatura del Departamento de Ingl\u00e9s<\/td><td>Elena Mart\u00ednez de Miguel<\/td><\/tr><tr><td>Jefatura del Departamento de Italiano<\/td><td>Aurora Grimaldi<\/td><\/tr><tr><td>Coordinadora TIC<\/td><td>Carmen Alonso Garc\u00eda<\/td><\/tr><tr><td>Coordinadora del Bienestar<\/td><td>Susana Cazurro Palencia<\/td><\/tr><tr><td>Jefe de Secretar\u00eda<\/td><td>Ana Margarita Torrijos Garc\u00eda<\/td><\/tr><\/tbody><\/table><\/figure>\n","protected":false},"excerpt":{"rendered":"<p>Qui\u00e9nes somos La Escuela oficial de idiomas VALDEZARZA es un centro p\u00fablico de ense\u00f1anzas de idiomas de r\u00e9gimen especial sostenido con fondos p\u00fablicos, cuyo titular es la Consejer\u00eda de Educaci\u00f3n &#8230;<\/p>\n","protected":false},"author":2,"featured_media":0,"parent":0,"menu_order":0,"comment_status":"closed","ping_status":"closed","template":"template-fullwidth.php","meta":{"footnotes":""},"folder":[],"class_list":["post-156","page","type-page","status-publish","hentry"],"rttpg_featured_image_url":null,"rttpg_author":{"display_name":"tic.eoi.valdezarza.madrid","author_link":"https:\/\/site.educa.madrid.org\/eoi.valdezarza.madrid\/index.php\/author\/cuenta_tic-eoi-valdezarza-madrid\/"},"rttpg_comment":0,"rttpg_category":false,"rttpg_excerpt":"Qui\u00e9nes somos La Escuela oficial de idiomas VALDEZARZA es un centro p\u00fablico de ense\u00f1anzas de idiomas de r\u00e9gimen especial sostenido con fondos p\u00fablicos, cuyo titular es la Consejer\u00eda de Educaci\u00f3n ...","post_mailing_queue_ids":[],"_links":{"self":[{"href":"https:\/\/site.educa.madrid.org\/eoi.valdezarza.madrid\/index.php\/wp-json\/wp\/v2\/pages\/156","targetHints":{"allow":["GET"]}}],"collection":[{"href":"https:\/\/site.educa.madrid.org\/eoi.valdezarza.madrid\/index.php\/wp-json\/wp\/v2\/pages"}],"about":[{"href":"https:\/\/site.educa.madrid.org\/eoi.valdezarza.madrid\/index.php\/wp-json\/wp\/v2\/types\/page"}],"author":[{"embeddable":true,"href":"https:\/\/site.educa.madrid.org\/eoi.valdezarza.madrid\/index.php\/wp-json\/wp\/v2\/users\/2"}],"replies":[{"embeddable":true,"href":"https:\/\/site.educa.madrid.org\/eoi.valdezarza.madrid\/index.php\/wp-json\/wp\/v2\/comments?post=156"}],"version-history":[{"count":50,"href":"https:\/\/site.educa.madrid.org\/eoi.valdezarza.madrid\/index.php\/wp-json\/wp\/v2\/pages\/156\/revisions"}],"predecessor-version":[{"id":4792,"href":"https:\/\/site.educa.madrid.org\/eoi.valdezarza.madrid\/index.php\/wp-json\/wp\/v2\/pages\/156\/revisions\/4792"}],"wp:attachment":[{"href":"https:\/\/site.educa.madrid.org\/eoi.valdezarza.madrid\/index.php\/wp-json\/wp\/v2\/media?parent=156"}],"wp:term":[{"taxonomy":"folder","embeddable":true,"href":"https:\/\/site.educa.madrid.org\/eoi.valdezarza.madrid\/index.php\/wp-json\/wp\/v2\/folder?post=156"}],"curies":[{"name":"wp","href":"https:\/\/api.w.org\/{rel}","templated":true}]}}