{"id":160,"date":"2019-11-26T13:26:36","date_gmt":"2019-11-26T13:26:36","guid":{"rendered":"https:\/\/site.educa.madrid.org\/eoi.valdezarza.madrid\/?page_id=160"},"modified":"2024-09-04T20:36:33","modified_gmt":"2024-09-04T18:36:33","slug":"normativa-eoi","status":"publish","type":"page","link":"https:\/\/site.educa.madrid.org\/eoi.valdezarza.madrid\/index.php\/normativa-eoi\/","title":{"rendered":"Normativa EOI"},"content":{"rendered":"<div><ss3-force-full-width data-overflow-x=\"body\" data-horizontal-selector=\"body\"><div class=\"n2-section-smartslider fitvidsignore \" data-ssid=\"11\" tabindex=\"0\" role=\"region\" aria-label=\"Slider\"><div id=\"n2-ss-11-align\" class=\"n2-ss-align\"><div class=\"n2-padding\"><div id=\"n2-ss-11\" data-creator=\"Smart Slider 3\" data-responsive=\"fullwidth\" class=\"n2-ss-slider n2-ow n2-has-hover n2notransition  \">\n        <div class=\"n2-ss-slider-1 n2_ss__touch_element n2-ow\">\n            <div class=\"n2-ss-slider-2 n2-ow\">\n                                                <div class=\"n2-ss-slider-3 n2-ow\">\n\n                    <div class=\"n2-ss-slide-backgrounds n2-ow-all\"><div class=\"n2-ss-slide-background\" data-public-id=\"1\" data-mode=\"fill\"><div class=\"n2-ss-slide-background-image\" data-blur=\"0\" data-opacity=\"100\" data-x=\"50\" data-y=\"50\" data-alt=\"\" data-title=\"\"><picture class=\"skip-lazy\" data-skip-lazy=\"1\"><img decoding=\"async\" src=\"\/\/site.educa.madrid.org\/eoi.valdezarza.madrid\/\/wp-content\/uploads\/eoi.valdezarza.madrid\/2020\/05\/oferta_educativa_idiomas_eoi_valdezarza.jpg\" alt=\"\" title=\"\" loading=\"lazy\" class=\"skip-lazy\" data-skip-lazy=\"1\"><\/picture><\/div><div data-color=\"RGBA(255,255,255,0)\" style=\"background-color: RGBA(255,255,255,0);\" class=\"n2-ss-slide-background-color\"><\/div><\/div><\/div>                    <div class=\"n2-ss-slider-4 n2-ow\">\n                        <svg xmlns=\"http:\/\/www.w3.org\/2000\/svg\" viewBox=\"0 0 1200 200\" data-related-device=\"desktopPortrait\" class=\"n2-ow n2-ss-preserve-size n2-ss-preserve-size--slider n2-ss-slide-limiter\"><\/svg><div data-first=\"1\" data-slide-duration=\"0\" data-id=\"16\" data-slide-public-id=\"1\" data-title=\"oferta_educativa_idiomas_eoi_valdezarza\" class=\"n2-ss-slide n2-ow  n2-ss-slide-16\"><div role=\"note\" class=\"n2-ss-slide--focus\" tabindex=\"-1\">oferta_educativa_idiomas_eoi_valdezarza<\/div><div class=\"n2-ss-layers-container n2-ss-slide-limiter n2-ow\"><div class=\"n2-ss-layer n2-ow n-uc-ClzQehHe474B\" data-sstype=\"slide\" data-pm=\"default\"><\/div><\/div><\/div>                    <\/div>\n\n                                    <\/div>\n            <\/div>\n        <\/div>\n        <\/div><ss3-loader><\/ss3-loader><\/div><\/div><div class=\"n2_clear\"><\/div><\/div><\/ss3-force-full-width><\/div>\n\n\n<hr class=\"wp-block-separator has-css-opacity\"\/>\n\n\n\n<div class=\"wp-block-columns has-2-columns is-layout-flex wp-container-core-columns-is-layout-9d6595d7 wp-block-columns-is-layout-flex\">\n<div class=\"wp-block-column is-layout-flow wp-block-column-is-layout-flow\">\n<h2 class=\"wp-block-heading\">Normativa EOI<\/h2>\n\n\n\n<p>En este apartado recogemos la normativa por la que se rigen las Escuelas Oficiales de Idiomas en la Comunidad de Madrid que puedes consultar en los siguientes enlaces as\u00ed como, las disposiciones vigentes en educaci\u00f3n no universitaria:<br> Seg\u00fan el marco normativo en el que se inscriben nuestras ense\u00f1anzas, las Escuelas oficiales de idiomas est\u00e1n concebidas para fomentar especialmente el estudio de las lenguas oficiales de los Estados miembros de la Uni\u00f3n Europea, de las lenguas cooficiales existentes en Espa\u00f1a y del espa\u00f1ol como lengua extranjera. Son centros orientados al desarrollo de la competencia comunicativa del alumno a partir del enfoque que recomienda el Marco com\u00fan europeo de referencia para las lenguas (MCER), cuya pretensi\u00f3n es lograr la responsabilidad y autonom\u00eda del alumno en el aprendizaje, la competencia pluriling\u00fce y la dimensi\u00f3n pluricultural.<\/p>\n\n\n\n<p><strong>Normativa EOI<\/strong><\/p>\n\n\n\n<ul class=\"wp-block-list\">\n<li><strong>Ley Org\u00e1nica 2\/2006, de 3 de mayo<\/strong><strong> <\/strong>de Educaci\u00f3n, modificada por la <strong>Ley Org\u00e1nica 8\/2013, de 9 de diciembre<\/strong>,<strong> <\/strong>para la mejora de la calidad educativa.<\/li>\n<\/ul>\n\n\n\n<ul class=\"wp-block-list\">\n<li><strong>REAL DECRETO 1041\/2017, de 22 de diciembre<\/strong>, por el que se fijan las exigencias m\u00ednimas del nivel b\u00e1sico a efectos de certificaci\u00f3n, se establece el curr\u00edculo b\u00e1sico de los niveles Intermedio B1, Intermedio B2, Avanzado C1, y Avanzado C2, de las Ense\u00f1anzas de idiomas de r\u00e9gimen especial reguladas por la Ley Org\u00e1nica 2\/2006, de 3 de mayo, de Educaci\u00f3n, y se establecen las equivalencias entre las Ense\u00f1anzas de idiomas de r\u00e9gimen especial reguladas en diversos planes de estudios y las de este real decreto.<\/li>\n<\/ul>\n\n\n\n<ul class=\"wp-block-list\">\n<li><strong>REAL DECRETO 1\/2019, de 11 de enero<\/strong>, por el que se establecen los principios b\u00e1sicos comunes de evaluaci\u00f3n aplicables a las pruebas de certificaci\u00f3n oficial de los niveles Intermedio B1, Intermedio B2, Avanzado C1, y Avanzado C2 de las ense\u00f1anzas de idiomas de r\u00e9gimen especial.<\/li>\n<\/ul>\n\n\n\n<ul class=\"wp-block-list\">\n<li><strong>REAR DECRETO 959\/1988 de 2 de Septiembre<\/strong>,sobre \u00f3rganos de gobierno de las Escuelas oficiales de idiomas.<\/li>\n<\/ul>\n\n\n\n<ul class=\"wp-block-list\">\n<li><strong>REAL DECRETO 1532\/1986, de 11 de julio<\/strong>, por el que se regulan las asociaciones de alumnos.<\/li>\n<\/ul>\n\n\n\n<ul class=\"wp-block-list\">\n<li><strong>DECRETO 106\/2018, de 19 de junio<\/strong>, del Consejo de Gobierno, por el que se ordenan las ense\u00f1anzas de idiomas de r\u00e9gimen especial y se establecen los curr\u00edculos de los niveles b\u00e1sico, intermedio y avanzado en la Comunidad de Madrid.<\/li>\n<\/ul>\n\n\n\n<ul class=\"wp-block-list\">\n<li><strong>ORDEN 2414\/2019, de 1 de agosto<\/strong>, del Consejero de Educaci\u00f3n e Investigaci\u00f3n, por la que se regula la evaluaci\u00f3n y certificaci\u00f3n de los niveles b\u00e1sico, intermedio y avanzado de las ense\u00f1anzas de idiomas de r\u00e9gimen especial en la Comunidad de Madrid.<\/li>\n<\/ul>\n\n\n\n<ul class=\"wp-block-list\">\n<li><strong>MODIFICACI\u00d3N de 13 de agosto de la ORDEN 2414\/2019, de 1 de agosto, del Consejero de Educaci\u00f3n e Investigaci\u00f3n<\/strong>, por la que se regula la evaluaci\u00f3n y certificaci\u00f3n de los niveles b\u00e1sico, intermedio y avanzado de las ense\u00f1anzas de idiomas de r\u00e9gimen especial en la Comunidad de Madrid.<\/li>\n<\/ul>\n\n\n\n<ul class=\"wp-block-list\">\n<li><strong>Instrucciones de la Direcci\u00f3n General de Educaci\u00f3n secundaria Formaci\u00f3n profesional y R\u00e9gimen especial de julio 2024<\/strong> por las que se regulan, para la ense\u00f1anza presencial y semipresencial del curso acad\u00e9mico 2024-25, la organizaci\u00f3n, el funcionamiento y la admisi\u00f3n en las Escuelas oficiales de idiomas de la Comunidad de Madrid.<\/li>\n<\/ul>\n\n\n\n<ul class=\"wp-block-list\">\n<li><strong>Instrucciones de las Viceconsejer\u00edas de pol\u00edtica educativa y de organizaci\u00f3n educativa<\/strong>, de julio de 2024, sobre comienzo del curso escolar 2024-25 en centros docentes p\u00fablicos no universitarios de la comunidad de Madrid<strong>.<\/strong><\/li>\n<\/ul>\n\n\n\n<ul class=\"wp-block-list\">\n<li><strong>Instrucciones de 30 de septiembre de 2022 del Director General de Educaci\u00f3n Secundaria, Formaci\u00f3n Profesional y R\u00e9gimen Especial<\/strong><strong>, <\/strong>por las que se concretan determinados procedimientos y documentos relacionados con la matr\u00edcula y la evaluaci\u00f3n en las ense\u00f1anzas de idiomas de r\u00e9gimen especial en la Comunidad de Madrid.<\/li>\n<\/ul>\n<\/div>\n\n\n\n<div class=\"wp-block-column is-layout-flow wp-block-column-is-layout-flow\">\n<figure class=\"wp-block-image\"><img loading=\"lazy\" decoding=\"async\" width=\"1000\" height=\"750\" src=\"https:\/\/site.educa.madrid.org\/eoi.valdezarza.madrid\/\/wp-content\/uploads\/eoi.valdezarza.madrid\/2020\/05\/normativa_eoi_valdezarza.jpg\" alt=\"\" class=\"wp-image-507\" srcset=\"https:\/\/site.educa.madrid.org\/eoi.valdezarza.madrid\/\/wp-content\/uploads\/eoi.valdezarza.madrid\/2020\/05\/normativa_eoi_valdezarza.jpg 1000w, https:\/\/site.educa.madrid.org\/eoi.valdezarza.madrid\/\/wp-content\/uploads\/eoi.valdezarza.madrid\/2020\/05\/normativa_eoi_valdezarza-300x225.jpg 300w, https:\/\/site.educa.madrid.org\/eoi.valdezarza.madrid\/\/wp-content\/uploads\/eoi.valdezarza.madrid\/2020\/05\/normativa_eoi_valdezarza-768x576.jpg 768w\" sizes=\"auto, (max-width: 1000px) 100vw, 1000px\" \/><\/figure>\n<\/div>\n<\/div>\n","protected":false},"excerpt":{"rendered":"<p>Normativa EOI En este apartado recogemos la normativa por la que se rigen las Escuelas Oficiales de Idiomas en la Comunidad de Madrid que puedes consultar en los siguientes enlaces &#8230;<\/p>\n","protected":false},"author":2,"featured_media":0,"parent":0,"menu_order":0,"comment_status":"closed","ping_status":"closed","template":"template-fullwidth.php","meta":{"footnotes":""},"folder":[],"class_list":["post-160","page","type-page","status-publish","hentry"],"rttpg_featured_image_url":null,"rttpg_author":{"display_name":"tic.eoi.valdezarza.madrid","author_link":"https:\/\/site.educa.madrid.org\/eoi.valdezarza.madrid\/index.php\/author\/cuenta_tic-eoi-valdezarza-madrid\/"},"rttpg_comment":0,"rttpg_category":false,"rttpg_excerpt":"Normativa EOI En este apartado recogemos la normativa por la que se rigen las Escuelas Oficiales de Idiomas en la Comunidad de Madrid que puedes consultar en los siguientes enlaces ...","post_mailing_queue_ids":[],"_links":{"self":[{"href":"https:\/\/site.educa.madrid.org\/eoi.valdezarza.madrid\/index.php\/wp-json\/wp\/v2\/pages\/160","targetHints":{"allow":["GET"]}}],"collection":[{"href":"https:\/\/site.educa.madrid.org\/eoi.valdezarza.madrid\/index.php\/wp-json\/wp\/v2\/pages"}],"about":[{"href":"https:\/\/site.educa.madrid.org\/eoi.valdezarza.madrid\/index.php\/wp-json\/wp\/v2\/types\/page"}],"author":[{"embeddable":true,"href":"https:\/\/site.educa.madrid.org\/eoi.valdezarza.madrid\/index.php\/wp-json\/wp\/v2\/users\/2"}],"replies":[{"embeddable":true,"href":"https:\/\/site.educa.madrid.org\/eoi.valdezarza.madrid\/index.php\/wp-json\/wp\/v2\/comments?post=160"}],"version-history":[{"count":16,"href":"https:\/\/site.educa.madrid.org\/eoi.valdezarza.madrid\/index.php\/wp-json\/wp\/v2\/pages\/160\/revisions"}],"predecessor-version":[{"id":3281,"href":"https:\/\/site.educa.madrid.org\/eoi.valdezarza.madrid\/index.php\/wp-json\/wp\/v2\/pages\/160\/revisions\/3281"}],"wp:attachment":[{"href":"https:\/\/site.educa.madrid.org\/eoi.valdezarza.madrid\/index.php\/wp-json\/wp\/v2\/media?parent=160"}],"wp:term":[{"taxonomy":"folder","embeddable":true,"href":"https:\/\/site.educa.madrid.org\/eoi.valdezarza.madrid\/index.php\/wp-json\/wp\/v2\/folder?post=160"}],"curies":[{"name":"wp","href":"https:\/\/api.w.org\/{rel}","templated":true}]}}