{"id":166,"date":"2019-11-26T13:27:52","date_gmt":"2019-11-26T13:27:52","guid":{"rendered":"https:\/\/site.educa.madrid.org\/eoi.valdezarza.madrid\/?page_id=166"},"modified":"2025-07-12T12:44:45","modified_gmt":"2025-07-12T10:44:45","slug":"oferta-educativa-grupos-y-horarios","status":"publish","type":"page","link":"https:\/\/site.educa.madrid.org\/eoi.valdezarza.madrid\/index.php\/oferta-educativa-grupos-y-horarios\/","title":{"rendered":"Oferta educativa, grupos y horarios"},"content":{"rendered":"<div><ss3-force-full-width data-overflow-x=\"body\" data-horizontal-selector=\"body\"><div class=\"n2-section-smartslider fitvidsignore \" data-ssid=\"11\" tabindex=\"0\" role=\"region\" aria-label=\"Slider\"><div id=\"n2-ss-11-align\" class=\"n2-ss-align\"><div class=\"n2-padding\"><div id=\"n2-ss-11\" data-creator=\"Smart Slider 3\" data-responsive=\"fullwidth\" class=\"n2-ss-slider n2-ow n2-has-hover n2notransition  \">\n        <div class=\"n2-ss-slider-1 n2_ss__touch_element n2-ow\">\n            <div class=\"n2-ss-slider-2 n2-ow\">\n                                                <div class=\"n2-ss-slider-3 n2-ow\">\n\n                    <div class=\"n2-ss-slide-backgrounds n2-ow-all\"><div class=\"n2-ss-slide-background\" data-public-id=\"1\" data-mode=\"fill\"><div class=\"n2-ss-slide-background-image\" data-blur=\"0\" data-opacity=\"100\" data-x=\"50\" data-y=\"50\" data-alt=\"\" data-title=\"\"><picture class=\"skip-lazy\" data-skip-lazy=\"1\"><img decoding=\"async\" src=\"\/\/site.educa.madrid.org\/eoi.valdezarza.madrid\/\/wp-content\/uploads\/eoi.valdezarza.madrid\/2020\/05\/oferta_educativa_idiomas_eoi_valdezarza.jpg\" alt=\"\" title=\"\" loading=\"lazy\" class=\"skip-lazy\" data-skip-lazy=\"1\"><\/picture><\/div><div data-color=\"RGBA(255,255,255,0)\" style=\"background-color: RGBA(255,255,255,0);\" class=\"n2-ss-slide-background-color\"><\/div><\/div><\/div>                    <div class=\"n2-ss-slider-4 n2-ow\">\n                        <svg xmlns=\"http:\/\/www.w3.org\/2000\/svg\" viewBox=\"0 0 1200 200\" data-related-device=\"desktopPortrait\" class=\"n2-ow n2-ss-preserve-size n2-ss-preserve-size--slider n2-ss-slide-limiter\"><\/svg><div data-first=\"1\" data-slide-duration=\"0\" data-id=\"16\" data-slide-public-id=\"1\" data-title=\"oferta_educativa_idiomas_eoi_valdezarza\" class=\"n2-ss-slide n2-ow  n2-ss-slide-16\"><div role=\"note\" class=\"n2-ss-slide--focus\" tabindex=\"-1\">oferta_educativa_idiomas_eoi_valdezarza<\/div><div class=\"n2-ss-layers-container n2-ss-slide-limiter n2-ow\"><div class=\"n2-ss-layer n2-ow n-uc-ClzQehHe474B\" data-sstype=\"slide\" data-pm=\"default\"><\/div><\/div><\/div>                    <\/div>\n\n                                    <\/div>\n            <\/div>\n        <\/div>\n        <\/div><ss3-loader><\/ss3-loader><\/div><\/div><div class=\"n2_clear\"><\/div><\/div><\/ss3-force-full-width><\/div>\n\n\n<hr class=\"wp-block-separator has-css-opacity\"\/>\n\n\n\n<div class=\"wp-block-columns is-layout-flex wp-container-core-columns-is-layout-9d6595d7 wp-block-columns-is-layout-flex\">\n<div class=\"wp-block-column is-layout-flow wp-block-column-is-layout-flow\">\n<h2 class=\"wp-block-heading\">Grupos y horarios<\/h2>\n\n\n\n<p><\/p>\n\n\n\n<p>Los d\u00edas y horas de impartici\u00f3n por grupos puede consultarse en el siguiente enlace:<\/p>\n\n\n\n<p><strong><a href=\"https:\/\/site.educa.madrid.org\/eoi.valdezarza.madrid\/\/wp-content\/uploads\/eoi.valdezarza.madrid\/2025\/07\/OFERTA-EDUCATIVA-DEFINITIVA-IDIOMAS-CURSO-2025-26-A-12-7-25.pdf\" target=\"_blank\" rel=\"noreferrer noopener\">Grupos y horarios 2025-26 de la E.O.I. VALDEZARZA<\/a><\/strong><\/p>\n\n\n\n<p><mark><strong>ATENCI\u00d3N:<\/strong><\/mark><\/p>\n\n\n\n<ul class=\"wp-block-list\">\n<li><mark>Los niveles A1 de alem\u00e1n, ingl\u00e9s, franc\u00e9s, italiano e ingl\u00e9s son de 120 horas.<\/mark><\/li>\n\n\n\n<li><mark>Los niveles A2, B1, B2.1, B2.2, C1, C2.1 y C2.2 de alem\u00e1n, ingl\u00e9s, franc\u00e9s e ingl\u00e9s son de 135 horas.<\/mark><\/li>\n\n\n\n<li><mark>Los niveles A1, A2.1, A2.2 de chino y coreano son de 135 horas.<\/mark><\/li>\n\n\n\n<li><mark>Los cursos de actualizaci\u00f3n y perfeccionamiento de ingl\u00e9s e italiano son de 45 horas.<\/mark><\/li>\n\n\n\n<li><mark>El curso de perfeccionamiento de alem\u00e1n es de 90 horas.<\/mark><\/li>\n<\/ul>\n\n\n\n<p>La <strong>OFERTA EDUCATIVA<\/strong> <strong>DEFINITIVA<\/strong> aprobada por la Comunidad de Madrid podr\u00e1 consultarse en la <a href=\"https:\/\/www.comunidad.madrid\/servicios\/educacion\/ensenanzas-idiomas\" target=\"_blank\" rel=\"noreferrer noopener\">p\u00e1gina web de Ense\u00f1anza de Idiomas de la Comunidad de Madrid<\/a> o en los siguientes enlaces:<\/p>\n\n\n\n<ul class=\"wp-block-list\">\n<li><a href=\"https:\/\/site.educa.madrid.org\/eoi.valdezarza.madrid\/\/wp-content\/uploads\/eoi.valdezarza.madrid\/2025\/07\/OFERTA-EDUCATIVA-DEFINITIVA-EOI-2025-2026-2.pdf\" target=\"_blank\" rel=\"noreferrer noopener\">los cursos reglados autorizados<\/a><\/li>\n\n\n\n<li><a href=\"https:\/\/site.educa.madrid.org\/eoi.valdezarza.madrid\/\/wp-content\/uploads\/eoi.valdezarza.madrid\/2025\/07\/Oferta-educativa-definitiva-de-APE-2025-2026.pdf\" target=\"_blank\" rel=\"noreferrer noopener\">los cursos de actualizaci\u00f3n, perfeccionamiento y especializaci\u00f3n<\/a><\/li>\n<\/ul>\n<\/div>\n<\/div>\n\n\n\n<p><\/p>\n","protected":false},"excerpt":{"rendered":"<p>Grupos y horarios Los d\u00edas y horas de impartici\u00f3n por grupos puede consultarse en el siguiente enlace: Grupos y horarios 2025-26 de la E.O.I. VALDEZARZA ATENCI\u00d3N: La OFERTA EDUCATIVA DEFINITIVA &#8230;<\/p>\n","protected":false},"author":2,"featured_media":0,"parent":0,"menu_order":0,"comment_status":"closed","ping_status":"closed","template":"template-fullwidth.php","meta":{"footnotes":""},"folder":[],"class_list":["post-166","page","type-page","status-publish","hentry"],"rttpg_featured_image_url":null,"rttpg_author":{"display_name":"tic.eoi.valdezarza.madrid","author_link":"https:\/\/site.educa.madrid.org\/eoi.valdezarza.madrid\/index.php\/author\/cuenta_tic-eoi-valdezarza-madrid\/"},"rttpg_comment":0,"rttpg_category":false,"rttpg_excerpt":"Grupos y horarios Los d\u00edas y horas de impartici\u00f3n por grupos puede consultarse en el siguiente enlace: Grupos y horarios 2025-26 de la E.O.I. VALDEZARZA ATENCI\u00d3N: La OFERTA EDUCATIVA DEFINITIVA ...","post_mailing_queue_ids":[],"_links":{"self":[{"href":"https:\/\/site.educa.madrid.org\/eoi.valdezarza.madrid\/index.php\/wp-json\/wp\/v2\/pages\/166","targetHints":{"allow":["GET"]}}],"collection":[{"href":"https:\/\/site.educa.madrid.org\/eoi.valdezarza.madrid\/index.php\/wp-json\/wp\/v2\/pages"}],"about":[{"href":"https:\/\/site.educa.madrid.org\/eoi.valdezarza.madrid\/index.php\/wp-json\/wp\/v2\/types\/page"}],"author":[{"embeddable":true,"href":"https:\/\/site.educa.madrid.org\/eoi.valdezarza.madrid\/index.php\/wp-json\/wp\/v2\/users\/2"}],"replies":[{"embeddable":true,"href":"https:\/\/site.educa.madrid.org\/eoi.valdezarza.madrid\/index.php\/wp-json\/wp\/v2\/comments?post=166"}],"version-history":[{"count":50,"href":"https:\/\/site.educa.madrid.org\/eoi.valdezarza.madrid\/index.php\/wp-json\/wp\/v2\/pages\/166\/revisions"}],"predecessor-version":[{"id":4375,"href":"https:\/\/site.educa.madrid.org\/eoi.valdezarza.madrid\/index.php\/wp-json\/wp\/v2\/pages\/166\/revisions\/4375"}],"wp:attachment":[{"href":"https:\/\/site.educa.madrid.org\/eoi.valdezarza.madrid\/index.php\/wp-json\/wp\/v2\/media?parent=166"}],"wp:term":[{"taxonomy":"folder","embeddable":true,"href":"https:\/\/site.educa.madrid.org\/eoi.valdezarza.madrid\/index.php\/wp-json\/wp\/v2\/folder?post=166"}],"curies":[{"name":"wp","href":"https:\/\/api.w.org\/{rel}","templated":true}]}}