{"id":168,"date":"2019-11-26T13:28:13","date_gmt":"2019-11-26T13:28:13","guid":{"rendered":"https:\/\/site.educa.madrid.org\/eoi.valdezarza.madrid\/?page_id=168"},"modified":"2026-03-03T12:16:12","modified_gmt":"2026-03-03T11:16:12","slug":"informacion-administrativa","status":"publish","type":"page","link":"https:\/\/site.educa.madrid.org\/eoi.valdezarza.madrid\/index.php\/informacion-administrativa\/","title":{"rendered":"Tr\u00e1mites administrativos"},"content":{"rendered":"<div><ss3-force-full-width data-overflow-x=\"body\" data-horizontal-selector=\"body\"><div class=\"n2-section-smartslider fitvidsignore \" data-ssid=\"10\" tabindex=\"0\" role=\"region\" aria-label=\"Slider\"><div id=\"n2-ss-10-align\" class=\"n2-ss-align\"><div class=\"n2-padding\"><div id=\"n2-ss-10\" data-creator=\"Smart Slider 3\" data-responsive=\"fullwidth\" class=\"n2-ss-slider n2-ow n2-has-hover n2notransition  \">\n        <div class=\"n2-ss-slider-1 n2_ss__touch_element n2-ow\">\n            <div class=\"n2-ss-slider-2 n2-ow\">\n                                                <div class=\"n2-ss-slider-3 n2-ow\">\n\n                    <div class=\"n2-ss-slide-backgrounds n2-ow-all\"><div class=\"n2-ss-slide-background\" data-public-id=\"1\" data-mode=\"fill\"><div class=\"n2-ss-slide-background-image\" data-blur=\"0\" data-opacity=\"100\" data-x=\"50\" data-y=\"50\" data-alt=\"\" data-title=\"\"><picture class=\"skip-lazy\" data-skip-lazy=\"1\"><img decoding=\"async\" src=\"\/\/site.educa.madrid.org\/eoi.valdezarza.madrid\/\/wp-content\/uploads\/eoi.valdezarza.madrid\/2020\/05\/secretaria_idiomas_eoi_valdezarza.jpg\" alt=\"\" title=\"\" loading=\"lazy\" class=\"skip-lazy\" data-skip-lazy=\"1\"><\/picture><\/div><div data-color=\"RGBA(255,255,255,0)\" style=\"background-color: RGBA(255,255,255,0);\" class=\"n2-ss-slide-background-color\"><\/div><\/div><\/div>                    <div class=\"n2-ss-slider-4 n2-ow\">\n                        <svg xmlns=\"http:\/\/www.w3.org\/2000\/svg\" viewBox=\"0 0 1200 200\" data-related-device=\"desktopPortrait\" class=\"n2-ow n2-ss-preserve-size n2-ss-preserve-size--slider n2-ss-slide-limiter\"><\/svg><div data-first=\"1\" data-slide-duration=\"0\" data-id=\"15\" data-slide-public-id=\"1\" data-title=\"secretaria_idiomas_eoi_valdezarza\" class=\"n2-ss-slide n2-ow  n2-ss-slide-15\"><div role=\"note\" class=\"n2-ss-slide--focus\" tabindex=\"-1\">secretaria_idiomas_eoi_valdezarza<\/div><div class=\"n2-ss-layers-container n2-ss-slide-limiter n2-ow\"><div class=\"n2-ss-layer n2-ow n-uc-eMV4LmxFFv1Y\" data-sstype=\"slide\" data-pm=\"default\"><\/div><\/div><\/div>                    <\/div>\n\n                                    <\/div>\n            <\/div>\n        <\/div>\n        <\/div><ss3-loader><\/ss3-loader><\/div><\/div><div class=\"n2_clear\"><\/div><\/div><\/ss3-force-full-width><\/div>\n\n\n<hr class=\"wp-block-separator has-css-opacity\"\/>\n\n\n\n<h2 class=\"wp-block-heading\">Tr\u00e1mites administrativos<\/h2>\n\n\n\n<meta name=\"viewport\" content=\"width=device-width, initial-scale=1\" charset=\"UTF-8\">\n\n\n\n<style>\n.accordion {\n  background-color: #eee;\n  color: #444;\n  cursor: pointer;\n  padding: 18px;\n  width: 100%;\n  border: none;\n  text-align: left;\n  outline: none;\n  font-size: 15px;\n  transition: 0.4s;\n}\n\n.active, .accordion:hover {\n  background-color: #ccc;\n}\n\n.panel {\n  padding: 0 18px;\n  background-color: white;\n  max-height: 0;\n  overflow: hidden;\n  transition: max-height 0.2s ease-out;\n  margin-top: 20px;\n}\n<\/style>\n\n\n\n<button class=\"accordion\">CAMBIOS DE GRUPO<\/button>\n\n\n\n<div class=\"panel\">\n  <p>Pueden ser solicitados de noviembre a marzo en la Secretar\u00eda del centro. Cada cambio de grupo ser\u00e1 estudiado individualmente y tendr\u00e1 que estar autorizado por el Equipo Directivo, y siempre estar\u00e1 sujeto a que queden vacantes en el grupo al que se quiere trasladar el alumno.\n<\/p>\n<\/div>\n\n\n\n<button class=\"accordion\">EX\u00c1MENES Y CALIFICACIONES<\/button>\n\n\n\n<div class=\"panel\">\n            <p>No se comunicar\u00e1n fechas ni horarios por tel\u00e9fono. Jefatura de estudios expondr\u00e1 oportunamente las fechas y horarios en los tablones de anuncios, as\u00ed como en la p\u00e1gina WEB.\n      <\/p>\n<p>Se informa a los alumnos que para ver las notas, deben acceder a Ra\u00edces (gesti\u00f3n acad\u00e9mica, NO SECRETAR\u00cdA VIRTUAL), accesible haciendo click sobre el siguiente enlace: <a href=\"https:\/\/raices.madrid.org\/raiz_app\/jsp\/portal\/portalraices.html\">RA\u00cdCES GESTI\u00d3N ACAD\u00c9MICA<\/a>. Si un alumno no tuviera credenciales para acceder a Ra\u00edces, debe solicitarlas en la Secretar\u00eda de nuestro centro. No se comunicar\u00e1n notas por tel\u00e9fono. El alumno puede solicitar ver su examen en las fechas fijadas por cada departamento escribiendo al departamento correspondiente: <\/p>\n\n<p>Alem\u00e1n: depaleman.eoi.valdezarza.madrid@educa.madrid.org <\/p>\n\n<p>Chino: depchino.eoi.valdezarza.madrid@educa.madrid.org <\/p>\n\n<p>Franc\u00e9s: depfrances.eoi.valdezarza.madrid@educa.madrid.org <\/p>\n\n<p>Ingl\u00e9s: depingles.eoi.valdezarza.madrid@educa.madrid.org <\/p>\n\n<p>Italiano: depitaliano.eoi.valdezarza.madrid@educa.madrid.org <\/p>\n\n<p>En el supuesto de que, tras las oportunas aclaraciones, exista desacuerdo, el alumno o sus representantes legales puede solicitar por escrito la revisi\u00f3n de la calificaci\u00f3n final en el plazo de 3 d\u00edas h\u00e1biles (los s\u00e1bados son d\u00edas h\u00e1biles) desde la publicaci\u00f3n de los resultados por medio de la siguiente solicitud, que deber\u00e1 entregar en Secretar\u00eda: <\/p>\n\n<p><a href=\"https:\/\/site.educa.madrid.org\/eoi.valdezarza.madrid\/\/wp-content\/uploads\/eoi.valdezarza.madrid\/2026\/02\/Solicitud-de-Revision.pdf\">SOLICITUD DE REVISI\u00d3N DE EXAMEN<\/a> <\/p>\n\n<p>Para poder iniciar el proceso de reclamaci\u00f3n de examen, se ha de haber tramitado previamente el proceso de revisi\u00f3n de examen y haber recibido comunicaci\u00f3n escrita del Jefe de Estudios en relaci\u00f3n a la ratificaci\u00f3n o modificaci\u00f3n de la calificaci\u00f3n final, lo cual pon\u00eda t\u00e9rmino al proceso de revisi\u00f3n en el centro. Si tras este proceso de revisi\u00f3n persistiese el desacuerdo, el solicitante o sus representantes legales podr\u00e1n, en el plazo de 2 d\u00edas h\u00e1biles a partir de la comunicaci\u00f3n del Jefe de Estudios, solicitar por escrito al Director que eleve reclamaci\u00f3n al Director de \u00c1rea Territorial, remiti\u00e9ndole el expediente correspondiente (se recuerda a los alumnos que los s\u00e1bados son d\u00edas h\u00e1biles). En el plazo de quince d\u00edas h\u00e1biles (para pruebas de evaluaci\u00f3n de la promoci\u00f3n) o de un mes (para Pruebas de Certificaci\u00f3n) a partir de la recepci\u00f3n del expediente, el Director de \u00c1rea Territorial adoptar\u00e1 la resoluci\u00f3n motivada que proceda y la comunicar\u00e1 al Director de la Escuela para su traslado al interesado, con lo que se pondr\u00e1 fin a la v\u00eda administrativa.<\/p>\n\n<p><a href=\"https:\/\/site.educa.madrid.org\/eoi.valdezarza.madrid\/\/wp-content\/uploads\/eoi.valdezarza.madrid\/2026\/02\/Solicitud-de-Reclamacion.pdf\">SOLICITUD DE RECLAMACI\u00d3N<\/a> <\/p>\n\n<p>(Orden 2414\/2019 de 1 de agosto, modificada por la Orden 2475\/2021 de 13 de agosto)<\/p>\n<\/div>\n\n\n\n<button class=\"accordion\">L\u00cdMITES DE CONVOCATORIA<\/button>\n\n\n\n<div class=\"panel\">\n  <p>Una convocatoria es igual a una matr\u00edcula (que comprende convocatoria ordinaria y extraordinaria). Se empiezan a contar desde el curso 2018\/2019:\n<\/p><ul>\n<li>Para los niveles B1 y C1 los alumnos tienen 2 a\u00f1os para superarlos. \n<\/li><li>Para el resto de los niveles los alumnos tienen 4 a\u00f1os para superarlos excepto para el nivel b\u00e1sico de chino en el que los alumn@s tendr\u00e1n 6 a\u00f1os para superarlo.\n<\/li><\/ul> \n\nAtenci\u00f3n: Los cursos 2019-20 y 2020-21 no computan a efectos de permanencia como consecuencia de la pandemia.\n<\/p>\nTodos aquellos alumnos que tengan dudas sobre su l\u00edmite de convocatorias deber\u00e1n informarse en Secretar\u00eda, ya que para saber en qu\u00e9 situaci\u00f3n se encuentran es necesario comprobar su expediente acad\u00e9mico en la base de datos.\n\n\n      <p><\/p>\n<\/div>\n\n\n\n<button class=\"accordion\">RENUNCIAS A LA MATR\u00cdCULA<\/button>\n\n\n\n<div class=\"panel\">\n  <p>Se podr\u00e1 solicitar en secretaria la renuncia a la matricula durante los primeros 60 d\u00edas desde el comienzo de las clases, teniendo en cuenta que:\n\n<\/p><ul>\n<li>La renuncia es equivalente a no haber realizado matr\u00edcula. \n<\/li><li>Las tasas abonadas no se recuperan. \n<\/li><li>No se guardar\u00e1 plaza para el siguiente curso.\n<\/li><\/ul> \n\nLos alumnos con renuncia que deseen volver a matricularse deber\u00e1n pasar nuevamente por el proceso de admisi\u00f3n y deber\u00e1n realizar la solicitud de admisi\u00f3n en el plazo que suele ser entre abril y mayo.\n \n        <p><\/p>\nPara solicitar la renuncia, cumplimente y entregue la siguiente documentaci\u00f3n en Secretar\u00eda: <a href=\"https:\/\/site.educa.madrid.org\/eoi.valdezarza.madrid\/\/wp-content\/uploads\/eoi.valdezarza.madrid\/2023\/03\/Anexo-III.pdf\">ANEXO III<\/a> \n<\/div>\n\n\n\n<button class=\"accordion\">ANULACIONES VOLUNTARIAS DE MATR\u00cdCULA<\/button>\n\n\n\n<div class=\"panel\">\n  <p>Los alumnos podr\u00e1n solicitar en Secretar\u00eda la anulaci\u00f3n de matr\u00edcula con una antelaci\u00f3n m\u00ednima de 30 d\u00edas naturales a la fecha fijada para la sesi\u00f3n de evaluaci\u00f3n final ordinaria. En el curso 2025-26 la fecha l\u00edmite ser\u00e1 el 15 de abril de 2026. Se podr\u00e1 solicitar 1 sola vez por cada nivel, empezando a contar desde el curso 2018\/19. <\/p><p>\n<\/p>\n<p>La anulaci\u00f3n supone, desde el momento en que se estima, que el alumno no podr\u00e1 seguir asistiendo a clases ni realizar los ex\u00e1menes finales. No corre convocatoria y se guardar\u00e1 la plaza para el pr\u00f3ximo curso en el siguiente inmediato a\u00f1o acad\u00e9mico. Si se matricula en el siguiente inmediato a\u00f1o acad\u00e9mico, pagar\u00e1 las tasas de antiguo alumno, pero si se matricul\u00f3 como repetidor en el curso que anul\u00f3 matr\u00edcula, deber\u00e1 pagar como alumno que repite. Si se matricula en cursos posteriores al siguiente inmediato a\u00f1o acad\u00e9mico pasar\u00e1 a ser considerado como un alumno de nuevo ingreso. <\/p><p>\n <\/p> \nPara solicitar la anulaci\u00f3n de matr\u00edcula, cumplimente y entregue el siguiente documento en Secretar\u00eda:  <a href=\"https:\/\/site.educa.madrid.org\/eoi.valdezarza.madrid\/\/wp-content\/uploads\/eoi.valdezarza.madrid\/2023\/03\/Anexo-I.pdf\">ANEXO I<\/a>\n\n<\/div>\n\n\n\n<button class=\"accordion\">ANULACIONES DE MATR\u00cdCULA ADMINISTRATIVAS<\/button>\n\n\n\n<div class=\"panel\">\n  <p>A los alumnos con falta de pago de las tasas de su matr\u00edcula les ser\u00e1 anulada la misma de manera oficial por la escuela, por lo que perder\u00e1n todos los derechos inherentes, no pudiendo asistir a clases ni a ex\u00e1menes finales. Igualmente perder\u00e1n el derecho a reserva de plaza para el siguiente curso, quedando la deuda pendiente de pago, que podr\u00e1 ser exigida por los procedimientos administrativos reglamentarios. <\/p>\n\n<p>Aquellos alumnos que hayan realizado fraccionamiento de las tasas de matr\u00edcula est\u00e1n obligados al pago del 2\u00ba plazo. En caso de no realizar el 2\u00ba pago se considerar\u00e1 anulaci\u00f3n de matr\u00edcula administrativa.\n \n        <\/p>\n<\/div>\n\n\n\n<button class=\"accordion\">FALTAS DE ASISTENCIA A CLASES<\/button>\n\n\n\n<div class=\"panel\">\n  <p>Los profesores pasar\u00e1n regularmente las listas de asistencia a clases. Los padres o tutores de alumnos menores deber\u00e1n consultar las faltas de asistencia en Ra\u00edces. Para que se aplique la evaluaci\u00f3n de progreso, el alumnado deber\u00e1 asistir, al menos, a un 50% de las clases. <\/p> \n\n<p>Aquellos alumnos que hayan solicitado beca, deber\u00e1n asistir a un m\u00ednimo del 85 % de las clases, ya que en caso contrario se les denegar\u00e1 dicha beca.\n  \n        <\/p>\n<\/div>\n\n\n\n<button class=\"accordion\">TRASLADOS DE MATR\u00cdCULA<\/button>\n\n\n\n<div class=\"panel\">\n  <p>Una vez comenzado el curso se podr\u00e1 solicitar traslado de matr\u00edcula activa a otro centro, siempre y cuando la escuela de destino tenga plazas vacantes para aceptar el traslado. Para ello, el alumno se pondr\u00e1 en contacto con la escuela de destino que le indicar\u00e1 la forma de proceder. \nPara solicitar traslado una vez acabado el curso el alumno contactar\u00e1 con la EOI de destino para informarse del tr\u00e1mite oportuno. \n  \n        <\/p>\n<\/div>\n\n\n\n<button class=\"accordion\">CERTIFICADOS CORRIENTES<\/button>\n\n\n\n<div class=\"panel\">\n  <p>Se pueden solicitar en secretar\u00eda en cualquier momento. Son gratuitos y se dar\u00e1n en un plazo de 3 d\u00edas, excepto en \u00e9poca de matr\u00edculas que ser\u00e1 de 5 a 7 d\u00edas. En cualquier caso, se intentar\u00e1 si es posible expedirlo a la mayor brevedad posible. \n  \n        <\/p>\n<\/div>\n\n\n\n<button class=\"accordion\">SOLICITUD DE T\u00cdTULO<\/button>\n\n\n\n<div class=\"panel\">\n  <p>Una vez aprobado cualquier examen de Certificaci\u00f3n, el alumno podr\u00e1 solicitar en Secretar\u00eda el correspondiente t\u00edtulo, previo pago de tasas. Se podr\u00e1 solicitar en los siguientes periodos: del 1 al 15 de marzo, del 1 al 15 de julio y del 1 al 15 de diciembre. El t\u00edtulo se tramitar\u00e1 en aproximadamente un a\u00f1o.\n  \n        <\/p>\n<\/div>\n\n\n\n<button class=\"accordion\">DEVOLUCIONES DE INGRESOS INDEBIDOS<\/button>\n\n\n\n<div class=\"panel\">\n  <p>Aquellos alumnos que hayan abonado ingresos indebidos, podr\u00e1 solicitar en cualquier momento en Secretaria la devoluci\u00f3n de las cantidades abonadas. La tramitaci\u00f3n suele tardar aproximadamente 3 meses. \n  \n        <\/p>\n<\/div>\n\n\n\n<button class=\"accordion\">ALUMNOS SOLICITANTES DE BECA<\/button>\n\n\n\n<div class=\"panel\">\n  <p>Los alumnos que as\u00ed lo estimen, podr\u00e1n solicitar beca en el plazo correspondiente que suele ser hacia mediados del mes de agosto en BECAS.MEC por internet, donde encontrar\u00e1n toda la informaci\u00f3n y documentaci\u00f3n a presentar. \nAdem\u00e1s de los requisitos reglamentarios exigidos por la convocatoria de becas, son requisitos imprescindibles para la concesi\u00f3n de la beca: <\/p>\n<ul>\n<li>Aprobar el curso.\n<\/li><li>No causar baja en el centro.\n<\/li><li>Asistir al menos al 85 % de las clases. \n<\/li><\/ul>\n\n<p>Si uno de estos 3 requisitos fuera incumplido, la administraci\u00f3n podr\u00e1 solicitar al alumno la devoluci\u00f3n de las cantidades recibidas por la beca solicitada.<\/p> \n\n<p>Al realizar la matr\u00edcula todos los alumnos solicitantes de beca deber\u00e1n abonar las tasas acad\u00e9micas, es decir, aunque el alumno solicite la beca debe realizar el pago de su matr\u00edcula. En caso de obtener beca, la Comunidad de Madrid le restituir\u00e1 en su cuenta el importe correspondiente.<\/p> \n\n<p>Los alumnos que no superen el curso o causen baja no tendr\u00e1n derecho a beca y en caso de recibir el importe de la misma deber\u00e1n devolverlo.\n  \n        <\/p>\n<\/div>\n\n\n\n<button class=\"accordion\">ALUMNOS MENORES DE EDAD<\/button>\n\n\n\n<div class=\"panel\">\n  <p>Las faltas de asistencia son registradas en Ra\u00edces por el profesorado. Son los padres, madres o tutores legales los que deben consultar la asistencia de los menores por medio de dicha plataforma. \n  \n        <\/p>\n<\/div>\n\n\n\n<button class=\"accordion\">ADAPTACI\u00d3N EX\u00c1MENES PARA PERSONAS CON DISCAPACIDADES<\/button>\n\n\n\n<div class=\"panel\">\n  <p>Aquellos alumnos con discapacidad, que requieran de una adaptaci\u00f3n a sus necesidades para realizar los ex\u00e1menes, deber\u00e1n solicitarlo en secretaria al formalizar la matr\u00edcula o a principios de curso, aportando una copia de la certificaci\u00f3n de su discapacidad y entregando el siguiente impreso debidamente cumplimentado.<\/p>\n  <p><a href=\"\/\/site.educa.madrid.org\/eoi.valdezarza.madrid\/\/wp-content\/uploads\/eoi.valdezarza.madrid\/2021\/02\/Solicitud-Adaptacio\u0301n-Pruebas.doc\u201d\" target=\"_blank\" rel=\"noopener noreferrer\">Descarga de impresos<\/a> \n  \n        <\/p>\n<\/div>\n\n\n\n<p class=\"accordion has-black-color has-very-light-gray-background-color has-text-color has-background\">RENUNCIA A LA EVALUACI\u00d3N FINAL ORDINARIA Y EXTRAORDINARIA<\/p>\n\n\n\n<div class=\"panel\">\n  <p>1.- Los alumnos podr\u00e1n solicitar a la direcci\u00f3n de la EOI la renuncia a la evaluaci\u00f3n final ordinaria y a la evaluaci\u00f3n final extraordinaria del curso en el que est\u00e1n matriculados con, al menos, treinta d\u00edas naturales de antelaci\u00f3n a la fecha de realizaci\u00f3n de la sesi\u00f3n de evaluaci\u00f3n ordinaria mediante la presentaci\u00f3n de la solicitud denominada \u00abANEXO VI: Renuncia a la evaluaci\u00f3n\u00bb en la Secretar\u00eda de la EOI o envi\u00e1ndola por correo electr\u00f3nico a: secretaria.eoi.valdezarza.madrid@educa.madrid.org . En el curso 2025-26 la fecha l\u00edmite para solicitar la renuncia a la promoci\u00f3n es el 10 de abril de 2026.<\/p>\n<p>2.- La renuncia de la evaluaci\u00f3n est\u00e1 referida conjuntamente a la evaluaci\u00f3n final ordinaria y a la evaluaci\u00f3n extraordinaria.<\/p>\n<p>3.- Una vez recibida la solicitud de renuncia a la evaluaci\u00f3n, el centro notificar\u00e1 al alumno por medio de correo electr\u00f3nico que ha hecho efectiva dicha renuncia desde la fecha de presentaci\u00f3n de la solicitud.<\/p>\n<p>4.- La solicitud de renuncia a la evaluaci\u00f3n se apuntar\u00e1 al expediente acad\u00e9mico del alumno, en el que se har\u00e1 constar esta circunstancia.<\/p>\n<p>5.- La matr\u00edcula del curso en el que se renuncia a la evaluaci\u00f3n computar\u00e1 a efectos de permanencia en el nivel correspondiente y ser\u00e1 tenida en cuenta para la consideraci\u00f3n como alumno repetidor del mismo nivel y curso en cursos acad\u00e9micos posteriores.<\/p>\n<p>6.- El alumno con renuncia a la evaluaci\u00f3n podr\u00e1 realizar la prueba de certificaci\u00f3n en los t\u00e9rminos fijados en el art\u00edculo 25.1 de la orden 2414\/2019, de uno de agosto, modificada por la orden 2475\/2021 de 13 de agosto, pero no podr\u00e1 realizar los ex\u00e1menes de la promoci\u00f3n.<\/p>\n<p>7.- La renuncia a la evaluaci\u00f3n no supondr\u00e1 la devoluci\u00f3n de los precios p\u00fablicos abonados.<\/p>\n <\/p>Para solicitar la renuncia a la evaluaci\u00f3n, cumplimente y entregue la siguientes documentaci\u00f3n en Secretar\u00eda:\n<p><a href=\"https:\/\/site.educa.madrid.org\/eoi.valdezarza.madrid\/\/wp-content\/uploads\/eoi.valdezarza.madrid\/2023\/03\/Anexo-VI.pdf\" target=\"_blank\" rel=\"noopener noreferrer\">ANEXO VI<\/a>\n\n<\/p><\/div>\n\n\n\n<script>\nvar acc = document.getElementsByClassName(\"accordion\");\nvar i;\n\nfor (i = 0; i < acc.length; i++) {\n  acc[i].addEventListener(\"click\", function() {\n    this.classList.toggle(\"active\");\n    var panel = this.nextElementSibling;\n    if (panel.style.maxHeight) {\n      panel.style.maxHeight = null;\n    } else {\n      panel.style.maxHeight = panel.scrollHeight + \"px\";\n    } \n  });\n}\n<\/script>\n\n\n\n<p><\/p>\n","protected":false},"excerpt":{"rendered":"<p>Tr\u00e1mites administrativos CAMBIOS DE GRUPO Pueden ser solicitados de noviembre a marzo en la Secretar\u00eda del centro. Cada cambio de grupo ser\u00e1 estudiado individualmente y tendr\u00e1 que estar autorizado por &#8230;<\/p>\n","protected":false},"author":2,"featured_media":0,"parent":0,"menu_order":0,"comment_status":"closed","ping_status":"closed","template":"template-fullwidth.php","meta":{"footnotes":""},"folder":[],"class_list":["post-168","page","type-page","status-publish","hentry"],"rttpg_featured_image_url":null,"rttpg_author":{"display_name":"tic.eoi.valdezarza.madrid","author_link":"https:\/\/site.educa.madrid.org\/eoi.valdezarza.madrid\/index.php\/author\/cuenta_tic-eoi-valdezarza-madrid\/"},"rttpg_comment":0,"rttpg_category":false,"rttpg_excerpt":"Tr\u00e1mites administrativos CAMBIOS DE GRUPO Pueden ser solicitados de noviembre a marzo en la Secretar\u00eda del centro. Cada cambio de grupo ser\u00e1 estudiado individualmente y tendr\u00e1 que estar autorizado por ...","post_mailing_queue_ids":[],"_links":{"self":[{"href":"https:\/\/site.educa.madrid.org\/eoi.valdezarza.madrid\/index.php\/wp-json\/wp\/v2\/pages\/168","targetHints":{"allow":["GET"]}}],"collection":[{"href":"https:\/\/site.educa.madrid.org\/eoi.valdezarza.madrid\/index.php\/wp-json\/wp\/v2\/pages"}],"about":[{"href":"https:\/\/site.educa.madrid.org\/eoi.valdezarza.madrid\/index.php\/wp-json\/wp\/v2\/types\/page"}],"author":[{"embeddable":true,"href":"https:\/\/site.educa.madrid.org\/eoi.valdezarza.madrid\/index.php\/wp-json\/wp\/v2\/users\/2"}],"replies":[{"embeddable":true,"href":"https:\/\/site.educa.madrid.org\/eoi.valdezarza.madrid\/index.php\/wp-json\/wp\/v2\/comments?post=168"}],"version-history":[{"count":50,"href":"https:\/\/site.educa.madrid.org\/eoi.valdezarza.madrid\/index.php\/wp-json\/wp\/v2\/pages\/168\/revisions"}],"predecessor-version":[{"id":4765,"href":"https:\/\/site.educa.madrid.org\/eoi.valdezarza.madrid\/index.php\/wp-json\/wp\/v2\/pages\/168\/revisions\/4765"}],"wp:attachment":[{"href":"https:\/\/site.educa.madrid.org\/eoi.valdezarza.madrid\/index.php\/wp-json\/wp\/v2\/media?parent=168"}],"wp:term":[{"taxonomy":"folder","embeddable":true,"href":"https:\/\/site.educa.madrid.org\/eoi.valdezarza.madrid\/index.php\/wp-json\/wp\/v2\/folder?post=168"}],"curies":[{"name":"wp","href":"https:\/\/api.w.org\/{rel}","templated":true}]}}