{"id":172,"date":"2019-11-26T13:54:43","date_gmt":"2019-11-26T13:54:43","guid":{"rendered":"https:\/\/site.educa.madrid.org\/eoi.valdezarza.madrid\/?page_id=172"},"modified":"2026-01-20T16:20:17","modified_gmt":"2026-01-20T15:20:17","slug":"aleman","status":"publish","type":"page","link":"https:\/\/site.educa.madrid.org\/eoi.valdezarza.madrid\/index.php\/aleman\/","title":{"rendered":"Alem\u00e1n"},"content":{"rendered":"<div><ss3-force-full-width data-overflow-x=\"body\" data-horizontal-selector=\"body\"><div class=\"n2-section-smartslider fitvidsignore \" data-ssid=\"7\" tabindex=\"0\" role=\"region\" aria-label=\"Slider\"><div id=\"n2-ss-7-align\" class=\"n2-ss-align\"><div class=\"n2-padding\"><div id=\"n2-ss-7\" data-creator=\"Smart Slider 3\" data-responsive=\"fullwidth\" class=\"n2-ss-slider n2-ow n2-has-hover n2notransition  \">\n        <div class=\"n2-ss-slider-1 n2_ss__touch_element n2-ow\">\n            <div class=\"n2-ss-slider-2 n2-ow\">\n                                                <div class=\"n2-ss-slider-3 n2-ow\">\n\n                    <div class=\"n2-ss-slide-backgrounds n2-ow-all\"><div class=\"n2-ss-slide-background\" data-public-id=\"1\" data-mode=\"fill\"><div class=\"n2-ss-slide-background-image\" data-blur=\"0\" data-opacity=\"100\" data-x=\"50\" data-y=\"50\" data-alt=\"\" data-title=\"\"><picture class=\"skip-lazy\" data-skip-lazy=\"1\"><img decoding=\"async\" src=\"\/\/site.educa.madrid.org\/eoi.valdezarza.madrid\/\/wp-content\/uploads\/eoi.valdezarza.madrid\/2020\/05\/ALEMAN.jpg\" alt=\"\" title=\"\" loading=\"lazy\" class=\"skip-lazy\" data-skip-lazy=\"1\"><\/picture><\/div><div data-color=\"RGBA(255,255,255,0)\" style=\"background-color: RGBA(255,255,255,0);\" class=\"n2-ss-slide-background-color\"><\/div><\/div><\/div>                    <div class=\"n2-ss-slider-4 n2-ow\">\n                        <svg xmlns=\"http:\/\/www.w3.org\/2000\/svg\" viewBox=\"0 0 1200 200\" data-related-device=\"desktopPortrait\" class=\"n2-ow n2-ss-preserve-size n2-ss-preserve-size--slider n2-ss-slide-limiter\"><\/svg><div data-first=\"1\" data-slide-duration=\"0\" data-id=\"12\" data-slide-public-id=\"1\" data-title=\"ALEMAN\" class=\"n2-ss-slide n2-ow  n2-ss-slide-12\"><div role=\"note\" class=\"n2-ss-slide--focus\" tabindex=\"-1\">ALEMAN<\/div><div class=\"n2-ss-layers-container n2-ss-slide-limiter n2-ow\"><div class=\"n2-ss-layer n2-ow n-uc-zT2t0w9lYsxq\" data-sstype=\"slide\" data-pm=\"default\"><\/div><\/div><\/div>                    <\/div>\n\n                                    <\/div>\n            <\/div>\n        <\/div>\n        <\/div><ss3-loader><\/ss3-loader><\/div><\/div><div class=\"n2_clear\"><\/div><\/div><\/ss3-force-full-width><\/div>\n\n\n<hr class=\"wp-block-separator has-css-opacity is-style-default\"\/>\n\n\n\n<p class=\"has-text-align-center\"><mark style=\"background-color:rgba(0, 0, 0, 0)\" class=\"has-inline-color has-vivid-cyan-blue-color\"><strong>depaleman.eoi.valdezarza.madrid@educa.madrid.org&nbsp;<\/strong><\/mark><\/p>\n\n\n\n<hr class=\"wp-block-separator has-css-opacity\"\/>\n\n\n\n<div class=\"wp-block-columns has-2-columns is-layout-flex wp-container-core-columns-is-layout-9d6595d7 wp-block-columns-is-layout-flex\">\n<div class=\"wp-block-column is-layout-flow wp-block-column-is-layout-flow\">\n<h2 class=\"wp-block-heading\">Alem\u00e1n<\/h2>\n\n\n\n<p><strong>CURR\u00cdCULO:<\/strong><\/p>\n\n\n\n<p><a href=\"https:\/\/site.educa.madrid.org\/eoi.valdezarza.madrid\/\/wp-content\/uploads\/eoi.valdezarza.madrid\/2020\/06\/Disposiciones-Generales-Decreto-106-2018_EN.pdf\" target=\"_blank\" rel=\"noreferrer noopener\"><strong>Disposiciones Generales<\/strong><\/a><\/p>\n\n\n\n<ul class=\"wp-block-list\">\n<li><strong><a rel=\"noreferrer noopener\" href=\"https:\/\/site.educa.madrid.org\/eoi.valdezarza.madrid\/\/wp-content\/uploads\/eoi.valdezarza.madrid\/2020\/06\/Intro-Curriculo-Nivel-Basico-A1-A2_EN.pdf\" target=\"_blank\">Intro Curriculo nivel A1-A2<\/a><\/strong>\n<ul class=\"wp-block-list\">\n<li><strong><a rel=\"noreferrer noopener\" href=\"https:\/\/site.educa.madrid.org\/eoi.valdezarza.madrid\/\/wp-content\/uploads\/eoi.valdezarza.madrid\/2020\/07\/Aleman_A1.pdf\" target=\"_blank\">Nivel B\u00e1sico A1<\/a><\/strong><\/li>\n\n\n\n<li><strong><a rel=\"noreferrer noopener\" href=\"https:\/\/site.educa.madrid.org\/eoi.valdezarza.madrid\/\/wp-content\/uploads\/eoi.valdezarza.madrid\/2020\/07\/Aleman_A2.pdf\" target=\"_blank\">Nivel B\u00e1sico A2<\/a><\/strong><\/li>\n<\/ul>\n<\/li>\n\n\n\n<li><strong><a rel=\"noreferrer noopener\" href=\"https:\/\/site.educa.madrid.org\/eoi.valdezarza.madrid\/\/wp-content\/uploads\/eoi.valdezarza.madrid\/2020\/06\/Intro-Curriculo-Nivel-Intermedio-B1-B2_EN.pdf\" target=\"_blank\">Intro Curriculo nivel B1-B2<\/a><\/strong>\n<ul class=\"wp-block-list\">\n<li><strong><a rel=\"noreferrer noopener\" href=\"https:\/\/site.educa.madrid.org\/eoi.valdezarza.madrid\/\/wp-content\/uploads\/eoi.valdezarza.madrid\/2020\/07\/Aleman_B1.pdf\" target=\"_blank\">Nivel Intermedio B1<\/a><\/strong><\/li>\n\n\n\n<li><strong><a rel=\"noreferrer noopener\" href=\"https:\/\/site.educa.madrid.org\/eoi.valdezarza.madrid\/\/wp-content\/uploads\/eoi.valdezarza.madrid\/2020\/07\/Aleman_B2.pdf\" target=\"_blank\">Nivel intermedio B2<\/a><\/strong><\/li>\n<\/ul>\n<\/li>\n<\/ul>\n<\/div>\n\n\n\n<div class=\"wp-block-column is-layout-flow wp-block-column-is-layout-flow\">\n<h5 class=\"wp-block-heading\">CRITERIOS DE EVALUACI\u00d3N DE PROMOCI\u00d3N 2025-26<\/h5>\n\n\n\n<p>Pulsa <a href=\"https:\/\/site.educa.madrid.org\/eoi.valdezarza.madrid\/\/wp-content\/uploads\/eoi.valdezarza.madrid\/2025\/09\/Criterios-de-evaluacion-25-26-ALEMAN.pdf\">aqu\u00ed<\/a> para ver los criterios<\/p>\n\n\n\n<p><\/p>\n\n\n\n<p><strong>FORMATO DE LAS PRUEBAS PARA LA PROMOCI\u00d3N  2025-26<\/strong><\/p>\n\n\n\n<p>Pulsa <a href=\"https:\/\/site.educa.madrid.org\/eoi.valdezarza.madrid\/\/wp-content\/uploads\/eoi.valdezarza.madrid\/2025\/09\/Formato-de-pruebas-25-26-ALEMAN.pdf\">aqu\u00ed<\/a> para ver la informaci\u00f3n<\/p>\n\n\n\n<p><\/p>\n\n\n\n<p class=\"has-black-color has-text-color\"><strong>LIBROS DE TEXTO CURSO 2025-2026<\/strong><\/p>\n\n\n\n<p class=\"has-black-color has-text-color\">Pulsa <a href=\"https:\/\/site.educa.madrid.org\/eoi.valdezarza.madrid\/\/wp-content\/uploads\/eoi.valdezarza.madrid\/2025\/09\/ALEMAN-Libros-2025-2026-PARA-WEB.pdf\">aqu\u00ed<\/a> para ver los libros<strong>&nbsp;<\/strong><\/p>\n\n\n\n<p><strong>HORARIO DE ATENCI\u00d3N AL ALUMNADO<\/strong><\/p>\n\n\n\n<p>Pulsa <a href=\"https:\/\/site.educa.madrid.org\/eoi.valdezarza.madrid\/\/wp-content\/uploads\/eoi.valdezarza.madrid\/2026\/01\/HORARIO-ATENCION-ALUMNOS-PROFESORES-25-26.pdf\" target=\"_blank\" rel=\"noreferrer noopener\">aqu\u00ed <\/a>para ver los horarios<\/p>\n<\/div>\n<\/div>\n\n\n\n<p><\/p>\n\n\n\n<p><\/p>\n\n\n\n<p><strong>ACTIVIDADES EXTRAESCOLARES Y COMPLEMENTARIAS CURSO 2025\/2026<\/strong><\/p>\n\n\n<div class=\"wp-block-image\">\n<figure class=\"aligncenter size-large is-resized\"><img loading=\"lazy\" decoding=\"async\" width=\"1024\" height=\"768\" src=\"https:\/\/site.educa.madrid.org\/eoi.valdezarza.madrid\/\/wp-content\/uploads\/eoi.valdezarza.madrid\/2026\/01\/Grimm2026_2-1024x768.jpg\" alt=\"\" class=\"wp-image-4660\" style=\"width:471px;height:auto\" srcset=\"https:\/\/site.educa.madrid.org\/eoi.valdezarza.madrid\/\/wp-content\/uploads\/eoi.valdezarza.madrid\/2026\/01\/Grimm2026_2-1024x768.jpg 1024w, https:\/\/site.educa.madrid.org\/eoi.valdezarza.madrid\/\/wp-content\/uploads\/eoi.valdezarza.madrid\/2026\/01\/Grimm2026_2-300x225.jpg 300w, https:\/\/site.educa.madrid.org\/eoi.valdezarza.madrid\/\/wp-content\/uploads\/eoi.valdezarza.madrid\/2026\/01\/Grimm2026_2-768x576.jpg 768w, https:\/\/site.educa.madrid.org\/eoi.valdezarza.madrid\/\/wp-content\/uploads\/eoi.valdezarza.madrid\/2026\/01\/Grimm2026_2-1536x1152.jpg 1536w, https:\/\/site.educa.madrid.org\/eoi.valdezarza.madrid\/\/wp-content\/uploads\/eoi.valdezarza.madrid\/2026\/01\/Grimm2026_2.jpg 1654w\" sizes=\"auto, (max-width: 1024px) 100vw, 1024px\" \/><\/figure>\n<\/div>\n\n\n<div class=\"wp-block-columns has-2-columns is-layout-flex wp-container-core-columns-is-layout-9d6595d7 wp-block-columns-is-layout-flex\">\n<div class=\"wp-block-column is-layout-flow wp-block-column-is-layout-flow\">\n<p class=\"has-text-align-center\"><strong>Taller de fon\u00e9tica alemana<\/strong><\/p>\n\n\n<div class=\"wp-block-image\">\n<figure class=\"aligncenter size-large is-resized\"><img loading=\"lazy\" decoding=\"async\" width=\"1024\" height=\"819\" src=\"https:\/\/site.educa.madrid.org\/eoi.valdezarza.madrid\/\/wp-content\/uploads\/eoi.valdezarza.madrid\/2025\/11\/Taller-de-fonetica-alemana-1024x819.jpg\" alt=\"\" class=\"wp-image-4592\" style=\"width:451px;height:auto\" srcset=\"https:\/\/site.educa.madrid.org\/eoi.valdezarza.madrid\/\/wp-content\/uploads\/eoi.valdezarza.madrid\/2025\/11\/Taller-de-fonetica-alemana-1024x819.jpg 1024w, https:\/\/site.educa.madrid.org\/eoi.valdezarza.madrid\/\/wp-content\/uploads\/eoi.valdezarza.madrid\/2025\/11\/Taller-de-fonetica-alemana-300x240.jpg 300w, https:\/\/site.educa.madrid.org\/eoi.valdezarza.madrid\/\/wp-content\/uploads\/eoi.valdezarza.madrid\/2025\/11\/Taller-de-fonetica-alemana-768x614.jpg 768w, https:\/\/site.educa.madrid.org\/eoi.valdezarza.madrid\/\/wp-content\/uploads\/eoi.valdezarza.madrid\/2025\/11\/Taller-de-fonetica-alemana-1536x1229.jpg 1536w, https:\/\/site.educa.madrid.org\/eoi.valdezarza.madrid\/\/wp-content\/uploads\/eoi.valdezarza.madrid\/2025\/11\/Taller-de-fonetica-alemana.jpg 2000w\" sizes=\"auto, (max-width: 1024px) 100vw, 1024px\" \/><\/figure>\n<\/div>\n\n\n<p><\/p>\n\n\n\n<p class=\"has-text-align-center\">&nbsp;<strong>Curso de destrezas orales de alem\u00e1n<\/strong><\/p>\n\n\n\n<figure class=\"wp-block-video alignleft\"><video height=\"1080\" style=\"aspect-ratio: 1920 \/ 1080;\" width=\"1920\" controls src=\"https:\/\/site.educa.madrid.org\/eoi.valdezarza.madrid\/\/wp-content\/uploads\/eoi.valdezarza.madrid\/2025\/06\/DESTREZAS-ORALES-ALEMAN-1.mp4\"><\/video><\/figure>\n\n\n\n<p><\/p>\n\n\n\n<p><strong>ACTIVIDADES EXTRAESCOLARES Y COMPLEMENTARIAS CURSO 2024\/2025<\/strong> <\/p>\n\n\n\n<p><br>El viernes 15 de noviembre de 2024 por la tarde hicimos una visita guiada en alem\u00e1n con&nbsp;<a href=\"https:\/\/madridaufdeutsch.net\/\" target=\"_blank\" rel=\"noreferrer noopener\">Madrid auf Deutsch<\/a>, de la mano de Anne, por el Barrio de las Letras, Lavapi\u00e9s y La Latina. Particip\u00f3 alumnado de los niveles B1, B2.1 y B2.2, adem\u00e1s de ambas profesoras. Conocimos la historia de varias tiendas centenarias, bares, an\u00e9cdotas y visitamos callejones muy bonitos. Lo pasamos muy bien y adem\u00e1s aprendimos muchas cosas que no sab\u00edamos sobre la historia de los barrios bajos.<\/p>\n<\/div>\n<\/div>\n\n\n\n<figure class=\"wp-block-image size-large is-resized\"><img loading=\"lazy\" decoding=\"async\" width=\"1024\" height=\"768\" src=\"https:\/\/site.educa.madrid.org\/eoi.valdezarza.madrid\/\/wp-content\/uploads\/eoi.valdezarza.madrid\/2024\/11\/Foto-paseo-ALEMAN-BIS2-1024x768.jpg\" alt=\"\" class=\"wp-image-3582\" style=\"width:486px;height:auto\" srcset=\"https:\/\/site.educa.madrid.org\/eoi.valdezarza.madrid\/\/wp-content\/uploads\/eoi.valdezarza.madrid\/2024\/11\/Foto-paseo-ALEMAN-BIS2-1024x768.jpg 1024w, https:\/\/site.educa.madrid.org\/eoi.valdezarza.madrid\/\/wp-content\/uploads\/eoi.valdezarza.madrid\/2024\/11\/Foto-paseo-ALEMAN-BIS2-300x225.jpg 300w, https:\/\/site.educa.madrid.org\/eoi.valdezarza.madrid\/\/wp-content\/uploads\/eoi.valdezarza.madrid\/2024\/11\/Foto-paseo-ALEMAN-BIS2-768x576.jpg 768w, https:\/\/site.educa.madrid.org\/eoi.valdezarza.madrid\/\/wp-content\/uploads\/eoi.valdezarza.madrid\/2024\/11\/Foto-paseo-ALEMAN-BIS2-1536x1152.jpg 1536w, https:\/\/site.educa.madrid.org\/eoi.valdezarza.madrid\/\/wp-content\/uploads\/eoi.valdezarza.madrid\/2024\/11\/Foto-paseo-ALEMAN-BIS2-2048x1536.jpg 2048w\" sizes=\"auto, (max-width: 1024px) 100vw, 1024px\" \/><\/figure>\n\n\n\n<p><\/p>\n\n\n\n<p><\/p>\n\n\n\n<p>El jueves 21 de noviembre de 2024 a las 19:00 h en la Biblioteca hubo una presentaci\u00f3n en espa\u00f1ol y alem\u00e1n a cargo de&nbsp;<a href=\"https:\/\/berlinfilm.es\/\" target=\"_blank\" rel=\"noreferrer noopener\">Celia Mart\u00ednez<\/a>&nbsp;sobre \u00abM\u00fasica a trav\u00e9s de la historia alemana\u00bb.<\/p>\n\n\n\n<figure class=\"wp-block-image size-large is-resized\"><img loading=\"lazy\" decoding=\"async\" width=\"1024\" height=\"764\" src=\"https:\/\/site.educa.madrid.org\/eoi.valdezarza.madrid\/\/wp-content\/uploads\/eoi.valdezarza.madrid\/2024\/11\/PlakatEOIValdezarza24-1024x764.jpg\" alt=\"\" class=\"wp-image-3560\" style=\"width:484px;height:auto\" srcset=\"https:\/\/site.educa.madrid.org\/eoi.valdezarza.madrid\/\/wp-content\/uploads\/eoi.valdezarza.madrid\/2024\/11\/PlakatEOIValdezarza24-1024x764.jpg 1024w, https:\/\/site.educa.madrid.org\/eoi.valdezarza.madrid\/\/wp-content\/uploads\/eoi.valdezarza.madrid\/2024\/11\/PlakatEOIValdezarza24-300x224.jpg 300w, https:\/\/site.educa.madrid.org\/eoi.valdezarza.madrid\/\/wp-content\/uploads\/eoi.valdezarza.madrid\/2024\/11\/PlakatEOIValdezarza24-768x573.jpg 768w, https:\/\/site.educa.madrid.org\/eoi.valdezarza.madrid\/\/wp-content\/uploads\/eoi.valdezarza.madrid\/2024\/11\/PlakatEOIValdezarza24.jpg 1498w\" sizes=\"auto, (max-width: 1024px) 100vw, 1024px\" \/><\/figure>\n\n\n\n<p><\/p>\n\n\n\n<p><\/p>\n\n\n\n<p>En Navidad se hizo un concurso de textos y decoraci\u00f3n de la bota perdida de Pap\u00e1 Noel. Aqu\u00ed os dejamos una foto de las creaciones en alem\u00e1n de todos los niveles, desde A1 hasta B2.2.<\/p>\n\n\n\n<figure class=\"wp-block-image size-large is-resized\"><img loading=\"lazy\" decoding=\"async\" width=\"724\" height=\"1024\" src=\"https:\/\/site.educa.madrid.org\/eoi.valdezarza.madrid\/\/wp-content\/uploads\/eoi.valdezarza.madrid\/2025\/05\/Cartel-4.-Zauberstiefel-min-724x1024.jpg\" alt=\"\" class=\"wp-image-4120\" style=\"width:389px;height:auto\" srcset=\"https:\/\/site.educa.madrid.org\/eoi.valdezarza.madrid\/\/wp-content\/uploads\/eoi.valdezarza.madrid\/2025\/05\/Cartel-4.-Zauberstiefel-min-724x1024.jpg 724w, https:\/\/site.educa.madrid.org\/eoi.valdezarza.madrid\/\/wp-content\/uploads\/eoi.valdezarza.madrid\/2025\/05\/Cartel-4.-Zauberstiefel-min-212x300.jpg 212w, https:\/\/site.educa.madrid.org\/eoi.valdezarza.madrid\/\/wp-content\/uploads\/eoi.valdezarza.madrid\/2025\/05\/Cartel-4.-Zauberstiefel-min-768x1086.jpg 768w, https:\/\/site.educa.madrid.org\/eoi.valdezarza.madrid\/\/wp-content\/uploads\/eoi.valdezarza.madrid\/2025\/05\/Cartel-4.-Zauberstiefel-min-1086x1536.jpg 1086w, https:\/\/site.educa.madrid.org\/eoi.valdezarza.madrid\/\/wp-content\/uploads\/eoi.valdezarza.madrid\/2025\/05\/Cartel-4.-Zauberstiefel-min-1448x2048.jpg 1448w, https:\/\/site.educa.madrid.org\/eoi.valdezarza.madrid\/\/wp-content\/uploads\/eoi.valdezarza.madrid\/2025\/05\/Cartel-4.-Zauberstiefel-min-scaled.jpg 1810w\" sizes=\"auto, (max-width: 724px) 100vw, 724px\" \/><\/figure>\n\n\n\n<figure class=\"wp-block-image size-large is-resized\"><img loading=\"lazy\" decoding=\"async\" width=\"1024\" height=\"308\" src=\"https:\/\/site.educa.madrid.org\/eoi.valdezarza.madrid\/\/wp-content\/uploads\/eoi.valdezarza.madrid\/2025\/05\/Foto-4-Botas-1024x308.jpg\" alt=\"\" class=\"wp-image-4122\" style=\"width:718px;height:auto\" srcset=\"https:\/\/site.educa.madrid.org\/eoi.valdezarza.madrid\/\/wp-content\/uploads\/eoi.valdezarza.madrid\/2025\/05\/Foto-4-Botas-1024x308.jpg 1024w, https:\/\/site.educa.madrid.org\/eoi.valdezarza.madrid\/\/wp-content\/uploads\/eoi.valdezarza.madrid\/2025\/05\/Foto-4-Botas-300x90.jpg 300w, https:\/\/site.educa.madrid.org\/eoi.valdezarza.madrid\/\/wp-content\/uploads\/eoi.valdezarza.madrid\/2025\/05\/Foto-4-Botas-768x231.jpg 768w, https:\/\/site.educa.madrid.org\/eoi.valdezarza.madrid\/\/wp-content\/uploads\/eoi.valdezarza.madrid\/2025\/05\/Foto-4-Botas-1536x462.jpg 1536w, https:\/\/site.educa.madrid.org\/eoi.valdezarza.madrid\/\/wp-content\/uploads\/eoi.valdezarza.madrid\/2025\/05\/Foto-4-Botas-2048x616.jpg 2048w\" sizes=\"auto, (max-width: 1024px) 100vw, 1024px\" \/><\/figure>\n\n\n\n<p><\/p>\n\n\n\n<p><\/p>\n\n\n\n<p>El 22 de enero se hizo un taller sobre los Hermanos Grimm, a cargo de Stephan Biermann, por cortes\u00eda de la editorial Klett. El taller estaba dirigido a los niveles B2.1 y B2.2, aunque acudieron alumnos de otros grupos.<\/p>\n\n\n\n<figure class=\"wp-block-image size-large is-resized\"><img loading=\"lazy\" decoding=\"async\" width=\"1024\" height=\"768\" src=\"https:\/\/site.educa.madrid.org\/eoi.valdezarza.madrid\/\/wp-content\/uploads\/eoi.valdezarza.madrid\/2025\/05\/Foto-5.-Plakat-Grimm-min-1024x768.jpg\" alt=\"\" class=\"wp-image-4126\" style=\"width:476px;height:auto\" srcset=\"https:\/\/site.educa.madrid.org\/eoi.valdezarza.madrid\/\/wp-content\/uploads\/eoi.valdezarza.madrid\/2025\/05\/Foto-5.-Plakat-Grimm-min-1024x768.jpg 1024w, https:\/\/site.educa.madrid.org\/eoi.valdezarza.madrid\/\/wp-content\/uploads\/eoi.valdezarza.madrid\/2025\/05\/Foto-5.-Plakat-Grimm-min-300x225.jpg 300w, https:\/\/site.educa.madrid.org\/eoi.valdezarza.madrid\/\/wp-content\/uploads\/eoi.valdezarza.madrid\/2025\/05\/Foto-5.-Plakat-Grimm-min-768x576.jpg 768w, https:\/\/site.educa.madrid.org\/eoi.valdezarza.madrid\/\/wp-content\/uploads\/eoi.valdezarza.madrid\/2025\/05\/Foto-5.-Plakat-Grimm-min-1536x1152.jpg 1536w, https:\/\/site.educa.madrid.org\/eoi.valdezarza.madrid\/\/wp-content\/uploads\/eoi.valdezarza.madrid\/2025\/05\/Foto-5.-Plakat-Grimm-min.jpg 1654w\" sizes=\"auto, (max-width: 1024px) 100vw, 1024px\" \/><\/figure>\n\n\n\n<p><\/p>\n\n\n\n<p><\/p>\n\n\n\n<p>El 24 de febrero hicimos ya por tercer a\u00f1o consecutivo un taller sobre fon\u00e9tica y pronunciaci\u00f3n alemana a cargo de Mar\u00eda Jes\u00fas Gil Vald\u00e9s, experta en este tema. Dirigido a todos los niveles (A1-B2.2) y aprendices de alem\u00e1n y \u00a1mejoramos mucho nuestra pronunciaci\u00f3n!<\/p>\n\n\n\n<figure class=\"wp-block-image size-large is-resized\"><img loading=\"lazy\" decoding=\"async\" width=\"1024\" height=\"819\" src=\"https:\/\/site.educa.madrid.org\/eoi.valdezarza.madrid\/\/wp-content\/uploads\/eoi.valdezarza.madrid\/2025\/05\/Cartel-6.-Taller-de-fonetica-alemana-min-1024x819.jpg\" alt=\"\" class=\"wp-image-4131\" style=\"width:481px;height:auto\" srcset=\"https:\/\/site.educa.madrid.org\/eoi.valdezarza.madrid\/\/wp-content\/uploads\/eoi.valdezarza.madrid\/2025\/05\/Cartel-6.-Taller-de-fonetica-alemana-min-1024x819.jpg 1024w, https:\/\/site.educa.madrid.org\/eoi.valdezarza.madrid\/\/wp-content\/uploads\/eoi.valdezarza.madrid\/2025\/05\/Cartel-6.-Taller-de-fonetica-alemana-min-300x240.jpg 300w, https:\/\/site.educa.madrid.org\/eoi.valdezarza.madrid\/\/wp-content\/uploads\/eoi.valdezarza.madrid\/2025\/05\/Cartel-6.-Taller-de-fonetica-alemana-min-768x614.jpg 768w, https:\/\/site.educa.madrid.org\/eoi.valdezarza.madrid\/\/wp-content\/uploads\/eoi.valdezarza.madrid\/2025\/05\/Cartel-6.-Taller-de-fonetica-alemana-min.jpg 1500w\" sizes=\"auto, (max-width: 1024px) 100vw, 1024px\" \/><\/figure>\n\n\n\n<p><\/p>\n\n\n\n<p><\/p>\n\n\n\n<p>En el mes de marzo participamos en la actividad interdepartamental sobre el d\u00eda de la Mujer y tambi\u00e9n hicimos un Festival de Cine Alem\u00e1n en la EOI. Proyectamos las pel\u00edculas&nbsp;<em>Almanya<\/em>&nbsp;y&nbsp;<em>Ich bin dein Mensch<\/em>.<\/p>\n\n\n\n<figure class=\"wp-block-image size-large is-resized\"><img loading=\"lazy\" decoding=\"async\" width=\"750\" height=\"1024\" src=\"https:\/\/site.educa.madrid.org\/eoi.valdezarza.madrid\/\/wp-content\/uploads\/eoi.valdezarza.madrid\/2025\/05\/Cartel-7A.-Frauentag2025-750x1024.jpeg\" alt=\"\" class=\"wp-image-4136\" style=\"width:319px;height:auto\" srcset=\"https:\/\/site.educa.madrid.org\/eoi.valdezarza.madrid\/\/wp-content\/uploads\/eoi.valdezarza.madrid\/2025\/05\/Cartel-7A.-Frauentag2025-750x1024.jpeg 750w, https:\/\/site.educa.madrid.org\/eoi.valdezarza.madrid\/\/wp-content\/uploads\/eoi.valdezarza.madrid\/2025\/05\/Cartel-7A.-Frauentag2025-220x300.jpeg 220w, https:\/\/site.educa.madrid.org\/eoi.valdezarza.madrid\/\/wp-content\/uploads\/eoi.valdezarza.madrid\/2025\/05\/Cartel-7A.-Frauentag2025-768x1048.jpeg 768w, https:\/\/site.educa.madrid.org\/eoi.valdezarza.madrid\/\/wp-content\/uploads\/eoi.valdezarza.madrid\/2025\/05\/Cartel-7A.-Frauentag2025-1126x1536.jpeg 1126w, https:\/\/site.educa.madrid.org\/eoi.valdezarza.madrid\/\/wp-content\/uploads\/eoi.valdezarza.madrid\/2025\/05\/Cartel-7A.-Frauentag2025-1501x2048.jpeg 1501w, https:\/\/site.educa.madrid.org\/eoi.valdezarza.madrid\/\/wp-content\/uploads\/eoi.valdezarza.madrid\/2025\/05\/Cartel-7A.-Frauentag2025.jpeg 1520w\" sizes=\"auto, (max-width: 750px) 100vw, 750px\" \/><figcaption class=\"wp-element-caption\">Screenshot<\/figcaption><\/figure>\n\n\n\n<figure class=\"wp-block-image size-large is-resized\"><img loading=\"lazy\" decoding=\"async\" width=\"724\" height=\"1024\" src=\"https:\/\/site.educa.madrid.org\/eoi.valdezarza.madrid\/\/wp-content\/uploads\/eoi.valdezarza.madrid\/2025\/05\/Cartel-7B.-Kino-2025-min-724x1024.jpg\" alt=\"\" class=\"wp-image-4139\" style=\"width:314px;height:auto\" srcset=\"https:\/\/site.educa.madrid.org\/eoi.valdezarza.madrid\/\/wp-content\/uploads\/eoi.valdezarza.madrid\/2025\/05\/Cartel-7B.-Kino-2025-min-724x1024.jpg 724w, https:\/\/site.educa.madrid.org\/eoi.valdezarza.madrid\/\/wp-content\/uploads\/eoi.valdezarza.madrid\/2025\/05\/Cartel-7B.-Kino-2025-min-212x300.jpg 212w, https:\/\/site.educa.madrid.org\/eoi.valdezarza.madrid\/\/wp-content\/uploads\/eoi.valdezarza.madrid\/2025\/05\/Cartel-7B.-Kino-2025-min-768x1086.jpg 768w, https:\/\/site.educa.madrid.org\/eoi.valdezarza.madrid\/\/wp-content\/uploads\/eoi.valdezarza.madrid\/2025\/05\/Cartel-7B.-Kino-2025-min-1086x1536.jpg 1086w, https:\/\/site.educa.madrid.org\/eoi.valdezarza.madrid\/\/wp-content\/uploads\/eoi.valdezarza.madrid\/2025\/05\/Cartel-7B.-Kino-2025-min-1448x2048.jpg 1448w, https:\/\/site.educa.madrid.org\/eoi.valdezarza.madrid\/\/wp-content\/uploads\/eoi.valdezarza.madrid\/2025\/05\/Cartel-7B.-Kino-2025-min-scaled.jpg 1810w\" sizes=\"auto, (max-width: 724px) 100vw, 724px\" \/><\/figure>\n\n\n\n<p><\/p>\n\n\n\n<p><\/p>\n\n\n\n<p>M\u00e1s informaci\u00f3n sobre nuestras actividades culturales:<\/p>\n\n\n\n<p><a href=\"https:\/\/padlet.com\/aleman_eoivaldezarza\/xtol02f85t62#\" rel=\"noreferrer noopener\" target=\"_blank\">Departamento de Alem\u00e1n&nbsp; \u2013 Actividades culturales<\/a>\u00ab<\/p>\n\n\n\n<figure class=\"wp-block-image size-large is-resized\"><img loading=\"lazy\" decoding=\"async\" width=\"1024\" height=\"768\" src=\"https:\/\/site.educa.madrid.org\/eoi.valdezarza.madrid\/\/wp-content\/uploads\/eoi.valdezarza.madrid\/2024\/11\/Chapitas-ALEMAN-1024x768.jpg\" alt=\"\" class=\"wp-image-3581\" style=\"width:485px;height:auto\" srcset=\"https:\/\/site.educa.madrid.org\/eoi.valdezarza.madrid\/\/wp-content\/uploads\/eoi.valdezarza.madrid\/2024\/11\/Chapitas-ALEMAN-1024x768.jpg 1024w, https:\/\/site.educa.madrid.org\/eoi.valdezarza.madrid\/\/wp-content\/uploads\/eoi.valdezarza.madrid\/2024\/11\/Chapitas-ALEMAN-300x225.jpg 300w, https:\/\/site.educa.madrid.org\/eoi.valdezarza.madrid\/\/wp-content\/uploads\/eoi.valdezarza.madrid\/2024\/11\/Chapitas-ALEMAN-768x576.jpg 768w, https:\/\/site.educa.madrid.org\/eoi.valdezarza.madrid\/\/wp-content\/uploads\/eoi.valdezarza.madrid\/2024\/11\/Chapitas-ALEMAN-1536x1152.jpg 1536w, https:\/\/site.educa.madrid.org\/eoi.valdezarza.madrid\/\/wp-content\/uploads\/eoi.valdezarza.madrid\/2024\/11\/Chapitas-ALEMAN-2048x1536.jpg 2048w\" sizes=\"auto, (max-width: 1024px) 100vw, 1024px\" \/><\/figure>\n","protected":false},"excerpt":{"rendered":"<p>depaleman.eoi.valdezarza.madrid@educa.madrid.org&nbsp; Alem\u00e1n CURR\u00cdCULO: Disposiciones Generales CRITERIOS DE EVALUACI\u00d3N DE PROMOCI\u00d3N 2025-26 Pulsa aqu\u00ed para ver los criterios FORMATO DE LAS PRUEBAS PARA LA PROMOCI\u00d3N 2025-26 Pulsa aqu\u00ed para ver la &#8230;<\/p>\n","protected":false},"author":2,"featured_media":0,"parent":0,"menu_order":0,"comment_status":"closed","ping_status":"closed","template":"template-left-sidebar.php","meta":{"footnotes":""},"folder":[],"class_list":["post-172","page","type-page","status-publish","hentry"],"rttpg_featured_image_url":null,"rttpg_author":{"display_name":"tic.eoi.valdezarza.madrid","author_link":"https:\/\/site.educa.madrid.org\/eoi.valdezarza.madrid\/index.php\/author\/cuenta_tic-eoi-valdezarza-madrid\/"},"rttpg_comment":0,"rttpg_category":false,"rttpg_excerpt":"depaleman.eoi.valdezarza.madrid@educa.madrid.org&nbsp; Alem\u00e1n CURR\u00cdCULO: Disposiciones Generales CRITERIOS DE EVALUACI\u00d3N DE PROMOCI\u00d3N 2025-26 Pulsa aqu\u00ed para ver los criterios FORMATO DE LAS PRUEBAS PARA LA PROMOCI\u00d3N 2025-26 Pulsa aqu\u00ed para ver la ...","post_mailing_queue_ids":[],"_links":{"self":[{"href":"https:\/\/site.educa.madrid.org\/eoi.valdezarza.madrid\/index.php\/wp-json\/wp\/v2\/pages\/172","targetHints":{"allow":["GET"]}}],"collection":[{"href":"https:\/\/site.educa.madrid.org\/eoi.valdezarza.madrid\/index.php\/wp-json\/wp\/v2\/pages"}],"about":[{"href":"https:\/\/site.educa.madrid.org\/eoi.valdezarza.madrid\/index.php\/wp-json\/wp\/v2\/types\/page"}],"author":[{"embeddable":true,"href":"https:\/\/site.educa.madrid.org\/eoi.valdezarza.madrid\/index.php\/wp-json\/wp\/v2\/users\/2"}],"replies":[{"embeddable":true,"href":"https:\/\/site.educa.madrid.org\/eoi.valdezarza.madrid\/index.php\/wp-json\/wp\/v2\/comments?post=172"}],"version-history":[{"count":50,"href":"https:\/\/site.educa.madrid.org\/eoi.valdezarza.madrid\/index.php\/wp-json\/wp\/v2\/pages\/172\/revisions"}],"predecessor-version":[{"id":4694,"href":"https:\/\/site.educa.madrid.org\/eoi.valdezarza.madrid\/index.php\/wp-json\/wp\/v2\/pages\/172\/revisions\/4694"}],"wp:attachment":[{"href":"https:\/\/site.educa.madrid.org\/eoi.valdezarza.madrid\/index.php\/wp-json\/wp\/v2\/media?parent=172"}],"wp:term":[{"taxonomy":"folder","embeddable":true,"href":"https:\/\/site.educa.madrid.org\/eoi.valdezarza.madrid\/index.php\/wp-json\/wp\/v2\/folder?post=172"}],"curies":[{"name":"wp","href":"https:\/\/api.w.org\/{rel}","templated":true}]}}