{"id":174,"date":"2019-11-26T13:54:55","date_gmt":"2019-11-26T13:54:55","guid":{"rendered":"https:\/\/site.educa.madrid.org\/eoi.valdezarza.madrid\/?page_id=174"},"modified":"2026-01-26T12:12:28","modified_gmt":"2026-01-26T11:12:28","slug":"frances","status":"publish","type":"page","link":"https:\/\/site.educa.madrid.org\/eoi.valdezarza.madrid\/index.php\/frances\/","title":{"rendered":"Franc\u00e9s"},"content":{"rendered":"<div><ss3-force-full-width data-overflow-x=\"body\" data-horizontal-selector=\"body\"><div class=\"n2-section-smartslider fitvidsignore \" data-ssid=\"8\" tabindex=\"0\" role=\"region\" aria-label=\"Slider\"><div id=\"n2-ss-8-align\" class=\"n2-ss-align\"><div class=\"n2-padding\"><div id=\"n2-ss-8\" data-creator=\"Smart Slider 3\" data-responsive=\"fullwidth\" class=\"n2-ss-slider n2-ow n2-has-hover n2notransition  \">\n        <div class=\"n2-ss-slider-1 n2_ss__touch_element n2-ow\">\n            <div class=\"n2-ss-slider-2 n2-ow\">\n                                                <div class=\"n2-ss-slider-3 n2-ow\">\n\n                    <div class=\"n2-ss-slide-backgrounds n2-ow-all\"><div class=\"n2-ss-slide-background\" data-public-id=\"1\" data-mode=\"fill\"><div class=\"n2-ss-slide-background-image\" data-blur=\"0\" data-opacity=\"100\" data-x=\"50\" data-y=\"50\" data-alt=\"\" data-title=\"\"><picture class=\"skip-lazy\" data-skip-lazy=\"1\"><img decoding=\"async\" src=\"\/\/site.educa.madrid.org\/eoi.valdezarza.madrid\/\/wp-content\/uploads\/eoi.valdezarza.madrid\/2020\/05\/FRANCES.jpg\" alt=\"\" title=\"\" loading=\"lazy\" class=\"skip-lazy\" data-skip-lazy=\"1\"><\/picture><\/div><div data-color=\"RGBA(255,255,255,0)\" style=\"background-color: RGBA(255,255,255,0);\" class=\"n2-ss-slide-background-color\"><\/div><\/div><\/div>                    <div class=\"n2-ss-slider-4 n2-ow\">\n                        <svg xmlns=\"http:\/\/www.w3.org\/2000\/svg\" viewBox=\"0 0 1200 200\" data-related-device=\"desktopPortrait\" class=\"n2-ow n2-ss-preserve-size n2-ss-preserve-size--slider n2-ss-slide-limiter\"><\/svg><div data-first=\"1\" data-slide-duration=\"0\" data-id=\"13\" data-slide-public-id=\"1\" data-title=\"FRANCES\" class=\"n2-ss-slide n2-ow  n2-ss-slide-13\"><div role=\"note\" class=\"n2-ss-slide--focus\" tabindex=\"-1\">FRANCES<\/div><div class=\"n2-ss-layers-container n2-ss-slide-limiter n2-ow\"><div class=\"n2-ss-layer n2-ow n-uc-VWCC2Dhp5kvz\" data-sstype=\"slide\" data-pm=\"default\"><\/div><\/div><\/div>                    <\/div>\n\n                                    <\/div>\n            <\/div>\n        <\/div>\n        <\/div><ss3-loader><\/ss3-loader><\/div><\/div><div class=\"n2_clear\"><\/div><\/div><\/ss3-force-full-width><\/div>\n\n\n<hr class=\"wp-block-separator has-css-opacity is-style-default\"\/>\n\n\n\n<p class=\"has-text-align-center\"><mark style=\"background-color:rgba(0, 0, 0, 0)\" class=\"has-inline-color has-vivid-cyan-blue-color\"><strong>depfrances.eoi.valdezarza.madrid@educa.madrid.org<\/strong><\/mark><\/p>\n\n\n\n<hr class=\"wp-block-separator has-css-opacity\"\/>\n\n\n\n<div class=\"wp-block-columns has-2-columns is-layout-flex wp-container-core-columns-is-layout-9d6595d7 wp-block-columns-is-layout-flex\">\n<div class=\"wp-block-column is-layout-flow wp-block-column-is-layout-flow\">\n<h2 class=\"wp-block-heading\">Franc\u00e9s<\/h2>\n\n\n\n<p><strong>CURR\u00cdCULO:<\/strong><\/p>\n\n\n\n<p><strong><a href=\"https:\/\/site.educa.madrid.org\/eoi.valdezarza.madrid\/\/wp-content\/uploads\/eoi.valdezarza.madrid\/2020\/06\/Disposiciones-Generales-Decreto-106-2018_EN.pdf\" target=\"_blank\" rel=\"noreferrer noopener\">Disposiciones Generales<\/a><\/strong><\/p>\n\n\n\n<ul class=\"wp-block-list\">\n<li><strong><a rel=\"noreferrer noopener\" href=\"https:\/\/site.educa.madrid.org\/eoi.valdezarza.madrid\/\/wp-content\/uploads\/eoi.valdezarza.madrid\/2020\/06\/Intro-Curriculo-Nivel-Basico-A1-A2_EN.pdf\" target=\"_blank\">Intro Curriculo nivel A1-A2<\/a><\/strong>\n<ul class=\"wp-block-list\">\n<li><strong><a rel=\"noreferrer noopener\" href=\"https:\/\/site.educa.madrid.org\/eoi.valdezarza.madrid\/\/wp-content\/uploads\/eoi.valdezarza.madrid\/2020\/07\/Frances_A1.pdf\" target=\"_blank\">Nivel B\u00e1sico A1<\/a><\/strong><\/li>\n\n\n\n<li><strong><a rel=\"noreferrer noopener\" href=\"https:\/\/site.educa.madrid.org\/eoi.valdezarza.madrid\/\/wp-content\/uploads\/eoi.valdezarza.madrid\/2020\/07\/Frances_A2.pdf\" target=\"_blank\">Nivel B\u00e1sico A2<\/a><\/strong><\/li>\n<\/ul>\n<\/li>\n\n\n\n<li><strong><a rel=\"noreferrer noopener\" href=\"https:\/\/site.educa.madrid.org\/eoi.valdezarza.madrid\/\/wp-content\/uploads\/eoi.valdezarza.madrid\/2020\/06\/Intro-Curriculo-Nivel-Intermedio-B1-B2_EN.pdf\" target=\"_blank\">Intro Curriculo nivel B1-B2<\/a><\/strong>\n<ul class=\"wp-block-list\">\n<li><strong><a rel=\"noreferrer noopener\" href=\"https:\/\/site.educa.madrid.org\/eoi.valdezarza.madrid\/\/wp-content\/uploads\/eoi.valdezarza.madrid\/2020\/07\/Frances_B1.pdf\" target=\"_blank\">Nivel Intermedio B1<\/a><\/strong><\/li>\n\n\n\n<li><strong><a rel=\"noreferrer noopener\" href=\"https:\/\/site.educa.madrid.org\/eoi.valdezarza.madrid\/\/wp-content\/uploads\/eoi.valdezarza.madrid\/2020\/07\/Frances_B2.pdf\" target=\"_blank\">Nivel <\/a><a href=\"https:\/\/site.educa.madrid.org\/eoi.valdezarza.madrid\/\/wp-content\/uploads\/eoi.valdezarza.madrid\/2020\/07\/Frances_B2.pdf\" target=\"_blank\" rel=\"noreferrer noopener\">I<\/a><a rel=\"noreferrer noopener\" href=\"https:\/\/site.educa.madrid.org\/eoi.valdezarza.madrid\/\/wp-content\/uploads\/eoi.valdezarza.madrid\/2020\/07\/Frances_B2.pdf\" target=\"_blank\">ntermedio B2<\/a><\/strong><\/li>\n<\/ul>\n<\/li>\n<\/ul>\n<\/div>\n\n\n\n<div class=\"wp-block-column is-layout-flow wp-block-column-is-layout-flow\">\n<h5 class=\"wp-block-heading\">CRITERIOS DE EVALUACI\u00d3N DE PROMOCI\u00d3N Y <strong>FORMATO DE LAS PRUEBAS PARA LA PROMOCI\u00d3N <\/strong>curso 2025-26<\/h5>\n\n\n\n<p>Pulsa <a href=\"https:\/\/site.educa.madrid.org\/eoi.valdezarza.madrid\/\/wp-content\/uploads\/eoi.valdezarza.madrid\/2025\/10\/CRITERIOS-DE-EVALUACION-DPTO-DE-FRANCES.pdf\">aqu\u00ed<\/a> para ver los criterios de evaluaci\u00f3n de promoci\u00f3n y el formato de las pruebas.<\/p>\n\n\n\n<p><strong>M\u00c9TODO: LIBROS DE TEXTO CURSO 2025-26 <\/strong><br>Pulsa <a href=\"https:\/\/site.educa.madrid.org\/eoi.valdezarza.madrid\/\/wp-content\/uploads\/eoi.valdezarza.madrid\/2025\/09\/LIBROS-CURSO-2025-2026-1.pdf\">aqu\u00ed<\/a> para ver los libros<a href=\"https:\/\/site.educa.madrid.org\/eoi.valdezarza.madrid\/\/wp-content\/uploads\/eoi.valdezarza.madrid\/2023\/09\/LIBROS-CURSO-23_24.pdf\" target=\"_blank\" rel=\"noreferrer noopener\">.<\/a><\/p>\n\n\n\n<p><strong>HORARIO DE ATENCI\u00d3N AL ALUMNADO<\/strong><\/p>\n\n\n\n<p>Pulsa&nbsp;<a href=\"https:\/\/site.educa.madrid.org\/eoi.valdezarza.madrid\/\/wp-content\/uploads\/eoi.valdezarza.madrid\/2026\/01\/HORARIO-ATENCION-ALUMNOS-PROFESORES-25-26.pdf\" target=\"_blank\" rel=\"noreferrer noopener\">aqu\u00ed&nbsp;<\/a>para ver los horarios.<br><\/p>\n<\/div>\n<\/div>\n\n\n\n<div class=\"wp-block-columns has-2-columns is-layout-flex wp-container-core-columns-is-layout-9d6595d7 wp-block-columns-is-layout-flex\">\n<div class=\"wp-block-column is-layout-flow wp-block-column-is-layout-flow\">\n<p><strong>ACTIVIDADES<br><a href=\"https:\/\/site.educa.madrid.org\/eoi.valdezarza.madrid\/\/wp-content\/uploads\/eoi.valdezarza.madrid\/2025\/11\/RESUMEN-ACTIVIDADES-EXTRAESCOLARES.pdf\">EXTRAESCOLARES Y COMPLEMENTARIAS CURSO 2025-2026<\/a> <\/strong><\/p>\n\n\n\n<p>Durante el curso\nacad\u00e9mico se pretenden realizar actividades variadas con el prop\u00f3sito de\nestimular la participaci\u00f3n de los alumnos y facilitar un conocimiento mayor y\nm\u00e1s vivo de la lengua y la cultura franc\u00f3fonas.<\/p>\n\n\n\n<p>Pulsa <a href=\"https:\/\/site.educa.madrid.org\/eoi.valdezarza.madrid\/\/wp-content\/uploads\/eoi.valdezarza.madrid\/2026\/01\/2025-2026-ACTIVIDADES-EXTRAESCOLARES-PARA-WEB.pdf\">aqu\u00ed<\/a> para ver las actividades extraescolares y complementarias.<\/p>\n<\/div>\n\n\n\n<div class=\"wp-block-column is-layout-flow wp-block-column-is-layout-flow\"><\/div>\n<\/div>\n","protected":false},"excerpt":{"rendered":"<p>depfrances.eoi.valdezarza.madrid@educa.madrid.org Franc\u00e9s CURR\u00cdCULO: Disposiciones Generales CRITERIOS DE EVALUACI\u00d3N DE PROMOCI\u00d3N Y FORMATO DE LAS PRUEBAS PARA LA PROMOCI\u00d3N curso 2025-26 Pulsa aqu\u00ed para ver los criterios de evaluaci\u00f3n de promoci\u00f3n &#8230;<\/p>\n","protected":false},"author":2,"featured_media":0,"parent":0,"menu_order":0,"comment_status":"closed","ping_status":"closed","template":"template-fullwidth.php","meta":{"footnotes":""},"folder":[],"class_list":["post-174","page","type-page","status-publish","hentry"],"rttpg_featured_image_url":null,"rttpg_author":{"display_name":"tic.eoi.valdezarza.madrid","author_link":"https:\/\/site.educa.madrid.org\/eoi.valdezarza.madrid\/index.php\/author\/cuenta_tic-eoi-valdezarza-madrid\/"},"rttpg_comment":0,"rttpg_category":false,"rttpg_excerpt":"depfrances.eoi.valdezarza.madrid@educa.madrid.org Franc\u00e9s CURR\u00cdCULO: Disposiciones Generales CRITERIOS DE EVALUACI\u00d3N DE PROMOCI\u00d3N Y FORMATO DE LAS PRUEBAS PARA LA PROMOCI\u00d3N curso 2025-26 Pulsa aqu\u00ed para ver los criterios de evaluaci\u00f3n de promoci\u00f3n ...","post_mailing_queue_ids":[],"_links":{"self":[{"href":"https:\/\/site.educa.madrid.org\/eoi.valdezarza.madrid\/index.php\/wp-json\/wp\/v2\/pages\/174","targetHints":{"allow":["GET"]}}],"collection":[{"href":"https:\/\/site.educa.madrid.org\/eoi.valdezarza.madrid\/index.php\/wp-json\/wp\/v2\/pages"}],"about":[{"href":"https:\/\/site.educa.madrid.org\/eoi.valdezarza.madrid\/index.php\/wp-json\/wp\/v2\/types\/page"}],"author":[{"embeddable":true,"href":"https:\/\/site.educa.madrid.org\/eoi.valdezarza.madrid\/index.php\/wp-json\/wp\/v2\/users\/2"}],"replies":[{"embeddable":true,"href":"https:\/\/site.educa.madrid.org\/eoi.valdezarza.madrid\/index.php\/wp-json\/wp\/v2\/comments?post=174"}],"version-history":[{"count":47,"href":"https:\/\/site.educa.madrid.org\/eoi.valdezarza.madrid\/index.php\/wp-json\/wp\/v2\/pages\/174\/revisions"}],"predecessor-version":[{"id":4711,"href":"https:\/\/site.educa.madrid.org\/eoi.valdezarza.madrid\/index.php\/wp-json\/wp\/v2\/pages\/174\/revisions\/4711"}],"wp:attachment":[{"href":"https:\/\/site.educa.madrid.org\/eoi.valdezarza.madrid\/index.php\/wp-json\/wp\/v2\/media?parent=174"}],"wp:term":[{"taxonomy":"folder","embeddable":true,"href":"https:\/\/site.educa.madrid.org\/eoi.valdezarza.madrid\/index.php\/wp-json\/wp\/v2\/folder?post=174"}],"curies":[{"name":"wp","href":"https:\/\/api.w.org\/{rel}","templated":true}]}}