{"id":176,"date":"2019-11-26T13:55:06","date_gmt":"2019-11-26T13:55:06","guid":{"rendered":"https:\/\/site.educa.madrid.org\/eoi.valdezarza.madrid\/?page_id=176"},"modified":"2026-01-20T16:21:09","modified_gmt":"2026-01-20T15:21:09","slug":"ingles","status":"publish","type":"page","link":"https:\/\/site.educa.madrid.org\/eoi.valdezarza.madrid\/index.php\/ingles\/","title":{"rendered":"Ingl\u00e9s"},"content":{"rendered":"<div><ss3-force-full-width data-overflow-x=\"body\" data-horizontal-selector=\"body\"><div class=\"n2-section-smartslider fitvidsignore \" data-ssid=\"5\" tabindex=\"0\" role=\"region\" aria-label=\"Slider\"><div id=\"n2-ss-5-align\" class=\"n2-ss-align\"><div class=\"n2-padding\"><div id=\"n2-ss-5\" data-creator=\"Smart Slider 3\" data-responsive=\"fullwidth\" class=\"n2-ss-slider n2-ow n2-has-hover n2notransition  \">\n        <div class=\"n2-ss-slider-1 n2_ss__touch_element n2-ow\">\n            <div class=\"n2-ss-slider-2 n2-ow\">\n                                                <div class=\"n2-ss-slider-3 n2-ow\">\n\n                    <div class=\"n2-ss-slide-backgrounds n2-ow-all\"><div class=\"n2-ss-slide-background\" data-public-id=\"1\" data-mode=\"fill\"><div class=\"n2-ss-slide-background-image\" data-blur=\"0\" data-opacity=\"100\" data-x=\"50\" data-y=\"50\" data-alt=\"\" data-title=\"\"><picture class=\"skip-lazy\" data-skip-lazy=\"1\"><img decoding=\"async\" src=\"\/\/site.educa.madrid.org\/eoi.valdezarza.madrid\/\/wp-content\/uploads\/eoi.valdezarza.madrid\/2020\/05\/INGLES-2.jpg\" alt=\"\" title=\"\" loading=\"lazy\" class=\"skip-lazy\" data-skip-lazy=\"1\"><\/picture><\/div><div data-color=\"RGBA(255,255,255,0)\" style=\"background-color: RGBA(255,255,255,0);\" class=\"n2-ss-slide-background-color\"><\/div><\/div><\/div>                    <div class=\"n2-ss-slider-4 n2-ow\">\n                        <svg xmlns=\"http:\/\/www.w3.org\/2000\/svg\" viewBox=\"0 0 1200 200\" data-related-device=\"desktopPortrait\" class=\"n2-ow n2-ss-preserve-size n2-ss-preserve-size--slider n2-ss-slide-limiter\"><\/svg><div data-first=\"1\" data-slide-duration=\"0\" data-id=\"10\" data-slide-public-id=\"1\" data-title=\"INGLES\" class=\"n2-ss-slide n2-ow  n2-ss-slide-10\"><div role=\"note\" class=\"n2-ss-slide--focus\" tabindex=\"-1\">INGLES<\/div><div class=\"n2-ss-layers-container n2-ss-slide-limiter n2-ow\"><div class=\"n2-ss-layer n2-ow n-uc-qDOLYUE7yjd5\" data-sstype=\"slide\" data-pm=\"default\"><\/div><\/div><\/div>                    <\/div>\n\n                                    <\/div>\n            <\/div>\n        <\/div>\n        <\/div><ss3-loader><\/ss3-loader><\/div><\/div><div class=\"n2_clear\"><\/div><\/div><\/ss3-force-full-width><\/div>\n\n\n<p><\/p>\n\n\n\n<hr class=\"wp-block-separator has-css-opacity is-style-default\"\/>\n\n\n\n<p class=\"has-text-align-center\">                                     <strong><span class=\"has-inline-color has-vivid-cyan-blue-color\"> depingles.eoi.valdezarza.madrid@educa.madrid.org<\/span><\/strong><\/p>\n\n\n\n<hr class=\"wp-block-separator has-css-opacity\"\/>\n\n\n\n<div class=\"wp-block-columns has-2-columns is-layout-flex wp-container-core-columns-is-layout-9d6595d7 wp-block-columns-is-layout-flex\">\n<div class=\"wp-block-column is-layout-flow wp-block-column-is-layout-flow\">\n<h2 class=\"wp-block-heading\">Ingl\u00e9s<\/h2>\n\n\n\n<p><strong>CURR\u00cdCULO:<\/strong><\/p>\n\n\n\n<p><strong><a href=\"https:\/\/site.educa.madrid.org\/eoi.valdezarza.madrid\/\/wp-content\/uploads\/eoi.valdezarza.madrid\/2020\/06\/Disposiciones-Generales-Decreto-106-2018_EN.pdf\" target=\"_blank\" rel=\"noreferrer noopener\">Disposiciones Generales<\/a><\/strong><\/p>\n\n\n\n<ul class=\"wp-block-list\">\n<li><strong><a href=\"https:\/\/site.educa.madrid.org\/eoi.valdezarza.madrid\/\/wp-content\/uploads\/eoi.valdezarza.madrid\/2020\/06\/Intro-Curriculo-Nivel-Basico-A1-A2_EN.pdf\" target=\"_blank\" rel=\"noreferrer noopener\">Intro Curriculo nivel A1-A2<\/a><\/strong>\n<ul class=\"wp-block-list\">\n<li><strong><a href=\"https:\/\/site.educa.madrid.org\/eoi.valdezarza.madrid\/\/wp-content\/uploads\/eoi.valdezarza.madrid\/2020\/06\/Nivel-Basico-1_EN.pdf\" target=\"_blank\" rel=\"noreferrer noopener\">Nivel b\u00e1sico A1<\/a><\/strong><\/li>\n\n\n\n<li><strong><a href=\"https:\/\/site.educa.madrid.org\/eoi.valdezarza.madrid\/\/wp-content\/uploads\/eoi.valdezarza.madrid\/2020\/06\/Nivel-Basico-2_EN.pdf\">Nivel b\u00e1sico A2<\/a><\/strong><\/li>\n<\/ul>\n<\/li>\n\n\n\n<li><strong><a href=\"https:\/\/site.educa.madrid.org\/eoi.valdezarza.madrid\/\/wp-content\/uploads\/eoi.valdezarza.madrid\/2020\/06\/Intro-Curriculo-Nivel-Intermedio-B1-B2_EN.pdf\" target=\"_blank\" rel=\"noreferrer noopener\">Intro Curriculo nivel B1-B2<\/a><\/strong>\n<ul class=\"wp-block-list\">\n<li><strong><a href=\"https:\/\/site.educa.madrid.org\/eoi.valdezarza.madrid\/\/wp-content\/uploads\/eoi.valdezarza.madrid\/2020\/06\/Nivel-Intermedio-B1_EN.pdf\" target=\"_blank\" rel=\"noreferrer noopener\">Nivel intermedio B1<\/a><\/strong><\/li>\n\n\n\n<li><strong><a href=\"https:\/\/site.educa.madrid.org\/eoi.valdezarza.madrid\/\/wp-content\/uploads\/eoi.valdezarza.madrid\/2020\/06\/Nivel-Intermedio-B2_EN.pdf\" target=\"_blank\" rel=\"noreferrer noopener\">Nivel intermedio B2<\/a><\/strong><\/li>\n<\/ul>\n<\/li>\n<\/ul>\n\n\n\n<ul class=\"wp-block-list\">\n<li><strong><a href=\"https:\/\/site.educa.madrid.org\/eoi.valdezarza.madrid\/\/wp-content\/uploads\/eoi.valdezarza.madrid\/2020\/06\/Intro-Curriculo-Nivel-Avanzado-C1-C2_EN.pdf\" target=\"_blank\" rel=\"noreferrer noopener\">Intro Curriculo nivel C1-C2 <\/a><\/strong>\n<ul class=\"wp-block-list\">\n<li><strong><a href=\"https:\/\/site.educa.madrid.org\/eoi.valdezarza.madrid\/\/wp-content\/uploads\/eoi.valdezarza.madrid\/2020\/06\/Nivel-Avanzado-C1_EN.pdf\" target=\"_blank\" rel=\"noreferrer noopener\">Nivel avanzado C1<\/a><\/strong><\/li>\n\n\n\n<li><strong><a href=\"https:\/\/site.educa.madrid.org\/eoi.valdezarza.madrid\/\/wp-content\/uploads\/eoi.valdezarza.madrid\/2020\/06\/Nivel-Avanzado-C2_EN.pdf\" target=\"_blank\" rel=\"noreferrer noopener\">Nivel avanzado C2<\/a><\/strong><\/li>\n<\/ul>\n<\/li>\n<\/ul>\n\n\n\n<p><strong>PR\u00d3XIMAS<\/strong> <strong>ACTIVIDADES EXTRAESCOLARES Y COMPLEMENTARIAS <\/strong><\/p>\n\n\n\n<figure class=\"wp-block-image size-large\"><img loading=\"lazy\" decoding=\"async\" width=\"642\" height=\"1024\" src=\"https:\/\/site.educa.madrid.org\/eoi.valdezarza.madrid\/\/wp-content\/uploads\/eoi.valdezarza.madrid\/2025\/07\/Cartel-Book-Club-2025-26-642x1024.jpg\" alt=\"\" class=\"wp-image-4330\" srcset=\"https:\/\/site.educa.madrid.org\/eoi.valdezarza.madrid\/\/wp-content\/uploads\/eoi.valdezarza.madrid\/2025\/07\/Cartel-Book-Club-2025-26-642x1024.jpg 642w, https:\/\/site.educa.madrid.org\/eoi.valdezarza.madrid\/\/wp-content\/uploads\/eoi.valdezarza.madrid\/2025\/07\/Cartel-Book-Club-2025-26-188x300.jpg 188w, https:\/\/site.educa.madrid.org\/eoi.valdezarza.madrid\/\/wp-content\/uploads\/eoi.valdezarza.madrid\/2025\/07\/Cartel-Book-Club-2025-26-768x1226.jpg 768w, https:\/\/site.educa.madrid.org\/eoi.valdezarza.madrid\/\/wp-content\/uploads\/eoi.valdezarza.madrid\/2025\/07\/Cartel-Book-Club-2025-26-963x1536.jpg 963w, https:\/\/site.educa.madrid.org\/eoi.valdezarza.madrid\/\/wp-content\/uploads\/eoi.valdezarza.madrid\/2025\/07\/Cartel-Book-Club-2025-26-1283x2048.jpg 1283w, https:\/\/site.educa.madrid.org\/eoi.valdezarza.madrid\/\/wp-content\/uploads\/eoi.valdezarza.madrid\/2025\/07\/Cartel-Book-Club-2025-26.jpg 1410w\" sizes=\"auto, (max-width: 642px) 100vw, 642px\" \/><\/figure>\n\n\n\n<p>El contacto con la lengua meta fuera del aula y con\nsu cultura es una premisa del aprendizaje de cualquier lengua extranjera. En\neste departamento nos proponemos mantener al alumnado al corriente de los\neventos culturales que tengan lugar en Madrid as\u00ed como organizar actividades. <\/p>\n\n\n\n<p>Los miembros del departamento de ingl\u00e9s proponen las\nsiguientes actividades complementarias y extraescolares para este curso\nacad\u00e9mico, que se perfilar\u00e1n debidamente en pr\u00f3ximas reuniones\nde departamento, una vez nos sea confirmada la dotaci\u00f3n presupuestaria\ndestinada a ello. Se intentar\u00e1 en cualquier caso que\nhaya al menos una actividad cultural en cada trimestre acad\u00e9mico.<\/p>\n\n\n\n<ul class=\"wp-block-list\">\n<li><strong>Charlas<\/strong>: El departamento contar\u00e1 con hablantes nativos de ingl\u00e9s para dar charlas en la escuela sobre distintos temas relacionados con la vida, la cultura, la sociedad, etc., de pa\u00edses de habla inglesa. <\/li>\n<\/ul>\n\n\n\n<ul class=\"wp-block-list\">\n<li><strong>Actividades de teatro o cuentacuentos<\/strong>: el departamento de ingl\u00e9s valorar\u00e1 la inclusi\u00f3n de este tipo de actividades si lo permite la log\u00edstica de su organizaci\u00f3n, ya sean en el centro o mediante salida a un teatro. <\/li>\n<\/ul>\n\n\n\n<ul class=\"wp-block-list\">\n<li><strong>Christmas Party<\/strong>: Como viene siendo habitual en la EOI Valdezarza, se intentar\u00e1 organizar una fiesta conjunta de Navidad con los dem\u00e1s departamentos de la escuela. Habr\u00e1 actividades de tipo navide\u00f1o, competiciones, canciones y el tradicional concurso de platos navide\u00f1os que fomentar\u00e1 el intercambio cultural entre los alumnos de los distintos idiomas, adem\u00e1s de crear un ambiente festivo y de animada convivencia. <\/li>\n<\/ul>\n\n\n\n<ul class=\"wp-block-list\">\n<li><strong>Salidas<\/strong>: Tras el \u00e9xito de la salida a los Cines Verdi de Madrid (metro Canal) en cursos pasados, se considerar\u00e1 repetir esta actividad, quiz\u00e1s durante el segundo trimestre del curso. Dicho cine reserv\u00f3 una sala para los alumnos de la Escuela, que vieron una pel\u00edcula inglesa en versi\u00f3n original subtitulada. Por otro lado, el Cementerio Brit\u00e1nico de Madrid ofrece una visita guiada en ingl\u00e9s, de una hora aproximadamente, que revela an\u00e9cdotas y datos biogr\u00e1ficos de las figuras m\u00e1s interesantes all\u00ed enterradas, lo cual supone informaci\u00f3n cultural anglosajona de inter\u00e9s para los alumnos. Debido a que dichas visitas son para grupos reducidos (20 personas m\u00e1ximo), los profesores interesados en llevar a sus alumnos organizar\u00e1n dicha actividad por su cuenta. Se prev\u00e9 que para un mayor aprovechamiento de la actividad, esta deber\u00eda dirigirse a grupos del nivel B2.2 o superior. Se podr\u00e1n realizar todo tipo de salidas culturales al cine, teatro, museos, visitas guiadas, etc.<\/li>\n<\/ul>\n\n\n\n<ul class=\"wp-block-list\">\n<li><strong>Concursos literarios<\/strong>: el departamento de ingl\u00e9s organizar\u00e1 un concurso literario entre los alumnos de distintos grupos. Este concurso ir\u00e1 dirigido a todos los alumnos de ingl\u00e9s, previamente divididos por niveles, con el fin de potenciar el uso de la lengua escrita y motivar a los alumnos a la hora de escribir en el idioma. Otros a\u00f1os se han realizado concursos de Haikus, mini-sagas, short stories\u2026 <\/li>\n<\/ul>\n\n\n\n<p><\/p>\n\n\n\n<p><strong>Celebraci\u00f3n del Pancake Day<\/strong> en las clases de ingl\u00e9s. Los alumnos prepararon tortitas siguiendo una receta en ingl\u00e9s y luego las llevaron a clase para compartirlas con sus compa\u00f1eros. \ud83d\udc68\u200d\ud83c\udf73\ud83d\udc69\u200d\ud83c\udf73<\/p>\n\n\n\n<figure class=\"wp-block-image size-large is-resized\"><img loading=\"lazy\" decoding=\"async\" width=\"1024\" height=\"631\" src=\"https:\/\/site.educa.madrid.org\/eoi.valdezarza.madrid\/\/wp-content\/uploads\/eoi.valdezarza.madrid\/2023\/03\/PANCAKE2-1024x631.jpg\" alt=\"\" class=\"wp-image-2209\" style=\"width:277px;height:auto\" srcset=\"https:\/\/site.educa.madrid.org\/eoi.valdezarza.madrid\/\/wp-content\/uploads\/eoi.valdezarza.madrid\/2023\/03\/PANCAKE2-1024x631.jpg 1024w, https:\/\/site.educa.madrid.org\/eoi.valdezarza.madrid\/\/wp-content\/uploads\/eoi.valdezarza.madrid\/2023\/03\/PANCAKE2-300x185.jpg 300w, https:\/\/site.educa.madrid.org\/eoi.valdezarza.madrid\/\/wp-content\/uploads\/eoi.valdezarza.madrid\/2023\/03\/PANCAKE2-768x473.jpg 768w, https:\/\/site.educa.madrid.org\/eoi.valdezarza.madrid\/\/wp-content\/uploads\/eoi.valdezarza.madrid\/2023\/03\/PANCAKE2-1536x946.jpg 1536w, https:\/\/site.educa.madrid.org\/eoi.valdezarza.madrid\/\/wp-content\/uploads\/eoi.valdezarza.madrid\/2023\/03\/PANCAKE2-2048x1262.jpg 2048w\" sizes=\"auto, (max-width: 1024px) 100vw, 1024px\" \/><\/figure>\n\n\n\n<figure class=\"wp-block-image size-large is-resized\"><img loading=\"lazy\" decoding=\"async\" width=\"1024\" height=\"638\" src=\"https:\/\/site.educa.madrid.org\/eoi.valdezarza.madrid\/\/wp-content\/uploads\/eoi.valdezarza.madrid\/2023\/03\/PANCAKE1-1024x638.jpg\" alt=\"\" class=\"wp-image-2208\" style=\"width:278px;height:auto\" srcset=\"https:\/\/site.educa.madrid.org\/eoi.valdezarza.madrid\/\/wp-content\/uploads\/eoi.valdezarza.madrid\/2023\/03\/PANCAKE1-1024x638.jpg 1024w, https:\/\/site.educa.madrid.org\/eoi.valdezarza.madrid\/\/wp-content\/uploads\/eoi.valdezarza.madrid\/2023\/03\/PANCAKE1-300x187.jpg 300w, https:\/\/site.educa.madrid.org\/eoi.valdezarza.madrid\/\/wp-content\/uploads\/eoi.valdezarza.madrid\/2023\/03\/PANCAKE1-768x479.jpg 768w, https:\/\/site.educa.madrid.org\/eoi.valdezarza.madrid\/\/wp-content\/uploads\/eoi.valdezarza.madrid\/2023\/03\/PANCAKE1-1536x957.jpg 1536w, https:\/\/site.educa.madrid.org\/eoi.valdezarza.madrid\/\/wp-content\/uploads\/eoi.valdezarza.madrid\/2023\/03\/PANCAKE1-2048x1276.jpg 2048w, https:\/\/site.educa.madrid.org\/eoi.valdezarza.madrid\/\/wp-content\/uploads\/eoi.valdezarza.madrid\/2023\/03\/PANCAKE1-480x300.jpg 480w, https:\/\/site.educa.madrid.org\/eoi.valdezarza.madrid\/\/wp-content\/uploads\/eoi.valdezarza.madrid\/2023\/03\/PANCAKE1-640x400.jpg 640w\" sizes=\"auto, (max-width: 1024px) 100vw, 1024px\" \/><\/figure>\n\n\n<\/div>\n\n\n\n<div class=\"wp-block-column is-vertically-aligned-top is-layout-flow wp-block-column-is-layout-flow\">\n<h5 class=\"wp-block-heading\">CRITERIOS DE EVALUACI\u00d3N DE PROMOCI\u00d3N CURSO 2025-26<\/h5>\n\n\n\n<p>Pulsa <a href=\"https:\/\/site.educa.madrid.org\/eoi.valdezarza.madrid\/\/wp-content\/uploads\/eoi.valdezarza.madrid\/2025\/09\/CRITERIOS-DE-EVALUACION-DE-PROMOCION-a-revisar-2.pdf\">aqu\u00ed<\/a> para ver la informaci\u00f3n<\/p>\n\n\n\n<h5 class=\"wp-block-heading\"><strong>FORMATO DE LAS PRUEBAS PARA LA PROMOCI\u00d3N <\/strong>2025-26<\/h5>\n\n\n\n<p><a href=\"https:\/\/site.educa.madrid.org\/eoi.valdezarza.madrid\/\/wp-content\/uploads\/eoi.valdezarza.madrid\/2025\/10\/FORMATO-PRUEBAS-PROMOCION-A1_25_26-web.pdf\">Formato de pruebas A1<\/a><\/p>\n\n\n\n<p><a href=\"https:\/\/site.educa.madrid.org\/eoi.valdezarza.madrid\/\/wp-content\/uploads\/eoi.valdezarza.madrid\/2025\/10\/FORMATO-PRUEBAS-PROMOCION-A2_25_26-web.pdf\">Formato de pruebas A2<\/a><\/p>\n\n\n\n<p><a href=\"https:\/\/site.educa.madrid.org\/eoi.valdezarza.madrid\/\/wp-content\/uploads\/eoi.valdezarza.madrid\/2025\/10\/FORMATO_PRUEBAS-PROMOCION_B1_25_26-web.pdf\">Formato de pruebas B1<\/a><\/p>\n\n\n\n<p><a href=\"https:\/\/site.educa.madrid.org\/eoi.valdezarza.madrid\/\/wp-content\/uploads\/eoi.valdezarza.madrid\/2025\/10\/FORMATO-PRUEBAS-PROMOCION-B2.1_25_26-web.pdf\">Formato de pruebas B2.1<\/a><\/p>\n\n\n\n<p><a href=\"https:\/\/site.educa.madrid.org\/eoi.valdezarza.madrid\/\/wp-content\/uploads\/eoi.valdezarza.madrid\/2025\/10\/FORMATO-PRUEBAS-PROMOCION-B2.2_25_26-web.pdf\">Formato de pruebas B2.2<\/a><\/p>\n\n\n\n<p><a href=\"https:\/\/site.educa.madrid.org\/eoi.valdezarza.madrid\/\/wp-content\/uploads\/eoi.valdezarza.madrid\/2025\/10\/FORMATO-PRUEBAS-PROMOCION-C1_25_26-web.pdf\">Formato de pruebas C1<\/a><\/p>\n\n\n\n<p><a href=\"https:\/\/site.educa.madrid.org\/eoi.valdezarza.madrid\/\/wp-content\/uploads\/eoi.valdezarza.madrid\/2025\/10\/FORMATO-PRUEBAS-PROMOCION-C2.1_25_26-web.pdf\">Formato de pruebas C2.1<\/a><\/p>\n\n\n\n<p><a href=\"https:\/\/site.educa.madrid.org\/eoi.valdezarza.madrid\/\/wp-content\/uploads\/eoi.valdezarza.madrid\/2025\/10\/FORMATO-PRUEBAS-PROMOCION-C2.2_25_26-web.pdf\">Formato de pruebas C2.2<\/a><\/p>\n\n\n\n<p><strong>M\u00c9TODO: LIBROS DE TEXTO CURSO 2025-26<\/strong><\/p>\n\n\n\n<p>Pulse <a href=\"https:\/\/site.educa.madrid.org\/eoi.valdezarza.madrid\/\/wp-content\/uploads\/eoi.valdezarza.madrid\/2025\/09\/Libros-de-texto-ingles-25-26-web.pdf\">aqu\u00ed<\/a> para ver los libros de texto.<\/p>\n\n\n\n<p><strong>HORARIO DE ATENCI\u00d3N AL ALUMNADO<\/strong><\/p>\n\n\n\n<p>Pulsa\u00a0<a href=\"https:\/\/site.educa.madrid.org\/eoi.valdezarza.madrid\/\/wp-content\/uploads\/eoi.valdezarza.madrid\/2026\/01\/HORARIO-ATENCION-ALUMNOS-PROFESORES-25-26.pdf\" target=\"_blank\" rel=\"noreferrer noopener\">aqu\u00ed\u00a0<\/a>para ver los horarios.<\/p>\n\n\n\n<figure class=\"wp-block-image\"><img loading=\"lazy\" decoding=\"async\" width=\"1000\" height=\"750\" src=\"https:\/\/site.educa.madrid.org\/eoi.valdezarza.madrid\/\/wp-content\/uploads\/eoi.valdezarza.madrid\/2020\/05\/contenido_ingles_eoi_valdezarza2.jpg\" alt=\"\" class=\"wp-image-537\" srcset=\"https:\/\/site.educa.madrid.org\/eoi.valdezarza.madrid\/\/wp-content\/uploads\/eoi.valdezarza.madrid\/2020\/05\/contenido_ingles_eoi_valdezarza2.jpg 1000w, https:\/\/site.educa.madrid.org\/eoi.valdezarza.madrid\/\/wp-content\/uploads\/eoi.valdezarza.madrid\/2020\/05\/contenido_ingles_eoi_valdezarza2-300x225.jpg 300w, https:\/\/site.educa.madrid.org\/eoi.valdezarza.madrid\/\/wp-content\/uploads\/eoi.valdezarza.madrid\/2020\/05\/contenido_ingles_eoi_valdezarza2-768x576.jpg 768w\" sizes=\"auto, (max-width: 1000px) 100vw, 1000px\" \/><\/figure>\n\n\n\n<p><\/p>\n\n\n<div class=\"wp-block-image\">\n<figure class=\"aligncenter is-resized\"><img loading=\"lazy\" decoding=\"async\" width=\"1000\" height=\"750\" src=\"https:\/\/site.educa.madrid.org\/eoi.valdezarza.madrid\/\/wp-content\/uploads\/eoi.valdezarza.madrid\/2020\/05\/contenido_ingles_eoi_valdezarza.jpg\" alt=\"\" class=\"wp-image-534\" style=\"width:407px;height:305px\" srcset=\"https:\/\/site.educa.madrid.org\/eoi.valdezarza.madrid\/\/wp-content\/uploads\/eoi.valdezarza.madrid\/2020\/05\/contenido_ingles_eoi_valdezarza.jpg 1000w, https:\/\/site.educa.madrid.org\/eoi.valdezarza.madrid\/\/wp-content\/uploads\/eoi.valdezarza.madrid\/2020\/05\/contenido_ingles_eoi_valdezarza-300x225.jpg 300w, https:\/\/site.educa.madrid.org\/eoi.valdezarza.madrid\/\/wp-content\/uploads\/eoi.valdezarza.madrid\/2020\/05\/contenido_ingles_eoi_valdezarza-768x576.jpg 768w\" sizes=\"auto, (max-width: 1000px) 100vw, 1000px\" \/><\/figure>\n<\/div>\n\n\n<p><strong>Christmas carol<\/strong><\/p>\n\n\n\n<figure class=\"wp-block-image size-large\"><img loading=\"lazy\" decoding=\"async\" width=\"1024\" height=\"768\" src=\"https:\/\/site.educa.madrid.org\/eoi.valdezarza.madrid\/\/wp-content\/uploads\/eoi.valdezarza.madrid\/2025\/01\/PHOTO-2024-12-13-15-20-02-1024x768.jpg\" alt=\"\" class=\"wp-image-3634\" srcset=\"https:\/\/site.educa.madrid.org\/eoi.valdezarza.madrid\/\/wp-content\/uploads\/eoi.valdezarza.madrid\/2025\/01\/PHOTO-2024-12-13-15-20-02-1024x768.jpg 1024w, https:\/\/site.educa.madrid.org\/eoi.valdezarza.madrid\/\/wp-content\/uploads\/eoi.valdezarza.madrid\/2025\/01\/PHOTO-2024-12-13-15-20-02-300x225.jpg 300w, https:\/\/site.educa.madrid.org\/eoi.valdezarza.madrid\/\/wp-content\/uploads\/eoi.valdezarza.madrid\/2025\/01\/PHOTO-2024-12-13-15-20-02-768x576.jpg 768w, https:\/\/site.educa.madrid.org\/eoi.valdezarza.madrid\/\/wp-content\/uploads\/eoi.valdezarza.madrid\/2025\/01\/PHOTO-2024-12-13-15-20-02-1536x1152.jpg 1536w, https:\/\/site.educa.madrid.org\/eoi.valdezarza.madrid\/\/wp-content\/uploads\/eoi.valdezarza.madrid\/2025\/01\/PHOTO-2024-12-13-15-20-02.jpg 1600w\" sizes=\"auto, (max-width: 1024px) 100vw, 1024px\" \/><\/figure>\n\n\n\n<p><\/p>\n\n\n\n<p><strong>Cementerio brit\u00e1nico<\/strong><\/p>\n\n\n\n<figure class=\"wp-block-image\"><img loading=\"lazy\" decoding=\"async\" width=\"1920\" height=\"2560\" src=\"https:\/\/site.educa.madrid.org\/eoi.valdezarza.madrid\/\/wp-content\/uploads\/eoi.valdezarza.madrid\/2025\/06\/IMG_20250403_223730-scaled.jpg\" alt=\"\" class=\"wp-image-4239\" srcset=\"https:\/\/site.educa.madrid.org\/eoi.valdezarza.madrid\/\/wp-content\/uploads\/eoi.valdezarza.madrid\/2025\/06\/IMG_20250403_223730-scaled.jpg 1920w, https:\/\/site.educa.madrid.org\/eoi.valdezarza.madrid\/\/wp-content\/uploads\/eoi.valdezarza.madrid\/2025\/06\/IMG_20250403_223730-225x300.jpg 225w, https:\/\/site.educa.madrid.org\/eoi.valdezarza.madrid\/\/wp-content\/uploads\/eoi.valdezarza.madrid\/2025\/06\/IMG_20250403_223730-768x1024.jpg 768w, https:\/\/site.educa.madrid.org\/eoi.valdezarza.madrid\/\/wp-content\/uploads\/eoi.valdezarza.madrid\/2025\/06\/IMG_20250403_223730-300x400.jpg 300w, https:\/\/site.educa.madrid.org\/eoi.valdezarza.madrid\/\/wp-content\/uploads\/eoi.valdezarza.madrid\/2025\/06\/IMG_20250403_223730-1152x1536.jpg 1152w, https:\/\/site.educa.madrid.org\/eoi.valdezarza.madrid\/\/wp-content\/uploads\/eoi.valdezarza.madrid\/2025\/06\/IMG_20250403_223730-1536x2048.jpg 1536w\" sizes=\"auto, (max-width: 1920px) 100vw, 1920px\" \/><\/figure>\n\n\n\n<p><\/p>\n\n\n\n<p><\/p>\n\n\n\n<p><\/p>\n\n\n\n<hr class=\"wp-block-separator has-alpha-channel-opacity\"\/>\n<\/div>\n<\/div>\n","protected":false},"excerpt":{"rendered":"<p>depingles.eoi.valdezarza.madrid@educa.madrid.org Ingl\u00e9s CURR\u00cdCULO: Disposiciones Generales PR\u00d3XIMAS ACTIVIDADES EXTRAESCOLARES Y COMPLEMENTARIAS El contacto con la lengua meta fuera del aula y con su cultura es una premisa del aprendizaje de cualquier &#8230;<\/p>\n","protected":false},"author":2,"featured_media":0,"parent":0,"menu_order":0,"comment_status":"closed","ping_status":"closed","template":"template-fullwidth.php","meta":{"footnotes":""},"folder":[],"class_list":["post-176","page","type-page","status-publish","hentry"],"rttpg_featured_image_url":null,"rttpg_author":{"display_name":"tic.eoi.valdezarza.madrid","author_link":"https:\/\/site.educa.madrid.org\/eoi.valdezarza.madrid\/index.php\/author\/cuenta_tic-eoi-valdezarza-madrid\/"},"rttpg_comment":0,"rttpg_category":false,"rttpg_excerpt":"depingles.eoi.valdezarza.madrid@educa.madrid.org Ingl\u00e9s CURR\u00cdCULO: Disposiciones Generales PR\u00d3XIMAS ACTIVIDADES EXTRAESCOLARES Y COMPLEMENTARIAS El contacto con la lengua meta fuera del aula y con su cultura es una premisa del aprendizaje de cualquier ...","post_mailing_queue_ids":[],"_links":{"self":[{"href":"https:\/\/site.educa.madrid.org\/eoi.valdezarza.madrid\/index.php\/wp-json\/wp\/v2\/pages\/176","targetHints":{"allow":["GET"]}}],"collection":[{"href":"https:\/\/site.educa.madrid.org\/eoi.valdezarza.madrid\/index.php\/wp-json\/wp\/v2\/pages"}],"about":[{"href":"https:\/\/site.educa.madrid.org\/eoi.valdezarza.madrid\/index.php\/wp-json\/wp\/v2\/types\/page"}],"author":[{"embeddable":true,"href":"https:\/\/site.educa.madrid.org\/eoi.valdezarza.madrid\/index.php\/wp-json\/wp\/v2\/users\/2"}],"replies":[{"embeddable":true,"href":"https:\/\/site.educa.madrid.org\/eoi.valdezarza.madrid\/index.php\/wp-json\/wp\/v2\/comments?post=176"}],"version-history":[{"count":50,"href":"https:\/\/site.educa.madrid.org\/eoi.valdezarza.madrid\/index.php\/wp-json\/wp\/v2\/pages\/176\/revisions"}],"predecessor-version":[{"id":4696,"href":"https:\/\/site.educa.madrid.org\/eoi.valdezarza.madrid\/index.php\/wp-json\/wp\/v2\/pages\/176\/revisions\/4696"}],"wp:attachment":[{"href":"https:\/\/site.educa.madrid.org\/eoi.valdezarza.madrid\/index.php\/wp-json\/wp\/v2\/media?parent=176"}],"wp:term":[{"taxonomy":"folder","embeddable":true,"href":"https:\/\/site.educa.madrid.org\/eoi.valdezarza.madrid\/index.php\/wp-json\/wp\/v2\/folder?post=176"}],"curies":[{"name":"wp","href":"https:\/\/api.w.org\/{rel}","templated":true}]}}