{"id":178,"date":"2019-11-26T13:55:17","date_gmt":"2019-11-26T13:55:17","guid":{"rendered":"https:\/\/site.educa.madrid.org\/eoi.valdezarza.madrid\/?page_id=178"},"modified":"2026-02-11T15:21:37","modified_gmt":"2026-02-11T14:21:37","slug":"italiano","status":"publish","type":"page","link":"https:\/\/site.educa.madrid.org\/eoi.valdezarza.madrid\/index.php\/italiano\/","title":{"rendered":"Italiano"},"content":{"rendered":"<div><ss3-force-full-width data-overflow-x=\"body\" data-horizontal-selector=\"body\"><div class=\"n2-section-smartslider fitvidsignore \" data-ssid=\"6\" tabindex=\"0\" role=\"region\" aria-label=\"Slider\"><div id=\"n2-ss-6-align\" class=\"n2-ss-align\"><div class=\"n2-padding\"><div id=\"n2-ss-6\" data-creator=\"Smart Slider 3\" data-responsive=\"fullwidth\" class=\"n2-ss-slider n2-ow n2-has-hover n2notransition  \">\n        <div class=\"n2-ss-slider-1 n2_ss__touch_element n2-ow\">\n            <div class=\"n2-ss-slider-2 n2-ow\">\n                                                <div class=\"n2-ss-slider-3 n2-ow\">\n\n                    <div class=\"n2-ss-slide-backgrounds n2-ow-all\"><div class=\"n2-ss-slide-background\" data-public-id=\"1\" data-mode=\"fill\"><div class=\"n2-ss-slide-background-image\" data-blur=\"0\" data-opacity=\"100\" data-x=\"50\" data-y=\"50\" data-alt=\"\" data-title=\"\"><picture class=\"skip-lazy\" data-skip-lazy=\"1\"><img decoding=\"async\" src=\"\/\/site.educa.madrid.org\/eoi.valdezarza.madrid\/\/wp-content\/uploads\/eoi.valdezarza.madrid\/2020\/05\/ITALIANO.jpg\" alt=\"\" title=\"\" loading=\"lazy\" class=\"skip-lazy\" data-skip-lazy=\"1\"><\/picture><\/div><div data-color=\"RGBA(255,255,255,0)\" style=\"background-color: RGBA(255,255,255,0);\" class=\"n2-ss-slide-background-color\"><\/div><\/div><\/div>                    <div class=\"n2-ss-slider-4 n2-ow\">\n                        <svg xmlns=\"http:\/\/www.w3.org\/2000\/svg\" viewBox=\"0 0 1200 200\" data-related-device=\"desktopPortrait\" class=\"n2-ow n2-ss-preserve-size n2-ss-preserve-size--slider n2-ss-slide-limiter\"><\/svg><div data-first=\"1\" data-slide-duration=\"0\" data-id=\"11\" data-slide-public-id=\"1\" data-title=\"ITALIANO\" class=\"n2-ss-slide n2-ow  n2-ss-slide-11\"><div role=\"note\" class=\"n2-ss-slide--focus\" tabindex=\"-1\">ITALIANO<\/div><div class=\"n2-ss-layers-container n2-ss-slide-limiter n2-ow\"><div class=\"n2-ss-layer n2-ow n-uc-4GBnwFMMKbTV\" data-sstype=\"slide\" data-pm=\"default\"><\/div><\/div><\/div>                    <\/div>\n\n                                    <\/div>\n            <\/div>\n        <\/div>\n        <\/div><ss3-loader><\/ss3-loader><\/div><\/div><div class=\"n2_clear\"><\/div><\/div><\/ss3-force-full-width><\/div>\n\n\n<p><\/p>\n\n\n\n<p><\/p>\n\n\n\n<p><\/p>\n\n\n\n<p><\/p>\n\n\n\n<p class=\"has-text-align-center has-vivid-cyan-blue-color has-text-color\">depitaliano.eoi.valdezarza.madrid@educa.madrid.org<\/p>\n\n\n\n<p class=\"has-text-align-center has-vivid-cyan-blue-color has-text-color\">aurora.grimaldi@educa.madrid.org<\/p>\n\n\n\n<hr class=\"wp-block-separator has-css-opacity\"\/>\n\n\n\n<div class=\"wp-block-columns has-2-columns is-layout-flex wp-container-core-columns-is-layout-9d6595d7 wp-block-columns-is-layout-flex\">\n<div class=\"wp-block-column is-vertically-aligned-center is-layout-flow wp-block-column-is-layout-flow\">\n<p><br><\/p>\n\n\n\n<h5 class=\"wp-block-heading\"><strong>CRITERIOS DE EVALUACI\u00d3N DE PROMOCI\u00d3N 2025-26<\/strong><\/h5>\n\n\n\n<p>Pulsa <a href=\"https:\/\/site.educa.madrid.org\/eoi.valdezarza.madrid\/\/wp-content\/uploads\/eoi.valdezarza.madrid\/2025\/09\/CRITERIOS-DE-EVALUACION-Y-CALIFICACION-DE-PROMOCION-CURSO-2025-26-fechas-parciales.pdf\">aqu\u00ed<\/a> para ver la informaci\u00f3n<\/p>\n\n\n\n<h5 class=\"wp-block-heading\"><strong>FORMATO DE LAS PRUEBAS PARA LA PROMOCI\u00d3N 2025-26<\/strong><\/h5>\n\n\n\n<p>Pulsa <a href=\"https:\/\/site.educa.madrid.org\/eoi.valdezarza.madrid\/\/wp-content\/uploads\/eoi.valdezarza.madrid\/2025\/09\/FORMATO-DE-LAS-PRUEBAS-PARA-LA-PROMOCION-2025-26.pdf\">aqu\u00ed<\/a> para ver la informaci\u00f3n<\/p>\n\n\n\n<p><strong>M\u00c9TODO: LIBROS DE TEXTO CURSO 2025-26<\/strong><\/p>\n\n\n\n<p>Pulsa <a href=\"https:\/\/site.educa.madrid.org\/eoi.valdezarza.madrid\/\/wp-content\/uploads\/eoi.valdezarza.madrid\/2025\/09\/Libros-de-texto-dep.-italiano-2025_26.pdf\">aqu\u00ed<\/a> para ver los libros de este curso<\/p>\n\n\n\n<p><strong>HORARIO DE ATENCI\u00d3N AL ALUMNADO<\/strong><\/p>\n\n\n\n<p>Pulsa&nbsp;<a href=\"https:\/\/site.educa.madrid.org\/eoi.valdezarza.madrid\/\/wp-content\/uploads\/eoi.valdezarza.madrid\/2026\/01\/HORARIO-ATENCION-ALUMNOS-PROFESORES-25-26.pdf\" target=\"_blank\" rel=\"noreferrer noopener\">aqu\u00ed&nbsp;<\/a>para ver los horarios<br><\/p>\n\n\n\n<p><br><\/p>\n\n\n\n<figure class=\"wp-block-image size-large is-resized\"><img loading=\"lazy\" decoding=\"async\" width=\"1000\" height=\"750\" src=\"https:\/\/site.educa.madrid.org\/eoi.valdezarza.madrid\/\/wp-content\/uploads\/eoi.valdezarza.madrid\/2020\/05\/contenido_italiano_eoi_valdezarza2.jpg\" alt=\"\" class=\"wp-image-552\" style=\"width:398px;height:auto\" srcset=\"https:\/\/site.educa.madrid.org\/eoi.valdezarza.madrid\/\/wp-content\/uploads\/eoi.valdezarza.madrid\/2020\/05\/contenido_italiano_eoi_valdezarza2.jpg 1000w, https:\/\/site.educa.madrid.org\/eoi.valdezarza.madrid\/\/wp-content\/uploads\/eoi.valdezarza.madrid\/2020\/05\/contenido_italiano_eoi_valdezarza2-300x225.jpg 300w, https:\/\/site.educa.madrid.org\/eoi.valdezarza.madrid\/\/wp-content\/uploads\/eoi.valdezarza.madrid\/2020\/05\/contenido_italiano_eoi_valdezarza2-768x576.jpg 768w\" sizes=\"auto, (max-width: 1000px) 100vw, 1000px\" \/><\/figure>\n\n\n\n<p class=\"has-text-align-center\"><br><\/p>\n\n\n\n<p><strong><strong>ACTIVIDADES EXTRAESCOLARES Y COMPLEMENTARIAS<\/strong><\/strong><\/p>\n\n\n\n<p class=\"has-text-align-left\"><br>El departamento quiere ofrecer una variada oferta de actividades relacionadas con el<br>mundo y la cultura italiana. A continuaci\u00f3n, se detallan las actividades previstas,<br>quedando abierto el listado a todas las sugerencias, citas, indicaciones que puedan surgir<br>a lo largo del curso.<br>Primer cuatrimestre:<br>El Departamento procurar\u00e1 informar los alumnos sobre actividades y espect\u00e1culos en<br>lengua italiana que tendr\u00e1n lugar en Madrid y organizar\u00e1 unas jornadas culturales, de<br>conferencias, teatro o m\u00fasica en nuestra EOI, invitando alg\u00fan ponente, actor o cantante<br>nativo. A partir del mes de octubre proyectaremos un breve ciclo de cuatro pel\u00edculas en<br>lengua italiana (subtituladas).<br>Pr\u00f3ximo a las fiestas de Navidad, el Departamento propondr\u00e1 en lugar del \u00abAmigo<br>invisible\u00bb, el m\u00e1s ecol\u00f3gico \u201cTrueque de Navidad\u201d, un trueque de objetos usados en<br>lengua italiana, y \u201cChiacchierate di Natale\u201d, intercambio de conocimientos en italiano. El<br>Departamento participar\u00e1 tambi\u00e9n en la fiesta de Navidad organizada por el centro, junto<br>con los dem\u00e1s departamentos.<br>Segundo cuatrimestre:<br>En el mes de enero, los alumnos del Curso de actualizaci\u00f3n de la lengua italiana a trav\u00e9s<br>de textos teatrales c\u00f3micos pondr\u00e1n en escena una obra teatral analizada en clase. Si<br>fuera posible, se intentar\u00e1 llevar el espect\u00e1culo a otras EOIs.<br>Considerando el notable inter\u00e9s hacia la Opera por parte de nuestro alumnado, se<br>propondr\u00e1 acudir al Teatro Real u a otros teatros de la ciudad donde se pueda disfrutar<br>de ese g\u00e9nero musical. La actividad se llevar\u00e1 a cabo si la mayor\u00eda de los alumnos de<br>los grupos interesados querr\u00e1n participar.<br>Para los festejos del Carnaval el departamento propone la actividad \u201cIndovina chi sono!\u201d,<br>un taller de disfraces; o en alternativa un taller de m\u00e1scaras de cart\u00f3n piedra u otro (de<br>car\u00e1cter te\u00f3rico) sobre postres italianos. Ser\u00e1n los alumnos, y los diferentes grupos, de<br>todas formas, quienes escojan la actividad de Carnaval que m\u00e1s se adapte a su forma<br>de ser.<br>Siempre en el segundo cuatrimestre, si el desarrollo de la programaci\u00f3n lo permitir\u00e1, se<br>propondr\u00e1 a los estudiantes tambi\u00e9n un peque\u00f1o concurso de fotograf\u00edas, \u201cL\u2019Italia \u00e8<br>cos\u00ec\u201d, donde los alumnos deber\u00e1n expresar, a trav\u00e9s de un peque\u00f1o collage de fotos, lo<br>que seg\u00fan ellos mejor representa a Italia y a los italianos. Si los fondos del departamento<br>lo permitir\u00e1n, los trabajos m\u00e1s originales ser\u00e1n premiados.<br>En el mes de mayo se propondr\u00e1 realizar una visita guiada por la ciudad de Madrid. En<br>a\u00f1os pasados se les ofreci\u00f3 a los alumnos mediar desde el castellano informaciones<br>sobre el casco hist\u00f3rico de la ciudad o sobre el parque del Retiro, y, tras el \u00e9xito de esa<br>actividad, se volver\u00e1 a proponer este a\u00f1o. En alternativa se podr\u00eda solicitar la ayuda de<br>un\/una gu\u00eda de lengua italiana. Tambi\u00e9n se ha colaborado con gu\u00edas y la actividad ha<br>gustado mucho.<br>En el mes de junio se pondr\u00e1 en escena la segunda actuaci\u00f3n de los alumnos del curso<br>de teatro.<br>A lo largo del a\u00f1o, se procurar\u00e1 informar de cualquier manifestaci\u00f3n cultural italiana en<br>Madrid y, siempre que sea posible y que tenga una buena acogida por parte de los<br>alumnos, se procurar\u00e1 organizar salidas para disfrutar de estas manifestaciones.<\/p>\n\n\n\n<p><a href=\"https:\/\/padlet.com\/auroragrimaldi1\/attivit-extrascolastiche-del-dipartimento-d-italiano-phmmcpk3d5h07pxa\">Acceso al padlet<\/a><\/p>\n\n\n\n<p>\u00abC\u2019era una volta\u00bb, giugno 2025<\/p>\n\n\n\n<figure class=\"wp-block-embed is-type-video is-provider-youtube wp-block-embed-youtube wp-embed-aspect-16-9 wp-has-aspect-ratio\"><div class=\"wp-block-embed__wrapper\">\n<iframe loading=\"lazy\" title=\"C&#039;era una volta\" width=\"800\" height=\"450\" src=\"https:\/\/www.youtube.com\/embed\/scWva3xuV60?feature=oembed\" frameborder=\"0\" allow=\"accelerometer; autoplay; clipboard-write; encrypted-media; gyroscope; picture-in-picture; web-share\" referrerpolicy=\"strict-origin-when-cross-origin\" allowfullscreen><\/iframe>\n<\/div><\/figure>\n\n\n\n<div class=\"wp-block-media-text is-stacked-on-mobile\"><figure class=\"wp-block-media-text__media\"><\/figure><div class=\"wp-block-media-text__content\">\n<p><\/p>\n<\/div><\/div>\n\n\n\n<p>\u00abAttivit\u00e0 di fine corso\u00bb, maggio 2025<\/p>\n\n\n\n<figure class=\"wp-block-video alignleft\"><video height=\"1080\" style=\"aspect-ratio: 1920 \/ 1080;\" width=\"1920\" controls src=\"https:\/\/site.educa.madrid.org\/eoi.valdezarza.madrid\/\/wp-content\/uploads\/eoi.valdezarza.madrid\/2025\/06\/Attivita-di-fine-corso.mp4\"><\/video><\/figure>\n\n\n\n<p><\/p>\n\n\n\n<p>\u00abImma\u00bb, gennaio 2025<\/p>\n\n\n\n<figure class=\"wp-block-embed is-type-video is-provider-youtube wp-block-embed-youtube wp-embed-aspect-16-9 wp-has-aspect-ratio\"><div class=\"wp-block-embed__wrapper\">\n<iframe loading=\"lazy\" title=\"IMMA\" width=\"800\" height=\"450\" src=\"https:\/\/www.youtube.com\/embed\/3JcURwWICc8?feature=oembed\" frameborder=\"0\" allow=\"accelerometer; autoplay; clipboard-write; encrypted-media; gyroscope; picture-in-picture; web-share\" referrerpolicy=\"strict-origin-when-cross-origin\" allowfullscreen><\/iframe>\n<\/div><\/figure>\n\n\n\n<p><\/p>\n\n\n\n<p>\u00abScene di ordinaria follia\u00bb, giugno 2024<\/p>\n\n\n\n<figure class=\"wp-block-embed is-type-video is-provider-youtube wp-block-embed-youtube wp-embed-aspect-16-9 wp-has-aspect-ratio\"><div class=\"wp-block-embed__wrapper\">\n<iframe loading=\"lazy\" title=\"Scene di follia\" width=\"800\" height=\"450\" src=\"https:\/\/www.youtube.com\/embed\/poFpeAJ58BI?feature=oembed\" frameborder=\"0\" allow=\"accelerometer; autoplay; clipboard-write; encrypted-media; gyroscope; picture-in-picture; web-share\" referrerpolicy=\"strict-origin-when-cross-origin\" allowfullscreen><\/iframe>\n<\/div><\/figure>\n\n\n\n<p><\/p>\n\n\n\n<p>Conversazioni in italiano sul monte Abantos, maggio 2024<\/p>\n\n\n\n<figure class=\"wp-block-video\"><video height=\"1080\" style=\"aspect-ratio: 1920 \/ 1080;\" width=\"1920\" controls src=\"https:\/\/site.educa.madrid.org\/eoi.valdezarza.madrid\/\/wp-content\/uploads\/eoi.valdezarza.madrid\/2024\/06\/3-Conversazioni-sul-monte-Abantos-1.mp4\"><\/video><\/figure>\n\n\n\n<p><\/p>\n\n\n\n<p><em>Mistero Buffo, <\/em>gennaio 2024<\/p>\n\n\n\n<figure class=\"wp-block-video\"><video height=\"1080\" style=\"aspect-ratio: 1920 \/ 1080;\" width=\"1920\" controls src=\"https:\/\/site.educa.madrid.org\/eoi.valdezarza.madrid\/\/wp-content\/uploads\/eoi.valdezarza.madrid\/2024\/06\/1-Mistero-Buffo-gennaio-1.mp4\"><\/video><\/figure>\n\n\n\n<p><\/p>\n\n\n\n<p><\/p>\n\n\n\n<p>Visita guidata ai Giardini del Retiro, maggio 2023<\/p>\n\n\n\n<p><\/p>\n\n\n\n<figure class=\"wp-block-video\"><video height=\"720\" style=\"aspect-ratio: 1280 \/ 720;\" width=\"1280\" controls src=\"https:\/\/site.educa.madrid.org\/eoi.valdezarza.madrid\/\/wp-content\/uploads\/eoi.valdezarza.madrid\/2023\/05\/Visita-guidata-al-Retiro.mp4\"><\/video><\/figure>\n\n\n\n<p><\/p>\n\n\n\n<p>\u00abI Promessi Sposi, o quasi\u00bb, gennaio 2023<\/p>\n\n\n\n<figure class=\"wp-block-embed is-type-video is-provider-youtube wp-block-embed-youtube wp-embed-aspect-4-3 wp-has-aspect-ratio\"><div class=\"wp-block-embed__wrapper\">\n<iframe loading=\"lazy\" title=\"I PROMESSI SPOSI 2\u00aa SESION\" width=\"800\" height=\"600\" src=\"https:\/\/www.youtube.com\/embed\/-dW-9blk5Cg?feature=oembed\" frameborder=\"0\" allow=\"accelerometer; autoplay; clipboard-write; encrypted-media; gyroscope; picture-in-picture; web-share\" referrerpolicy=\"strict-origin-when-cross-origin\" allowfullscreen><\/iframe>\n<\/div><\/figure>\n\n\n\n<p><\/p>\n\n\n\n<p>\u00abIl tamburino magico e altri racconti\u00bb, \u00abAllarme nel presepe\u00bb, maggio 2021<\/p>\n\n\n\n<figure class=\"wp-block-embed is-type-video is-provider-youtube wp-block-embed-youtube wp-embed-aspect-16-9 wp-has-aspect-ratio\"><div class=\"wp-block-embed__wrapper\">\n<iframe loading=\"lazy\" title=\"IL TAMBURINO MAGICO ED ALTRE STORIE_MAYO 2021\" width=\"800\" height=\"450\" src=\"https:\/\/www.youtube.com\/embed\/lyoqgP7rPdc?feature=oembed\" frameborder=\"0\" allow=\"accelerometer; autoplay; clipboard-write; encrypted-media; gyroscope; picture-in-picture; web-share\" referrerpolicy=\"strict-origin-when-cross-origin\" allowfullscreen><\/iframe>\n<\/div><\/figure>\n\n\n\n<p>\u00abIl viaggio straordinario di Dante\u00bb marzo 2021<\/p>\n\n\n\n<figure class=\"wp-block-embed is-type-video is-provider-youtube wp-block-embed-youtube wp-embed-aspect-16-9 wp-has-aspect-ratio\"><div class=\"wp-block-embed__wrapper\">\n<iframe loading=\"lazy\" title=\"LA DIVINA COMMEDIA_ SESION 2 COMPLETA\" width=\"800\" height=\"450\" src=\"https:\/\/www.youtube.com\/embed\/QST3Nzj1RJY?feature=oembed\" frameborder=\"0\" allow=\"accelerometer; autoplay; clipboard-write; encrypted-media; gyroscope; picture-in-picture; web-share\" referrerpolicy=\"strict-origin-when-cross-origin\" allowfullscreen><\/iframe>\n<\/div><\/figure>\n\n\n\n<p><\/p>\n\n\n\n<p><\/p>\n\n\n\n<p><\/p>\n\n\n\n<p><\/p>\n\n\n\n<p><\/p>\n\n\n\n<p><\/p>\n\n\n\n<p><\/p>\n\n\n\n<p><\/p>\n\n\n\n<p><\/p>\n\n\n\n<p class=\"has-text-align-center\"><\/p>\n\n\n\n<p><\/p>\n\n\n\n<p><\/p>\n\n\n\n<p><\/p>\n\n\n\n<p><\/p>\n\n\n\n<p class=\"has-text-align-center\"><\/p>\n\n\n\n<p><\/p>\n<\/div>\n<\/div>\n\n\n\n<div class=\"wp-block-columns has-2-columns is-layout-flex wp-container-core-columns-is-layout-9d6595d7 wp-block-columns-is-layout-flex\">\n<div class=\"wp-block-column is-layout-flow wp-block-column-is-layout-flow\">\n<p class=\"has-text-align-center\"><\/p>\n\n\n\n<p class=\"has-text-align-center\"><\/p>\n\n\n\n<p><\/p>\n\n\n\n<p><\/p>\n\n\n\n<p><\/p>\n\n\n\n<p><\/p>\n\n\n\n<p><\/p>\n\n\n\n<p><\/p>\n\n\n\n<p><\/p>\n\n\n\n<p><\/p>\n\n\n\n<p><\/p>\n\n\n\n<p><\/p>\n\n\n\n<p><\/p>\n\n\n\n<div style=\"height:50px\" aria-hidden=\"true\" class=\"wp-block-spacer\"><\/div>\n<\/div>\n<\/div>\n","protected":false},"excerpt":{"rendered":"<p>depitaliano.eoi.valdezarza.madrid@educa.madrid.org aurora.grimaldi@educa.madrid.org CRITERIOS DE EVALUACI\u00d3N DE PROMOCI\u00d3N 2025-26 Pulsa aqu\u00ed para ver la informaci\u00f3n FORMATO DE LAS PRUEBAS PARA LA PROMOCI\u00d3N 2025-26 Pulsa aqu\u00ed para ver la informaci\u00f3n M\u00c9TODO: LIBROS &#8230;<\/p>\n","protected":false},"author":2,"featured_media":0,"parent":0,"menu_order":0,"comment_status":"closed","ping_status":"closed","template":"template-fullwidth.php","meta":{"footnotes":""},"folder":[],"class_list":["post-178","page","type-page","status-publish","hentry"],"rttpg_featured_image_url":null,"rttpg_author":{"display_name":"tic.eoi.valdezarza.madrid","author_link":"https:\/\/site.educa.madrid.org\/eoi.valdezarza.madrid\/index.php\/author\/cuenta_tic-eoi-valdezarza-madrid\/"},"rttpg_comment":0,"rttpg_category":false,"rttpg_excerpt":"depitaliano.eoi.valdezarza.madrid@educa.madrid.org aurora.grimaldi@educa.madrid.org CRITERIOS DE EVALUACI\u00d3N DE PROMOCI\u00d3N 2025-26 Pulsa aqu\u00ed para ver la informaci\u00f3n FORMATO DE LAS PRUEBAS PARA LA PROMOCI\u00d3N 2025-26 Pulsa aqu\u00ed para ver la informaci\u00f3n M\u00c9TODO: LIBROS ...","post_mailing_queue_ids":[],"_links":{"self":[{"href":"https:\/\/site.educa.madrid.org\/eoi.valdezarza.madrid\/index.php\/wp-json\/wp\/v2\/pages\/178","targetHints":{"allow":["GET"]}}],"collection":[{"href":"https:\/\/site.educa.madrid.org\/eoi.valdezarza.madrid\/index.php\/wp-json\/wp\/v2\/pages"}],"about":[{"href":"https:\/\/site.educa.madrid.org\/eoi.valdezarza.madrid\/index.php\/wp-json\/wp\/v2\/types\/page"}],"author":[{"embeddable":true,"href":"https:\/\/site.educa.madrid.org\/eoi.valdezarza.madrid\/index.php\/wp-json\/wp\/v2\/users\/2"}],"replies":[{"embeddable":true,"href":"https:\/\/site.educa.madrid.org\/eoi.valdezarza.madrid\/index.php\/wp-json\/wp\/v2\/comments?post=178"}],"version-history":[{"count":50,"href":"https:\/\/site.educa.madrid.org\/eoi.valdezarza.madrid\/index.php\/wp-json\/wp\/v2\/pages\/178\/revisions"}],"predecessor-version":[{"id":4746,"href":"https:\/\/site.educa.madrid.org\/eoi.valdezarza.madrid\/index.php\/wp-json\/wp\/v2\/pages\/178\/revisions\/4746"}],"wp:attachment":[{"href":"https:\/\/site.educa.madrid.org\/eoi.valdezarza.madrid\/index.php\/wp-json\/wp\/v2\/media?parent=178"}],"wp:term":[{"taxonomy":"folder","embeddable":true,"href":"https:\/\/site.educa.madrid.org\/eoi.valdezarza.madrid\/index.php\/wp-json\/wp\/v2\/folder?post=178"}],"curies":[{"name":"wp","href":"https:\/\/api.w.org\/{rel}","templated":true}]}}