{"id":182,"date":"2019-11-26T13:55:55","date_gmt":"2019-11-26T13:55:55","guid":{"rendered":"https:\/\/site.educa.madrid.org\/eoi.valdezarza.madrid\/?page_id=182"},"modified":"2026-05-05T15:42:06","modified_gmt":"2026-05-05T13:42:06","slug":"thats-english","status":"publish","type":"page","link":"https:\/\/site.educa.madrid.org\/eoi.valdezarza.madrid\/index.php\/thats-english\/","title":{"rendered":"That&#8217;s English"},"content":{"rendered":"\n<figure class=\"wp-block-image alignfull size-large\"><img loading=\"lazy\" decoding=\"async\" width=\"1024\" height=\"170\" src=\"https:\/\/site.educa.madrid.org\/eoi.valdezarza.madrid\/\/wp-content\/uploads\/eoi.valdezarza.madrid\/2022\/10\/PORTADA-EOI-1024x170.jpg\" alt=\"\" class=\"wp-image-1970\" srcset=\"https:\/\/site.educa.madrid.org\/eoi.valdezarza.madrid\/\/wp-content\/uploads\/eoi.valdezarza.madrid\/2022\/10\/PORTADA-EOI-1024x170.jpg 1024w, https:\/\/site.educa.madrid.org\/eoi.valdezarza.madrid\/\/wp-content\/uploads\/eoi.valdezarza.madrid\/2022\/10\/PORTADA-EOI-300x50.jpg 300w, https:\/\/site.educa.madrid.org\/eoi.valdezarza.madrid\/\/wp-content\/uploads\/eoi.valdezarza.madrid\/2022\/10\/PORTADA-EOI-768x127.jpg 768w, https:\/\/site.educa.madrid.org\/eoi.valdezarza.madrid\/\/wp-content\/uploads\/eoi.valdezarza.madrid\/2022\/10\/PORTADA-EOI.jpg 1255w\" sizes=\"auto, (max-width: 1024px) 100vw, 1024px\" \/><\/figure>\n\n\n\n<hr class=\"wp-block-separator has-css-opacity is-style-default\"\/>\n\n\n\n<p class=\"has-text-align-center\">                  <mark style=\"background-color:rgba(0, 0, 0, 0)\" class=\"has-inline-color has-vivid-cyan-blue-color\"><strong>Secretar\u00eda That&#8217;s English:<\/strong>&nbsp;91 386 41 10<\/mark>   <\/p>\n\n\n\n<p class=\"has-text-align-center\">Correo That&#8217;s English: eoi.valdezarza@thatsenglish.com<\/p>\n\n\n\n<p><\/p>\n\n\n\n<p><\/p>\n\n\n\n<p class=\"has-text-align-center\"><a href=\"https:\/\/site.educa.madrid.org\/eoi.valdezarza.madrid\/\/wp-content\/uploads\/eoi.valdezarza.madrid\/2025\/10\/HORARIO-DE-SECRETARIA-25-26-1.pdf\">HORARIO SECRETAR\u00cdA 2025<\/a><\/p>\n\n\n<div class=\"wp-block-image\">\n<figure class=\"aligncenter size-full is-resized\"><img loading=\"lazy\" decoding=\"async\" width=\"808\" height=\"574\" src=\"https:\/\/site.educa.madrid.org\/eoi.valdezarza.madrid\/\/wp-content\/uploads\/eoi.valdezarza.madrid\/2025\/10\/Horario-That\u00b4s-English.png\" alt=\"\" class=\"wp-image-4572\" style=\"width:343px;height:auto\" srcset=\"https:\/\/site.educa.madrid.org\/eoi.valdezarza.madrid\/\/wp-content\/uploads\/eoi.valdezarza.madrid\/2025\/10\/Horario-That\u00b4s-English.png 808w, https:\/\/site.educa.madrid.org\/eoi.valdezarza.madrid\/\/wp-content\/uploads\/eoi.valdezarza.madrid\/2025\/10\/Horario-That\u00b4s-English-300x213.png 300w, https:\/\/site.educa.madrid.org\/eoi.valdezarza.madrid\/\/wp-content\/uploads\/eoi.valdezarza.madrid\/2025\/10\/Horario-That\u00b4s-English-768x546.png 768w\" sizes=\"auto, (max-width: 808px) 100vw, 808px\" \/><\/figure>\n<\/div>\n\n\n<p class=\"has-text-align-center\"><a href=\"https:\/\/site.educa.madrid.org\/eoi.valdezarza.madrid\/\/wp-content\/uploads\/eoi.valdezarza.madrid\/2025\/09\/HORARIOS-TUTORIAS-CURSO-25-26.pdf\" target=\"_blank\" rel=\"noreferrer noopener\">HORARIO TUTOR\u00cdAS 2025-26<\/a><\/p>\n\n\n\n<p class=\"has-text-align-center\"><a href=\"https:\/\/site.educa.madrid.org\/eoi.valdezarza.madrid\/\/wp-content\/uploads\/eoi.valdezarza.madrid\/2026\/03\/CIRCULAR-CERTIFICACION-2025-26.pdf\" target=\"_blank\" rel=\"noreferrer noopener\">INFORMACI\u00d3N SOBRE LAS PRUEBAS DE CERTIFICACI\u00d3N DE MAYO-JUNIO 2026<\/a><\/p>\n\n\n\n<p><\/p>\n\n\n\n<figure class=\"wp-block-image size-large is-resized\"><img loading=\"lazy\" decoding=\"async\" width=\"722\" height=\"1024\" src=\"https:\/\/site.educa.madrid.org\/eoi.valdezarza.madrid\/\/wp-content\/uploads\/eoi.valdezarza.madrid\/2025\/09\/Docentes-los-planes-que-molan-722x1024.jpg\" alt=\"\" class=\"wp-image-4473\" style=\"width:364px;height:auto\" srcset=\"https:\/\/site.educa.madrid.org\/eoi.valdezarza.madrid\/\/wp-content\/uploads\/eoi.valdezarza.madrid\/2025\/09\/Docentes-los-planes-que-molan-722x1024.jpg 722w, https:\/\/site.educa.madrid.org\/eoi.valdezarza.madrid\/\/wp-content\/uploads\/eoi.valdezarza.madrid\/2025\/09\/Docentes-los-planes-que-molan-212x300.jpg 212w, https:\/\/site.educa.madrid.org\/eoi.valdezarza.madrid\/\/wp-content\/uploads\/eoi.valdezarza.madrid\/2025\/09\/Docentes-los-planes-que-molan-768x1089.jpg 768w, https:\/\/site.educa.madrid.org\/eoi.valdezarza.madrid\/\/wp-content\/uploads\/eoi.valdezarza.madrid\/2025\/09\/Docentes-los-planes-que-molan.jpg 875w\" sizes=\"auto, (max-width: 722px) 100vw, 722px\" \/><\/figure>\n\n\n\n<figure class=\"wp-block-image size-large is-resized\"><img loading=\"lazy\" decoding=\"async\" width=\"722\" height=\"1024\" src=\"https:\/\/site.educa.madrid.org\/eoi.valdezarza.madrid\/\/wp-content\/uploads\/eoi.valdezarza.madrid\/2025\/09\/Docentes-los-planes-que-molan-2-722x1024.jpg\" alt=\"\" class=\"wp-image-4476\" style=\"width:359px;height:auto\" srcset=\"https:\/\/site.educa.madrid.org\/eoi.valdezarza.madrid\/\/wp-content\/uploads\/eoi.valdezarza.madrid\/2025\/09\/Docentes-los-planes-que-molan-2-722x1024.jpg 722w, https:\/\/site.educa.madrid.org\/eoi.valdezarza.madrid\/\/wp-content\/uploads\/eoi.valdezarza.madrid\/2025\/09\/Docentes-los-planes-que-molan-2-212x300.jpg 212w, https:\/\/site.educa.madrid.org\/eoi.valdezarza.madrid\/\/wp-content\/uploads\/eoi.valdezarza.madrid\/2025\/09\/Docentes-los-planes-que-molan-2-768x1089.jpg 768w, https:\/\/site.educa.madrid.org\/eoi.valdezarza.madrid\/\/wp-content\/uploads\/eoi.valdezarza.madrid\/2025\/09\/Docentes-los-planes-que-molan-2.jpg 875w\" sizes=\"auto, (max-width: 722px) 100vw, 722px\" \/><\/figure>\n\n\n\n<div class=\"wp-block-group is-nowrap is-layout-flex wp-container-core-group-is-layout-ad2f72ca wp-block-group-is-layout-flex\">\n<figure class=\"wp-block-video\"><video height=\"1080\" style=\"aspect-ratio: 1920 \/ 1080;\" width=\"1920\" controls src=\"https:\/\/site.educa.madrid.org\/eoi.valdezarza.madrid\/\/wp-content\/uploads\/eoi.valdezarza.madrid\/2024\/12\/Exam-prep_1920x1080-B2-y-C1.mp4\"><\/video><\/figure>\n\n\n\n<figure class=\"wp-block-gallery has-nested-images columns-default is-cropped wp-block-gallery-1 is-layout-flex wp-block-gallery-is-layout-flex\">\n<figure class=\"wp-block-image size-large\"><img loading=\"lazy\" decoding=\"async\" width=\"574\" height=\"1024\" data-id=\"3598\" src=\"https:\/\/site.educa.madrid.org\/eoi.valdezarza.madrid\/\/wp-content\/uploads\/eoi.valdezarza.madrid\/2024\/12\/CURSO-EXAM-PREP-B2-C1-1-574x1024.png\" alt=\"\" class=\"wp-image-3598\" srcset=\"https:\/\/site.educa.madrid.org\/eoi.valdezarza.madrid\/\/wp-content\/uploads\/eoi.valdezarza.madrid\/2024\/12\/CURSO-EXAM-PREP-B2-C1-1-574x1024.png 574w, https:\/\/site.educa.madrid.org\/eoi.valdezarza.madrid\/\/wp-content\/uploads\/eoi.valdezarza.madrid\/2024\/12\/CURSO-EXAM-PREP-B2-C1-1-168x300.png 168w, https:\/\/site.educa.madrid.org\/eoi.valdezarza.madrid\/\/wp-content\/uploads\/eoi.valdezarza.madrid\/2024\/12\/CURSO-EXAM-PREP-B2-C1-1-768x1370.png 768w, https:\/\/site.educa.madrid.org\/eoi.valdezarza.madrid\/\/wp-content\/uploads\/eoi.valdezarza.madrid\/2024\/12\/CURSO-EXAM-PREP-B2-C1-1.png 814w\" sizes=\"auto, (max-width: 574px) 100vw, 574px\" \/><\/figure>\n<\/figure>\n<\/div>\n\n\n\n<p><mark style=\"background-color:rgba(0, 0, 0, 0)\" class=\"has-inline-color has-white-color\">ESPACIO<\/mark><\/p>\n\n\n\n<figure class=\"wp-block-table\"><table><tbody><tr><td class=\"has-text-align-center\" data-align=\"center\"><mark style=\"background-color:rgba(0, 0, 0, 0)\" class=\"has-inline-color has-vivid-red-color\"><strong>CALENDARIO DE EX\u00c1MENES 2025-2026:<\/strong><\/mark><br><strong>SE RECUERDA A LOS ALUMNOS DE LOS CURSOS CON DOCENCIA ONLINE QUE TODOS LOS EX\u00c1MENES SE REALIZAR\u00c1N DE FORMA PRESENCIAL EN LA EOI.<\/strong><br><a href=\"https:\/\/site.educa.madrid.org\/eoi.valdezarza.madrid\/\/wp-content\/uploads\/eoi.valdezarza.madrid\/2025\/11\/EXAMENES-ENERO-THATS-25-26.pdf\" target=\"_blank\" rel=\"noreferrer noopener\">ENERO<\/a><br><a href=\"https:\/\/site.educa.madrid.org\/eoi.valdezarza.madrid\/\/wp-content\/uploads\/eoi.valdezarza.madrid\/2026\/03\/EXAMENES-MAYO-THATS-25-26-2.pdf\">MAYO<\/a><br><a href=\"https:\/\/site.educa.madrid.org\/eoi.valdezarza.madrid\/\/wp-content\/uploads\/eoi.valdezarza.madrid\/2026\/05\/EXAMENES-JUNIO-THATS-25-26.pdf\">JUNIO<\/a><\/td><\/tr><\/tbody><\/table><\/figure>\n\n\n\n<p><strong>ATENCI\u00d3N:<\/strong> <a href=\"https:\/\/site.educa.madrid.org\/eoi.valdezarza.madrid\/\/wp-content\/uploads\/eoi.valdezarza.madrid\/2025\/03\/CIRCULAR-MATRICULA-ALUMNOS-THATs-ENGLISH-CURSO-2024-25FDO.pdf\" target=\"_blank\" rel=\"noreferrer noopener\">CIRCULAR DE LA DIRECCI\u00d3N GENERAL SECUNDARIA, FORMACI\u00d3N PROFESIONAL Y R\u00c9GIMEN ESPECIAL EN RELACI\u00d3N CON EL <strong>PROCEDIMIENTO A SEGUIR PARA LA REALIZACI\u00d3N DE LAS PRUEBAS DE CERTIFICACI\u00d3N<\/strong> DE LOS ALUMNOS DEL PROGRAMA THAT\u2019S ENGLISH CORRESPONDIENTES AL CURSO ACAD\u00c9MICO 2024-2025.<\/a><\/p>\n\n\n\n<figure class=\"wp-block-embed is-type-video is-provider-youtube wp-block-embed-youtube wp-embed-aspect-16-9 wp-has-aspect-ratio\"><div class=\"wp-block-embed__wrapper\">\n<iframe loading=\"lazy\" title=\"Curso Oficial de That&#039;s English!\" width=\"800\" height=\"450\" src=\"https:\/\/www.youtube.com\/embed\/HOtOqvyEogA?feature=oembed\" frameborder=\"0\" allow=\"accelerometer; autoplay; clipboard-write; encrypted-media; gyroscope; picture-in-picture; web-share\" referrerpolicy=\"strict-origin-when-cross-origin\" allowfullscreen><\/iframe>\n<\/div><\/figure>\n\n\n\n<p class=\"has-text-align-center\"><a href=\"https:\/\/site.educa.madrid.org\/eoi.valdezarza.madrid\/\/wp-content\/uploads\/eoi.valdezarza.madrid\/2024\/10\/Horario-Secretaria-2024-2025-a-31-10-24.pdf\" target=\"_blank\" rel=\"noreferrer noopener\">HORARIO SECRETAR\u00cdA<\/a> (actualizado el 31-10-24)<\/p>\n\n\n\n<p class=\"has-text-align-center\"><a href=\"https:\/\/site.educa.madrid.org\/eoi.valdezarza.madrid\/\/wp-content\/uploads\/eoi.valdezarza.madrid\/2024\/09\/HORARIOS-TUTORIAS-CURSO-2024-25-1.pdf\" target=\"_blank\" rel=\"noreferrer noopener\">HORARIOS TUTOR\u00cdAS PROFESORES CURSO 2024-25<\/a> VISTA CALENDARIO<\/p>\n\n\n\n<p class=\"has-text-align-center\"><a href=\"https:\/\/site.educa.madrid.org\/eoi.valdezarza.madrid\/\/wp-content\/uploads\/eoi.valdezarza.madrid\/2024\/09\/Tutorias-Valdezarza-24-25.pdf\" target=\"_blank\" rel=\"noreferrer noopener\">HORARIOS TUTOR\u00cdAS PROFESORES CURSO 2024-25<\/a> VISTA NIVELES<\/p>\n\n\n\n<hr class=\"wp-block-separator has-alpha-channel-opacity\"\/>\n\n\n\n<p>Se informa a los alumnos de <em>That&#8217;s English!<\/em> que si quisieran matricularse en cursos reglados (clases presenciales) el curso 2024-25 deber\u00e1n matricularse presencialmente en la Secretar\u00eda del centro como alumnos de nuevo ingreso. Para m\u00e1s informaci\u00f3n, ir a la secci\u00f3n 2.1. en Matr\u00edcula y Admisi\u00f3n (Pesta\u00f1a: Secretar\u00eda).<\/p>\n\n\n\n<hr class=\"wp-block-separator has-alpha-channel-opacity\"\/>\n\n\n\n<p><\/p>\n\n\n\n<p class=\"has-text-align-center\"><a href=\"https:\/\/site.educa.madrid.org\/eoi.valdezarza.madrid\/\/wp-content\/uploads\/eoi.valdezarza.madrid\/2022\/09\/HOJA-DE-INICIO.pdf\" data-type=\"URL\" data-id=\"https:\/\/site.educa.madrid.org\/eoi.valdezarza.madrid\/\/wp-content\/uploads\/eoi.valdezarza.madrid\/2022\/09\/HOJA-DE-INICIO.pdf\">HOJA DE INICIO<\/a><\/p>\n\n\n\n<hr class=\"wp-block-separator has-css-opacity\"\/>\n\n\n\n<p class=\"has-text-align-center\"><a rel=\"noreferrer noopener\" href=\"https:\/\/site.educa.madrid.org\/eoi.valdezarza.madrid\/\/wp-content\/uploads\/eoi.valdezarza.madrid\/2022\/09\/Instrucciones-para-la-inscripcion-.pdf\" target=\"_blank\">INSTRUCCIONES PARA LA INSCRIPCI\u00d3N<\/a>                                                <\/p>\n\n\n\n<p class=\"has-text-align-center\"><a rel=\"noreferrer noopener\" href=\"https:\/\/site.educa.madrid.org\/eoi.valdezarza.madrid\/\/wp-content\/uploads\/eoi.valdezarza.madrid\/2022\/09\/Instrucciones-prueba-VIA-def.pdf\" data-type=\"URL\" data-id=\"https:\/\/site.educa.madrid.org\/eoi.valdezarza.madrid\/\/wp-content\/uploads\/eoi.valdezarza.madrid\/2022\/09\/Instrucciones-prueba-VIA-def.pdf\" target=\"_blank\">INSTRUCCIONES PRUEBA VIA<\/a><\/p>\n\n\n\n<p class=\"has-text-align-center\">Para acceder a la prueba VIA <a href=\"https:\/\/www.thatsenglish.com\/examen-prueba-via\/\" data-type=\"URL\" data-id=\"https:\/\/www.thatsenglish.com\/examen-prueba-via\/\" target=\"_blank\" rel=\"noreferrer noopener\">(PINCHA AQU\u00cd)<\/a><\/p>\n\n\n\n<hr class=\"wp-block-separator has-css-opacity is-style-default\"\/>\n\n\n\n<div class=\"wp-block-columns has-2-columns is-layout-flex wp-container-core-columns-is-layout-9d6595d7 wp-block-columns-is-layout-flex\">\n<div class=\"wp-block-column is-layout-flow wp-block-column-is-layout-flow\">\n<h2 class=\"wp-block-heading\">That&#8217;s English<\/h2>\n\n\n\n<p><strong>That\u2019s English, el curso de ingl\u00e9s oficial a distancia.<\/strong><\/p>\n\n\n\n<p>That\u2019s English! es un curso de ingl\u00e9s a distancia creado por el Ministerio de Educaci\u00f3n y Formaci\u00f3n Profesional, que puedes\ncursar en nuestra Escuela Oficial de Idiomas de Valdezarza.<\/p>\n\n\n\n<p>En la EOI de Valdezarza encontrar\u00e1s personal administrativo de\nThat\u2019s English que te asesorar\u00e1 en el proceso de inscripci\u00f3n y tambi\u00e9n durante\nel curso, siendo responsables de las pruebas de evaluaci\u00f3n y tutor\u00edas. <\/p>\n\n\n\n<p><strong>Con That\u2019s English puedes estudiar ingl\u00e9s a distancia hasta el nivel C1<\/strong><\/p>\n\n\n\n<p>En That\u2019s English! puedes conseguir la certificaci\u00f3n oficial de ingl\u00e9s A2, B1, B2 y C1 (MCERL) estudiando a distancia. <\/p>\n\n\n\n<p><strong>DESCUENTOS A LOS QUE PUEDE ACOGERSE:<\/strong><\/p>\n\n\n\n<figure class=\"wp-block-image size-full\"><img loading=\"lazy\" decoding=\"async\" width=\"398\" height=\"353\" src=\"https:\/\/site.educa.madrid.org\/eoi.valdezarza.madrid\/\/wp-content\/uploads\/eoi.valdezarza.madrid\/2025\/09\/Precios-Thats-1.png\" alt=\"\" class=\"wp-image-4419\" srcset=\"https:\/\/site.educa.madrid.org\/eoi.valdezarza.madrid\/\/wp-content\/uploads\/eoi.valdezarza.madrid\/2025\/09\/Precios-Thats-1.png 398w, https:\/\/site.educa.madrid.org\/eoi.valdezarza.madrid\/\/wp-content\/uploads\/eoi.valdezarza.madrid\/2025\/09\/Precios-Thats-1-300x266.png 300w\" sizes=\"auto, (max-width: 398px) 100vw, 398px\" \/><\/figure>\n\n\n\n<p><strong>Requisitos\npara matricularse en That\u2019s English:<\/strong><\/p>\n\n\n\n<ul class=\"wp-block-list\">\n<li>Tener m\u00e1s de 16 a\u00f1os o cumplirlos a finales del a\u00f1o en curso si se ha estudiado ingl\u00e9s como 1\u00aa lengua extranjera en la E.S.O.&nbsp;<\/li>\n\n\n\n<li>Tener 14 \u00f3 15 a\u00f1os y no estar estudiando ingl\u00e9s como primera lengua extranjera en la ESO.<\/li>\n\n\n\n<li>Para aquellas personas que ya poseen alg\u00fan tipo de certificado, esta es la tabla de t\u00edtulos que acreditan un nivel, pudiendo de este modo acceder a un nivel superior a A1 sin tener que hacer prueba de nivel. <a rel=\"noreferrer noopener\" href=\"https:\/\/site.educa.madrid.org\/eoi.valdezarza.madrid\/\/wp-content\/uploads\/eoi.valdezarza.madrid\/2022\/09\/titulos-corregido..pdf\" data-type=\"URL\" data-id=\"https:\/\/site.educa.madrid.org\/eoi.valdezarza.madrid\/\/wp-content\/uploads\/eoi.valdezarza.madrid\/2022\/09\/titulos-corregido..pdf\" target=\"_blank\">(PULSA AQU\u00cd)<\/a><\/li>\n<\/ul>\n\n\n\n<p>Para todos aquellos alumnos que desean realizar la prueva VIA:<\/p>\n\n\n\n<p>En primer lugar, se hace la parte escrita desde la p\u00e1gina web oficial de That\u2019s English! d\u00f3nde una vez finalizada se os enviar\u00e1 el resultado por correo.<\/p>\n\n\n\n<p>Una vez hecha la parte escrita, os podr\u00e9is presentar a la parte oral en las fechas publicadas, <strong><u>teniendo que traer el resultado impreso de la prueba de nivel.<\/u><\/strong><\/p>\n\n\n\n<p>El nivel asignado en la prueba escrita se contrastar\u00e1 con una prueba oral presencial de obligatoria realizaci\u00f3n. El alumno deber\u00e1 matricularse en el nivel asignado correspondientemente despu\u00e9s de realizar la prueba VIA.<\/p>\n<\/div>\n\n\n\n<div class=\"wp-block-column is-layout-flow wp-block-column-is-layout-flow\">\n<p><strong>Materiales\nde Estudio<\/strong><\/p>\n\n\n\n<p>Adem\u00e1s de los Packs con material did\u00e1ctico que se entrega al inicio del curso, contar\u00e1s con otras herramientas de apoyo:<\/p>\n\n\n\n<ul class=\"wp-block-list\">\n<li><strong>Plataforma Online: <\/strong><\/li>\n<\/ul>\n\n\n\n<p>En That\u2019s English se trabaja en un entorno online a\ntrav\u00e9s de una plataforma exclusiva en la que el alumno encontrar\u00e1 una gran\ncantidad de recursos y materiales para aprender ingl\u00e9s a su ritmo.<\/p>\n\n\n\n<figure class=\"wp-block-image size-full\"><img loading=\"lazy\" decoding=\"async\" width=\"591\" height=\"443\" src=\"https:\/\/site.educa.madrid.org\/eoi.valdezarza.madrid\/\/wp-content\/uploads\/eoi.valdezarza.madrid\/2022\/10\/CUERPO-2.jpg\" alt=\"\" class=\"wp-image-1969\" srcset=\"https:\/\/site.educa.madrid.org\/eoi.valdezarza.madrid\/\/wp-content\/uploads\/eoi.valdezarza.madrid\/2022\/10\/CUERPO-2.jpg 591w, https:\/\/site.educa.madrid.org\/eoi.valdezarza.madrid\/\/wp-content\/uploads\/eoi.valdezarza.madrid\/2022\/10\/CUERPO-2-300x225.jpg 300w\" sizes=\"auto, (max-width: 591px) 100vw, 591px\" \/><\/figure>\n\n\n\n<ul class=\"wp-block-list\">\n<li><strong>Tutor\u00edas: <\/strong><\/li>\n<\/ul>\n\n\n\n<p>Contar\u00e1s con sesiones semanales para poder\nrealizar pr\u00e1cticas orientadas especialmente a desarrollar tu expresi\u00f3n e\ninteracci\u00f3n oral. Igualmente estas tutor\u00edas est\u00e1n orientadas a ayudarte a hacer\nun seguimiento de tu aprendizaje de la mano del tutor asignado.<\/p>\n\n\n\n<p>Las tutor\u00edas no son obligatorias para superar el curso pero si muy recomendables por su gran utilidad para alcanzar los objetivos del curso.<\/p>\n\n\n\n<ul class=\"wp-block-list\">\n<li><strong>Programas de televisi\u00f3n:<\/strong><\/li>\n<\/ul>\n\n\n\n<p> That\u2019s English se emite de lunes a viernes en La 2 pero puedes ver sus programas cuando quieras a trav\u00e9s de RTVE a la carta.  <a href=\"https:\/\/www.rtve.es\/play\/videos\/thats-english\/\" data-type=\"URL\" data-id=\"https:\/\/www.rtve.es\/play\/videos\/thats-english\/\" target=\"_blank\" rel=\"noreferrer noopener\">(PINCHE AQU\u00cd)<\/a><\/p>\n\n\n\n<p><\/p>\n\n\n\n<p><strong>M\u00e1s informaci\u00f3n:<\/strong><br>Web oficial de <a rel=\"noreferrer noopener\" aria-label=\"That's English (abre en una nueva pesta\u00f1a)\" href=\"https:\/\/www.thatsenglish.com\/\" target=\"_blank\">That&#8217;s English<\/a><\/p>\n\n\n\n<figure class=\"wp-block-image size-full\"><img loading=\"lazy\" decoding=\"async\" width=\"591\" height=\"443\" src=\"https:\/\/site.educa.madrid.org\/eoi.valdezarza.madrid\/\/wp-content\/uploads\/eoi.valdezarza.madrid\/2022\/10\/CUERPO-1.jpg\" alt=\"\" class=\"wp-image-1968\" srcset=\"https:\/\/site.educa.madrid.org\/eoi.valdezarza.madrid\/\/wp-content\/uploads\/eoi.valdezarza.madrid\/2022\/10\/CUERPO-1.jpg 591w, https:\/\/site.educa.madrid.org\/eoi.valdezarza.madrid\/\/wp-content\/uploads\/eoi.valdezarza.madrid\/2022\/10\/CUERPO-1-300x225.jpg 300w\" sizes=\"auto, (max-width: 591px) 100vw, 591px\" \/><\/figure>\n<\/div>\n<\/div>\n\n\n\n<figure class=\"wp-block-gallery has-nested-images columns-default is-cropped wp-block-gallery-2 is-layout-flex wp-block-gallery-is-layout-flex\"><\/figure>\n","protected":false},"excerpt":{"rendered":"<p>Secretar\u00eda That&#8217;s English:&nbsp;91 386 41 10 Correo That&#8217;s English: eoi.valdezarza@thatsenglish.com HORARIO SECRETAR\u00cdA 2025 HORARIO TUTOR\u00cdAS 2025-26 INFORMACI\u00d3N SOBRE LAS PRUEBAS DE CERTIFICACI\u00d3N DE MAYO-JUNIO 2026 ESPACIO CALENDARIO DE EX\u00c1MENES 2025-2026:SE &#8230;<\/p>\n","protected":false},"author":2,"featured_media":0,"parent":0,"menu_order":0,"comment_status":"closed","ping_status":"closed","template":"template-fullwidth.php","meta":{"footnotes":""},"folder":[],"class_list":["post-182","page","type-page","status-publish","hentry"],"rttpg_featured_image_url":null,"rttpg_author":{"display_name":"tic.eoi.valdezarza.madrid","author_link":"https:\/\/site.educa.madrid.org\/eoi.valdezarza.madrid\/index.php\/author\/cuenta_tic-eoi-valdezarza-madrid\/"},"rttpg_comment":0,"rttpg_category":false,"rttpg_excerpt":"Secretar\u00eda That&#8217;s English:&nbsp;91 386 41 10 Correo That&#8217;s English: eoi.valdezarza@thatsenglish.com HORARIO SECRETAR\u00cdA 2025 HORARIO TUTOR\u00cdAS 2025-26 INFORMACI\u00d3N SOBRE LAS PRUEBAS DE CERTIFICACI\u00d3N DE MAYO-JUNIO 2026 ESPACIO CALENDARIO DE EX\u00c1MENES 2025-2026:SE ...","post_mailing_queue_ids":[],"_links":{"self":[{"href":"https:\/\/site.educa.madrid.org\/eoi.valdezarza.madrid\/index.php\/wp-json\/wp\/v2\/pages\/182","targetHints":{"allow":["GET"]}}],"collection":[{"href":"https:\/\/site.educa.madrid.org\/eoi.valdezarza.madrid\/index.php\/wp-json\/wp\/v2\/pages"}],"about":[{"href":"https:\/\/site.educa.madrid.org\/eoi.valdezarza.madrid\/index.php\/wp-json\/wp\/v2\/types\/page"}],"author":[{"embeddable":true,"href":"https:\/\/site.educa.madrid.org\/eoi.valdezarza.madrid\/index.php\/wp-json\/wp\/v2\/users\/2"}],"replies":[{"embeddable":true,"href":"https:\/\/site.educa.madrid.org\/eoi.valdezarza.madrid\/index.php\/wp-json\/wp\/v2\/comments?post=182"}],"version-history":[{"count":50,"href":"https:\/\/site.educa.madrid.org\/eoi.valdezarza.madrid\/index.php\/wp-json\/wp\/v2\/pages\/182\/revisions"}],"predecessor-version":[{"id":4921,"href":"https:\/\/site.educa.madrid.org\/eoi.valdezarza.madrid\/index.php\/wp-json\/wp\/v2\/pages\/182\/revisions\/4921"}],"wp:attachment":[{"href":"https:\/\/site.educa.madrid.org\/eoi.valdezarza.madrid\/index.php\/wp-json\/wp\/v2\/media?parent=182"}],"wp:term":[{"taxonomy":"folder","embeddable":true,"href":"https:\/\/site.educa.madrid.org\/eoi.valdezarza.madrid\/index.php\/wp-json\/wp\/v2\/folder?post=182"}],"curies":[{"name":"wp","href":"https:\/\/api.w.org\/{rel}","templated":true}]}}