{"id":3526,"date":"2024-11-06T20:30:38","date_gmt":"2024-11-06T19:30:38","guid":{"rendered":"https:\/\/site.educa.madrid.org\/eoi.valdezarza.madrid\/?page_id=3526"},"modified":"2026-05-04T18:13:17","modified_gmt":"2026-05-04T16:13:17","slug":"alumnos-de-nuevo-ingreso","status":"publish","type":"page","link":"https:\/\/site.educa.madrid.org\/eoi.valdezarza.madrid\/index.php\/alumnos-de-nuevo-ingreso\/","title":{"rendered":"Alumnos de nuevo ingreso"},"content":{"rendered":"\n<p class=\"has-vivid-red-color has-text-color\"><\/p>\n\n\n\n<p class=\"has-black-color has-vivid-green-cyan-background-color has-text-color has-background\"><strong>ALUMNOS DE NUEVO INGRESO.<\/strong>&nbsp;Son los solicitantes que no est\u00e1n matriculados en el curso actual, bien porque nunca hayan estado matriculados en ninguna EOI, bien porque hayan abandonado sus estudios en a\u00f1os anteriores y quieran retomarlos. <\/p>\n\n\n\n<p><strong><mark style=\"background-color:rgba(0, 0, 0, 0)\" class=\"has-inline-color has-vivid-red-color\">ADMISI\u00d3N CURSO 2026-27<\/mark><\/strong><\/p>\n\n\n\n<div class=\"wp-block-columns is-layout-flex wp-container-core-columns-is-layout-9d6595d7 wp-block-columns-is-layout-flex\">\n<div class=\"wp-block-column is-layout-flow wp-block-column-is-layout-flow\">\n<p><strong>Acceso a las ense\u00f1anzas<\/strong><\/p>\n\n\n\n<p>Puedes iniciar las ense\u00f1anzas de idiomas en el primer curso, nivel A1, o bien acceder a otros niveles superiores si ya tienes conocimientos del idioma o fuiste alumno en una EOI anteriormente.<\/p>\n\n\n\n<p>Para acceder a niveles superiores puedes solicitar una&nbsp;<strong>prueba de clasificaci\u00f3n<\/strong> (ver columna de la derecha)<strong>,&nbsp;<\/strong>aportar&nbsp;<strong>certificaci\u00f3n acad\u00e9mica de los cursos superados en EOI,&nbsp;<\/strong>o aportar una&nbsp;<strong>certificaci\u00f3n acad\u00e9mica de otra instituci\u00f3n<\/strong>. Las certificaciones de otras instituciones reconocidas las puedes consultar en el siguiente enlace:<\/p>\n\n\n\n<figure class=\"wp-block-image size-full is-resized\"><a href=\"https:\/\/site.educa.madrid.org\/eoi.valdezarza.madrid\/\/wp-content\/uploads\/eoi.valdezarza.madrid\/2025\/03\/2024-05-06_tabla_certificaciones_acceso_eoi_2024_.pdf\" target=\"_blank\" rel=\" noreferrer noopener\"><img loading=\"lazy\" decoding=\"async\" width=\"404\" height=\"171\" src=\"https:\/\/site.educa.madrid.org\/eoi.valdezarza.madrid\/\/wp-content\/uploads\/eoi.valdezarza.madrid\/2025\/03\/Boton-certificaciones-reconocidas-1.png\" alt=\"\" class=\"wp-image-3805\" style=\"width:230px;height:auto\" srcset=\"https:\/\/site.educa.madrid.org\/eoi.valdezarza.madrid\/\/wp-content\/uploads\/eoi.valdezarza.madrid\/2025\/03\/Boton-certificaciones-reconocidas-1.png 404w, https:\/\/site.educa.madrid.org\/eoi.valdezarza.madrid\/\/wp-content\/uploads\/eoi.valdezarza.madrid\/2025\/03\/Boton-certificaciones-reconocidas-1-300x127.png 300w\" sizes=\"auto, (max-width: 404px) 100vw, 404px\" \/><\/a><\/figure>\n\n\n\n<p><mark style=\"background-color:rgba(0, 0, 0, 0)\" class=\"has-inline-color has-luminous-vivid-orange-color\"><strong>Plazo de presentaci\u00f3n de solicitudes para la admisi\u00f3n a las ense\u00f1anzas:<\/strong>&nbsp;<\/mark>Del&nbsp;<strong>4 al 22 de junio 2026,<\/strong>&nbsp;ambas fechas inclusive.<\/p>\n\n\n\n<p>La solicitud de&nbsp;<strong>admisi\u00f3n&nbsp;<\/strong>a estas ense\u00f1anzas se realiza a trav\u00e9s de la Secretar\u00eda Virtual de&nbsp;<strong>RAICES<\/strong>, cumplimentando el correspondiente impreso de solicitud:&nbsp;<\/p>\n\n\n\n<figure class=\"wp-block-image size-full is-resized\"><a href=\"https:\/\/raices.madrid.org\/secretariavirtual\/\" target=\"_blank\" rel=\" noreferrer noopener\"><img loading=\"lazy\" decoding=\"async\" width=\"404\" height=\"172\" src=\"https:\/\/site.educa.madrid.org\/eoi.valdezarza.madrid\/\/wp-content\/uploads\/eoi.valdezarza.madrid\/2025\/03\/Boton-Secretaria-Virtual.png\" alt=\"\" class=\"wp-image-3728\" style=\"width:216px;height:auto\" srcset=\"https:\/\/site.educa.madrid.org\/eoi.valdezarza.madrid\/\/wp-content\/uploads\/eoi.valdezarza.madrid\/2025\/03\/Boton-Secretaria-Virtual.png 404w, https:\/\/site.educa.madrid.org\/eoi.valdezarza.madrid\/\/wp-content\/uploads\/eoi.valdezarza.madrid\/2025\/03\/Boton-Secretaria-Virtual-300x128.png 300w\" sizes=\"auto, (max-width: 404px) 100vw, 404px\" \/><\/a><\/figure>\n\n\n\n<p>Tambi\u00e9n puede hacerse en la secretar\u00eda presencial del centro aportando la siguiente solicitud:<\/p>\n\n\n\n<p><a href=\"https:\/\/site.educa.madrid.org\/eoi.valdezarza.madrid\/\/wp-content\/uploads\/eoi.valdezarza.madrid\/2026\/05\/Solicitud-admision-cursos-reglados-curso-2026-27.pdf\" target=\"_blank\" rel=\"noreferrer noopener\">SOLICITUD DE ADMISI\u00d3N EEOOII<\/a><\/p>\n\n\n\n<p>El pago de los precios p\u00fablicos correspondientes (ver secci\u00f3n <a href=\"https:\/\/site.educa.madrid.org\/eoi.valdezarza.madrid\/index.php\/matricula-y-admision\/informacion-sobre-pagos\/\" target=\"_blank\" rel=\"noreferrer noopener\">INFORMACI\u00d3N SOBRE PAGOS<\/a>) podr\u00e1 realizarse una vez se haya publicado la oferta educativa definitiva para el curso 2026-27.<\/p>\n\n\n\n<p>Otras fechas importantes:<\/p>\n\n\n\n<p><strong>Listado provisonal de inscritos: <\/strong>25 de junio 2026.<\/p>\n\n\n\n<p><strong>Reclamaciones al listado provisional: <\/strong>del 26 al 30 de junio 2026, ambas fechas incluidas.<\/p>\n\n\n\n<p><strong>Listado definitivo de admitidos: <\/strong>8 de julio 2026.<\/p>\n\n\n\n<p><strong>Plazo de matr\u00edcula: <\/strong>del 9 al 22 de julio 2026, ambas fechas incluidas, presencialmente en la EOI o a trav\u00e9s de la Secretar\u00eda Virtual de Ra\u00edces. En la siguiente gu\u00eda encontrar\u00e1 unas instrucciones sobre c\u00f3mo matricularse a trav\u00e9s de la Secretar\u00eda Virtual de Ra\u00edces:<\/p>\n\n\n\n<p>GU\u00cdA MATR\u00cdCULA EN SVR PARA ALUMNOS DE NUEVO INGRESO (PENDIENTE)<\/p>\n\n\n\n<p><strong>Publicaci\u00f3n de la oferta educativa de la EOI Valdezarza en la p\u00e1gina web:<\/strong> pendiente de confirmar.<\/p>\n<\/div>\n\n\n\n<div class=\"wp-block-column is-layout-flow wp-block-column-is-layout-flow\">\n<p><strong>Pruebas de clasificaci\u00f3n<\/strong> <strong>mayo-junio 2026<\/strong><\/p>\n\n\n\n<p><strong>Plazo de inscripci\u00f3n:<\/strong> del 5 de mayo al 9 de junio, ambas fechas incluidas.<\/p>\n\n\n\n<p>Recuerda que, <strong>antes que nada, debes cumplimentar la solicitud a trav\u00e9s de la Secretar\u00eda Virtual de Ra\u00edces para poder realizar la prueba.<\/strong> Para ello, pincha sobre el siguiente bot\u00f3n:<\/p>\n\n\n\n<figure class=\"wp-block-image size-full is-resized\"><a href=\"https:\/\/raices.madrid.org\/secretariavirtual\/\" target=\"_blank\" rel=\" noreferrer noopener\"><img loading=\"lazy\" decoding=\"async\" width=\"404\" height=\"172\" src=\"https:\/\/site.educa.madrid.org\/eoi.valdezarza.madrid\/\/wp-content\/uploads\/eoi.valdezarza.madrid\/2025\/03\/Boton-Secretaria-Virtual.png\" alt=\"\" class=\"wp-image-3728\" style=\"width:216px;height:auto\" srcset=\"https:\/\/site.educa.madrid.org\/eoi.valdezarza.madrid\/\/wp-content\/uploads\/eoi.valdezarza.madrid\/2025\/03\/Boton-Secretaria-Virtual.png 404w, https:\/\/site.educa.madrid.org\/eoi.valdezarza.madrid\/\/wp-content\/uploads\/eoi.valdezarza.madrid\/2025\/03\/Boton-Secretaria-Virtual-300x128.png 300w\" sizes=\"auto, (max-width: 404px) 100vw, 404px\" \/><\/a><\/figure>\n\n\n\n<p><a href=\"https:\/\/raices.madrid.org\/secretariavirtual\/\" target=\"_blank\" rel=\"noreferrer noopener\"><\/a>[Otra opci\u00f3n es cumplimentar el siguiente PDF: <a href=\"https:\/\/site.educa.madrid.org\/eoi.valdezarza.madrid\/\/wp-content\/uploads\/eoi.valdezarza.madrid\/2026\/05\/Solicitud-de-admision-en-Pruebas-de-clasificacion-curso-2026-27.pdf\" target=\"_blank\" rel=\"noreferrer noopener\">Solicitud inscripci\u00f3n pruebas clasificaci\u00f3n 2026-27<\/a>, y enviarlo, junto con el resguardo de las tasas, al correo de Secretar\u00eda: <a href=\"mailto:secretaria.eoi.valdezarza.madrid@educa.madrid.org\">secretaria.eoi.valdezarza.madrid@educa.madrid.org<\/a>]<\/p>\n\n\n\n<p>La realizaci\u00f3n de la prueba lleva asociado el pago de una tasa (consultar secci\u00f3n <a href=\"https:\/\/site.educa.madrid.org\/eoi.valdezarza.madrid\/index.php\/matricula-y-admision\/informacion-sobre-pagos\/\" target=\"_blank\" rel=\"noreferrer noopener\">INFORMACI\u00d3N SOBRE PAGOS<\/a>).<\/p>\n\n\n\n<p>La prueba de clasificaci\u00f3n consta de <strong>2 partes: una escrita y una oral. <mark style=\"background-color:rgba(0, 0, 0, 0)\" class=\"has-inline-color has-vivid-red-color\">Es necesario realizar ambas partes<\/mark> para poder ser clasificado en un nivel.<\/strong><\/p>\n\n\n\n<p><strong><mark style=\"background-color:rgba(0, 0, 0, 0)\" class=\"has-inline-color has-luminous-vivid-orange-color\">El plazo para realizar la prueba<\/mark> es del 7 de mayo al 12 de junio, <\/strong>ambas fechas incluidas. <\/p>\n\n\n\n<p>A continuaci\u00f3n se recogen las caracter\u00edsticas de las pruebas seg\u00fan el idioma.<\/p>\n\n\n\n<p>Se recomienda encarecidamente a los alumnos que hagan las secciones <em>online<\/em> (en su caso) cuanto antes y en las condiciones propias de un examen.<\/p>\n\n\n\n<figure class=\"wp-block-table\"><table class=\"has-fixed-layout\"><tbody><tr><td><strong>IDIOMA<\/strong><\/td><td><strong>PARTE ESCRITA<\/strong><\/td><td><strong>PARTE ORAL<\/strong><\/td><\/tr><tr><td><strong><mark style=\"background-color:rgba(0, 0, 0, 0)\" class=\"has-inline-color has-vivid-green-cyan-color\">ALEM\u00c1N<\/mark><\/strong><\/td><td><strong><em>Online:<\/em><\/strong> <br>-Comprensi\u00f3n de textos escritos <br>-Comprensi\u00f3n de textos orales <br>-Uso de la lengua <br>-Producci\u00f3n de textos escritos<\/td><td><strong>Presencial: <\/strong><strong><\/strong> viernes 12 de junio 16.00 h en aulas 19 y 23.<\/td><\/tr><tr><td><strong><mark style=\"background-color:rgba(0, 0, 0, 0)\" class=\"has-inline-color has-vivid-cyan-blue-color\">CHINO<\/mark><\/strong><\/td><td><strong>Presencial: <\/strong><strong><\/strong> viernes 12 de junio 16.30 h en el aula de conversaci\u00f3n.<\/td><td><strong>Presencial: <\/strong><strong><\/strong> viernes 12 de junio en el aula de conversaci\u00f3n, a continuaci\u00f3n de la parte escrita.<\/td><\/tr><tr><td><strong><mark style=\"background-color:rgba(0, 0, 0, 0)\" class=\"has-inline-color has-pale-pink-color\">COREANO<\/mark><\/strong><\/td><td><strong>Presencial: <\/strong><strong><\/strong> jueves 11 de junio a las 16.30h en el aula 9.<\/td><td><strong>Presencial: <\/strong><strong><\/strong> viernes 12 de junio a las 16.30h en el aula 9.<\/td><\/tr><tr><td><strong><mark style=\"background-color:rgba(0, 0, 0, 0)\" class=\"has-inline-color has-pale-cyan-blue-color\">FRANC\u00c9S<\/mark><\/strong><\/td><td>-Comprensi\u00f3n de textos escritos: <strong><em>online.<\/em><\/strong> <br>-Comprensi\u00f3n de textos orales: <strong><em>online.<\/em><\/strong> <br>-Uso de la lengua: <strong><em>online.<\/em><\/strong> <br>-Producci\u00f3n de textos escritos: <strong>presencial<\/strong> <strong>(s\u00f3lo es necesario acudir UNO de los dos d\u00edas):<\/strong> <br>-martes 9 de junio a las 16.30 h en las aulas 1, 2, 3 (planta s\u00f3tano) &nbsp; <br><br>-d\u00eda alternativo: <br>viernes 12 de junio a las 16.30 h en las aulas 1, 2, 3 (planta s\u00f3tano)<\/td><td><strong>Presencial (s\u00f3lo es necesario acudir UNO de los dos d\u00edas):<\/strong> <br>-martes 9 de junio a continuaci\u00f3n de la producci\u00f3n de textos escritos en aulas 1, 2 y 3 (planta s\u00f3tano). <br><br>-d\u00eda alternativo: <br>viernes 12 de junio a continuaci\u00f3n de la producci\u00f3n de textos escritos en las aulas 1, 2, 3 (planta s\u00f3tano)<\/td><\/tr><tr><td><strong><mark style=\"background-color:rgba(0, 0, 0, 0)\" class=\"has-inline-color has-vivid-red-color\">INGL\u00c9S<\/mark><\/strong><\/td><td><strong><em>Online:<\/em><\/strong> <br>-Comprensi\u00f3n de textos escritos <br>-Comprensi\u00f3n de textos orales <br>-Uso de la lengua<\/td><td><strong>Presencial:<\/strong> <br>-lunes 8 de junio 16.00 h.<br><br>-d\u00eda alternativo: viernes 12 de junio 16.00 h. <br><br>(S\u00f3lo es necesario acudir UNO de los dos d\u00edas. Ser\u00e1 conducido a un aula de examen por un profesor o un auxiliar de control a su llegada).<\/td><\/tr><tr><td><strong><mark style=\"background-color:rgba(0, 0, 0, 0)\" class=\"has-inline-color has-luminous-vivid-orange-color\">ITALIANO<\/mark><\/strong><\/td><td><strong><em>Online:<\/em><\/strong> <br>-Comprensi\u00f3n de textos escritos <br>-Comprensi\u00f3n de textos orales <br>-Uso de la lengua<\/td><td><strong>Presencial:<\/strong><strong><\/strong> jueves 11 de junio a las 16.30 h en las aulas 14 y 18.<\/td><\/tr><\/tbody><\/table><\/figure>\n\n\n\n<p>Para realizar las partes <em>online<\/em>, acceda a trav\u00e9s de <a href=\"https:\/\/clasificacionidiomas.educa.madrid.org\" target=\"_blank\" rel=\"noreferrer noopener\">ESTA APLICACI\u00d3N<\/a> con las credenciales de Ra\u00edces. S\u00f3lo tendr\u00e1n acceso aquellos que se hayan inscrito presentando la solicitud en plazo.<\/p>\n\n\n\n<p><a href=\"https:\/\/site.educa.madrid.org\/eoi.valdezarza.madrid\/\/wp-content\/uploads\/eoi.valdezarza.madrid\/2026\/05\/GUIA-ALUMNO-PRUEBAS-DE-CLASIFICACION-EN-LINEA.pdf\" target=\"_blank\" rel=\"noreferrer noopener\">PULSE AQU\u00cd<\/a> para acceder a una gu\u00eda sobre c\u00f3mo hacer la parte escrita <em>online<\/em>.<\/p>\n\n\n\n<p><a href=\"https:\/\/site.educa.madrid.org\/eoi.valdezarza.madrid\/\/wp-content\/uploads\/eoi.valdezarza.madrid\/2026\/05\/Caracteristicas-prueba-online-junio-2026.pdf\" target=\"_blank\" rel=\"noreferrer noopener\">PULSE AQU\u00cd<\/a> para acceder a una gu\u00eda sobre c\u00f3mo ser\u00e1 la parte escrita <em>online<\/em>.<\/p>\n\n\n\n<p>Los resultados de las pruebas de clasificaci\u00f3n podr\u00e1n verse en la secretar\u00eda virtual de Ra\u00edces y se publicar\u00e1n a lo largo de la semana del 15 al 19 de junio de 2026.<\/p>\n<\/div>\n<\/div>\n\n\n\n<p><strong>Normativa:<\/strong> <\/p>\n\n\n\n<p><a href=\"https:\/\/site.educa.madrid.org\/eoi.valdezarza.madrid\/\/wp-content\/uploads\/eoi.valdezarza.madrid\/2026\/04\/Admision-y-matricula-plazos-curso-26-27.pdf\" target=\"_blank\" rel=\"noreferrer noopener\">RESOLUCI\u00d3N de 19 de marzo de 2026, de la Direcci\u00f3n General de Educaci\u00f3n Secundaria, Formaci\u00f3n Profesional y R\u00e9gimen Especial por la que se determinan los plazos de acceso, admisi\u00f3n y matr\u00edcula de alumnos de nuevo ingreso para el curso 2026-2027 en las Escuelas Oficiales de Idiomas de la Comunidad de Madrid.<\/a><\/p>\n\n\n\n<p><a href=\"https:\/\/www.comunidad.madrid\/docs\/2026-05\/2026-04-8-instrucciones-admin-matric-eoi-2026-2027_vf.pdf?VersionId=PshfM.It2n86iOX7RO9k.Rt2NYiJCJS9\" target=\"_blank\" rel=\"noreferrer noopener\">Resoluci\u00f3n de la Direcci\u00f3n General de Educaci\u00f3n Secundaria, Formaci\u00f3n Profesional y R\u00e9gimen Especial por la que se dictan las instrucciones sobre el acceso, la admisi\u00f3n y matr\u00edcula de alumnos de nuevo ingreso en las escuelas oficiales de idiomas de la Comunidad de Madrid para el curso acad\u00e9mico 2026-2027.<\/a><\/p>\n\n\n\n<p><\/p>\n\n\n\n<p><\/p>\n","protected":false},"excerpt":{"rendered":"<p>ALUMNOS DE NUEVO INGRESO.&nbsp;Son los solicitantes que no est\u00e1n matriculados en el curso actual, bien porque nunca hayan estado matriculados en ninguna EOI, bien porque hayan abandonado sus estudios en &#8230;<\/p>\n","protected":false},"author":3,"featured_media":0,"parent":0,"menu_order":0,"comment_status":"closed","ping_status":"closed","template":"template-fullwidth.php","meta":{"footnotes":""},"folder":[],"class_list":["post-3526","page","type-page","status-publish","hentry"],"rttpg_featured_image_url":null,"rttpg_author":{"display_name":"eoi.valdezarza.madrid","author_link":"https:\/\/site.educa.madrid.org\/eoi.valdezarza.madrid\/index.php\/author\/cuenta_eoi-valdezarza-madrid\/"},"rttpg_comment":0,"rttpg_category":false,"rttpg_excerpt":"ALUMNOS DE NUEVO INGRESO.&nbsp;Son los solicitantes que no est\u00e1n matriculados en el curso actual, bien porque nunca hayan estado matriculados en ninguna EOI, bien porque hayan abandonado sus estudios en ...","post_mailing_queue_ids":[],"_links":{"self":[{"href":"https:\/\/site.educa.madrid.org\/eoi.valdezarza.madrid\/index.php\/wp-json\/wp\/v2\/pages\/3526","targetHints":{"allow":["GET"]}}],"collection":[{"href":"https:\/\/site.educa.madrid.org\/eoi.valdezarza.madrid\/index.php\/wp-json\/wp\/v2\/pages"}],"about":[{"href":"https:\/\/site.educa.madrid.org\/eoi.valdezarza.madrid\/index.php\/wp-json\/wp\/v2\/types\/page"}],"author":[{"embeddable":true,"href":"https:\/\/site.educa.madrid.org\/eoi.valdezarza.madrid\/index.php\/wp-json\/wp\/v2\/users\/3"}],"replies":[{"embeddable":true,"href":"https:\/\/site.educa.madrid.org\/eoi.valdezarza.madrid\/index.php\/wp-json\/wp\/v2\/comments?post=3526"}],"version-history":[{"count":50,"href":"https:\/\/site.educa.madrid.org\/eoi.valdezarza.madrid\/index.php\/wp-json\/wp\/v2\/pages\/3526\/revisions"}],"predecessor-version":[{"id":4918,"href":"https:\/\/site.educa.madrid.org\/eoi.valdezarza.madrid\/index.php\/wp-json\/wp\/v2\/pages\/3526\/revisions\/4918"}],"wp:attachment":[{"href":"https:\/\/site.educa.madrid.org\/eoi.valdezarza.madrid\/index.php\/wp-json\/wp\/v2\/media?parent=3526"}],"wp:term":[{"taxonomy":"folder","embeddable":true,"href":"https:\/\/site.educa.madrid.org\/eoi.valdezarza.madrid\/index.php\/wp-json\/wp\/v2\/folder?post=3526"}],"curies":[{"name":"wp","href":"https:\/\/api.w.org\/{rel}","templated":true}]}}