{"id":3530,"date":"2024-11-06T20:33:59","date_gmt":"2024-11-06T19:33:59","guid":{"rendered":"https:\/\/site.educa.madrid.org\/eoi.valdezarza.madrid\/?page_id=3530"},"modified":"2026-01-08T17:21:39","modified_gmt":"2026-01-08T16:21:39","slug":"antiguos-alumnos","status":"publish","type":"page","link":"https:\/\/site.educa.madrid.org\/eoi.valdezarza.madrid\/index.php\/antiguos-alumnos\/","title":{"rendered":"Antiguos alumnos"},"content":{"rendered":"\n<p class=\"has-white-color has-text-color\">EF<\/p>\n\n\n\n<p class=\"has-black-color has-vivid-green-cyan-background-color has-text-color has-background\"><strong>ANTIGUOS ALUMNOS. <\/strong>Son los alumnos ya matriculados en el curso actual. Su matr\u00edcula para&nbsp;el curso 2024-25&nbsp;se realiza durante el mes de junio. Estos alumnos tienen la plaza asegurada para el curso siguiente pero no necesariamente en el mismo horario que en el actual.<\/p>\n\n\n\n<p class=\"has-white-color has-text-color\">ABCDEF<\/p>\n\n\n\n<p><mark style=\"background-color:rgba(0, 0, 0, 0)\" class=\"has-inline-color has-vivid-cyan-blue-color\"><strong>Admisi\u00f3n<\/strong> <strong>para el curso 2025-26<\/strong><\/mark><\/p>\n\n\n\n<p><mark style=\"background-color: rgba(0, 0, 0, 0);\" class=\"has-inline-color has-black-color\"><b>CURSOS REGLADOS<\/b><\/mark> <strong><mark style=\"background-color:rgba(0, 0, 0, 0)\" class=\"has-inline-color has-black-color\">2025-26<\/mark><\/strong><\/p>\n\n\n\n<p><strong>CALENDARIO DE MATR\u00cdCULA<\/strong> <strong>ALUMNOS OFICIALES DE TODOS LOS IDIOMAS Y NIVELES PARA EL CURSO 2025-26<\/strong><\/p>\n\n\n\n<p>Alumnos aprobados en la convocatoria ordinaria (promoci\u00f3n): <strong>del 2 al 26 de junio.<\/strong> <strong><mark style=\"background-color:rgba(0, 0, 0, 0)\" class=\"has-inline-color has-vivid-red-color\">ATENCI\u00d3N: ya est\u00e1 abierto el plazo para la reserva de plaza para el curso 2025-26. <\/mark><\/strong><\/p>\n\n\n\n<p>Alumnos aprobados en la convocatoria extraordinaria (promoci\u00f3n): <strong>del 12 al 26 de junio.<\/strong><\/p>\n\n\n\n<p>Alumnos repetidores niveles A1, A2.1, B2.1, C2.1: <strong>del 12 al 26 de junio.<\/strong><\/p>\n\n\n\n<p>Alumnos aprobados por prueba de certificaci\u00f3n: <strong>del 23 al 26 de junio.<\/strong><\/p>\n\n\n\n<p>Alumnos repetidores niveles A2, B1, B2.2, C1, C2.2: <strong>del 23 al 26 de junio.<\/strong><\/p>\n\n\n\n<p>Matr\u00edcula en curso ya superado: <strong>a partir del 27 de junio.<\/strong> La formalizaci\u00f3n de la matr\u00edcula estar\u00e1 supeditada a la existencia de vacantes una vez finalizada la adjudicaci\u00f3n de plazas para alumnos con matr\u00edcula oficial en el nivel o curso correspondiente.<\/p>\n\n\n\n<p><strong>Pago de tasas (formalizaci\u00f3n de matr\u00edcula):<\/strong> <strong>antes del 11 de julio 2025.<\/strong><\/p>\n\n\n\n<div style=\"height:24px\" aria-hidden=\"true\" class=\"wp-block-spacer\"><\/div>\n\n\n\n<p><strong>INSTRUCCIONES PARA INSCRIPCI\u00d3N Y MATR\u00cdCULA<\/strong><\/p>\n\n\n\n<p>Pinche sobre el siguiente enlace para acceder a la: <a href=\"https:\/\/site.educa.madrid.org\/eoi.valdezarza.madrid\/\/wp-content\/uploads\/eoi.valdezarza.madrid\/2025\/05\/Guia-ALUMNOS-OFICIALES-RESERVA-DE-PLAZA-y-ENTREGA-DOCUMENTACION-24-04-2025-.pdf\" target=\"_blank\" rel=\"noreferrer noopener\">GU\u00cdA PARA ALUMNOS OFICIALES: RESERVA DE PLAZA Y ENTREGA DE DOCUMENTOS<\/a>.<\/p>\n\n\n\n<p>Esta gu\u00eda es para los ALUMNOS OFICIALES que se van a matricular en el mismo centro para seguir sus estudios.<\/p>\n\n\n\n<p>En esta gu\u00eda se describen los pasos a seguir para reservar&nbsp;grupo\/horario y aportar la documentaci\u00f3n solicitada por el centro con el fin de formalizar su matr\u00edcula.<\/p>\n\n\n\n<p>LEA ATENTAMENTE LA GU\u00cdA.<\/p>\n\n\n\n<div style=\"height:26px\" aria-hidden=\"true\" class=\"wp-block-spacer\"><\/div>\n\n\n\n<p>Publicaci\u00f3n de la oferta educativa provisional: <strong>27 de mayo 2025.<\/strong> <a href=\"https:\/\/site.educa.madrid.org\/eoi.valdezarza.madrid\/index.php\/oferta-educativa-grupos-y-horarios\/\" target=\"_blank\" rel=\"noreferrer noopener\">PINCHA AQU\u00cd<\/a>. <\/p>\n\n\n\n<p>Publicaci\u00f3n de la oferta educativa definitiva:<strong> 7 de julio de 2025.<\/strong> <a href=\"https:\/\/site.educa.madrid.org\/eoi.valdezarza.madrid\/index.php\/oferta-educativa-grupos-y-horarios\/\" target=\"_blank\" rel=\"noreferrer noopener\">PINCHA AQU\u00cd. <\/a><\/p>\n\n\n\n<div style=\"height:63px\" aria-hidden=\"true\" class=\"wp-block-spacer\"><\/div>\n","protected":false},"excerpt":{"rendered":"<p>EF ANTIGUOS ALUMNOS. Son los alumnos ya matriculados en el curso actual. Su matr\u00edcula para&nbsp;el curso 2024-25&nbsp;se realiza durante el mes de junio. Estos alumnos tienen la plaza asegurada para &#8230;<\/p>\n","protected":false},"author":3,"featured_media":0,"parent":0,"menu_order":0,"comment_status":"closed","ping_status":"closed","template":"","meta":{"footnotes":""},"folder":[],"class_list":["post-3530","page","type-page","status-publish","hentry"],"rttpg_featured_image_url":null,"rttpg_author":{"display_name":"eoi.valdezarza.madrid","author_link":"https:\/\/site.educa.madrid.org\/eoi.valdezarza.madrid\/index.php\/author\/cuenta_eoi-valdezarza-madrid\/"},"rttpg_comment":0,"rttpg_category":false,"rttpg_excerpt":"EF ANTIGUOS ALUMNOS. Son los alumnos ya matriculados en el curso actual. Su matr\u00edcula para&nbsp;el curso 2024-25&nbsp;se realiza durante el mes de junio. Estos alumnos tienen la plaza asegurada para ...","post_mailing_queue_ids":[],"_links":{"self":[{"href":"https:\/\/site.educa.madrid.org\/eoi.valdezarza.madrid\/index.php\/wp-json\/wp\/v2\/pages\/3530","targetHints":{"allow":["GET"]}}],"collection":[{"href":"https:\/\/site.educa.madrid.org\/eoi.valdezarza.madrid\/index.php\/wp-json\/wp\/v2\/pages"}],"about":[{"href":"https:\/\/site.educa.madrid.org\/eoi.valdezarza.madrid\/index.php\/wp-json\/wp\/v2\/types\/page"}],"author":[{"embeddable":true,"href":"https:\/\/site.educa.madrid.org\/eoi.valdezarza.madrid\/index.php\/wp-json\/wp\/v2\/users\/3"}],"replies":[{"embeddable":true,"href":"https:\/\/site.educa.madrid.org\/eoi.valdezarza.madrid\/index.php\/wp-json\/wp\/v2\/comments?post=3530"}],"version-history":[{"count":23,"href":"https:\/\/site.educa.madrid.org\/eoi.valdezarza.madrid\/index.php\/wp-json\/wp\/v2\/pages\/3530\/revisions"}],"predecessor-version":[{"id":4638,"href":"https:\/\/site.educa.madrid.org\/eoi.valdezarza.madrid\/index.php\/wp-json\/wp\/v2\/pages\/3530\/revisions\/4638"}],"wp:attachment":[{"href":"https:\/\/site.educa.madrid.org\/eoi.valdezarza.madrid\/index.php\/wp-json\/wp\/v2\/media?parent=3530"}],"wp:term":[{"taxonomy":"folder","embeddable":true,"href":"https:\/\/site.educa.madrid.org\/eoi.valdezarza.madrid\/index.php\/wp-json\/wp\/v2\/folder?post=3530"}],"curies":[{"name":"wp","href":"https:\/\/api.w.org\/{rel}","templated":true}]}}