{"id":3541,"date":"2024-11-06T20:43:40","date_gmt":"2024-11-06T19:43:40","guid":{"rendered":"https:\/\/site.educa.madrid.org\/eoi.valdezarza.madrid\/?page_id=3541"},"modified":"2026-03-10T17:57:33","modified_gmt":"2026-03-10T16:57:33","slug":"buenas-practicas","status":"publish","type":"page","link":"https:\/\/site.educa.madrid.org\/eoi.valdezarza.madrid\/index.php\/buenas-practicas\/","title":{"rendered":"Buenas pr\u00e1cticas"},"content":{"rendered":"\n<p><strong>METODOLOG\u00cdAS DIN\u00c1MICAS CURSO 2025-26<\/strong><\/p>\n\n\n\n<p>Parte del Claustro ha llevado a cabo un seminario de formaci\u00f3n que ha profundizado y trabajado en distintas metodolog\u00edas din\u00e1micas. Como resultado de estas sesiones, se proporciona el siguiente producto final, que a\u00fana muchos de los contenidos y actividades que se han presentado.<\/p>\n\n\n\n<div style=\"width: 100%;\"><div style=\"position: relative; padding-bottom: 56.25%; padding-top: 0; height: 0;\"><iframe loading=\"lazy\" title=\"Metodolog\u00edas din\u00e1micas\" frameborder=\"0\" width=\"1200\" height=\"675\" style=\"position: absolute; top: 0; left: 0; width: 100%; height: 100%;\" src=\"https:\/\/view.genially.com\/6992070074175616ad6b686f\" type=\"text\/html\" allowscriptaccess=\"always\" allowfullscreen=\"true\" scrolling=\"yes\" allownetworking=\"all\"><\/iframe> <\/div> <\/div>\n\n\n\n<div style=\"height:78px\" aria-hidden=\"true\" class=\"wp-block-spacer\"><\/div>\n\n\n\n<p><strong>FORMACI\u00d3N Y<\/strong> <strong>BUENAS PR\u00c1CTICAS<\/strong> <strong>EN EL \u00c1MBITO DIGITAL<\/strong><\/p>\n\n\n\n<p>Nuestro profesorado de ingl\u00e9s se ha acreditado en competencias digitales docentes y contin\u00faa form\u00e1ndose todos los cursos para responder a la demanda actual de la poblaci\u00f3n en materia de ense\u00f1anzas de idiomas de calidad con el uso de las \u00faltimas tecnolog\u00edas.<\/p>\n\n\n\n<p>Como parte de esta pr\u00e1ctica los profesores crean y comparten contenidos entre s\u00ed utilizando el repositorio del Aula Virtual de la EOI. \u00bfQu\u00e9 tipo de documentos hacemos y compartimos? Por ejemplo, este breve v\u00eddeo explicativo sobre la metodolog\u00eda \u00abFlipped classroom\u00bb, id\u00f3nea para nuestras ense\u00f1anzas de grupos semipresenciales. Conviene que la conozcas de antemano si est\u00e1s pensando en matricularte en uno de estos grupos:<\/p>\n\n\n\n<figure class=\"wp-block-embed is-type-video is-provider-youtube wp-block-embed-youtube wp-embed-aspect-16-9 wp-has-aspect-ratio\"><div class=\"wp-block-embed__wrapper\">\n<iframe loading=\"lazy\" title=\"Flipped classroom en minuto y medio\" width=\"800\" height=\"450\" src=\"https:\/\/www.youtube.com\/embed\/_vP3WUIQK9I?feature=oembed\" frameborder=\"0\" allow=\"accelerometer; autoplay; clipboard-write; encrypted-media; gyroscope; picture-in-picture; web-share\" referrerpolicy=\"strict-origin-when-cross-origin\" allowfullscreen><\/iframe>\n<\/div><\/figure>\n\n\n\n<p>Si quieres hacerte una idea de c\u00f3mo aplicamos esta metodolog\u00eda a uno de los contenidos de ingl\u00e9s, este otro documento explica una secuencia did\u00e1ctica dirigida a alumnos de ingl\u00e9s de nivel intermedio alto:<\/p>\n\n\n\n<div data-wp-interactive=\"core\/file\" class=\"wp-block-file\"><object data-wp-bind--hidden=\"!state.hasPdfPreview\" hidden class=\"wp-block-file__embed\" data=\"https:\/\/site.educa.madrid.org\/eoi.valdezarza.madrid\/\/wp-content\/uploads\/eoi.valdezarza.madrid\/2024\/06\/THE-ART-OF-COMPLAINING-Flipped-classroom.pdf\" type=\"application\/pdf\" style=\"width:100%;height:600px\" aria-label=\"Incrustado de THE ART OF COMPLAINING (Flipped classroom).\"><\/object><a id=\"wp-block-file--media-f17e2bb2-2dab-4773-b233-8f004f516029\" href=\"https:\/\/site.educa.madrid.org\/eoi.valdezarza.madrid\/\/wp-content\/uploads\/eoi.valdezarza.madrid\/2024\/06\/THE-ART-OF-COMPLAINING-Flipped-classroom.pdf\">THE ART OF COMPLAINING (Flipped classroom)<\/a><a href=\"https:\/\/site.educa.madrid.org\/eoi.valdezarza.madrid\/\/wp-content\/uploads\/eoi.valdezarza.madrid\/2024\/06\/THE-ART-OF-COMPLAINING-Flipped-classroom.pdf\" class=\"wp-block-file__button wp-element-button\" download aria-describedby=\"wp-block-file--media-f17e2bb2-2dab-4773-b233-8f004f516029\">Descarga<\/a><\/div>\n","protected":false},"excerpt":{"rendered":"<p>METODOLOG\u00cdAS DIN\u00c1MICAS CURSO 2025-26 Parte del Claustro ha llevado a cabo un seminario de formaci\u00f3n que ha profundizado y trabajado en distintas metodolog\u00edas din\u00e1micas. Como resultado de estas sesiones, se &#8230;<\/p>\n","protected":false},"author":3,"featured_media":0,"parent":0,"menu_order":0,"comment_status":"closed","ping_status":"closed","template":"","meta":{"footnotes":""},"folder":[],"class_list":["post-3541","page","type-page","status-publish","hentry"],"rttpg_featured_image_url":null,"rttpg_author":{"display_name":"eoi.valdezarza.madrid","author_link":"https:\/\/site.educa.madrid.org\/eoi.valdezarza.madrid\/index.php\/author\/cuenta_eoi-valdezarza-madrid\/"},"rttpg_comment":0,"rttpg_category":false,"rttpg_excerpt":"METODOLOG\u00cdAS DIN\u00c1MICAS CURSO 2025-26 Parte del Claustro ha llevado a cabo un seminario de formaci\u00f3n que ha profundizado y trabajado en distintas metodolog\u00edas din\u00e1micas. Como resultado de estas sesiones, se ...","post_mailing_queue_ids":[],"_links":{"self":[{"href":"https:\/\/site.educa.madrid.org\/eoi.valdezarza.madrid\/index.php\/wp-json\/wp\/v2\/pages\/3541","targetHints":{"allow":["GET"]}}],"collection":[{"href":"https:\/\/site.educa.madrid.org\/eoi.valdezarza.madrid\/index.php\/wp-json\/wp\/v2\/pages"}],"about":[{"href":"https:\/\/site.educa.madrid.org\/eoi.valdezarza.madrid\/index.php\/wp-json\/wp\/v2\/types\/page"}],"author":[{"embeddable":true,"href":"https:\/\/site.educa.madrid.org\/eoi.valdezarza.madrid\/index.php\/wp-json\/wp\/v2\/users\/3"}],"replies":[{"embeddable":true,"href":"https:\/\/site.educa.madrid.org\/eoi.valdezarza.madrid\/index.php\/wp-json\/wp\/v2\/comments?post=3541"}],"version-history":[{"count":7,"href":"https:\/\/site.educa.madrid.org\/eoi.valdezarza.madrid\/index.php\/wp-json\/wp\/v2\/pages\/3541\/revisions"}],"predecessor-version":[{"id":4790,"href":"https:\/\/site.educa.madrid.org\/eoi.valdezarza.madrid\/index.php\/wp-json\/wp\/v2\/pages\/3541\/revisions\/4790"}],"wp:attachment":[{"href":"https:\/\/site.educa.madrid.org\/eoi.valdezarza.madrid\/index.php\/wp-json\/wp\/v2\/media?parent=3541"}],"wp:term":[{"taxonomy":"folder","embeddable":true,"href":"https:\/\/site.educa.madrid.org\/eoi.valdezarza.madrid\/index.php\/wp-json\/wp\/v2\/folder?post=3541"}],"curies":[{"name":"wp","href":"https:\/\/api.w.org\/{rel}","templated":true}]}}