{"id":3747,"date":"2025-03-19T20:20:15","date_gmt":"2025-03-19T19:20:15","guid":{"rendered":"https:\/\/site.educa.madrid.org\/eoi.valdezarza.madrid\/?page_id=3747"},"modified":"2026-04-17T12:59:26","modified_gmt":"2026-04-17T10:59:26","slug":"informacion-sobre-pagos","status":"publish","type":"page","link":"https:\/\/site.educa.madrid.org\/eoi.valdezarza.madrid\/index.php\/matricula-y-admision\/informacion-sobre-pagos\/","title":{"rendered":"Informaci\u00f3n sobre pagos"},"content":{"rendered":"\n<div class=\"wp-block-columns is-layout-flex wp-container-core-columns-is-layout-9d6595d7 wp-block-columns-is-layout-flex\">\n<div class=\"wp-block-column is-vertically-aligned-center is-layout-flow wp-block-column-is-layout-flow\" style=\"flex-basis:66.66%\">\n<h1 class=\"wp-block-heading alignwide has-text-align-left\">Informaci\u00f3n sobre pagos<\/h1>\n<\/div>\n\n\n\n<div class=\"wp-block-column is-layout-flow wp-block-column-is-layout-flow\" style=\"flex-basis:33.33%\"><div class=\"wp-block-image\">\n<figure class=\"alignleft size-full\"><a href=\"https:\/\/gestiona7.madrid.org\/rtas_webapp_pagotasas\/#!\/main\" target=\"_blank\" rel=\" noreferrer noopener\"><img loading=\"lazy\" decoding=\"async\" width=\"405\" height=\"178\" src=\"https:\/\/site.educa.madrid.org\/eoi.valdezarza.madrid\/\/wp-content\/uploads\/eoi.valdezarza.madrid\/2025\/03\/Boton-app-pagos-y-tasas-CM-3.png\" alt=\"\" class=\"wp-image-3770\" srcset=\"https:\/\/site.educa.madrid.org\/eoi.valdezarza.madrid\/\/wp-content\/uploads\/eoi.valdezarza.madrid\/2025\/03\/Boton-app-pagos-y-tasas-CM-3.png 405w, https:\/\/site.educa.madrid.org\/eoi.valdezarza.madrid\/\/wp-content\/uploads\/eoi.valdezarza.madrid\/2025\/03\/Boton-app-pagos-y-tasas-CM-3-300x132.png 300w\" sizes=\"auto, (max-width: 405px) 100vw, 405px\" \/><\/a><\/figure>\n<\/div><\/div>\n<\/div>\n\n\n\n<h2 class=\"wp-block-heading\">CURSOS DE IDIOMAS<\/h2>\n\n\n\n<p><mark style=\"background-color:rgba(0, 0, 0, 0)\" class=\"has-inline-color has-black-color\">Se realizar\u00e1n <strong>dos pagos<\/strong>&nbsp;por separado a trav\u00e9s de la <a href=\"https:\/\/gestiona7.madrid.org\/rtas_webapp_pagotasas\/#!\/main\">plataforma de pagos de la Comunidad de Madrid<\/a>. Para hacerlo, sigue estos pasos:<\/mark><\/p>\n\n\n\n<p><mark style=\"background-color:rgba(0, 0, 0, 0)\" class=\"has-inline-color has-black-color\">1. Inserta los siguientes c\u00f3digos QR en la plataforma:<\/mark><\/p>\n\n\n\n<figure class=\"wp-block-image size-large is-resized\"><img loading=\"lazy\" decoding=\"async\" width=\"1024\" height=\"528\" src=\"https:\/\/site.educa.madrid.org\/eoi.valdezarza.madrid\/\/wp-content\/uploads\/eoi.valdezarza.madrid\/2025\/05\/Info-sobre-pagos-16-5-25-1024x528.png\" alt=\"\" class=\"wp-image-4101\" style=\"width:627px;height:auto\" srcset=\"https:\/\/site.educa.madrid.org\/eoi.valdezarza.madrid\/\/wp-content\/uploads\/eoi.valdezarza.madrid\/2025\/05\/Info-sobre-pagos-16-5-25-1024x528.png 1024w, https:\/\/site.educa.madrid.org\/eoi.valdezarza.madrid\/\/wp-content\/uploads\/eoi.valdezarza.madrid\/2025\/05\/Info-sobre-pagos-16-5-25-300x155.png 300w, https:\/\/site.educa.madrid.org\/eoi.valdezarza.madrid\/\/wp-content\/uploads\/eoi.valdezarza.madrid\/2025\/05\/Info-sobre-pagos-16-5-25-768x396.png 768w, https:\/\/site.educa.madrid.org\/eoi.valdezarza.madrid\/\/wp-content\/uploads\/eoi.valdezarza.madrid\/2025\/05\/Info-sobre-pagos-16-5-25.png 1095w\" sizes=\"auto, (max-width: 1024px) 100vw, 1024px\" \/><\/figure>\n\n\n\n<p><mark style=\"background-color:rgba(0, 0, 0, 0)\" class=\"has-inline-color has-vivid-red-color\"><strong>ATENCI\u00d3N:<\/strong><\/mark><\/p>\n\n\n\n<ul class=\"wp-block-list\">\n<li><mark style=\"background-color:rgba(0, 0, 0, 0)\" class=\"has-inline-color has-vivid-red-color\">Los niveles A1 de alem\u00e1n, ingl\u00e9s, italiano, franc\u00e9s e ingl\u00e9s son de 120 horas.<\/mark><\/li>\n\n\n\n<li><mark style=\"background-color:rgba(0, 0, 0, 0)\" class=\"has-inline-color has-vivid-red-color\">Los niveles A2, B1, B2.1, B2.2, C1, C2.1 y C2.2 de alem\u00e1n, ingl\u00e9s, franc\u00e9s, italiano e ingl\u00e9s son de 135 horas. <\/mark><\/li>\n\n\n\n<li><mark style=\"background-color:rgba(0, 0, 0, 0)\" class=\"has-inline-color has-vivid-red-color\">Los niveles A1, A2.1, A2.2 de chino y coreano son de 135 horas.<\/mark><\/li>\n\n\n\n<li><mark style=\"background-color:rgba(0, 0, 0, 0)\" class=\"has-inline-color has-vivid-red-color\">Los cursos de actualizaci\u00f3n y perfeccionamiento de ingl\u00e9s e italiano son de 45 horas.<\/mark><\/li>\n\n\n\n<li><mark style=\"background-color:rgba(0, 0, 0, 0)\" class=\"has-inline-color has-vivid-red-color\">El curso de perfeccionamiento de alem\u00e1n es de 90 horas. <\/mark><\/li>\n<\/ul>\n\n\n\n<p><mark style=\"background-color:rgba(0, 0, 0, 0)\" class=\"has-inline-color has-black-color\">2. Despu\u00e9s, introduce el n\u00famero de unidades que aparece asociado a cada curso arriba.<\/mark><\/p>\n\n\n\n<p><mark style=\"background-color:rgba(0, 0, 0, 0)\" class=\"has-inline-color has-black-color\">3. Ten en cuenta que, por cada matr\u00edcula en un curso de idioma, habr\u00e1 que pagar los correspondientes servicios administrativos.<\/mark><\/p>\n\n\n\n<p><mark style=\"background-color:rgba(0, 0, 0, 0)\" class=\"has-inline-color has-black-color\">4. Una vez hecho los pagos, podr\u00e1s descargar o recibir\u00e1s en tu correo electr\u00f3nico los justificantes de los mismos. Debes enviar los justificantes al correo de Secretar\u00eda: <a href=\"mailto:secretaria.eoi.valdezarza.madrid@educa.madrid.org\">secretaria.eoi.valdezarza.madrid@educa.madrid.org<\/a><\/mark><\/p>\n\n\n\n<p><mark style=\"background-color:rgba(0, 0, 0, 0)\" class=\"has-inline-color has-black-color\">Los alumnos pertenecientes a F\u00aa numerosa general tienen una reducci\u00f3n del 50% de las tasas.<\/mark><\/p>\n\n\n\n<p><mark style=\"background-color:rgba(0, 0, 0, 0)\" class=\"has-inline-color has-black-color\">Los alumnos pertenecientes a F\u00aa numerosa especial, los alumnos con discapacidad igual o superior al 33% y las V\u00edctimas de Actos Terroristas quedan exentos de la totalidad del pago.<\/mark><\/p>\n\n\n\n<p><mark style=\"background-color:rgba(0, 0, 0, 0)\" class=\"has-inline-color has-black-color\">Estos alumnos deber\u00e1n marcar la casilla correspondiente a su caso en la aplicaci\u00f3n de pagos y tasas y despu\u00e9s enviar la documentaci\u00f3n acreditativa de su situaci\u00f3n tambi\u00e9n al correo de Secretar\u00eda.<\/mark><\/p>\n\n\n\n<h2 class=\"wp-block-heading\">PRUEBAS DE CERTIFICACI\u00d3N LIBRES<\/h2>\n\n\n\n<p><mark style=\"background-color:rgba(0, 0, 0, 0)\" class=\"has-inline-color has-black-color\">Se realizar\u00e1n <strong>dos pagos<\/strong>&nbsp;por separado a trav\u00e9s de la <a href=\"https:\/\/gestiona7.madrid.org\/rtas_webapp_pagotasas\/#!\/main\">plataforma de pagos de la Comunidad de Madrid<\/a>. Para hacerlo, sigue estos pasos:<\/mark><\/p>\n\n\n\n<p><mark style=\"background-color:rgba(0, 0, 0, 0)\" class=\"has-inline-color has-black-color\">1. Inserta los siguientes c\u00f3digos QR en la plataforma:<\/mark><\/p>\n\n\n\n<ul class=\"wp-block-list\">\n<li><mark style=\"background-color:rgba(0, 0, 0, 0)\" class=\"has-inline-color has-black-color\">C\u00f3digo QR de servicios administrativos: 515<\/mark> <mark style=\"background-color:rgba(0, 0, 0, 0)\" class=\"has-inline-color has-black-color\">(coste: 19 \u20ac)<\/mark><\/li>\n\n\n\n<li><mark style=\"background-color:rgba(0, 0, 0, 0)\" class=\"has-inline-color has-black-color\">C\u00f3digo QR de la realizaci\u00f3n del examen: 1724 (coste: 75 \u20ac)<\/mark><\/li>\n<\/ul>\n\n\n\n<p><mark style=\"background-color:rgba(0, 0, 0, 0)\" class=\"has-inline-color has-black-color\">2. Una vez hechos los pagos, podr\u00e1s descargar o recibir\u00e1s en tu correo electr\u00f3nico los justificantes de los mismos. Debes enviarlos al correo de Secretar\u00eda: <a href=\"mailto:secretaria.eoi.valdezarza.madrid@educa.madrid.org\">secretaria.eoi.valdezarza.madrid@educa.madrid.org<\/a><\/mark><\/p>\n\n\n\n<p><mark style=\"background-color:rgba(0, 0, 0, 0)\" class=\"has-inline-color has-black-color\">Existe una reducci\u00f3n del 50% de estos precios para miembros de familias numerosas de categor\u00eda general. Asimismo, quedan exentos del pago:<\/mark><\/p>\n\n\n\n<ul class=\"wp-block-list\">\n<li><mark style=\"background-color:rgba(0, 0, 0, 0)\" class=\"has-inline-color has-black-color\">Las v\u00edctimas del terrorismo, sus c\u00f3nyuges o parejas de hecho e hijos.<\/mark><\/li>\n\n\n\n<li><mark style=\"background-color:rgba(0, 0, 0, 0)\" class=\"has-inline-color has-black-color\">Los miembros de familias numerosas de categor\u00eda especial.<\/mark><\/li>\n\n\n\n<li><mark style=\"background-color:rgba(0, 0, 0, 0)\" class=\"has-inline-color has-black-color\">Las personas con una discapacidad igual o superior al 33%.<\/mark><\/li>\n<\/ul>\n\n\n\n<p><mark style=\"background-color:rgba(0, 0, 0, 0)\" class=\"has-inline-color has-black-color\">Estos alumnos deber\u00e1n marcar la casilla correspondiente a su caso en la aplicaci\u00f3n de pagos y tasas y despu\u00e9s enviar la documentaci\u00f3n acreditativa de su situaci\u00f3n tambi\u00e9n al correo de Secretar\u00eda.<\/mark><\/p>\n\n\n\n<h2 class=\"wp-block-heading\">PRUEBA DE CLASIFICACI\u00d3N<\/h2>\n\n\n\n<p><mark style=\"background-color:rgba(0, 0, 0, 0)\" class=\"has-inline-color has-black-color\">Recuerda que, antes que nada, debes cumplimentar la solicitud a trav\u00e9s de la Secretar\u00eda Virtual de Ra\u00edces para poder realizar la prueba. Para ello, pincha sobre el siguiente bot\u00f3n:<\/mark><\/p>\n\n\n\n<div class=\"wp-block-columns is-layout-flex wp-container-core-columns-is-layout-9d6595d7 wp-block-columns-is-layout-flex\">\n<div class=\"wp-block-column is-layout-flow wp-block-column-is-layout-flow\">\n<figure class=\"wp-block-image size-full is-resized\"><a href=\"https:\/\/raices.madrid.org\/secretariavirtual\/\" target=\"_blank\" rel=\" noreferrer noopener\"><img loading=\"lazy\" decoding=\"async\" width=\"404\" height=\"172\" src=\"https:\/\/site.educa.madrid.org\/eoi.valdezarza.madrid\/\/wp-content\/uploads\/eoi.valdezarza.madrid\/2025\/03\/Boton-Secretaria-Virtual.png\" alt=\"\" class=\"wp-image-3728\" style=\"width:216px;height:auto\" srcset=\"https:\/\/site.educa.madrid.org\/eoi.valdezarza.madrid\/\/wp-content\/uploads\/eoi.valdezarza.madrid\/2025\/03\/Boton-Secretaria-Virtual.png 404w, https:\/\/site.educa.madrid.org\/eoi.valdezarza.madrid\/\/wp-content\/uploads\/eoi.valdezarza.madrid\/2025\/03\/Boton-Secretaria-Virtual-300x128.png 300w\" sizes=\"auto, (max-width: 404px) 100vw, 404px\" \/><\/a><\/figure>\n<\/div>\n\n\n\n<div class=\"wp-block-column is-layout-flow wp-block-column-is-layout-flow\">\n<p>[Otra opci\u00f3n es cumplimentar el siguiente PDF, <a href=\"https:\/\/site.educa.madrid.org\/eoi.valdezarza.madrid\/\/wp-content\/uploads\/eoi.valdezarza.madrid\/2025\/05\/Solicitud-inscripcion-prueba-de-clasificacion-2025-26.pdf\" target=\"_blank\" rel=\"noreferrer noopener\">Solicitud inscripci\u00f3n pruebas clasificaci\u00f3n 2025-26<\/a>, y enviarlo, junto con el resguardo de las tasas, al correo de Secretar\u00eda.]<\/p>\n<\/div>\n<\/div>\n\n\n\n<p><mark style=\"background-color:rgba(0, 0, 0, 0)\" class=\"has-inline-color has-black-color\">Despu\u00e9s, se realizar\u00e1 <strong>un pago<\/strong>&nbsp;<strong>\u00fanico<\/strong> de <strong>19 euros<\/strong> a trav\u00e9s de la <a href=\"https:\/\/gestiona7.madrid.org\/rtas_webapp_pagotasas\/#!\/main\">plataforma de pagos de la Comunidad de Madrid<\/a>. Para hacerlo, sigue estos pasos:<\/mark><\/p>\n\n\n\n<p><mark style=\"background-color:rgba(0, 0, 0, 0)\" class=\"has-inline-color has-black-color\">1. La plataforma te pedir\u00e1 1 c\u00f3digo QR: 1283<\/mark><\/p>\n\n\n\n<p><mark style=\"background-color:rgba(0, 0, 0, 0)\" class=\"has-inline-color has-black-color\">2. Una vez hecho el pago, podr\u00e1s descargar o recibir\u00e1s en tu correo electr\u00f3nico el justificante del mismo. Debes enviarlo al correo de Secretar\u00eda: <a href=\"mailto:secretaria.eoi.valdezarza.madrid@educa.madrid.org\">secretaria.eoi.valdezarza.madrid@educa.madrid.org<\/a><\/mark><\/p>\n\n\n\n<h2 class=\"wp-block-heading\">EMISI\u00d3N DE T\u00cdTULOS<\/h2>\n\n\n\n<p><mark style=\"background-color:rgba(0, 0, 0, 0)\" class=\"has-inline-color has-black-color\">Se realizar\u00e1 <strong>un pago \u00fanico<\/strong> a trav\u00e9s de la <a href=\"https:\/\/gestiona7.madrid.org\/rtas_webapp_pagotasas\/#!\/main\">plataforma de pagos de la Comunidad de Madrid<\/a>. Para hacerlo, sigue estos pasos:<\/mark><\/p>\n\n\n\n<p><mark style=\"background-color:rgba(0, 0, 0, 0)\" class=\"has-inline-color has-black-color\">1. La plataforma te pedir\u00e1 1 c\u00f3digo QR<\/mark>. <mark style=\"background-color:rgba(0, 0, 0, 0)\" class=\"has-inline-color has-black-color\">Consigna uno de los dos siguientes, seg\u00fan sea el caso:<\/mark><\/p>\n\n\n\n<ul class=\"wp-block-list\">\n<li><mark style=\"background-color:rgba(0, 0, 0, 0)\" class=\"has-inline-color has-black-color\">Para la expedici\u00f3n de t\u00edtulos o certificados: QR 3851<\/mark> <mark style=\"background-color:rgba(0, 0, 0, 0)\" class=\"has-inline-color has-black-color\">(coste: 31,54 \u20ac)<\/mark><\/li>\n<\/ul>\n\n\n\n<ul class=\"wp-block-list\">\n<li><mark style=\"background-color:rgba(0, 0, 0, 0)\" class=\"has-inline-color has-black-color\">Para el duplicado de t\u00edtulos: QR 4291<\/mark> <mark style=\"background-color:rgba(0, 0, 0, 0)\" class=\"has-inline-color has-black-color\">(coste: 15,76 \u20ac)<\/mark><\/li>\n<\/ul>\n\n\n\n<p><mark style=\"background-color:rgba(0, 0, 0, 0)\" class=\"has-inline-color has-black-color\">2. Una vez hecho el pago, podr\u00e1s descargar o recibir\u00e1s en tu correo electr\u00f3nico el justificante del mismo. Debes enviarlo al correo de Secretar\u00eda: <a href=\"mailto:secretaria.eoi.valdezarza.madrid@educa.madrid.org\">secretaria.eoi.valdezarza.madrid@educa.madrid.org<\/a><\/mark><\/p>\n\n\n\n<p><a href=\"https:\/\/site.educa.madrid.org\/eoi.valdezarza.madrid\/\/wp-content\/uploads\/eoi.valdezarza.madrid\/2026\/04\/1_Escrito-SGT-tasas-titulos.pdf\" target=\"_blank\" rel=\"noreferrer noopener\">Normativa<\/a><\/p>\n\n\n\n<p><\/p>\n","protected":false},"excerpt":{"rendered":"<p>Informaci\u00f3n sobre pagos CURSOS DE IDIOMAS Se realizar\u00e1n dos pagos&nbsp;por separado a trav\u00e9s de la plataforma de pagos de la Comunidad de Madrid. Para hacerlo, sigue estos pasos: 1. Inserta &#8230;<\/p>\n","protected":false},"author":3,"featured_media":0,"parent":164,"menu_order":0,"comment_status":"closed","ping_status":"closed","template":"template-fullwidth.php","meta":{"footnotes":""},"folder":[],"class_list":["post-3747","page","type-page","status-publish","hentry"],"rttpg_featured_image_url":null,"rttpg_author":{"display_name":"eoi.valdezarza.madrid","author_link":"https:\/\/site.educa.madrid.org\/eoi.valdezarza.madrid\/index.php\/author\/cuenta_eoi-valdezarza-madrid\/"},"rttpg_comment":0,"rttpg_category":false,"rttpg_excerpt":"Informaci\u00f3n sobre pagos CURSOS DE IDIOMAS Se realizar\u00e1n dos pagos&nbsp;por separado a trav\u00e9s de la plataforma de pagos de la Comunidad de Madrid. Para hacerlo, sigue estos pasos: 1. Inserta ...","post_mailing_queue_ids":[],"_links":{"self":[{"href":"https:\/\/site.educa.madrid.org\/eoi.valdezarza.madrid\/index.php\/wp-json\/wp\/v2\/pages\/3747","targetHints":{"allow":["GET"]}}],"collection":[{"href":"https:\/\/site.educa.madrid.org\/eoi.valdezarza.madrid\/index.php\/wp-json\/wp\/v2\/pages"}],"about":[{"href":"https:\/\/site.educa.madrid.org\/eoi.valdezarza.madrid\/index.php\/wp-json\/wp\/v2\/types\/page"}],"author":[{"embeddable":true,"href":"https:\/\/site.educa.madrid.org\/eoi.valdezarza.madrid\/index.php\/wp-json\/wp\/v2\/users\/3"}],"replies":[{"embeddable":true,"href":"https:\/\/site.educa.madrid.org\/eoi.valdezarza.madrid\/index.php\/wp-json\/wp\/v2\/comments?post=3747"}],"version-history":[{"count":27,"href":"https:\/\/site.educa.madrid.org\/eoi.valdezarza.madrid\/index.php\/wp-json\/wp\/v2\/pages\/3747\/revisions"}],"predecessor-version":[{"id":4882,"href":"https:\/\/site.educa.madrid.org\/eoi.valdezarza.madrid\/index.php\/wp-json\/wp\/v2\/pages\/3747\/revisions\/4882"}],"up":[{"embeddable":true,"href":"https:\/\/site.educa.madrid.org\/eoi.valdezarza.madrid\/index.php\/wp-json\/wp\/v2\/pages\/164"}],"wp:attachment":[{"href":"https:\/\/site.educa.madrid.org\/eoi.valdezarza.madrid\/index.php\/wp-json\/wp\/v2\/media?parent=3747"}],"wp:term":[{"taxonomy":"folder","embeddable":true,"href":"https:\/\/site.educa.madrid.org\/eoi.valdezarza.madrid\/index.php\/wp-json\/wp\/v2\/folder?post=3747"}],"curies":[{"name":"wp","href":"https:\/\/api.w.org\/{rel}","templated":true}]}}