{"id":3854,"date":"2025-04-02T18:20:22","date_gmt":"2025-04-02T16:20:22","guid":{"rendered":"https:\/\/site.educa.madrid.org\/eoi.valdezarza.madrid\/?page_id=3854"},"modified":"2026-04-13T16:42:31","modified_gmt":"2026-04-13T14:42:31","slug":"examenes-de-certificacion","status":"publish","type":"page","link":"https:\/\/site.educa.madrid.org\/eoi.valdezarza.madrid\/index.php\/examenes-y-evaluacion\/examenes-de-certificacion\/","title":{"rendered":"Ex\u00e1menes de certificaci\u00f3n"},"content":{"rendered":"\n<div class=\"wp-block-columns is-layout-flex wp-container-core-columns-is-layout-9d6595d7 wp-block-columns-is-layout-flex\">\n<div class=\"wp-block-column is-layout-flow wp-block-column-is-layout-flow\" style=\"flex-basis:66.66%\">\n<h2 class=\"wp-block-heading has-medium-font-size\">EX\u00c1MENES DE CERTIFICACI\u00d3N<\/h2>\n\n\n\n<h2 class=\"wp-block-heading has-medium-font-size\">Calendario convocatoria ordinaria 2026<\/h2>\n\n\n\n<p><strong><mark style=\"background-color:rgba(0, 0, 0, 0)\" class=\"has-inline-color has-vivid-red-color\">MUY IMPORTANTE:<\/mark><\/strong> los alumnos podr\u00e1n ser convocados al examen oral <strong>cualquiera<\/strong> de los d\u00edas en los que se celebren ex\u00e1menes orales del nivel; esto es, <strong>deben tener disponibilidad para todos los d\u00edas de examen que aparecen en la convocatoria<\/strong>. <strong>Los examinadores proporcionar\u00e1n justificantes de realizaci\u00f3n de un examen oficial<\/strong> a cualquier alumno que lo solicite. Si, por alguna <strong>causa excepcional y justificada con documentaci\u00f3n<\/strong>, un alumno no tuviese disponibilidad alguno de los d\u00edas publicados en la convocatoria, deber\u00e1 comunicarlo con la mayor antelaci\u00f3n posible al departamento correspondiente por correo electr\u00f3nico.<\/p>\n<\/div>\n\n\n\n<div class=\"wp-block-column is-vertically-aligned-top is-layout-flow wp-block-column-is-layout-flow\" style=\"flex-basis:33.33%\">\n<figure class=\"wp-block-image size-full\"><a href=\"https:\/\/www.comunidad.madrid\/servicios\/educacion\/certificacion-nivel-idiomas\" target=\"_blank\" rel=\" noreferrer noopener\"><img loading=\"lazy\" decoding=\"async\" width=\"674\" height=\"409\" src=\"https:\/\/site.educa.madrid.org\/eoi.valdezarza.madrid\/\/wp-content\/uploads\/eoi.valdezarza.madrid\/2025\/04\/Link-EOI-MADRID.png\" alt=\"\" class=\"wp-image-3890\" srcset=\"https:\/\/site.educa.madrid.org\/eoi.valdezarza.madrid\/\/wp-content\/uploads\/eoi.valdezarza.madrid\/2025\/04\/Link-EOI-MADRID.png 674w, https:\/\/site.educa.madrid.org\/eoi.valdezarza.madrid\/\/wp-content\/uploads\/eoi.valdezarza.madrid\/2025\/04\/Link-EOI-MADRID-300x182.png 300w\" sizes=\"auto, (max-width: 674px) 100vw, 674px\" \/><\/a><\/figure>\n<\/div>\n<\/div>\n\n\n\n<div class=\"wp-block-columns is-layout-flex wp-container-core-columns-is-layout-9d6595d7 wp-block-columns-is-layout-flex\">\n<div class=\"wp-block-column is-layout-flow wp-block-column-is-layout-flow\" style=\"flex-basis:33.33%\">\n<p>CALENDARIO DE LA EOI VALDEZARZA:<\/p>\n\n\n\n<p><a href=\"https:\/\/site.educa.madrid.org\/eoi.valdezarza.madrid\/\/wp-content\/uploads\/eoi.valdezarza.madrid\/2026\/04\/ALEMAN-Calendario-dias-y-aulas-ORD-CERT-MAYO-JUNIO-2026.docx\" target=\"_blank\" rel=\"noreferrer noopener\">ALEM\u00c1N todos los niveles<\/a><\/p>\n\n\n\n<p><a href=\"https:\/\/site.educa.madrid.org\/eoi.valdezarza.madrid\/\/wp-content\/uploads\/eoi.valdezarza.madrid\/2026\/04\/CHINO-Calendario-dias-y-aulas-ORD-CERT-MAYO-JUNIO-2026.docx\" target=\"_blank\" rel=\"noreferrer noopener\">CHINO todos los niveles<\/a><\/p>\n\n\n\n<p><a href=\"https:\/\/site.educa.madrid.org\/eoi.valdezarza.madrid\/\/wp-content\/uploads\/eoi.valdezarza.madrid\/2026\/04\/FRANCES-Calendario-dias-y-aulas-ORD-CERT-MAYO-JUNIO-2026.docx\" target=\"_blank\" rel=\"noreferrer noopener\">FRANC\u00c9S todos los niveles<\/a><\/p>\n\n\n\n<p><a href=\"https:\/\/site.educa.madrid.org\/eoi.valdezarza.madrid\/\/wp-content\/uploads\/eoi.valdezarza.madrid\/2026\/04\/INGLES-Calendario-dias-y-aulas-ORD-CERT-MAYO-JUNIO-2026.docx\" target=\"_blank\" rel=\"noreferrer noopener\">INGL\u00c9S todos los niveles<\/a><\/p>\n\n\n\n<p><a href=\"https:\/\/site.educa.madrid.org\/eoi.valdezarza.madrid\/\/wp-content\/uploads\/eoi.valdezarza.madrid\/2026\/04\/ITALIANO-Calendario-dias-y-aulas-ORD-CERT-MAYO-JUNIO-2026.docx\" target=\"_blank\" rel=\"noreferrer noopener\">ITALIANO todos los niveles<\/a><\/p>\n<\/div>\n\n\n\n<div class=\"wp-block-column is-layout-flow wp-block-column-is-layout-flow\" style=\"flex-basis:66.66%\">\n<p>CALENDARIO PRUEBAS DE CERTIFICACI\u00d3N PUBLICADO POR LA CAM:<\/p>\n\n\n\n<div data-wp-interactive=\"core\/file\" class=\"wp-block-file\"><object data-wp-bind--hidden=\"!state.hasPdfPreview\" hidden class=\"wp-block-file__embed\" data=\"https:\/\/site.educa.madrid.org\/eoi.valdezarza.madrid\/\/wp-content\/uploads\/eoi.valdezarza.madrid\/2026\/03\/CALENDARIO-CERTIFICACION-2025-2026MODIFICACION.pdf\" type=\"application\/pdf\" style=\"width:100%;height:600px\" aria-label=\"Incrustado de CALENDARIO CERTIFICACI\u00d3N 2025-2026MODIFICACION.\"><\/object><a id=\"wp-block-file--media-8ae64f34-153a-4061-9c94-ac896d72a089\" href=\"https:\/\/site.educa.madrid.org\/eoi.valdezarza.madrid\/\/wp-content\/uploads\/eoi.valdezarza.madrid\/2026\/03\/CALENDARIO-CERTIFICACION-2025-2026MODIFICACION.pdf\">CALENDARIO CERTIFICACI\u00d3N 2025-2026MODIFICACION<\/a><a href=\"https:\/\/site.educa.madrid.org\/eoi.valdezarza.madrid\/\/wp-content\/uploads\/eoi.valdezarza.madrid\/2026\/03\/CALENDARIO-CERTIFICACION-2025-2026MODIFICACION.pdf\" class=\"wp-block-file__button wp-element-button\" download aria-describedby=\"wp-block-file--media-8ae64f34-153a-4061-9c94-ac896d72a089\">Descarga<\/a><\/div>\n<\/div>\n<\/div>\n\n\n\n<div style=\"height:20px\" aria-hidden=\"true\" class=\"wp-block-spacer\"><\/div>\n\n\n\n<p><strong>Convocatorias del examen oral por idioma y nivel:<\/strong><\/p>\n\n\n\n<p>En estas convocatorias figura la fecha y hora concretas en las que los candidatos se examinar\u00e1n del oral. <\/p>\n\n\n\n<p><strong>ALEM\u00c1N:<\/strong> nivel A2, nivel B1, nivel B2<\/p>\n\n\n\n<p><strong>CHINO:<\/strong> nivel A2<\/p>\n\n\n\n<p><strong>FRANC\u00c9S:<\/strong> nivel A2, nivel B1, nivel B2, nivel C1<\/p>\n\n\n\n<p><strong>INGL\u00c9S:<\/strong> nivel A2, nivel B1, nivel B2, nivel C1, nivel C2<\/p>\n\n\n\n<p><strong>ITALIANO:<\/strong> nivel A2, nivel B1, nivel B2, nivel C1<\/p>\n\n\n\n<div style=\"height:20px\" aria-hidden=\"true\" class=\"wp-block-spacer\"><\/div>\n\n\n\n<p><strong>Publicaci\u00f3n o comunicaci\u00f3n de resultados:<\/strong><\/p>\n\n\n\n<figure class=\"wp-block-table\"><table><tbody><tr><td><strong>IDIOMA<\/strong><\/td><td><strong>NIVEL<\/strong><\/td><td><strong>CERTIFICADO<\/strong> (CONVOCATORIA ORDINARIA)<\/td><\/tr><tr><td rowspan=\"3\">ALEM\u00c1N<\/td><td>A2<\/td><td><\/td><\/tr><tr><td>B1<\/td><td><\/td><\/tr><tr><td>&#8211;<\/td><td>&#8211;<\/td><\/tr><tr><td>CHINO<\/td><td>A2.2<\/td><td><\/td><\/tr><tr><td rowspan=\"4\">FRANC\u00c9S<\/td><td>A2<\/td><td><\/td><\/tr><tr><td>B1<\/td><td><\/td><\/tr><tr><td>B2.2<\/td><td><\/td><\/tr><tr><td>C1<\/td><td><\/td><\/tr><tr><td rowspan=\"5\">INGL\u00c9S<\/td><td>A2<\/td><td><\/td><\/tr><tr><td>B1<\/td><td><\/td><\/tr><tr><td>B2.2<\/td><td><\/td><\/tr><tr><td>C1<\/td><td><\/td><\/tr><tr><td>C2.2<\/td><td><\/td><\/tr><tr><td rowspan=\"4\">ITALIANO<\/td><td>A2<\/td><td><\/td><\/tr><tr><td>B1<\/td><td><\/td><\/tr><tr><td>B2.2<\/td><td><\/td><\/tr><tr><td>&#8211;<\/td><td>&#8211;<\/td><\/tr><\/tbody><\/table><\/figure>\n","protected":false},"excerpt":{"rendered":"<p>EX\u00c1MENES DE CERTIFICACI\u00d3N Calendario convocatoria ordinaria 2026 MUY IMPORTANTE: los alumnos podr\u00e1n ser convocados al examen oral cualquiera de los d\u00edas en los que se celebren ex\u00e1menes orales del nivel; &#8230;<\/p>\n","protected":false},"author":3,"featured_media":0,"parent":188,"menu_order":0,"comment_status":"closed","ping_status":"closed","template":"template-fullwidth.php","meta":{"footnotes":""},"folder":[],"class_list":["post-3854","page","type-page","status-publish","hentry"],"rttpg_featured_image_url":null,"rttpg_author":{"display_name":"eoi.valdezarza.madrid","author_link":"https:\/\/site.educa.madrid.org\/eoi.valdezarza.madrid\/index.php\/author\/cuenta_eoi-valdezarza-madrid\/"},"rttpg_comment":0,"rttpg_category":false,"rttpg_excerpt":"EX\u00c1MENES DE CERTIFICACI\u00d3N Calendario convocatoria ordinaria 2026 MUY IMPORTANTE: los alumnos podr\u00e1n ser convocados al examen oral cualquiera de los d\u00edas en los que se celebren ex\u00e1menes orales del nivel; ...","post_mailing_queue_ids":[],"_links":{"self":[{"href":"https:\/\/site.educa.madrid.org\/eoi.valdezarza.madrid\/index.php\/wp-json\/wp\/v2\/pages\/3854","targetHints":{"allow":["GET"]}}],"collection":[{"href":"https:\/\/site.educa.madrid.org\/eoi.valdezarza.madrid\/index.php\/wp-json\/wp\/v2\/pages"}],"about":[{"href":"https:\/\/site.educa.madrid.org\/eoi.valdezarza.madrid\/index.php\/wp-json\/wp\/v2\/types\/page"}],"author":[{"embeddable":true,"href":"https:\/\/site.educa.madrid.org\/eoi.valdezarza.madrid\/index.php\/wp-json\/wp\/v2\/users\/3"}],"replies":[{"embeddable":true,"href":"https:\/\/site.educa.madrid.org\/eoi.valdezarza.madrid\/index.php\/wp-json\/wp\/v2\/comments?post=3854"}],"version-history":[{"count":49,"href":"https:\/\/site.educa.madrid.org\/eoi.valdezarza.madrid\/index.php\/wp-json\/wp\/v2\/pages\/3854\/revisions"}],"predecessor-version":[{"id":4861,"href":"https:\/\/site.educa.madrid.org\/eoi.valdezarza.madrid\/index.php\/wp-json\/wp\/v2\/pages\/3854\/revisions\/4861"}],"up":[{"embeddable":true,"href":"https:\/\/site.educa.madrid.org\/eoi.valdezarza.madrid\/index.php\/wp-json\/wp\/v2\/pages\/188"}],"wp:attachment":[{"href":"https:\/\/site.educa.madrid.org\/eoi.valdezarza.madrid\/index.php\/wp-json\/wp\/v2\/media?parent=3854"}],"wp:term":[{"taxonomy":"folder","embeddable":true,"href":"https:\/\/site.educa.madrid.org\/eoi.valdezarza.madrid\/index.php\/wp-json\/wp\/v2\/folder?post=3854"}],"curies":[{"name":"wp","href":"https:\/\/api.w.org\/{rel}","templated":true}]}}