{"id":3856,"date":"2025-04-02T18:20:43","date_gmt":"2025-04-02T16:20:43","guid":{"rendered":"https:\/\/site.educa.madrid.org\/eoi.valdezarza.madrid\/?page_id=3856"},"modified":"2026-04-25T19:27:42","modified_gmt":"2026-04-25T17:27:42","slug":"examenes-de-promocion","status":"publish","type":"page","link":"https:\/\/site.educa.madrid.org\/eoi.valdezarza.madrid\/index.php\/examenes-y-evaluacion\/examenes-de-promocion\/","title":{"rendered":"Ex\u00e1menes de promoci\u00f3n"},"content":{"rendered":"\n<h2 class=\"wp-block-heading has-medium-font-size\">EX\u00c1MENES DE PROMOCI\u00d3N<\/h2>\n\n\n\n<h2 class=\"wp-block-heading has-medium-font-size\">Calendario convocatoria extraordinaria 2026<\/h2>\n\n\n\n<div class=\"wp-block-columns is-layout-flex wp-container-core-columns-is-layout-9d6595d7 wp-block-columns-is-layout-flex\">\n<div class=\"wp-block-column is-layout-flow wp-block-column-is-layout-flow\" style=\"flex-basis:66.66%\">\n<p><a href=\"https:\/\/site.educa.madrid.org\/eoi.valdezarza.madrid\/\/wp-content\/uploads\/eoi.valdezarza.madrid\/2026\/04\/ALEMAN-Calendario-dias-y-aulas-EXTRA-PROM-MAYO-2026.pdf\" target=\"_blank\" rel=\"noreferrer noopener\">ALEM\u00c1N todos los niveles<\/a><\/p>\n\n\n\n<p><a href=\"https:\/\/site.educa.madrid.org\/eoi.valdezarza.madrid\/\/wp-content\/uploads\/eoi.valdezarza.madrid\/2026\/04\/CHINO-Calendario-dias-y-aulas-EXTRA-PROM-MAYO-2026.docx\" target=\"_blank\" rel=\"noreferrer noopener\">CHINO todos los niveles<\/a><\/p>\n\n\n\n<p><a href=\"https:\/\/site.educa.madrid.org\/eoi.valdezarza.madrid\/\/wp-content\/uploads\/eoi.valdezarza.madrid\/2026\/04\/COREANO-Calendario-dias-y-aulas-EXTRA-PROM-MAYO-2026.docx\" target=\"_blank\" rel=\"noreferrer noopener\">COREANO s\u00f3lo nivel A1<\/a><\/p>\n\n\n\n<p><a href=\"https:\/\/site.educa.madrid.org\/eoi.valdezarza.madrid\/\/wp-content\/uploads\/eoi.valdezarza.madrid\/2026\/04\/FRANCES-V2-Calendario-dias-y-aulas-EXTRA-PROM-MAYO-2026.pdf\" target=\"_blank\" rel=\"noreferrer noopener\">FRANC\u00c9S todos los niveles<\/a> ATENCI\u00d3N: este documento ha sido actualizado el 25-4-26 ya que se han modificado dos fechas de ex\u00e1menes. <\/p>\n\n\n\n<p><a href=\"https:\/\/site.educa.madrid.org\/eoi.valdezarza.madrid\/\/wp-content\/uploads\/eoi.valdezarza.madrid\/2026\/04\/INGLES-Calendario-dias-y-aulas-EXTRA-PROM-MAYO-2026.docx\" target=\"_blank\" rel=\"noreferrer noopener\">INGL\u00c9S todos los niveles<\/a><\/p>\n\n\n\n<p><a href=\"https:\/\/site.educa.madrid.org\/eoi.valdezarza.madrid\/\/wp-content\/uploads\/eoi.valdezarza.madrid\/2026\/04\/ITALIANO-Calendario-dias-y-aulas-EXTRA-PROM-MAYO-2026.docx\" target=\"_blank\" rel=\"noreferrer noopener\">ITALIANO todos los niveles<\/a><\/p>\n<\/div>\n\n\n\n<div class=\"wp-block-column is-layout-flow wp-block-column-is-layout-flow\" style=\"flex-basis:33.33%\">\n<p>Para conocer el FORMATO de los ex\u00e1menes de promoci\u00f3n, visita la p\u00e1gina del departamento correspondiente (ingl\u00e9s, franc\u00e9s, alem\u00e1n, chino, italiano) dentro de la pesta\u00f1a IDIOMAS Y ACTIVIDADES del men\u00fa principal. <\/p>\n<\/div>\n<\/div>\n\n\n\n<p><strong>Publicaci\u00f3n o comunicaci\u00f3n de los resultados:<\/strong><\/p>\n\n\n\n<figure class=\"wp-block-table\"><table class=\"has-fixed-layout\"><tbody><tr><td>IDIOMA<\/td><td><strong>NIVEL<\/strong><\/td><td><strong>PROMOCI\u00d3N<\/strong> (CONVOCATORIA EXTRAORDINARIA)<\/td><\/tr><tr><td rowspan=\"5\">ALEM\u00c1N<\/td><td>A1<\/td><td>\ufeff<\/td><\/tr><tr><td>A2<\/td><td>\ufeff<\/td><\/tr><tr><td>B1<\/td><td>\ufeff<\/td><\/tr><tr><td>B2.1<\/td><td>\ufeff<\/td><\/tr><tr><td>B2.2<\/td><td>\ufeff<\/td><\/tr><tr><td rowspan=\"3\">CHINO<\/td><td>A1<\/td><td>\ufeff<\/td><\/tr><tr><td>A2.1<\/td><td>\ufeff<\/td><\/tr><tr><td>A2.2<\/td><td>\ufeff<\/td><\/tr><tr><td>&nbsp;COREANO<\/td><td>A1<\/td><td>&nbsp;<\/td><\/tr><tr><td rowspan=\"6\">FRANC\u00c9S<\/td><td>A1<\/td><td>\ufeff<\/td><\/tr><tr><td>A2<\/td><td>\ufeff<\/td><\/tr><tr><td>B1<\/td><td>\ufeff<\/td><\/tr><tr><td>B2.1<\/td><td>\ufeff<\/td><\/tr><tr><td>B2.2<\/td><td>\ufeff<\/td><\/tr><tr><td>C1<\/td><td>\ufeff<\/td><\/tr><tr><td rowspan=\"8\">INGL\u00c9S<\/td><td>A1<\/td><td>\ufeff<\/td><\/tr><tr><td>A2<\/td><td>\ufeff<\/td><\/tr><tr><td>B1<\/td><td>\ufeff<\/td><\/tr><tr><td>B2.1<\/td><td>\ufeff<\/td><\/tr><tr><td>B2.2<\/td><td>\ufeff<\/td><\/tr><tr><td>C1<\/td><td>\ufeff<\/td><\/tr><tr><td>C2.1<\/td><td>\ufeff<\/td><\/tr><tr><td>C2.2<\/td><td>\ufeff<\/td><\/tr><tr><td rowspan=\"6\">ITALIANO<\/td><td>A1<\/td><td>\ufeff<\/td><\/tr><tr><td>A2<\/td><td>\ufeff<\/td><\/tr><tr><td>B1<\/td><td>\ufeff<\/td><\/tr><tr><td>B2.1<\/td><td>\ufeff<\/td><\/tr><tr><td>B2.2<\/td><td>\ufeff<\/td><\/tr><tr><td>C2.1<\/td><td>\ufeff<\/td><\/tr><\/tbody><\/table><\/figure>\n","protected":false},"excerpt":{"rendered":"<p>EX\u00c1MENES DE PROMOCI\u00d3N Calendario convocatoria extraordinaria 2026 ALEM\u00c1N todos los niveles CHINO todos los niveles COREANO s\u00f3lo nivel A1 FRANC\u00c9S todos los niveles ATENCI\u00d3N: este documento ha sido actualizado el &#8230;<\/p>\n","protected":false},"author":3,"featured_media":0,"parent":188,"menu_order":0,"comment_status":"closed","ping_status":"closed","template":"template-fullwidth.php","meta":{"footnotes":""},"folder":[],"class_list":["post-3856","page","type-page","status-publish","hentry"],"rttpg_featured_image_url":null,"rttpg_author":{"display_name":"eoi.valdezarza.madrid","author_link":"https:\/\/site.educa.madrid.org\/eoi.valdezarza.madrid\/index.php\/author\/cuenta_eoi-valdezarza-madrid\/"},"rttpg_comment":0,"rttpg_category":false,"rttpg_excerpt":"EX\u00c1MENES DE PROMOCI\u00d3N Calendario convocatoria extraordinaria 2026 ALEM\u00c1N todos los niveles CHINO todos los niveles COREANO s\u00f3lo nivel A1 FRANC\u00c9S todos los niveles ATENCI\u00d3N: este documento ha sido actualizado el ...","post_mailing_queue_ids":[],"_links":{"self":[{"href":"https:\/\/site.educa.madrid.org\/eoi.valdezarza.madrid\/index.php\/wp-json\/wp\/v2\/pages\/3856","targetHints":{"allow":["GET"]}}],"collection":[{"href":"https:\/\/site.educa.madrid.org\/eoi.valdezarza.madrid\/index.php\/wp-json\/wp\/v2\/pages"}],"about":[{"href":"https:\/\/site.educa.madrid.org\/eoi.valdezarza.madrid\/index.php\/wp-json\/wp\/v2\/types\/page"}],"author":[{"embeddable":true,"href":"https:\/\/site.educa.madrid.org\/eoi.valdezarza.madrid\/index.php\/wp-json\/wp\/v2\/users\/3"}],"replies":[{"embeddable":true,"href":"https:\/\/site.educa.madrid.org\/eoi.valdezarza.madrid\/index.php\/wp-json\/wp\/v2\/comments?post=3856"}],"version-history":[{"count":25,"href":"https:\/\/site.educa.madrid.org\/eoi.valdezarza.madrid\/index.php\/wp-json\/wp\/v2\/pages\/3856\/revisions"}],"predecessor-version":[{"id":4895,"href":"https:\/\/site.educa.madrid.org\/eoi.valdezarza.madrid\/index.php\/wp-json\/wp\/v2\/pages\/3856\/revisions\/4895"}],"up":[{"embeddable":true,"href":"https:\/\/site.educa.madrid.org\/eoi.valdezarza.madrid\/index.php\/wp-json\/wp\/v2\/pages\/188"}],"wp:attachment":[{"href":"https:\/\/site.educa.madrid.org\/eoi.valdezarza.madrid\/index.php\/wp-json\/wp\/v2\/media?parent=3856"}],"wp:term":[{"taxonomy":"folder","embeddable":true,"href":"https:\/\/site.educa.madrid.org\/eoi.valdezarza.madrid\/index.php\/wp-json\/wp\/v2\/folder?post=3856"}],"curies":[{"name":"wp","href":"https:\/\/api.w.org\/{rel}","templated":true}]}}