{"id":4625,"date":"2026-01-08T17:11:52","date_gmt":"2026-01-08T16:11:52","guid":{"rendered":"https:\/\/site.educa.madrid.org\/eoi.valdezarza.madrid\/?page_id=4625"},"modified":"2026-01-14T17:29:22","modified_gmt":"2026-01-14T16:29:22","slug":"alumnos-cursos-ape","status":"publish","type":"page","link":"https:\/\/site.educa.madrid.org\/eoi.valdezarza.madrid\/index.php\/alumnos-cursos-ape\/","title":{"rendered":"Alumnos cursos APE"},"content":{"rendered":"\n<h2 class=\"wp-block-heading\">Cursos de actualizaci\u00f3n, perfeccionamiento y especializaci\u00f3n (no reglados)<\/h2>\n\n\n\n<p><strong>Cursos del segundo cuatrimestre:<\/strong><\/p>\n\n\n\n<p><a href=\"https:\/\/site.educa.madrid.org\/eoi.valdezarza.madrid\/\/wp-content\/uploads\/eoi.valdezarza.madrid\/2025\/07\/Formulario-inscripcion-presencial-en-cursos-APE.pdf\" target=\"_blank\" rel=\"noreferrer noopener\">SOLICITUD DE ADMISI\u00d3N CURSOS APE<\/a><\/p>\n\n\n\n<p><strong>Plazo de presentaci\u00f3n de solicitudes:<\/strong> hasta el 12 de enero del 2026 (inclusive), presencialmente o a trav\u00e9s de la Secretar\u00eda Virtual de Ra\u00edces. <\/p>\n\n\n\n<p>Fuente: <a href=\"https:\/\/www.comunidad.madrid\/servicios\/educacion\/ensenanzas-idiomas\">https:\/\/www.comunidad.madrid\/servicios\/educacion\/ensenanzas-idiomas<\/a><\/p>\n\n\n\n<p><strong>Publicaci\u00f3n de la oferta educativa definitiva:<\/strong>&nbsp;<strong><a href=\"https:\/\/site.educa.madrid.org\/eoi.valdezarza.madrid\/index.php\/oferta-educativa-grupos-y-horarios\/\" target=\"_blank\" rel=\"noreferrer noopener\">PINCHA AQU\u00cd.<\/a><\/strong><\/p>\n\n\n\n<p><strong>Publicaci\u00f3n lista provisional de admitidos: <\/strong>14 de enero 2026. <a href=\"https:\/\/site.educa.madrid.org\/eoi.valdezarza.madrid\/\/wp-content\/uploads\/eoi.valdezarza.madrid\/2026\/01\/LISTADO-PROVISIONAL-ADMITIDOS-2o-cuatrimestre.pdf\" target=\"_blank\" rel=\"noreferrer noopener\">PINCHA AQU\u00cd<\/a>. <\/p>\n\n\n\n<p><strong>Periodo de reclamaciones:<\/strong> del 15 al 16 de enero 2026 (ambos incluidos).<\/p>\n\n\n\n<p><strong>Publicaci\u00f3n lista definitiva de admitidos: <\/strong>17 de enero 2026.<\/p>\n\n\n\n<p><strong>Plazo de matr\u00edcula:<\/strong> del 19 al 30 de enero 2026, ambos d\u00edas incluidos. Preferiblemente, de forma presencial en la secretar\u00eda del centro. En la siguiente gu\u00eda encontrar\u00e1 unas instrucciones sobre c\u00f3mo matricularse a trav\u00e9s de la Secretar\u00eda Virtual de Ra\u00edces:<\/p>\n\n\n\n<p><a href=\"https:\/\/raices.educa.madrid.org\/eoi-guia-para-alumnos-admitidos-en-cursos-de-perfeccionamiento-actualizacion-especializacion\/\" target=\"_blank\" rel=\"noreferrer noopener\">GU\u00cdA MATR\u00cdCULA EN SVR PARA ALUMNOS DE NUEVO INGRESO CURSOS APE<\/a><\/p>\n\n\n\n<div style=\"height:63px\" aria-hidden=\"true\" class=\"wp-block-spacer\"><\/div>\n\n\n\n<p><strong>Cursos anuales y del primer cuatrimestre:<\/strong><\/p>\n\n\n\n<p><a href=\"https:\/\/site.educa.madrid.org\/eoi.valdezarza.madrid\/\/wp-content\/uploads\/eoi.valdezarza.madrid\/2025\/07\/Formulario-inscripcion-presencial-en-cursos-APE.pdf\" target=\"_blank\" rel=\"noreferrer noopener\">SOLICITUD DE ADMISI\u00d3N CURSOS APE<\/a><\/p>\n\n\n\n<p><strong>Publicaci\u00f3n lista provisional de admitidos en cursos APE:&nbsp;<\/strong>9 de julio 2025 (periodo reclamaci\u00f3n: 10, 11 y 14 de julio)<\/p>\n\n\n\n<p><strong>Publicaci\u00f3n lista definitiva de admitidos en cursos APE:<\/strong>&nbsp;15 de julio 2025<\/p>\n\n\n\n<p><a href=\"https:\/\/site.educa.madrid.org\/eoi.valdezarza.madrid\/\/wp-content\/uploads\/eoi.valdezarza.madrid\/2025\/07\/Listado-definitivo-destrezas-orales-ingles-C1.pdf\" target=\"_blank\" rel=\"noreferrer noopener\">Listado definitivo admitidos curso APE de ingl\u00e9s<\/a><\/p>\n\n\n\n<p><a href=\"https:\/\/site.educa.madrid.org\/eoi.valdezarza.madrid\/\/wp-content\/uploads\/eoi.valdezarza.madrid\/2025\/07\/Listado-definitivo-teatro-italiano-B2.pdf\" target=\"_blank\" rel=\"noreferrer noopener\">Listado definitivo admitidos curso APE de italiano<\/a><\/p>\n\n\n\n<p><a href=\"https:\/\/site.educa.madrid.org\/eoi.valdezarza.madrid\/\/wp-content\/uploads\/eoi.valdezarza.madrid\/2025\/07\/Listado-definitivo-destrezas-orales-aleman-B.pdf\" target=\"_blank\" rel=\"noreferrer noopener\">Listado definitivo admitidos curso APE de alem\u00e1n<\/a><\/p>\n\n\n\n<p><strong>Matr\u00edcula en cursos APE:&nbsp;<\/strong>del 15 al 28 de julio 2025, presencialmente en la EOI o a trav\u00e9s de la Secretar\u00eda Virtual de Ra\u00edces. En la siguiente gu\u00eda encontrar\u00e1 unas instrucciones sobre c\u00f3mo matricularse a trav\u00e9s de la Secretar\u00eda Virtual de Ra\u00edces:<\/p>\n\n\n\n<p><a href=\"https:\/\/raices.educa.madrid.org\/eoi-guia-para-alumnos-admitidos-en-cursos-de-perfeccionamiento-actualizacion-especializacion\/\" target=\"_blank\" rel=\"noreferrer noopener\">GU\u00cdA MATR\u00cdCULA EN SVR PARA ALUMNOS DE NUEVO INGRESO CURSOS APE<\/a><\/p>\n\n\n\n<div style=\"height:63px\" aria-hidden=\"true\" class=\"wp-block-spacer\"><\/div>\n\n\n\n<p><strong>Normativa:<\/strong><\/p>\n\n\n\n<p><a href=\"https:\/\/site.educa.madrid.org\/eoi.valdezarza.madrid\/\/wp-content\/uploads\/eoi.valdezarza.madrid\/2025\/04\/BOCM-20250331-40.pdf\" target=\"_blank\" rel=\"noreferrer noopener\">RESOLUCI\u00d3N de 17 de marzo de 2025, de la Direcci\u00f3n General de Educaci\u00f3n Secundaria, Formaci\u00f3n Profesional y R\u00e9gimen Especial, por la que se determinan los plazos de acceso, admisi\u00f3n y matr\u00edcula de alumnos de nuevo ingreso para el curso 2025-2026 en las Escuelas Oficiales de Idiomas de la Comunidad de Madrid.<\/a><\/p>\n\n\n\n<p><a href=\"https:\/\/site.educa.madrid.org\/eoi.valdezarza.madrid\/\/wp-content\/uploads\/eoi.valdezarza.madrid\/2025\/04\/2025-04-10-INSTRUCCIONES-admin-matric-EOI-2025-2026_FDA.pdf\" target=\"_blank\" rel=\"noreferrer noopener\">Instrucciones del 25 de abril de 2025 de&nbsp;la&nbsp;&nbsp;Direcci\u00f3n General de Educaci\u00f3n Secundaria, Formaci\u00f3n Profesional&nbsp;y R\u00e9gimen Especial sobre acceso, admisi\u00f3n y matr\u00edcula de alumnos de nuevo ingreso&nbsp;en las escuelas oficiales de idiomas de la Comunidad de Madrid para el curso&nbsp;acad\u00e9mico 2025-2026.&nbsp;<\/a><\/p>\n","protected":false},"excerpt":{"rendered":"<p>Cursos de actualizaci\u00f3n, perfeccionamiento y especializaci\u00f3n (no reglados) Cursos del segundo cuatrimestre: SOLICITUD DE ADMISI\u00d3N CURSOS APE Plazo de presentaci\u00f3n de solicitudes: hasta el 12 de enero del 2026 (inclusive), &#8230;<\/p>\n","protected":false},"author":3,"featured_media":0,"parent":0,"menu_order":0,"comment_status":"closed","ping_status":"closed","template":"","meta":{"footnotes":""},"folder":[],"class_list":["post-4625","page","type-page","status-publish","hentry"],"rttpg_featured_image_url":null,"rttpg_author":{"display_name":"eoi.valdezarza.madrid","author_link":"https:\/\/site.educa.madrid.org\/eoi.valdezarza.madrid\/index.php\/author\/cuenta_eoi-valdezarza-madrid\/"},"rttpg_comment":0,"rttpg_category":false,"rttpg_excerpt":"Cursos de actualizaci\u00f3n, perfeccionamiento y especializaci\u00f3n (no reglados) Cursos del segundo cuatrimestre: SOLICITUD DE ADMISI\u00d3N CURSOS APE Plazo de presentaci\u00f3n de solicitudes: hasta el 12 de enero del 2026 (inclusive), ...","post_mailing_queue_ids":[],"_links":{"self":[{"href":"https:\/\/site.educa.madrid.org\/eoi.valdezarza.madrid\/index.php\/wp-json\/wp\/v2\/pages\/4625","targetHints":{"allow":["GET"]}}],"collection":[{"href":"https:\/\/site.educa.madrid.org\/eoi.valdezarza.madrid\/index.php\/wp-json\/wp\/v2\/pages"}],"about":[{"href":"https:\/\/site.educa.madrid.org\/eoi.valdezarza.madrid\/index.php\/wp-json\/wp\/v2\/types\/page"}],"author":[{"embeddable":true,"href":"https:\/\/site.educa.madrid.org\/eoi.valdezarza.madrid\/index.php\/wp-json\/wp\/v2\/users\/3"}],"replies":[{"embeddable":true,"href":"https:\/\/site.educa.madrid.org\/eoi.valdezarza.madrid\/index.php\/wp-json\/wp\/v2\/comments?post=4625"}],"version-history":[{"count":10,"href":"https:\/\/site.educa.madrid.org\/eoi.valdezarza.madrid\/index.php\/wp-json\/wp\/v2\/pages\/4625\/revisions"}],"predecessor-version":[{"id":4657,"href":"https:\/\/site.educa.madrid.org\/eoi.valdezarza.madrid\/index.php\/wp-json\/wp\/v2\/pages\/4625\/revisions\/4657"}],"wp:attachment":[{"href":"https:\/\/site.educa.madrid.org\/eoi.valdezarza.madrid\/index.php\/wp-json\/wp\/v2\/media?parent=4625"}],"wp:term":[{"taxonomy":"folder","embeddable":true,"href":"https:\/\/site.educa.madrid.org\/eoi.valdezarza.madrid\/index.php\/wp-json\/wp\/v2\/folder?post=4625"}],"curies":[{"name":"wp","href":"https:\/\/api.w.org\/{rel}","templated":true}]}}