{"id":120,"date":"2022-06-06T09:28:10","date_gmt":"2022-06-06T07:28:10","guid":{"rendered":"https:\/\/site.educa.madrid.org\/ies.alfonsomoreno.brunete\/?page_id=120"},"modified":"2024-11-08T09:21:52","modified_gmt":"2024-11-08T08:21:52","slug":"quienes-somos","status":"publish","type":"page","link":"https:\/\/site.educa.madrid.org\/ies.alfonsomoreno.brunete\/index.php\/inicio\/quienes-somos\/","title":{"rendered":"Qui\u00e9nes somos"},"content":{"rendered":"\n<blockquote class=\"wp-block-quote is-layout-flow wp-block-quote-is-layout-flow\">\n<p>Nuestro Centro aboga por a\u00f1adir y destacar, siguiendo a los especialistas, que \u201c<strong>pensar bien<\/strong>\u201d es fundamental para afrontar el desaf\u00edo de \u201c<strong>vivir en un mundo multicultural y orientado a las tecnolog\u00edas <\/strong>de informaci\u00f3n y comunicaci\u00f3n. Respondemos as\u00ed solo a una demanda laboral y social, donde los \u201c<strong>buenos pensadores<\/strong>\u201d tienen m\u00e1s posibilidades de hacerse cargo de sus vidas y alcanzar sus objetivos y su autorrealizaci\u00f3n. Nuestros estudiantes tienen que estar preparados para poner en pr\u00e1ctica el <strong>juicio cr\u00edtico y el pensamiento creativo<\/strong> y con ellos reunir, evaluar y usar informaci\u00f3n para resolver los problemas y tomar decisiones de forma efectiva en sus trabajos, profesiones y vidas. Esto incluye el desarrollo de <strong>competencias emocionales<\/strong>: promover actitudes positivas ante la vida, habilidades sociales y empat\u00eda, de cara a posibilitar unas mejores relaciones con los dem\u00e1s.<\/p>\n<\/blockquote>\n\n\n\n<h2 class=\"wp-block-heading\"><\/h2>\n","protected":false},"excerpt":{"rendered":"<p>Nuestro Centro aboga por a\u00f1adir y destacar, siguiendo a los especialistas, que \u201cpensar bien\u201d es fundamental para afrontar el desaf\u00edo de \u201cvivir en un mundo multicultural y orientado a las tecnolog\u00edas de informaci\u00f3n y comunicaci\u00f3n. Respondemos as\u00ed solo a una demanda laboral y social, donde los \u201cbuenos pensadores\u201d tienen m\u00e1s posibilidades de hacerse cargo de [&hellip;]<\/p>\n","protected":false},"author":5,"featured_media":0,"parent":116,"menu_order":1,"comment_status":"closed","ping_status":"closed","template":"","meta":{"footnotes":""},"folder":[],"class_list":["post-120","page","type-page","status-publish","hentry"],"rttpg_featured_image_url":null,"rttpg_author":{"display_name":"Cuenta Admin-educamadrid","author_link":"https:\/\/site.educa.madrid.org\/ies.alfonsomoreno.brunete\/index.php\/author\/cuenta_admin-educamadrid\/"},"rttpg_comment":0,"rttpg_category":false,"rttpg_excerpt":"Nuestro Centro aboga por a\u00f1adir y destacar, siguiendo a los especialistas, que \u201cpensar bien\u201d es fundamental para afrontar el desaf\u00edo de \u201cvivir en un mundo multicultural y orientado a las tecnolog\u00edas de informaci\u00f3n y comunicaci\u00f3n. Respondemos as\u00ed solo a una demanda laboral y social, donde los \u201cbuenos pensadores\u201d tienen m\u00e1s posibilidades de hacerse cargo de&hellip;","post_mailing_queue_ids":[],"_links":{"self":[{"href":"https:\/\/site.educa.madrid.org\/ies.alfonsomoreno.brunete\/index.php\/wp-json\/wp\/v2\/pages\/120","targetHints":{"allow":["GET"]}}],"collection":[{"href":"https:\/\/site.educa.madrid.org\/ies.alfonsomoreno.brunete\/index.php\/wp-json\/wp\/v2\/pages"}],"about":[{"href":"https:\/\/site.educa.madrid.org\/ies.alfonsomoreno.brunete\/index.php\/wp-json\/wp\/v2\/types\/page"}],"author":[{"embeddable":true,"href":"https:\/\/site.educa.madrid.org\/ies.alfonsomoreno.brunete\/index.php\/wp-json\/wp\/v2\/users\/5"}],"replies":[{"embeddable":true,"href":"https:\/\/site.educa.madrid.org\/ies.alfonsomoreno.brunete\/index.php\/wp-json\/wp\/v2\/comments?post=120"}],"version-history":[{"count":12,"href":"https:\/\/site.educa.madrid.org\/ies.alfonsomoreno.brunete\/index.php\/wp-json\/wp\/v2\/pages\/120\/revisions"}],"predecessor-version":[{"id":2265,"href":"https:\/\/site.educa.madrid.org\/ies.alfonsomoreno.brunete\/index.php\/wp-json\/wp\/v2\/pages\/120\/revisions\/2265"}],"up":[{"embeddable":true,"href":"https:\/\/site.educa.madrid.org\/ies.alfonsomoreno.brunete\/index.php\/wp-json\/wp\/v2\/pages\/116"}],"wp:attachment":[{"href":"https:\/\/site.educa.madrid.org\/ies.alfonsomoreno.brunete\/index.php\/wp-json\/wp\/v2\/media?parent=120"}],"wp:term":[{"taxonomy":"folder","embeddable":true,"href":"https:\/\/site.educa.madrid.org\/ies.alfonsomoreno.brunete\/index.php\/wp-json\/wp\/v2\/folder?post=120"}],"curies":[{"name":"wp","href":"https:\/\/api.w.org\/{rel}","templated":true}]}}