{"id":121,"date":"2022-06-06T09:28:10","date_gmt":"2022-06-06T07:28:10","guid":{"rendered":"https:\/\/site.educa.madrid.org\/ies.alfonsomoreno.brunete\/?page_id=121"},"modified":"2023-05-08T12:57:32","modified_gmt":"2023-05-08T10:57:32","slug":"equipo-docente","status":"publish","type":"page","link":"https:\/\/site.educa.madrid.org\/ies.alfonsomoreno.brunete\/index.php\/inicio\/quienes-somos\/equipo-docente\/","title":{"rendered":"Equipo directivo y Departamentos Did\u00e1cticos"},"content":{"rendered":"\n<h2 class=\"wp-block-heading\">Nuestro equipo directivo<\/h2>\n\n\n\n<div class=\"wp-block-columns is-layout-flex wp-container-core-columns-is-layout-28f84493 wp-block-columns-is-layout-flex\">\n<div class=\"wp-block-column is-layout-flow wp-block-column-is-layout-flow\">\n<figure class=\"wp-block-image size-full\"><img loading=\"lazy\" decoding=\"async\" width=\"200\" height=\"200\" src=\"https:\/\/site.educa.madrid.org\/ies.alfonsomoreno.brunete\/\/wp-content\/uploads\/ies.alfonsomoreno.brunete\/2022\/06\/icon-01.jpg\" alt=\"\" class=\"wp-image-596\" srcset=\"https:\/\/site.educa.madrid.org\/ies.alfonsomoreno.brunete\/\/wp-content\/uploads\/ies.alfonsomoreno.brunete\/2022\/06\/icon-01.jpg 200w, https:\/\/site.educa.madrid.org\/ies.alfonsomoreno.brunete\/\/wp-content\/uploads\/ies.alfonsomoreno.brunete\/2022\/06\/icon-01-150x150.jpg 150w, https:\/\/site.educa.madrid.org\/ies.alfonsomoreno.brunete\/\/wp-content\/uploads\/ies.alfonsomoreno.brunete\/2022\/06\/icon-01-100x100.jpg 100w\" sizes=\"auto, (max-width: 200px) 100vw, 200px\" \/><figcaption><br>Amalia Antorrena<br><em>Directora del centro<\/em><br><em>&nbsp;<\/em><br><\/figcaption><\/figure>\n<\/div>\n\n\n\n<div class=\"wp-block-column is-layout-flow wp-block-column-is-layout-flow\">\n<figure class=\"wp-block-image size-full\"><img loading=\"lazy\" decoding=\"async\" width=\"200\" height=\"200\" src=\"https:\/\/site.educa.madrid.org\/ies.alfonsomoreno.brunete\/\/wp-content\/uploads\/ies.alfonsomoreno.brunete\/2022\/06\/icon-01.jpg\" alt=\"\" class=\"wp-image-596\" srcset=\"https:\/\/site.educa.madrid.org\/ies.alfonsomoreno.brunete\/\/wp-content\/uploads\/ies.alfonsomoreno.brunete\/2022\/06\/icon-01.jpg 200w, https:\/\/site.educa.madrid.org\/ies.alfonsomoreno.brunete\/\/wp-content\/uploads\/ies.alfonsomoreno.brunete\/2022\/06\/icon-01-150x150.jpg 150w, https:\/\/site.educa.madrid.org\/ies.alfonsomoreno.brunete\/\/wp-content\/uploads\/ies.alfonsomoreno.brunete\/2022\/06\/icon-01-100x100.jpg 100w\" sizes=\"auto, (max-width: 200px) 100vw, 200px\" \/><figcaption><br>Natividad Monaj<br>Raquel Bad\u00eda<br>Diana Alonso<br><em>Jefas de estudios&nbsp;<\/em><br><br><\/figcaption><\/figure>\n<\/div>\n\n\n\n<div class=\"wp-block-column is-layout-flow wp-block-column-is-layout-flow\">\n<figure class=\"wp-block-image size-full\"><img loading=\"lazy\" decoding=\"async\" width=\"200\" height=\"200\" src=\"https:\/\/site.educa.madrid.org\/ies.alfonsomoreno.brunete\/\/wp-content\/uploads\/ies.alfonsomoreno.brunete\/2022\/06\/icon-03.jpg\" alt=\"\" class=\"wp-image-598\" srcset=\"https:\/\/site.educa.madrid.org\/ies.alfonsomoreno.brunete\/\/wp-content\/uploads\/ies.alfonsomoreno.brunete\/2022\/06\/icon-03.jpg 200w, https:\/\/site.educa.madrid.org\/ies.alfonsomoreno.brunete\/\/wp-content\/uploads\/ies.alfonsomoreno.brunete\/2022\/06\/icon-03-150x150.jpg 150w, https:\/\/site.educa.madrid.org\/ies.alfonsomoreno.brunete\/\/wp-content\/uploads\/ies.alfonsomoreno.brunete\/2022\/06\/icon-03-100x100.jpg 100w\" sizes=\"auto, (max-width: 200px) 100vw, 200px\" \/><figcaption><br>V\u00edctor N\u00fa\u00f1ez<br><em>Secretario<\/em><br><em>&nbsp;<\/em><br><\/figcaption><\/figure>\n<\/div>\n<\/div>\n\n\n\n<h2 class=\"wp-block-heading\">Equipo docente<\/h2>\n\n\n\n<p>El Claustro est\u00e1 formado por una plantilla de <strong>56 profesores.<\/strong><\/p>\n\n\n\n<p>Los Departamentos did\u00e1cticos est\u00e1n compuestos por los profesores que imparten ense\u00f1anzas propias de las \u00e1reas o materias que tienen asignados. Cada uno de estos Departamentos tiene un responsable, el jefe o jefa de Departamento, cuyas tareas son organizar y desarrollar las ense\u00f1anzas propias de su \u00e1rea o materia.<\/p>\n\n\n\n<h2 class=\"wp-block-heading\">Departamentos did\u00e1cticos<\/h2>\n\n\n\n<figure class=\"wp-block-gallery has-nested-images columns-default is-cropped wp-block-gallery-1 is-layout-flex wp-block-gallery-is-layout-flex\">\n<figure class=\"wp-block-image size-full\"><a href=\"https:\/\/site.educa.madrid.org\/ies.alfonsomoreno.brunete\/index.php\/inicio\/quienes-somos\/equipo-docente\/matematicas\/\"><img decoding=\"async\" data-id=\"469\" src=\"https:\/\/site.educa.madrid.org\/ies.alfonsomoreno.brunete\/\/wp-content\/uploads\/ies.alfonsomoreno.brunete\/2022\/06\/matematicas.jpg\" alt=\"\" class=\"wp-image-469\"\/><\/a><figcaption>Matem\u00e1ticas<\/figcaption><\/figure>\n\n\n\n<figure class=\"wp-block-image size-full\"><a href=\"https:\/\/site.educa.madrid.org\/ies.alfonsomoreno.brunete\/index.php\/inicio\/quienes-somos\/equipo-docente\/frances\/\"><img loading=\"lazy\" decoding=\"async\" width=\"236\" height=\"177\" data-id=\"499\" src=\"https:\/\/site.educa.madrid.org\/ies.alfonsomoreno.brunete\/\/wp-content\/uploads\/ies.alfonsomoreno.brunete\/2022\/06\/frances.jpg\" alt=\"\" class=\"wp-image-499\"\/><\/a><figcaption>Franc\u00e9s<\/figcaption><\/figure>\n\n\n\n<figure class=\"wp-block-image size-full\"><a href=\"https:\/\/site.educa.madrid.org\/ies.alfonsomoreno.brunete\/index.php\/inicio\/quienes-somos\/equipo-docente\/educacion-plastica-y-visual\/\"><img loading=\"lazy\" decoding=\"async\" width=\"236\" height=\"177\" data-id=\"491\" src=\"https:\/\/site.educa.madrid.org\/ies.alfonsomoreno.brunete\/\/wp-content\/uploads\/ies.alfonsomoreno.brunete\/2022\/06\/plastica.jpg\" alt=\"\" class=\"wp-image-491\"\/><\/a><figcaption>Educaci\u00f3n pl\u00e1stica y visual<\/figcaption><\/figure>\n\n\n\n<figure class=\"wp-block-image size-full\"><a href=\"https:\/\/site.educa.madrid.org\/ies.alfonsomoreno.brunete\/index.php\/inicio\/quienes-somos\/equipo-docente\/educacion-fisica\/\"><img loading=\"lazy\" decoding=\"async\" width=\"236\" height=\"177\" data-id=\"495\" src=\"https:\/\/site.educa.madrid.org\/ies.alfonsomoreno.brunete\/\/wp-content\/uploads\/ies.alfonsomoreno.brunete\/2022\/06\/educacionfisica.jpg\" alt=\"\" class=\"wp-image-495\"\/><\/a><figcaption>Educaci\u00f3n F\u00edsica<\/figcaption><\/figure>\n\n\n\n<figure class=\"wp-block-image size-full\"><a href=\"https:\/\/site.educa.madrid.org\/ies.alfonsomoreno.brunete\/index.php\/inicio\/quienes-somos\/equipo-docente\/geografia-e-historia\/\"><img loading=\"lazy\" decoding=\"async\" width=\"236\" height=\"177\" data-id=\"500\" src=\"https:\/\/site.educa.madrid.org\/ies.alfonsomoreno.brunete\/\/wp-content\/uploads\/ies.alfonsomoreno.brunete\/2022\/06\/geografia.jpg\" alt=\"\" class=\"wp-image-500\"\/><\/a><figcaption>Geograf\u00eda e Historia<\/figcaption><\/figure>\n\n\n\n<figure class=\"wp-block-image size-full\"><a href=\"https:\/\/site.educa.madrid.org\/ies.alfonsomoreno.brunete\/index.php\/inicio\/quienes-somos\/equipo-docente\/ingles\/\"><img loading=\"lazy\" decoding=\"async\" width=\"236\" height=\"177\" data-id=\"487\" src=\"https:\/\/site.educa.madrid.org\/ies.alfonsomoreno.brunete\/\/wp-content\/uploads\/ies.alfonsomoreno.brunete\/2022\/06\/ingles.jpg\" alt=\"\" class=\"wp-image-487\"\/><\/a><figcaption>Ingl\u00e9s<\/figcaption><\/figure>\n\n\n\n<figure class=\"wp-block-image size-full\"><a href=\"https:\/\/site.educa.madrid.org\/ies.alfonsomoreno.brunete\/index.php\/inicio\/quienes-somos\/equipo-docente\/biologia-y-geologia\/\"><img loading=\"lazy\" decoding=\"async\" width=\"236\" height=\"177\" data-id=\"494\" src=\"https:\/\/site.educa.madrid.org\/ies.alfonsomoreno.brunete\/\/wp-content\/uploads\/ies.alfonsomoreno.brunete\/2022\/06\/biologia.jpg\" alt=\"\" class=\"wp-image-494\"\/><\/a><figcaption>Biolog\u00eda<\/figcaption><\/figure>\n\n\n\n<figure class=\"wp-block-image size-full\"><a href=\"https:\/\/site.educa.madrid.org\/ies.alfonsomoreno.brunete\/index.php\/inicio\/quienes-somos\/equipo-docente\/musica\/\"><img loading=\"lazy\" decoding=\"async\" width=\"236\" height=\"177\" data-id=\"490\" src=\"https:\/\/site.educa.madrid.org\/ies.alfonsomoreno.brunete\/\/wp-content\/uploads\/ies.alfonsomoreno.brunete\/2022\/06\/musica.jpg\" alt=\"\" class=\"wp-image-490\"\/><\/a><figcaption>M\u00fasica<\/figcaption><\/figure>\n\n\n\n<figure class=\"wp-block-image size-full\"><a href=\"https:\/\/site.educa.madrid.org\/ies.alfonsomoreno.brunete\/index.php\/inicio\/quienes-somos\/equipo-docente\/fisica-y-quimica\/\"><img loading=\"lazy\" decoding=\"async\" width=\"236\" height=\"177\" data-id=\"498\" src=\"https:\/\/site.educa.madrid.org\/ies.alfonsomoreno.brunete\/\/wp-content\/uploads\/ies.alfonsomoreno.brunete\/2022\/06\/fisicaquimica.jpg\" alt=\"\" class=\"wp-image-498\"\/><\/a><figcaption>F\u00edsica y Qu\u00edmica<\/figcaption><\/figure>\n\n\n\n<figure class=\"wp-block-image size-full\"><a href=\"https:\/\/site.educa.madrid.org\/ies.alfonsomoreno.brunete\/index.php\/inicio\/quienes-somos\/equipo-docente\/economia\/\"><img loading=\"lazy\" decoding=\"async\" width=\"236\" height=\"177\" data-id=\"496\" src=\"https:\/\/site.educa.madrid.org\/ies.alfonsomoreno.brunete\/\/wp-content\/uploads\/ies.alfonsomoreno.brunete\/2022\/06\/estadistica.jpg\" alt=\"\" class=\"wp-image-496\"\/><\/a><figcaption>Econom\u00eda<\/figcaption><\/figure>\n\n\n\n<figure class=\"wp-block-image size-full\"><a href=\"https:\/\/site.educa.madrid.org\/ies.alfonsomoreno.brunete\/index.php\/inicio\/quienes-somos\/equipo-docente\/lengua-castellana-y-literatura\/\"><img loading=\"lazy\" decoding=\"async\" width=\"236\" height=\"177\" data-id=\"488\" src=\"https:\/\/site.educa.madrid.org\/ies.alfonsomoreno.brunete\/\/wp-content\/uploads\/ies.alfonsomoreno.brunete\/2022\/06\/lengua.jpg\" alt=\"\" class=\"wp-image-488\"\/><\/a><figcaption>Lengua y literatura<\/figcaption><\/figure>\n\n\n\n<figure class=\"wp-block-image size-full\"><a href=\"https:\/\/site.educa.madrid.org\/ies.alfonsomoreno.brunete\/index.php\/inicio\/quienes-somos\/equipo-docente\/latin-y-griego\/\"><img loading=\"lazy\" decoding=\"async\" width=\"236\" height=\"177\" data-id=\"486\" src=\"https:\/\/site.educa.madrid.org\/ies.alfonsomoreno.brunete\/\/wp-content\/uploads\/ies.alfonsomoreno.brunete\/2022\/06\/griego.jpg\" alt=\"\" class=\"wp-image-486\"\/><\/a><figcaption>Lat\u00edn<\/figcaption><\/figure>\n\n\n\n<figure class=\"wp-block-image size-full\"><a href=\"https:\/\/site.educa.madrid.org\/ies.alfonsomoreno.brunete\/index.php\/inicio\/quienes-somos\/equipo-docente\/tecnologia\/\"><img loading=\"lazy\" decoding=\"async\" width=\"236\" height=\"177\" data-id=\"493\" src=\"https:\/\/site.educa.madrid.org\/ies.alfonsomoreno.brunete\/\/wp-content\/uploads\/ies.alfonsomoreno.brunete\/2022\/06\/teconologia.jpg\" alt=\"\" class=\"wp-image-493\"\/><\/a><figcaption>Tecnolog\u00eda<\/figcaption><\/figure>\n\n\n\n<figure class=\"wp-block-image size-full\"><a href=\"https:\/\/site.educa.madrid.org\/ies.alfonsomoreno.brunete\/index.php\/inicio\/quienes-somos\/equipo-docente\/religion\/\"><img loading=\"lazy\" decoding=\"async\" width=\"236\" height=\"177\" data-id=\"492\" src=\"https:\/\/site.educa.madrid.org\/ies.alfonsomoreno.brunete\/\/wp-content\/uploads\/ies.alfonsomoreno.brunete\/2022\/06\/religion.jpg\" alt=\"\" class=\"wp-image-492\"\/><\/a><figcaption>Religi\u00f3n<\/figcaption><\/figure>\n\n\n\n<figure class=\"wp-block-image size-full\"><a href=\"https:\/\/site.educa.madrid.org\/ies.alfonsomoreno.brunete\/index.php\/inicio\/quienes-somos\/equipo-docente\/filosofia\/\"><img loading=\"lazy\" decoding=\"async\" width=\"236\" height=\"177\" data-id=\"497\" src=\"https:\/\/site.educa.madrid.org\/ies.alfonsomoreno.brunete\/\/wp-content\/uploads\/ies.alfonsomoreno.brunete\/2022\/06\/filosofia.jpg\" alt=\"\" class=\"wp-image-497\"\/><\/a><figcaption>Filosof\u00eda<\/figcaption><\/figure>\n\n\n\n<figure class=\"wp-block-image size-large is-style-default\"><a href=\"https:\/\/site.educa.madrid.org\/ies.alfonsomoreno.brunete\/index.php\/inicio\/quienes-somos\/equipo-docente\/orientacion\/\"><img loading=\"lazy\" decoding=\"async\" width=\"1024\" height=\"683\" data-id=\"1294\" src=\"https:\/\/site.educa.madrid.org\/ies.alfonsomoreno.brunete\/\/wp-content\/uploads\/ies.alfonsomoreno.brunete\/2023\/05\/pexels-photo-14436272-1024x683.jpeg\" alt=\"\" class=\"wp-image-1294\" srcset=\"https:\/\/site.educa.madrid.org\/ies.alfonsomoreno.brunete\/\/wp-content\/uploads\/ies.alfonsomoreno.brunete\/2023\/05\/pexels-photo-14436272-1024x683.jpeg 1024w, https:\/\/site.educa.madrid.org\/ies.alfonsomoreno.brunete\/\/wp-content\/uploads\/ies.alfonsomoreno.brunete\/2023\/05\/pexels-photo-14436272-300x200.jpeg 300w, https:\/\/site.educa.madrid.org\/ies.alfonsomoreno.brunete\/\/wp-content\/uploads\/ies.alfonsomoreno.brunete\/2023\/05\/pexels-photo-14436272-768x512.jpeg 768w, https:\/\/site.educa.madrid.org\/ies.alfonsomoreno.brunete\/\/wp-content\/uploads\/ies.alfonsomoreno.brunete\/2023\/05\/pexels-photo-14436272-391x260.jpeg 391w, https:\/\/site.educa.madrid.org\/ies.alfonsomoreno.brunete\/\/wp-content\/uploads\/ies.alfonsomoreno.brunete\/2023\/05\/pexels-photo-14436272-272x182.jpeg 272w, https:\/\/site.educa.madrid.org\/ies.alfonsomoreno.brunete\/\/wp-content\/uploads\/ies.alfonsomoreno.brunete\/2023\/05\/pexels-photo-14436272.jpeg 1125w\" sizes=\"auto, (max-width: 1024px) 100vw, 1024px\" \/><\/a><figcaption>Orientaci\u00f3n<\/figcaption><\/figure>\n\n\n\n<figure class=\"wp-block-image size-full is-style-default\"><img loading=\"lazy\" decoding=\"async\" width=\"340\" height=\"223\" data-id=\"1352\" src=\"https:\/\/site.educa.madrid.org\/ies.alfonsomoreno.brunete\/\/wp-content\/uploads\/ies.alfonsomoreno.brunete\/2023\/05\/Sin-titulo.jpg\" alt=\"\" class=\"wp-image-1352\" srcset=\"https:\/\/site.educa.madrid.org\/ies.alfonsomoreno.brunete\/\/wp-content\/uploads\/ies.alfonsomoreno.brunete\/2023\/05\/Sin-titulo.jpg 340w, https:\/\/site.educa.madrid.org\/ies.alfonsomoreno.brunete\/\/wp-content\/uploads\/ies.alfonsomoreno.brunete\/2023\/05\/Sin-titulo-300x197.jpg 300w\" sizes=\"auto, (max-width: 340px) 100vw, 340px\" \/><\/figure>\n\n\n\n<figure class=\"wp-block-image size-large is-style-default\"><img loading=\"lazy\" decoding=\"async\" width=\"340\" height=\"223\" data-id=\"1352\" src=\"https:\/\/site.educa.madrid.org\/ies.alfonsomoreno.brunete\/\/wp-content\/uploads\/ies.alfonsomoreno.brunete\/2023\/05\/Sin-titulo.jpg\" alt=\"\" class=\"wp-image-1352\" srcset=\"https:\/\/site.educa.madrid.org\/ies.alfonsomoreno.brunete\/\/wp-content\/uploads\/ies.alfonsomoreno.brunete\/2023\/05\/Sin-titulo.jpg 340w, https:\/\/site.educa.madrid.org\/ies.alfonsomoreno.brunete\/\/wp-content\/uploads\/ies.alfonsomoreno.brunete\/2023\/05\/Sin-titulo-300x197.jpg 300w\" sizes=\"auto, (max-width: 340px) 100vw, 340px\" \/><\/figure>\n<\/figure>\n\n\n\n<h2 class=\"wp-block-heading\"><\/h2>\n","protected":false},"excerpt":{"rendered":"<p>Nuestro equipo directivo Equipo docente El Claustro est\u00e1 formado por una plantilla de 56 profesores. Los Departamentos did\u00e1cticos est\u00e1n compuestos por los profesores que imparten ense\u00f1anzas propias de las \u00e1reas o materias que tienen asignados. Cada uno de estos Departamentos tiene un responsable, el jefe o jefa de Departamento, cuyas tareas son organizar y desarrollar [&hellip;]<\/p>\n","protected":false},"author":5,"featured_media":0,"parent":120,"menu_order":1,"comment_status":"closed","ping_status":"closed","template":"","meta":{"footnotes":""},"folder":[],"class_list":["post-121","page","type-page","status-publish","hentry"],"rttpg_featured_image_url":null,"rttpg_author":{"display_name":"Cuenta Admin-educamadrid","author_link":"https:\/\/site.educa.madrid.org\/ies.alfonsomoreno.brunete\/index.php\/author\/cuenta_admin-educamadrid\/"},"rttpg_comment":0,"rttpg_category":false,"rttpg_excerpt":"Nuestro equipo directivo Equipo docente El Claustro est\u00e1 formado por una plantilla de 56 profesores. Los Departamentos did\u00e1cticos est\u00e1n compuestos por los profesores que imparten ense\u00f1anzas propias de las \u00e1reas o materias que tienen asignados. Cada uno de estos Departamentos tiene un responsable, el jefe o jefa de Departamento, cuyas tareas son organizar y desarrollar&hellip;","post_mailing_queue_ids":[],"_links":{"self":[{"href":"https:\/\/site.educa.madrid.org\/ies.alfonsomoreno.brunete\/index.php\/wp-json\/wp\/v2\/pages\/121","targetHints":{"allow":["GET"]}}],"collection":[{"href":"https:\/\/site.educa.madrid.org\/ies.alfonsomoreno.brunete\/index.php\/wp-json\/wp\/v2\/pages"}],"about":[{"href":"https:\/\/site.educa.madrid.org\/ies.alfonsomoreno.brunete\/index.php\/wp-json\/wp\/v2\/types\/page"}],"author":[{"embeddable":true,"href":"https:\/\/site.educa.madrid.org\/ies.alfonsomoreno.brunete\/index.php\/wp-json\/wp\/v2\/users\/5"}],"replies":[{"embeddable":true,"href":"https:\/\/site.educa.madrid.org\/ies.alfonsomoreno.brunete\/index.php\/wp-json\/wp\/v2\/comments?post=121"}],"version-history":[{"count":38,"href":"https:\/\/site.educa.madrid.org\/ies.alfonsomoreno.brunete\/index.php\/wp-json\/wp\/v2\/pages\/121\/revisions"}],"predecessor-version":[{"id":1374,"href":"https:\/\/site.educa.madrid.org\/ies.alfonsomoreno.brunete\/index.php\/wp-json\/wp\/v2\/pages\/121\/revisions\/1374"}],"up":[{"embeddable":true,"href":"https:\/\/site.educa.madrid.org\/ies.alfonsomoreno.brunete\/index.php\/wp-json\/wp\/v2\/pages\/120"}],"wp:attachment":[{"href":"https:\/\/site.educa.madrid.org\/ies.alfonsomoreno.brunete\/index.php\/wp-json\/wp\/v2\/media?parent=121"}],"wp:term":[{"taxonomy":"folder","embeddable":true,"href":"https:\/\/site.educa.madrid.org\/ies.alfonsomoreno.brunete\/index.php\/wp-json\/wp\/v2\/folder?post=121"}],"curies":[{"name":"wp","href":"https:\/\/api.w.org\/{rel}","templated":true}]}}