{"id":124,"date":"2022-06-06T09:28:10","date_gmt":"2022-06-06T07:28:10","guid":{"rendered":"https:\/\/site.educa.madrid.org\/ies.alfonsomoreno.brunete\/?page_id=124"},"modified":"2024-06-20T13:12:36","modified_gmt":"2024-06-20T11:12:36","slug":"ampa","status":"publish","type":"page","link":"https:\/\/site.educa.madrid.org\/ies.alfonsomoreno.brunete\/index.php\/inicio\/quienes-somos\/ampa\/","title":{"rendered":"AMPA"},"content":{"rendered":"\n<div class=\"wp-block-group is-layout-flow wp-block-group-is-layout-flow\">\n<div class=\"wp-block-columns is-layout-flex wp-container-core-columns-is-layout-28f84493 wp-block-columns-is-layout-flex\">\n<div class=\"wp-block-column is-layout-flow wp-block-column-is-layout-flow\" style=\"flex-basis:100%\">\n<div class=\"wp-block-group is-layout-flow wp-block-group-is-layout-flow\">\n<div class=\"wp-block-columns is-layout-flex wp-container-core-columns-is-layout-28f84493 wp-block-columns-is-layout-flex\">\n<div class=\"wp-block-column is-layout-flow wp-block-column-is-layout-flow\" style=\"flex-basis:100%\">\n<div class=\"wp-block-group alignwide is-layout-flow wp-block-group-is-layout-flow\">\n<div class=\"wp-block-media-text is-stacked-on-mobile is-vertically-aligned-top\" style=\"grid-template-columns:33% auto\"><figure class=\"wp-block-media-text__media\"><img loading=\"lazy\" decoding=\"async\" width=\"194\" height=\"280\" src=\"https:\/\/site.educa.madrid.org\/ies.alfonsomoreno.brunete\/\/wp-content\/uploads\/ies.alfonsomoreno.brunete\/2023\/03\/AMPA.jpg\" alt=\"\" class=\"wp-image-1062 size-full\"\/><\/figure><div class=\"wp-block-media-text__content\">\n<p>La Asociaci\u00f3n de Madres y Padres es el mejor y&nbsp;<strong>m\u00e1s eficiente \u00f3rgano de representaci\u00f3n de las familias en el centro educativo y de participaci\u00f3n activa en la gesti\u00f3n y el modelo educativo del mismo&nbsp;<\/strong>y su importancia es reconocida por todo el mundo. Y es que, igual que nos preocupamos por educar a nuestros hijos e hijas, los padres y madres tambi\u00e9n debemos participar desde la Asociaci\u00f3n para colaborar con el centro educativo en dicha educaci\u00f3n.<\/p>\n\n\n\n<p>Somos una asociaci\u00f3n sin \u00e1nimo de lucro, que tiene como \u00fanico fin la representaci\u00f3n en la comunidad escolar,&nbsp; defender la calidad de la ense\u00f1anza p\u00fablica y colaborar con el centro en muchas de las actividades que se realizan.<\/p>\n\n\n\n<p>Para ello no solo contamos con la aportaci\u00f3n econ\u00f3mica de todos nuestros socios, sino que tambi\u00e9n se necesita la participaci\u00f3n de todos los que est\u00e9n interesados en colaborar con un poco de tiempo o aportando ideas.<\/p>\n<\/div><\/div>\n<\/div>\n<\/div>\n<\/div>\n<\/div>\n<\/div>\n<\/div>\n<\/div>\n\n\n\n<h2 class=\"wp-block-heading\">\u00bfQu\u00e9 hacemos?<\/h2>\n\n\n\n<div class=\"wp-block-columns is-layout-flex wp-container-core-columns-is-layout-28f84493 wp-block-columns-is-layout-flex\">\n<div class=\"wp-block-column is-layout-flow wp-block-column-is-layout-flow\" style=\"flex-basis:66.66%\">\n<ul class=\"wp-block-list\">\n<li>Representaci\u00f3n en el Consejo Escolar del centro.<\/li>\n\n\n\n<li>Mercadillo de libros en julio y septiembre de cada a\u00f1o.<\/li>\n\n\n\n<li>Colaboraci\u00f3n con\u00a0 viaje de fin de curso de 4\u00ba. Ayuda con la venta de productos para la financiaci\u00f3n del viaje.<\/li>\n\n\n\n<li>Microcreditos para apoyar a las familias que lo necesiten en la financiaci\u00f3n del viaje.<\/li>\n\n\n\n<li>Talleres y charlas con tem\u00e1ticas de inter\u00e9s para las familias.<\/li>\n\n\n\n<li>Participaci\u00f3n en las actividades en las que el centro nos necesita.<\/li>\n<\/ul>\n<\/div>\n\n\n\n<div class=\"wp-block-column is-layout-flow wp-block-column-is-layout-flow\" style=\"flex-basis:33.33%\">\n<p>&nbsp;<\/p>\n<\/div>\n<\/div>\n\n\n\n<h2 class=\"wp-block-heading\">Nos puedes encontrar<\/h2>\n\n\n\n<p>En el centro los mi\u00e9rcoles de 11.10 a 11.35. <\/p>\n\n\n\n<div class=\"wp-block-columns is-layout-flex wp-container-core-columns-is-layout-28f84493 wp-block-columns-is-layout-flex\">\n<div class=\"wp-block-column is-layout-flow wp-block-column-is-layout-flow\">\n<p>\ud83d\udce7apaalfonsomoreno@hotmail.com<\/p>\n\n\n\n<p>En el buz\u00f3n de correo del IES.<\/p>\n<\/div>\n\n\n\n<div class=\"wp-block-column is-layout-flow wp-block-column-is-layout-flow\">\n<p><\/p>\n<\/div>\n<\/div>\n\n\n\n<ul class=\"wp-block-social-links is-style-default is-layout-flex wp-block-social-links-is-layout-flex\"><li class=\"wp-social-link wp-social-link-facebook  wp-block-social-link\"><a href=\"https:\/\/www.facebook.com\/Ampaalfonsomoreno\/\" class=\"wp-block-social-link-anchor\"><svg width=\"24\" height=\"24\" viewBox=\"0 0 24 24\" version=\"1.1\" xmlns=\"http:\/\/www.w3.org\/2000\/svg\" aria-hidden=\"true\" focusable=\"false\"><path d=\"M12 2C6.5 2 2 6.5 2 12c0 5 3.7 9.1 8.4 9.9v-7H7.9V12h2.5V9.8c0-2.5 1.5-3.9 3.8-3.9 1.1 0 2.2.2 2.2.2v2.5h-1.3c-1.2 0-1.6.8-1.6 1.6V12h2.8l-.4 2.9h-2.3v7C18.3 21.1 22 17 22 12c0-5.5-4.5-10-10-10z\"><\/path><\/svg><span class=\"wp-block-social-link-label screen-reader-text\">Facebook<\/span><\/a><\/li><\/ul>\n\n\n\n<p><a href=\"https:\/\/site.educa.madrid.org\/ies.alfonsomoreno.brunete\/\/wp-content\/uploads\/ies.alfonsomoreno.brunete\/2024\/06\/Inscripcion-AMPA-24-25.pdf\">Inscripci\u00f3n AMPA<\/a><\/p>\n\n\n\n<p><\/p>\n","protected":false},"excerpt":{"rendered":"<p>La Asociaci\u00f3n de Madres y Padres es el mejor y&nbsp;m\u00e1s eficiente \u00f3rgano de representaci\u00f3n de las familias en el centro educativo y de participaci\u00f3n activa en la gesti\u00f3n y el modelo educativo del mismo&nbsp;y su importancia es reconocida por todo el mundo. Y es que, igual que nos preocupamos por educar a nuestros hijos e [&hellip;]<\/p>\n","protected":false},"author":5,"featured_media":0,"parent":120,"menu_order":4,"comment_status":"closed","ping_status":"closed","template":"","meta":{"footnotes":""},"folder":[],"class_list":["post-124","page","type-page","status-publish","hentry"],"rttpg_featured_image_url":null,"rttpg_author":{"display_name":"Cuenta Admin-educamadrid","author_link":"https:\/\/site.educa.madrid.org\/ies.alfonsomoreno.brunete\/index.php\/author\/cuenta_admin-educamadrid\/"},"rttpg_comment":0,"rttpg_category":false,"rttpg_excerpt":"La Asociaci\u00f3n de Madres y Padres es el mejor y&nbsp;m\u00e1s eficiente \u00f3rgano de representaci\u00f3n de las familias en el centro educativo y de participaci\u00f3n activa en la gesti\u00f3n y el modelo educativo del mismo&nbsp;y su importancia es reconocida por todo el mundo. Y es que, igual que nos preocupamos por educar a nuestros hijos e&hellip;","post_mailing_queue_ids":[],"_links":{"self":[{"href":"https:\/\/site.educa.madrid.org\/ies.alfonsomoreno.brunete\/index.php\/wp-json\/wp\/v2\/pages\/124","targetHints":{"allow":["GET"]}}],"collection":[{"href":"https:\/\/site.educa.madrid.org\/ies.alfonsomoreno.brunete\/index.php\/wp-json\/wp\/v2\/pages"}],"about":[{"href":"https:\/\/site.educa.madrid.org\/ies.alfonsomoreno.brunete\/index.php\/wp-json\/wp\/v2\/types\/page"}],"author":[{"embeddable":true,"href":"https:\/\/site.educa.madrid.org\/ies.alfonsomoreno.brunete\/index.php\/wp-json\/wp\/v2\/users\/5"}],"replies":[{"embeddable":true,"href":"https:\/\/site.educa.madrid.org\/ies.alfonsomoreno.brunete\/index.php\/wp-json\/wp\/v2\/comments?post=124"}],"version-history":[{"count":18,"href":"https:\/\/site.educa.madrid.org\/ies.alfonsomoreno.brunete\/index.php\/wp-json\/wp\/v2\/pages\/124\/revisions"}],"predecessor-version":[{"id":2136,"href":"https:\/\/site.educa.madrid.org\/ies.alfonsomoreno.brunete\/index.php\/wp-json\/wp\/v2\/pages\/124\/revisions\/2136"}],"up":[{"embeddable":true,"href":"https:\/\/site.educa.madrid.org\/ies.alfonsomoreno.brunete\/index.php\/wp-json\/wp\/v2\/pages\/120"}],"wp:attachment":[{"href":"https:\/\/site.educa.madrid.org\/ies.alfonsomoreno.brunete\/index.php\/wp-json\/wp\/v2\/media?parent=124"}],"wp:term":[{"taxonomy":"folder","embeddable":true,"href":"https:\/\/site.educa.madrid.org\/ies.alfonsomoreno.brunete\/index.php\/wp-json\/wp\/v2\/folder?post=124"}],"curies":[{"name":"wp","href":"https:\/\/api.w.org\/{rel}","templated":true}]}}