{"id":1248,"date":"2023-04-21T21:38:53","date_gmt":"2023-04-21T19:38:53","guid":{"rendered":"https:\/\/site.educa.madrid.org\/ies.alfonsomoreno.brunete\/?page_id=1248"},"modified":"2026-05-01T11:39:06","modified_gmt":"2026-05-01T09:39:06","slug":"concurso-de-adjudicacion-de-la-cafeteria-del-ies-alfonso-moreno","status":"publish","type":"page","link":"https:\/\/site.educa.madrid.org\/ies.alfonsomoreno.brunete\/index.php\/concurso-de-adjudicacion-de-la-cafeteria-del-ies-alfonso-moreno\/","title":{"rendered":"Concurso de adjudicaci\u00f3n de la cafeter\u00eda del IES Alfonso Moreno"},"content":{"rendered":"\n<div class=\"wp-block-media-text alignwide is-stacked-on-mobile\" style=\"grid-template-columns:28% auto\"><figure class=\"wp-block-media-text__media\"><img loading=\"lazy\" decoding=\"async\" width=\"1024\" height=\"683\" src=\"https:\/\/site.educa.madrid.org\/ies.alfonsomoreno.brunete\/\/wp-content\/uploads\/ies.alfonsomoreno.brunete\/2023\/04\/coffee-2506316_1280-1024x683.jpg\" alt=\"\" class=\"wp-image-1245 size-full\" srcset=\"https:\/\/site.educa.madrid.org\/ies.alfonsomoreno.brunete\/\/wp-content\/uploads\/ies.alfonsomoreno.brunete\/2023\/04\/coffee-2506316_1280-1024x683.jpg 1024w, https:\/\/site.educa.madrid.org\/ies.alfonsomoreno.brunete\/\/wp-content\/uploads\/ies.alfonsomoreno.brunete\/2023\/04\/coffee-2506316_1280-300x200.jpg 300w, https:\/\/site.educa.madrid.org\/ies.alfonsomoreno.brunete\/\/wp-content\/uploads\/ies.alfonsomoreno.brunete\/2023\/04\/coffee-2506316_1280-768x512.jpg 768w, https:\/\/site.educa.madrid.org\/ies.alfonsomoreno.brunete\/\/wp-content\/uploads\/ies.alfonsomoreno.brunete\/2023\/04\/coffee-2506316_1280-391x260.jpg 391w, https:\/\/site.educa.madrid.org\/ies.alfonsomoreno.brunete\/\/wp-content\/uploads\/ies.alfonsomoreno.brunete\/2023\/04\/coffee-2506316_1280-272x182.jpg 272w, https:\/\/site.educa.madrid.org\/ies.alfonsomoreno.brunete\/\/wp-content\/uploads\/ies.alfonsomoreno.brunete\/2023\/04\/coffee-2506316_1280.jpg 1280w\" sizes=\"auto, (max-width: 1024px) 100vw, 1024px\" \/><\/figure><div class=\"wp-block-media-text__content\">\n<p><\/p>\n<\/div><\/div>\n\n\n\n<p><strong>RENOVACI\u00d3N DE LA CONCESI\u00d3N DEL SERVICIO DE CAFETER\u00cdA<\/strong><\/p>\n\n\n\n<p><br>El IES Alfonso Moreno de Brunete comienza el proceso para la concesi\u00f3n del servicio de cafeter\u00eda. Los interesados en participar en dicho proceso pueden enviar al correo electr\u00f3nico del centro (ies.alfonsomoreno.brunete@educa.madrid.org) la documentaci\u00f3n requerida:<\/p>\n\n\n\n<ul class=\"wp-block-list\">\n<li>Condiciones prestaci\u00f3n del servicio de cafeter\u00eda, que incluyen:<br>o ANEXO I (Condiciones t\u00e9cnicas y particulares)<br>o ANEXO II (Modelo de proposici\u00f3n econ\u00f3mica)<\/li>\n<\/ul>\n\n\n\n<ul class=\"wp-block-list\">\n<li>Declaraci\u00f3n responsable de que cumple con los requisitos establecidos en la Ley 9\/2017, de 8 de noviembre de Contratos del Sector P\u00fablico.<\/li>\n\n\n\n<li>Documentaci\u00f3n que acredita oficialmente la identidad del oferente y la representaci\u00f3n con que act\u00fae, incluyendo documento nacional de identidad, no caducado, del empresario individual.<\/li>\n\n\n\n<li>Declaraci\u00f3n por la que el oferente se obligue al cumplimiento de todas las disposiciones vigentes sobre Legislaci\u00f3n Social, Estatutos de los Trabajadores y dem\u00e1s normas sobre la materia.<\/li>\n\n\n\n<li>Relaci\u00f3n de servicios realizados durante los \u00faltimos cinco a\u00f1os para Servicios, Organismos o Entidades del Estado o particulares.<\/li>\n\n\n\n<li><strong>El plazo para la presentaci\u00f3n de toda la documentaci\u00f3n ser\u00e1 desde el d\u00eda 11\/05\/2026 hasta el d\u00eda 25\/05\/2026.<\/strong><\/li>\n<\/ul>\n\n\n\n<div data-wp-interactive=\"core\/file\" class=\"wp-block-file\"><object data-wp-bind--hidden=\"!state.hasPdfPreview\" hidden class=\"wp-block-file__embed\" data=\"https:\/\/site.educa.madrid.org\/ies.alfonsomoreno.brunete\/\/wp-content\/uploads\/ies.alfonsomoreno.brunete\/2026\/05\/Condiciones-de-la-prestacion-del-servicio-de-cafeteria-2026.pdf\" type=\"application\/pdf\" style=\"width:100%;height:600px\" aria-label=\"Incrustado de Condiciones de la prestaci\u00f3n del servicio de cafeter\u00eda 2026.\"><\/object><a id=\"wp-block-file--media-ba94f6e7-b61c-4436-bf8d-bef8a495e2bf\" href=\"https:\/\/site.educa.madrid.org\/ies.alfonsomoreno.brunete\/\/wp-content\/uploads\/ies.alfonsomoreno.brunete\/2026\/05\/Condiciones-de-la-prestacion-del-servicio-de-cafeteria-2026.pdf\">Condiciones de la prestaci\u00f3n del servicio de cafeter\u00eda 2026<\/a><a href=\"https:\/\/site.educa.madrid.org\/ies.alfonsomoreno.brunete\/\/wp-content\/uploads\/ies.alfonsomoreno.brunete\/2026\/05\/Condiciones-de-la-prestacion-del-servicio-de-cafeteria-2026.pdf\" class=\"wp-block-file__button wp-element-button\" download aria-describedby=\"wp-block-file--media-ba94f6e7-b61c-4436-bf8d-bef8a495e2bf\">Descarga<\/a><\/div>\n\n\n\n<p><\/p>\n","protected":false},"excerpt":{"rendered":"<p>RENOVACI\u00d3N DE LA CONCESI\u00d3N DEL SERVICIO DE CAFETER\u00cdA El IES Alfonso Moreno de Brunete comienza el proceso para la concesi\u00f3n del servicio de cafeter\u00eda. Los interesados en participar en dicho proceso pueden enviar al correo electr\u00f3nico del centro (ies.alfonsomoreno.brunete@educa.madrid.org) la documentaci\u00f3n requerida:<\/p>\n","protected":false},"author":8,"featured_media":0,"parent":0,"menu_order":0,"comment_status":"closed","ping_status":"closed","template":"","meta":{"footnotes":""},"folder":[],"class_list":["post-1248","page","type-page","status-publish","hentry"],"rttpg_featured_image_url":null,"rttpg_author":{"display_name":"Sara Fern\u00e1ndez Caballero","author_link":"https:\/\/site.educa.madrid.org\/ies.alfonsomoreno.brunete\/index.php\/author\/sara_fernndez-caballero\/"},"rttpg_comment":0,"rttpg_category":false,"rttpg_excerpt":"RENOVACI\u00d3N DE LA CONCESI\u00d3N DEL SERVICIO DE CAFETER\u00cdA El IES Alfonso Moreno de Brunete comienza el proceso para la concesi\u00f3n del servicio de cafeter\u00eda. Los interesados en participar en dicho proceso pueden enviar al correo electr\u00f3nico del centro (ies.alfonsomoreno.brunete@educa.madrid.org) la documentaci\u00f3n requerida:","post_mailing_queue_ids":[],"_links":{"self":[{"href":"https:\/\/site.educa.madrid.org\/ies.alfonsomoreno.brunete\/index.php\/wp-json\/wp\/v2\/pages\/1248","targetHints":{"allow":["GET"]}}],"collection":[{"href":"https:\/\/site.educa.madrid.org\/ies.alfonsomoreno.brunete\/index.php\/wp-json\/wp\/v2\/pages"}],"about":[{"href":"https:\/\/site.educa.madrid.org\/ies.alfonsomoreno.brunete\/index.php\/wp-json\/wp\/v2\/types\/page"}],"author":[{"embeddable":true,"href":"https:\/\/site.educa.madrid.org\/ies.alfonsomoreno.brunete\/index.php\/wp-json\/wp\/v2\/users\/8"}],"replies":[{"embeddable":true,"href":"https:\/\/site.educa.madrid.org\/ies.alfonsomoreno.brunete\/index.php\/wp-json\/wp\/v2\/comments?post=1248"}],"version-history":[{"count":5,"href":"https:\/\/site.educa.madrid.org\/ies.alfonsomoreno.brunete\/index.php\/wp-json\/wp\/v2\/pages\/1248\/revisions"}],"predecessor-version":[{"id":2739,"href":"https:\/\/site.educa.madrid.org\/ies.alfonsomoreno.brunete\/index.php\/wp-json\/wp\/v2\/pages\/1248\/revisions\/2739"}],"wp:attachment":[{"href":"https:\/\/site.educa.madrid.org\/ies.alfonsomoreno.brunete\/index.php\/wp-json\/wp\/v2\/media?parent=1248"}],"wp:term":[{"taxonomy":"folder","embeddable":true,"href":"https:\/\/site.educa.madrid.org\/ies.alfonsomoreno.brunete\/index.php\/wp-json\/wp\/v2\/folder?post=1248"}],"curies":[{"name":"wp","href":"https:\/\/api.w.org\/{rel}","templated":true}]}}