{"id":125,"date":"2022-06-06T09:28:10","date_gmt":"2022-06-06T07:28:10","guid":{"rendered":"https:\/\/site.educa.madrid.org\/ies.alfonsomoreno.brunete\/?page_id=125"},"modified":"2026-03-12T12:02:52","modified_gmt":"2026-03-12T11:02:52","slug":"ensenanzas","status":"publish","type":"page","link":"https:\/\/site.educa.madrid.org\/ies.alfonsomoreno.brunete\/index.php\/ensenanzas\/","title":{"rendered":"Ense\u00f1anzas"},"content":{"rendered":"\n<p><a href=\"https:\/\/site.educa.madrid.org\/ies.alfonsomoreno.brunete\/index.php\/ensenanzas\/educacion-secundaria-obligatoria\/\" data-type=\"link\" data-id=\"https:\/\/site.educa.madrid.org\/ies.alfonsomoreno.brunete\/index.php\/ensenanzas\/educacion-secundaria-obligatoria\/\">Educacion Secubdaria Obligatoria<\/a><\/p>\n\n\n\n<p class=\"justificar\">En el IES Alfonso Moreno puedes cursar:<\/p>\n\n\n\n<ul class=\"wp-block-list\">\n<li><strong>ESO<\/strong> por tres v\u00edas (Secci\u00f3n Biling\u00fce Ingles, Secci\u00f3n Ling\u00fc\u00edstica de Franc\u00e9s y Programa Biling\u00fce). <a href=\"https:\/\/site.educa.madrid.org\/ies.alfonsomoreno.brunete\/index.php\/ensenanzas\/educacion-secundaria-obligatoria\/\">Organizaci\u00f3n acad\u00e9mica de ESO.<\/a><\/li>\n\n\n\n<li><strong>Bachillerato<\/strong> (Modalidades: Cient\u00edfico-Tecnol\u00f3gica o Humanidades y Ciencias Sociales). Presencial. Diurno. <a href=\"https:\/\/site.educa.madrid.org\/ies.alfonsomoreno.brunete\/index.php\/ensenanzas\/bachillerato\/\">Organizaci\u00f3n acad\u00e9mica Bachillerato.<\/a><\/li>\n\n\n\n<li><strong>Formaci\u00f3n Profesional de Grado Medio<\/strong> (Gesti\u00f3n Administrativa). Presencial. Diurno. <a href=\"https:\/\/site.educa.madrid.org\/ies.alfonsomoreno.brunete\/index.php\/grado-medio\/\">Organizaci\u00f3n acad\u00e9mica CFGM Gesti\u00f3n Administrativa.<\/a><\/li>\n<\/ul>\n\n\n\n<p><a href=\"https:\/\/view.genial.ly\/5ed0ef43785906120efeb9fb\/interactive-image-imagen-interactiva\">+info Programa y Secci\u00f3n inglesa<\/a><\/p>\n\n\n\n<div data-wp-interactive=\"core\/file\" class=\"wp-block-file\"><object data-wp-bind--hidden=\"!state.hasPdfPreview\" hidden class=\"wp-block-file__embed\" data=\"https:\/\/site.educa.madrid.org\/ies.alfonsomoreno.brunete\/\/wp-content\/uploads\/ies.alfonsomoreno.brunete\/2026\/03\/SBI-Expoeduca-familias.pdf\" type=\"application\/pdf\" style=\"width:100%;height:600px\" aria-label=\"Incrustado de SBI Expoeduca familias.\"><\/object><a id=\"wp-block-file--media-92653776-af51-49cf-9a3f-b6e205b74403\" href=\"https:\/\/site.educa.madrid.org\/ies.alfonsomoreno.brunete\/\/wp-content\/uploads\/ies.alfonsomoreno.brunete\/2026\/03\/SBI-Expoeduca-familias.pdf\">SBI Expoeduca familias<\/a><a href=\"https:\/\/site.educa.madrid.org\/ies.alfonsomoreno.brunete\/\/wp-content\/uploads\/ies.alfonsomoreno.brunete\/2026\/03\/SBI-Expoeduca-familias.pdf\" class=\"wp-block-file__button wp-element-button\" download aria-describedby=\"wp-block-file--media-92653776-af51-49cf-9a3f-b6e205b74403\">Descarga<\/a><\/div>\n\n\n<p><a href=\"https:\/\/mediateca.educa.madrid.org\/video\/kbswd3tguums8lg2?jwsource=cl\" target=\"_blank\" rel=\"noreferrer noopener\">+info Secci\u00f3n Francesa<\/a><\/p>\n<p><iframe loading=\"lazy\" style=\"border: 0; overflow: hidden;\" src=\"https:\/\/mediateca.educa.madrid.org\/video\/kbswd3tguums8lg2\/fs\" width=\"420\" height=\"315\" frameborder=\"0\" scrolling=\"no\" allowfullscreen=\"allowfullscreen\"><\/iframe><\/p>\n\n\n<div data-wp-interactive=\"core\/file\" class=\"wp-block-file\"><object data-wp-bind--hidden=\"!state.hasPdfPreview\" hidden class=\"wp-block-file__embed\" data=\"https:\/\/site.educa.madrid.org\/ies.alfonsomoreno.brunete\/\/wp-content\/uploads\/ies.alfonsomoreno.brunete\/2026\/03\/PRESENTATION-SLF-2026.pdf\" type=\"application\/pdf\" style=\"width:100%;height:600px\" aria-label=\"Incrustado de PRESENTATION SLF 2026.\"><\/object><a id=\"wp-block-file--media-73bdb0bb-d181-4763-95d0-f7182619a4be\" href=\"https:\/\/site.educa.madrid.org\/ies.alfonsomoreno.brunete\/\/wp-content\/uploads\/ies.alfonsomoreno.brunete\/2026\/03\/PRESENTATION-SLF-2026.pdf\">PRESENTATION SLF 2026<\/a><a href=\"https:\/\/site.educa.madrid.org\/ies.alfonsomoreno.brunete\/\/wp-content\/uploads\/ies.alfonsomoreno.brunete\/2026\/03\/PRESENTATION-SLF-2026.pdf\" class=\"wp-block-file__button wp-element-button\" download aria-describedby=\"wp-block-file--media-73bdb0bb-d181-4763-95d0-f7182619a4be\">Descarga<\/a><\/div>\n\n\n\n<h2 class=\"wp-block-heading\"><strong>Educaci\u00f3n Secundaria Obligatoria<\/strong> <\/h2>\n\n\n\n<p>La Educaci\u00f3n Secundaria Obligatoria forma parte de la ense\u00f1anza b\u00e1sica y, por tanto, tiene car\u00e1cter obligatorio y gratuito. Comprende dos ciclos, el primero de tres cursos escolares y el segundo de uno.<\/p>\n\n\n\n<p>La finalidad de la Educaci\u00f3n Secundaria Obligatoria consiste en lograr que los alumnos adquieran los <strong>elementos b\u00e1sicos de la cultura<\/strong>, especialmente en sus aspectos human\u00edstico, art\u00edstico, cient\u00edfico y tecnol\u00f3gico; <strong>desarrollar y consolidar en ellos h\u00e1bitos de estudio y de trabajo<\/strong>; prepararles para su <strong>incorporaci\u00f3n a estudios posteriores<\/strong> y para su <strong>inserci\u00f3n laboral <\/strong>y formarles para el ejercicio de sus <strong>derechos y obligaciones<\/strong> en la vida como ciudadanos.<\/p>\n\n\n\n<h2 class=\"wp-block-heading\"><strong>Bachillerato<\/strong><\/h2>\n\n\n\n<p>Comprende dos cursos, se desarrolla en <strong>modalidades diferentes<\/strong>, se organiza de modo flexible y, en su caso, en distintas v\u00edas, a fin de que pueda ofrecer una <strong>preparaci\u00f3n especializada<\/strong> a los alumnos y alumnas acorde con sus perspectivas e intereses de formaci\u00f3n o permita la <strong>incorporaci\u00f3n a la vida activa <\/strong>una vez finalizado el mismo.<\/p>\n\n\n\n<p>El Bachillerato tiene como <strong>finalidad<\/strong> proporcionar formaci\u00f3n, madurez intelectual y humana, conocimientos, habilidades y actitudes que permitan desarrollar funciones sociales e incorporarse a la vida activa con responsabilidad y competencia.<\/p>\n\n\n\n<p>Asimismo, esta etapa permite la <strong>adquisici\u00f3n y logro de las competencias i<\/strong>ndispensables para el futuro formativo y profesional y capacitar para el acceso a la educaci\u00f3n superior.<\/p>\n\n\n\n<h2 class=\"wp-block-heading\">Formaci\u00f3n Profesional de Grado Medio<\/h2>\n\n\n\n<p>La Formaci\u00f3n Profesional es un&nbsp;itinerario formativo&nbsp;en el que se capacita para trabajar en una&nbsp;actividad profesional&nbsp;de forma cualificada y que, en la mayor\u00eda de las ocasiones, incluye una fase de formaci\u00f3n en empresa u organismo equiparado en un entorno de trabajo real.<\/p>\n\n\n\n<p>Desde el curso 24-25 contamos con el Ciclo Formativo de Grado Medio de Gesti\u00f3n Administrativa.<\/p>\n\n\n\n<h2 class=\"wp-block-heading\">Orientaci\u00f3n acad\u00e9mica y profesional Comunidad de Madrid <\/h2>\n\n\n\n<p>Pincha en la imagen para acceder a la gu\u00eda para familias de la Comunidad de Madrid<\/p>\n\n\n\n<figure class=\"wp-block-image size-full is-resized\"><a href=\"https:\/\/dgbilinguismoycalidad.educa.madrid.org\/guiaparafamilias\/index.php\" target=\"_blank\" rel=\" noreferrer noopener\"><img loading=\"lazy\" decoding=\"async\" width=\"805\" height=\"492\" src=\"https:\/\/site.educa.madrid.org\/ies.alfonsomoreno.brunete\/\/wp-content\/uploads\/ies.alfonsomoreno.brunete\/2026\/01\/image.png\" alt=\"\" class=\"wp-image-2572\" style=\"width:435px;height:auto\" srcset=\"https:\/\/site.educa.madrid.org\/ies.alfonsomoreno.brunete\/\/wp-content\/uploads\/ies.alfonsomoreno.brunete\/2026\/01\/image.png 805w, https:\/\/site.educa.madrid.org\/ies.alfonsomoreno.brunete\/\/wp-content\/uploads\/ies.alfonsomoreno.brunete\/2026\/01\/image-300x183.png 300w, https:\/\/site.educa.madrid.org\/ies.alfonsomoreno.brunete\/\/wp-content\/uploads\/ies.alfonsomoreno.brunete\/2026\/01\/image-768x469.png 768w\" sizes=\"auto, (max-width: 805px) 100vw, 805px\" \/><\/a><\/figure>\n\n\n\n<div class=\"wp-block-group is-layout-flow wp-block-group-is-layout-flow\">\n<div class=\"wp-block-columns is-layout-flex wp-container-core-columns-is-layout-28f84493 wp-block-columns-is-layout-flex\">\n<div class=\"wp-block-column is-layout-flow wp-block-column-is-layout-flow\" style=\"flex-basis:100%\">\t\t\t<!-- Flexy Breadcrumb -->\n\t\t\t<div class=\"fbc fbc-page\">\n\n\t\t\t\t<!-- Breadcrumb wrapper -->\n\t\t\t\t<div class=\"fbc-wrap\">\n\n\t\t\t\t\t<!-- Ordered list-->\n\t\t\t\t\t<ol class=\"fbc-items\" itemscope itemtype=\"https:\/\/schema.org\/BreadcrumbList\">\n\t\t\t\t\t\t            <li itemprop=\"itemListElement\" itemscope itemtype=\"https:\/\/schema.org\/ListItem\">\n                <span itemprop=\"name\">\n                    <!-- Home Link -->\n                    <a itemprop=\"item\" href=\"https:\/\/site.educa.madrid.org\/ies.alfonsomoreno.brunete\">\n                    \n                                                    <i class=\"fa fa-home\" aria-hidden=\"true\"><\/i>Inicio                    <\/a>\n                <\/span>\n                <meta itemprop=\"position\" content=\"1\" \/><!-- Meta Position-->\n             <\/li><li><span class=\"fbc-separator\">\/<\/span><\/li><li class=\"active\" itemprop=\"itemListElement\" itemscope itemtype=\"https:\/\/schema.org\/ListItem\"><span itemprop=\"name\" title=\"Tabl\u00f3n de anuncios\">Tabl\u00f3n de anuncios<\/span><meta itemprop=\"position\" content=\"2\" \/><\/li>\t\t\t\t\t<\/ol>\n\t\t\t\t\t<div class=\"clearfix\"><\/div>\n\t\t\t\t<\/div>\n\t\t\t<\/div>\n\t\t\t\n<\/div>\n<\/div>\n<\/div>\n","protected":false},"excerpt":{"rendered":"<p>Educacion Secubdaria Obligatoria En el IES Alfonso Moreno puedes cursar: +info Programa y Secci\u00f3n inglesa +info Secci\u00f3n Francesa Educaci\u00f3n Secundaria Obligatoria La Educaci\u00f3n Secundaria Obligatoria forma parte de la ense\u00f1anza b\u00e1sica y, por tanto, tiene car\u00e1cter obligatorio y gratuito. Comprende dos ciclos, el primero de tres cursos escolares y el segundo de uno. La finalidad [&hellip;]<\/p>\n","protected":false},"author":5,"featured_media":0,"parent":0,"menu_order":0,"comment_status":"closed","ping_status":"closed","template":"","meta":{"footnotes":""},"folder":[],"class_list":["post-125","page","type-page","status-publish","hentry"],"rttpg_featured_image_url":null,"rttpg_author":{"display_name":"Cuenta Admin-educamadrid","author_link":"https:\/\/site.educa.madrid.org\/ies.alfonsomoreno.brunete\/index.php\/author\/cuenta_admin-educamadrid\/"},"rttpg_comment":0,"rttpg_category":false,"rttpg_excerpt":"Educacion Secubdaria Obligatoria En el IES Alfonso Moreno puedes cursar: +info Programa y Secci\u00f3n inglesa +info Secci\u00f3n Francesa Educaci\u00f3n Secundaria Obligatoria La Educaci\u00f3n Secundaria Obligatoria forma parte de la ense\u00f1anza b\u00e1sica y, por tanto, tiene car\u00e1cter obligatorio y gratuito. Comprende dos ciclos, el primero de tres cursos escolares y el segundo de uno. La finalidad&hellip;","post_mailing_queue_ids":[],"_links":{"self":[{"href":"https:\/\/site.educa.madrid.org\/ies.alfonsomoreno.brunete\/index.php\/wp-json\/wp\/v2\/pages\/125","targetHints":{"allow":["GET"]}}],"collection":[{"href":"https:\/\/site.educa.madrid.org\/ies.alfonsomoreno.brunete\/index.php\/wp-json\/wp\/v2\/pages"}],"about":[{"href":"https:\/\/site.educa.madrid.org\/ies.alfonsomoreno.brunete\/index.php\/wp-json\/wp\/v2\/types\/page"}],"author":[{"embeddable":true,"href":"https:\/\/site.educa.madrid.org\/ies.alfonsomoreno.brunete\/index.php\/wp-json\/wp\/v2\/users\/5"}],"replies":[{"embeddable":true,"href":"https:\/\/site.educa.madrid.org\/ies.alfonsomoreno.brunete\/index.php\/wp-json\/wp\/v2\/comments?post=125"}],"version-history":[{"count":23,"href":"https:\/\/site.educa.madrid.org\/ies.alfonsomoreno.brunete\/index.php\/wp-json\/wp\/v2\/pages\/125\/revisions"}],"predecessor-version":[{"id":2683,"href":"https:\/\/site.educa.madrid.org\/ies.alfonsomoreno.brunete\/index.php\/wp-json\/wp\/v2\/pages\/125\/revisions\/2683"}],"wp:attachment":[{"href":"https:\/\/site.educa.madrid.org\/ies.alfonsomoreno.brunete\/index.php\/wp-json\/wp\/v2\/media?parent=125"}],"wp:term":[{"taxonomy":"folder","embeddable":true,"href":"https:\/\/site.educa.madrid.org\/ies.alfonsomoreno.brunete\/index.php\/wp-json\/wp\/v2\/folder?post=125"}],"curies":[{"name":"wp","href":"https:\/\/api.w.org\/{rel}","templated":true}]}}