{"id":128,"date":"2022-06-06T09:28:10","date_gmt":"2022-06-06T07:28:10","guid":{"rendered":"https:\/\/site.educa.madrid.org\/ies.alfonsomoreno.brunete\/?page_id=128"},"modified":"2023-02-12T12:19:06","modified_gmt":"2023-02-12T11:19:06","slug":"actividades","status":"publish","type":"page","link":"https:\/\/site.educa.madrid.org\/ies.alfonsomoreno.brunete\/index.php\/servicios-y-actividades\/actividades\/","title":{"rendered":"Actividades"},"content":{"rendered":"\n<p><\/p>\n\n\n\n<h2 class=\"wp-block-heading\">Relaciones del centro con la comunidad educativa y otras instituciones<\/h2>\n\n\n\n<p class=\"has-text-align-left\">Desde hace a\u00f1os, tratamos que el buen ambiente de trabajo y el buen trato al<br>alumnado y a las familias y entre todos los miembros de la comunidad educativa<br>sean nuestros pilares. Impartimos el curr\u00edculo integrando diversas actividades<br>complementarias que potencian el aprendizaje, salidas nacionales e internacionales,<br>y organizamos actividades y exposiciones como muestra del trabajo realizado.<\/p>\n\n\n\n<p>Entre nuestros proyectos y viajes actuales (este curso muchos retom\u00e1ndose tras<br>la pandemia) destacan:<\/p>\n\n\n\n<ul class=\"wp-block-list\"><li>Intercambio Picasso-Mob &#8211; alumnado secci\u00f3n de franc\u00e9s- con dos centros de Lyon.<\/li><li>Intercambio con Inglaterra -alumnado de secci\u00f3n de Ingl\u00e9s- (en pausa tras la pandemia)<\/li><li>Viaje cultural a Par\u00eds -alumnado de secci\u00f3n de franc\u00e9s-<\/li><li>Viaje de esqu\u00ed<\/li><li>Viaje final de etapa 4\u00baESO. Actividades deportivas en la naturaleza con monitores en ingl\u00e9s.<\/li><li>Participaci\u00f3n en Global Classrooms -alumnado de secci\u00f3n de ingl\u00e9s 3\u00baESO<\/li><li>Rutas en la naturaleza: convivencia, orientaci\u00f3n, matem\u00e1ticas del entorno con autocares financiados por el ayuntamiento.<\/li><li>Semana contra la violencia de g\u00e9nero (camisetas, ponencias, actividades de tutor\u00eda, coreograf\u00edas, m\u00fasica, colaboraci\u00f3n con el ayuntamiento y servicios sociales)<\/li><li>D\u00eda de la amistad<\/li><li>D\u00eda de la mujer 8M<\/li><li>Puertas abiertas: talleres, exposiciones, conciertos, teatro, experimentos\u2026 para familias y alumnos de 6\u00baEP de los colegios del municipio.<\/li><li>Teatro de conciencia (colaboraci\u00f3n con ayuntamiento). Igualdad y relaciones personales<\/li><li>Participaci\u00f3n en el programa 4\u00ba+Empresa<\/li><\/ul>\n\n\n\n<h2 class=\"wp-block-heading\"><\/h2>\n","protected":false},"excerpt":{"rendered":"<p>Relaciones del centro con la comunidad educativa y otras instituciones Desde hace a\u00f1os, tratamos que el buen ambiente de trabajo y el buen trato alalumnado y a las familias y entre todos los miembros de la comunidad educativasean nuestros pilares. Impartimos el curr\u00edculo integrando diversas actividadescomplementarias que potencian el aprendizaje, salidas nacionales e internacionales,y organizamos [&hellip;]<\/p>\n","protected":false},"author":5,"featured_media":0,"parent":126,"menu_order":2,"comment_status":"closed","ping_status":"closed","template":"","meta":{"footnotes":""},"folder":[],"class_list":["post-128","page","type-page","status-publish","hentry"],"rttpg_featured_image_url":null,"rttpg_author":{"display_name":"Cuenta Admin-educamadrid","author_link":"https:\/\/site.educa.madrid.org\/ies.alfonsomoreno.brunete\/index.php\/author\/cuenta_admin-educamadrid\/"},"rttpg_comment":0,"rttpg_category":false,"rttpg_excerpt":"Relaciones del centro con la comunidad educativa y otras instituciones Desde hace a\u00f1os, tratamos que el buen ambiente de trabajo y el buen trato alalumnado y a las familias y entre todos los miembros de la comunidad educativasean nuestros pilares. Impartimos el curr\u00edculo integrando diversas actividadescomplementarias que potencian el aprendizaje, salidas nacionales e internacionales,y organizamos&hellip;","post_mailing_queue_ids":[],"_links":{"self":[{"href":"https:\/\/site.educa.madrid.org\/ies.alfonsomoreno.brunete\/index.php\/wp-json\/wp\/v2\/pages\/128","targetHints":{"allow":["GET"]}}],"collection":[{"href":"https:\/\/site.educa.madrid.org\/ies.alfonsomoreno.brunete\/index.php\/wp-json\/wp\/v2\/pages"}],"about":[{"href":"https:\/\/site.educa.madrid.org\/ies.alfonsomoreno.brunete\/index.php\/wp-json\/wp\/v2\/types\/page"}],"author":[{"embeddable":true,"href":"https:\/\/site.educa.madrid.org\/ies.alfonsomoreno.brunete\/index.php\/wp-json\/wp\/v2\/users\/5"}],"replies":[{"embeddable":true,"href":"https:\/\/site.educa.madrid.org\/ies.alfonsomoreno.brunete\/index.php\/wp-json\/wp\/v2\/comments?post=128"}],"version-history":[{"count":8,"href":"https:\/\/site.educa.madrid.org\/ies.alfonsomoreno.brunete\/index.php\/wp-json\/wp\/v2\/pages\/128\/revisions"}],"predecessor-version":[{"id":907,"href":"https:\/\/site.educa.madrid.org\/ies.alfonsomoreno.brunete\/index.php\/wp-json\/wp\/v2\/pages\/128\/revisions\/907"}],"up":[{"embeddable":true,"href":"https:\/\/site.educa.madrid.org\/ies.alfonsomoreno.brunete\/index.php\/wp-json\/wp\/v2\/pages\/126"}],"wp:attachment":[{"href":"https:\/\/site.educa.madrid.org\/ies.alfonsomoreno.brunete\/index.php\/wp-json\/wp\/v2\/media?parent=128"}],"wp:term":[{"taxonomy":"folder","embeddable":true,"href":"https:\/\/site.educa.madrid.org\/ies.alfonsomoreno.brunete\/index.php\/wp-json\/wp\/v2\/folder?post=128"}],"curies":[{"name":"wp","href":"https:\/\/api.w.org\/{rel}","templated":true}]}}